{"id":2132,"date":"2023-02-10T17:41:17","date_gmt":"2023-02-10T09:41:17","guid":{"rendered":"http:\/\/qingdaohf.com\/?post_type=product&#038;p=2132"},"modified":"2025-11-13T09:06:19","modified_gmt":"2025-11-13T01:06:19","slug":"formwork-tie-rod","status":"publish","type":"product","link":"https:\/\/qingdaohf.com\/pt\/produto\/tirante-de-forma\/","title":{"rendered":"Barra de liga\u00e7\u00e3o para f\u00f4rmas de concreto"},"content":{"rendered":"<div class=\"ast-oembed-container\" style=\"height: 100%;\"><iframe title=\"Porca de amarra\u00e7\u00e3o e haste de amarra\u00e7\u00e3o para f\u00f4rmas de concreto\" width=\"500\" height=\"281\" src=\"https:\/\/www.youtube.com\/embed\/RQCaJFwWa88?feature=oembed\" frameborder=\"0\" allow=\"accelerometer; autoplay; clipboard-write; encrypted-media; gyroscope; picture-in-picture; web-share\" referrerpolicy=\"strict-origin-when-cross-origin\" allowfullscreen><\/iframe><\/div>\n<h2 class=\"font-600 text-2xl font-bold\">O papel essencial das hastes de amarra\u00e7\u00e3o de f\u00f4rmas<\/h2>\n<p class=\"whitespace-pre-wrap break-words\">Pense nos sistemas de tirantes como os her\u00f3is desconhecidos da constru\u00e7\u00e3o de concreto. Esses componentes robustos mant\u00eam os pain\u00e9is da f\u00f4rma travados no lugar enquanto o concreto \u00e9 derramado e cura. Sem eles, voc\u00ea teria dificuldades para manter a forma precisa e a resist\u00eancia de que sua estrutura precisa.<\/p>\n<p class=\"whitespace-pre-wrap break-words\">O que torna essas hastes especiais? Elas s\u00e3o constru\u00eddas de forma robusta, geralmente em a\u00e7o de alta qualidade, para suportar as intensas press\u00f5es da constru\u00e7\u00e3o. Voc\u00ea apreciar\u00e1 especialmente sua for\u00e7a ao trabalhar em grandes projetos de infraestrutura ou em projetos arquitet\u00f4nicos complexos em que n\u00e3o h\u00e1 espa\u00e7o para erros.<\/p>\n<p><img fetchpriority=\"high\" decoding=\"async\" class=\"alignnone size-full wp-image-2990\" src=\"http:\/\/qingdaohf.com\/wp-content\/uploads\/2023\/02\/Tie-Nut.jpg\" alt=\"Porca de amarra\u00e7\u00e3o\" width=\"1204\" height=\"1008\" srcset=\"https:\/\/qingdaohf.com\/wp-content\/uploads\/2023\/02\/Tie-Nut.jpg 1204w, https:\/\/qingdaohf.com\/wp-content\/uploads\/2023\/02\/Tie-Nut-300x251.jpg 300w, https:\/\/qingdaohf.com\/wp-content\/uploads\/2023\/02\/Tie-Nut-1024x857.jpg 1024w, https:\/\/qingdaohf.com\/wp-content\/uploads\/2023\/02\/Tie-Nut-768x643.jpg 768w, https:\/\/qingdaohf.com\/wp-content\/uploads\/2023\/02\/Tie-Nut-1000x837.jpg 1000w\" sizes=\"(max-width: 1204px) 100vw, 1204px\" \/><\/p>\n<h2 class=\"font-600 text-2xl font-bold\">Integrando o sistema de tirantes com batentes de \u00e1gua e porcas de asa<\/h2>\n<p class=\"whitespace-pre-wrap break-words\">Os tirantes n\u00e3o funcionam sozinhos. Elas se unem a batentes de \u00e1gua e porcas borboleta para criar uma solu\u00e7\u00e3o de f\u00f4rma completa que \u00e9 maior do que a soma de suas partes.<\/p>\n<p class=\"whitespace-pre-wrap break-words\">Os batentes de \u00e1gua se encaixam estrategicamente ao longo dos tirantes para impedir que a \u00e1gua passe pelas juntas ou buracos no concreto. Isso \u00e9 mais importante em estruturas como muros de conten\u00e7\u00e3o e por\u00f5es, onde a infiltra\u00e7\u00e3o de \u00e1gua pode causar problemas no futuro.<\/p>\n<p class=\"whitespace-pre-wrap break-words\">As porcas de orelhas completam o sistema, prendendo os tirantes aos pain\u00e9is de f\u00f4rma. Elas foram projetadas para facilitar o manuseio - voc\u00ea pode fazer ajustes precisos durante a montagem e remov\u00ea-las rapidamente quando o concreto endurecer.<\/p>\n<h2 class=\"font-600 text-2xl font-bold\">Principais vantagens dos sistemas de tirantes para f\u00f4rmas<\/h2>\n<p class=\"whitespace-pre-wrap break-words\">Al\u00e9m de apenas manter as coisas unidas, os sistemas de tirantes garantem que a estrutura acabada corresponda exatamente \u00e0s especifica\u00e7\u00f5es. Essa precis\u00e3o compensa reduzindo os defeitos e diminuindo os reparos dispendiosos ap\u00f3s a constru\u00e7\u00e3o.<\/p>\n<p class=\"whitespace-pre-wrap break-words\">Quando voc\u00ea adiciona batentes de \u00e1gua \u00e0 mistura, voc\u00ea n\u00e3o est\u00e1 apenas construindo - voc\u00ea est\u00e1 protegendo. Esses componentes impedem que a \u00e1gua atinja e corroa os refor\u00e7os internos, fazendo com que sua estrutura dure mais e tenha melhor desempenho ao longo do tempo.<\/p>\n<p class=\"whitespace-pre-wrap break-words\">Na Qingdao H&amp;F, n\u00f3s nos esfor\u00e7amos muito para criar sistemas de tirantes que ofere\u00e7am esses benef\u00edcios. Cada produto passa por testes rigorosos para garantir que atender\u00e1 \u00e0s demandas de seu projeto.<\/p>\n<h2 class=\"font-600 text-2xl font-bold\">Por que escolher a Qingdao H&amp;F para sistemas de tirantes<\/h2>\n<p class=\"whitespace-pre-wrap break-words\">Procurando um fornecedor de tirantes em quem voc\u00ea possa confiar? N\u00f3s da Qingdao H&amp;F nos orgulhamos de ir al\u00e9m. Nosso servi\u00e7o individual significa que voc\u00ea recebe aten\u00e7\u00e3o personalizada, quer esteja trabalhando em um projeto pequeno ou em um grande desenvolvimento.<\/p>\n<p class=\"whitespace-pre-wrap break-words\">Sabemos que a constru\u00e7\u00e3o n\u00e3o espera por ningu\u00e9m. \u00c9 por isso que criamos um sistema de entrega eficiente para que seus tirantes, batentes de \u00e1gua e porcas de orelhas cheguem at\u00e9 voc\u00ea rapidamente, ajudando-o a cumprir o cronograma.<\/p>\n<p class=\"whitespace-pre-wrap break-words\">A qualidade n\u00e3o \u00e9 apenas uma palavra da moda aqui - ela est\u00e1 incorporada em tudo o que fazemos. Cada produto passa por testes minuciosos e vem com relat\u00f3rios de inspe\u00e7\u00e3o detalhados. Isso lhe d\u00e1 a confian\u00e7a de que nossas solu\u00e7\u00f5es funcionar\u00e3o quando for mais importante.<\/p>\n<p class=\"whitespace-pre-wrap break-words\">Al\u00e9m de excelentes produtos, oferecemos suporte com o qual voc\u00ea pode contar. Nossa equipe trabalha para entender suas necessidades e oferecer solu\u00e7\u00f5es adequadas. Essa abordagem nos tornou um parceiro de refer\u00eancia para construtores em todo o mundo.<\/p>\n<h2 class=\"font-600 text-2xl font-bold\">Aprimorando a efici\u00eancia da constru\u00e7\u00e3o com sistemas de tirantes<\/h2>\n<p class=\"whitespace-pre-wrap break-words\">A beleza de um sistema de tirantes bem projetado \u00e9 como ele enfrenta v\u00e1rios desafios ao mesmo tempo. Ele mant\u00e9m a f\u00f4rma alinhada e evita problemas com \u00e1gua, agilizando todo o processo de constru\u00e7\u00e3o.<\/p>\n<p class=\"whitespace-pre-wrap break-words\">Escolher o sistema certo faz uma diferen\u00e7a real no sucesso de seu projeto. Fa\u00e7a uma parceria com a Qingdao H&amp;F e voc\u00ea ter\u00e1 mais do que apenas produtos de alto desempenho - voc\u00ea ter\u00e1 o apoio de uma equipe que conhece o assunto e se preocupa com o seu sucesso.<\/p>\n<h2 class=\"font-600 text-2xl font-bold\">Conclus\u00e3o<\/h2>\n<p class=\"whitespace-pre-wrap break-words\">Os tirantes s\u00e3o fundamentais para a constru\u00e7\u00e3o moderna, fornecendo a precis\u00e3o e a resist\u00eancia necess\u00e1rias para estruturas de concreto s\u00f3lidas. Trabalhando em conjunto com batentes de \u00e1gua e porcas borboleta, eles criam uma solu\u00e7\u00e3o completa para a montagem de f\u00f4rmas. Ao escolher a Qingdao H&amp;F, voc\u00ea estar\u00e1 escolhendo produtos e servi\u00e7os que ajudar\u00e3o a tornar seu projeto bem-sucedido.<\/p>\n<p class=\"whitespace-pre-wrap break-words\">Com mais de duas d\u00e9cadas no com\u00e9rcio exterior, constru\u00edmos nossa reputa\u00e7\u00e3o com base no fornecimento de sistemas de tirantes de qualidade. Quer voc\u00ea esteja lutando contra problemas de \u00e1gua ou buscando um alinhamento perfeito, temos solu\u00e7\u00f5es que funcionam. Veja o que torna a Qingdao H&amp;F diferente - vamos conversar sobre seu pr\u00f3ximo projeto.<\/p>\n<p>&nbsp;<\/p>","protected":false},"excerpt":{"rendered":"<p data-pm-slice=\"1 1 []\">Os tirantes para f\u00f4rmas s\u00e3o indispens\u00e1veis na constru\u00e7\u00e3o, garantindo a estabilidade estrutural e o alinhamento durante o lan\u00e7amento do concreto. Os compradores frequentemente buscam sistemas de tirantes dur\u00e1veis que se integrem perfeitamente com batentes de \u00e1gua e porcas borboleta, oferecendo o m\u00e1ximo de efici\u00eancia e confiabilidade. Na Qingdao H&amp;F, atendemos a essas necessidades com suporte individualizado ao cliente, entrega r\u00e1pida e relat\u00f3rios detalhados de inspe\u00e7\u00e3o de qualidade, garantindo a confian\u00e7a em cada compra.<\/p>","protected":false},"featured_media":8607,"comment_status":"open","ping_status":"closed","template":"","meta":{"site-sidebar-layout":"default","site-content-layout":"default","ast-site-content-layout":"default","site-content-style":"default","site-sidebar-style":"default","ast-global-header-display":"","ast-banner-title-visibility":"","ast-main-header-display":"","ast-hfb-above-header-display":"","ast-hfb-below-header-display":"","ast-hfb-mobile-header-display":"","site-post-title":"","ast-breadcrumbs-content":"","ast-featured-img":"","footer-sml-layout":"","theme-transparent-header-meta":"default","adv-header-id-meta":"","stick-header-meta":"default","header-above-stick-meta":"","header-main-stick-meta":"","header-below-stick-meta":"","astra-migrate-meta-layouts":"set","ast-page-background-enabled":"default","ast-page-background-meta":{"desktop":{"background-color":"","background-image":"","background-repeat":"repeat","background-position":"center center","background-size":"auto","background-attachment":"scroll","background-type":"","background-media":"","overlay-type":"","overlay-color":"","overlay-opacity":"","overlay-gradient":""},"tablet":{"background-color":"","background-image":"","background-repeat":"repeat","background-position":"center center","background-size":"auto","background-attachment":"scroll","background-type":"","background-media":"","overlay-type":"","overlay-color":"","overlay-opacity":"","overlay-gradient":""},"mobile":{"background-color":"","background-image":"","background-repeat":"repeat","background-position":"center center","background-size":"auto","background-attachment":"scroll","background-type":"","background-media":"","overlay-type":"","overlay-color":"","overlay-opacity":"","overlay-gradient":""}},"ast-content-background-meta":{"desktop":{"background-color":"var(--ast-global-color-5)","background-image":"","background-repeat":"repeat","background-position":"center center","background-size":"auto","background-attachment":"scroll","background-type":"","background-media":"","overlay-type":"","overlay-color":"","overlay-opacity":"","overlay-gradient":""},"tablet":{"background-color":"var(--ast-global-color-5)","background-image":"","background-repeat":"repeat","background-position":"center center","background-size":"auto","background-attachment":"scroll","background-type":"","background-media":"","overlay-type":"","overlay-color":"","overlay-opacity":"","overlay-gradient":""},"mobile":{"background-color":"var(--ast-global-color-5)","background-image":"","background-repeat":"repeat","background-position":"center center","background-size":"auto","background-attachment":"scroll","background-type":"","background-media":"","overlay-type":"","overlay-color":"","overlay-opacity":"","overlay-gradient":""}}},"product_brand":[],"product_cat":[79],"product_tag":[],"class_list":{"0":"post-2132","1":"product","2":"type-product","3":"status-publish","4":"has-post-thumbnail","6":"product_cat-tie-rod-system","7":"desktop-align-left","8":"tablet-align-left","9":"mobile-align-left","10":"ast-product-gallery-layout-horizontal-slider","11":"ast-product-tabs-layout-horizontal","13":"first","14":"instock","15":"shipping-taxable","16":"purchasable","17":"product-type-simple"},"yoast_head":"<!-- This site is optimized with the Yoast SEO plugin v25.2 - https:\/\/yoast.com\/wordpress\/plugins\/seo\/ -->\n<title>Concrete Formwork Tie Rod<\/title>\n<meta name=\"description\" content=\"Tie rod is reinforced straight steel rebar of large diameter with high strength and high dimensional accuracy external thread .\" \/>\n<meta name=\"robots\" content=\"index, follow, max-snippet:-1, max-image-preview:large, max-video-preview:-1\" \/>\n<link rel=\"canonical\" href=\"https:\/\/qingdaohf.com\/pt\/produto\/tirante-de-forma\/\" \/>\n<meta property=\"og:locale\" content=\"pt_BR\" \/>\n<meta property=\"og:type\" content=\"article\" \/>\n<meta property=\"og:title\" content=\"Concrete Formwork Tie Rod\" \/>\n<meta property=\"og:description\" content=\"Tie rod is reinforced straight steel rebar of large diameter with high strength and high dimensional accuracy external thread .\" \/>\n<meta property=\"og:url\" content=\"https:\/\/qingdaohf.com\/pt\/produto\/tirante-de-forma\/\" \/>\n<meta property=\"og:site_name\" content=\"Concrete Form &amp; Rigging Hardware Supplier\" \/>\n<meta property=\"article:publisher\" content=\"https:\/\/www.facebook.com\/qingdaohf\" \/>\n<meta property=\"article:modified_time\" content=\"2025-11-13T01:06:19+00:00\" \/>\n<meta property=\"og:image\" content=\"https:\/\/qingdaohf.com\/wp-content\/uploads\/2023\/02\/tie-rod-system.webp\" \/>\n\t<meta property=\"og:image:width\" content=\"1000\" \/>\n\t<meta property=\"og:image:height\" content=\"1000\" \/>\n\t<meta property=\"og:image:type\" content=\"image\/webp\" \/>\n<meta name=\"twitter:card\" content=\"summary_large_image\" \/>\n<meta name=\"twitter:label1\" content=\"Est. tempo de leitura\" \/>\n\t<meta name=\"twitter:data1\" content=\"4 minutos\" \/>\n<script type=\"application\/ld+json\" class=\"yoast-schema-graph\">{\"@context\":\"https:\/\/schema.org\",\"@graph\":[{\"@type\":\"WebPage\",\"@id\":\"https:\/\/qingdaohf.com\/product\/formwork-tie-rod\/\",\"url\":\"https:\/\/qingdaohf.com\/product\/formwork-tie-rod\/\",\"name\":\"Concrete Formwork Tie Rod\",\"isPartOf\":{\"@id\":\"https:\/\/qingdaohf.com\/bg\/#website\"},\"primaryImageOfPage\":{\"@id\":\"https:\/\/qingdaohf.com\/product\/formwork-tie-rod\/#primaryimage\"},\"image\":{\"@id\":\"https:\/\/qingdaohf.com\/product\/formwork-tie-rod\/#primaryimage\"},\"thumbnailUrl\":\"https:\/\/qingdaohf.com\/wp-content\/uploads\/2023\/02\/tie-rod-system.webp\",\"datePublished\":\"2023-02-10T09:41:17+00:00\",\"dateModified\":\"2025-11-13T01:06:19+00:00\",\"description\":\"Tie rod is reinforced straight steel rebar of large diameter with high strength and high dimensional accuracy external thread .\",\"breadcrumb\":{\"@id\":\"https:\/\/qingdaohf.com\/product\/formwork-tie-rod\/#breadcrumb\"},\"inLanguage\":\"pt-BR\",\"potentialAction\":[{\"@type\":\"ReadAction\",\"target\":[\"https:\/\/qingdaohf.com\/product\/formwork-tie-rod\/\"]}]},{\"@type\":\"ImageObject\",\"inLanguage\":\"pt-BR\",\"@id\":\"https:\/\/qingdaohf.com\/product\/formwork-tie-rod\/#primaryimage\",\"url\":\"https:\/\/qingdaohf.com\/wp-content\/uploads\/2023\/02\/tie-rod-system.webp\",\"contentUrl\":\"https:\/\/qingdaohf.com\/wp-content\/uploads\/2023\/02\/tie-rod-system.webp\",\"width\":1000,\"height\":1000,\"caption\":\"tie rod system\"},{\"@type\":\"BreadcrumbList\",\"@id\":\"https:\/\/qingdaohf.com\/product\/formwork-tie-rod\/#breadcrumb\",\"itemListElement\":[{\"@type\":\"ListItem\",\"position\":1,\"name\":\"Home\",\"item\":\"https:\/\/qingdaohf.com\/\"},{\"@type\":\"ListItem\",\"position\":2,\"name\":\"Concrete Forming Accessories and Rigging Hardware\",\"item\":\"https:\/\/qingdaohf.com\/bg\/?page_id=944\"},{\"@type\":\"ListItem\",\"position\":3,\"name\":\"Concrete Formwork Tie Rod\"}]},{\"@type\":\"WebSite\",\"@id\":\"https:\/\/qingdaohf.com\/bg\/#website\",\"url\":\"https:\/\/qingdaohf.com\/bg\/\",\"name\":\"Concrete Form & Rigging Hardware Supplier\",\"description\":\"\",\"publisher\":{\"@id\":\"https:\/\/qingdaohf.com\/bg\/#organization\"},\"potentialAction\":[{\"@type\":\"SearchAction\",\"target\":{\"@type\":\"EntryPoint\",\"urlTemplate\":\"https:\/\/qingdaohf.com\/bg\/?s={search_term_string}\"},\"query-input\":{\"@type\":\"PropertyValueSpecification\",\"valueRequired\":true,\"valueName\":\"search_term_string\"}}],\"inLanguage\":\"pt-BR\"},{\"@type\":\"Organization\",\"@id\":\"https:\/\/qingdaohf.com\/bg\/#organization\",\"name\":\"Qingdao H&F\",\"url\":\"https:\/\/qingdaohf.com\/bg\/\",\"logo\":{\"@type\":\"ImageObject\",\"inLanguage\":\"pt-BR\",\"@id\":\"https:\/\/qingdaohf.com\/bg\/#\/schema\/logo\/image\/\",\"url\":\"https:\/\/qingdaohf.com\/wp-content\/uploads\/2022\/12\/cropped-HF-LOGO.png\",\"contentUrl\":\"https:\/\/qingdaohf.com\/wp-content\/uploads\/2022\/12\/cropped-HF-LOGO.png\",\"width\":391,\"height\":249,\"caption\":\"Qingdao H&F\"},\"image\":{\"@id\":\"https:\/\/qingdaohf.com\/bg\/#\/schema\/logo\/image\/\"},\"sameAs\":[\"https:\/\/www.facebook.com\/qingdaohf\"]}]}<\/script>\n<!-- \/ Yoast SEO plugin. -->","yoast_head_json":{"title":"Concrete Formwork Tie Rod","description":"Tie rod is reinforced straight steel rebar of large diameter with high strength and high dimensional accuracy external thread .","robots":{"index":"index","follow":"follow","max-snippet":"max-snippet:-1","max-image-preview":"max-image-preview:large","max-video-preview":"max-video-preview:-1"},"canonical":"https:\/\/qingdaohf.com\/pt\/produto\/tirante-de-forma\/","og_locale":"pt_BR","og_type":"article","og_title":"Concrete Formwork Tie Rod","og_description":"Tie rod is reinforced straight steel rebar of large diameter with high strength and high dimensional accuracy external thread .","og_url":"https:\/\/qingdaohf.com\/pt\/produto\/tirante-de-forma\/","og_site_name":"Concrete Form &amp; Rigging Hardware Supplier","article_publisher":"https:\/\/www.facebook.com\/qingdaohf","article_modified_time":"2025-11-13T01:06:19+00:00","og_image":[{"width":1000,"height":1000,"url":"https:\/\/qingdaohf.com\/wp-content\/uploads\/2023\/02\/tie-rod-system.webp","type":"image\/webp"}],"twitter_card":"summary_large_image","twitter_misc":{"Est. tempo de leitura":"4 minutos"},"schema":{"@context":"https:\/\/schema.org","@graph":[{"@type":"WebPage","@id":"https:\/\/qingdaohf.com\/product\/formwork-tie-rod\/","url":"https:\/\/qingdaohf.com\/product\/formwork-tie-rod\/","name":"Concrete Formwork Tie Rod","isPartOf":{"@id":"https:\/\/qingdaohf.com\/bg\/#website"},"primaryImageOfPage":{"@id":"https:\/\/qingdaohf.com\/product\/formwork-tie-rod\/#primaryimage"},"image":{"@id":"https:\/\/qingdaohf.com\/product\/formwork-tie-rod\/#primaryimage"},"thumbnailUrl":"https:\/\/qingdaohf.com\/wp-content\/uploads\/2023\/02\/tie-rod-system.webp","datePublished":"2023-02-10T09:41:17+00:00","dateModified":"2025-11-13T01:06:19+00:00","description":"Tie rod is reinforced straight steel rebar of large diameter with high strength and high dimensional accuracy external thread .","breadcrumb":{"@id":"https:\/\/qingdaohf.com\/product\/formwork-tie-rod\/#breadcrumb"},"inLanguage":"pt-BR","potentialAction":[{"@type":"ReadAction","target":["https:\/\/qingdaohf.com\/product\/formwork-tie-rod\/"]}]},{"@type":"ImageObject","inLanguage":"pt-BR","@id":"https:\/\/qingdaohf.com\/product\/formwork-tie-rod\/#primaryimage","url":"https:\/\/qingdaohf.com\/wp-content\/uploads\/2023\/02\/tie-rod-system.webp","contentUrl":"https:\/\/qingdaohf.com\/wp-content\/uploads\/2023\/02\/tie-rod-system.webp","width":1000,"height":1000,"caption":"tie rod system"},{"@type":"BreadcrumbList","@id":"https:\/\/qingdaohf.com\/product\/formwork-tie-rod\/#breadcrumb","itemListElement":[{"@type":"ListItem","position":1,"name":"Home","item":"https:\/\/qingdaohf.com\/"},{"@type":"ListItem","position":2,"name":"Concrete Forming Accessories and Rigging Hardware","item":"https:\/\/qingdaohf.com\/bg\/?page_id=944"},{"@type":"ListItem","position":3,"name":"Concrete Formwork Tie Rod"}]},{"@type":"WebSite","@id":"https:\/\/qingdaohf.com\/bg\/#website","url":"https:\/\/qingdaohf.com\/bg\/","name":"Concrete Form & Rigging Hardware Supplier","description":"","publisher":{"@id":"https:\/\/qingdaohf.com\/bg\/#organization"},"potentialAction":[{"@type":"SearchAction","target":{"@type":"EntryPoint","urlTemplate":"https:\/\/qingdaohf.com\/bg\/?s={search_term_string}"},"query-input":{"@type":"PropertyValueSpecification","valueRequired":true,"valueName":"search_term_string"}}],"inLanguage":"pt-BR"},{"@type":"Organization","@id":"https:\/\/qingdaohf.com\/bg\/#organization","name":"Qingdao H&F","url":"https:\/\/qingdaohf.com\/bg\/","logo":{"@type":"ImageObject","inLanguage":"pt-BR","@id":"https:\/\/qingdaohf.com\/bg\/#\/schema\/logo\/image\/","url":"https:\/\/qingdaohf.com\/wp-content\/uploads\/2022\/12\/cropped-HF-LOGO.png","contentUrl":"https:\/\/qingdaohf.com\/wp-content\/uploads\/2022\/12\/cropped-HF-LOGO.png","width":391,"height":249,"caption":"Qingdao H&F"},"image":{"@id":"https:\/\/qingdaohf.com\/bg\/#\/schema\/logo\/image\/"},"sameAs":["https:\/\/www.facebook.com\/qingdaohf"]}]}},"_links":{"self":[{"href":"https:\/\/qingdaohf.com\/pt\/wp-json\/wp\/v2\/product\/2132","targetHints":{"allow":["GET"]}}],"collection":[{"href":"https:\/\/qingdaohf.com\/pt\/wp-json\/wp\/v2\/product"}],"about":[{"href":"https:\/\/qingdaohf.com\/pt\/wp-json\/wp\/v2\/types\/product"}],"replies":[{"embeddable":true,"href":"https:\/\/qingdaohf.com\/pt\/wp-json\/wp\/v2\/comments?post=2132"}],"version-history":[{"count":4,"href":"https:\/\/qingdaohf.com\/pt\/wp-json\/wp\/v2\/product\/2132\/revisions"}],"predecessor-version":[{"id":3498,"href":"https:\/\/qingdaohf.com\/pt\/wp-json\/wp\/v2\/product\/2132\/revisions\/3498"}],"wp:featuredmedia":[{"embeddable":true,"href":"https:\/\/qingdaohf.com\/pt\/wp-json\/wp\/v2\/media\/8607"}],"wp:attachment":[{"href":"https:\/\/qingdaohf.com\/pt\/wp-json\/wp\/v2\/media?parent=2132"}],"wp:term":[{"taxonomy":"product_brand","embeddable":true,"href":"https:\/\/qingdaohf.com\/pt\/wp-json\/wp\/v2\/product_brand?post=2132"},{"taxonomy":"product_cat","embeddable":true,"href":"https:\/\/qingdaohf.com\/pt\/wp-json\/wp\/v2\/product_cat?post=2132"},{"taxonomy":"product_tag","embeddable":true,"href":"https:\/\/qingdaohf.com\/pt\/wp-json\/wp\/v2\/product_tag?post=2132"}],"curies":[{"name":"wp","href":"https:\/\/api.w.org\/{rel}","templated":true}]}}