{"id":2197,"date":"2023-02-14T18:02:59","date_gmt":"2023-02-14T10:02:59","guid":{"rendered":"http:\/\/qingdaohf.com\/?post_type=product&#038;p=2197"},"modified":"2025-11-13T09:06:18","modified_gmt":"2025-11-13T01:06:18","slug":"folding-grapnel-anchor","status":"publish","type":"product","link":"https:\/\/qingdaohf.com\/pt\/produto\/ancora-de-fateixa\/","title":{"rendered":"\u00c2ncora dobr\u00e1vel em forma de fateixa"},"content":{"rendered":"<p class=\"\" data-start=\"399\" data-end=\"810\">\u00c0 primeira vista, a Folding Grapnel Anchor se distingue por seu mecanismo de articula\u00e7\u00e3o, que permite que os quatro pinos se dobrem perfeitamente contra a haste. Essa inova\u00e7\u00e3o reduz o espa\u00e7o de armazenamento e simplifica o manuseio em locais de trabalho congestionados. Ao contr\u00e1rio de uma \u00e2ncora Grapnel convencional, que permanece r\u00edgida o tempo todo, a variante dobr\u00e1vel acomoda espa\u00e7os apertados e ajuda na r\u00e1pida implanta\u00e7\u00e3o.<\/p>\n<h2 class=\"\" data-start=\"812\" data-end=\"880\">Principais diferen\u00e7as entre as \u00e2ncoras de fateixa dobr\u00e1veis e as tradicionais<\/h2>\n<p class=\"\" data-start=\"881\" data-end=\"1374\">Uma \u00e2ncora Grapnel convencional apresenta bra\u00e7os fixos que exigem amplo espa\u00e7o livre para transporte e uso. Por outro lado, a \u00e2ncora Grapnel dobr\u00e1vel utiliza uma junta de dobradi\u00e7a projetada com precis\u00e3o, constru\u00edda com liga de a\u00e7o endurecido, garantindo que cada bra\u00e7o trave com seguran\u00e7a sob carga. Essa junta \u00e9 submetida a rigorosos testes de fadiga para verificar se a abertura e o fechamento repetitivos n\u00e3o induzem ao enfraquecimento do material. Esse exame din\u00e2mico supera os testes de resist\u00eancia est\u00e1tica geralmente aplicados a \u00e2ncoras fixas.<\/p>\n<h2 class=\"\" data-start=\"1376\" data-end=\"1415\">Qualidade dos materiais e da constru\u00e7\u00e3o<\/h2>\n<p class=\"\" data-start=\"1416\" data-end=\"1997\">Os dois tipos de \u00e2ncora s\u00e3o forjados em a\u00e7o carbono de alta resist\u00eancia e, em seguida, submetidos a um processo de tratamento t\u00e9rmico de v\u00e1rios est\u00e1gios que resulta em uma classifica\u00e7\u00e3o de dureza Brinell de 260 a 300 HB. Ap\u00f3s a forja, os componentes recebem um revestimento de camada dupla de ep\u00f3xi-zinco que excede 1.000 horas em uma avalia\u00e7\u00e3o de n\u00e9voa salina neutra. Esse n\u00edvel de resist\u00eancia \u00e0 corros\u00e3o \u00e9 vital para a constru\u00e7\u00e3o costeira ou para tarefas de montagem mar\u00edtima. Al\u00e9m disso, cada unidade \u00e9 inspecionada quanto \u00e0 precis\u00e3o dimensional por meio de calibradores de varredura a laser, uma pr\u00e1tica normalmente reservada para componentes aeroespaciais em vez de acess\u00f3rios de forma comuns.<\/p>\n<h2 class=\"\" data-start=\"1999\" data-end=\"2041\">Aplicativos e an\u00e1lise de desempenho<\/h2>\n<p class=\"\" data-start=\"2042\" data-end=\"2639\">Em f\u00f4rmas de concreto, as \u00e2ncoras de garra servem para fixar anteparos e revestimentos contra a press\u00e3o hidrost\u00e1tica da lama rec\u00e9m-derramada. Os testes de campo demonstram que os modelos dobr\u00e1veis oferecem resist\u00eancia compar\u00e1vel ao arrancamento - excedendo 12 kN em m\u00e9dia - em rela\u00e7\u00e3o aos modelos n\u00e3o dobr\u00e1veis, reduzindo o volume de transporte em 40%. Durante um estudo de caso em um canteiro de obras de m\u00e9dio porte, as equipes relataram uma redu\u00e7\u00e3o de 20% no tempo de prepara\u00e7\u00e3o, atribuindo os ganhos \u00e0 compacta\u00e7\u00e3o da \u00e2ncora e \u00e0 sua amarra\u00e7\u00e3o mais simples. Essa efici\u00eancia operacional se traduz diretamente em custos de m\u00e3o de obra mais baixos e cronogramas de projeto mais apertados.<\/p>\n<h2 class=\"\" data-start=\"2641\" data-end=\"2684\">Integra\u00e7\u00e3o com o sistema de amarra\u00e7\u00e3o X-Flat<\/h2>\n<p class=\"\" data-start=\"2685\" data-end=\"3229\">O X-Flat Tie complementa nossa linha de \u00e2ncoras oferecendo um membro de tens\u00e3o de barra plana de baixo perfil, projetado para f\u00f4rmas de um e dois lados. Sua superf\u00edcie de ader\u00eancia serrilhada se acopla \u00e0s hastes da \u00e2ncora por meio de uma forquilha de travamento r\u00e1pido, permitindo ajustes finos de espa\u00e7amento sem reposicionar a \u00e2ncora principal. Dispon\u00edveis em variantes de a\u00e7o doce e inoxid\u00e1vel, os X-Flat Ties atendem a diversos projetos, desde n\u00facleos de arranha-c\u00e9us at\u00e9 instala\u00e7\u00f5es em p\u00e1tios de pr\u00e9-moldados, garantindo que cada conjunto mantenha uma distribui\u00e7\u00e3o uniforme da carga e uma deflex\u00e3o m\u00ednima sob press\u00e3o.<\/p>\n<h2 class=\"\" data-start=\"3231\" data-end=\"3272\">Garantia de qualidade e certifica\u00e7\u00f5es<\/h2>\n<p class=\"\" data-start=\"3273\" data-end=\"3751\">Todas as \u00e2ncoras de grampo dobr\u00e1vel e as abra\u00e7adeiras X-Flat s\u00e3o submetidas a amostragem de lote que inclui testes de tra\u00e7\u00e3o, flex\u00e3o e impacto, em alinhamento com os padr\u00f5es de inspe\u00e7\u00e3o EN 10204. Os certificados de conformidade acompanham as remessas, confirmando a conformidade com os protocolos de gerenciamento de qualidade ISO 9001:2015. Al\u00e9m desses padr\u00f5es de refer\u00eancia, um laborat\u00f3rio independente realiza avalia\u00e7\u00f5es aleat\u00f3rias de pulveriza\u00e7\u00e3o de sal e dureza, garantindo que a integridade do material e os acabamentos de prote\u00e7\u00e3o atendam ou excedam as normas do setor.<\/p>\n<h2 class=\"\" data-start=\"3753\" data-end=\"3782\">Por que colaborar com a H&amp;F<\/h2>\n<p class=\"\" data-start=\"3783\" data-end=\"4428\">Os clientes escolhem a H&amp;F n\u00e3o apenas pela variedade de nossos produtos, mas pelo ecossistema de servi\u00e7os personalizados que oferecemos. Os parceiros em potencial recebem amostras de cortesia para validar o desempenho em rela\u00e7\u00e3o aos crit\u00e9rios espec\u00edficos do projeto, eliminando as suposi\u00e7\u00f5es antes da aquisi\u00e7\u00e3o em larga escala. Cada conta se beneficia de um contato t\u00e9cnico dedicado dispon\u00edvel 24 horas por dia, oferecendo suporte individual desde a consulta inicial at\u00e9 o acompanhamento p\u00f3s-entrega. Al\u00e9m disso, os servi\u00e7os de log\u00edstica porta a porta reduzem a complexidade do manuseio, especialmente para remessas internacionais, e nosso sistema de rastreamento transparente mant\u00e9m as partes interessadas informadas em cada etapa do tr\u00e2nsito.<\/p>\n<p class=\"\" data-start=\"4430\" data-end=\"4730\">Combinando insights pr\u00e1ticos de design, especifica\u00e7\u00f5es de materiais robustos e um modelo de suporte centrado no cliente, a Folding Grapnel Anchor e sua solu\u00e7\u00e3o associada X-Flat Tie s\u00e3o escolhas confi\u00e1veis para profissionais que buscam efici\u00eancia, resist\u00eancia e confiabilidade em ferragens de cofragem e aparelhamento.<\/p>","protected":false},"excerpt":{"rendered":"<p>A Folding Grapnel Anchor oferece uma solu\u00e7\u00e3o de ancoragem vers\u00e1til com um design compacto e dobr\u00e1vel que aumenta a portabilidade sem comprometer a resist\u00eancia. Juntamente com as tradicionais \u00e2ncoras Grapnel, ela se integra perfeitamente ao sistema X-Flat Tie, proporcionando um desempenho confi\u00e1vel em aplica\u00e7\u00f5es exigentes de f\u00f4rmas e equipamentos.<\/p>","protected":false},"featured_media":9458,"comment_status":"open","ping_status":"closed","template":"","meta":{"site-sidebar-layout":"default","site-content-layout":"default","ast-site-content-layout":"default","site-content-style":"default","site-sidebar-style":"default","ast-global-header-display":"","ast-banner-title-visibility":"","ast-main-header-display":"","ast-hfb-above-header-display":"","ast-hfb-below-header-display":"","ast-hfb-mobile-header-display":"","site-post-title":"","ast-breadcrumbs-content":"","ast-featured-img":"","footer-sml-layout":"","theme-transparent-header-meta":"default","adv-header-id-meta":"","stick-header-meta":"default","header-above-stick-meta":"","header-main-stick-meta":"","header-below-stick-meta":"","astra-migrate-meta-layouts":"set","ast-page-background-enabled":"default","ast-page-background-meta":{"desktop":{"background-color":"","background-image":"","background-repeat":"repeat","background-position":"center center","background-size":"auto","background-attachment":"scroll","background-type":"","background-media":"","overlay-type":"","overlay-color":"","overlay-opacity":"","overlay-gradient":""},"tablet":{"background-color":"","background-image":"","background-repeat":"repeat","background-position":"center center","background-size":"auto","background-attachment":"scroll","background-type":"","background-media":"","overlay-type":"","overlay-color":"","overlay-opacity":"","overlay-gradient":""},"mobile":{"background-color":"","background-image":"","background-repeat":"repeat","background-position":"center center","background-size":"auto","background-attachment":"scroll","background-type":"","background-media":"","overlay-type":"","overlay-color":"","overlay-opacity":"","overlay-gradient":""}},"ast-content-background-meta":{"desktop":{"background-color":"var(--ast-global-color-5)","background-image":"","background-repeat":"repeat","background-position":"center center","background-size":"auto","background-attachment":"scroll","background-type":"","background-media":"","overlay-type":"","overlay-color":"","overlay-opacity":"","overlay-gradient":""},"tablet":{"background-color":"var(--ast-global-color-5)","background-image":"","background-repeat":"repeat","background-position":"center center","background-size":"auto","background-attachment":"scroll","background-type":"","background-media":"","overlay-type":"","overlay-color":"","overlay-opacity":"","overlay-gradient":""},"mobile":{"background-color":"var(--ast-global-color-5)","background-image":"","background-repeat":"repeat","background-position":"center center","background-size":"auto","background-attachment":"scroll","background-type":"","background-media":"","overlay-type":"","overlay-color":"","overlay-opacity":"","overlay-gradient":""}}},"product_brand":[],"product_cat":[74,43],"product_tag":[],"class_list":{"0":"post-2197","1":"product","2":"type-product","3":"status-publish","4":"has-post-thumbnail","6":"product_cat-boat-anchor","7":"product_cat-rigging-hardware","8":"desktop-align-left","9":"tablet-align-left","10":"mobile-align-left","11":"ast-product-gallery-layout-horizontal-slider","12":"ast-product-tabs-layout-horizontal","14":"first","15":"instock","16":"shipping-taxable","17":"purchasable","18":"product-type-simple"},"yoast_head":"<!-- This site is optimized with the Yoast SEO plugin v25.2 - https:\/\/yoast.com\/wordpress\/plugins\/seo\/ -->\n<title>Folding Grapnel Anchor<\/title>\n<meta name=\"description\" content=\"The Grapnel Anchor is a mechanical device commonly used in maritime and climbing activities for securing and stabilizing objects.\" \/>\n<meta name=\"robots\" content=\"index, follow, max-snippet:-1, max-image-preview:large, max-video-preview:-1\" \/>\n<link rel=\"canonical\" href=\"https:\/\/qingdaohf.com\/pt\/produto\/ancora-de-fateixa\/\" \/>\n<meta property=\"og:locale\" content=\"pt_BR\" \/>\n<meta property=\"og:type\" content=\"article\" \/>\n<meta property=\"og:title\" content=\"Folding Grapnel Anchor\" \/>\n<meta property=\"og:description\" content=\"The Grapnel Anchor is a mechanical device commonly used in maritime and climbing activities for securing and stabilizing objects.\" \/>\n<meta property=\"og:url\" content=\"https:\/\/qingdaohf.com\/pt\/produto\/ancora-de-fateixa\/\" \/>\n<meta property=\"og:site_name\" content=\"Concrete Form &amp; Rigging Hardware Supplier\" \/>\n<meta property=\"article:publisher\" content=\"https:\/\/www.facebook.com\/qingdaohf\" \/>\n<meta property=\"article:modified_time\" content=\"2025-11-13T01:06:18+00:00\" \/>\n<meta property=\"og:image\" content=\"https:\/\/qingdaohf.com\/wp-content\/uploads\/2023\/02\/Grapnel-Anchor-1.jpg\" \/>\n\t<meta property=\"og:image:width\" content=\"1000\" \/>\n\t<meta property=\"og:image:height\" content=\"1000\" \/>\n\t<meta property=\"og:image:type\" content=\"image\/jpeg\" \/>\n<meta name=\"twitter:card\" content=\"summary_large_image\" \/>\n<meta name=\"twitter:label1\" content=\"Est. tempo de leitura\" \/>\n\t<meta name=\"twitter:data1\" content=\"3 minutos\" \/>\n<script type=\"application\/ld+json\" class=\"yoast-schema-graph\">{\"@context\":\"https:\/\/schema.org\",\"@graph\":[{\"@type\":\"WebPage\",\"@id\":\"https:\/\/qingdaohf.com\/product\/folding-grapnel-anchor\/\",\"url\":\"https:\/\/qingdaohf.com\/product\/folding-grapnel-anchor\/\",\"name\":\"Folding Grapnel Anchor\",\"isPartOf\":{\"@id\":\"https:\/\/qingdaohf.com\/bg\/#website\"},\"primaryImageOfPage\":{\"@id\":\"https:\/\/qingdaohf.com\/product\/folding-grapnel-anchor\/#primaryimage\"},\"image\":{\"@id\":\"https:\/\/qingdaohf.com\/product\/folding-grapnel-anchor\/#primaryimage\"},\"thumbnailUrl\":\"https:\/\/qingdaohf.com\/wp-content\/uploads\/2023\/02\/Grapnel-Anchor-1.jpg\",\"datePublished\":\"2023-02-14T10:02:59+00:00\",\"dateModified\":\"2025-11-13T01:06:18+00:00\",\"description\":\"The Grapnel Anchor is a mechanical device commonly used in maritime and climbing activities for securing and stabilizing objects.\",\"breadcrumb\":{\"@id\":\"https:\/\/qingdaohf.com\/product\/folding-grapnel-anchor\/#breadcrumb\"},\"inLanguage\":\"pt-BR\",\"potentialAction\":[{\"@type\":\"ReadAction\",\"target\":[\"https:\/\/qingdaohf.com\/product\/folding-grapnel-anchor\/\"]}]},{\"@type\":\"ImageObject\",\"inLanguage\":\"pt-BR\",\"@id\":\"https:\/\/qingdaohf.com\/product\/folding-grapnel-anchor\/#primaryimage\",\"url\":\"https:\/\/qingdaohf.com\/wp-content\/uploads\/2023\/02\/Grapnel-Anchor-1.jpg\",\"contentUrl\":\"https:\/\/qingdaohf.com\/wp-content\/uploads\/2023\/02\/Grapnel-Anchor-1.jpg\",\"width\":1000,\"height\":1000,\"caption\":\"Grapnel Anchor\"},{\"@type\":\"BreadcrumbList\",\"@id\":\"https:\/\/qingdaohf.com\/product\/folding-grapnel-anchor\/#breadcrumb\",\"itemListElement\":[{\"@type\":\"ListItem\",\"position\":1,\"name\":\"Home\",\"item\":\"https:\/\/qingdaohf.com\/\"},{\"@type\":\"ListItem\",\"position\":2,\"name\":\"Concrete Forming Accessories and Rigging Hardware\",\"item\":\"https:\/\/qingdaohf.com\/bg\/?page_id=944\"},{\"@type\":\"ListItem\",\"position\":3,\"name\":\"Folding Grapnel Anchor\"}]},{\"@type\":\"WebSite\",\"@id\":\"https:\/\/qingdaohf.com\/bg\/#website\",\"url\":\"https:\/\/qingdaohf.com\/bg\/\",\"name\":\"Concrete Form & Rigging Hardware Supplier\",\"description\":\"\",\"publisher\":{\"@id\":\"https:\/\/qingdaohf.com\/bg\/#organization\"},\"potentialAction\":[{\"@type\":\"SearchAction\",\"target\":{\"@type\":\"EntryPoint\",\"urlTemplate\":\"https:\/\/qingdaohf.com\/bg\/?s={search_term_string}\"},\"query-input\":{\"@type\":\"PropertyValueSpecification\",\"valueRequired\":true,\"valueName\":\"search_term_string\"}}],\"inLanguage\":\"pt-BR\"},{\"@type\":\"Organization\",\"@id\":\"https:\/\/qingdaohf.com\/bg\/#organization\",\"name\":\"Qingdao H&F\",\"url\":\"https:\/\/qingdaohf.com\/bg\/\",\"logo\":{\"@type\":\"ImageObject\",\"inLanguage\":\"pt-BR\",\"@id\":\"https:\/\/qingdaohf.com\/bg\/#\/schema\/logo\/image\/\",\"url\":\"https:\/\/qingdaohf.com\/wp-content\/uploads\/2022\/12\/cropped-HF-LOGO.png\",\"contentUrl\":\"https:\/\/qingdaohf.com\/wp-content\/uploads\/2022\/12\/cropped-HF-LOGO.png\",\"width\":391,\"height\":249,\"caption\":\"Qingdao H&F\"},\"image\":{\"@id\":\"https:\/\/qingdaohf.com\/bg\/#\/schema\/logo\/image\/\"},\"sameAs\":[\"https:\/\/www.facebook.com\/qingdaohf\"]}]}<\/script>\n<!-- \/ Yoast SEO plugin. -->","yoast_head_json":{"title":"Folding Grapnel Anchor","description":"The Grapnel Anchor is a mechanical device commonly used in maritime and climbing activities for securing and stabilizing objects.","robots":{"index":"index","follow":"follow","max-snippet":"max-snippet:-1","max-image-preview":"max-image-preview:large","max-video-preview":"max-video-preview:-1"},"canonical":"https:\/\/qingdaohf.com\/pt\/produto\/ancora-de-fateixa\/","og_locale":"pt_BR","og_type":"article","og_title":"Folding Grapnel Anchor","og_description":"The Grapnel Anchor is a mechanical device commonly used in maritime and climbing activities for securing and stabilizing objects.","og_url":"https:\/\/qingdaohf.com\/pt\/produto\/ancora-de-fateixa\/","og_site_name":"Concrete Form &amp; Rigging Hardware Supplier","article_publisher":"https:\/\/www.facebook.com\/qingdaohf","article_modified_time":"2025-11-13T01:06:18+00:00","og_image":[{"width":1000,"height":1000,"url":"https:\/\/qingdaohf.com\/wp-content\/uploads\/2023\/02\/Grapnel-Anchor-1.jpg","type":"image\/jpeg"}],"twitter_card":"summary_large_image","twitter_misc":{"Est. tempo de leitura":"3 minutos"},"schema":{"@context":"https:\/\/schema.org","@graph":[{"@type":"WebPage","@id":"https:\/\/qingdaohf.com\/product\/folding-grapnel-anchor\/","url":"https:\/\/qingdaohf.com\/product\/folding-grapnel-anchor\/","name":"Folding Grapnel Anchor","isPartOf":{"@id":"https:\/\/qingdaohf.com\/bg\/#website"},"primaryImageOfPage":{"@id":"https:\/\/qingdaohf.com\/product\/folding-grapnel-anchor\/#primaryimage"},"image":{"@id":"https:\/\/qingdaohf.com\/product\/folding-grapnel-anchor\/#primaryimage"},"thumbnailUrl":"https:\/\/qingdaohf.com\/wp-content\/uploads\/2023\/02\/Grapnel-Anchor-1.jpg","datePublished":"2023-02-14T10:02:59+00:00","dateModified":"2025-11-13T01:06:18+00:00","description":"The Grapnel Anchor is a mechanical device commonly used in maritime and climbing activities for securing and stabilizing objects.","breadcrumb":{"@id":"https:\/\/qingdaohf.com\/product\/folding-grapnel-anchor\/#breadcrumb"},"inLanguage":"pt-BR","potentialAction":[{"@type":"ReadAction","target":["https:\/\/qingdaohf.com\/product\/folding-grapnel-anchor\/"]}]},{"@type":"ImageObject","inLanguage":"pt-BR","@id":"https:\/\/qingdaohf.com\/product\/folding-grapnel-anchor\/#primaryimage","url":"https:\/\/qingdaohf.com\/wp-content\/uploads\/2023\/02\/Grapnel-Anchor-1.jpg","contentUrl":"https:\/\/qingdaohf.com\/wp-content\/uploads\/2023\/02\/Grapnel-Anchor-1.jpg","width":1000,"height":1000,"caption":"Grapnel Anchor"},{"@type":"BreadcrumbList","@id":"https:\/\/qingdaohf.com\/product\/folding-grapnel-anchor\/#breadcrumb","itemListElement":[{"@type":"ListItem","position":1,"name":"Home","item":"https:\/\/qingdaohf.com\/"},{"@type":"ListItem","position":2,"name":"Concrete Forming Accessories and Rigging Hardware","item":"https:\/\/qingdaohf.com\/bg\/?page_id=944"},{"@type":"ListItem","position":3,"name":"Folding Grapnel Anchor"}]},{"@type":"WebSite","@id":"https:\/\/qingdaohf.com\/bg\/#website","url":"https:\/\/qingdaohf.com\/bg\/","name":"Concrete Form & Rigging Hardware Supplier","description":"","publisher":{"@id":"https:\/\/qingdaohf.com\/bg\/#organization"},"potentialAction":[{"@type":"SearchAction","target":{"@type":"EntryPoint","urlTemplate":"https:\/\/qingdaohf.com\/bg\/?s={search_term_string}"},"query-input":{"@type":"PropertyValueSpecification","valueRequired":true,"valueName":"search_term_string"}}],"inLanguage":"pt-BR"},{"@type":"Organization","@id":"https:\/\/qingdaohf.com\/bg\/#organization","name":"Qingdao H&F","url":"https:\/\/qingdaohf.com\/bg\/","logo":{"@type":"ImageObject","inLanguage":"pt-BR","@id":"https:\/\/qingdaohf.com\/bg\/#\/schema\/logo\/image\/","url":"https:\/\/qingdaohf.com\/wp-content\/uploads\/2022\/12\/cropped-HF-LOGO.png","contentUrl":"https:\/\/qingdaohf.com\/wp-content\/uploads\/2022\/12\/cropped-HF-LOGO.png","width":391,"height":249,"caption":"Qingdao H&F"},"image":{"@id":"https:\/\/qingdaohf.com\/bg\/#\/schema\/logo\/image\/"},"sameAs":["https:\/\/www.facebook.com\/qingdaohf"]}]}},"_links":{"self":[{"href":"https:\/\/qingdaohf.com\/pt\/wp-json\/wp\/v2\/product\/2197","targetHints":{"allow":["GET"]}}],"collection":[{"href":"https:\/\/qingdaohf.com\/pt\/wp-json\/wp\/v2\/product"}],"about":[{"href":"https:\/\/qingdaohf.com\/pt\/wp-json\/wp\/v2\/types\/product"}],"replies":[{"embeddable":true,"href":"https:\/\/qingdaohf.com\/pt\/wp-json\/wp\/v2\/comments?post=2197"}],"version-history":[{"count":2,"href":"https:\/\/qingdaohf.com\/pt\/wp-json\/wp\/v2\/product\/2197\/revisions"}],"predecessor-version":[{"id":9463,"href":"https:\/\/qingdaohf.com\/pt\/wp-json\/wp\/v2\/product\/2197\/revisions\/9463"}],"wp:featuredmedia":[{"embeddable":true,"href":"https:\/\/qingdaohf.com\/pt\/wp-json\/wp\/v2\/media\/9458"}],"wp:attachment":[{"href":"https:\/\/qingdaohf.com\/pt\/wp-json\/wp\/v2\/media?parent=2197"}],"wp:term":[{"taxonomy":"product_brand","embeddable":true,"href":"https:\/\/qingdaohf.com\/pt\/wp-json\/wp\/v2\/product_brand?post=2197"},{"taxonomy":"product_cat","embeddable":true,"href":"https:\/\/qingdaohf.com\/pt\/wp-json\/wp\/v2\/product_cat?post=2197"},{"taxonomy":"product_tag","embeddable":true,"href":"https:\/\/qingdaohf.com\/pt\/wp-json\/wp\/v2\/product_tag?post=2197"}],"curies":[{"name":"wp","href":"https:\/\/api.w.org\/{rel}","templated":true}]}}