{"id":2218,"date":"2023-02-15T11:57:32","date_gmt":"2023-02-15T03:57:32","guid":{"rendered":"http:\/\/qingdaohf.com\/?post_type=product&#038;p=2218"},"modified":"2025-11-13T09:06:17","modified_gmt":"2025-11-13T01:06:17","slug":"tie-nut","status":"publish","type":"product","link":"https:\/\/qingdaohf.com\/pt\/produto\/porca-de-fixacao\/","title":{"rendered":"Porca de fixa\u00e7\u00e3o da f\u00f4rma"},"content":{"rendered":"<div class=\"ast-oembed-container\" style=\"height: 100%;\"><iframe title=\"Porca de amarra\u00e7\u00e3o e haste de amarra\u00e7\u00e3o para f\u00f4rmas de concreto\" width=\"500\" height=\"281\" src=\"https:\/\/www.youtube.com\/embed\/RQCaJFwWa88?feature=oembed\" frameborder=\"0\" allow=\"accelerometer; autoplay; clipboard-write; encrypted-media; gyroscope; picture-in-picture; web-share\" referrerpolicy=\"strict-origin-when-cross-origin\" allowfullscreen><\/iframe><\/div>\n<h4>A espinha dorsal da estabilidade das f\u00f4rmas de concreto<\/h4>\n<p>No exigente mundo da constru\u00e7\u00e3o de concreto, a estabilidade e a precis\u00e3o durante o processo de f\u00f4rma n\u00e3o s\u00e3o negoci\u00e1veis. No centro desse processo est\u00e1 o sistema de tirantes, uma solu\u00e7\u00e3o abrangente que inclui tirantes, porcas de tirantes, batentes de \u00e1gua e porcas borboleta. As porcas de fixa\u00e7\u00e3o desempenham um papel crucial nessa montagem, travando os tirantes com seguran\u00e7a no lugar e garantindo que a f\u00f4rma permane\u00e7a est\u00e1vel sob a imensa press\u00e3o do concreto \u00famido.<\/p>\n<p>Esses componentes aparentemente pequenos s\u00e3o projetados para suportar cargas pesadas, impedindo que a f\u00f4rma se desloque ou se deforme durante os est\u00e1gios de vazamento e cura. Sem porcas de fixa\u00e7\u00e3o confi\u00e1veis, todo o sistema pode falhar, comprometendo a efici\u00eancia do processo de constru\u00e7\u00e3o e a integridade estrutural do produto final.<\/p>\n<h4>O sistema de tirantes: Uma solu\u00e7\u00e3o coesa<\/h4>\n<p><img fetchpriority=\"high\" decoding=\"async\" class=\"alignnone size-full wp-image-2990\" src=\"http:\/\/qingdaohf.com\/wp-content\/uploads\/2023\/02\/Tie-Nut.jpg\" alt=\"Porca de amarra\u00e7\u00e3o\" width=\"1204\" height=\"1008\" srcset=\"https:\/\/qingdaohf.com\/wp-content\/uploads\/2023\/02\/Tie-Nut.jpg 1204w, https:\/\/qingdaohf.com\/wp-content\/uploads\/2023\/02\/Tie-Nut-300x251.jpg 300w, https:\/\/qingdaohf.com\/wp-content\/uploads\/2023\/02\/Tie-Nut-1024x857.jpg 1024w, https:\/\/qingdaohf.com\/wp-content\/uploads\/2023\/02\/Tie-Nut-768x643.jpg 768w, https:\/\/qingdaohf.com\/wp-content\/uploads\/2023\/02\/Tie-Nut-1000x837.jpg 1000w\" sizes=\"(max-width: 1204px) 100vw, 1204px\" \/><\/p>\n<p>O sistema de tirantes funciona como um conjunto unificado projetado para apoiar e estabilizar a f\u00f4rma de concreto.<\/p>\n<ul>\n<li><strong>Barras de amarra\u00e7\u00e3o:<\/strong> O componente central do sistema, os tirantes s\u00e3o barras de a\u00e7o de alta resist\u00eancia que absorvem e distribuem a press\u00e3o exercida pelo concreto rec\u00e9m-derramado. Eles atravessam a f\u00f4rma, proporcionando a rigidez necess\u00e1ria para mant\u00ea-la no lugar.<\/li>\n<li><strong>Paradas de \u00e1gua:<\/strong> Geralmente integrados aos tirantes, os limitadores de \u00e1gua atuam como barreiras cr\u00edticas que impedem a infiltra\u00e7\u00e3o de \u00e1gua pelos orif\u00edcios dos tirantes. Esses elementos aumentam a durabilidade da estrutura, reduzindo o risco de danos causados pela \u00e1gua e garantindo o desempenho a longo prazo.<\/li>\n<li><strong>Porcas de amarra\u00e7\u00e3o:<\/strong> Posicionadas em cada extremidade do tirante, as porcas de fixa\u00e7\u00e3o prendem os tirantes firmemente aos pain\u00e9is da f\u00f4rma. Sua rosca e resist\u00eancia s\u00e3o projetadas para suportar as altas tens\u00f5es encontradas durante a constru\u00e7\u00e3o, mantendo o alinhamento e a estabilidade da f\u00f4rma.<\/li>\n<li><strong>Porcas de asa:<\/strong> Uma adi\u00e7\u00e3o pr\u00e1tica ao sistema, as porcas borboleta permitem ajustes r\u00e1pidos e sem ferramentas. Elas s\u00e3o especialmente \u00fateis em aplica\u00e7\u00f5es que exigem montagem e desmontagem frequentes, aumentando a efici\u00eancia sem comprometer a seguran\u00e7a.<\/li>\n<\/ul>\n<p>Juntos, esses componentes formam uma estrutura robusta e confi\u00e1vel, garantindo o sucesso dos projetos de constru\u00e7\u00e3o de concreto do in\u00edcio ao fim.<\/p>\n<h3>Como o sistema de tirantes aumenta a efici\u00eancia da constru\u00e7\u00e3o<\/h3>\n<h4>Estabilidade e precis\u00e3o aprimoradas<\/h4>\n<p>O sistema de tirantes elimina as preocupa\u00e7\u00f5es com o desalinhamento ou a instabilidade durante a fase de f\u00f4rma. Ao fixar os pain\u00e9is de f\u00f4rma no lugar com porcas de fixa\u00e7\u00e3o, o sistema garante que a estrutura mantenha a forma pretendida durante os processos de concretagem e cura.<\/p>\n<p>Al\u00e9m disso, a integra\u00e7\u00e3o de batentes de \u00e1gua no conjunto proporciona uma camada adicional de prote\u00e7\u00e3o. Esses componentes impedem que a \u00e1gua penetre nos orif\u00edcios dos tirantes, protegendo a integridade do concreto e reduzindo a probabilidade de problemas futuros, como corros\u00e3o ou rachaduras.<\/p>\n<h4>Montagem e desmontagem simplificadas<\/h4>\n<p>A inclus\u00e3o de porcas borboleta no sistema de tirantes agiliza o processo de montagem. Seu recurso de aperto manual elimina a necessidade de ferramentas especializadas, permitindo que as equipes de constru\u00e7\u00e3o montem e desmontem a f\u00f4rma de forma r\u00e1pida e eficiente. Isso n\u00e3o apenas economiza tempo, mas tamb\u00e9m reduz os custos de m\u00e3o de obra, tornando o sistema a escolha preferida para projetos de todas as escalas.<\/p>\n<h4>Versatilidade em todas as aplica\u00e7\u00f5es<\/h4>\n<p>A adaptabilidade do sistema de tirantes o torna adequado para uma ampla gama de aplica\u00e7\u00f5es de constru\u00e7\u00e3o em concreto, desde lajes simples at\u00e9 projetos arquitet\u00f4nicos complexos. Seus componentes podem ser ajustados para se adaptarem a tamanhos e configura\u00e7\u00f5es de f\u00f4rmas variadas, proporcionando a flexibilidade necess\u00e1ria para atender aos diversos requisitos do projeto.<\/p>\n<h3>O papel essencial da qualidade nos sistemas de tirantes<\/h3>\n<h4>Fabrica\u00e7\u00e3o de alta precis\u00e3o para confiabilidade<\/h4>\n<p>Os tirantes, as porcas de fixa\u00e7\u00e3o, os batentes de \u00e1gua e as porcas borboleta devem atender a padr\u00f5es de qualidade exigentes para funcionar com efic\u00e1cia. Qualquer desvio nas dimens\u00f5es ou na rosca pode levar a ajustes inadequados, comprometendo a estabilidade do sistema de f\u00f4rmas. A fabrica\u00e7\u00e3o de alta precis\u00e3o garante que cada componente funcione perfeitamente em conjunto, proporcionando um desempenho consistente no local.<\/p>\n<h4>O valor da durabilidade e da resist\u00eancia<\/h4>\n<p>Os ambientes de constru\u00e7\u00e3o submetem os sistemas de f\u00f4rmas a condi\u00e7\u00f5es extremas, desde cargas pesadas at\u00e9 a exposi\u00e7\u00e3o \u00e0 \u00e1gua e a outros elementos. A durabilidade \u00e9 fundamental, especialmente para porcas e hastes de fixa\u00e7\u00e3o, que suportam o peso da press\u00e3o durante o processo de concretagem. A sele\u00e7\u00e3o de componentes feitos de materiais de alta qualidade garante que o sistema possa suportar esses desafios sem falhas.<\/p>\n<h4>Aprimoramento da integridade estrutural de longo prazo<\/h4>\n<p>A inclus\u00e3o de batentes de \u00e1gua no sistema de tirantes demonstra a import\u00e2ncia de medidas proativas na constru\u00e7\u00e3o. Ao evitar a infiltra\u00e7\u00e3o de \u00e1gua, esses componentes contribuem para a durabilidade de longo prazo da estrutura, reduzindo a necessidade de manuten\u00e7\u00e3o e prolongando sua vida \u00fatil.<\/p>\n<h4><\/h4>\n<p>&nbsp;<\/p>\n<p>&nbsp;<\/p>\n<p>&nbsp;<\/p>\n<p>&nbsp;<\/p>","protected":false},"excerpt":{"rendered":"<p>As porcas de fixa\u00e7\u00e3o de f\u00f4rmas s\u00e3o indispens\u00e1veis na constru\u00e7\u00e3o de concreto, garantindo a estabilidade e o alinhamento dos sistemas de f\u00f4rmas. Como uma empresa comercial com 20 anos de experi\u00eancia, a Qingdao H&amp;F oferece porcas de fixa\u00e7\u00e3o de alta qualidade compat\u00edveis com v\u00e1rios sistemas de tirantes, inclusive batentes de \u00e1gua e porcas borboleta. Atendemos \u00e0s preocupa\u00e7\u00f5es dos compradores fornecendo atendimento individualizado ao cliente, ciclos de entrega r\u00e1pidos e relat\u00f3rios detalhados de inspe\u00e7\u00e3o de qualidade para garantir que cada produto atenda a padr\u00f5es rigorosos.<\/p>","protected":false},"featured_media":3694,"comment_status":"open","ping_status":"closed","template":"","meta":{"site-sidebar-layout":"default","site-content-layout":"default","ast-site-content-layout":"default","site-content-style":"default","site-sidebar-style":"default","ast-global-header-display":"","ast-banner-title-visibility":"","ast-main-header-display":"","ast-hfb-above-header-display":"","ast-hfb-below-header-display":"","ast-hfb-mobile-header-display":"","site-post-title":"","ast-breadcrumbs-content":"","ast-featured-img":"","footer-sml-layout":"","theme-transparent-header-meta":"default","adv-header-id-meta":"","stick-header-meta":"default","header-above-stick-meta":"","header-main-stick-meta":"","header-below-stick-meta":"","astra-migrate-meta-layouts":"set","ast-page-background-enabled":"default","ast-page-background-meta":{"desktop":{"background-color":"","background-image":"","background-repeat":"repeat","background-position":"center center","background-size":"auto","background-attachment":"scroll","background-type":"","background-media":"","overlay-type":"","overlay-color":"","overlay-opacity":"","overlay-gradient":""},"tablet":{"background-color":"","background-image":"","background-repeat":"repeat","background-position":"center center","background-size":"auto","background-attachment":"scroll","background-type":"","background-media":"","overlay-type":"","overlay-color":"","overlay-opacity":"","overlay-gradient":""},"mobile":{"background-color":"","background-image":"","background-repeat":"repeat","background-position":"center center","background-size":"auto","background-attachment":"scroll","background-type":"","background-media":"","overlay-type":"","overlay-color":"","overlay-opacity":"","overlay-gradient":""}},"ast-content-background-meta":{"desktop":{"background-color":"var(--ast-global-color-5)","background-image":"","background-repeat":"repeat","background-position":"center center","background-size":"auto","background-attachment":"scroll","background-type":"","background-media":"","overlay-type":"","overlay-color":"","overlay-opacity":"","overlay-gradient":""},"tablet":{"background-color":"var(--ast-global-color-5)","background-image":"","background-repeat":"repeat","background-position":"center center","background-size":"auto","background-attachment":"scroll","background-type":"","background-media":"","overlay-type":"","overlay-color":"","overlay-opacity":"","overlay-gradient":""},"mobile":{"background-color":"var(--ast-global-color-5)","background-image":"","background-repeat":"repeat","background-position":"center center","background-size":"auto","background-attachment":"scroll","background-type":"","background-media":"","overlay-type":"","overlay-color":"","overlay-opacity":"","overlay-gradient":""}}},"product_brand":[],"product_cat":[79],"product_tag":[],"class_list":{"0":"post-2218","1":"product","2":"type-product","3":"status-publish","4":"has-post-thumbnail","6":"product_cat-tie-rod-system","7":"desktop-align-left","8":"tablet-align-left","9":"mobile-align-left","10":"ast-product-gallery-layout-horizontal-slider","11":"ast-product-tabs-layout-horizontal","13":"first","14":"instock","15":"shipping-taxable","16":"purchasable","17":"product-type-simple"},"yoast_head":"<!-- This site is optimized with the Yoast SEO plugin v25.2 - https:\/\/yoast.com\/wordpress\/plugins\/seo\/ -->\n<title>Formwork Tie Nut<\/title>\n<meta name=\"description\" content=\"Concrete Formwork Tie Nut is a component used in construction to secure concrete formwork\" \/>\n<meta name=\"robots\" content=\"index, follow, max-snippet:-1, max-image-preview:large, max-video-preview:-1\" \/>\n<link rel=\"canonical\" href=\"https:\/\/qingdaohf.com\/pt\/produto\/porca-de-fixacao\/\" \/>\n<meta property=\"og:locale\" content=\"pt_BR\" \/>\n<meta property=\"og:type\" content=\"article\" \/>\n<meta property=\"og:title\" content=\"Formwork Tie Nut\" \/>\n<meta property=\"og:description\" content=\"Concrete Formwork Tie Nut is a component used in construction to secure concrete formwork\" \/>\n<meta property=\"og:url\" content=\"https:\/\/qingdaohf.com\/pt\/produto\/porca-de-fixacao\/\" \/>\n<meta property=\"og:site_name\" content=\"Concrete Form &amp; Rigging Hardware Supplier\" \/>\n<meta property=\"article:publisher\" content=\"https:\/\/www.facebook.com\/qingdaohf\" \/>\n<meta property=\"article:modified_time\" content=\"2025-11-13T01:06:17+00:00\" \/>\n<meta property=\"og:image\" content=\"https:\/\/qingdaohf.com\/wp-content\/uploads\/2023\/02\/HF-tie-nut-7.jpg\" \/>\n\t<meta property=\"og:image:width\" content=\"1000\" \/>\n\t<meta property=\"og:image:height\" content=\"1000\" \/>\n\t<meta property=\"og:image:type\" content=\"image\/jpeg\" \/>\n<meta name=\"twitter:card\" content=\"summary_large_image\" \/>\n<meta name=\"twitter:label1\" content=\"Est. tempo de leitura\" \/>\n\t<meta name=\"twitter:data1\" content=\"4 minutos\" \/>\n<script type=\"application\/ld+json\" class=\"yoast-schema-graph\">{\"@context\":\"https:\/\/schema.org\",\"@graph\":[{\"@type\":\"WebPage\",\"@id\":\"https:\/\/qingdaohf.com\/product\/tie-nut\/\",\"url\":\"https:\/\/qingdaohf.com\/product\/tie-nut\/\",\"name\":\"Formwork Tie Nut\",\"isPartOf\":{\"@id\":\"https:\/\/qingdaohf.com\/bg\/#website\"},\"primaryImageOfPage\":{\"@id\":\"https:\/\/qingdaohf.com\/product\/tie-nut\/#primaryimage\"},\"image\":{\"@id\":\"https:\/\/qingdaohf.com\/product\/tie-nut\/#primaryimage\"},\"thumbnailUrl\":\"https:\/\/qingdaohf.com\/wp-content\/uploads\/2023\/02\/HF-tie-nut-7.jpg\",\"datePublished\":\"2023-02-15T03:57:32+00:00\",\"dateModified\":\"2025-11-13T01:06:17+00:00\",\"description\":\"Concrete Formwork Tie Nut is a component used in construction to secure concrete formwork\",\"breadcrumb\":{\"@id\":\"https:\/\/qingdaohf.com\/product\/tie-nut\/#breadcrumb\"},\"inLanguage\":\"pt-BR\",\"potentialAction\":[{\"@type\":\"ReadAction\",\"target\":[\"https:\/\/qingdaohf.com\/product\/tie-nut\/\"]}]},{\"@type\":\"ImageObject\",\"inLanguage\":\"pt-BR\",\"@id\":\"https:\/\/qingdaohf.com\/product\/tie-nut\/#primaryimage\",\"url\":\"https:\/\/qingdaohf.com\/wp-content\/uploads\/2023\/02\/HF-tie-nut-7.jpg\",\"contentUrl\":\"https:\/\/qingdaohf.com\/wp-content\/uploads\/2023\/02\/HF-tie-nut-7.jpg\",\"width\":1000,\"height\":1000,\"caption\":\"HF tie nut\"},{\"@type\":\"BreadcrumbList\",\"@id\":\"https:\/\/qingdaohf.com\/product\/tie-nut\/#breadcrumb\",\"itemListElement\":[{\"@type\":\"ListItem\",\"position\":1,\"name\":\"Home\",\"item\":\"https:\/\/qingdaohf.com\/\"},{\"@type\":\"ListItem\",\"position\":2,\"name\":\"Concrete Forming Accessories and Rigging Hardware\",\"item\":\"https:\/\/qingdaohf.com\/bg\/?page_id=944\"},{\"@type\":\"ListItem\",\"position\":3,\"name\":\"Formwork Tie Nut\"}]},{\"@type\":\"WebSite\",\"@id\":\"https:\/\/qingdaohf.com\/bg\/#website\",\"url\":\"https:\/\/qingdaohf.com\/bg\/\",\"name\":\"Concrete Form & Rigging Hardware Supplier\",\"description\":\"\",\"publisher\":{\"@id\":\"https:\/\/qingdaohf.com\/bg\/#organization\"},\"potentialAction\":[{\"@type\":\"SearchAction\",\"target\":{\"@type\":\"EntryPoint\",\"urlTemplate\":\"https:\/\/qingdaohf.com\/bg\/?s={search_term_string}\"},\"query-input\":{\"@type\":\"PropertyValueSpecification\",\"valueRequired\":true,\"valueName\":\"search_term_string\"}}],\"inLanguage\":\"pt-BR\"},{\"@type\":\"Organization\",\"@id\":\"https:\/\/qingdaohf.com\/bg\/#organization\",\"name\":\"Qingdao H&F\",\"url\":\"https:\/\/qingdaohf.com\/bg\/\",\"logo\":{\"@type\":\"ImageObject\",\"inLanguage\":\"pt-BR\",\"@id\":\"https:\/\/qingdaohf.com\/bg\/#\/schema\/logo\/image\/\",\"url\":\"https:\/\/qingdaohf.com\/wp-content\/uploads\/2022\/12\/cropped-HF-LOGO.png\",\"contentUrl\":\"https:\/\/qingdaohf.com\/wp-content\/uploads\/2022\/12\/cropped-HF-LOGO.png\",\"width\":391,\"height\":249,\"caption\":\"Qingdao H&F\"},\"image\":{\"@id\":\"https:\/\/qingdaohf.com\/bg\/#\/schema\/logo\/image\/\"},\"sameAs\":[\"https:\/\/www.facebook.com\/qingdaohf\"]}]}<\/script>\n<!-- \/ Yoast SEO plugin. -->","yoast_head_json":{"title":"Formwork Tie Nut","description":"Concrete Formwork Tie Nut is a component used in construction to secure concrete formwork","robots":{"index":"index","follow":"follow","max-snippet":"max-snippet:-1","max-image-preview":"max-image-preview:large","max-video-preview":"max-video-preview:-1"},"canonical":"https:\/\/qingdaohf.com\/pt\/produto\/porca-de-fixacao\/","og_locale":"pt_BR","og_type":"article","og_title":"Formwork Tie Nut","og_description":"Concrete Formwork Tie Nut is a component used in construction to secure concrete formwork","og_url":"https:\/\/qingdaohf.com\/pt\/produto\/porca-de-fixacao\/","og_site_name":"Concrete Form &amp; Rigging Hardware Supplier","article_publisher":"https:\/\/www.facebook.com\/qingdaohf","article_modified_time":"2025-11-13T01:06:17+00:00","og_image":[{"width":1000,"height":1000,"url":"https:\/\/qingdaohf.com\/wp-content\/uploads\/2023\/02\/HF-tie-nut-7.jpg","type":"image\/jpeg"}],"twitter_card":"summary_large_image","twitter_misc":{"Est. tempo de leitura":"4 minutos"},"schema":{"@context":"https:\/\/schema.org","@graph":[{"@type":"WebPage","@id":"https:\/\/qingdaohf.com\/product\/tie-nut\/","url":"https:\/\/qingdaohf.com\/product\/tie-nut\/","name":"Formwork Tie Nut","isPartOf":{"@id":"https:\/\/qingdaohf.com\/bg\/#website"},"primaryImageOfPage":{"@id":"https:\/\/qingdaohf.com\/product\/tie-nut\/#primaryimage"},"image":{"@id":"https:\/\/qingdaohf.com\/product\/tie-nut\/#primaryimage"},"thumbnailUrl":"https:\/\/qingdaohf.com\/wp-content\/uploads\/2023\/02\/HF-tie-nut-7.jpg","datePublished":"2023-02-15T03:57:32+00:00","dateModified":"2025-11-13T01:06:17+00:00","description":"Concrete Formwork Tie Nut is a component used in construction to secure concrete formwork","breadcrumb":{"@id":"https:\/\/qingdaohf.com\/product\/tie-nut\/#breadcrumb"},"inLanguage":"pt-BR","potentialAction":[{"@type":"ReadAction","target":["https:\/\/qingdaohf.com\/product\/tie-nut\/"]}]},{"@type":"ImageObject","inLanguage":"pt-BR","@id":"https:\/\/qingdaohf.com\/product\/tie-nut\/#primaryimage","url":"https:\/\/qingdaohf.com\/wp-content\/uploads\/2023\/02\/HF-tie-nut-7.jpg","contentUrl":"https:\/\/qingdaohf.com\/wp-content\/uploads\/2023\/02\/HF-tie-nut-7.jpg","width":1000,"height":1000,"caption":"HF tie nut"},{"@type":"BreadcrumbList","@id":"https:\/\/qingdaohf.com\/product\/tie-nut\/#breadcrumb","itemListElement":[{"@type":"ListItem","position":1,"name":"Home","item":"https:\/\/qingdaohf.com\/"},{"@type":"ListItem","position":2,"name":"Concrete Forming Accessories and Rigging Hardware","item":"https:\/\/qingdaohf.com\/bg\/?page_id=944"},{"@type":"ListItem","position":3,"name":"Formwork Tie Nut"}]},{"@type":"WebSite","@id":"https:\/\/qingdaohf.com\/bg\/#website","url":"https:\/\/qingdaohf.com\/bg\/","name":"Concrete Form & Rigging Hardware Supplier","description":"","publisher":{"@id":"https:\/\/qingdaohf.com\/bg\/#organization"},"potentialAction":[{"@type":"SearchAction","target":{"@type":"EntryPoint","urlTemplate":"https:\/\/qingdaohf.com\/bg\/?s={search_term_string}"},"query-input":{"@type":"PropertyValueSpecification","valueRequired":true,"valueName":"search_term_string"}}],"inLanguage":"pt-BR"},{"@type":"Organization","@id":"https:\/\/qingdaohf.com\/bg\/#organization","name":"Qingdao H&F","url":"https:\/\/qingdaohf.com\/bg\/","logo":{"@type":"ImageObject","inLanguage":"pt-BR","@id":"https:\/\/qingdaohf.com\/bg\/#\/schema\/logo\/image\/","url":"https:\/\/qingdaohf.com\/wp-content\/uploads\/2022\/12\/cropped-HF-LOGO.png","contentUrl":"https:\/\/qingdaohf.com\/wp-content\/uploads\/2022\/12\/cropped-HF-LOGO.png","width":391,"height":249,"caption":"Qingdao H&F"},"image":{"@id":"https:\/\/qingdaohf.com\/bg\/#\/schema\/logo\/image\/"},"sameAs":["https:\/\/www.facebook.com\/qingdaohf"]}]}},"_links":{"self":[{"href":"https:\/\/qingdaohf.com\/pt\/wp-json\/wp\/v2\/product\/2218","targetHints":{"allow":["GET"]}}],"collection":[{"href":"https:\/\/qingdaohf.com\/pt\/wp-json\/wp\/v2\/product"}],"about":[{"href":"https:\/\/qingdaohf.com\/pt\/wp-json\/wp\/v2\/types\/product"}],"replies":[{"embeddable":true,"href":"https:\/\/qingdaohf.com\/pt\/wp-json\/wp\/v2\/comments?post=2218"}],"version-history":[{"count":4,"href":"https:\/\/qingdaohf.com\/pt\/wp-json\/wp\/v2\/product\/2218\/revisions"}],"predecessor-version":[{"id":8606,"href":"https:\/\/qingdaohf.com\/pt\/wp-json\/wp\/v2\/product\/2218\/revisions\/8606"}],"wp:featuredmedia":[{"embeddable":true,"href":"https:\/\/qingdaohf.com\/pt\/wp-json\/wp\/v2\/media\/3694"}],"wp:attachment":[{"href":"https:\/\/qingdaohf.com\/pt\/wp-json\/wp\/v2\/media?parent=2218"}],"wp:term":[{"taxonomy":"product_brand","embeddable":true,"href":"https:\/\/qingdaohf.com\/pt\/wp-json\/wp\/v2\/product_brand?post=2218"},{"taxonomy":"product_cat","embeddable":true,"href":"https:\/\/qingdaohf.com\/pt\/wp-json\/wp\/v2\/product_cat?post=2218"},{"taxonomy":"product_tag","embeddable":true,"href":"https:\/\/qingdaohf.com\/pt\/wp-json\/wp\/v2\/product_tag?post=2218"}],"curies":[{"name":"wp","href":"https:\/\/api.w.org\/{rel}","templated":true}]}}