{"id":2244,"date":"2023-02-16T17:33:33","date_gmt":"2023-02-16T09:33:33","guid":{"rendered":"http:\/\/qingdaohf.com\/?post_type=product&#038;p=2244"},"modified":"2025-11-13T09:06:17","modified_gmt":"2025-11-13T01:06:17","slug":"slant-anchor","status":"publish","type":"product","link":"https:\/\/qingdaohf.com\/pt\/produto\/ancora-inclinada\/","title":{"rendered":"Formas de concreto e acess\u00f3rios \u00c2ncora inclinada"},"content":{"rendered":"<p>A Slant Anchor conecta os pain\u00e9is pr\u00e9-moldados ou de concreto inclinado \u00e0 funda\u00e7\u00e3o. O conjunto inclui a Slant Anchor com capacidade de carga, o Void Former, a Ductile Bar de alta resist\u00eancia e o Grout pr\u00e9-embalado.<br \/>\nA \u00e2ncora inclinada \u00e9 parte integrante do projeto e do planejamento do painel. A \u00e2ncora \u00e9 posicionada e refor\u00e7ada em cada painel durante as opera\u00e7\u00f5es de moldagem. A espuma veda a luva de conex\u00e3o durante a coloca\u00e7\u00e3o do concreto.<br \/>\nQuando um painel pr\u00e9-moldado ou de tilt-up conclu\u00eddo estiver pronto para a instala\u00e7\u00e3o, a espuma ser\u00e1 removida. A abertura para a luva de conex\u00e3o agora est\u00e1 vis\u00edvel e acess\u00edvel para ancoragem.<br \/>\nCada painel \u00e9 posicionado na funda\u00e7\u00e3o e fixado. Um furo \u00e9 feito na base da funda\u00e7\u00e3o usando a luva de conex\u00e3o como guia. Isso coloca o caminho da carga pr\u00f3ximo \u00e0 linha central do painel.<br \/>\nO furo \u00e9 ent\u00e3o parcialmente rejuntado, a barra d\u00factil \u00e9 inserida e o rejunte restante \u00e9 usado para preencher a luva. Essa conex\u00e3o com rejunte ancora o painel sem solda ou parafusos.<\/p>","protected":false},"excerpt":{"rendered":"<p>A \u00e2ncora exclusiva proporciona uma<br \/>\nconex\u00e3o entre o painel e a funda\u00e7\u00e3o<br \/>\nsem solda ou parafusos<\/p>","protected":false},"featured_media":2937,"comment_status":"open","ping_status":"closed","template":"","meta":{"site-sidebar-layout":"default","site-content-layout":"default","ast-site-content-layout":"","site-content-style":"default","site-sidebar-style":"default","ast-global-header-display":"","ast-banner-title-visibility":"","ast-main-header-display":"","ast-hfb-above-header-display":"","ast-hfb-below-header-display":"","ast-hfb-mobile-header-display":"","site-post-title":"","ast-breadcrumbs-content":"","ast-featured-img":"","footer-sml-layout":"","theme-transparent-header-meta":"default","adv-header-id-meta":"","stick-header-meta":"default","header-above-stick-meta":"","header-main-stick-meta":"","header-below-stick-meta":"","astra-migrate-meta-layouts":"default","ast-page-background-enabled":"default","ast-page-background-meta":{"desktop":{"background-color":"","background-image":"","background-repeat":"repeat","background-position":"center center","background-size":"auto","background-attachment":"scroll","background-type":"","background-media":"","overlay-type":"","overlay-color":"","overlay-opacity":"","overlay-gradient":""},"tablet":{"background-color":"","background-image":"","background-repeat":"repeat","background-position":"center center","background-size":"auto","background-attachment":"scroll","background-type":"","background-media":"","overlay-type":"","overlay-color":"","overlay-opacity":"","overlay-gradient":""},"mobile":{"background-color":"","background-image":"","background-repeat":"repeat","background-position":"center center","background-size":"auto","background-attachment":"scroll","background-type":"","background-media":"","overlay-type":"","overlay-color":"","overlay-opacity":"","overlay-gradient":""}},"ast-content-background-meta":{"desktop":{"background-color":"var(--ast-global-color-5)","background-image":"","background-repeat":"repeat","background-position":"center center","background-size":"auto","background-attachment":"scroll","background-type":"","background-media":"","overlay-type":"","overlay-color":"","overlay-opacity":"","overlay-gradient":""},"tablet":{"background-color":"var(--ast-global-color-5)","background-image":"","background-repeat":"repeat","background-position":"center center","background-size":"auto","background-attachment":"scroll","background-type":"","background-media":"","overlay-type":"","overlay-color":"","overlay-opacity":"","overlay-gradient":""},"mobile":{"background-color":"var(--ast-global-color-5)","background-image":"","background-repeat":"repeat","background-position":"center center","background-size":"auto","background-attachment":"scroll","background-type":"","background-media":"","overlay-type":"","overlay-color":"","overlay-opacity":"","overlay-gradient":""}}},"product_brand":[],"product_cat":[28],"product_tag":[],"class_list":{"0":"post-2244","1":"product","2":"type-product","3":"status-publish","4":"has-post-thumbnail","6":"product_cat-concrete-forming","7":"desktop-align-left","8":"tablet-align-left","9":"mobile-align-left","10":"ast-product-gallery-layout-horizontal-slider","11":"ast-product-tabs-layout-horizontal","13":"first","14":"instock","15":"shipping-taxable","16":"purchasable","17":"product-type-simple"},"yoast_head":"<!-- This site is optimized with the Yoast SEO plugin v25.2 - https:\/\/yoast.com\/wordpress\/plugins\/seo\/ -->\n<title>Concrete Forms &amp; Accessories Slant Anchor<\/title>\n<meta name=\"description\" content=\"The Slant Anchor connects tilt-up or precast panels tothe foundation. The assembly includes the load-rated Slant Anchor, Void Former, high-strength Ductile Bar and pre-packaged Grout.\" \/>\n<meta name=\"robots\" content=\"index, follow, max-snippet:-1, max-image-preview:large, max-video-preview:-1\" \/>\n<link rel=\"canonical\" href=\"https:\/\/qingdaohf.com\/pt\/produto\/ancora-inclinada\/\" \/>\n<meta property=\"og:locale\" content=\"pt_BR\" \/>\n<meta property=\"og:type\" content=\"article\" \/>\n<meta property=\"og:title\" content=\"Concrete Forms &amp; Accessories Slant Anchor\" \/>\n<meta property=\"og:description\" content=\"The Slant Anchor connects tilt-up or precast panels tothe foundation. The assembly includes the load-rated Slant Anchor, Void Former, high-strength Ductile Bar and pre-packaged Grout.\" \/>\n<meta property=\"og:url\" content=\"https:\/\/qingdaohf.com\/pt\/produto\/ancora-inclinada\/\" \/>\n<meta property=\"og:site_name\" content=\"Concrete Form &amp; Rigging Hardware Supplier\" \/>\n<meta property=\"article:publisher\" content=\"https:\/\/www.facebook.com\/qingdaohf\" \/>\n<meta property=\"article:modified_time\" content=\"2025-11-13T01:06:17+00:00\" \/>\n<meta property=\"og:image\" content=\"https:\/\/qingdaohf.com\/wp-content\/uploads\/2023\/02\/Slant-Anchor-1.jpg\" \/>\n\t<meta property=\"og:image:width\" content=\"1000\" \/>\n\t<meta property=\"og:image:height\" content=\"1000\" \/>\n\t<meta property=\"og:image:type\" content=\"image\/jpeg\" \/>\n<meta name=\"twitter:card\" content=\"summary_large_image\" \/>\n<meta name=\"twitter:label1\" content=\"Est. tempo de leitura\" \/>\n\t<meta name=\"twitter:data1\" content=\"1 minuto\" \/>\n<script type=\"application\/ld+json\" class=\"yoast-schema-graph\">{\"@context\":\"https:\/\/schema.org\",\"@graph\":[{\"@type\":\"WebPage\",\"@id\":\"https:\/\/qingdaohf.com\/product\/slant-anchor\/\",\"url\":\"https:\/\/qingdaohf.com\/product\/slant-anchor\/\",\"name\":\"Concrete Forms & Accessories Slant Anchor\",\"isPartOf\":{\"@id\":\"https:\/\/qingdaohf.com\/bg\/#website\"},\"primaryImageOfPage\":{\"@id\":\"https:\/\/qingdaohf.com\/product\/slant-anchor\/#primaryimage\"},\"image\":{\"@id\":\"https:\/\/qingdaohf.com\/product\/slant-anchor\/#primaryimage\"},\"thumbnailUrl\":\"https:\/\/qingdaohf.com\/wp-content\/uploads\/2023\/02\/Slant-Anchor-1.jpg\",\"datePublished\":\"2023-02-16T09:33:33+00:00\",\"dateModified\":\"2025-11-13T01:06:17+00:00\",\"description\":\"The Slant Anchor connects tilt-up or precast panels tothe foundation. The assembly includes the load-rated Slant Anchor, Void Former, high-strength Ductile Bar and pre-packaged Grout.\",\"breadcrumb\":{\"@id\":\"https:\/\/qingdaohf.com\/product\/slant-anchor\/#breadcrumb\"},\"inLanguage\":\"pt-BR\",\"potentialAction\":[{\"@type\":\"ReadAction\",\"target\":[\"https:\/\/qingdaohf.com\/product\/slant-anchor\/\"]}]},{\"@type\":\"ImageObject\",\"inLanguage\":\"pt-BR\",\"@id\":\"https:\/\/qingdaohf.com\/product\/slant-anchor\/#primaryimage\",\"url\":\"https:\/\/qingdaohf.com\/wp-content\/uploads\/2023\/02\/Slant-Anchor-1.jpg\",\"contentUrl\":\"https:\/\/qingdaohf.com\/wp-content\/uploads\/2023\/02\/Slant-Anchor-1.jpg\",\"width\":1000,\"height\":1000,\"caption\":\"Slant Anchor\"},{\"@type\":\"BreadcrumbList\",\"@id\":\"https:\/\/qingdaohf.com\/product\/slant-anchor\/#breadcrumb\",\"itemListElement\":[{\"@type\":\"ListItem\",\"position\":1,\"name\":\"Home\",\"item\":\"https:\/\/qingdaohf.com\/\"},{\"@type\":\"ListItem\",\"position\":2,\"name\":\"Concrete Forming Accessories and Rigging Hardware\",\"item\":\"https:\/\/qingdaohf.com\/bg\/?page_id=944\"},{\"@type\":\"ListItem\",\"position\":3,\"name\":\"Concrete Forms &#038; Accessories Slant Anchor\"}]},{\"@type\":\"WebSite\",\"@id\":\"https:\/\/qingdaohf.com\/bg\/#website\",\"url\":\"https:\/\/qingdaohf.com\/bg\/\",\"name\":\"Concrete Form & Rigging Hardware Supplier\",\"description\":\"\",\"publisher\":{\"@id\":\"https:\/\/qingdaohf.com\/bg\/#organization\"},\"potentialAction\":[{\"@type\":\"SearchAction\",\"target\":{\"@type\":\"EntryPoint\",\"urlTemplate\":\"https:\/\/qingdaohf.com\/bg\/?s={search_term_string}\"},\"query-input\":{\"@type\":\"PropertyValueSpecification\",\"valueRequired\":true,\"valueName\":\"search_term_string\"}}],\"inLanguage\":\"pt-BR\"},{\"@type\":\"Organization\",\"@id\":\"https:\/\/qingdaohf.com\/bg\/#organization\",\"name\":\"Qingdao H&F\",\"url\":\"https:\/\/qingdaohf.com\/bg\/\",\"logo\":{\"@type\":\"ImageObject\",\"inLanguage\":\"pt-BR\",\"@id\":\"https:\/\/qingdaohf.com\/bg\/#\/schema\/logo\/image\/\",\"url\":\"https:\/\/qingdaohf.com\/wp-content\/uploads\/2022\/12\/cropped-HF-LOGO.png\",\"contentUrl\":\"https:\/\/qingdaohf.com\/wp-content\/uploads\/2022\/12\/cropped-HF-LOGO.png\",\"width\":391,\"height\":249,\"caption\":\"Qingdao H&F\"},\"image\":{\"@id\":\"https:\/\/qingdaohf.com\/bg\/#\/schema\/logo\/image\/\"},\"sameAs\":[\"https:\/\/www.facebook.com\/qingdaohf\"]}]}<\/script>\n<!-- \/ Yoast SEO plugin. -->","yoast_head_json":{"title":"Concrete Forms & Accessories Slant Anchor","description":"The Slant Anchor connects tilt-up or precast panels tothe foundation. The assembly includes the load-rated Slant Anchor, Void Former, high-strength Ductile Bar and pre-packaged Grout.","robots":{"index":"index","follow":"follow","max-snippet":"max-snippet:-1","max-image-preview":"max-image-preview:large","max-video-preview":"max-video-preview:-1"},"canonical":"https:\/\/qingdaohf.com\/pt\/produto\/ancora-inclinada\/","og_locale":"pt_BR","og_type":"article","og_title":"Concrete Forms & Accessories Slant Anchor","og_description":"The Slant Anchor connects tilt-up or precast panels tothe foundation. The assembly includes the load-rated Slant Anchor, Void Former, high-strength Ductile Bar and pre-packaged Grout.","og_url":"https:\/\/qingdaohf.com\/pt\/produto\/ancora-inclinada\/","og_site_name":"Concrete Form &amp; Rigging Hardware Supplier","article_publisher":"https:\/\/www.facebook.com\/qingdaohf","article_modified_time":"2025-11-13T01:06:17+00:00","og_image":[{"width":1000,"height":1000,"url":"https:\/\/qingdaohf.com\/wp-content\/uploads\/2023\/02\/Slant-Anchor-1.jpg","type":"image\/jpeg"}],"twitter_card":"summary_large_image","twitter_misc":{"Est. tempo de leitura":"1 minuto"},"schema":{"@context":"https:\/\/schema.org","@graph":[{"@type":"WebPage","@id":"https:\/\/qingdaohf.com\/product\/slant-anchor\/","url":"https:\/\/qingdaohf.com\/product\/slant-anchor\/","name":"Concrete Forms & Accessories Slant Anchor","isPartOf":{"@id":"https:\/\/qingdaohf.com\/bg\/#website"},"primaryImageOfPage":{"@id":"https:\/\/qingdaohf.com\/product\/slant-anchor\/#primaryimage"},"image":{"@id":"https:\/\/qingdaohf.com\/product\/slant-anchor\/#primaryimage"},"thumbnailUrl":"https:\/\/qingdaohf.com\/wp-content\/uploads\/2023\/02\/Slant-Anchor-1.jpg","datePublished":"2023-02-16T09:33:33+00:00","dateModified":"2025-11-13T01:06:17+00:00","description":"The Slant Anchor connects tilt-up or precast panels tothe foundation. The assembly includes the load-rated Slant Anchor, Void Former, high-strength Ductile Bar and pre-packaged Grout.","breadcrumb":{"@id":"https:\/\/qingdaohf.com\/product\/slant-anchor\/#breadcrumb"},"inLanguage":"pt-BR","potentialAction":[{"@type":"ReadAction","target":["https:\/\/qingdaohf.com\/product\/slant-anchor\/"]}]},{"@type":"ImageObject","inLanguage":"pt-BR","@id":"https:\/\/qingdaohf.com\/product\/slant-anchor\/#primaryimage","url":"https:\/\/qingdaohf.com\/wp-content\/uploads\/2023\/02\/Slant-Anchor-1.jpg","contentUrl":"https:\/\/qingdaohf.com\/wp-content\/uploads\/2023\/02\/Slant-Anchor-1.jpg","width":1000,"height":1000,"caption":"Slant Anchor"},{"@type":"BreadcrumbList","@id":"https:\/\/qingdaohf.com\/product\/slant-anchor\/#breadcrumb","itemListElement":[{"@type":"ListItem","position":1,"name":"Home","item":"https:\/\/qingdaohf.com\/"},{"@type":"ListItem","position":2,"name":"Concrete Forming Accessories and Rigging Hardware","item":"https:\/\/qingdaohf.com\/bg\/?page_id=944"},{"@type":"ListItem","position":3,"name":"Concrete Forms &#038; Accessories Slant Anchor"}]},{"@type":"WebSite","@id":"https:\/\/qingdaohf.com\/bg\/#website","url":"https:\/\/qingdaohf.com\/bg\/","name":"Concrete Form & Rigging Hardware Supplier","description":"","publisher":{"@id":"https:\/\/qingdaohf.com\/bg\/#organization"},"potentialAction":[{"@type":"SearchAction","target":{"@type":"EntryPoint","urlTemplate":"https:\/\/qingdaohf.com\/bg\/?s={search_term_string}"},"query-input":{"@type":"PropertyValueSpecification","valueRequired":true,"valueName":"search_term_string"}}],"inLanguage":"pt-BR"},{"@type":"Organization","@id":"https:\/\/qingdaohf.com\/bg\/#organization","name":"Qingdao H&F","url":"https:\/\/qingdaohf.com\/bg\/","logo":{"@type":"ImageObject","inLanguage":"pt-BR","@id":"https:\/\/qingdaohf.com\/bg\/#\/schema\/logo\/image\/","url":"https:\/\/qingdaohf.com\/wp-content\/uploads\/2022\/12\/cropped-HF-LOGO.png","contentUrl":"https:\/\/qingdaohf.com\/wp-content\/uploads\/2022\/12\/cropped-HF-LOGO.png","width":391,"height":249,"caption":"Qingdao H&F"},"image":{"@id":"https:\/\/qingdaohf.com\/bg\/#\/schema\/logo\/image\/"},"sameAs":["https:\/\/www.facebook.com\/qingdaohf"]}]}},"_links":{"self":[{"href":"https:\/\/qingdaohf.com\/pt\/wp-json\/wp\/v2\/product\/2244","targetHints":{"allow":["GET"]}}],"collection":[{"href":"https:\/\/qingdaohf.com\/pt\/wp-json\/wp\/v2\/product"}],"about":[{"href":"https:\/\/qingdaohf.com\/pt\/wp-json\/wp\/v2\/types\/product"}],"replies":[{"embeddable":true,"href":"https:\/\/qingdaohf.com\/pt\/wp-json\/wp\/v2\/comments?post=2244"}],"version-history":[{"count":2,"href":"https:\/\/qingdaohf.com\/pt\/wp-json\/wp\/v2\/product\/2244\/revisions"}],"predecessor-version":[{"id":10457,"href":"https:\/\/qingdaohf.com\/pt\/wp-json\/wp\/v2\/product\/2244\/revisions\/10457"}],"wp:featuredmedia":[{"embeddable":true,"href":"https:\/\/qingdaohf.com\/pt\/wp-json\/wp\/v2\/media\/2937"}],"wp:attachment":[{"href":"https:\/\/qingdaohf.com\/pt\/wp-json\/wp\/v2\/media?parent=2244"}],"wp:term":[{"taxonomy":"product_brand","embeddable":true,"href":"https:\/\/qingdaohf.com\/pt\/wp-json\/wp\/v2\/product_brand?post=2244"},{"taxonomy":"product_cat","embeddable":true,"href":"https:\/\/qingdaohf.com\/pt\/wp-json\/wp\/v2\/product_cat?post=2244"},{"taxonomy":"product_tag","embeddable":true,"href":"https:\/\/qingdaohf.com\/pt\/wp-json\/wp\/v2\/product_tag?post=2244"}],"curies":[{"name":"wp","href":"https:\/\/api.w.org\/{rel}","templated":true}]}}