{"id":3452,"date":"2023-04-10T16:31:20","date_gmt":"2023-04-10T08:31:20","guid":{"rendered":"http:\/\/qingdaohf.com\/?post_type=product&#038;p=3452"},"modified":"2025-11-13T09:05:14","modified_gmt":"2025-11-13T01:05:14","slug":"paper-strip-nail","status":"publish","type":"product","link":"https:\/\/qingdaohf.com\/pt\/produto\/prego-de-tira-de-papel\/","title":{"rendered":"Unhas de tira de papel Unhas coladas de papel"},"content":{"rendered":"<p>Pregos para tiras de papel de qualidade superior: Nossos pregos para tiras de papel s\u00e3o meticulosamente fabricados com materiais de primeira qualidade, garantindo durabilidade, resist\u00eancia e desempenho excepcionais. Cada prego \u00e9 submetido a rigorosas medidas de controle de qualidade, atendendo e superando os padr\u00f5es de confiabilidade do setor.<\/p>\n<p>Aplica\u00e7\u00f5es vers\u00e1teis: Projetados para se destacarem em v\u00e1rias aplica\u00e7\u00f5es, nossos pregos de tira de papel s\u00e3o ideais para constru\u00e7\u00e3o, carpintaria, marcenaria e outros setores. Eles oferecem uma solu\u00e7\u00e3o de fixa\u00e7\u00e3o segura e eficiente para uma ampla gama de projetos.<\/p>\n<p>Atendimento personalizado ao cliente: No centro de nossas opera\u00e7\u00f5es est\u00e1 o nosso compromisso com o atendimento individualizado ao cliente. Nossa experiente equipe trabalha em estreita colabora\u00e7\u00e3o com cada cliente, compreendendo suas necessidades exclusivas e recomendando os Paper Strip Nails mais adequados para suas aplica\u00e7\u00f5es espec\u00edficas.<\/p>\n<p>Suporte p\u00f3s-venda inigual\u00e1vel: Nossa dedica\u00e7\u00e3o se estende al\u00e9m do ponto de compra. Temos imenso orgulho em oferecer um suporte p\u00f3s-venda abrangente, respondendo prontamente a qualquer d\u00favida ou preocupa\u00e7\u00e3o para garantir sua m\u00e1xima satisfa\u00e7\u00e3o.<\/p>\n<p>Aumento das margens de lucro: Ao mesmo tempo em que mantemos a qualidade rigorosa dos produtos, entendemos a import\u00e2ncia de oferecer aos nossos valiosos clientes margens de lucro maiores. Nossos eficientes processos de fabrica\u00e7\u00e3o e parcerias estrat\u00e9gicas nos permitem oferecer pre\u00e7os competitivos sem comprometer a excel\u00eancia.<\/p>\n<p>Duas d\u00e9cadas de experi\u00eancia: Com 20 anos de experi\u00eancia no setor de rigging, nossa equipe possui amplo conhecimento e experi\u00eancia. Mantemo-nos na vanguarda dos avan\u00e7os e tend\u00eancias do setor, o que nos permite oferecer solu\u00e7\u00f5es de ponta aos nossos clientes.<\/p>\n<p>Rede de distribui\u00e7\u00e3o confi\u00e1vel: Como distribuidor e atacadista de confian\u00e7a, temos uma rede de distribui\u00e7\u00e3o robusta que garante a entrega imediata e confi\u00e1vel dos seus pregos para tiras de papel, independentemente da sua localiza\u00e7\u00e3o.<\/p>\n<div class=\"ast-oembed-container\" style=\"height: 100%;\"><iframe title=\"prego de fita de papel para formas de concreto\" width=\"500\" height=\"375\" src=\"https:\/\/www.youtube.com\/embed\/33dy1pMdIBI?start=2&#038;feature=oembed\" frameborder=\"0\" allow=\"accelerometer; autoplay; clipboard-write; encrypted-media; gyroscope; picture-in-picture; web-share\" referrerpolicy=\"strict-origin-when-cross-origin\" allowfullscreen><\/iframe><\/div>\n<p><img fetchpriority=\"high\" decoding=\"async\" class=\"alignnone size-full wp-image-3460\" src=\"http:\/\/qingdaohf.com\/wp-content\/uploads\/2023\/04\/70-1.jpg\" alt=\"prego de tira de papel\" width=\"1200\" height=\"1296\" srcset=\"https:\/\/qingdaohf.com\/wp-content\/uploads\/2023\/04\/70-1.jpg 1200w, https:\/\/qingdaohf.com\/wp-content\/uploads\/2023\/04\/70-1-278x300.jpg 278w, https:\/\/qingdaohf.com\/wp-content\/uploads\/2023\/04\/70-1-948x1024.jpg 948w, https:\/\/qingdaohf.com\/wp-content\/uploads\/2023\/04\/70-1-768x829.jpg 768w, https:\/\/qingdaohf.com\/wp-content\/uploads\/2023\/04\/70-1-1000x1080.jpg 1000w\" sizes=\"(max-width: 1200px) 100vw, 1200px\" \/><\/p>\n<p>Por que nos escolher?<\/p>\n<p>Confiabilidade comprovada: Nossa s\u00f3lida reputa\u00e7\u00e3o foi constru\u00edda com base na confian\u00e7a e na fidelidade de in\u00fameros clientes satisfeitos. Priorizamos consistentemente a qualidade e a confiabilidade, garantindo que nossos pregos para tiras de papel superem suas expectativas.<\/p>\n<p>Seguran\u00e7a em primeiro lugar: a seguran\u00e7a \u00e9 de suma import\u00e2ncia para n\u00f3s. Nossos pregos de tira de papel passam por testes rigorosos e seguem os padr\u00f5es de seguran\u00e7a do setor, proporcionando a tranquilidade de que voc\u00ea precisa para aplica\u00e7\u00f5es cr\u00edticas.<\/p>\n<p>Solu\u00e7\u00f5es sob medida: Entendemos que cada projeto tem requisitos exclusivos. Nossa equipe colabora estreitamente com voc\u00ea para fornecer solu\u00e7\u00f5es personalizadas que atendam precisamente \u00e0s suas necessidades, garantindo sempre os melhores resultados.<\/p>\n<p>Abordagem centrada no cliente: Nossos clientes est\u00e3o na vanguarda de nossos neg\u00f3cios. Temos imenso orgulho do nosso excepcional atendimento ao cliente, da comunica\u00e7\u00e3o transparente e da dedica\u00e7\u00e3o em ir al\u00e9m para sua satisfa\u00e7\u00e3o.<\/p>","protected":false},"excerpt":{"rendered":"<p>Os pregos de tira de papel, tamb\u00e9m conhecidos como pregos colados ou pregos de tira de pl\u00e1stico, s\u00e3o um tipo de fixador usado em constru\u00e7\u00e3o e carpintaria. Esses pregos s\u00e3o projetados para serem usados com pistolas de pregos pneum\u00e1ticas, que os cravam na madeira ou em outros materiais com grande velocidade e precis\u00e3o.<\/p>","protected":false},"featured_media":3453,"comment_status":"open","ping_status":"closed","template":"","meta":{"site-sidebar-layout":"default","site-content-layout":"default","ast-site-content-layout":"","site-content-style":"default","site-sidebar-style":"default","ast-global-header-display":"","ast-banner-title-visibility":"","ast-main-header-display":"","ast-hfb-above-header-display":"","ast-hfb-below-header-display":"","ast-hfb-mobile-header-display":"","site-post-title":"","ast-breadcrumbs-content":"","ast-featured-img":"","footer-sml-layout":"","theme-transparent-header-meta":"default","adv-header-id-meta":"","stick-header-meta":"default","header-above-stick-meta":"","header-main-stick-meta":"","header-below-stick-meta":"","astra-migrate-meta-layouts":"default","ast-page-background-enabled":"default","ast-page-background-meta":{"desktop":{"background-color":"","background-image":"","background-repeat":"repeat","background-position":"center center","background-size":"auto","background-attachment":"scroll","background-type":"","background-media":"","overlay-type":"","overlay-color":"","overlay-opacity":"","overlay-gradient":""},"tablet":{"background-color":"","background-image":"","background-repeat":"repeat","background-position":"center center","background-size":"auto","background-attachment":"scroll","background-type":"","background-media":"","overlay-type":"","overlay-color":"","overlay-opacity":"","overlay-gradient":""},"mobile":{"background-color":"","background-image":"","background-repeat":"repeat","background-position":"center center","background-size":"auto","background-attachment":"scroll","background-type":"","background-media":"","overlay-type":"","overlay-color":"","overlay-opacity":"","overlay-gradient":""}},"ast-content-background-meta":{"desktop":{"background-color":"var(--ast-global-color-5)","background-image":"","background-repeat":"repeat","background-position":"center center","background-size":"auto","background-attachment":"scroll","background-type":"","background-media":"","overlay-type":"","overlay-color":"","overlay-opacity":"","overlay-gradient":""},"tablet":{"background-color":"var(--ast-global-color-5)","background-image":"","background-repeat":"repeat","background-position":"center center","background-size":"auto","background-attachment":"scroll","background-type":"","background-media":"","overlay-type":"","overlay-color":"","overlay-opacity":"","overlay-gradient":""},"mobile":{"background-color":"var(--ast-global-color-5)","background-image":"","background-repeat":"repeat","background-position":"center center","background-size":"auto","background-attachment":"scroll","background-type":"","background-media":"","overlay-type":"","overlay-color":"","overlay-opacity":"","overlay-gradient":""}}},"product_brand":[],"product_cat":[34],"product_tag":[],"class_list":{"0":"post-3452","1":"product","2":"type-product","3":"status-publish","4":"has-post-thumbnail","6":"product_cat-nail","7":"desktop-align-left","8":"tablet-align-left","9":"mobile-align-left","10":"ast-product-gallery-layout-horizontal-slider","11":"ast-product-tabs-layout-horizontal","13":"first","14":"instock","15":"shipping-taxable","16":"purchasable","17":"product-type-simple"},"yoast_head":"<!-- This site is optimized with the Yoast SEO plugin v25.2 - https:\/\/yoast.com\/wordpress\/plugins\/seo\/ -->\n<title>Paper Strip Nail Paper Collated Nails<\/title>\n<meta name=\"description\" content=\"Paper strip nails, also known as collated nails or plastic strip nails, are a type of fastener used in construction and carpentry.\" \/>\n<meta name=\"robots\" content=\"index, follow, max-snippet:-1, max-image-preview:large, max-video-preview:-1\" \/>\n<link rel=\"canonical\" href=\"https:\/\/qingdaohf.com\/pt\/produto\/prego-de-tira-de-papel\/\" \/>\n<meta property=\"og:locale\" content=\"pt_BR\" \/>\n<meta property=\"og:type\" content=\"article\" \/>\n<meta property=\"og:title\" content=\"Paper Strip Nail Paper Collated Nails\" \/>\n<meta property=\"og:description\" content=\"Paper strip nails, also known as collated nails or plastic strip nails, are a type of fastener used in construction and carpentry.\" \/>\n<meta property=\"og:url\" content=\"https:\/\/qingdaohf.com\/pt\/produto\/prego-de-tira-de-papel\/\" \/>\n<meta property=\"og:site_name\" content=\"Concrete Form &amp; Rigging Hardware Supplier\" \/>\n<meta property=\"article:publisher\" content=\"https:\/\/www.facebook.com\/qingdaohf\" \/>\n<meta property=\"article:modified_time\" content=\"2025-11-13T01:05:14+00:00\" \/>\n<meta property=\"og:image\" content=\"https:\/\/qingdaohf.com\/wp-content\/uploads\/2023\/04\/paper-strip-nail-3.jpg\" \/>\n\t<meta property=\"og:image:width\" content=\"800\" \/>\n\t<meta property=\"og:image:height\" content=\"800\" \/>\n\t<meta property=\"og:image:type\" content=\"image\/jpeg\" \/>\n<meta name=\"twitter:card\" content=\"summary_large_image\" \/>\n<meta name=\"twitter:label1\" content=\"Est. tempo de leitura\" \/>\n\t<meta name=\"twitter:data1\" content=\"2 minutos\" \/>\n<script type=\"application\/ld+json\" class=\"yoast-schema-graph\">{\"@context\":\"https:\/\/schema.org\",\"@graph\":[{\"@type\":\"WebPage\",\"@id\":\"https:\/\/qingdaohf.com\/product\/paper-strip-nail\/\",\"url\":\"https:\/\/qingdaohf.com\/product\/paper-strip-nail\/\",\"name\":\"Paper Strip Nail Paper Collated Nails\",\"isPartOf\":{\"@id\":\"https:\/\/qingdaohf.com\/bg\/#website\"},\"primaryImageOfPage\":{\"@id\":\"https:\/\/qingdaohf.com\/product\/paper-strip-nail\/#primaryimage\"},\"image\":{\"@id\":\"https:\/\/qingdaohf.com\/product\/paper-strip-nail\/#primaryimage\"},\"thumbnailUrl\":\"https:\/\/qingdaohf.com\/wp-content\/uploads\/2023\/04\/paper-strip-nail-3.jpg\",\"datePublished\":\"2023-04-10T08:31:20+00:00\",\"dateModified\":\"2025-11-13T01:05:14+00:00\",\"description\":\"Paper strip nails, also known as collated nails or plastic strip nails, are a type of fastener used in construction and carpentry.\",\"breadcrumb\":{\"@id\":\"https:\/\/qingdaohf.com\/product\/paper-strip-nail\/#breadcrumb\"},\"inLanguage\":\"pt-BR\",\"potentialAction\":[{\"@type\":\"ReadAction\",\"target\":[\"https:\/\/qingdaohf.com\/product\/paper-strip-nail\/\"]}]},{\"@type\":\"ImageObject\",\"inLanguage\":\"pt-BR\",\"@id\":\"https:\/\/qingdaohf.com\/product\/paper-strip-nail\/#primaryimage\",\"url\":\"https:\/\/qingdaohf.com\/wp-content\/uploads\/2023\/04\/paper-strip-nail-3.jpg\",\"contentUrl\":\"https:\/\/qingdaohf.com\/wp-content\/uploads\/2023\/04\/paper-strip-nail-3.jpg\",\"width\":800,\"height\":800,\"caption\":\"paper strip nail\"},{\"@type\":\"BreadcrumbList\",\"@id\":\"https:\/\/qingdaohf.com\/product\/paper-strip-nail\/#breadcrumb\",\"itemListElement\":[{\"@type\":\"ListItem\",\"position\":1,\"name\":\"Home\",\"item\":\"https:\/\/qingdaohf.com\/\"},{\"@type\":\"ListItem\",\"position\":2,\"name\":\"Concrete Forming Accessories and Rigging Hardware\",\"item\":\"https:\/\/qingdaohf.com\/bg\/?page_id=944\"},{\"@type\":\"ListItem\",\"position\":3,\"name\":\"Paper Strip Nail Paper Collated Nails\"}]},{\"@type\":\"WebSite\",\"@id\":\"https:\/\/qingdaohf.com\/bg\/#website\",\"url\":\"https:\/\/qingdaohf.com\/bg\/\",\"name\":\"Concrete Form & Rigging Hardware Supplier\",\"description\":\"\",\"publisher\":{\"@id\":\"https:\/\/qingdaohf.com\/bg\/#organization\"},\"potentialAction\":[{\"@type\":\"SearchAction\",\"target\":{\"@type\":\"EntryPoint\",\"urlTemplate\":\"https:\/\/qingdaohf.com\/bg\/?s={search_term_string}\"},\"query-input\":{\"@type\":\"PropertyValueSpecification\",\"valueRequired\":true,\"valueName\":\"search_term_string\"}}],\"inLanguage\":\"pt-BR\"},{\"@type\":\"Organization\",\"@id\":\"https:\/\/qingdaohf.com\/bg\/#organization\",\"name\":\"Qingdao H&F\",\"url\":\"https:\/\/qingdaohf.com\/bg\/\",\"logo\":{\"@type\":\"ImageObject\",\"inLanguage\":\"pt-BR\",\"@id\":\"https:\/\/qingdaohf.com\/bg\/#\/schema\/logo\/image\/\",\"url\":\"https:\/\/qingdaohf.com\/wp-content\/uploads\/2022\/12\/cropped-HF-LOGO.png\",\"contentUrl\":\"https:\/\/qingdaohf.com\/wp-content\/uploads\/2022\/12\/cropped-HF-LOGO.png\",\"width\":391,\"height\":249,\"caption\":\"Qingdao H&F\"},\"image\":{\"@id\":\"https:\/\/qingdaohf.com\/bg\/#\/schema\/logo\/image\/\"},\"sameAs\":[\"https:\/\/www.facebook.com\/qingdaohf\"]}]}<\/script>\n<!-- \/ Yoast SEO plugin. -->","yoast_head_json":{"title":"Paper Strip Nail Paper Collated Nails","description":"Paper strip nails, also known as collated nails or plastic strip nails, are a type of fastener used in construction and carpentry.","robots":{"index":"index","follow":"follow","max-snippet":"max-snippet:-1","max-image-preview":"max-image-preview:large","max-video-preview":"max-video-preview:-1"},"canonical":"https:\/\/qingdaohf.com\/pt\/produto\/prego-de-tira-de-papel\/","og_locale":"pt_BR","og_type":"article","og_title":"Paper Strip Nail Paper Collated Nails","og_description":"Paper strip nails, also known as collated nails or plastic strip nails, are a type of fastener used in construction and carpentry.","og_url":"https:\/\/qingdaohf.com\/pt\/produto\/prego-de-tira-de-papel\/","og_site_name":"Concrete Form &amp; Rigging Hardware Supplier","article_publisher":"https:\/\/www.facebook.com\/qingdaohf","article_modified_time":"2025-11-13T01:05:14+00:00","og_image":[{"width":800,"height":800,"url":"https:\/\/qingdaohf.com\/wp-content\/uploads\/2023\/04\/paper-strip-nail-3.jpg","type":"image\/jpeg"}],"twitter_card":"summary_large_image","twitter_misc":{"Est. tempo de leitura":"2 minutos"},"schema":{"@context":"https:\/\/schema.org","@graph":[{"@type":"WebPage","@id":"https:\/\/qingdaohf.com\/product\/paper-strip-nail\/","url":"https:\/\/qingdaohf.com\/product\/paper-strip-nail\/","name":"Paper Strip Nail Paper Collated Nails","isPartOf":{"@id":"https:\/\/qingdaohf.com\/bg\/#website"},"primaryImageOfPage":{"@id":"https:\/\/qingdaohf.com\/product\/paper-strip-nail\/#primaryimage"},"image":{"@id":"https:\/\/qingdaohf.com\/product\/paper-strip-nail\/#primaryimage"},"thumbnailUrl":"https:\/\/qingdaohf.com\/wp-content\/uploads\/2023\/04\/paper-strip-nail-3.jpg","datePublished":"2023-04-10T08:31:20+00:00","dateModified":"2025-11-13T01:05:14+00:00","description":"Paper strip nails, also known as collated nails or plastic strip nails, are a type of fastener used in construction and carpentry.","breadcrumb":{"@id":"https:\/\/qingdaohf.com\/product\/paper-strip-nail\/#breadcrumb"},"inLanguage":"pt-BR","potentialAction":[{"@type":"ReadAction","target":["https:\/\/qingdaohf.com\/product\/paper-strip-nail\/"]}]},{"@type":"ImageObject","inLanguage":"pt-BR","@id":"https:\/\/qingdaohf.com\/product\/paper-strip-nail\/#primaryimage","url":"https:\/\/qingdaohf.com\/wp-content\/uploads\/2023\/04\/paper-strip-nail-3.jpg","contentUrl":"https:\/\/qingdaohf.com\/wp-content\/uploads\/2023\/04\/paper-strip-nail-3.jpg","width":800,"height":800,"caption":"paper strip nail"},{"@type":"BreadcrumbList","@id":"https:\/\/qingdaohf.com\/product\/paper-strip-nail\/#breadcrumb","itemListElement":[{"@type":"ListItem","position":1,"name":"Home","item":"https:\/\/qingdaohf.com\/"},{"@type":"ListItem","position":2,"name":"Concrete Forming Accessories and Rigging Hardware","item":"https:\/\/qingdaohf.com\/bg\/?page_id=944"},{"@type":"ListItem","position":3,"name":"Paper Strip Nail Paper Collated Nails"}]},{"@type":"WebSite","@id":"https:\/\/qingdaohf.com\/bg\/#website","url":"https:\/\/qingdaohf.com\/bg\/","name":"Concrete Form & Rigging Hardware Supplier","description":"","publisher":{"@id":"https:\/\/qingdaohf.com\/bg\/#organization"},"potentialAction":[{"@type":"SearchAction","target":{"@type":"EntryPoint","urlTemplate":"https:\/\/qingdaohf.com\/bg\/?s={search_term_string}"},"query-input":{"@type":"PropertyValueSpecification","valueRequired":true,"valueName":"search_term_string"}}],"inLanguage":"pt-BR"},{"@type":"Organization","@id":"https:\/\/qingdaohf.com\/bg\/#organization","name":"Qingdao H&F","url":"https:\/\/qingdaohf.com\/bg\/","logo":{"@type":"ImageObject","inLanguage":"pt-BR","@id":"https:\/\/qingdaohf.com\/bg\/#\/schema\/logo\/image\/","url":"https:\/\/qingdaohf.com\/wp-content\/uploads\/2022\/12\/cropped-HF-LOGO.png","contentUrl":"https:\/\/qingdaohf.com\/wp-content\/uploads\/2022\/12\/cropped-HF-LOGO.png","width":391,"height":249,"caption":"Qingdao H&F"},"image":{"@id":"https:\/\/qingdaohf.com\/bg\/#\/schema\/logo\/image\/"},"sameAs":["https:\/\/www.facebook.com\/qingdaohf"]}]}},"_links":{"self":[{"href":"https:\/\/qingdaohf.com\/pt\/wp-json\/wp\/v2\/product\/3452","targetHints":{"allow":["GET"]}}],"collection":[{"href":"https:\/\/qingdaohf.com\/pt\/wp-json\/wp\/v2\/product"}],"about":[{"href":"https:\/\/qingdaohf.com\/pt\/wp-json\/wp\/v2\/types\/product"}],"replies":[{"embeddable":true,"href":"https:\/\/qingdaohf.com\/pt\/wp-json\/wp\/v2\/comments?post=3452"}],"version-history":[{"count":2,"href":"https:\/\/qingdaohf.com\/pt\/wp-json\/wp\/v2\/product\/3452\/revisions"}],"predecessor-version":[{"id":10434,"href":"https:\/\/qingdaohf.com\/pt\/wp-json\/wp\/v2\/product\/3452\/revisions\/10434"}],"wp:featuredmedia":[{"embeddable":true,"href":"https:\/\/qingdaohf.com\/pt\/wp-json\/wp\/v2\/media\/3453"}],"wp:attachment":[{"href":"https:\/\/qingdaohf.com\/pt\/wp-json\/wp\/v2\/media?parent=3452"}],"wp:term":[{"taxonomy":"product_brand","embeddable":true,"href":"https:\/\/qingdaohf.com\/pt\/wp-json\/wp\/v2\/product_brand?post=3452"},{"taxonomy":"product_cat","embeddable":true,"href":"https:\/\/qingdaohf.com\/pt\/wp-json\/wp\/v2\/product_cat?post=3452"},{"taxonomy":"product_tag","embeddable":true,"href":"https:\/\/qingdaohf.com\/pt\/wp-json\/wp\/v2\/product_tag?post=3452"}],"curies":[{"name":"wp","href":"https:\/\/api.w.org\/{rel}","templated":true}]}}