{"id":3549,"date":"2023-04-10T18:57:14","date_gmt":"2023-04-10T10:57:14","guid":{"rendered":"http:\/\/qingdaohf.com\/?post_type=product&#038;p=3549"},"modified":"2025-11-13T09:05:13","modified_gmt":"2025-11-13T01:05:13","slug":"anchor-chain","status":"publish","type":"product","link":"https:\/\/qingdaohf.com\/pt\/produto\/corrente-de-ancoragem\/","title":{"rendered":"Corrente de \u00e2ncora mar\u00edtima Corrente de amarra\u00e7\u00e3o"},"content":{"rendered":"<h3><strong>Introdu\u00e7\u00e3o \u00e0s correntes de \u00e2ncoras mar\u00edtimas<\/strong><\/h3>\n<p>No mundo dos equipamentos mar\u00edtimos, as correntes de ancoragem s\u00e3o componentes essenciais usados para estabilizar e prender as embarca\u00e7\u00f5es durante a atraca\u00e7\u00e3o ou amarra\u00e7\u00e3o. Essas correntes s\u00e3o um elo vital entre uma embarca\u00e7\u00e3o e seu sistema de ancoragem, oferecendo estabilidade mesmo em condi\u00e7\u00f5es de mar turbulento. Dada a import\u00e2ncia das correntes de ancoragem, especialmente em aplica\u00e7\u00f5es de amarra\u00e7\u00e3o, \u00e9 fundamental que os compradores entendam os diferentes tipos e benef\u00edcios que elas oferecem. As correntes de ancoragem mar\u00edtimas, tamb\u00e9m conhecidas como correntes de amarra\u00e7\u00e3o, s\u00e3o categorizadas principalmente em dois tipos: correntes de ancoragem com pinos e correntes de ancoragem sem pinos. Esses tipos variam com base em seu design, durabilidade e aplica\u00e7\u00f5es, cada um oferecendo vantagens distintas em solu\u00e7\u00f5es de amarra\u00e7\u00e3o.<\/p>\n<h3><strong>Cadeias de \u00e2ncoras de links de estudo: Estrutura e aplica\u00e7\u00f5es<\/strong><\/h3>\n<p><img fetchpriority=\"high\" decoding=\"async\" class=\"alignnone size-full wp-image-8170\" src=\"http:\/\/qingdaohf.com\/wp-content\/uploads\/2024\/10\/stud-link-anchor-chain_2.webp\" alt=\"corrente de ancoragem com elos\" width=\"842\" height=\"1091\" srcset=\"https:\/\/qingdaohf.com\/wp-content\/uploads\/2024\/10\/stud-link-anchor-chain_2.webp 842w, https:\/\/qingdaohf.com\/wp-content\/uploads\/2024\/10\/stud-link-anchor-chain_2-232x300.webp 232w, https:\/\/qingdaohf.com\/wp-content\/uploads\/2024\/10\/stud-link-anchor-chain_2-790x1024.webp 790w, https:\/\/qingdaohf.com\/wp-content\/uploads\/2024\/10\/stud-link-anchor-chain_2-768x995.webp 768w, https:\/\/qingdaohf.com\/wp-content\/uploads\/2024\/10\/stud-link-anchor-chain_2-9x12.webp 9w\" sizes=\"(max-width: 842px) 100vw, 842px\" \/><\/p>\n<p>As correntes de \u00e2ncora com elos de pino s\u00e3o amplamente reconhecidas no setor mar\u00edtimo por sua robustez e capacidade de carga. Elas apresentam uma barra de metal, ou pino, em cada elo da corrente, o que proporciona estabilidade adicional. Esse design minimiza a deforma\u00e7\u00e3o dos elos da corrente sob estresse e aumenta a resist\u00eancia da corrente \u00e0 tor\u00e7\u00e3o, mesmo sob alta tens\u00e3o. Essa durabilidade faz com que as correntes de elos com pinos sejam a escolha preferida para aplica\u00e7\u00f5es mar\u00edtimas de servi\u00e7o pesado, especialmente em embarca\u00e7\u00f5es maiores que exigem grande poder de reten\u00e7\u00e3o.<\/p>\n<p>A estrutura de uma corrente de \u00e2ncora com elos de fixa\u00e7\u00e3o n\u00e3o s\u00f3 aumenta sua vida \u00fatil, mas tamb\u00e9m melhora a rela\u00e7\u00e3o resist\u00eancia\/peso. Muitos compradores priorizam esse tipo de corrente de ancoragem por sua capacidade de resistir a ambientes marinhos intensos, incluindo condi\u00e7\u00f5es de amarra\u00e7\u00e3o em alto-mar. Os compradores que consideram as correntes stud link geralmente priorizam o teste do produto, o desempenho em condi\u00e7\u00f5es extremas e a conformidade com os padr\u00f5es de seguran\u00e7a mar\u00edtima. Na Qingdao H&amp;F, entendemos essas preocupa\u00e7\u00f5es e as abordamos realizando inspe\u00e7\u00f5es de qualidade completas, verificando cargas de prova e fornecendo relat\u00f3rios de teste certificados.<\/p>\n<p>Por exemplo, nossas correntes de \u00e2ncora com elos de fixa\u00e7\u00e3o s\u00e3o submetidas a testes rigorosos que atendem ou excedem os padr\u00f5es de certifica\u00e7\u00e3o mar\u00edtima. Esse processo garante aos nossos compradores que cada corrente oferece durabilidade e confiabilidade, aumentando a seguran\u00e7a da embarca\u00e7\u00e3o. Com nosso servi\u00e7o de atendimento ao cliente individualizado e dedicado, garantimos que nossos clientes compreendam totalmente essas especifica\u00e7\u00f5es t\u00e9cnicas e escolham o melhor tipo de corrente adequado \u00e0s suas necessidades.<\/p>\n<h3><strong>Correntes de ancoragem sem pinos: Uma solu\u00e7\u00e3o flex\u00edvel e leve<\/strong><\/h3>\n<p><img fetchpriority=\"high\" decoding=\"async\" class=\"alignnone size-full wp-image-8170\" src=\"http:\/\/qingdaohf.com\/wp-content\/uploads\/2024\/10\/stud-link-anchor-chain_2.webp\" alt=\"corrente de ancoragem com elos\" width=\"842\" height=\"1091\" srcset=\"https:\/\/qingdaohf.com\/wp-content\/uploads\/2024\/10\/stud-link-anchor-chain_2.webp 842w, https:\/\/qingdaohf.com\/wp-content\/uploads\/2024\/10\/stud-link-anchor-chain_2-232x300.webp 232w, https:\/\/qingdaohf.com\/wp-content\/uploads\/2024\/10\/stud-link-anchor-chain_2-790x1024.webp 790w, https:\/\/qingdaohf.com\/wp-content\/uploads\/2024\/10\/stud-link-anchor-chain_2-768x995.webp 768w, https:\/\/qingdaohf.com\/wp-content\/uploads\/2024\/10\/stud-link-anchor-chain_2-9x12.webp 9w\" sizes=\"(max-width: 842px) 100vw, 842px\" \/><\/p>\n<p>As correntes de ancoragem sem pinos s\u00e3o outra op\u00e7\u00e3o popular em aplica\u00e7\u00f5es de amarra\u00e7\u00e3o, valorizadas por sua flexibilidade e peso reduzido. Essas correntes n\u00e3o t\u00eam o pino em cada elo, o que resulta em um design mais simples e suave. Embora as correntes de elos com pinos sejam conhecidas por sua resist\u00eancia, as correntes de ancoragem sem pinos oferecem maior adaptabilidade, o que as torna ideais para aplica\u00e7\u00f5es em que as considera\u00e7\u00f5es de peso s\u00e3o fundamentais, como em embarca\u00e7\u00f5es menores ou instala\u00e7\u00f5es em que o peso reduzido da corrente oferece vantagens funcionais.<\/p>\n<p>A aus\u00eancia de um pino em cada elo permite que a corrente se mova com menos resist\u00eancia e oferece flexibilidade superior em condi\u00e7\u00f5es de mar variadas. Para muitos compradores, essa flexibilidade \u00e9 um fator crucial, especialmente ao ancorar barcos menores, onde uma corrente de ancoragem adapt\u00e1vel \u00e9 altamente ben\u00e9fica. Outro benef\u00edcio significativo das correntes de ancoragem sem pinos est\u00e1 em sua necessidade reduzida de manuten\u00e7\u00e3o. Com menos componentes estruturais, elas exigem inspe\u00e7\u00f5es e reparos menos frequentes em compara\u00e7\u00e3o com as correntes com elos de fixa\u00e7\u00e3o, o que as torna uma op\u00e7\u00e3o econ\u00f4mica ao longo do tempo.<\/p>\n<p>Na Qingdao H&amp;F, reconhecemos que as correntes de ancoragem sem pinos podem atrair os compradores que buscam efici\u00eancia tanto no desempenho quanto na manuten\u00e7\u00e3o. Nosso compromisso com ciclos de entrega r\u00e1pidos garante que essas correntes estejam prontamente dispon\u00edveis, e nossos extensos relat\u00f3rios de inspe\u00e7\u00e3o de qualidade fornecem aos compradores todas as informa\u00e7\u00f5es necess\u00e1rias sobre durabilidade, carga de prova e integridade estrutural. Ao optar por uma corrente de ancoragem sem pinos de nossa empresa, os compradores podem investir com confian\u00e7a em uma solu\u00e7\u00e3o de corrente que equilibra peso, flexibilidade e efici\u00eancia de custo.<\/p>\n<h3><strong>Escolhendo a corrente de \u00e2ncora certa para suas necessidades<\/strong><\/h3>\n<p>Quando se trata de escolher entre correntes de ancoragem com e sem pinos, os compradores devem considerar v\u00e1rios fatores, inclusive o tamanho da embarca\u00e7\u00e3o, a aplica\u00e7\u00e3o pretendida e as condi\u00e7\u00f5es ambientais. Cada tipo tem vantagens exclusivas que o tornam adequado para cen\u00e1rios espec\u00edficos. As embarca\u00e7\u00f5es maiores geralmente exigem correntes de ancoragem com pinos devido \u00e0 sua resist\u00eancia e estabilidade, enquanto as embarca\u00e7\u00f5es menores ou aquelas que exigem correntes leves podem se beneficiar mais de uma op\u00e7\u00e3o de corrente sem pinos.<\/p>\n<p>Ambos os tipos de correntes est\u00e3o dispon\u00edveis em v\u00e1rias especifica\u00e7\u00f5es para atender a diferentes tamanhos de embarca\u00e7\u00f5es e requisitos de amarra\u00e7\u00e3o. Por exemplo, o di\u00e2metro \u00e9 um fator essencial para determinar a capacidade de carga e a durabilidade de uma corrente. Uma linha t\u00edpica pode incluir correntes com di\u00e2metros adequados a diferentes classes de embarca\u00e7\u00f5es, garantindo compatibilidade e desempenho ideal. Na Qingdao H&amp;F, nossa sele\u00e7\u00e3o de correntes de ancoragem foi projetada para atender \u00e0s diversas necessidades do comprador, com op\u00e7\u00f5es personaliz\u00e1veis para se alinhar aos requisitos espec\u00edficos da embarca\u00e7\u00e3o.<\/p>\n<p>Al\u00e9m do tipo e do tamanho da cadeia, os compradores tamb\u00e9m priorizam servi\u00e7os adicionais que possam facilitar seu processo de compra. Na Qingdao H&amp;F, n\u00f3s nos diferenciamos por oferecer suporte individualizado, adaptado \u00e0s necessidades exclusivas de cada cliente. Esse servi\u00e7o personalizado se estende desde a consulta inicial at\u00e9 a assist\u00eancia p\u00f3s-compra, fornecendo aos compradores informa\u00e7\u00f5es sobre as especifica\u00e7\u00f5es da cadeia, testes de carga de prova e certifica\u00e7\u00f5es aplic\u00e1veis. Nossos clientes podem confiar em nosso compromisso com a qualidade, pois cada produto \u00e9 rigorosamente testado e verificado antes do envio, garantindo a conformidade com os padr\u00f5es internacionais e a tranquilidade de nossos compradores.<\/p>\n<h3><strong>Conclus\u00e3o<\/strong><\/h3>\n<p>As correntes de ancoragem mar\u00edtima, sejam elas com ou sem pinos, s\u00e3o indispens\u00e1veis para garantir a estabilidade da embarca\u00e7\u00e3o durante a amarra\u00e7\u00e3o. As correntes com elos, com sua maior estabilidade e resist\u00eancia \u00e0 deforma\u00e7\u00e3o, s\u00e3o ideais para embarca\u00e7\u00f5es maiores e ambientes marinhos exigentes. Por outro lado, as correntes de ancoragem sem pinos oferecem flexibilidade, menor peso e menor manuten\u00e7\u00e3o, o que as torna adequadas para v\u00e1rias aplica\u00e7\u00f5es, especialmente em embarca\u00e7\u00f5es menores.<\/p>\n<p>A Qingdao H&amp;F, um nome de confian\u00e7a no com\u00e9rcio de equipamentos mar\u00edtimos, traz duas d\u00e9cadas de experi\u00eancia para a mesa, oferecendo correntes confi\u00e1veis e de alta qualidade projetadas para atender \u00e0s diversas demandas dos compradores do setor mar\u00edtimo. Nosso compromisso com o atendimento ao cliente, ciclos de entrega r\u00e1pidos e inspe\u00e7\u00f5es de qualidade abrangentes est\u00e1 no centro de nossos servi\u00e7os, garantindo que cada cliente receba uma solu\u00e7\u00e3o de corrente que atenda \u00e0s suas necessidades espec\u00edficas.<\/p>\n<p>Em um setor mar\u00edtimo em r\u00e1pida mudan\u00e7a, ter um parceiro comercial confi\u00e1vel que possa antecipar e atender \u00e0s necessidades do cliente \u00e9 inestim\u00e1vel. Ao escolher a Qingdao H&amp;F, os compradores ganham n\u00e3o apenas produtos de qualidade, mas tamb\u00e9m uma parceria que prioriza seu sucesso e satisfa\u00e7\u00e3o.<\/p>","protected":false},"excerpt":{"rendered":"<div class=\"flex-shrink-0 flex flex-col relative items-end\">\n<div class=\"pt-0\">\n<div class=\"gizmo-bot-avatar flex h-8 w-8 items-center justify-center overflow-hidden rounded-full\">\n<div class=\"relative p-1 rounded-sm flex items-center justify-center bg-token-main-surface-primary text-token-text-primary h-8 w-8\">As correntes de ancoragem mar\u00edtimas, geralmente chamadas de correntes de amarra\u00e7\u00e3o, desempenham um papel fundamental na fixa\u00e7\u00e3o segura das embarca\u00e7\u00f5es durante a amarra\u00e7\u00e3o. Elas s\u00e3o fornecidas em dois tipos principais: correntes de ancoragem com pinos e correntes de ancoragem sem pinos. A Qingdao H&amp;F, com mais de 20 anos de experi\u00eancia em com\u00e9rcio internacional, entende as necessidades e prioridades dos compradores de equipamentos mar\u00edtimos. Nosso atendimento individualizado ao cliente garante suporte personalizado, e nossos processos simplificados garantem ciclos de entrega r\u00e1pidos. Com uma variedade de relat\u00f3rios de inspe\u00e7\u00e3o de qualidade fornecidos para todas as nossas cadeias, ajudamos os clientes a tomar decis\u00f5es de compra bem informadas, sabendo que os produtos que recebem s\u00e3o testados e verificados quanto \u00e0 qualidade e ao desempenho.<\/div>\n<\/div>\n<\/div>\n<\/div>","protected":false},"featured_media":4709,"comment_status":"open","ping_status":"closed","template":"","meta":{"site-sidebar-layout":"default","site-content-layout":"default","ast-site-content-layout":"default","site-content-style":"default","site-sidebar-style":"default","ast-global-header-display":"","ast-banner-title-visibility":"","ast-main-header-display":"","ast-hfb-above-header-display":"","ast-hfb-below-header-display":"","ast-hfb-mobile-header-display":"","site-post-title":"","ast-breadcrumbs-content":"","ast-featured-img":"","footer-sml-layout":"","theme-transparent-header-meta":"default","adv-header-id-meta":"","stick-header-meta":"default","header-above-stick-meta":"","header-main-stick-meta":"","header-below-stick-meta":"","astra-migrate-meta-layouts":"set","ast-page-background-enabled":"default","ast-page-background-meta":{"desktop":{"background-color":"","background-image":"","background-repeat":"repeat","background-position":"center center","background-size":"auto","background-attachment":"scroll","background-type":"","background-media":"","overlay-type":"","overlay-color":"","overlay-opacity":"","overlay-gradient":""},"tablet":{"background-color":"","background-image":"","background-repeat":"repeat","background-position":"center center","background-size":"auto","background-attachment":"scroll","background-type":"","background-media":"","overlay-type":"","overlay-color":"","overlay-opacity":"","overlay-gradient":""},"mobile":{"background-color":"","background-image":"","background-repeat":"repeat","background-position":"center center","background-size":"auto","background-attachment":"scroll","background-type":"","background-media":"","overlay-type":"","overlay-color":"","overlay-opacity":"","overlay-gradient":""}},"ast-content-background-meta":{"desktop":{"background-color":"var(--ast-global-color-5)","background-image":"","background-repeat":"repeat","background-position":"center center","background-size":"auto","background-attachment":"scroll","background-type":"","background-media":"","overlay-type":"","overlay-color":"","overlay-opacity":"","overlay-gradient":""},"tablet":{"background-color":"var(--ast-global-color-5)","background-image":"","background-repeat":"repeat","background-position":"center center","background-size":"auto","background-attachment":"scroll","background-type":"","background-media":"","overlay-type":"","overlay-color":"","overlay-opacity":"","overlay-gradient":""},"mobile":{"background-color":"var(--ast-global-color-5)","background-image":"","background-repeat":"repeat","background-position":"center center","background-size":"auto","background-attachment":"scroll","background-type":"","background-media":"","overlay-type":"","overlay-color":"","overlay-opacity":"","overlay-gradient":""}}},"product_brand":[],"product_cat":[43,38],"product_tag":[],"class_list":{"0":"post-3549","1":"product","2":"type-product","3":"status-publish","4":"has-post-thumbnail","6":"product_cat-rigging-hardware","7":"product_cat-chain","8":"desktop-align-left","9":"tablet-align-left","10":"mobile-align-left","11":"ast-product-gallery-layout-horizontal-slider","12":"ast-product-tabs-layout-horizontal","14":"first","15":"instock","16":"shipping-taxable","17":"purchasable","18":"product-type-simple"},"yoast_head":"<!-- This site is optimized with the Yoast SEO plugin v25.2 - https:\/\/yoast.com\/wordpress\/plugins\/seo\/ -->\n<title>Marine Anchor Chain Mooring Chain<\/title>\n<meta name=\"description\" content=\"The anchor chain is an essential component of maritime equipment used in anchoring and securing a vessel.\" \/>\n<meta name=\"robots\" content=\"index, follow, max-snippet:-1, max-image-preview:large, max-video-preview:-1\" \/>\n<link rel=\"canonical\" href=\"https:\/\/qingdaohf.com\/pt\/produto\/corrente-de-ancoragem\/\" \/>\n<meta property=\"og:locale\" content=\"pt_BR\" \/>\n<meta property=\"og:type\" content=\"article\" \/>\n<meta property=\"og:title\" content=\"Marine Anchor Chain Mooring Chain\" \/>\n<meta property=\"og:description\" content=\"The anchor chain is an essential component of maritime equipment used in anchoring and securing a vessel.\" \/>\n<meta property=\"og:url\" content=\"https:\/\/qingdaohf.com\/pt\/produto\/corrente-de-ancoragem\/\" \/>\n<meta property=\"og:site_name\" content=\"Concrete Form &amp; Rigging Hardware Supplier\" \/>\n<meta property=\"article:publisher\" content=\"https:\/\/www.facebook.com\/qingdaohf\" \/>\n<meta property=\"article:modified_time\" content=\"2025-11-13T01:05:13+00:00\" \/>\n<meta property=\"og:image\" content=\"https:\/\/qingdaohf.com\/wp-content\/uploads\/2023\/04\/anchor-chain-2-2.jpg\" \/>\n\t<meta property=\"og:image:width\" content=\"1000\" \/>\n\t<meta property=\"og:image:height\" content=\"1000\" \/>\n\t<meta property=\"og:image:type\" content=\"image\/jpeg\" \/>\n<meta name=\"twitter:card\" content=\"summary_large_image\" \/>\n<meta name=\"twitter:label1\" content=\"Est. tempo de leitura\" \/>\n\t<meta name=\"twitter:data1\" content=\"5 minutos\" \/>\n<script type=\"application\/ld+json\" class=\"yoast-schema-graph\">{\"@context\":\"https:\/\/schema.org\",\"@graph\":[{\"@type\":\"WebPage\",\"@id\":\"https:\/\/qingdaohf.com\/product\/anchor-chain\/\",\"url\":\"https:\/\/qingdaohf.com\/product\/anchor-chain\/\",\"name\":\"Marine Anchor Chain Mooring Chain\",\"isPartOf\":{\"@id\":\"https:\/\/qingdaohf.com\/bg\/#website\"},\"primaryImageOfPage\":{\"@id\":\"https:\/\/qingdaohf.com\/product\/anchor-chain\/#primaryimage\"},\"image\":{\"@id\":\"https:\/\/qingdaohf.com\/product\/anchor-chain\/#primaryimage\"},\"thumbnailUrl\":\"https:\/\/qingdaohf.com\/wp-content\/uploads\/2023\/04\/anchor-chain-2-2.jpg\",\"datePublished\":\"2023-04-10T10:57:14+00:00\",\"dateModified\":\"2025-11-13T01:05:13+00:00\",\"description\":\"The anchor chain is an essential component of maritime equipment used in anchoring and securing a vessel.\",\"breadcrumb\":{\"@id\":\"https:\/\/qingdaohf.com\/product\/anchor-chain\/#breadcrumb\"},\"inLanguage\":\"pt-BR\",\"potentialAction\":[{\"@type\":\"ReadAction\",\"target\":[\"https:\/\/qingdaohf.com\/product\/anchor-chain\/\"]}]},{\"@type\":\"ImageObject\",\"inLanguage\":\"pt-BR\",\"@id\":\"https:\/\/qingdaohf.com\/product\/anchor-chain\/#primaryimage\",\"url\":\"https:\/\/qingdaohf.com\/wp-content\/uploads\/2023\/04\/anchor-chain-2-2.jpg\",\"contentUrl\":\"https:\/\/qingdaohf.com\/wp-content\/uploads\/2023\/04\/anchor-chain-2-2.jpg\",\"width\":1000,\"height\":1000,\"caption\":\"anchor chain\"},{\"@type\":\"BreadcrumbList\",\"@id\":\"https:\/\/qingdaohf.com\/product\/anchor-chain\/#breadcrumb\",\"itemListElement\":[{\"@type\":\"ListItem\",\"position\":1,\"name\":\"Home\",\"item\":\"https:\/\/qingdaohf.com\/\"},{\"@type\":\"ListItem\",\"position\":2,\"name\":\"Concrete Forming Accessories and Rigging Hardware\",\"item\":\"https:\/\/qingdaohf.com\/bg\/?page_id=944\"},{\"@type\":\"ListItem\",\"position\":3,\"name\":\"Marine Anchor Chain Mooring Chain\"}]},{\"@type\":\"WebSite\",\"@id\":\"https:\/\/qingdaohf.com\/bg\/#website\",\"url\":\"https:\/\/qingdaohf.com\/bg\/\",\"name\":\"Concrete Form & Rigging Hardware Supplier\",\"description\":\"\",\"publisher\":{\"@id\":\"https:\/\/qingdaohf.com\/bg\/#organization\"},\"potentialAction\":[{\"@type\":\"SearchAction\",\"target\":{\"@type\":\"EntryPoint\",\"urlTemplate\":\"https:\/\/qingdaohf.com\/bg\/?s={search_term_string}\"},\"query-input\":{\"@type\":\"PropertyValueSpecification\",\"valueRequired\":true,\"valueName\":\"search_term_string\"}}],\"inLanguage\":\"pt-BR\"},{\"@type\":\"Organization\",\"@id\":\"https:\/\/qingdaohf.com\/bg\/#organization\",\"name\":\"Qingdao H&F\",\"url\":\"https:\/\/qingdaohf.com\/bg\/\",\"logo\":{\"@type\":\"ImageObject\",\"inLanguage\":\"pt-BR\",\"@id\":\"https:\/\/qingdaohf.com\/bg\/#\/schema\/logo\/image\/\",\"url\":\"https:\/\/qingdaohf.com\/wp-content\/uploads\/2022\/12\/cropped-HF-LOGO.png\",\"contentUrl\":\"https:\/\/qingdaohf.com\/wp-content\/uploads\/2022\/12\/cropped-HF-LOGO.png\",\"width\":391,\"height\":249,\"caption\":\"Qingdao H&F\"},\"image\":{\"@id\":\"https:\/\/qingdaohf.com\/bg\/#\/schema\/logo\/image\/\"},\"sameAs\":[\"https:\/\/www.facebook.com\/qingdaohf\"]}]}<\/script>\n<!-- \/ Yoast SEO plugin. -->","yoast_head_json":{"title":"Marine Anchor Chain Mooring Chain","description":"The anchor chain is an essential component of maritime equipment used in anchoring and securing a vessel.","robots":{"index":"index","follow":"follow","max-snippet":"max-snippet:-1","max-image-preview":"max-image-preview:large","max-video-preview":"max-video-preview:-1"},"canonical":"https:\/\/qingdaohf.com\/pt\/produto\/corrente-de-ancoragem\/","og_locale":"pt_BR","og_type":"article","og_title":"Marine Anchor Chain Mooring Chain","og_description":"The anchor chain is an essential component of maritime equipment used in anchoring and securing a vessel.","og_url":"https:\/\/qingdaohf.com\/pt\/produto\/corrente-de-ancoragem\/","og_site_name":"Concrete Form &amp; Rigging Hardware Supplier","article_publisher":"https:\/\/www.facebook.com\/qingdaohf","article_modified_time":"2025-11-13T01:05:13+00:00","og_image":[{"width":1000,"height":1000,"url":"https:\/\/qingdaohf.com\/wp-content\/uploads\/2023\/04\/anchor-chain-2-2.jpg","type":"image\/jpeg"}],"twitter_card":"summary_large_image","twitter_misc":{"Est. tempo de leitura":"5 minutos"},"schema":{"@context":"https:\/\/schema.org","@graph":[{"@type":"WebPage","@id":"https:\/\/qingdaohf.com\/product\/anchor-chain\/","url":"https:\/\/qingdaohf.com\/product\/anchor-chain\/","name":"Marine Anchor Chain Mooring Chain","isPartOf":{"@id":"https:\/\/qingdaohf.com\/bg\/#website"},"primaryImageOfPage":{"@id":"https:\/\/qingdaohf.com\/product\/anchor-chain\/#primaryimage"},"image":{"@id":"https:\/\/qingdaohf.com\/product\/anchor-chain\/#primaryimage"},"thumbnailUrl":"https:\/\/qingdaohf.com\/wp-content\/uploads\/2023\/04\/anchor-chain-2-2.jpg","datePublished":"2023-04-10T10:57:14+00:00","dateModified":"2025-11-13T01:05:13+00:00","description":"The anchor chain is an essential component of maritime equipment used in anchoring and securing a vessel.","breadcrumb":{"@id":"https:\/\/qingdaohf.com\/product\/anchor-chain\/#breadcrumb"},"inLanguage":"pt-BR","potentialAction":[{"@type":"ReadAction","target":["https:\/\/qingdaohf.com\/product\/anchor-chain\/"]}]},{"@type":"ImageObject","inLanguage":"pt-BR","@id":"https:\/\/qingdaohf.com\/product\/anchor-chain\/#primaryimage","url":"https:\/\/qingdaohf.com\/wp-content\/uploads\/2023\/04\/anchor-chain-2-2.jpg","contentUrl":"https:\/\/qingdaohf.com\/wp-content\/uploads\/2023\/04\/anchor-chain-2-2.jpg","width":1000,"height":1000,"caption":"anchor chain"},{"@type":"BreadcrumbList","@id":"https:\/\/qingdaohf.com\/product\/anchor-chain\/#breadcrumb","itemListElement":[{"@type":"ListItem","position":1,"name":"Home","item":"https:\/\/qingdaohf.com\/"},{"@type":"ListItem","position":2,"name":"Concrete Forming Accessories and Rigging Hardware","item":"https:\/\/qingdaohf.com\/bg\/?page_id=944"},{"@type":"ListItem","position":3,"name":"Marine Anchor Chain Mooring Chain"}]},{"@type":"WebSite","@id":"https:\/\/qingdaohf.com\/bg\/#website","url":"https:\/\/qingdaohf.com\/bg\/","name":"Concrete Form & Rigging Hardware Supplier","description":"","publisher":{"@id":"https:\/\/qingdaohf.com\/bg\/#organization"},"potentialAction":[{"@type":"SearchAction","target":{"@type":"EntryPoint","urlTemplate":"https:\/\/qingdaohf.com\/bg\/?s={search_term_string}"},"query-input":{"@type":"PropertyValueSpecification","valueRequired":true,"valueName":"search_term_string"}}],"inLanguage":"pt-BR"},{"@type":"Organization","@id":"https:\/\/qingdaohf.com\/bg\/#organization","name":"Qingdao H&F","url":"https:\/\/qingdaohf.com\/bg\/","logo":{"@type":"ImageObject","inLanguage":"pt-BR","@id":"https:\/\/qingdaohf.com\/bg\/#\/schema\/logo\/image\/","url":"https:\/\/qingdaohf.com\/wp-content\/uploads\/2022\/12\/cropped-HF-LOGO.png","contentUrl":"https:\/\/qingdaohf.com\/wp-content\/uploads\/2022\/12\/cropped-HF-LOGO.png","width":391,"height":249,"caption":"Qingdao H&F"},"image":{"@id":"https:\/\/qingdaohf.com\/bg\/#\/schema\/logo\/image\/"},"sameAs":["https:\/\/www.facebook.com\/qingdaohf"]}]}},"_links":{"self":[{"href":"https:\/\/qingdaohf.com\/pt\/wp-json\/wp\/v2\/product\/3549","targetHints":{"allow":["GET"]}}],"collection":[{"href":"https:\/\/qingdaohf.com\/pt\/wp-json\/wp\/v2\/product"}],"about":[{"href":"https:\/\/qingdaohf.com\/pt\/wp-json\/wp\/v2\/types\/product"}],"replies":[{"embeddable":true,"href":"https:\/\/qingdaohf.com\/pt\/wp-json\/wp\/v2\/comments?post=3549"}],"version-history":[{"count":8,"href":"https:\/\/qingdaohf.com\/pt\/wp-json\/wp\/v2\/product\/3549\/revisions"}],"predecessor-version":[{"id":8096,"href":"https:\/\/qingdaohf.com\/pt\/wp-json\/wp\/v2\/product\/3549\/revisions\/8096"}],"wp:featuredmedia":[{"embeddable":true,"href":"https:\/\/qingdaohf.com\/pt\/wp-json\/wp\/v2\/media\/4709"}],"wp:attachment":[{"href":"https:\/\/qingdaohf.com\/pt\/wp-json\/wp\/v2\/media?parent=3549"}],"wp:term":[{"taxonomy":"product_brand","embeddable":true,"href":"https:\/\/qingdaohf.com\/pt\/wp-json\/wp\/v2\/product_brand?post=3549"},{"taxonomy":"product_cat","embeddable":true,"href":"https:\/\/qingdaohf.com\/pt\/wp-json\/wp\/v2\/product_cat?post=3549"},{"taxonomy":"product_tag","embeddable":true,"href":"https:\/\/qingdaohf.com\/pt\/wp-json\/wp\/v2\/product_tag?post=3549"}],"curies":[{"name":"wp","href":"https:\/\/api.w.org\/{rel}","templated":true}]}}