{"id":3772,"date":"2023-05-17T17:53:49","date_gmt":"2023-05-17T09:53:49","guid":{"rendered":"http:\/\/qingdaohf.com\/?post_type=product&#038;p=3772"},"modified":"2025-11-13T09:05:12","modified_gmt":"2025-11-13T01:05:12","slug":"stainless-steel-anchor-shackle-bow-shackle","status":"publish","type":"product","link":"https:\/\/qingdaohf.com\/pt\/produto\/manilha-de-aco-inoxidavel-para-ancora-manilha-de-proa\/","title":{"rendered":"Manilha de a\u00e7o inoxid\u00e1vel para \u00e2ncora Manilha de proa"},"content":{"rendered":"<p>A manilha de ancoragem de a\u00e7o inoxid\u00e1vel \u00e9 uma pe\u00e7a de hardware robusta e confi\u00e1vel usada em v\u00e1rios setores, incluindo o mar\u00edtimo, o de constru\u00e7\u00e3o, o de amarra\u00e7\u00e3o e o de reboque. Ela serve como um elo essencial para conectar correntes, cordas ou correias a pontos de ancoragem, proporcionando uma conex\u00e3o segura e est\u00e1vel.<\/p>\n<p>Aqui est\u00e3o alguns dos principais recursos e benef\u00edcios da manilha de ancoragem de a\u00e7o inoxid\u00e1vel:<\/p>\n<ol>\n<li>Material: A manilha \u00e9 fabricada em a\u00e7o inoxid\u00e1vel de alta qualidade, que oferece excepcional resist\u00eancia \u00e0 corros\u00e3o, tornando-a ideal para aplica\u00e7\u00f5es mar\u00edtimas e externas. O a\u00e7o inoxid\u00e1vel garante longevidade e durabilidade, mesmo em ambientes agressivos e corrosivos.<\/li>\n<li>Design: A manilha de ancoragem apresenta um design em forma de U com um pino ou parafuso rosqueado que passa pelos ilh\u00f3s ou elos da corrente do ponto de ancoragem. Esse design permite a fixa\u00e7\u00e3o segura e a r\u00e1pida instala\u00e7\u00e3o ou remo\u00e7\u00e3o quando necess\u00e1rio.<\/li>\n<li>Capacidade de carga: As manilhas de ancoragem s\u00e3o fornecidas em v\u00e1rios tamanhos e t\u00eam limites de carga de trabalho (WLL) especificados que indicam a carga m\u00e1xima que podem suportar com seguran\u00e7a. \u00c9 fundamental escolher o tamanho adequado da manilha e o WLL com base nos requisitos de carga pretendidos para garantir uma opera\u00e7\u00e3o segura e confi\u00e1vel.<\/li>\n<li>Seguran\u00e7a: A manilha de ancoragem \u00e9 projetada com recursos de seguran\u00e7a para evitar a libera\u00e7\u00e3o acidental. Normalmente, ela incorpora um mecanismo de pino ou parafuso cativo que garante que o pino permane\u00e7a firmemente no lugar, minimizando o risco de desprendimento durante as opera\u00e7\u00f5es.<\/li>\n<li>Versatilidade: A manilha de \u00e2ncora \u00e9 altamente vers\u00e1til e amplamente utilizada em diversas aplica\u00e7\u00f5es. \u00c9 comumente empregada para conectar correntes de ancoragem em barcos, prender equipamentos ou cargas pesadas e como um componente vital em opera\u00e7\u00f5es de eleva\u00e7\u00e3o e amarra\u00e7\u00e3o.<\/li>\n<li>F\u00e1cil de usar: o design da manilha de ancoragem permite a instala\u00e7\u00e3o e a remo\u00e7\u00e3o simples. Ela pode ser rapidamente rosqueada em pontos de ancoragem, correntes ou la\u00e7os, proporcionando uma conex\u00e3o confi\u00e1vel para v\u00e1rias tarefas.<br \/>\n<img fetchpriority=\"high\" decoding=\"async\" class=\"alignnone size-full wp-image-3778\" src=\"http:\/\/qingdaohf.com\/wp-content\/uploads\/2023\/05\/stainless-steel-anchor-shackle-2.jpg\" alt=\"manilha de ancoragem de a\u00e7o inoxid\u00e1vel \" width=\"1000\" height=\"650\" srcset=\"https:\/\/qingdaohf.com\/wp-content\/uploads\/2023\/05\/stainless-steel-anchor-shackle-2.jpg 1000w, https:\/\/qingdaohf.com\/wp-content\/uploads\/2023\/05\/stainless-steel-anchor-shackle-2-300x195.jpg 300w, https:\/\/qingdaohf.com\/wp-content\/uploads\/2023\/05\/stainless-steel-anchor-shackle-2-768x499.jpg 768w\" sizes=\"(max-width: 1000px) 100vw, 1000px\" \/><\/li>\n<\/ol>","protected":false},"excerpt":{"rendered":"<p>\u00c9 fundamental seguir as diretrizes de seguran\u00e7a e os padr\u00f5es do setor ao usar a manilha de ancoragem de a\u00e7o inoxid\u00e1vel. A inspe\u00e7\u00e3o regular para verificar se h\u00e1 sinais de desgaste, deforma\u00e7\u00e3o ou danos \u00e9 essencial para garantir o desempenho e a seguran\u00e7a ideais.<\/p>","protected":false},"featured_media":3773,"comment_status":"open","ping_status":"closed","template":"","meta":{"site-sidebar-layout":"default","site-content-layout":"default","ast-site-content-layout":"","site-content-style":"default","site-sidebar-style":"default","ast-global-header-display":"","ast-banner-title-visibility":"","ast-main-header-display":"","ast-hfb-above-header-display":"","ast-hfb-below-header-display":"","ast-hfb-mobile-header-display":"","site-post-title":"","ast-breadcrumbs-content":"","ast-featured-img":"","footer-sml-layout":"","theme-transparent-header-meta":"default","adv-header-id-meta":"","stick-header-meta":"default","header-above-stick-meta":"","header-main-stick-meta":"","header-below-stick-meta":"","astra-migrate-meta-layouts":"default","ast-page-background-enabled":"default","ast-page-background-meta":{"desktop":{"background-color":"","background-image":"","background-repeat":"repeat","background-position":"center center","background-size":"auto","background-attachment":"scroll","background-type":"","background-media":"","overlay-type":"","overlay-color":"","overlay-opacity":"","overlay-gradient":""},"tablet":{"background-color":"","background-image":"","background-repeat":"repeat","background-position":"center center","background-size":"auto","background-attachment":"scroll","background-type":"","background-media":"","overlay-type":"","overlay-color":"","overlay-opacity":"","overlay-gradient":""},"mobile":{"background-color":"","background-image":"","background-repeat":"repeat","background-position":"center center","background-size":"auto","background-attachment":"scroll","background-type":"","background-media":"","overlay-type":"","overlay-color":"","overlay-opacity":"","overlay-gradient":""}},"ast-content-background-meta":{"desktop":{"background-color":"var(--ast-global-color-5)","background-image":"","background-repeat":"repeat","background-position":"center center","background-size":"auto","background-attachment":"scroll","background-type":"","background-media":"","overlay-type":"","overlay-color":"","overlay-opacity":"","overlay-gradient":""},"tablet":{"background-color":"var(--ast-global-color-5)","background-image":"","background-repeat":"repeat","background-position":"center center","background-size":"auto","background-attachment":"scroll","background-type":"","background-media":"","overlay-type":"","overlay-color":"","overlay-opacity":"","overlay-gradient":""},"mobile":{"background-color":"var(--ast-global-color-5)","background-image":"","background-repeat":"repeat","background-position":"center center","background-size":"auto","background-attachment":"scroll","background-type":"","background-media":"","overlay-type":"","overlay-color":"","overlay-opacity":"","overlay-gradient":""}}},"product_brand":[],"product_cat":[43,44,54],"product_tag":[],"class_list":{"0":"post-3772","1":"product","2":"type-product","3":"status-publish","4":"has-post-thumbnail","6":"product_cat-rigging-hardware","7":"product_cat-stainless-steel-poduct","8":"product_cat-shackle","9":"desktop-align-left","10":"tablet-align-left","11":"mobile-align-left","12":"ast-product-gallery-layout-horizontal-slider","13":"ast-product-tabs-layout-horizontal","15":"first","16":"instock","17":"shipping-taxable","18":"purchasable","19":"product-type-simple"},"yoast_head":"<!-- This site is optimized with the Yoast SEO plugin v25.2 - https:\/\/yoast.com\/wordpress\/plugins\/seo\/ -->\n<title>Stainless Steel Anchor Shackle Bow Shackle<\/title>\n<meta name=\"description\" content=\"It is crucial to adhere to safety guidelines and industry standards when using the Stainless Steel Anchor Shackle. Regular inspection for any signs of wear, deformation, or damage is essential to ensure optimal performance and safety.\" \/>\n<meta name=\"robots\" content=\"index, follow, max-snippet:-1, max-image-preview:large, max-video-preview:-1\" \/>\n<link rel=\"canonical\" href=\"https:\/\/qingdaohf.com\/pt\/produto\/manilha-de-aco-inoxidavel-para-ancora-manilha-de-proa\/\" \/>\n<meta property=\"og:locale\" content=\"pt_BR\" \/>\n<meta property=\"og:type\" content=\"article\" \/>\n<meta property=\"og:title\" content=\"Stainless Steel Anchor Shackle Bow Shackle\" \/>\n<meta property=\"og:description\" content=\"It is crucial to adhere to safety guidelines and industry standards when using the Stainless Steel Anchor Shackle. Regular inspection for any signs of wear, deformation, or damage is essential to ensure optimal performance and safety.\" \/>\n<meta property=\"og:url\" content=\"https:\/\/qingdaohf.com\/pt\/produto\/manilha-de-aco-inoxidavel-para-ancora-manilha-de-proa\/\" \/>\n<meta property=\"og:site_name\" content=\"Concrete Form &amp; Rigging Hardware Supplier\" \/>\n<meta property=\"article:publisher\" content=\"https:\/\/www.facebook.com\/qingdaohf\" \/>\n<meta property=\"article:modified_time\" content=\"2025-11-13T01:05:12+00:00\" \/>\n<meta property=\"og:image\" content=\"https:\/\/qingdaohf.com\/wp-content\/uploads\/2023\/05\/anchor-shackle-8.jpg\" \/>\n\t<meta property=\"og:image:width\" content=\"1000\" \/>\n\t<meta property=\"og:image:height\" content=\"1000\" \/>\n\t<meta property=\"og:image:type\" content=\"image\/jpeg\" \/>\n<meta name=\"twitter:card\" content=\"summary_large_image\" \/>\n<meta name=\"twitter:label1\" content=\"Est. tempo de leitura\" \/>\n\t<meta name=\"twitter:data1\" content=\"2 minutos\" \/>\n<script type=\"application\/ld+json\" class=\"yoast-schema-graph\">{\"@context\":\"https:\/\/schema.org\",\"@graph\":[{\"@type\":\"WebPage\",\"@id\":\"https:\/\/qingdaohf.com\/product\/stainless-steel-anchor-shackle-bow-shackle\/\",\"url\":\"https:\/\/qingdaohf.com\/product\/stainless-steel-anchor-shackle-bow-shackle\/\",\"name\":\"Stainless Steel Anchor Shackle Bow Shackle\",\"isPartOf\":{\"@id\":\"https:\/\/qingdaohf.com\/bg\/#website\"},\"primaryImageOfPage\":{\"@id\":\"https:\/\/qingdaohf.com\/product\/stainless-steel-anchor-shackle-bow-shackle\/#primaryimage\"},\"image\":{\"@id\":\"https:\/\/qingdaohf.com\/product\/stainless-steel-anchor-shackle-bow-shackle\/#primaryimage\"},\"thumbnailUrl\":\"https:\/\/qingdaohf.com\/wp-content\/uploads\/2023\/05\/anchor-shackle-8.jpg\",\"datePublished\":\"2023-05-17T09:53:49+00:00\",\"dateModified\":\"2025-11-13T01:05:12+00:00\",\"description\":\"It is crucial to adhere to safety guidelines and industry standards when using the Stainless Steel Anchor Shackle. Regular inspection for any signs of wear, deformation, or damage is essential to ensure optimal performance and safety.\",\"breadcrumb\":{\"@id\":\"https:\/\/qingdaohf.com\/product\/stainless-steel-anchor-shackle-bow-shackle\/#breadcrumb\"},\"inLanguage\":\"pt-BR\",\"potentialAction\":[{\"@type\":\"ReadAction\",\"target\":[\"https:\/\/qingdaohf.com\/product\/stainless-steel-anchor-shackle-bow-shackle\/\"]}]},{\"@type\":\"ImageObject\",\"inLanguage\":\"pt-BR\",\"@id\":\"https:\/\/qingdaohf.com\/product\/stainless-steel-anchor-shackle-bow-shackle\/#primaryimage\",\"url\":\"https:\/\/qingdaohf.com\/wp-content\/uploads\/2023\/05\/anchor-shackle-8.jpg\",\"contentUrl\":\"https:\/\/qingdaohf.com\/wp-content\/uploads\/2023\/05\/anchor-shackle-8.jpg\",\"width\":1000,\"height\":1000,\"caption\":\"anchor shackle\"},{\"@type\":\"BreadcrumbList\",\"@id\":\"https:\/\/qingdaohf.com\/product\/stainless-steel-anchor-shackle-bow-shackle\/#breadcrumb\",\"itemListElement\":[{\"@type\":\"ListItem\",\"position\":1,\"name\":\"Home\",\"item\":\"https:\/\/qingdaohf.com\/\"},{\"@type\":\"ListItem\",\"position\":2,\"name\":\"Concrete Forming Accessories and Rigging Hardware\",\"item\":\"https:\/\/qingdaohf.com\/bg\/?page_id=944\"},{\"@type\":\"ListItem\",\"position\":3,\"name\":\"Stainless Steel Anchor Shackle Bow Shackle\"}]},{\"@type\":\"WebSite\",\"@id\":\"https:\/\/qingdaohf.com\/bg\/#website\",\"url\":\"https:\/\/qingdaohf.com\/bg\/\",\"name\":\"Concrete Form & Rigging Hardware Supplier\",\"description\":\"\",\"publisher\":{\"@id\":\"https:\/\/qingdaohf.com\/bg\/#organization\"},\"potentialAction\":[{\"@type\":\"SearchAction\",\"target\":{\"@type\":\"EntryPoint\",\"urlTemplate\":\"https:\/\/qingdaohf.com\/bg\/?s={search_term_string}\"},\"query-input\":{\"@type\":\"PropertyValueSpecification\",\"valueRequired\":true,\"valueName\":\"search_term_string\"}}],\"inLanguage\":\"pt-BR\"},{\"@type\":\"Organization\",\"@id\":\"https:\/\/qingdaohf.com\/bg\/#organization\",\"name\":\"Qingdao H&F\",\"url\":\"https:\/\/qingdaohf.com\/bg\/\",\"logo\":{\"@type\":\"ImageObject\",\"inLanguage\":\"pt-BR\",\"@id\":\"https:\/\/qingdaohf.com\/bg\/#\/schema\/logo\/image\/\",\"url\":\"https:\/\/qingdaohf.com\/wp-content\/uploads\/2022\/12\/cropped-HF-LOGO.png\",\"contentUrl\":\"https:\/\/qingdaohf.com\/wp-content\/uploads\/2022\/12\/cropped-HF-LOGO.png\",\"width\":391,\"height\":249,\"caption\":\"Qingdao H&F\"},\"image\":{\"@id\":\"https:\/\/qingdaohf.com\/bg\/#\/schema\/logo\/image\/\"},\"sameAs\":[\"https:\/\/www.facebook.com\/qingdaohf\"]}]}<\/script>\n<!-- \/ Yoast SEO plugin. -->","yoast_head_json":{"title":"Stainless Steel Anchor Shackle Bow Shackle","description":"It is crucial to adhere to safety guidelines and industry standards when using the Stainless Steel Anchor Shackle. Regular inspection for any signs of wear, deformation, or damage is essential to ensure optimal performance and safety.","robots":{"index":"index","follow":"follow","max-snippet":"max-snippet:-1","max-image-preview":"max-image-preview:large","max-video-preview":"max-video-preview:-1"},"canonical":"https:\/\/qingdaohf.com\/pt\/produto\/manilha-de-aco-inoxidavel-para-ancora-manilha-de-proa\/","og_locale":"pt_BR","og_type":"article","og_title":"Stainless Steel Anchor Shackle Bow Shackle","og_description":"It is crucial to adhere to safety guidelines and industry standards when using the Stainless Steel Anchor Shackle. Regular inspection for any signs of wear, deformation, or damage is essential to ensure optimal performance and safety.","og_url":"https:\/\/qingdaohf.com\/pt\/produto\/manilha-de-aco-inoxidavel-para-ancora-manilha-de-proa\/","og_site_name":"Concrete Form &amp; Rigging Hardware Supplier","article_publisher":"https:\/\/www.facebook.com\/qingdaohf","article_modified_time":"2025-11-13T01:05:12+00:00","og_image":[{"width":1000,"height":1000,"url":"https:\/\/qingdaohf.com\/wp-content\/uploads\/2023\/05\/anchor-shackle-8.jpg","type":"image\/jpeg"}],"twitter_card":"summary_large_image","twitter_misc":{"Est. tempo de leitura":"2 minutos"},"schema":{"@context":"https:\/\/schema.org","@graph":[{"@type":"WebPage","@id":"https:\/\/qingdaohf.com\/product\/stainless-steel-anchor-shackle-bow-shackle\/","url":"https:\/\/qingdaohf.com\/product\/stainless-steel-anchor-shackle-bow-shackle\/","name":"Stainless Steel Anchor Shackle Bow Shackle","isPartOf":{"@id":"https:\/\/qingdaohf.com\/bg\/#website"},"primaryImageOfPage":{"@id":"https:\/\/qingdaohf.com\/product\/stainless-steel-anchor-shackle-bow-shackle\/#primaryimage"},"image":{"@id":"https:\/\/qingdaohf.com\/product\/stainless-steel-anchor-shackle-bow-shackle\/#primaryimage"},"thumbnailUrl":"https:\/\/qingdaohf.com\/wp-content\/uploads\/2023\/05\/anchor-shackle-8.jpg","datePublished":"2023-05-17T09:53:49+00:00","dateModified":"2025-11-13T01:05:12+00:00","description":"It is crucial to adhere to safety guidelines and industry standards when using the Stainless Steel Anchor Shackle. Regular inspection for any signs of wear, deformation, or damage is essential to ensure optimal performance and safety.","breadcrumb":{"@id":"https:\/\/qingdaohf.com\/product\/stainless-steel-anchor-shackle-bow-shackle\/#breadcrumb"},"inLanguage":"pt-BR","potentialAction":[{"@type":"ReadAction","target":["https:\/\/qingdaohf.com\/product\/stainless-steel-anchor-shackle-bow-shackle\/"]}]},{"@type":"ImageObject","inLanguage":"pt-BR","@id":"https:\/\/qingdaohf.com\/product\/stainless-steel-anchor-shackle-bow-shackle\/#primaryimage","url":"https:\/\/qingdaohf.com\/wp-content\/uploads\/2023\/05\/anchor-shackle-8.jpg","contentUrl":"https:\/\/qingdaohf.com\/wp-content\/uploads\/2023\/05\/anchor-shackle-8.jpg","width":1000,"height":1000,"caption":"anchor shackle"},{"@type":"BreadcrumbList","@id":"https:\/\/qingdaohf.com\/product\/stainless-steel-anchor-shackle-bow-shackle\/#breadcrumb","itemListElement":[{"@type":"ListItem","position":1,"name":"Home","item":"https:\/\/qingdaohf.com\/"},{"@type":"ListItem","position":2,"name":"Concrete Forming Accessories and Rigging Hardware","item":"https:\/\/qingdaohf.com\/bg\/?page_id=944"},{"@type":"ListItem","position":3,"name":"Stainless Steel Anchor Shackle Bow Shackle"}]},{"@type":"WebSite","@id":"https:\/\/qingdaohf.com\/bg\/#website","url":"https:\/\/qingdaohf.com\/bg\/","name":"Concrete Form & Rigging Hardware Supplier","description":"","publisher":{"@id":"https:\/\/qingdaohf.com\/bg\/#organization"},"potentialAction":[{"@type":"SearchAction","target":{"@type":"EntryPoint","urlTemplate":"https:\/\/qingdaohf.com\/bg\/?s={search_term_string}"},"query-input":{"@type":"PropertyValueSpecification","valueRequired":true,"valueName":"search_term_string"}}],"inLanguage":"pt-BR"},{"@type":"Organization","@id":"https:\/\/qingdaohf.com\/bg\/#organization","name":"Qingdao H&F","url":"https:\/\/qingdaohf.com\/bg\/","logo":{"@type":"ImageObject","inLanguage":"pt-BR","@id":"https:\/\/qingdaohf.com\/bg\/#\/schema\/logo\/image\/","url":"https:\/\/qingdaohf.com\/wp-content\/uploads\/2022\/12\/cropped-HF-LOGO.png","contentUrl":"https:\/\/qingdaohf.com\/wp-content\/uploads\/2022\/12\/cropped-HF-LOGO.png","width":391,"height":249,"caption":"Qingdao H&F"},"image":{"@id":"https:\/\/qingdaohf.com\/bg\/#\/schema\/logo\/image\/"},"sameAs":["https:\/\/www.facebook.com\/qingdaohf"]}]}},"_links":{"self":[{"href":"https:\/\/qingdaohf.com\/pt\/wp-json\/wp\/v2\/product\/3772","targetHints":{"allow":["GET"]}}],"collection":[{"href":"https:\/\/qingdaohf.com\/pt\/wp-json\/wp\/v2\/product"}],"about":[{"href":"https:\/\/qingdaohf.com\/pt\/wp-json\/wp\/v2\/types\/product"}],"replies":[{"embeddable":true,"href":"https:\/\/qingdaohf.com\/pt\/wp-json\/wp\/v2\/comments?post=3772"}],"version-history":[{"count":1,"href":"https:\/\/qingdaohf.com\/pt\/wp-json\/wp\/v2\/product\/3772\/revisions"}],"predecessor-version":[{"id":10430,"href":"https:\/\/qingdaohf.com\/pt\/wp-json\/wp\/v2\/product\/3772\/revisions\/10430"}],"wp:featuredmedia":[{"embeddable":true,"href":"https:\/\/qingdaohf.com\/pt\/wp-json\/wp\/v2\/media\/3773"}],"wp:attachment":[{"href":"https:\/\/qingdaohf.com\/pt\/wp-json\/wp\/v2\/media?parent=3772"}],"wp:term":[{"taxonomy":"product_brand","embeddable":true,"href":"https:\/\/qingdaohf.com\/pt\/wp-json\/wp\/v2\/product_brand?post=3772"},{"taxonomy":"product_cat","embeddable":true,"href":"https:\/\/qingdaohf.com\/pt\/wp-json\/wp\/v2\/product_cat?post=3772"},{"taxonomy":"product_tag","embeddable":true,"href":"https:\/\/qingdaohf.com\/pt\/wp-json\/wp\/v2\/product_tag?post=3772"}],"curies":[{"name":"wp","href":"https:\/\/api.w.org\/{rel}","templated":true}]}}