{"id":3822,"date":"2023-05-19T16:36:58","date_gmt":"2023-05-19T08:36:58","guid":{"rendered":"http:\/\/qingdaohf.com\/?post_type=product&#038;p=3822"},"modified":"2025-11-13T09:05:11","modified_gmt":"2025-11-13T01:05:11","slug":"g215-shackle","status":"publish","type":"product","link":"https:\/\/qingdaohf.com\/pt\/produto\/g213-g215-manilha-galvanizada\/","title":{"rendered":"Manilha galvanizada G215"},"content":{"rendered":"<p class=\"\" data-start=\"525\" data-end=\"1183\">A manilha G215 incorpora uma combina\u00e7\u00e3o de engenharia robusta e habilidade refinada, feita sob medida para uma variedade de aplica\u00e7\u00f5es industriais. Fabricado com aten\u00e7\u00e3o meticulosa aos detalhes, esse produto foi desenvolvido para atender a rigorosos padr\u00f5es de controle de qualidade e, ao mesmo tempo, oferecer uma solu\u00e7\u00e3o pr\u00e1tica para necessidades complexas de amarra\u00e7\u00e3o. Projetada para resili\u00eancia, a manilha G215 apresenta um equil\u00edbrio excepcional entre for\u00e7a de suporte de carga e efici\u00eancia operacional, abordando os diversos desafios encontrados em tarefas pesadas. Sua constru\u00e7\u00e3o reflete os mais recentes avan\u00e7os na ci\u00eancia dos materiais, garantindo que cada unidade tenha um desempenho confi\u00e1vel em condi\u00e7\u00f5es adversas.<\/p>\n<h2 class=\"\" data-start=\"1185\" data-end=\"1223\">Especifica\u00e7\u00f5es e detalhes do projeto<\/h2>\n<p class=\"\" data-start=\"1224\" data-end=\"1898\">Esse acess\u00f3rio de amarra\u00e7\u00e3o \u00e9 constru\u00eddo principalmente com a\u00e7o de liga premium, que n\u00e3o s\u00f3 garante uma excelente rela\u00e7\u00e3o resist\u00eancia-peso, mas tamb\u00e9m oferece resist\u00eancia superior ao desgaste e \u00e0 corros\u00e3o. A manilha G215 foi projetada com precis\u00e3o para acomodar capacidades de carga espec\u00edficas que atendem a v\u00e1rias demandas operacionais. Suas dimens\u00f5es e toler\u00e2ncias foram rigorosamente testadas e refinadas, garantindo que a manilha tenha um desempenho ideal mesmo quando submetida a tens\u00f5es repetitivas e pesadas. A engenharia por tr\u00e1s desse produto incorpora elementos de projeto avan\u00e7ados que minimizam qualquer poss\u00edvel deforma\u00e7\u00e3o sob carga, aumentando assim a seguran\u00e7a geral e a consist\u00eancia operacional.<\/p>\n<h2 class=\"\" data-start=\"1900\" data-end=\"1940\">Composi\u00e7\u00e3o e durabilidade do material<\/h2>\n<p class=\"\" data-start=\"1941\" data-end=\"2764\">No centro do desempenho da manilha G215 est\u00e1 a composi\u00e7\u00e3o superior do material. A liga de a\u00e7o de alta qualidade utilizada em sua fabrica\u00e7\u00e3o foi escolhida por suas propriedades mec\u00e2nicas excepcionais, incluindo alta resist\u00eancia \u00e0 tra\u00e7\u00e3o e resist\u00eancia \u00e0 degrada\u00e7\u00e3o ambiental. Essa escolha de material contribui para a impressionante durabilidade e longevidade da manilha, mesmo em face das condi\u00e7\u00f5es clim\u00e1ticas flutuantes e da exposi\u00e7\u00e3o a ambientes industriais adversos. Aprimorado por t\u00e9cnicas metal\u00fargicas modernas, o material n\u00e3o apenas atende, mas tamb\u00e9m excede os padr\u00f5es internacionais, o que confere \u00e0 manilha v\u00e1rias certifica\u00e7\u00f5es que atestam sua qualidade e confiabilidade. Os rigorosos testes de controle de qualidade, realizados por \u00f3rg\u00e3os credenciados, validam ainda mais a capacidade da manilha de manter a integridade do desempenho durante longos per\u00edodos de uso.<\/p>\n<h2 class=\"\" data-start=\"2766\" data-end=\"2799\">Aplica\u00e7\u00e3o e uso no setor<\/h2>\n<p class=\"\" data-start=\"2800\" data-end=\"3604\">A versatilidade da manilha G215 \u00e9 evidente em sua ampla gama de aplica\u00e7\u00f5es em v\u00e1rios setores. Os profissionais dos setores de constru\u00e7\u00e3o, opera\u00e7\u00f5es mar\u00edtimas e maquin\u00e1rio pesado descobriram que seu design inovador atende \u00e0s preocupa\u00e7\u00f5es cr\u00edticas de seguran\u00e7a e \u00e0s demandas operacionais de forma eficaz. Sua engenharia precisa permite a integra\u00e7\u00e3o perfeita com outros componentes de amarra\u00e7\u00e3o, simplificando assim os processos e reduzindo o risco de falhas durante tarefas intensas. Em cen\u00e1rios em que a confiabilidade \u00e9 fundamental, a manilha G215 se destaca como um produto que garante seguran\u00e7a e efici\u00eancia. A constru\u00e7\u00e3o robusta do produto e a conformidade com os padr\u00f5es globais oferecem aos usu\u00e1rios a garantia de que ele pode lidar com diversos desafios, desde opera\u00e7\u00f5es de rotina at\u00e9 os projetos industriais mais exigentes.<\/p>\n<p><img fetchpriority=\"high\" decoding=\"async\" class=\"alignnone size-full wp-image-3828\" src=\"http:\/\/qingdaohf.com\/wp-content\/uploads\/2023\/05\/G213-G215.jpg\" alt=\"Manilha G213 G215\" width=\"1000\" height=\"1281\" srcset=\"https:\/\/qingdaohf.com\/wp-content\/uploads\/2023\/05\/G213-G215.jpg 1000w, https:\/\/qingdaohf.com\/wp-content\/uploads\/2023\/05\/G213-G215-234x300.jpg 234w, https:\/\/qingdaohf.com\/wp-content\/uploads\/2023\/05\/G213-G215-799x1024.jpg 799w, https:\/\/qingdaohf.com\/wp-content\/uploads\/2023\/05\/G213-G215-768x984.jpg 768w\" sizes=\"(max-width: 1000px) 100vw, 1000px\" \/><\/p>\n<h2 class=\"\" data-start=\"3606\" data-end=\"3644\">Vantagens da parceria com a H&amp;F<\/h2>\n<p class=\"\" data-start=\"3645\" data-end=\"4834\">Quando se trata de obter hardware de rigging confi\u00e1vel, a parceria com a H&amp;F oferece vantagens distintas que diferenciam a empresa. Os compradores apreciam o suporte abrangente fornecido, desde a disponibilidade de amostras gr\u00e1tis at\u00e9 o atendimento individualizado ao cliente que atende \u00e0s necessidades individuais. O compromisso da H&amp;F com a qualidade e o servi\u00e7o fica evidente na op\u00e7\u00e3o de entrega porta a porta, que garante a chegada dos produtos em tempo h\u00e1bil e com seguran\u00e7a. Embora muitos produtos sejam provenientes de desenvolvedores externos, a H&amp;F mant\u00e9m um rigoroso processo de inspe\u00e7\u00e3o e um regime de controle de qualidade que garante que cada unidade atenda \u00e0s certifica\u00e7\u00f5es exigidas. A abordagem proativa da empresa em rela\u00e7\u00e3o ao atendimento ao cliente e sua dedica\u00e7\u00e3o em facilitar solu\u00e7\u00f5es personalizadas ajudam a construir relacionamentos duradouros baseados na confian\u00e7a e no sucesso m\u00fatuo. Os clientes s\u00e3o convidados a experimentar uma combina\u00e7\u00e3o de orienta\u00e7\u00e3o especializada e produtos inovadores que simplificam as complexidades do equipamento industrial. Essa dedica\u00e7\u00e3o \u00e0 excel\u00eancia se reflete em todos os aspectos do servi\u00e7o, garantindo que os clientes recebam n\u00e3o apenas um produto de alta qualidade, como a manilha G215, mas tamb\u00e9m um sistema de suporte abrangente que aumenta a efici\u00eancia operacional geral.<\/p>\n<p class=\"\" data-start=\"4836\" data-end=\"5432\">A an\u00e1lise detalhada da manilha G215 destaca sua engenharia superior, a qualidade excepcional do material e a ades\u00e3o a rigorosos padr\u00f5es de qualidade. Seu design preciso faz com que seja a escolha preferida dos profissionais de setores que exigem confiabilidade e desempenho. Al\u00e9m disso, as vantagens estrat\u00e9gicas oferecidas pela H&amp;F, incluindo atendimento personalizado ao cliente e sistemas de entrega eficientes, refor\u00e7am o valor da escolha desse produto. Com \u00eanfase na seguran\u00e7a, durabilidade e suporte centrado no cliente, a manilha G215 representa uma solu\u00e7\u00e3o confi\u00e1vel para o cen\u00e1rio industrial moderno.<\/p>","protected":false},"excerpt":{"rendered":"<p>A manilha G215 \u00e9 um acess\u00f3rio de hardware de rigging com engenharia de precis\u00e3o, meticulosamente projetado para aplica\u00e7\u00f5es pesadas. Constru\u00edda com liga de a\u00e7o de alta qualidade e rigorosamente testada quanto \u00e0 qualidade e \u00e0 seguran\u00e7a, essa manilha oferece durabilidade e confiabilidade excepcionais em ambientes industriais exigentes. Seu design vers\u00e1til e a estrita ades\u00e3o \u00e0s certifica\u00e7\u00f5es internacionais fazem dela a escolha ideal para profissionais que buscam desempenho confi\u00e1vel e solu\u00e7\u00f5es personalizadas.<\/p>","protected":false},"featured_media":6333,"comment_status":"open","ping_status":"closed","template":"","meta":{"site-sidebar-layout":"default","site-content-layout":"default","ast-site-content-layout":"default","site-content-style":"default","site-sidebar-style":"default","ast-global-header-display":"","ast-banner-title-visibility":"","ast-main-header-display":"","ast-hfb-above-header-display":"","ast-hfb-below-header-display":"","ast-hfb-mobile-header-display":"","site-post-title":"","ast-breadcrumbs-content":"","ast-featured-img":"","footer-sml-layout":"","theme-transparent-header-meta":"default","adv-header-id-meta":"","stick-header-meta":"default","header-above-stick-meta":"","header-main-stick-meta":"","header-below-stick-meta":"","astra-migrate-meta-layouts":"set","ast-page-background-enabled":"default","ast-page-background-meta":{"desktop":{"background-color":"","background-image":"","background-repeat":"repeat","background-position":"center center","background-size":"auto","background-attachment":"scroll","background-type":"","background-media":"","overlay-type":"","overlay-color":"","overlay-opacity":"","overlay-gradient":""},"tablet":{"background-color":"","background-image":"","background-repeat":"repeat","background-position":"center center","background-size":"auto","background-attachment":"scroll","background-type":"","background-media":"","overlay-type":"","overlay-color":"","overlay-opacity":"","overlay-gradient":""},"mobile":{"background-color":"","background-image":"","background-repeat":"repeat","background-position":"center center","background-size":"auto","background-attachment":"scroll","background-type":"","background-media":"","overlay-type":"","overlay-color":"","overlay-opacity":"","overlay-gradient":""}},"ast-content-background-meta":{"desktop":{"background-color":"var(--ast-global-color-5)","background-image":"","background-repeat":"repeat","background-position":"center center","background-size":"auto","background-attachment":"scroll","background-type":"","background-media":"","overlay-type":"","overlay-color":"","overlay-opacity":"","overlay-gradient":""},"tablet":{"background-color":"var(--ast-global-color-5)","background-image":"","background-repeat":"repeat","background-position":"center center","background-size":"auto","background-attachment":"scroll","background-type":"","background-media":"","overlay-type":"","overlay-color":"","overlay-opacity":"","overlay-gradient":""},"mobile":{"background-color":"var(--ast-global-color-5)","background-image":"","background-repeat":"repeat","background-position":"center center","background-size":"auto","background-attachment":"scroll","background-type":"","background-media":"","overlay-type":"","overlay-color":"","overlay-opacity":"","overlay-gradient":""}}},"product_brand":[],"product_cat":[43,54],"product_tag":[],"class_list":{"0":"post-3822","1":"product","2":"type-product","3":"status-publish","4":"has-post-thumbnail","6":"product_cat-rigging-hardware","7":"product_cat-shackle","8":"desktop-align-left","9":"tablet-align-left","10":"mobile-align-left","11":"ast-product-gallery-layout-horizontal-slider","12":"ast-product-gallery-with-no-image","13":"ast-product-tabs-layout-horizontal","15":"first","16":"instock","17":"shipping-taxable","18":"purchasable","19":"product-type-simple"},"yoast_head":"<!-- This site is optimized with the Yoast SEO plugin v25.2 - https:\/\/yoast.com\/wordpress\/plugins\/seo\/ -->\n<title>G215 Galvanized Shackle<\/title>\n<meta name=\"description\" content=\"The G213 Galvanized Shackle and G215 Galvanized Shackle are two types of shackles commonly used in rigging and lifting operations. These shackles provide a secure connection point between various components such as chains, slings, and wire ropes.\" \/>\n<meta name=\"robots\" content=\"index, follow, max-snippet:-1, max-image-preview:large, max-video-preview:-1\" \/>\n<link rel=\"canonical\" href=\"https:\/\/qingdaohf.com\/pt\/produto\/g213-g215-manilha-galvanizada\/\" \/>\n<meta property=\"og:locale\" content=\"pt_BR\" \/>\n<meta property=\"og:type\" content=\"article\" \/>\n<meta property=\"og:title\" content=\"G215 Galvanized Shackle\" \/>\n<meta property=\"og:description\" content=\"The G213 Galvanized Shackle and G215 Galvanized Shackle are two types of shackles commonly used in rigging and lifting operations. These shackles provide a secure connection point between various components such as chains, slings, and wire ropes.\" \/>\n<meta property=\"og:url\" content=\"https:\/\/qingdaohf.com\/pt\/produto\/g213-g215-manilha-galvanizada\/\" \/>\n<meta property=\"og:site_name\" content=\"Concrete Form &amp; Rigging Hardware Supplier\" \/>\n<meta property=\"article:publisher\" content=\"https:\/\/www.facebook.com\/qingdaohf\" \/>\n<meta property=\"article:modified_time\" content=\"2025-11-13T01:05:11+00:00\" \/>\n<meta property=\"og:image\" content=\"https:\/\/qingdaohf.com\/wp-content\/uploads\/2023\/05\/shackle-G215.jpg\" \/>\n\t<meta property=\"og:image:width\" content=\"1000\" \/>\n\t<meta property=\"og:image:height\" content=\"1000\" \/>\n\t<meta property=\"og:image:type\" content=\"image\/jpeg\" \/>\n<meta name=\"twitter:card\" content=\"summary_large_image\" \/>\n<meta name=\"twitter:label1\" content=\"Est. tempo de leitura\" \/>\n\t<meta name=\"twitter:data1\" content=\"4 minutos\" \/>\n<script type=\"application\/ld+json\" class=\"yoast-schema-graph\">{\"@context\":\"https:\/\/schema.org\",\"@graph\":[{\"@type\":\"WebPage\",\"@id\":\"https:\/\/qingdaohf.com\/product\/g215-shackle\/\",\"url\":\"https:\/\/qingdaohf.com\/product\/g215-shackle\/\",\"name\":\"G215 Galvanized Shackle\",\"isPartOf\":{\"@id\":\"https:\/\/qingdaohf.com\/bg\/#website\"},\"primaryImageOfPage\":{\"@id\":\"https:\/\/qingdaohf.com\/product\/g215-shackle\/#primaryimage\"},\"image\":{\"@id\":\"https:\/\/qingdaohf.com\/product\/g215-shackle\/#primaryimage\"},\"thumbnailUrl\":\"https:\/\/qingdaohf.com\/wp-content\/uploads\/2023\/05\/shackle-G215.jpg\",\"datePublished\":\"2023-05-19T08:36:58+00:00\",\"dateModified\":\"2025-11-13T01:05:11+00:00\",\"description\":\"The G213 Galvanized Shackle and G215 Galvanized Shackle are two types of shackles commonly used in rigging and lifting operations. These shackles provide a secure connection point between various components such as chains, slings, and wire ropes.\",\"breadcrumb\":{\"@id\":\"https:\/\/qingdaohf.com\/product\/g215-shackle\/#breadcrumb\"},\"inLanguage\":\"pt-BR\",\"potentialAction\":[{\"@type\":\"ReadAction\",\"target\":[\"https:\/\/qingdaohf.com\/product\/g215-shackle\/\"]}]},{\"@type\":\"ImageObject\",\"inLanguage\":\"pt-BR\",\"@id\":\"https:\/\/qingdaohf.com\/product\/g215-shackle\/#primaryimage\",\"url\":\"https:\/\/qingdaohf.com\/wp-content\/uploads\/2023\/05\/shackle-G215.jpg\",\"contentUrl\":\"https:\/\/qingdaohf.com\/wp-content\/uploads\/2023\/05\/shackle-G215.jpg\",\"width\":1000,\"height\":1000,\"caption\":\"shackle G215\"},{\"@type\":\"BreadcrumbList\",\"@id\":\"https:\/\/qingdaohf.com\/product\/g215-shackle\/#breadcrumb\",\"itemListElement\":[{\"@type\":\"ListItem\",\"position\":1,\"name\":\"Home\",\"item\":\"https:\/\/qingdaohf.com\/\"},{\"@type\":\"ListItem\",\"position\":2,\"name\":\"Concrete Forming Accessories and Rigging Hardware\",\"item\":\"https:\/\/qingdaohf.com\/bg\/?page_id=944\"},{\"@type\":\"ListItem\",\"position\":3,\"name\":\"G215 Galvanized Shackle\"}]},{\"@type\":\"WebSite\",\"@id\":\"https:\/\/qingdaohf.com\/bg\/#website\",\"url\":\"https:\/\/qingdaohf.com\/bg\/\",\"name\":\"Concrete Form & Rigging Hardware Supplier\",\"description\":\"\",\"publisher\":{\"@id\":\"https:\/\/qingdaohf.com\/bg\/#organization\"},\"potentialAction\":[{\"@type\":\"SearchAction\",\"target\":{\"@type\":\"EntryPoint\",\"urlTemplate\":\"https:\/\/qingdaohf.com\/bg\/?s={search_term_string}\"},\"query-input\":{\"@type\":\"PropertyValueSpecification\",\"valueRequired\":true,\"valueName\":\"search_term_string\"}}],\"inLanguage\":\"pt-BR\"},{\"@type\":\"Organization\",\"@id\":\"https:\/\/qingdaohf.com\/bg\/#organization\",\"name\":\"Qingdao H&F\",\"url\":\"https:\/\/qingdaohf.com\/bg\/\",\"logo\":{\"@type\":\"ImageObject\",\"inLanguage\":\"pt-BR\",\"@id\":\"https:\/\/qingdaohf.com\/bg\/#\/schema\/logo\/image\/\",\"url\":\"https:\/\/qingdaohf.com\/wp-content\/uploads\/2022\/12\/cropped-HF-LOGO.png\",\"contentUrl\":\"https:\/\/qingdaohf.com\/wp-content\/uploads\/2022\/12\/cropped-HF-LOGO.png\",\"width\":391,\"height\":249,\"caption\":\"Qingdao H&F\"},\"image\":{\"@id\":\"https:\/\/qingdaohf.com\/bg\/#\/schema\/logo\/image\/\"},\"sameAs\":[\"https:\/\/www.facebook.com\/qingdaohf\"]}]}<\/script>\n<!-- \/ Yoast SEO plugin. -->","yoast_head_json":{"title":"G215 Galvanized Shackle","description":"The G213 Galvanized Shackle and G215 Galvanized Shackle are two types of shackles commonly used in rigging and lifting operations. These shackles provide a secure connection point between various components such as chains, slings, and wire ropes.","robots":{"index":"index","follow":"follow","max-snippet":"max-snippet:-1","max-image-preview":"max-image-preview:large","max-video-preview":"max-video-preview:-1"},"canonical":"https:\/\/qingdaohf.com\/pt\/produto\/g213-g215-manilha-galvanizada\/","og_locale":"pt_BR","og_type":"article","og_title":"G215 Galvanized Shackle","og_description":"The G213 Galvanized Shackle and G215 Galvanized Shackle are two types of shackles commonly used in rigging and lifting operations. These shackles provide a secure connection point between various components such as chains, slings, and wire ropes.","og_url":"https:\/\/qingdaohf.com\/pt\/produto\/g213-g215-manilha-galvanizada\/","og_site_name":"Concrete Form &amp; Rigging Hardware Supplier","article_publisher":"https:\/\/www.facebook.com\/qingdaohf","article_modified_time":"2025-11-13T01:05:11+00:00","og_image":[{"width":1000,"height":1000,"url":"https:\/\/qingdaohf.com\/wp-content\/uploads\/2023\/05\/shackle-G215.jpg","type":"image\/jpeg"}],"twitter_card":"summary_large_image","twitter_misc":{"Est. tempo de leitura":"4 minutos"},"schema":{"@context":"https:\/\/schema.org","@graph":[{"@type":"WebPage","@id":"https:\/\/qingdaohf.com\/product\/g215-shackle\/","url":"https:\/\/qingdaohf.com\/product\/g215-shackle\/","name":"G215 Galvanized Shackle","isPartOf":{"@id":"https:\/\/qingdaohf.com\/bg\/#website"},"primaryImageOfPage":{"@id":"https:\/\/qingdaohf.com\/product\/g215-shackle\/#primaryimage"},"image":{"@id":"https:\/\/qingdaohf.com\/product\/g215-shackle\/#primaryimage"},"thumbnailUrl":"https:\/\/qingdaohf.com\/wp-content\/uploads\/2023\/05\/shackle-G215.jpg","datePublished":"2023-05-19T08:36:58+00:00","dateModified":"2025-11-13T01:05:11+00:00","description":"The G213 Galvanized Shackle and G215 Galvanized Shackle are two types of shackles commonly used in rigging and lifting operations. These shackles provide a secure connection point between various components such as chains, slings, and wire ropes.","breadcrumb":{"@id":"https:\/\/qingdaohf.com\/product\/g215-shackle\/#breadcrumb"},"inLanguage":"pt-BR","potentialAction":[{"@type":"ReadAction","target":["https:\/\/qingdaohf.com\/product\/g215-shackle\/"]}]},{"@type":"ImageObject","inLanguage":"pt-BR","@id":"https:\/\/qingdaohf.com\/product\/g215-shackle\/#primaryimage","url":"https:\/\/qingdaohf.com\/wp-content\/uploads\/2023\/05\/shackle-G215.jpg","contentUrl":"https:\/\/qingdaohf.com\/wp-content\/uploads\/2023\/05\/shackle-G215.jpg","width":1000,"height":1000,"caption":"shackle G215"},{"@type":"BreadcrumbList","@id":"https:\/\/qingdaohf.com\/product\/g215-shackle\/#breadcrumb","itemListElement":[{"@type":"ListItem","position":1,"name":"Home","item":"https:\/\/qingdaohf.com\/"},{"@type":"ListItem","position":2,"name":"Concrete Forming Accessories and Rigging Hardware","item":"https:\/\/qingdaohf.com\/bg\/?page_id=944"},{"@type":"ListItem","position":3,"name":"G215 Galvanized Shackle"}]},{"@type":"WebSite","@id":"https:\/\/qingdaohf.com\/bg\/#website","url":"https:\/\/qingdaohf.com\/bg\/","name":"Concrete Form & Rigging Hardware Supplier","description":"","publisher":{"@id":"https:\/\/qingdaohf.com\/bg\/#organization"},"potentialAction":[{"@type":"SearchAction","target":{"@type":"EntryPoint","urlTemplate":"https:\/\/qingdaohf.com\/bg\/?s={search_term_string}"},"query-input":{"@type":"PropertyValueSpecification","valueRequired":true,"valueName":"search_term_string"}}],"inLanguage":"pt-BR"},{"@type":"Organization","@id":"https:\/\/qingdaohf.com\/bg\/#organization","name":"Qingdao H&F","url":"https:\/\/qingdaohf.com\/bg\/","logo":{"@type":"ImageObject","inLanguage":"pt-BR","@id":"https:\/\/qingdaohf.com\/bg\/#\/schema\/logo\/image\/","url":"https:\/\/qingdaohf.com\/wp-content\/uploads\/2022\/12\/cropped-HF-LOGO.png","contentUrl":"https:\/\/qingdaohf.com\/wp-content\/uploads\/2022\/12\/cropped-HF-LOGO.png","width":391,"height":249,"caption":"Qingdao H&F"},"image":{"@id":"https:\/\/qingdaohf.com\/bg\/#\/schema\/logo\/image\/"},"sameAs":["https:\/\/www.facebook.com\/qingdaohf"]}]}},"_links":{"self":[{"href":"https:\/\/qingdaohf.com\/pt\/wp-json\/wp\/v2\/product\/3822","targetHints":{"allow":["GET"]}}],"collection":[{"href":"https:\/\/qingdaohf.com\/pt\/wp-json\/wp\/v2\/product"}],"about":[{"href":"https:\/\/qingdaohf.com\/pt\/wp-json\/wp\/v2\/types\/product"}],"replies":[{"embeddable":true,"href":"https:\/\/qingdaohf.com\/pt\/wp-json\/wp\/v2\/comments?post=3822"}],"version-history":[{"count":2,"href":"https:\/\/qingdaohf.com\/pt\/wp-json\/wp\/v2\/product\/3822\/revisions"}],"predecessor-version":[{"id":9455,"href":"https:\/\/qingdaohf.com\/pt\/wp-json\/wp\/v2\/product\/3822\/revisions\/9455"}],"wp:featuredmedia":[{"embeddable":true,"href":"https:\/\/qingdaohf.com\/pt\/wp-json\/wp\/v2\/media\/6333"}],"wp:attachment":[{"href":"https:\/\/qingdaohf.com\/pt\/wp-json\/wp\/v2\/media?parent=3822"}],"wp:term":[{"taxonomy":"product_brand","embeddable":true,"href":"https:\/\/qingdaohf.com\/pt\/wp-json\/wp\/v2\/product_brand?post=3822"},{"taxonomy":"product_cat","embeddable":true,"href":"https:\/\/qingdaohf.com\/pt\/wp-json\/wp\/v2\/product_cat?post=3822"},{"taxonomy":"product_tag","embeddable":true,"href":"https:\/\/qingdaohf.com\/pt\/wp-json\/wp\/v2\/product_tag?post=3822"}],"curies":[{"name":"wp","href":"https:\/\/api.w.org\/{rel}","templated":true}]}}