{"id":3966,"date":"2023-05-24T17:30:12","date_gmt":"2023-05-24T09:30:12","guid":{"rendered":"http:\/\/qingdaohf.com\/?post_type=product&#038;p=3966"},"modified":"2025-11-13T09:05:10","modified_gmt":"2025-11-13T01:05:10","slug":"turnbuckle","status":"publish","type":"product","link":"https:\/\/qingdaohf.com\/pt\/produto\/esticador\/","title":{"rendered":"Fornecedor de esticadores M4-M20"},"content":{"rendered":"<h3>Garantia de qualidade inabal\u00e1vel:<\/h3>\n<p>Nossos esticadores de a\u00e7o inoxid\u00e1vel e galvanizados passam por rigorosos testes de controle de qualidade antes de cada entrega, garantindo que atendam e superem os padr\u00f5es americanos.<br \/>\nFique tranquilo, pois nossos produtos s\u00e3o feitos para durar, oferecendo durabilidade, confiabilidade e resist\u00eancia \u00e0 corros\u00e3o excepcionais.<\/p>\n<h3>Ampla gama de produtos:<\/h3>\n<p>Explore nossa ampla sele\u00e7\u00e3o de esticadores, dispon\u00edveis em v\u00e1rios tamanhos, configura\u00e7\u00f5es e capacidades de carga para atender a uma ampla gama de aplica\u00e7\u00f5es.<br \/>\nSe voc\u00ea precisa de esticadores de a\u00e7o inoxid\u00e1vel ou galvanizados, temos a solu\u00e7\u00e3o perfeita para as necessidades do seu projeto.<\/p>\n<h3>Pre\u00e7os competitivos:<\/h3>\n<p>Acreditamos no fornecimento de solu\u00e7\u00f5es econ\u00f4micas sem comprometer a qualidade. Beneficie-se de pre\u00e7os competitivos e descontos para grandes volumes, adaptados ao seu or\u00e7amento.<br \/>\nNossa cadeia de suprimentos eficiente e nossos processos simplificados nos permitem oferecer pre\u00e7os competitivos sem sacrificar a excel\u00eancia do produto.<\/p>\n<h3>Suporte excepcional ao cliente:<\/h3>\n<p>Nossa equipe dedicada de profissionais tem o compromisso de fornecer um excelente suporte ao cliente em cada etapa da sua jornada de compra.<br \/>\nDesde consultas sobre produtos at\u00e9 assist\u00eancia p\u00f3s-venda, estamos aqui para responder \u00e0s suas perguntas e preocupa\u00e7\u00f5es de forma r\u00e1pida e eficiente.<\/p>\n<h3>Op\u00e7\u00f5es de personaliza\u00e7\u00e3o:<\/h3>\n<p>Cada projeto \u00e9 \u00fanico, e oferecemos servi\u00e7os de personaliza\u00e7\u00e3o para atender \u00e0s suas necessidades espec\u00edficas.<br \/>\nSe precisar de tamanhos, acabamentos ou configura\u00e7\u00f5es personalizados, nossa equipe experiente pode fornecer solu\u00e7\u00f5es sob medida para atender \u00e0s suas necessidades exatas.<\/p>\n<h3>Entrega pontual:<\/h3>\n<p>Entendemos a import\u00e2ncia da entrega pontual para manter seus projetos em andamento. Com uma log\u00edstica eficiente e parceiros de transporte confi\u00e1veis, garantimos a pronta entrega no local desejado.<\/p>\n<div class=\"ast-oembed-container\" style=\"height: 100%;\"><iframe title=\"Fivela de giro M20 no atacado\" width=\"500\" height=\"281\" src=\"https:\/\/www.youtube.com\/embed\/WmfKiab5nys?feature=oembed\" frameborder=\"0\" allow=\"accelerometer; autoplay; clipboard-write; encrypted-media; gyroscope; picture-in-picture; web-share\" referrerpolicy=\"strict-origin-when-cross-origin\" allowfullscreen><\/iframe><\/div>\n<h3>Tipo de tensor<\/h3>\n<h3><a href=\"https:\/\/qingdaohf.com\/pt\/produto\/gancho-gancho-esticador\/\">Gancho e gancho de fixa\u00e7\u00e3o<\/a><\/h3>\n<p><a href=\"https:\/\/qingdaohf.com\/pt\/produto\/gancho-gancho-esticador\/\"><img fetchpriority=\"high\" decoding=\"async\" class=\"alignnone wp-image-3971\" src=\"http:\/\/qingdaohf.com\/wp-content\/uploads\/2023\/05\/HH.jpg\" alt=\"Esticador Hook&amp;Hook\" width=\"500\" height=\"500\" srcset=\"https:\/\/qingdaohf.com\/wp-content\/uploads\/2023\/05\/HH.jpg 1000w, https:\/\/qingdaohf.com\/wp-content\/uploads\/2023\/05\/HH-300x300.jpg 300w, https:\/\/qingdaohf.com\/wp-content\/uploads\/2023\/05\/HH-150x150.jpg 150w, https:\/\/qingdaohf.com\/wp-content\/uploads\/2023\/05\/HH-768x768.jpg 768w, https:\/\/qingdaohf.com\/wp-content\/uploads\/2023\/05\/HH-500x500.jpg 500w, https:\/\/qingdaohf.com\/wp-content\/uploads\/2023\/05\/HH-100x100.jpg 100w\" sizes=\"(max-width: 500px) 100vw, 500px\" \/><\/a><\/p>\n<h3><a href=\"https:\/\/qingdaohf.com\/pt\/produto\/gancho-de-seguranca\/\">Gancho e olhal<\/a><\/h3>\n<p><a href=\"https:\/\/qingdaohf.com\/pt\/produto\/gancho-de-seguranca\/\"><img decoding=\"async\" class=\"alignnone wp-image-3972\" src=\"http:\/\/qingdaohf.com\/wp-content\/uploads\/2023\/05\/turnbuckle-5.jpg\" alt=\"Esticador Hook&amp;Hook\" width=\"500\" height=\"500\" srcset=\"https:\/\/qingdaohf.com\/wp-content\/uploads\/2023\/05\/turnbuckle-5.jpg 1000w, https:\/\/qingdaohf.com\/wp-content\/uploads\/2023\/05\/turnbuckle-5-300x300.jpg 300w, https:\/\/qingdaohf.com\/wp-content\/uploads\/2023\/05\/turnbuckle-5-150x150.jpg 150w, https:\/\/qingdaohf.com\/wp-content\/uploads\/2023\/05\/turnbuckle-5-768x768.jpg 768w, https:\/\/qingdaohf.com\/wp-content\/uploads\/2023\/05\/turnbuckle-5-500x500.jpg 500w, https:\/\/qingdaohf.com\/wp-content\/uploads\/2023\/05\/turnbuckle-5-100x100.jpg 100w\" sizes=\"(max-width: 500px) 100vw, 500px\" \/><\/a><\/p>\n<h3><a href=\"https:\/\/qingdaohf.com\/pt\/produto\/eye-eye-turnbuckle\/\">Giro de olho e olho<\/a><\/h3>\n<p><a href=\"https:\/\/qingdaohf.com\/pt\/produto\/eye-eye-turnbuckle\/\"><img decoding=\"async\" class=\"alignnone wp-image-3973\" src=\"http:\/\/qingdaohf.com\/wp-content\/uploads\/2023\/05\/turnbuckle-41.jpg\" alt=\"Girador Eye&amp;Eye\" width=\"500\" height=\"500\" srcset=\"https:\/\/qingdaohf.com\/wp-content\/uploads\/2023\/05\/turnbuckle-41.jpg 1000w, https:\/\/qingdaohf.com\/wp-content\/uploads\/2023\/05\/turnbuckle-41-300x300.jpg 300w, https:\/\/qingdaohf.com\/wp-content\/uploads\/2023\/05\/turnbuckle-41-150x150.jpg 150w, https:\/\/qingdaohf.com\/wp-content\/uploads\/2023\/05\/turnbuckle-41-768x768.jpg 768w, https:\/\/qingdaohf.com\/wp-content\/uploads\/2023\/05\/turnbuckle-41-500x500.jpg 500w, https:\/\/qingdaohf.com\/wp-content\/uploads\/2023\/05\/turnbuckle-41-100x100.jpg 100w\" sizes=\"(max-width: 500px) 100vw, 500px\" \/><\/a><\/p>\n<h3><a href=\"https:\/\/qingdaohf.com\/pt\/produto\/mandibula-de-olho\/\">Mand\u00edbula e olho do torniquete<\/a><\/h3>\n<p><a href=\"https:\/\/qingdaohf.com\/pt\/produto\/mandibula-de-olho\/\"><img loading=\"lazy\" decoding=\"async\" class=\"alignnone wp-image-3974\" src=\"http:\/\/qingdaohf.com\/wp-content\/uploads\/2023\/05\/turnbuckle-1.jpg\" alt=\"Torniquete JAW&amp;Eye\" width=\"500\" height=\"500\" srcset=\"https:\/\/qingdaohf.com\/wp-content\/uploads\/2023\/05\/turnbuckle-1.jpg 1000w, https:\/\/qingdaohf.com\/wp-content\/uploads\/2023\/05\/turnbuckle-1-300x300.jpg 300w, https:\/\/qingdaohf.com\/wp-content\/uploads\/2023\/05\/turnbuckle-1-150x150.jpg 150w, https:\/\/qingdaohf.com\/wp-content\/uploads\/2023\/05\/turnbuckle-1-768x768.jpg 768w, https:\/\/qingdaohf.com\/wp-content\/uploads\/2023\/05\/turnbuckle-1-500x500.jpg 500w, https:\/\/qingdaohf.com\/wp-content\/uploads\/2023\/05\/turnbuckle-1-100x100.jpg 100w\" sizes=\"(max-width: 500px) 100vw, 500px\" \/><\/a><\/p>\n<h3><a href=\"https:\/\/qingdaohf.com\/pt\/produto\/mandibula-mandibula-turnbuckle\/\">Mand\u00edbula e esticador de mand\u00edbula<\/a><\/h3>\n<p><a href=\"https:\/\/qingdaohf.com\/pt\/produto\/mandibula-mandibula-turnbuckle\/\"><img loading=\"lazy\" decoding=\"async\" class=\"alignnone wp-image-3975\" src=\"http:\/\/qingdaohf.com\/wp-content\/uploads\/2023\/05\/turnbuckle-9.jpg\" alt=\"Esticador de mand\u00edbula e garra\" width=\"500\" height=\"500\" srcset=\"https:\/\/qingdaohf.com\/wp-content\/uploads\/2023\/05\/turnbuckle-9.jpg 1000w, https:\/\/qingdaohf.com\/wp-content\/uploads\/2023\/05\/turnbuckle-9-300x300.jpg 300w, https:\/\/qingdaohf.com\/wp-content\/uploads\/2023\/05\/turnbuckle-9-150x150.jpg 150w, https:\/\/qingdaohf.com\/wp-content\/uploads\/2023\/05\/turnbuckle-9-768x768.jpg 768w, https:\/\/qingdaohf.com\/wp-content\/uploads\/2023\/05\/turnbuckle-9-500x500.jpg 500w, https:\/\/qingdaohf.com\/wp-content\/uploads\/2023\/05\/turnbuckle-9-100x100.jpg 100w\" sizes=\"(max-width: 500px) 100vw, 500px\" \/><\/a><\/p>\n<p>&nbsp;<\/p>","protected":false},"excerpt":{"rendered":"<p>H&amp;F, seu principal destino para solu\u00e7\u00f5es de esticadores adaptadas para atender \u00e0s suas necessidades. Com mais de duas d\u00e9cadas de experi\u00eancia no setor, entendemos a import\u00e2ncia fundamental da qualidade, da confiabilidade e da entrega pontual.<\/p>","protected":false},"featured_media":3967,"comment_status":"open","ping_status":"closed","template":"","meta":{"site-sidebar-layout":"default","site-content-layout":"default","ast-site-content-layout":"default","site-content-style":"default","site-sidebar-style":"default","ast-global-header-display":"","ast-banner-title-visibility":"","ast-main-header-display":"","ast-hfb-above-header-display":"","ast-hfb-below-header-display":"","ast-hfb-mobile-header-display":"","site-post-title":"","ast-breadcrumbs-content":"","ast-featured-img":"","footer-sml-layout":"","theme-transparent-header-meta":"default","adv-header-id-meta":"","stick-header-meta":"default","header-above-stick-meta":"","header-main-stick-meta":"","header-below-stick-meta":"","astra-migrate-meta-layouts":"set","ast-page-background-enabled":"default","ast-page-background-meta":{"desktop":{"background-color":"","background-image":"","background-repeat":"repeat","background-position":"center center","background-size":"auto","background-attachment":"scroll","background-type":"","background-media":"","overlay-type":"","overlay-color":"","overlay-opacity":"","overlay-gradient":""},"tablet":{"background-color":"","background-image":"","background-repeat":"repeat","background-position":"center center","background-size":"auto","background-attachment":"scroll","background-type":"","background-media":"","overlay-type":"","overlay-color":"","overlay-opacity":"","overlay-gradient":""},"mobile":{"background-color":"","background-image":"","background-repeat":"repeat","background-position":"center center","background-size":"auto","background-attachment":"scroll","background-type":"","background-media":"","overlay-type":"","overlay-color":"","overlay-opacity":"","overlay-gradient":""}},"ast-content-background-meta":{"desktop":{"background-color":"var(--ast-global-color-5)","background-image":"","background-repeat":"repeat","background-position":"center center","background-size":"auto","background-attachment":"scroll","background-type":"","background-media":"","overlay-type":"","overlay-color":"","overlay-opacity":"","overlay-gradient":""},"tablet":{"background-color":"var(--ast-global-color-5)","background-image":"","background-repeat":"repeat","background-position":"center center","background-size":"auto","background-attachment":"scroll","background-type":"","background-media":"","overlay-type":"","overlay-color":"","overlay-opacity":"","overlay-gradient":""},"mobile":{"background-color":"var(--ast-global-color-5)","background-image":"","background-repeat":"repeat","background-position":"center center","background-size":"auto","background-attachment":"scroll","background-type":"","background-media":"","overlay-type":"","overlay-color":"","overlay-opacity":"","overlay-gradient":""}}},"product_brand":[],"product_cat":[56],"product_tag":[],"class_list":{"0":"post-3966","1":"product","2":"type-product","3":"status-publish","4":"has-post-thumbnail","6":"product_cat-turnbuckle","7":"desktop-align-left","8":"tablet-align-left","9":"mobile-align-left","10":"ast-product-gallery-layout-horizontal-slider","11":"ast-product-tabs-layout-horizontal","13":"first","14":"instock","15":"shipping-taxable","16":"purchasable","17":"product-type-simple"},"yoast_head":"<!-- This site is optimized with the Yoast SEO plugin v25.2 - https:\/\/yoast.com\/wordpress\/plugins\/seo\/ -->\n<title>M4-M20 Turnbuckle Supplier<\/title>\n<meta name=\"description\" content=\"A turnbuckle is a versatile mechanical device used to adjust the tension or length of ropes, cables, or rods in various applications.\" \/>\n<meta name=\"robots\" content=\"index, follow, max-snippet:-1, max-image-preview:large, max-video-preview:-1\" \/>\n<link rel=\"canonical\" href=\"https:\/\/qingdaohf.com\/pt\/produto\/esticador\/\" \/>\n<meta property=\"og:locale\" content=\"pt_BR\" \/>\n<meta property=\"og:type\" content=\"article\" \/>\n<meta property=\"og:title\" content=\"M4-M20 Turnbuckle Supplier\" \/>\n<meta property=\"og:description\" content=\"A turnbuckle is a versatile mechanical device used to adjust the tension or length of ropes, cables, or rods in various applications.\" \/>\n<meta property=\"og:url\" content=\"https:\/\/qingdaohf.com\/pt\/produto\/esticador\/\" \/>\n<meta property=\"og:site_name\" content=\"Concrete Form &amp; Rigging Hardware Supplier\" \/>\n<meta property=\"article:publisher\" content=\"https:\/\/www.facebook.com\/qingdaohf\" \/>\n<meta property=\"article:modified_time\" content=\"2025-11-13T01:05:10+00:00\" \/>\n<meta property=\"og:image\" content=\"https:\/\/qingdaohf.com\/wp-content\/uploads\/2023\/05\/turnbuckle-7.jpg\" \/>\n\t<meta property=\"og:image:width\" content=\"1000\" \/>\n\t<meta property=\"og:image:height\" content=\"1000\" \/>\n\t<meta property=\"og:image:type\" content=\"image\/jpeg\" \/>\n<meta name=\"twitter:card\" content=\"summary_large_image\" \/>\n<meta name=\"twitter:label1\" content=\"Est. tempo de leitura\" \/>\n\t<meta name=\"twitter:data1\" content=\"3 minutos\" \/>\n<script type=\"application\/ld+json\" class=\"yoast-schema-graph\">{\"@context\":\"https:\/\/schema.org\",\"@graph\":[{\"@type\":\"WebPage\",\"@id\":\"https:\/\/qingdaohf.com\/product\/turnbuckle\/\",\"url\":\"https:\/\/qingdaohf.com\/product\/turnbuckle\/\",\"name\":\"M4-M20 Turnbuckle Supplier\",\"isPartOf\":{\"@id\":\"https:\/\/qingdaohf.com\/bg\/#website\"},\"primaryImageOfPage\":{\"@id\":\"https:\/\/qingdaohf.com\/product\/turnbuckle\/#primaryimage\"},\"image\":{\"@id\":\"https:\/\/qingdaohf.com\/product\/turnbuckle\/#primaryimage\"},\"thumbnailUrl\":\"https:\/\/qingdaohf.com\/wp-content\/uploads\/2023\/05\/turnbuckle-7.jpg\",\"datePublished\":\"2023-05-24T09:30:12+00:00\",\"dateModified\":\"2025-11-13T01:05:10+00:00\",\"description\":\"A turnbuckle is a versatile mechanical device used to adjust the tension or length of ropes, cables, or rods in various applications.\",\"breadcrumb\":{\"@id\":\"https:\/\/qingdaohf.com\/product\/turnbuckle\/#breadcrumb\"},\"inLanguage\":\"pt-BR\",\"potentialAction\":[{\"@type\":\"ReadAction\",\"target\":[\"https:\/\/qingdaohf.com\/product\/turnbuckle\/\"]}]},{\"@type\":\"ImageObject\",\"inLanguage\":\"pt-BR\",\"@id\":\"https:\/\/qingdaohf.com\/product\/turnbuckle\/#primaryimage\",\"url\":\"https:\/\/qingdaohf.com\/wp-content\/uploads\/2023\/05\/turnbuckle-7.jpg\",\"contentUrl\":\"https:\/\/qingdaohf.com\/wp-content\/uploads\/2023\/05\/turnbuckle-7.jpg\",\"width\":1000,\"height\":1000,\"caption\":\"turnbuckle\"},{\"@type\":\"BreadcrumbList\",\"@id\":\"https:\/\/qingdaohf.com\/product\/turnbuckle\/#breadcrumb\",\"itemListElement\":[{\"@type\":\"ListItem\",\"position\":1,\"name\":\"Home\",\"item\":\"https:\/\/qingdaohf.com\/\"},{\"@type\":\"ListItem\",\"position\":2,\"name\":\"Concrete Forming Accessories and Rigging Hardware\",\"item\":\"https:\/\/qingdaohf.com\/bg\/?page_id=944\"},{\"@type\":\"ListItem\",\"position\":3,\"name\":\"M4-M20 Turnbuckle Supplier\"}]},{\"@type\":\"WebSite\",\"@id\":\"https:\/\/qingdaohf.com\/bg\/#website\",\"url\":\"https:\/\/qingdaohf.com\/bg\/\",\"name\":\"Concrete Form & Rigging Hardware Supplier\",\"description\":\"\",\"publisher\":{\"@id\":\"https:\/\/qingdaohf.com\/bg\/#organization\"},\"potentialAction\":[{\"@type\":\"SearchAction\",\"target\":{\"@type\":\"EntryPoint\",\"urlTemplate\":\"https:\/\/qingdaohf.com\/bg\/?s={search_term_string}\"},\"query-input\":{\"@type\":\"PropertyValueSpecification\",\"valueRequired\":true,\"valueName\":\"search_term_string\"}}],\"inLanguage\":\"pt-BR\"},{\"@type\":\"Organization\",\"@id\":\"https:\/\/qingdaohf.com\/bg\/#organization\",\"name\":\"Qingdao H&F\",\"url\":\"https:\/\/qingdaohf.com\/bg\/\",\"logo\":{\"@type\":\"ImageObject\",\"inLanguage\":\"pt-BR\",\"@id\":\"https:\/\/qingdaohf.com\/bg\/#\/schema\/logo\/image\/\",\"url\":\"https:\/\/qingdaohf.com\/wp-content\/uploads\/2022\/12\/cropped-HF-LOGO.png\",\"contentUrl\":\"https:\/\/qingdaohf.com\/wp-content\/uploads\/2022\/12\/cropped-HF-LOGO.png\",\"width\":391,\"height\":249,\"caption\":\"Qingdao H&F\"},\"image\":{\"@id\":\"https:\/\/qingdaohf.com\/bg\/#\/schema\/logo\/image\/\"},\"sameAs\":[\"https:\/\/www.facebook.com\/qingdaohf\"]}]}<\/script>\n<!-- \/ Yoast SEO plugin. -->","yoast_head_json":{"title":"M4-M20 Turnbuckle Supplier","description":"A turnbuckle is a versatile mechanical device used to adjust the tension or length of ropes, cables, or rods in various applications.","robots":{"index":"index","follow":"follow","max-snippet":"max-snippet:-1","max-image-preview":"max-image-preview:large","max-video-preview":"max-video-preview:-1"},"canonical":"https:\/\/qingdaohf.com\/pt\/produto\/esticador\/","og_locale":"pt_BR","og_type":"article","og_title":"M4-M20 Turnbuckle Supplier","og_description":"A turnbuckle is a versatile mechanical device used to adjust the tension or length of ropes, cables, or rods in various applications.","og_url":"https:\/\/qingdaohf.com\/pt\/produto\/esticador\/","og_site_name":"Concrete Form &amp; Rigging Hardware Supplier","article_publisher":"https:\/\/www.facebook.com\/qingdaohf","article_modified_time":"2025-11-13T01:05:10+00:00","og_image":[{"width":1000,"height":1000,"url":"https:\/\/qingdaohf.com\/wp-content\/uploads\/2023\/05\/turnbuckle-7.jpg","type":"image\/jpeg"}],"twitter_card":"summary_large_image","twitter_misc":{"Est. tempo de leitura":"3 minutos"},"schema":{"@context":"https:\/\/schema.org","@graph":[{"@type":"WebPage","@id":"https:\/\/qingdaohf.com\/product\/turnbuckle\/","url":"https:\/\/qingdaohf.com\/product\/turnbuckle\/","name":"M4-M20 Turnbuckle Supplier","isPartOf":{"@id":"https:\/\/qingdaohf.com\/bg\/#website"},"primaryImageOfPage":{"@id":"https:\/\/qingdaohf.com\/product\/turnbuckle\/#primaryimage"},"image":{"@id":"https:\/\/qingdaohf.com\/product\/turnbuckle\/#primaryimage"},"thumbnailUrl":"https:\/\/qingdaohf.com\/wp-content\/uploads\/2023\/05\/turnbuckle-7.jpg","datePublished":"2023-05-24T09:30:12+00:00","dateModified":"2025-11-13T01:05:10+00:00","description":"A turnbuckle is a versatile mechanical device used to adjust the tension or length of ropes, cables, or rods in various applications.","breadcrumb":{"@id":"https:\/\/qingdaohf.com\/product\/turnbuckle\/#breadcrumb"},"inLanguage":"pt-BR","potentialAction":[{"@type":"ReadAction","target":["https:\/\/qingdaohf.com\/product\/turnbuckle\/"]}]},{"@type":"ImageObject","inLanguage":"pt-BR","@id":"https:\/\/qingdaohf.com\/product\/turnbuckle\/#primaryimage","url":"https:\/\/qingdaohf.com\/wp-content\/uploads\/2023\/05\/turnbuckle-7.jpg","contentUrl":"https:\/\/qingdaohf.com\/wp-content\/uploads\/2023\/05\/turnbuckle-7.jpg","width":1000,"height":1000,"caption":"turnbuckle"},{"@type":"BreadcrumbList","@id":"https:\/\/qingdaohf.com\/product\/turnbuckle\/#breadcrumb","itemListElement":[{"@type":"ListItem","position":1,"name":"Home","item":"https:\/\/qingdaohf.com\/"},{"@type":"ListItem","position":2,"name":"Concrete Forming Accessories and Rigging Hardware","item":"https:\/\/qingdaohf.com\/bg\/?page_id=944"},{"@type":"ListItem","position":3,"name":"M4-M20 Turnbuckle Supplier"}]},{"@type":"WebSite","@id":"https:\/\/qingdaohf.com\/bg\/#website","url":"https:\/\/qingdaohf.com\/bg\/","name":"Concrete Form & Rigging Hardware Supplier","description":"","publisher":{"@id":"https:\/\/qingdaohf.com\/bg\/#organization"},"potentialAction":[{"@type":"SearchAction","target":{"@type":"EntryPoint","urlTemplate":"https:\/\/qingdaohf.com\/bg\/?s={search_term_string}"},"query-input":{"@type":"PropertyValueSpecification","valueRequired":true,"valueName":"search_term_string"}}],"inLanguage":"pt-BR"},{"@type":"Organization","@id":"https:\/\/qingdaohf.com\/bg\/#organization","name":"Qingdao H&F","url":"https:\/\/qingdaohf.com\/bg\/","logo":{"@type":"ImageObject","inLanguage":"pt-BR","@id":"https:\/\/qingdaohf.com\/bg\/#\/schema\/logo\/image\/","url":"https:\/\/qingdaohf.com\/wp-content\/uploads\/2022\/12\/cropped-HF-LOGO.png","contentUrl":"https:\/\/qingdaohf.com\/wp-content\/uploads\/2022\/12\/cropped-HF-LOGO.png","width":391,"height":249,"caption":"Qingdao H&F"},"image":{"@id":"https:\/\/qingdaohf.com\/bg\/#\/schema\/logo\/image\/"},"sameAs":["https:\/\/www.facebook.com\/qingdaohf"]}]}},"_links":{"self":[{"href":"https:\/\/qingdaohf.com\/pt\/wp-json\/wp\/v2\/product\/3966","targetHints":{"allow":["GET"]}}],"collection":[{"href":"https:\/\/qingdaohf.com\/pt\/wp-json\/wp\/v2\/product"}],"about":[{"href":"https:\/\/qingdaohf.com\/pt\/wp-json\/wp\/v2\/types\/product"}],"replies":[{"embeddable":true,"href":"https:\/\/qingdaohf.com\/pt\/wp-json\/wp\/v2\/comments?post=3966"}],"version-history":[{"count":7,"href":"https:\/\/qingdaohf.com\/pt\/wp-json\/wp\/v2\/product\/3966\/revisions"}],"predecessor-version":[{"id":6810,"href":"https:\/\/qingdaohf.com\/pt\/wp-json\/wp\/v2\/product\/3966\/revisions\/6810"}],"wp:featuredmedia":[{"embeddable":true,"href":"https:\/\/qingdaohf.com\/pt\/wp-json\/wp\/v2\/media\/3967"}],"wp:attachment":[{"href":"https:\/\/qingdaohf.com\/pt\/wp-json\/wp\/v2\/media?parent=3966"}],"wp:term":[{"taxonomy":"product_brand","embeddable":true,"href":"https:\/\/qingdaohf.com\/pt\/wp-json\/wp\/v2\/product_brand?post=3966"},{"taxonomy":"product_cat","embeddable":true,"href":"https:\/\/qingdaohf.com\/pt\/wp-json\/wp\/v2\/product_cat?post=3966"},{"taxonomy":"product_tag","embeddable":true,"href":"https:\/\/qingdaohf.com\/pt\/wp-json\/wp\/v2\/product_tag?post=3966"}],"curies":[{"name":"wp","href":"https:\/\/api.w.org\/{rel}","templated":true}]}}