{"id":3976,"date":"2023-05-25T14:11:38","date_gmt":"2023-05-25T06:11:38","guid":{"rendered":"http:\/\/qingdaohf.com\/?post_type=product&#038;p=3976"},"modified":"2025-11-13T09:04:46","modified_gmt":"2025-11-13T01:04:46","slug":"eye-eye-swivel","status":"publish","type":"product","link":"https:\/\/qingdaohf.com\/pt\/produto\/olho-olho-giratorio\/","title":{"rendered":"Olho e olho girat\u00f3rio"},"content":{"rendered":"<p>O Eye &amp; Eye Swivel consiste em duas al\u00e7as de metal, ou olhais, que s\u00e3o conectadas por uma junta girat\u00f3ria. Cada olhal apresenta um orif\u00edcio ou abertura que permite a fixa\u00e7\u00e3o em diferentes objetos ou equipamentos de eleva\u00e7\u00e3o. A junta girat\u00f3ria, geralmente um mecanismo de rolamento de esferas ou de roletes, permite um movimento girat\u00f3rio suave e controlado entre os dois olhais.<\/p>\n<p>Uma das principais fun\u00e7\u00f5es do Eye &amp; Eye Swivel \u00e9 evitar a tor\u00e7\u00e3o ou o emaranhamento de cordas, cabos ou correntes durante opera\u00e7\u00f5es de eleva\u00e7\u00e3o ou tra\u00e7\u00e3o. Ao incorporar um mecanismo girat\u00f3rio, ele permite que as linhas presas girem livremente sem causar estresse ou tens\u00e3o excessivos. Isso ajuda a minimizar o risco de emaranhamento, reduz o desgaste do equipamento de eleva\u00e7\u00e3o e aumenta a seguran\u00e7a geral.<\/p>\n<p><img fetchpriority=\"high\" decoding=\"async\" class=\"alignnone size-full wp-image-3978\" src=\"http:\/\/qingdaohf.com\/wp-content\/uploads\/2023\/05\/511.jpg\" alt=\"girat\u00f3rio\" width=\"1000\" height=\"378\" srcset=\"https:\/\/qingdaohf.com\/wp-content\/uploads\/2023\/05\/511.jpg 1000w, https:\/\/qingdaohf.com\/wp-content\/uploads\/2023\/05\/511-300x113.jpg 300w, https:\/\/qingdaohf.com\/wp-content\/uploads\/2023\/05\/511-768x290.jpg 768w\" sizes=\"(max-width: 1000px) 100vw, 1000px\" \/><\/p>","protected":false},"excerpt":{"rendered":"<p>O Eye &amp; Eye Swivel \u00e9 um componente de hardware vers\u00e1til e comumente usado em v\u00e1rios setores, incluindo o mar\u00edtimo, o de constru\u00e7\u00e3o e o de aparelhamento. Ele foi projetado para oferecer flexibilidade, rota\u00e7\u00e3o e recursos de suporte de carga em uma ampla gama de aplica\u00e7\u00f5es.<\/p>","protected":false},"featured_media":3979,"comment_status":"open","ping_status":"closed","template":"","meta":{"site-sidebar-layout":"default","site-content-layout":"default","ast-site-content-layout":"","site-content-style":"default","site-sidebar-style":"default","ast-global-header-display":"","ast-banner-title-visibility":"","ast-main-header-display":"","ast-hfb-above-header-display":"","ast-hfb-below-header-display":"","ast-hfb-mobile-header-display":"","site-post-title":"","ast-breadcrumbs-content":"","ast-featured-img":"","footer-sml-layout":"","theme-transparent-header-meta":"default","adv-header-id-meta":"","stick-header-meta":"default","header-above-stick-meta":"","header-main-stick-meta":"","header-below-stick-meta":"","astra-migrate-meta-layouts":"default","ast-page-background-enabled":"default","ast-page-background-meta":{"desktop":{"background-color":"","background-image":"","background-repeat":"repeat","background-position":"center center","background-size":"auto","background-attachment":"scroll","background-type":"","background-media":"","overlay-type":"","overlay-color":"","overlay-opacity":"","overlay-gradient":""},"tablet":{"background-color":"","background-image":"","background-repeat":"repeat","background-position":"center center","background-size":"auto","background-attachment":"scroll","background-type":"","background-media":"","overlay-type":"","overlay-color":"","overlay-opacity":"","overlay-gradient":""},"mobile":{"background-color":"","background-image":"","background-repeat":"repeat","background-position":"center center","background-size":"auto","background-attachment":"scroll","background-type":"","background-media":"","overlay-type":"","overlay-color":"","overlay-opacity":"","overlay-gradient":""}},"ast-content-background-meta":{"desktop":{"background-color":"var(--ast-global-color-5)","background-image":"","background-repeat":"repeat","background-position":"center center","background-size":"auto","background-attachment":"scroll","background-type":"","background-media":"","overlay-type":"","overlay-color":"","overlay-opacity":"","overlay-gradient":""},"tablet":{"background-color":"var(--ast-global-color-5)","background-image":"","background-repeat":"repeat","background-position":"center center","background-size":"auto","background-attachment":"scroll","background-type":"","background-media":"","overlay-type":"","overlay-color":"","overlay-opacity":"","overlay-gradient":""},"mobile":{"background-color":"var(--ast-global-color-5)","background-image":"","background-repeat":"repeat","background-position":"center center","background-size":"auto","background-attachment":"scroll","background-type":"","background-media":"","overlay-type":"","overlay-color":"","overlay-opacity":"","overlay-gradient":""}}},"product_brand":[],"product_cat":[43,44],"product_tag":[],"class_list":{"0":"post-3976","1":"product","2":"type-product","3":"status-publish","4":"has-post-thumbnail","6":"product_cat-rigging-hardware","7":"product_cat-stainless-steel-poduct","8":"desktop-align-left","9":"tablet-align-left","10":"mobile-align-left","11":"ast-product-gallery-layout-horizontal-slider","12":"ast-product-tabs-layout-horizontal","14":"first","15":"instock","16":"shipping-taxable","17":"purchasable","18":"product-type-simple"},"yoast_head":"<!-- This site is optimized with the Yoast SEO plugin v25.2 - https:\/\/yoast.com\/wordpress\/plugins\/seo\/ -->\n<title>Eye &amp; Eye Swivel<\/title>\n<meta name=\"description\" content=\"The Eye &amp; Eye Swivel is a versatile and commonly used hardware component in various industries, including marine, construction, and rigging.\" \/>\n<meta name=\"robots\" content=\"index, follow, max-snippet:-1, max-image-preview:large, max-video-preview:-1\" \/>\n<link rel=\"canonical\" href=\"https:\/\/qingdaohf.com\/pt\/produto\/olho-olho-giratorio\/\" \/>\n<meta property=\"og:locale\" content=\"pt_BR\" \/>\n<meta property=\"og:type\" content=\"article\" \/>\n<meta property=\"og:title\" content=\"Eye &amp; Eye Swivel\" \/>\n<meta property=\"og:description\" content=\"The Eye &amp; Eye Swivel is a versatile and commonly used hardware component in various industries, including marine, construction, and rigging.\" \/>\n<meta property=\"og:url\" content=\"https:\/\/qingdaohf.com\/pt\/produto\/olho-olho-giratorio\/\" \/>\n<meta property=\"og:site_name\" content=\"Concrete Form &amp; Rigging Hardware Supplier\" \/>\n<meta property=\"article:publisher\" content=\"https:\/\/www.facebook.com\/qingdaohf\" \/>\n<meta property=\"article:modified_time\" content=\"2025-11-13T01:04:46+00:00\" \/>\n<meta property=\"og:image\" content=\"https:\/\/qingdaohf.com\/wp-content\/uploads\/2023\/05\/Swive-6.jpg\" \/>\n\t<meta property=\"og:image:width\" content=\"1000\" \/>\n\t<meta property=\"og:image:height\" content=\"1000\" \/>\n\t<meta property=\"og:image:type\" content=\"image\/jpeg\" \/>\n<meta name=\"twitter:card\" content=\"summary_large_image\" \/>\n<meta name=\"twitter:label1\" content=\"Est. tempo de leitura\" \/>\n\t<meta name=\"twitter:data1\" content=\"1 minuto\" \/>\n<script type=\"application\/ld+json\" class=\"yoast-schema-graph\">{\"@context\":\"https:\/\/schema.org\",\"@graph\":[{\"@type\":\"WebPage\",\"@id\":\"https:\/\/qingdaohf.com\/product\/eye-eye-swivel\/\",\"url\":\"https:\/\/qingdaohf.com\/product\/eye-eye-swivel\/\",\"name\":\"Eye & Eye Swivel\",\"isPartOf\":{\"@id\":\"https:\/\/qingdaohf.com\/bg\/#website\"},\"primaryImageOfPage\":{\"@id\":\"https:\/\/qingdaohf.com\/product\/eye-eye-swivel\/#primaryimage\"},\"image\":{\"@id\":\"https:\/\/qingdaohf.com\/product\/eye-eye-swivel\/#primaryimage\"},\"thumbnailUrl\":\"https:\/\/qingdaohf.com\/wp-content\/uploads\/2023\/05\/Swive-6.jpg\",\"datePublished\":\"2023-05-25T06:11:38+00:00\",\"dateModified\":\"2025-11-13T01:04:46+00:00\",\"description\":\"The Eye & Eye Swivel is a versatile and commonly used hardware component in various industries, including marine, construction, and rigging.\",\"breadcrumb\":{\"@id\":\"https:\/\/qingdaohf.com\/product\/eye-eye-swivel\/#breadcrumb\"},\"inLanguage\":\"pt-BR\",\"potentialAction\":[{\"@type\":\"ReadAction\",\"target\":[\"https:\/\/qingdaohf.com\/product\/eye-eye-swivel\/\"]}]},{\"@type\":\"ImageObject\",\"inLanguage\":\"pt-BR\",\"@id\":\"https:\/\/qingdaohf.com\/product\/eye-eye-swivel\/#primaryimage\",\"url\":\"https:\/\/qingdaohf.com\/wp-content\/uploads\/2023\/05\/Swive-6.jpg\",\"contentUrl\":\"https:\/\/qingdaohf.com\/wp-content\/uploads\/2023\/05\/Swive-6.jpg\",\"width\":1000,\"height\":1000,\"caption\":\"Swive\"},{\"@type\":\"BreadcrumbList\",\"@id\":\"https:\/\/qingdaohf.com\/product\/eye-eye-swivel\/#breadcrumb\",\"itemListElement\":[{\"@type\":\"ListItem\",\"position\":1,\"name\":\"Home\",\"item\":\"https:\/\/qingdaohf.com\/\"},{\"@type\":\"ListItem\",\"position\":2,\"name\":\"Concrete Forming Accessories and Rigging Hardware\",\"item\":\"https:\/\/qingdaohf.com\/bg\/?page_id=944\"},{\"@type\":\"ListItem\",\"position\":3,\"name\":\"Eye &#038; Eye Swivel\"}]},{\"@type\":\"WebSite\",\"@id\":\"https:\/\/qingdaohf.com\/bg\/#website\",\"url\":\"https:\/\/qingdaohf.com\/bg\/\",\"name\":\"Concrete Form & Rigging Hardware Supplier\",\"description\":\"\",\"publisher\":{\"@id\":\"https:\/\/qingdaohf.com\/bg\/#organization\"},\"potentialAction\":[{\"@type\":\"SearchAction\",\"target\":{\"@type\":\"EntryPoint\",\"urlTemplate\":\"https:\/\/qingdaohf.com\/bg\/?s={search_term_string}\"},\"query-input\":{\"@type\":\"PropertyValueSpecification\",\"valueRequired\":true,\"valueName\":\"search_term_string\"}}],\"inLanguage\":\"pt-BR\"},{\"@type\":\"Organization\",\"@id\":\"https:\/\/qingdaohf.com\/bg\/#organization\",\"name\":\"Qingdao H&F\",\"url\":\"https:\/\/qingdaohf.com\/bg\/\",\"logo\":{\"@type\":\"ImageObject\",\"inLanguage\":\"pt-BR\",\"@id\":\"https:\/\/qingdaohf.com\/bg\/#\/schema\/logo\/image\/\",\"url\":\"https:\/\/qingdaohf.com\/wp-content\/uploads\/2022\/12\/cropped-HF-LOGO.png\",\"contentUrl\":\"https:\/\/qingdaohf.com\/wp-content\/uploads\/2022\/12\/cropped-HF-LOGO.png\",\"width\":391,\"height\":249,\"caption\":\"Qingdao H&F\"},\"image\":{\"@id\":\"https:\/\/qingdaohf.com\/bg\/#\/schema\/logo\/image\/\"},\"sameAs\":[\"https:\/\/www.facebook.com\/qingdaohf\"]}]}<\/script>\n<!-- \/ Yoast SEO plugin. -->","yoast_head_json":{"title":"Eye & Eye Swivel","description":"The Eye & Eye Swivel is a versatile and commonly used hardware component in various industries, including marine, construction, and rigging.","robots":{"index":"index","follow":"follow","max-snippet":"max-snippet:-1","max-image-preview":"max-image-preview:large","max-video-preview":"max-video-preview:-1"},"canonical":"https:\/\/qingdaohf.com\/pt\/produto\/olho-olho-giratorio\/","og_locale":"pt_BR","og_type":"article","og_title":"Eye & Eye Swivel","og_description":"The Eye & Eye Swivel is a versatile and commonly used hardware component in various industries, including marine, construction, and rigging.","og_url":"https:\/\/qingdaohf.com\/pt\/produto\/olho-olho-giratorio\/","og_site_name":"Concrete Form &amp; Rigging Hardware Supplier","article_publisher":"https:\/\/www.facebook.com\/qingdaohf","article_modified_time":"2025-11-13T01:04:46+00:00","og_image":[{"width":1000,"height":1000,"url":"https:\/\/qingdaohf.com\/wp-content\/uploads\/2023\/05\/Swive-6.jpg","type":"image\/jpeg"}],"twitter_card":"summary_large_image","twitter_misc":{"Est. tempo de leitura":"1 minuto"},"schema":{"@context":"https:\/\/schema.org","@graph":[{"@type":"WebPage","@id":"https:\/\/qingdaohf.com\/product\/eye-eye-swivel\/","url":"https:\/\/qingdaohf.com\/product\/eye-eye-swivel\/","name":"Eye & Eye Swivel","isPartOf":{"@id":"https:\/\/qingdaohf.com\/bg\/#website"},"primaryImageOfPage":{"@id":"https:\/\/qingdaohf.com\/product\/eye-eye-swivel\/#primaryimage"},"image":{"@id":"https:\/\/qingdaohf.com\/product\/eye-eye-swivel\/#primaryimage"},"thumbnailUrl":"https:\/\/qingdaohf.com\/wp-content\/uploads\/2023\/05\/Swive-6.jpg","datePublished":"2023-05-25T06:11:38+00:00","dateModified":"2025-11-13T01:04:46+00:00","description":"The Eye & Eye Swivel is a versatile and commonly used hardware component in various industries, including marine, construction, and rigging.","breadcrumb":{"@id":"https:\/\/qingdaohf.com\/product\/eye-eye-swivel\/#breadcrumb"},"inLanguage":"pt-BR","potentialAction":[{"@type":"ReadAction","target":["https:\/\/qingdaohf.com\/product\/eye-eye-swivel\/"]}]},{"@type":"ImageObject","inLanguage":"pt-BR","@id":"https:\/\/qingdaohf.com\/product\/eye-eye-swivel\/#primaryimage","url":"https:\/\/qingdaohf.com\/wp-content\/uploads\/2023\/05\/Swive-6.jpg","contentUrl":"https:\/\/qingdaohf.com\/wp-content\/uploads\/2023\/05\/Swive-6.jpg","width":1000,"height":1000,"caption":"Swive"},{"@type":"BreadcrumbList","@id":"https:\/\/qingdaohf.com\/product\/eye-eye-swivel\/#breadcrumb","itemListElement":[{"@type":"ListItem","position":1,"name":"Home","item":"https:\/\/qingdaohf.com\/"},{"@type":"ListItem","position":2,"name":"Concrete Forming Accessories and Rigging Hardware","item":"https:\/\/qingdaohf.com\/bg\/?page_id=944"},{"@type":"ListItem","position":3,"name":"Eye &#038; Eye Swivel"}]},{"@type":"WebSite","@id":"https:\/\/qingdaohf.com\/bg\/#website","url":"https:\/\/qingdaohf.com\/bg\/","name":"Concrete Form & Rigging Hardware Supplier","description":"","publisher":{"@id":"https:\/\/qingdaohf.com\/bg\/#organization"},"potentialAction":[{"@type":"SearchAction","target":{"@type":"EntryPoint","urlTemplate":"https:\/\/qingdaohf.com\/bg\/?s={search_term_string}"},"query-input":{"@type":"PropertyValueSpecification","valueRequired":true,"valueName":"search_term_string"}}],"inLanguage":"pt-BR"},{"@type":"Organization","@id":"https:\/\/qingdaohf.com\/bg\/#organization","name":"Qingdao H&F","url":"https:\/\/qingdaohf.com\/bg\/","logo":{"@type":"ImageObject","inLanguage":"pt-BR","@id":"https:\/\/qingdaohf.com\/bg\/#\/schema\/logo\/image\/","url":"https:\/\/qingdaohf.com\/wp-content\/uploads\/2022\/12\/cropped-HF-LOGO.png","contentUrl":"https:\/\/qingdaohf.com\/wp-content\/uploads\/2022\/12\/cropped-HF-LOGO.png","width":391,"height":249,"caption":"Qingdao H&F"},"image":{"@id":"https:\/\/qingdaohf.com\/bg\/#\/schema\/logo\/image\/"},"sameAs":["https:\/\/www.facebook.com\/qingdaohf"]}]}},"_links":{"self":[{"href":"https:\/\/qingdaohf.com\/pt\/wp-json\/wp\/v2\/product\/3976","targetHints":{"allow":["GET"]}}],"collection":[{"href":"https:\/\/qingdaohf.com\/pt\/wp-json\/wp\/v2\/product"}],"about":[{"href":"https:\/\/qingdaohf.com\/pt\/wp-json\/wp\/v2\/types\/product"}],"replies":[{"embeddable":true,"href":"https:\/\/qingdaohf.com\/pt\/wp-json\/wp\/v2\/comments?post=3976"}],"version-history":[{"count":2,"href":"https:\/\/qingdaohf.com\/pt\/wp-json\/wp\/v2\/product\/3976\/revisions"}],"predecessor-version":[{"id":10429,"href":"https:\/\/qingdaohf.com\/pt\/wp-json\/wp\/v2\/product\/3976\/revisions\/10429"}],"wp:featuredmedia":[{"embeddable":true,"href":"https:\/\/qingdaohf.com\/pt\/wp-json\/wp\/v2\/media\/3979"}],"wp:attachment":[{"href":"https:\/\/qingdaohf.com\/pt\/wp-json\/wp\/v2\/media?parent=3976"}],"wp:term":[{"taxonomy":"product_brand","embeddable":true,"href":"https:\/\/qingdaohf.com\/pt\/wp-json\/wp\/v2\/product_brand?post=3976"},{"taxonomy":"product_cat","embeddable":true,"href":"https:\/\/qingdaohf.com\/pt\/wp-json\/wp\/v2\/product_cat?post=3976"},{"taxonomy":"product_tag","embeddable":true,"href":"https:\/\/qingdaohf.com\/pt\/wp-json\/wp\/v2\/product_tag?post=3976"}],"curies":[{"name":"wp","href":"https:\/\/api.w.org\/{rel}","templated":true}]}}