{"id":4018,"date":"2023-05-25T17:17:08","date_gmt":"2023-05-25T09:17:08","guid":{"rendered":"http:\/\/qingdaohf.com\/?post_type=product&#038;p=4018"},"modified":"2025-11-13T09:04:44","modified_gmt":"2025-11-13T01:04:44","slug":"duplex-wire-rope-clip","status":"publish","type":"product","link":"https:\/\/qingdaohf.com\/pt\/produto\/grampo-de-cabo-de-aco-duplex\/","title":{"rendered":"Grampo de cabo de a\u00e7o duplex de a\u00e7o inoxid\u00e1vel"},"content":{"rendered":"<div class=\"ast-oembed-container\" style=\"height: 100%;\"><iframe title=\"Grampo de cabo de a\u00e7o duplex\" width=\"500\" height=\"375\" src=\"https:\/\/www.youtube.com\/embed\/zOdHzdudyVo?feature=oembed\" frameborder=\"0\" allow=\"accelerometer; autoplay; clipboard-write; encrypted-media; gyroscope; picture-in-picture; web-share\" referrerpolicy=\"strict-origin-when-cross-origin\" allowfullscreen><\/iframe><\/div>\n<p>Excel\u00eancia em clipes de cabo de a\u00e7o duplex: Nossos clipes para cabos de a\u00e7o duplex s\u00e3o projetados com perfei\u00e7\u00e3o usando materiais de primeira qualidade, garantindo resist\u00eancia, durabilidade e seguran\u00e7a superiores. Cada clipe \u00e9 submetido a testes rigorosos para atender e superar os padr\u00f5es do setor, garantindo um desempenho confi\u00e1vel nos ambientes mais exigentes.<\/p>\n<p>Aplica\u00e7\u00f5es vers\u00e1teis: Projetados para se destacarem em uma ampla variedade de aplica\u00e7\u00f5es, nossos clipes de cabo de a\u00e7o duplex s\u00e3o ideais para constru\u00e7\u00e3o, mar\u00edtimo, petr\u00f3leo e g\u00e1s e v\u00e1rios setores industriais. Eles oferecem uma solu\u00e7\u00e3o de amarra\u00e7\u00e3o segura e eficiente para diversos projetos.<\/p>\n<p>Atendimento personalizado ao cliente: Em nossa ess\u00eancia, priorizamos o atendimento individualizado ao cliente. Nossa equipe altamente qualificada trabalha em estreita colabora\u00e7\u00e3o com cada cliente para entender suas necessidades espec\u00edficas e recomendar os clipes de cabo de a\u00e7o duplex mais adequados para suas aplica\u00e7\u00f5es.<\/p>\n<p>Suporte p\u00f3s-venda incompar\u00e1vel: Nosso compromisso com voc\u00ea n\u00e3o termina com uma venda. Temos orgulho de oferecer um suporte p\u00f3s-venda abrangente, respondendo prontamente a qualquer d\u00favida ou preocupa\u00e7\u00e3o que voc\u00ea possa ter. Sua satisfa\u00e7\u00e3o \u00e9 nossa maior prioridade.<\/p>\n<p>Pre\u00e7os competitivos, economia ampliada: Ao mesmo tempo em que mantemos a qualidade intransigente do produto, acreditamos em oferecer aos nossos valiosos clientes mais margens de lucro. Nossos eficientes processos de fabrica\u00e7\u00e3o e s\u00f3lidas rela\u00e7\u00f5es com fornecedores nos permitem oferecer pre\u00e7os competitivos sem comprometer a excel\u00eancia.<\/p>\n<p>D\u00e9cadas de experi\u00eancia: Com 20 anos de experi\u00eancia no setor de rigging, nossa equipe possui amplo conhecimento e experi\u00eancia. Ficamos a par dos \u00faltimos avan\u00e7os e tend\u00eancias do setor para oferecer solu\u00e7\u00f5es de ponta aos nossos clientes.<\/p>\n<p>Rede de distribui\u00e7\u00e3o confi\u00e1vel: Como um distribuidor e atacadista de renome, temos uma rede de distribui\u00e7\u00e3o robusta que garante a entrega r\u00e1pida e confi\u00e1vel de seus clipes de cabo de a\u00e7o duplex, n\u00e3o importa onde voc\u00ea esteja.<\/p>\n<h3>Por que nos escolher?<\/h3>\n<p>Hist\u00f3rico comprovado: Ao longo dos anos, constru\u00edmos uma s\u00f3lida reputa\u00e7\u00e3o com base na confian\u00e7a e na fidelidade de in\u00fameros clientes satisfeitos. Nossa dedica\u00e7\u00e3o constante \u00e0 qualidade e \u00e0 confiabilidade \u00e9 a pedra angular do nosso sucesso.<\/p>\n<p>Seguran\u00e7a como prioridade: A seguran\u00e7a \u00e9 fundamental para n\u00f3s. Nossos clipes de cabo de a\u00e7o duplex passam por testes rigorosos e est\u00e3o em conformidade com os padr\u00f5es de seguran\u00e7a do setor, proporcionando a confian\u00e7a e a garantia de que voc\u00ea precisa para suas aplica\u00e7\u00f5es cr\u00edticas.<\/p>\n<p>Solu\u00e7\u00f5es sob medida: Reconhecemos que cada projeto \u00e9 \u00fanico. Nossa equipe trabalha em colabora\u00e7\u00e3o com voc\u00ea para fornecer solu\u00e7\u00f5es personalizadas que melhor atendam \u00e0s suas necessidades espec\u00edficas, garantindo sempre os melhores resultados.<\/p>\n<p>Abordagem centrada no cliente: Nossos clientes est\u00e3o no centro de tudo o que fazemos. Temos orgulho do nosso excepcional atendimento ao cliente, da comunica\u00e7\u00e3o transparente e da disposi\u00e7\u00e3o de ir al\u00e9m para garantir a sua satisfa\u00e7\u00e3o.<\/p>","protected":false},"excerpt":{"rendered":"<p>Como fabricante direto e atacadista, oferecemos pre\u00e7os competitivos sem comprometer a qualidade do produto. Nossos clipes de cabo de a\u00e7o duplex oferecem confiabilidade excepcional e solu\u00e7\u00f5es de fixa\u00e7\u00e3o segura para v\u00e1rias aplica\u00e7\u00f5es, o que os torna a escolha ideal para suas diversas necessidades.<\/p>","protected":false},"featured_media":4020,"comment_status":"open","ping_status":"closed","template":"","meta":{"site-sidebar-layout":"default","site-content-layout":"default","ast-site-content-layout":"default","site-content-style":"default","site-sidebar-style":"default","ast-global-header-display":"","ast-banner-title-visibility":"","ast-main-header-display":"","ast-hfb-above-header-display":"","ast-hfb-below-header-display":"","ast-hfb-mobile-header-display":"","site-post-title":"","ast-breadcrumbs-content":"","ast-featured-img":"","footer-sml-layout":"","theme-transparent-header-meta":"default","adv-header-id-meta":"","stick-header-meta":"default","header-above-stick-meta":"","header-main-stick-meta":"","header-below-stick-meta":"","astra-migrate-meta-layouts":"set","ast-page-background-enabled":"default","ast-page-background-meta":{"desktop":{"background-color":"","background-image":"","background-repeat":"repeat","background-position":"center center","background-size":"auto","background-attachment":"scroll","background-type":"","background-media":"","overlay-type":"","overlay-color":"","overlay-opacity":"","overlay-gradient":""},"tablet":{"background-color":"","background-image":"","background-repeat":"repeat","background-position":"center center","background-size":"auto","background-attachment":"scroll","background-type":"","background-media":"","overlay-type":"","overlay-color":"","overlay-opacity":"","overlay-gradient":""},"mobile":{"background-color":"","background-image":"","background-repeat":"repeat","background-position":"center center","background-size":"auto","background-attachment":"scroll","background-type":"","background-media":"","overlay-type":"","overlay-color":"","overlay-opacity":"","overlay-gradient":""}},"ast-content-background-meta":{"desktop":{"background-color":"var(--ast-global-color-5)","background-image":"","background-repeat":"repeat","background-position":"center center","background-size":"auto","background-attachment":"scroll","background-type":"","background-media":"","overlay-type":"","overlay-color":"","overlay-opacity":"","overlay-gradient":""},"tablet":{"background-color":"var(--ast-global-color-5)","background-image":"","background-repeat":"repeat","background-position":"center center","background-size":"auto","background-attachment":"scroll","background-type":"","background-media":"","overlay-type":"","overlay-color":"","overlay-opacity":"","overlay-gradient":""},"mobile":{"background-color":"var(--ast-global-color-5)","background-image":"","background-repeat":"repeat","background-position":"center center","background-size":"auto","background-attachment":"scroll","background-type":"","background-media":"","overlay-type":"","overlay-color":"","overlay-opacity":"","overlay-gradient":""}}},"product_brand":[],"product_cat":[51,37,43],"product_tag":[],"class_list":{"0":"post-4018","1":"product","2":"type-product","3":"status-publish","4":"has-post-thumbnail","6":"product_cat-riggging-hardware","7":"product_cat-wire-rope","8":"product_cat-rigging-hardware","9":"desktop-align-left","10":"tablet-align-left","11":"mobile-align-left","12":"ast-product-gallery-layout-horizontal-slider","13":"ast-product-tabs-layout-horizontal","15":"first","16":"instock","17":"shipping-taxable","18":"purchasable","19":"product-type-simple"},"yoast_head":"<!-- This site is optimized with the Yoast SEO plugin v25.2 - https:\/\/yoast.com\/wordpress\/plugins\/seo\/ -->\n<title>Stainless Steel Duplex Wire Rope Clip<\/title>\n<meta name=\"description\" content=\"As a direct manufacturer and wholesaler, we offer competitive pricing without compromising on product quality.\" \/>\n<meta name=\"robots\" content=\"index, follow, max-snippet:-1, max-image-preview:large, max-video-preview:-1\" \/>\n<link rel=\"canonical\" href=\"https:\/\/qingdaohf.com\/pt\/produto\/grampo-de-cabo-de-aco-duplex\/\" \/>\n<meta property=\"og:locale\" content=\"pt_BR\" \/>\n<meta property=\"og:type\" content=\"article\" \/>\n<meta property=\"og:title\" content=\"Stainless Steel Duplex Wire Rope Clip\" \/>\n<meta property=\"og:description\" content=\"As a direct manufacturer and wholesaler, we offer competitive pricing without compromising on product quality.\" \/>\n<meta property=\"og:url\" content=\"https:\/\/qingdaohf.com\/pt\/produto\/grampo-de-cabo-de-aco-duplex\/\" \/>\n<meta property=\"og:site_name\" content=\"Concrete Form &amp; Rigging Hardware Supplier\" \/>\n<meta property=\"article:publisher\" content=\"https:\/\/www.facebook.com\/qingdaohf\" \/>\n<meta property=\"article:modified_time\" content=\"2025-11-13T01:04:44+00:00\" \/>\n<meta property=\"og:image\" content=\"https:\/\/qingdaohf.com\/wp-content\/uploads\/2023\/05\/duplex-wire-rope-clip-11.jpg\" \/>\n\t<meta property=\"og:image:width\" content=\"1000\" \/>\n\t<meta property=\"og:image:height\" content=\"1000\" \/>\n\t<meta property=\"og:image:type\" content=\"image\/jpeg\" \/>\n<meta name=\"twitter:card\" content=\"summary_large_image\" \/>\n<meta name=\"twitter:label1\" content=\"Est. tempo de leitura\" \/>\n\t<meta name=\"twitter:data1\" content=\"2 minutos\" \/>\n<script type=\"application\/ld+json\" class=\"yoast-schema-graph\">{\"@context\":\"https:\/\/schema.org\",\"@graph\":[{\"@type\":\"WebPage\",\"@id\":\"https:\/\/qingdaohf.com\/product\/duplex-wire-rope-clip\/\",\"url\":\"https:\/\/qingdaohf.com\/product\/duplex-wire-rope-clip\/\",\"name\":\"Stainless Steel Duplex Wire Rope Clip\",\"isPartOf\":{\"@id\":\"https:\/\/qingdaohf.com\/bg\/#website\"},\"primaryImageOfPage\":{\"@id\":\"https:\/\/qingdaohf.com\/product\/duplex-wire-rope-clip\/#primaryimage\"},\"image\":{\"@id\":\"https:\/\/qingdaohf.com\/product\/duplex-wire-rope-clip\/#primaryimage\"},\"thumbnailUrl\":\"https:\/\/qingdaohf.com\/wp-content\/uploads\/2023\/05\/duplex-wire-rope-clip-11.jpg\",\"datePublished\":\"2023-05-25T09:17:08+00:00\",\"dateModified\":\"2025-11-13T01:04:44+00:00\",\"description\":\"As a direct manufacturer and wholesaler, we offer competitive pricing without compromising on product quality.\",\"breadcrumb\":{\"@id\":\"https:\/\/qingdaohf.com\/product\/duplex-wire-rope-clip\/#breadcrumb\"},\"inLanguage\":\"pt-BR\",\"potentialAction\":[{\"@type\":\"ReadAction\",\"target\":[\"https:\/\/qingdaohf.com\/product\/duplex-wire-rope-clip\/\"]}]},{\"@type\":\"ImageObject\",\"inLanguage\":\"pt-BR\",\"@id\":\"https:\/\/qingdaohf.com\/product\/duplex-wire-rope-clip\/#primaryimage\",\"url\":\"https:\/\/qingdaohf.com\/wp-content\/uploads\/2023\/05\/duplex-wire-rope-clip-11.jpg\",\"contentUrl\":\"https:\/\/qingdaohf.com\/wp-content\/uploads\/2023\/05\/duplex-wire-rope-clip-11.jpg\",\"width\":1000,\"height\":1000,\"caption\":\"duplex wire rope clip\"},{\"@type\":\"BreadcrumbList\",\"@id\":\"https:\/\/qingdaohf.com\/product\/duplex-wire-rope-clip\/#breadcrumb\",\"itemListElement\":[{\"@type\":\"ListItem\",\"position\":1,\"name\":\"Home\",\"item\":\"https:\/\/qingdaohf.com\/\"},{\"@type\":\"ListItem\",\"position\":2,\"name\":\"Concrete Forming Accessories and Rigging Hardware\",\"item\":\"https:\/\/qingdaohf.com\/bg\/?page_id=944\"},{\"@type\":\"ListItem\",\"position\":3,\"name\":\"Stainless Steel Duplex Wire Rope Clip\"}]},{\"@type\":\"WebSite\",\"@id\":\"https:\/\/qingdaohf.com\/bg\/#website\",\"url\":\"https:\/\/qingdaohf.com\/bg\/\",\"name\":\"Concrete Form & Rigging Hardware Supplier\",\"description\":\"\",\"publisher\":{\"@id\":\"https:\/\/qingdaohf.com\/bg\/#organization\"},\"potentialAction\":[{\"@type\":\"SearchAction\",\"target\":{\"@type\":\"EntryPoint\",\"urlTemplate\":\"https:\/\/qingdaohf.com\/bg\/?s={search_term_string}\"},\"query-input\":{\"@type\":\"PropertyValueSpecification\",\"valueRequired\":true,\"valueName\":\"search_term_string\"}}],\"inLanguage\":\"pt-BR\"},{\"@type\":\"Organization\",\"@id\":\"https:\/\/qingdaohf.com\/bg\/#organization\",\"name\":\"Qingdao H&F\",\"url\":\"https:\/\/qingdaohf.com\/bg\/\",\"logo\":{\"@type\":\"ImageObject\",\"inLanguage\":\"pt-BR\",\"@id\":\"https:\/\/qingdaohf.com\/bg\/#\/schema\/logo\/image\/\",\"url\":\"https:\/\/qingdaohf.com\/wp-content\/uploads\/2022\/12\/cropped-HF-LOGO.png\",\"contentUrl\":\"https:\/\/qingdaohf.com\/wp-content\/uploads\/2022\/12\/cropped-HF-LOGO.png\",\"width\":391,\"height\":249,\"caption\":\"Qingdao H&F\"},\"image\":{\"@id\":\"https:\/\/qingdaohf.com\/bg\/#\/schema\/logo\/image\/\"},\"sameAs\":[\"https:\/\/www.facebook.com\/qingdaohf\"]}]}<\/script>\n<!-- \/ Yoast SEO plugin. -->","yoast_head_json":{"title":"Stainless Steel Duplex Wire Rope Clip","description":"As a direct manufacturer and wholesaler, we offer competitive pricing without compromising on product quality.","robots":{"index":"index","follow":"follow","max-snippet":"max-snippet:-1","max-image-preview":"max-image-preview:large","max-video-preview":"max-video-preview:-1"},"canonical":"https:\/\/qingdaohf.com\/pt\/produto\/grampo-de-cabo-de-aco-duplex\/","og_locale":"pt_BR","og_type":"article","og_title":"Stainless Steel Duplex Wire Rope Clip","og_description":"As a direct manufacturer and wholesaler, we offer competitive pricing without compromising on product quality.","og_url":"https:\/\/qingdaohf.com\/pt\/produto\/grampo-de-cabo-de-aco-duplex\/","og_site_name":"Concrete Form &amp; Rigging Hardware Supplier","article_publisher":"https:\/\/www.facebook.com\/qingdaohf","article_modified_time":"2025-11-13T01:04:44+00:00","og_image":[{"width":1000,"height":1000,"url":"https:\/\/qingdaohf.com\/wp-content\/uploads\/2023\/05\/duplex-wire-rope-clip-11.jpg","type":"image\/jpeg"}],"twitter_card":"summary_large_image","twitter_misc":{"Est. tempo de leitura":"2 minutos"},"schema":{"@context":"https:\/\/schema.org","@graph":[{"@type":"WebPage","@id":"https:\/\/qingdaohf.com\/product\/duplex-wire-rope-clip\/","url":"https:\/\/qingdaohf.com\/product\/duplex-wire-rope-clip\/","name":"Stainless Steel Duplex Wire Rope Clip","isPartOf":{"@id":"https:\/\/qingdaohf.com\/bg\/#website"},"primaryImageOfPage":{"@id":"https:\/\/qingdaohf.com\/product\/duplex-wire-rope-clip\/#primaryimage"},"image":{"@id":"https:\/\/qingdaohf.com\/product\/duplex-wire-rope-clip\/#primaryimage"},"thumbnailUrl":"https:\/\/qingdaohf.com\/wp-content\/uploads\/2023\/05\/duplex-wire-rope-clip-11.jpg","datePublished":"2023-05-25T09:17:08+00:00","dateModified":"2025-11-13T01:04:44+00:00","description":"As a direct manufacturer and wholesaler, we offer competitive pricing without compromising on product quality.","breadcrumb":{"@id":"https:\/\/qingdaohf.com\/product\/duplex-wire-rope-clip\/#breadcrumb"},"inLanguage":"pt-BR","potentialAction":[{"@type":"ReadAction","target":["https:\/\/qingdaohf.com\/product\/duplex-wire-rope-clip\/"]}]},{"@type":"ImageObject","inLanguage":"pt-BR","@id":"https:\/\/qingdaohf.com\/product\/duplex-wire-rope-clip\/#primaryimage","url":"https:\/\/qingdaohf.com\/wp-content\/uploads\/2023\/05\/duplex-wire-rope-clip-11.jpg","contentUrl":"https:\/\/qingdaohf.com\/wp-content\/uploads\/2023\/05\/duplex-wire-rope-clip-11.jpg","width":1000,"height":1000,"caption":"duplex wire rope clip"},{"@type":"BreadcrumbList","@id":"https:\/\/qingdaohf.com\/product\/duplex-wire-rope-clip\/#breadcrumb","itemListElement":[{"@type":"ListItem","position":1,"name":"Home","item":"https:\/\/qingdaohf.com\/"},{"@type":"ListItem","position":2,"name":"Concrete Forming Accessories and Rigging Hardware","item":"https:\/\/qingdaohf.com\/bg\/?page_id=944"},{"@type":"ListItem","position":3,"name":"Stainless Steel Duplex Wire Rope Clip"}]},{"@type":"WebSite","@id":"https:\/\/qingdaohf.com\/bg\/#website","url":"https:\/\/qingdaohf.com\/bg\/","name":"Concrete Form & Rigging Hardware Supplier","description":"","publisher":{"@id":"https:\/\/qingdaohf.com\/bg\/#organization"},"potentialAction":[{"@type":"SearchAction","target":{"@type":"EntryPoint","urlTemplate":"https:\/\/qingdaohf.com\/bg\/?s={search_term_string}"},"query-input":{"@type":"PropertyValueSpecification","valueRequired":true,"valueName":"search_term_string"}}],"inLanguage":"pt-BR"},{"@type":"Organization","@id":"https:\/\/qingdaohf.com\/bg\/#organization","name":"Qingdao H&F","url":"https:\/\/qingdaohf.com\/bg\/","logo":{"@type":"ImageObject","inLanguage":"pt-BR","@id":"https:\/\/qingdaohf.com\/bg\/#\/schema\/logo\/image\/","url":"https:\/\/qingdaohf.com\/wp-content\/uploads\/2022\/12\/cropped-HF-LOGO.png","contentUrl":"https:\/\/qingdaohf.com\/wp-content\/uploads\/2022\/12\/cropped-HF-LOGO.png","width":391,"height":249,"caption":"Qingdao H&F"},"image":{"@id":"https:\/\/qingdaohf.com\/bg\/#\/schema\/logo\/image\/"},"sameAs":["https:\/\/www.facebook.com\/qingdaohf"]}]}},"_links":{"self":[{"href":"https:\/\/qingdaohf.com\/pt\/wp-json\/wp\/v2\/product\/4018","targetHints":{"allow":["GET"]}}],"collection":[{"href":"https:\/\/qingdaohf.com\/pt\/wp-json\/wp\/v2\/product"}],"about":[{"href":"https:\/\/qingdaohf.com\/pt\/wp-json\/wp\/v2\/types\/product"}],"replies":[{"embeddable":true,"href":"https:\/\/qingdaohf.com\/pt\/wp-json\/wp\/v2\/comments?post=4018"}],"version-history":[{"count":2,"href":"https:\/\/qingdaohf.com\/pt\/wp-json\/wp\/v2\/product\/4018\/revisions"}],"predecessor-version":[{"id":6105,"href":"https:\/\/qingdaohf.com\/pt\/wp-json\/wp\/v2\/product\/4018\/revisions\/6105"}],"wp:featuredmedia":[{"embeddable":true,"href":"https:\/\/qingdaohf.com\/pt\/wp-json\/wp\/v2\/media\/4020"}],"wp:attachment":[{"href":"https:\/\/qingdaohf.com\/pt\/wp-json\/wp\/v2\/media?parent=4018"}],"wp:term":[{"taxonomy":"product_brand","embeddable":true,"href":"https:\/\/qingdaohf.com\/pt\/wp-json\/wp\/v2\/product_brand?post=4018"},{"taxonomy":"product_cat","embeddable":true,"href":"https:\/\/qingdaohf.com\/pt\/wp-json\/wp\/v2\/product_cat?post=4018"},{"taxonomy":"product_tag","embeddable":true,"href":"https:\/\/qingdaohf.com\/pt\/wp-json\/wp\/v2\/product_tag?post=4018"}],"curies":[{"name":"wp","href":"https:\/\/api.w.org\/{rel}","templated":true}]}}