{"id":4232,"date":"2023-05-29T16:48:33","date_gmt":"2023-05-29T08:48:33","guid":{"rendered":"http:\/\/qingdaohf.com\/?post_type=product&#038;p=4232"},"modified":"2025-11-13T09:04:21","modified_gmt":"2025-11-13T01:04:21","slug":"eye-bolts","status":"publish","type":"product","link":"https:\/\/qingdaohf.com\/pt\/produto\/parafusos-com-olhal\/","title":{"rendered":"Parafuso de olhal de eleva\u00e7\u00e3o DIN580 A\u00e7o carbono galvanizado"},"content":{"rendered":"<div class=\"ast-oembed-container\" style=\"height: 100%;\"><iframe title=\"Porca de olho e parafuso de olho\" width=\"500\" height=\"281\" src=\"https:\/\/www.youtube.com\/embed\/Cjopwi1wX3I?feature=oembed\" frameborder=\"0\" allow=\"accelerometer; autoplay; clipboard-write; encrypted-media; gyroscope; picture-in-picture; web-share\" referrerpolicy=\"strict-origin-when-cross-origin\" allowfullscreen><\/iframe><\/div>\n<h2 class=\"text-2xl font-bold mt-1 text-text-200\">Parafusos de olhal galvanizados: Onde a durabilidade encontra o desempenho<\/h2>\n<p class=\"whitespace-pre-wrap break-words\">Procurando um hardware confi\u00e1vel que possa resistir a condi\u00e7\u00f5es externas adversas? Os parafusos com olhal galvanizado podem ser exatamente o que voc\u00ea precisa. Esses fixadores robustos conquistaram sua reputa\u00e7\u00e3o em canteiros de obras, p\u00e1tios de embarque e instala\u00e7\u00f5es industriais em todo o mundo. O segredo de sua longevidade? Um revestimento protetor de zinco que protege o n\u00facleo de a\u00e7o contra ferrugem e corros\u00e3o. Continue lendo para descobrir tudo, desde as op\u00e7\u00f5es de dimensionamento at\u00e9 as aplica\u00e7\u00f5es pr\u00e1ticas desses vers\u00e1teis fixadores.<\/p>\n<p><img fetchpriority=\"high\" decoding=\"async\" class=\"alignnone wp-image-8959 size-full\" src=\"http:\/\/qingdaohf.com\/wp-content\/uploads\/2025\/02\/eye-bolt-4.webp\" alt=\"parafuso com olhal\" width=\"1920\" height=\"1080\" srcset=\"https:\/\/qingdaohf.com\/wp-content\/uploads\/2025\/02\/eye-bolt-4.webp 1920w, https:\/\/qingdaohf.com\/wp-content\/uploads\/2025\/02\/eye-bolt-4-300x169.webp 300w, https:\/\/qingdaohf.com\/wp-content\/uploads\/2025\/02\/eye-bolt-4-1024x576.webp 1024w, https:\/\/qingdaohf.com\/wp-content\/uploads\/2025\/02\/eye-bolt-4-768x432.webp 768w, https:\/\/qingdaohf.com\/wp-content\/uploads\/2025\/02\/eye-bolt-4-1536x864.webp 1536w, https:\/\/qingdaohf.com\/wp-content\/uploads\/2025\/02\/eye-bolt-4-18x10.webp 18w, https:\/\/qingdaohf.com\/wp-content\/uploads\/2025\/02\/eye-bolt-4-1000x563.webp 1000w\" sizes=\"(max-width: 1920px) 100vw, 1920px\" \/><\/p>\n<h2 class=\"text-xl font-bold text-text-200 mt-1 -mb-0.5\">O caso dos parafusos com olhal galvanizado<\/h2>\n<p class=\"whitespace-pre-wrap break-words\">Esses n\u00e3o s\u00e3o apenas fixadores comuns. Os parafusos com olhal galvanizado combinam resist\u00eancia excepcional com confiabilidade not\u00e1vel. O processo de revestimento de zinco transforma parafusos de a\u00e7o comuns em pot\u00eancias resistentes \u00e0 corros\u00e3o que resistem \u00e0 umidade, \u00e0 n\u00e9voa salina e \u00e0s condi\u00e7\u00f5es clim\u00e1ticas adversas. Isso os torna indispens\u00e1veis para equipamentos mar\u00edtimos, projetos de constru\u00e7\u00e3o e opera\u00e7\u00f5es de eleva\u00e7\u00e3o de cargas pesadas.<\/p>\n<p class=\"whitespace-pre-wrap break-words\">O processo de revestimento \u00e9 particularmente inteligente - o zinco n\u00e3o fica apenas com uma apar\u00eancia bonita. Ele se sacrifica ativamente para proteger o a\u00e7o que est\u00e1 por baixo, o que \u00e9 especialmente importante em \u00e1reas costeiras, onde o ar salgado pode corroer materiais inferiores em pouco tempo. \u00c9 por isso que os estaleiros navais e os projetos de constru\u00e7\u00e3o \u00e0 beira-mar apostam nesses fixadores.<\/p>\n<p class=\"whitespace-pre-wrap break-words\">Nossa empresa comercial estoca apenas parafusos com olhal galvanizado de qualidade superior que atendem a rigorosos padr\u00f5es de qualidade. Desde os min\u00fasculos parafusos M2 para trabalhos de precis\u00e3o at\u00e9 as robustas vers\u00f5es M24 que podem suportar cargas pesadas, temos tudo o que voc\u00ea precisa. N\u00e3o tem certeza de qual tamanho se encaixa em seu projeto? Nossos especialistas est\u00e3o aqui para ajud\u00e1-lo a fazer a escolha certa.<\/p>\n<p><img decoding=\"async\" class=\"alignnone size-full wp-image-4672\" src=\"http:\/\/qingdaohf.com\/wp-content\/uploads\/2023\/05\/eye-bolt-eye-nut.jpg\" alt=\"Parafusos de eleva\u00e7\u00e3o de olhos\" width=\"1090\" height=\"725\" srcset=\"https:\/\/qingdaohf.com\/wp-content\/uploads\/2023\/05\/eye-bolt-eye-nut.jpg 1090w, https:\/\/qingdaohf.com\/wp-content\/uploads\/2023\/05\/eye-bolt-eye-nut-300x200.jpg 300w, https:\/\/qingdaohf.com\/wp-content\/uploads\/2023\/05\/eye-bolt-eye-nut-1024x681.jpg 1024w, https:\/\/qingdaohf.com\/wp-content\/uploads\/2023\/05\/eye-bolt-eye-nut-768x511.jpg 768w, https:\/\/qingdaohf.com\/wp-content\/uploads\/2023\/05\/eye-bolt-eye-nut-1000x665.jpg 1000w\" sizes=\"(max-width: 1090px) 100vw, 1090px\" \/><\/p>\n<h2 class=\"text-xl font-bold text-text-200 mt-1 -mb-0.5\">Parafusos de olhal galvanizados vs. de a\u00e7o inoxid\u00e1vel: Uma compara\u00e7\u00e3o pr\u00e1tica<\/h2>\n<h3 class=\"text-lg font-bold text-text-200 mt-1 -mb-1.5\">Defesa contra corros\u00e3o<\/h3>\n<ul class=\"[&amp;:not(:last-child)_ul]:pb-1 [&amp;:not(:last-child)_ol]:pb-1 list-disc space-y-1.5 pl-7\">\n<li class=\"whitespace-normal break-words\">Os parafusos com olhal galvanizado obt\u00eam sua prote\u00e7\u00e3o do banho de zinco que mencionamos anteriormente. O revestimento forma uma barreira resistente contra umidade e elementos corrosivos, perfeita para aplica\u00e7\u00f5es externas e mar\u00edtimas.<\/li>\n<li class=\"whitespace-normal break-words\">Os parafusos com olhal de a\u00e7o inoxid\u00e1vel combatem a corros\u00e3o de forma diferente - o cromo na liga cria um escudo invis\u00edvel contra a ferrugem. Eles s\u00e3o particularmente bons para aplica\u00e7\u00f5es em que o hardware precisa ter uma apar\u00eancia t\u00e3o boa quanto seu desempenho.<\/li>\n<\/ul>\n<h3 class=\"text-lg font-bold text-text-200 mt-1 -mb-1.5\">Resist\u00eancia e longevidade<\/h3>\n<ul class=\"[&amp;:not(:last-child)_ul]:pb-1 [&amp;:not(:last-child)_ol]:pb-1 list-disc space-y-1.5 pl-7\">\n<li class=\"whitespace-normal break-words\">As op\u00e7\u00f5es galvanizadas t\u00eam bastante for\u00e7a para a maioria dos trabalhos pesados. Essa camada de zinco acrescenta resist\u00eancia extra, o que explica sua popularidade na constru\u00e7\u00e3o e na manufatura.<\/li>\n<li class=\"whitespace-normal break-words\">O a\u00e7o inoxid\u00e1vel eleva ainda mais o n\u00edvel, oferecendo for\u00e7a e resist\u00eancia ao desgaste superiores. Eles tamb\u00e9m lidam melhor com temperaturas extremas, o que os torna a op\u00e7\u00e3o ideal para ambientes exigentes.<\/li>\n<\/ul>\n<h3 class=\"text-lg font-bold text-text-200 mt-1 -mb-1.5\">Impacto visual<\/h3>\n<ul class=\"[&amp;:not(:last-child)_ul]:pb-1 [&amp;:not(:last-child)_ol]:pb-1 list-disc space-y-1.5 pl-7\">\n<li class=\"whitespace-normal break-words\">Os parafusos galvanizados t\u00eam um acabamento pr\u00e1tico e industrial. Eles n\u00e3o est\u00e3o tentando ganhar concursos de beleza - est\u00e3o aqui para trabalhar.<\/li>\n<li class=\"whitespace-normal break-words\">O a\u00e7o inoxid\u00e1vel traz tanto for\u00e7a quanto beleza para a mesa. Sua apar\u00eancia polida o torna popular em projetos arquitet\u00f4nicos em que a est\u00e9tica \u00e9 importante.<\/li>\n<\/ul>\n<h3 class=\"text-lg font-bold text-text-200 mt-1 -mb-1.5\">Proposta de valor<\/h3>\n<ul class=\"[&amp;:not(:last-child)_ul]:pb-1 [&amp;:not(:last-child)_ol]:pb-1 list-disc space-y-1.5 pl-7\">\n<li class=\"whitespace-normal break-words\">Os parafusos galvanizados proporcionam um desempenho s\u00f3lido sem gastar muito. Eles s\u00e3o a escolha inteligente quando voc\u00ea precisa de confiabilidade com um or\u00e7amento limitado.<\/li>\n<li class=\"whitespace-normal break-words\">O a\u00e7o inoxid\u00e1vel tem um pre\u00e7o premium, refletindo suas propriedades superiores. O custo extra geralmente compensa em aplica\u00e7\u00f5es especializadas que exigem desempenho m\u00e1ximo.<\/li>\n<\/ul>\n<h2 class=\"text-xl font-bold text-text-200 mt-1 -mb-0.5\">O tamanho \u00e9 importante: De M2 a M24<\/h2>\n<p class=\"whitespace-pre-wrap break-words\">Nossa linha abrange tudo, de M2 a M24, garantindo que voc\u00ea encontre a combina\u00e7\u00e3o perfeita para o seu projeto:<\/p>\n<p class=\"whitespace-pre-wrap break-words\">Os modelos M2 lidam perfeitamente com aplica\u00e7\u00f5es leves, ideais para m\u00e1quinas menores e projetos em que a delicadeza \u00e9 mais importante do que a for\u00e7a bruta.<\/p>\n<p class=\"whitespace-pre-wrap break-words\">No outro extremo, as variantes M24 s\u00e3o os pesos pesados da fam\u00edlia. Esses fixadores robustos se destacam na constru\u00e7\u00e3o, no manuseio de equipamentos pesados e em qualquer outro lugar em que seja necess\u00e1rio um grande poder de eleva\u00e7\u00e3o.<\/p>\n<p class=\"whitespace-pre-wrap break-words\">Lembre-se: escolher o tamanho certo n\u00e3o \u00e9 apenas uma quest\u00e3o de prefer\u00eancia, mas tamb\u00e9m de seguran\u00e7a. Nossa equipe est\u00e1 pronta para ajud\u00e1-lo a tomar uma decis\u00e3o informada com base em suas necessidades espec\u00edficas.<\/p>\n<h2 class=\"text-xl font-bold text-text-200 mt-1 -mb-0.5\">Parceiro com experi\u00eancia<\/h2>\n<p class=\"whitespace-pre-wrap break-words\">Acreditamos em oferecer mais do que apenas hardware. Nosso compromisso inclui:<\/p>\n<p class=\"whitespace-pre-wrap break-words\">Orienta\u00e7\u00e3o especializada: Obtenha suporte personalizado para encontrar exatamente o que voc\u00ea precisa. Envio r\u00e1pido: Porque a espera n\u00e3o faz parte do cronograma de seu projeto. Testes rigorosos: Cada parafuso passa por rigorosos controles de qualidade antes de sair do nosso dep\u00f3sito.<\/p>\n<p class=\"whitespace-pre-wrap break-words\">Ao escolher a nossa empresa, voc\u00ea est\u00e1 recebendo mais do que parafusos com olhal galvanizados de primeira qualidade - voc\u00ea est\u00e1 ganhando um parceiro investido no sucesso do seu projeto. Nossos produtos s\u00e3o projetados para funcionar de forma confi\u00e1vel, independentemente dos desafios que sua aplica\u00e7\u00e3o apresente.<\/p>","protected":false},"excerpt":{"rendered":"<p>Nossos parafusos com olhal galvanizados M2 a M24 s\u00e3o ideais para v\u00e1rias aplica\u00e7\u00f5es de eleva\u00e7\u00e3o e fixa\u00e7\u00e3o. Constru\u00eddos com altos n\u00edveis de resist\u00eancia e durabilidade, nossos parafusos s\u00e3o projetados para oferecer confiabilidade ideal em condi\u00e7\u00f5es adversas. De cargas pesadas a fixa\u00e7\u00f5es industriais que exigem um aperto seguro, nossos parafusos com olhal proporcionam resultados de alto desempenho. Oferecemos atendimento individualizado ao cliente, para que todas as suas d\u00favidas sejam respondidas imediatamente. Somos r\u00e1pidos e tamb\u00e9m fornecemos relat\u00f3rios detalhados de inspe\u00e7\u00e3o de qualidade para uma experi\u00eancia sem erros, desde a compra at\u00e9 a entrega. Confie em nossos parafusos com olhal galvanizados para o seu pr\u00f3ximo projeto e tenha certeza de que est\u00e1 recebendo o melhor.<\/p>","protected":false},"featured_media":8968,"comment_status":"open","ping_status":"closed","template":"","meta":{"site-sidebar-layout":"default","site-content-layout":"default","ast-site-content-layout":"default","site-content-style":"default","site-sidebar-style":"default","ast-global-header-display":"","ast-banner-title-visibility":"","ast-main-header-display":"","ast-hfb-above-header-display":"","ast-hfb-below-header-display":"","ast-hfb-mobile-header-display":"","site-post-title":"","ast-breadcrumbs-content":"","ast-featured-img":"","footer-sml-layout":"","theme-transparent-header-meta":"default","adv-header-id-meta":"","stick-header-meta":"default","header-above-stick-meta":"","header-main-stick-meta":"","header-below-stick-meta":"","astra-migrate-meta-layouts":"set","ast-page-background-enabled":"default","ast-page-background-meta":{"desktop":{"background-color":"","background-image":"","background-repeat":"repeat","background-position":"center center","background-size":"auto","background-attachment":"scroll","background-type":"","background-media":"","overlay-type":"","overlay-color":"","overlay-opacity":"","overlay-gradient":""},"tablet":{"background-color":"","background-image":"","background-repeat":"repeat","background-position":"center center","background-size":"auto","background-attachment":"scroll","background-type":"","background-media":"","overlay-type":"","overlay-color":"","overlay-opacity":"","overlay-gradient":""},"mobile":{"background-color":"","background-image":"","background-repeat":"repeat","background-position":"center center","background-size":"auto","background-attachment":"scroll","background-type":"","background-media":"","overlay-type":"","overlay-color":"","overlay-opacity":"","overlay-gradient":""}},"ast-content-background-meta":{"desktop":{"background-color":"var(--ast-global-color-5)","background-image":"","background-repeat":"repeat","background-position":"center center","background-size":"auto","background-attachment":"scroll","background-type":"","background-media":"","overlay-type":"","overlay-color":"","overlay-opacity":"","overlay-gradient":""},"tablet":{"background-color":"var(--ast-global-color-5)","background-image":"","background-repeat":"repeat","background-position":"center center","background-size":"auto","background-attachment":"scroll","background-type":"","background-media":"","overlay-type":"","overlay-color":"","overlay-opacity":"","overlay-gradient":""},"mobile":{"background-color":"var(--ast-global-color-5)","background-image":"","background-repeat":"repeat","background-position":"center center","background-size":"auto","background-attachment":"scroll","background-type":"","background-media":"","overlay-type":"","overlay-color":"","overlay-opacity":"","overlay-gradient":""}}},"product_brand":[],"product_cat":[43],"product_tag":[],"class_list":{"0":"post-4232","1":"product","2":"type-product","3":"status-publish","4":"has-post-thumbnail","6":"product_cat-rigging-hardware","7":"desktop-align-left","8":"tablet-align-left","9":"mobile-align-left","10":"ast-product-gallery-layout-horizontal-slider","11":"ast-product-tabs-layout-horizontal","13":"first","14":"instock","15":"shipping-taxable","16":"purchasable","17":"product-type-simple"},"yoast_head":"<!-- This site is optimized with the Yoast SEO plugin v25.2 - https:\/\/yoast.com\/wordpress\/plugins\/seo\/ -->\n<title>Lifting Eye Bolt DIN580 Carbon Steel Galvanized<\/title>\n<meta name=\"description\" content=\"Eye bolts are specialized fasteners designed to provide a secure and reliable anchor point for lifting, rigging, or suspending applications.\" \/>\n<meta name=\"robots\" content=\"index, follow, max-snippet:-1, max-image-preview:large, max-video-preview:-1\" \/>\n<link rel=\"canonical\" href=\"https:\/\/qingdaohf.com\/pt\/produto\/parafusos-com-olhal\/\" \/>\n<meta property=\"og:locale\" content=\"pt_BR\" \/>\n<meta property=\"og:type\" content=\"article\" \/>\n<meta property=\"og:title\" content=\"Lifting Eye Bolt DIN580 Carbon Steel Galvanized\" \/>\n<meta property=\"og:description\" content=\"Eye bolts are specialized fasteners designed to provide a secure and reliable anchor point for lifting, rigging, or suspending applications.\" \/>\n<meta property=\"og:url\" content=\"https:\/\/qingdaohf.com\/pt\/produto\/parafusos-com-olhal\/\" \/>\n<meta property=\"og:site_name\" content=\"Concrete Form &amp; Rigging Hardware Supplier\" \/>\n<meta property=\"article:publisher\" content=\"https:\/\/www.facebook.com\/qingdaohf\" \/>\n<meta property=\"article:modified_time\" content=\"2025-11-13T01:04:21+00:00\" \/>\n<meta property=\"og:image\" content=\"https:\/\/qingdaohf.com\/wp-content\/uploads\/2023\/05\/eye-bolt-9.webp\" \/>\n\t<meta property=\"og:image:width\" content=\"1000\" \/>\n\t<meta property=\"og:image:height\" content=\"1000\" \/>\n\t<meta property=\"og:image:type\" content=\"image\/webp\" \/>\n<meta name=\"twitter:card\" content=\"summary_large_image\" \/>\n<meta name=\"twitter:label1\" content=\"Est. tempo de leitura\" \/>\n\t<meta name=\"twitter:data1\" content=\"4 minutos\" \/>\n<script type=\"application\/ld+json\" class=\"yoast-schema-graph\">{\"@context\":\"https:\/\/schema.org\",\"@graph\":[{\"@type\":\"WebPage\",\"@id\":\"https:\/\/qingdaohf.com\/product\/eye-bolts\/\",\"url\":\"https:\/\/qingdaohf.com\/product\/eye-bolts\/\",\"name\":\"Lifting Eye Bolt DIN580 Carbon Steel Galvanized\",\"isPartOf\":{\"@id\":\"https:\/\/qingdaohf.com\/bg\/#website\"},\"primaryImageOfPage\":{\"@id\":\"https:\/\/qingdaohf.com\/product\/eye-bolts\/#primaryimage\"},\"image\":{\"@id\":\"https:\/\/qingdaohf.com\/product\/eye-bolts\/#primaryimage\"},\"thumbnailUrl\":\"https:\/\/qingdaohf.com\/wp-content\/uploads\/2023\/05\/eye-bolt-9.webp\",\"datePublished\":\"2023-05-29T08:48:33+00:00\",\"dateModified\":\"2025-11-13T01:04:21+00:00\",\"description\":\"Eye bolts are specialized fasteners designed to provide a secure and reliable anchor point for lifting, rigging, or suspending applications.\",\"breadcrumb\":{\"@id\":\"https:\/\/qingdaohf.com\/product\/eye-bolts\/#breadcrumb\"},\"inLanguage\":\"pt-BR\",\"potentialAction\":[{\"@type\":\"ReadAction\",\"target\":[\"https:\/\/qingdaohf.com\/product\/eye-bolts\/\"]}]},{\"@type\":\"ImageObject\",\"inLanguage\":\"pt-BR\",\"@id\":\"https:\/\/qingdaohf.com\/product\/eye-bolts\/#primaryimage\",\"url\":\"https:\/\/qingdaohf.com\/wp-content\/uploads\/2023\/05\/eye-bolt-9.webp\",\"contentUrl\":\"https:\/\/qingdaohf.com\/wp-content\/uploads\/2023\/05\/eye-bolt-9.webp\",\"width\":1000,\"height\":1000,\"caption\":\"eye bolt\"},{\"@type\":\"BreadcrumbList\",\"@id\":\"https:\/\/qingdaohf.com\/product\/eye-bolts\/#breadcrumb\",\"itemListElement\":[{\"@type\":\"ListItem\",\"position\":1,\"name\":\"Home\",\"item\":\"https:\/\/qingdaohf.com\/\"},{\"@type\":\"ListItem\",\"position\":2,\"name\":\"Concrete Forming Accessories and Rigging Hardware\",\"item\":\"https:\/\/qingdaohf.com\/bg\/?page_id=944\"},{\"@type\":\"ListItem\",\"position\":3,\"name\":\"Lifting Eye Bolt DIN580 Carbon Steel Galvanized\"}]},{\"@type\":\"WebSite\",\"@id\":\"https:\/\/qingdaohf.com\/bg\/#website\",\"url\":\"https:\/\/qingdaohf.com\/bg\/\",\"name\":\"Concrete Form & Rigging Hardware Supplier\",\"description\":\"\",\"publisher\":{\"@id\":\"https:\/\/qingdaohf.com\/bg\/#organization\"},\"potentialAction\":[{\"@type\":\"SearchAction\",\"target\":{\"@type\":\"EntryPoint\",\"urlTemplate\":\"https:\/\/qingdaohf.com\/bg\/?s={search_term_string}\"},\"query-input\":{\"@type\":\"PropertyValueSpecification\",\"valueRequired\":true,\"valueName\":\"search_term_string\"}}],\"inLanguage\":\"pt-BR\"},{\"@type\":\"Organization\",\"@id\":\"https:\/\/qingdaohf.com\/bg\/#organization\",\"name\":\"Qingdao H&F\",\"url\":\"https:\/\/qingdaohf.com\/bg\/\",\"logo\":{\"@type\":\"ImageObject\",\"inLanguage\":\"pt-BR\",\"@id\":\"https:\/\/qingdaohf.com\/bg\/#\/schema\/logo\/image\/\",\"url\":\"https:\/\/qingdaohf.com\/wp-content\/uploads\/2022\/12\/cropped-HF-LOGO.png\",\"contentUrl\":\"https:\/\/qingdaohf.com\/wp-content\/uploads\/2022\/12\/cropped-HF-LOGO.png\",\"width\":391,\"height\":249,\"caption\":\"Qingdao H&F\"},\"image\":{\"@id\":\"https:\/\/qingdaohf.com\/bg\/#\/schema\/logo\/image\/\"},\"sameAs\":[\"https:\/\/www.facebook.com\/qingdaohf\"]}]}<\/script>\n<!-- \/ Yoast SEO plugin. -->","yoast_head_json":{"title":"Lifting Eye Bolt DIN580 Carbon Steel Galvanized","description":"Eye bolts are specialized fasteners designed to provide a secure and reliable anchor point for lifting, rigging, or suspending applications.","robots":{"index":"index","follow":"follow","max-snippet":"max-snippet:-1","max-image-preview":"max-image-preview:large","max-video-preview":"max-video-preview:-1"},"canonical":"https:\/\/qingdaohf.com\/pt\/produto\/parafusos-com-olhal\/","og_locale":"pt_BR","og_type":"article","og_title":"Lifting Eye Bolt DIN580 Carbon Steel Galvanized","og_description":"Eye bolts are specialized fasteners designed to provide a secure and reliable anchor point for lifting, rigging, or suspending applications.","og_url":"https:\/\/qingdaohf.com\/pt\/produto\/parafusos-com-olhal\/","og_site_name":"Concrete Form &amp; Rigging Hardware Supplier","article_publisher":"https:\/\/www.facebook.com\/qingdaohf","article_modified_time":"2025-11-13T01:04:21+00:00","og_image":[{"width":1000,"height":1000,"url":"https:\/\/qingdaohf.com\/wp-content\/uploads\/2023\/05\/eye-bolt-9.webp","type":"image\/webp"}],"twitter_card":"summary_large_image","twitter_misc":{"Est. tempo de leitura":"4 minutos"},"schema":{"@context":"https:\/\/schema.org","@graph":[{"@type":"WebPage","@id":"https:\/\/qingdaohf.com\/product\/eye-bolts\/","url":"https:\/\/qingdaohf.com\/product\/eye-bolts\/","name":"Lifting Eye Bolt DIN580 Carbon Steel Galvanized","isPartOf":{"@id":"https:\/\/qingdaohf.com\/bg\/#website"},"primaryImageOfPage":{"@id":"https:\/\/qingdaohf.com\/product\/eye-bolts\/#primaryimage"},"image":{"@id":"https:\/\/qingdaohf.com\/product\/eye-bolts\/#primaryimage"},"thumbnailUrl":"https:\/\/qingdaohf.com\/wp-content\/uploads\/2023\/05\/eye-bolt-9.webp","datePublished":"2023-05-29T08:48:33+00:00","dateModified":"2025-11-13T01:04:21+00:00","description":"Eye bolts are specialized fasteners designed to provide a secure and reliable anchor point for lifting, rigging, or suspending applications.","breadcrumb":{"@id":"https:\/\/qingdaohf.com\/product\/eye-bolts\/#breadcrumb"},"inLanguage":"pt-BR","potentialAction":[{"@type":"ReadAction","target":["https:\/\/qingdaohf.com\/product\/eye-bolts\/"]}]},{"@type":"ImageObject","inLanguage":"pt-BR","@id":"https:\/\/qingdaohf.com\/product\/eye-bolts\/#primaryimage","url":"https:\/\/qingdaohf.com\/wp-content\/uploads\/2023\/05\/eye-bolt-9.webp","contentUrl":"https:\/\/qingdaohf.com\/wp-content\/uploads\/2023\/05\/eye-bolt-9.webp","width":1000,"height":1000,"caption":"eye bolt"},{"@type":"BreadcrumbList","@id":"https:\/\/qingdaohf.com\/product\/eye-bolts\/#breadcrumb","itemListElement":[{"@type":"ListItem","position":1,"name":"Home","item":"https:\/\/qingdaohf.com\/"},{"@type":"ListItem","position":2,"name":"Concrete Forming Accessories and Rigging Hardware","item":"https:\/\/qingdaohf.com\/bg\/?page_id=944"},{"@type":"ListItem","position":3,"name":"Lifting Eye Bolt DIN580 Carbon Steel Galvanized"}]},{"@type":"WebSite","@id":"https:\/\/qingdaohf.com\/bg\/#website","url":"https:\/\/qingdaohf.com\/bg\/","name":"Concrete Form & Rigging Hardware Supplier","description":"","publisher":{"@id":"https:\/\/qingdaohf.com\/bg\/#organization"},"potentialAction":[{"@type":"SearchAction","target":{"@type":"EntryPoint","urlTemplate":"https:\/\/qingdaohf.com\/bg\/?s={search_term_string}"},"query-input":{"@type":"PropertyValueSpecification","valueRequired":true,"valueName":"search_term_string"}}],"inLanguage":"pt-BR"},{"@type":"Organization","@id":"https:\/\/qingdaohf.com\/bg\/#organization","name":"Qingdao H&F","url":"https:\/\/qingdaohf.com\/bg\/","logo":{"@type":"ImageObject","inLanguage":"pt-BR","@id":"https:\/\/qingdaohf.com\/bg\/#\/schema\/logo\/image\/","url":"https:\/\/qingdaohf.com\/wp-content\/uploads\/2022\/12\/cropped-HF-LOGO.png","contentUrl":"https:\/\/qingdaohf.com\/wp-content\/uploads\/2022\/12\/cropped-HF-LOGO.png","width":391,"height":249,"caption":"Qingdao H&F"},"image":{"@id":"https:\/\/qingdaohf.com\/bg\/#\/schema\/logo\/image\/"},"sameAs":["https:\/\/www.facebook.com\/qingdaohf"]}]}},"_links":{"self":[{"href":"https:\/\/qingdaohf.com\/pt\/wp-json\/wp\/v2\/product\/4232","targetHints":{"allow":["GET"]}}],"collection":[{"href":"https:\/\/qingdaohf.com\/pt\/wp-json\/wp\/v2\/product"}],"about":[{"href":"https:\/\/qingdaohf.com\/pt\/wp-json\/wp\/v2\/types\/product"}],"replies":[{"embeddable":true,"href":"https:\/\/qingdaohf.com\/pt\/wp-json\/wp\/v2\/comments?post=4232"}],"version-history":[{"count":5,"href":"https:\/\/qingdaohf.com\/pt\/wp-json\/wp\/v2\/product\/4232\/revisions"}],"predecessor-version":[{"id":4561,"href":"https:\/\/qingdaohf.com\/pt\/wp-json\/wp\/v2\/product\/4232\/revisions\/4561"}],"wp:featuredmedia":[{"embeddable":true,"href":"https:\/\/qingdaohf.com\/pt\/wp-json\/wp\/v2\/media\/8968"}],"wp:attachment":[{"href":"https:\/\/qingdaohf.com\/pt\/wp-json\/wp\/v2\/media?parent=4232"}],"wp:term":[{"taxonomy":"product_brand","embeddable":true,"href":"https:\/\/qingdaohf.com\/pt\/wp-json\/wp\/v2\/product_brand?post=4232"},{"taxonomy":"product_cat","embeddable":true,"href":"https:\/\/qingdaohf.com\/pt\/wp-json\/wp\/v2\/product_cat?post=4232"},{"taxonomy":"product_tag","embeddable":true,"href":"https:\/\/qingdaohf.com\/pt\/wp-json\/wp\/v2\/product_tag?post=4232"}],"curies":[{"name":"wp","href":"https:\/\/api.w.org\/{rel}","templated":true}]}}