{"id":4271,"date":"2023-06-01T17:48:40","date_gmt":"2023-06-01T09:48:40","guid":{"rendered":"http:\/\/qingdaohf.com\/?post_type=product&#038;p=4271"},"modified":"2025-11-13T09:04:21","modified_gmt":"2025-11-13T01:04:21","slug":"stainless-steel-coil-nail","status":"publish","type":"product","link":"https:\/\/qingdaohf.com\/pt\/produto\/prego-em-bobina-de-aco-inoxidavel\/","title":{"rendered":"Prego em bobina de a\u00e7o inoxid\u00e1vel"},"content":{"rendered":"<ol>\n<li>Material: Os pregos em bobina de a\u00e7o inoxid\u00e1vel s\u00e3o feitos de a\u00e7o inoxid\u00e1vel de alta qualidade. O a\u00e7o inoxid\u00e1vel \u00e9 escolhido por sua resist\u00eancia \u00e0 corros\u00e3o, for\u00e7a e longevidade. \u00c9 um material ideal para aplica\u00e7\u00f5es em que os pregos podem ser expostos \u00e0 umidade ou a ambientes corrosivos.<\/li>\n<li>Formato de bobina: Diferentemente dos pregos tradicionais em massa ou em bast\u00e3o, os pregos em bobina de a\u00e7o inoxid\u00e1vel s\u00e3o formados em um formato de bobina. Esse design de bobina permite maior capacidade de pregos, possibilitando que um n\u00famero maior de pregos seja carregado em uma pistola de pregos em bobina, o que aumenta a efici\u00eancia e reduz a necessidade de recarga frequente.<\/li>\n<li>Ponta e haste: Os pregos espirais de a\u00e7o inoxid\u00e1vel normalmente t\u00eam uma ponta de diamante afiada que ajuda a facilitar a inser\u00e7\u00e3o em v\u00e1rios materiais. A haste (corpo) do prego geralmente \u00e9 rosqueada em anel ou em espiral, o que proporciona maior ader\u00eancia e resist\u00eancia contra for\u00e7as de retirada.<\/li>\n<li>Tamanhos e aplica\u00e7\u00f5es: Os pregos em bobina de a\u00e7o inoxid\u00e1vel est\u00e3o dispon\u00edveis em v\u00e1rios comprimentos, di\u00e2metros e bitolas para atender a diferentes aplica\u00e7\u00f5es. Eles s\u00e3o comumente usados na constru\u00e7\u00e3o civil para molduras, decks, telhados, tapumes, cercas e outros trabalhos estruturais. Al\u00e9m disso, s\u00e3o \u00fateis em projetos de marcenaria, como montagem de m\u00f3veis, instala\u00e7\u00e3o de arm\u00e1rios e trabalhos de acabamento.<\/li>\n<li>Resist\u00eancia \u00e0 corros\u00e3o: Uma das principais vantagens dos pregos em bobina de a\u00e7o inoxid\u00e1vel \u00e9 sua resist\u00eancia \u00e0 corros\u00e3o. O a\u00e7o inoxid\u00e1vel cont\u00e9m cromo, que forma uma camada protetora de \u00f3xido na superf\u00edcie, protegendo o prego contra ferrugem e corros\u00e3o causadas pela exposi\u00e7\u00e3o \u00e0 umidade, produtos qu\u00edmicos ou condi\u00e7\u00f5es clim\u00e1ticas.<\/li>\n<li>Alta resist\u00eancia: Os pregos em espiral de a\u00e7o inoxid\u00e1vel oferecem excelente resist\u00eancia e durabilidade. Eles foram projetados para suportar altas tens\u00f5es e for\u00e7as laterais, proporcionando uma for\u00e7a de fixa\u00e7\u00e3o confi\u00e1vel e reduzindo o risco de quebra ou arrancamento do prego.<\/li>\n<li>Compatibilidade: Os pregos para bobinas de a\u00e7o inoxid\u00e1vel s\u00e3o compat\u00edveis com pistolas de pregos para bobinas projetadas especificamente para pregos para bobinas. Essas pistolas de pregos usam ar comprimido ou g\u00e1s para inserir os pregos de forma r\u00e1pida e eficiente no material.<\/li>\n<\/ol>\n<div class=\"ast-oembed-container\" style=\"height: 100%;\"><iframe title=\"Prego de bobina QINGDAO HF\" width=\"500\" height=\"375\" src=\"https:\/\/www.youtube.com\/embed\/d7FHshG3YyY?feature=oembed\" frameborder=\"0\" allow=\"accelerometer; autoplay; clipboard-write; encrypted-media; gyroscope; picture-in-picture; web-share\" referrerpolicy=\"strict-origin-when-cross-origin\" allowfullscreen><\/iframe><\/div>","protected":false},"excerpt":{"rendered":"<p>Os pregos em bobina de a\u00e7o inoxid\u00e1vel s\u00e3o uma op\u00e7\u00e3o confi\u00e1vel para aplica\u00e7\u00f5es exigentes que requerem fixadores fortes e duradouros com resist\u00eancia \u00e0 corros\u00e3o. Seu formato exclusivo de bobina, alta resist\u00eancia e compatibilidade com pistolas de pregos fazem deles uma escolha popular entre os profissionais dos setores de constru\u00e7\u00e3o e marcenaria.<\/p>","protected":false},"featured_media":4272,"comment_status":"open","ping_status":"closed","template":"","meta":{"site-sidebar-layout":"default","site-content-layout":"default","ast-site-content-layout":"","site-content-style":"default","site-sidebar-style":"default","ast-global-header-display":"","ast-banner-title-visibility":"","ast-main-header-display":"","ast-hfb-above-header-display":"","ast-hfb-below-header-display":"","ast-hfb-mobile-header-display":"","site-post-title":"","ast-breadcrumbs-content":"","ast-featured-img":"","footer-sml-layout":"","theme-transparent-header-meta":"default","adv-header-id-meta":"","stick-header-meta":"default","header-above-stick-meta":"","header-main-stick-meta":"","header-below-stick-meta":"","astra-migrate-meta-layouts":"default","ast-page-background-enabled":"default","ast-page-background-meta":{"desktop":{"background-color":"","background-image":"","background-repeat":"repeat","background-position":"center center","background-size":"auto","background-attachment":"scroll","background-type":"","background-media":"","overlay-type":"","overlay-color":"","overlay-opacity":"","overlay-gradient":""},"tablet":{"background-color":"","background-image":"","background-repeat":"repeat","background-position":"center center","background-size":"auto","background-attachment":"scroll","background-type":"","background-media":"","overlay-type":"","overlay-color":"","overlay-opacity":"","overlay-gradient":""},"mobile":{"background-color":"","background-image":"","background-repeat":"repeat","background-position":"center center","background-size":"auto","background-attachment":"scroll","background-type":"","background-media":"","overlay-type":"","overlay-color":"","overlay-opacity":"","overlay-gradient":""}},"ast-content-background-meta":{"desktop":{"background-color":"var(--ast-global-color-5)","background-image":"","background-repeat":"repeat","background-position":"center center","background-size":"auto","background-attachment":"scroll","background-type":"","background-media":"","overlay-type":"","overlay-color":"","overlay-opacity":"","overlay-gradient":""},"tablet":{"background-color":"var(--ast-global-color-5)","background-image":"","background-repeat":"repeat","background-position":"center center","background-size":"auto","background-attachment":"scroll","background-type":"","background-media":"","overlay-type":"","overlay-color":"","overlay-opacity":"","overlay-gradient":""},"mobile":{"background-color":"var(--ast-global-color-5)","background-image":"","background-repeat":"repeat","background-position":"center center","background-size":"auto","background-attachment":"scroll","background-type":"","background-media":"","overlay-type":"","overlay-color":"","overlay-opacity":"","overlay-gradient":""}}},"product_brand":[],"product_cat":[34,43],"product_tag":[],"class_list":{"0":"post-4271","1":"product","2":"type-product","3":"status-publish","4":"has-post-thumbnail","6":"product_cat-nail","7":"product_cat-rigging-hardware","8":"desktop-align-left","9":"tablet-align-left","10":"mobile-align-left","11":"ast-product-gallery-layout-horizontal-slider","12":"ast-product-tabs-layout-horizontal","14":"first","15":"instock","16":"shipping-taxable","17":"purchasable","18":"product-type-simple"},"yoast_head":"<!-- This site is optimized with the Yoast SEO plugin v25.2 - https:\/\/yoast.com\/wordpress\/plugins\/seo\/ -->\n<title>Stainless Steel Coil Nail<\/title>\n<meta name=\"description\" content=\"Stainless steel coil nails are a reliable choice for demanding applications that require strong, long-lasting fasteners with corrosion resistance.\" \/>\n<meta name=\"robots\" content=\"index, follow, max-snippet:-1, max-image-preview:large, max-video-preview:-1\" \/>\n<link rel=\"canonical\" href=\"https:\/\/qingdaohf.com\/pt\/produto\/prego-em-bobina-de-aco-inoxidavel\/\" \/>\n<meta property=\"og:locale\" content=\"pt_BR\" \/>\n<meta property=\"og:type\" content=\"article\" \/>\n<meta property=\"og:title\" content=\"Stainless Steel Coil Nail\" \/>\n<meta property=\"og:description\" content=\"Stainless steel coil nails are a reliable choice for demanding applications that require strong, long-lasting fasteners with corrosion resistance.\" \/>\n<meta property=\"og:url\" content=\"https:\/\/qingdaohf.com\/pt\/produto\/prego-em-bobina-de-aco-inoxidavel\/\" \/>\n<meta property=\"og:site_name\" content=\"Concrete Form &amp; Rigging Hardware Supplier\" \/>\n<meta property=\"article:publisher\" content=\"https:\/\/www.facebook.com\/qingdaohf\" \/>\n<meta property=\"article:modified_time\" content=\"2025-11-13T01:04:21+00:00\" \/>\n<meta property=\"og:image\" content=\"https:\/\/qingdaohf.com\/wp-content\/uploads\/2023\/06\/coil-nail-1.jpg\" \/>\n\t<meta property=\"og:image:width\" content=\"1000\" \/>\n\t<meta property=\"og:image:height\" content=\"1000\" \/>\n\t<meta property=\"og:image:type\" content=\"image\/jpeg\" \/>\n<meta name=\"twitter:card\" content=\"summary_large_image\" \/>\n<meta name=\"twitter:label1\" content=\"Est. tempo de leitura\" \/>\n\t<meta name=\"twitter:data1\" content=\"2 minutos\" \/>\n<script type=\"application\/ld+json\" class=\"yoast-schema-graph\">{\"@context\":\"https:\/\/schema.org\",\"@graph\":[{\"@type\":\"WebPage\",\"@id\":\"https:\/\/qingdaohf.com\/product\/stainless-steel-coil-nail\/\",\"url\":\"https:\/\/qingdaohf.com\/product\/stainless-steel-coil-nail\/\",\"name\":\"Stainless Steel Coil Nail\",\"isPartOf\":{\"@id\":\"https:\/\/qingdaohf.com\/bg\/#website\"},\"primaryImageOfPage\":{\"@id\":\"https:\/\/qingdaohf.com\/product\/stainless-steel-coil-nail\/#primaryimage\"},\"image\":{\"@id\":\"https:\/\/qingdaohf.com\/product\/stainless-steel-coil-nail\/#primaryimage\"},\"thumbnailUrl\":\"https:\/\/qingdaohf.com\/wp-content\/uploads\/2023\/06\/coil-nail-1.jpg\",\"datePublished\":\"2023-06-01T09:48:40+00:00\",\"dateModified\":\"2025-11-13T01:04:21+00:00\",\"description\":\"Stainless steel coil nails are a reliable choice for demanding applications that require strong, long-lasting fasteners with corrosion resistance.\",\"breadcrumb\":{\"@id\":\"https:\/\/qingdaohf.com\/product\/stainless-steel-coil-nail\/#breadcrumb\"},\"inLanguage\":\"pt-BR\",\"potentialAction\":[{\"@type\":\"ReadAction\",\"target\":[\"https:\/\/qingdaohf.com\/product\/stainless-steel-coil-nail\/\"]}]},{\"@type\":\"ImageObject\",\"inLanguage\":\"pt-BR\",\"@id\":\"https:\/\/qingdaohf.com\/product\/stainless-steel-coil-nail\/#primaryimage\",\"url\":\"https:\/\/qingdaohf.com\/wp-content\/uploads\/2023\/06\/coil-nail-1.jpg\",\"contentUrl\":\"https:\/\/qingdaohf.com\/wp-content\/uploads\/2023\/06\/coil-nail-1.jpg\",\"width\":1000,\"height\":1000,\"caption\":\"coil nail\"},{\"@type\":\"BreadcrumbList\",\"@id\":\"https:\/\/qingdaohf.com\/product\/stainless-steel-coil-nail\/#breadcrumb\",\"itemListElement\":[{\"@type\":\"ListItem\",\"position\":1,\"name\":\"Home\",\"item\":\"https:\/\/qingdaohf.com\/\"},{\"@type\":\"ListItem\",\"position\":2,\"name\":\"Concrete Forming Accessories and Rigging Hardware\",\"item\":\"https:\/\/qingdaohf.com\/bg\/?page_id=944\"},{\"@type\":\"ListItem\",\"position\":3,\"name\":\"Stainless Steel Coil Nail\"}]},{\"@type\":\"WebSite\",\"@id\":\"https:\/\/qingdaohf.com\/bg\/#website\",\"url\":\"https:\/\/qingdaohf.com\/bg\/\",\"name\":\"Concrete Form & Rigging Hardware Supplier\",\"description\":\"\",\"publisher\":{\"@id\":\"https:\/\/qingdaohf.com\/bg\/#organization\"},\"potentialAction\":[{\"@type\":\"SearchAction\",\"target\":{\"@type\":\"EntryPoint\",\"urlTemplate\":\"https:\/\/qingdaohf.com\/bg\/?s={search_term_string}\"},\"query-input\":{\"@type\":\"PropertyValueSpecification\",\"valueRequired\":true,\"valueName\":\"search_term_string\"}}],\"inLanguage\":\"pt-BR\"},{\"@type\":\"Organization\",\"@id\":\"https:\/\/qingdaohf.com\/bg\/#organization\",\"name\":\"Qingdao H&F\",\"url\":\"https:\/\/qingdaohf.com\/bg\/\",\"logo\":{\"@type\":\"ImageObject\",\"inLanguage\":\"pt-BR\",\"@id\":\"https:\/\/qingdaohf.com\/bg\/#\/schema\/logo\/image\/\",\"url\":\"https:\/\/qingdaohf.com\/wp-content\/uploads\/2022\/12\/cropped-HF-LOGO.png\",\"contentUrl\":\"https:\/\/qingdaohf.com\/wp-content\/uploads\/2022\/12\/cropped-HF-LOGO.png\",\"width\":391,\"height\":249,\"caption\":\"Qingdao H&F\"},\"image\":{\"@id\":\"https:\/\/qingdaohf.com\/bg\/#\/schema\/logo\/image\/\"},\"sameAs\":[\"https:\/\/www.facebook.com\/qingdaohf\"]}]}<\/script>\n<!-- \/ Yoast SEO plugin. -->","yoast_head_json":{"title":"Stainless Steel Coil Nail","description":"Stainless steel coil nails are a reliable choice for demanding applications that require strong, long-lasting fasteners with corrosion resistance.","robots":{"index":"index","follow":"follow","max-snippet":"max-snippet:-1","max-image-preview":"max-image-preview:large","max-video-preview":"max-video-preview:-1"},"canonical":"https:\/\/qingdaohf.com\/pt\/produto\/prego-em-bobina-de-aco-inoxidavel\/","og_locale":"pt_BR","og_type":"article","og_title":"Stainless Steel Coil Nail","og_description":"Stainless steel coil nails are a reliable choice for demanding applications that require strong, long-lasting fasteners with corrosion resistance.","og_url":"https:\/\/qingdaohf.com\/pt\/produto\/prego-em-bobina-de-aco-inoxidavel\/","og_site_name":"Concrete Form &amp; Rigging Hardware Supplier","article_publisher":"https:\/\/www.facebook.com\/qingdaohf","article_modified_time":"2025-11-13T01:04:21+00:00","og_image":[{"width":1000,"height":1000,"url":"https:\/\/qingdaohf.com\/wp-content\/uploads\/2023\/06\/coil-nail-1.jpg","type":"image\/jpeg"}],"twitter_card":"summary_large_image","twitter_misc":{"Est. tempo de leitura":"2 minutos"},"schema":{"@context":"https:\/\/schema.org","@graph":[{"@type":"WebPage","@id":"https:\/\/qingdaohf.com\/product\/stainless-steel-coil-nail\/","url":"https:\/\/qingdaohf.com\/product\/stainless-steel-coil-nail\/","name":"Stainless Steel Coil Nail","isPartOf":{"@id":"https:\/\/qingdaohf.com\/bg\/#website"},"primaryImageOfPage":{"@id":"https:\/\/qingdaohf.com\/product\/stainless-steel-coil-nail\/#primaryimage"},"image":{"@id":"https:\/\/qingdaohf.com\/product\/stainless-steel-coil-nail\/#primaryimage"},"thumbnailUrl":"https:\/\/qingdaohf.com\/wp-content\/uploads\/2023\/06\/coil-nail-1.jpg","datePublished":"2023-06-01T09:48:40+00:00","dateModified":"2025-11-13T01:04:21+00:00","description":"Stainless steel coil nails are a reliable choice for demanding applications that require strong, long-lasting fasteners with corrosion resistance.","breadcrumb":{"@id":"https:\/\/qingdaohf.com\/product\/stainless-steel-coil-nail\/#breadcrumb"},"inLanguage":"pt-BR","potentialAction":[{"@type":"ReadAction","target":["https:\/\/qingdaohf.com\/product\/stainless-steel-coil-nail\/"]}]},{"@type":"ImageObject","inLanguage":"pt-BR","@id":"https:\/\/qingdaohf.com\/product\/stainless-steel-coil-nail\/#primaryimage","url":"https:\/\/qingdaohf.com\/wp-content\/uploads\/2023\/06\/coil-nail-1.jpg","contentUrl":"https:\/\/qingdaohf.com\/wp-content\/uploads\/2023\/06\/coil-nail-1.jpg","width":1000,"height":1000,"caption":"coil nail"},{"@type":"BreadcrumbList","@id":"https:\/\/qingdaohf.com\/product\/stainless-steel-coil-nail\/#breadcrumb","itemListElement":[{"@type":"ListItem","position":1,"name":"Home","item":"https:\/\/qingdaohf.com\/"},{"@type":"ListItem","position":2,"name":"Concrete Forming Accessories and Rigging Hardware","item":"https:\/\/qingdaohf.com\/bg\/?page_id=944"},{"@type":"ListItem","position":3,"name":"Stainless Steel Coil Nail"}]},{"@type":"WebSite","@id":"https:\/\/qingdaohf.com\/bg\/#website","url":"https:\/\/qingdaohf.com\/bg\/","name":"Concrete Form & Rigging Hardware Supplier","description":"","publisher":{"@id":"https:\/\/qingdaohf.com\/bg\/#organization"},"potentialAction":[{"@type":"SearchAction","target":{"@type":"EntryPoint","urlTemplate":"https:\/\/qingdaohf.com\/bg\/?s={search_term_string}"},"query-input":{"@type":"PropertyValueSpecification","valueRequired":true,"valueName":"search_term_string"}}],"inLanguage":"pt-BR"},{"@type":"Organization","@id":"https:\/\/qingdaohf.com\/bg\/#organization","name":"Qingdao H&F","url":"https:\/\/qingdaohf.com\/bg\/","logo":{"@type":"ImageObject","inLanguage":"pt-BR","@id":"https:\/\/qingdaohf.com\/bg\/#\/schema\/logo\/image\/","url":"https:\/\/qingdaohf.com\/wp-content\/uploads\/2022\/12\/cropped-HF-LOGO.png","contentUrl":"https:\/\/qingdaohf.com\/wp-content\/uploads\/2022\/12\/cropped-HF-LOGO.png","width":391,"height":249,"caption":"Qingdao H&F"},"image":{"@id":"https:\/\/qingdaohf.com\/bg\/#\/schema\/logo\/image\/"},"sameAs":["https:\/\/www.facebook.com\/qingdaohf"]}]}},"_links":{"self":[{"href":"https:\/\/qingdaohf.com\/pt\/wp-json\/wp\/v2\/product\/4271","targetHints":{"allow":["GET"]}}],"collection":[{"href":"https:\/\/qingdaohf.com\/pt\/wp-json\/wp\/v2\/product"}],"about":[{"href":"https:\/\/qingdaohf.com\/pt\/wp-json\/wp\/v2\/types\/product"}],"replies":[{"embeddable":true,"href":"https:\/\/qingdaohf.com\/pt\/wp-json\/wp\/v2\/comments?post=4271"}],"version-history":[{"count":1,"href":"https:\/\/qingdaohf.com\/pt\/wp-json\/wp\/v2\/product\/4271\/revisions"}],"predecessor-version":[{"id":10418,"href":"https:\/\/qingdaohf.com\/pt\/wp-json\/wp\/v2\/product\/4271\/revisions\/10418"}],"wp:featuredmedia":[{"embeddable":true,"href":"https:\/\/qingdaohf.com\/pt\/wp-json\/wp\/v2\/media\/4272"}],"wp:attachment":[{"href":"https:\/\/qingdaohf.com\/pt\/wp-json\/wp\/v2\/media?parent=4271"}],"wp:term":[{"taxonomy":"product_brand","embeddable":true,"href":"https:\/\/qingdaohf.com\/pt\/wp-json\/wp\/v2\/product_brand?post=4271"},{"taxonomy":"product_cat","embeddable":true,"href":"https:\/\/qingdaohf.com\/pt\/wp-json\/wp\/v2\/product_cat?post=4271"},{"taxonomy":"product_tag","embeddable":true,"href":"https:\/\/qingdaohf.com\/pt\/wp-json\/wp\/v2\/product_tag?post=4271"}],"curies":[{"name":"wp","href":"https:\/\/api.w.org\/{rel}","templated":true}]}}