{"id":4551,"date":"2023-06-25T17:55:26","date_gmt":"2023-06-25T09:55:26","guid":{"rendered":"http:\/\/qingdaohf.com\/?post_type=product&#038;p=4551"},"modified":"2025-11-13T09:04:03","modified_gmt":"2025-11-13T01:04:03","slug":"closed-body-turnbuckle","status":"publish","type":"product","link":"https:\/\/qingdaohf.com\/pt\/produto\/esticador-de-corpo-fechado\/","title":{"rendered":"Fivela de corpo fechado"},"content":{"rendered":"<h2 class=\"text-2xl font-bold mt-1 text-text-200\">Introdu\u00e7\u00e3o ao esticador de corpo fechado<\/h2>\n<p class=\"whitespace-pre-wrap break-words\">Vamos falar sobre esticadores de corpo fechado - esses dispositivos mec\u00e2nicos essenciais que voc\u00ea encontrar\u00e1 em qualquer lugar onde a tens\u00e3o precise de um ajuste preciso. Pense neles como os her\u00f3is desconhecidos dos sistemas de cabos e cordoalhas. Diferentemente de seus primos mais simples, esses esticadores apresentam um projeto totalmente fechado que protege suas pe\u00e7as de trabalho dos elementos, tornando-os incrivelmente confi\u00e1veis para tudo, desde canteiros de obras at\u00e9 embarca\u00e7\u00f5es a vela.<\/p>\n<p class=\"whitespace-pre-wrap break-words\">A genialidade est\u00e1 em seu design simples, por\u00e9m eficaz: duas extremidades rosqueadas conectadas por um mecanismo interno protegido. Essa configura\u00e7\u00e3o permite que voc\u00ea ajuste a tens\u00e3o exata e, ao mesmo tempo, mant\u00e9m todos os componentes vitais protegidos contra intemp\u00e9ries e desgaste. Para os profissionais que n\u00e3o podem se dar ao luxo de ter um equipamento com defeito, essa prote\u00e7\u00e3o extra n\u00e3o \u00e9 apenas agrad\u00e1vel, \u00e9 essencial.<\/p>\n<h2 class=\"text-xl font-bold text-text-200 mt-1 -mb-0.5\">Benef\u00edcios do uso de um esticador de corpo fechado<\/h2>\n<p class=\"whitespace-pre-wrap break-words\">Talvez voc\u00ea se pergunte por que os esticadores de corpo fechado se tornaram a escolha preferida em aplica\u00e7\u00f5es exigentes. Em primeiro lugar, eles s\u00e3o constru\u00eddos como tanques. Fabricados com materiais robustos, como a\u00e7o inoxid\u00e1vel ou a\u00e7o carbono, esses dispositivos resistem a condi\u00e7\u00f5es clim\u00e1ticas adversas e a cargas pesadas. Eles s\u00e3o o tipo de ferramenta que continua funcionando muito tempo depois de outros terem desistido.<\/p>\n<p class=\"whitespace-pre-wrap break-words\">O que realmente os diferencia \u00e9 a facilidade de uso. Precisa ajustar a tens\u00e3o? \u00c9 t\u00e3o simples quanto girar o corpo at\u00e9 atingir o ponto ideal. Isso \u00e9 extremamente importante quando se trata de algo como o cordame de um veleiro, em que os ajustes de tens\u00e3o podem precisar ser feitos na hora.<\/p>\n<p class=\"whitespace-pre-wrap break-words\">O design fechado tamb\u00e9m n\u00e3o \u00e9 apenas para exibi\u00e7\u00e3o. Ao manter a rosca protegida, voc\u00ea est\u00e1 basicamente acrescentando anos \u00e0 vida \u00fatil do esticador. Quando voc\u00ea os compara com as vers\u00f5es de corpo aberto, \u00e9 como escolher entre um rel\u00f3gio \u00e0 prova d'\u00e1gua e um normal - \u00e9 claro que ambos informam as horas, mas voc\u00ea sabe qual deles prefere ter em uma tempestade.<\/p>\n<h2 class=\"text-xl font-bold text-text-200 mt-1 -mb-0.5\">Aplica\u00e7\u00f5es de esticadores de corpo fechado<\/h2>\n<p class=\"whitespace-pre-wrap break-words\">Essas ferramentas vers\u00e1teis entraram em quase todos os setores em que a tens\u00e3o \u00e9 importante. As equipes de constru\u00e7\u00e3o contam com elas para manter a tens\u00e3o dos cabos em pontes e torres, garantindo que essas estruturas maci\u00e7as permane\u00e7am s\u00f3lidas como uma rocha. Na \u00e1gua, os velejadores confiam nelas para manter o cordame esticado e \u00e1gil, ajustando-o conforme as condi\u00e7\u00f5es clim\u00e1ticas exigirem.<\/p>\n<p class=\"whitespace-pre-wrap break-words\">Mesmo em campos de alta tecnologia, como a fabrica\u00e7\u00e3o automotiva e aeroespacial, os esticadores de corpo fechado desempenham um papel crucial. Eles s\u00e3o essenciais para fixar componentes e manter a tens\u00e3o precisa em v\u00e1rios sistemas mec\u00e2nicos.<\/p>\n<p class=\"whitespace-pre-wrap break-words\">A comunidade de bricolagem tamb\u00e9m os adotou. Independentemente de voc\u00ea estar montando uma balaustrada de arame para o seu deck ou instalando um sistema de treli\u00e7a de jardim, esses esticadores oferecem a confiabilidade de n\u00edvel profissional que garante que o seu projeto resista ao teste do tempo.<\/p>\n<h2 class=\"text-xl font-bold text-text-200 mt-1 -mb-0.5\">Por que nos escolher<\/h2>\n<p class=\"whitespace-pre-wrap break-words\">Constru\u00edmos nossa reputa\u00e7\u00e3o fornecendo esticadores que sempre superam as expectativas. Nossa linha de produtos abrange todas as especifica\u00e7\u00f5es poss\u00edveis, garantindo que voc\u00ea encontre exatamente o que o seu projeto exige. No entanto, o que realmente nos diferencia \u00e9 a nossa abordagem pr\u00e1tica ao atendimento ao cliente.<\/p>\n<p class=\"whitespace-pre-wrap break-words\">Ao trabalhar conosco, voc\u00ea recebe mais do que apenas tensores de alta qualidade. Voc\u00ea est\u00e1 recebendo um parceiro que entende suas necessidades e responde rapidamente \u00e0s suas solicita\u00e7\u00f5es. Sabemos que a espera por pe\u00e7as pode paralisar um projeto, por isso otimizamos nosso sistema de entrega para obter o que voc\u00ea precisa, quando voc\u00ea precisa.<\/p>\n<p class=\"whitespace-pre-wrap break-words\">Todos os esticadores que enviamos s\u00e3o respaldados por relat\u00f3rios abrangentes de inspe\u00e7\u00e3o de qualidade. Submetemos nossos produtos a testes rigorosos porque entendemos que, em sua linha de trabalho, o fracasso n\u00e3o \u00e9 uma op\u00e7\u00e3o.<\/p>\n<h2 class=\"text-2xl font-bold mt-1 text-text-200\">Conclus\u00e3o<\/h2>\n<p class=\"whitespace-pre-wrap break-words\">A escolha do esticador certo pode ser decisiva para o sucesso ou fracasso de um projeto. O design de corpo fechado oferece um n\u00edvel extra de prote\u00e7\u00e3o e confiabilidade que faz valer a pena o investimento. Quer esteja erguendo um pr\u00e9dio ou montando um veleiro, voc\u00ea precisa de equipamentos com os quais possa contar. Seja nosso parceiro e voc\u00ea ter\u00e1 n\u00e3o apenas produtos superiores, mas tamb\u00e9m o suporte e o servi\u00e7o correspondentes. N\u00e3o comprometa a qualidade - escolha esticadores que s\u00e3o constru\u00eddos para cumprir o que prometem.<\/p>","protected":false},"excerpt":{"rendered":"<p>O esticador de corpo fechado \u00e9 um equipamento forte e adapt\u00e1vel usado para ajuste de tens\u00e3o em cabos, cordas ou configura\u00e7\u00f5es de amarra\u00e7\u00e3o. Constru\u00eddo para oferecer resist\u00eancia e precis\u00e3o, esse esticador pode se adequar a muitos usos, desde aplica\u00e7\u00f5es do tipo \"fa\u00e7a voc\u00ea mesmo\" at\u00e9 aplica\u00e7\u00f5es industriais. Nossa organiza\u00e7\u00e3o oferece um benef\u00edcio inigual\u00e1vel com atendimento personalizado e individual ao cliente, ciclos de entrega r\u00e1pidos e relat\u00f3rios detalhados de inspe\u00e7\u00e3o de qualidade para garantir que cada produto seja da mais alta qualidade poss\u00edvel. Confie em n\u00f3s para obter solu\u00e7\u00f5es confi\u00e1veis para suas necessidades de esticadores com efici\u00eancia e qualidade incompar\u00e1veis.<\/p>","protected":false},"featured_media":4552,"comment_status":"open","ping_status":"closed","template":"","meta":{"site-sidebar-layout":"default","site-content-layout":"default","ast-site-content-layout":"default","site-content-style":"default","site-sidebar-style":"default","ast-global-header-display":"","ast-banner-title-visibility":"","ast-main-header-display":"","ast-hfb-above-header-display":"","ast-hfb-below-header-display":"","ast-hfb-mobile-header-display":"","site-post-title":"","ast-breadcrumbs-content":"","ast-featured-img":"","footer-sml-layout":"","theme-transparent-header-meta":"default","adv-header-id-meta":"","stick-header-meta":"default","header-above-stick-meta":"","header-main-stick-meta":"","header-below-stick-meta":"","astra-migrate-meta-layouts":"set","ast-page-background-enabled":"default","ast-page-background-meta":{"desktop":{"background-color":"","background-image":"","background-repeat":"repeat","background-position":"center center","background-size":"auto","background-attachment":"scroll","background-type":"","background-media":"","overlay-type":"","overlay-color":"","overlay-opacity":"","overlay-gradient":""},"tablet":{"background-color":"","background-image":"","background-repeat":"repeat","background-position":"center center","background-size":"auto","background-attachment":"scroll","background-type":"","background-media":"","overlay-type":"","overlay-color":"","overlay-opacity":"","overlay-gradient":""},"mobile":{"background-color":"","background-image":"","background-repeat":"repeat","background-position":"center center","background-size":"auto","background-attachment":"scroll","background-type":"","background-media":"","overlay-type":"","overlay-color":"","overlay-opacity":"","overlay-gradient":""}},"ast-content-background-meta":{"desktop":{"background-color":"var(--ast-global-color-5)","background-image":"","background-repeat":"repeat","background-position":"center center","background-size":"auto","background-attachment":"scroll","background-type":"","background-media":"","overlay-type":"","overlay-color":"","overlay-opacity":"","overlay-gradient":""},"tablet":{"background-color":"var(--ast-global-color-5)","background-image":"","background-repeat":"repeat","background-position":"center center","background-size":"auto","background-attachment":"scroll","background-type":"","background-media":"","overlay-type":"","overlay-color":"","overlay-opacity":"","overlay-gradient":""},"mobile":{"background-color":"var(--ast-global-color-5)","background-image":"","background-repeat":"repeat","background-position":"center center","background-size":"auto","background-attachment":"scroll","background-type":"","background-media":"","overlay-type":"","overlay-color":"","overlay-opacity":"","overlay-gradient":""}}},"product_brand":[],"product_cat":[56,43,44],"product_tag":[],"class_list":{"0":"post-4551","1":"product","2":"type-product","3":"status-publish","4":"has-post-thumbnail","6":"product_cat-turnbuckle","7":"product_cat-rigging-hardware","8":"product_cat-stainless-steel-poduct","9":"desktop-align-left","10":"tablet-align-left","11":"mobile-align-left","12":"ast-product-gallery-layout-horizontal-slider","13":"ast-product-tabs-layout-horizontal","15":"first","16":"instock","17":"shipping-taxable","18":"purchasable","19":"product-type-simple"},"yoast_head":"<!-- This site is optimized with the Yoast SEO plugin v25.2 - https:\/\/yoast.com\/wordpress\/plugins\/seo\/ -->\n<title>Closed Body Turnbuckle<\/title>\n<meta name=\"description\" content=\"A closed body turnbuckle is a mechanical device used to adjust tension or length in a system by utilizing the principle of a screw mechanism.\" \/>\n<meta name=\"robots\" content=\"index, follow, max-snippet:-1, max-image-preview:large, max-video-preview:-1\" \/>\n<link rel=\"canonical\" href=\"https:\/\/qingdaohf.com\/pt\/produto\/esticador-de-corpo-fechado\/\" \/>\n<meta property=\"og:locale\" content=\"pt_BR\" \/>\n<meta property=\"og:type\" content=\"article\" \/>\n<meta property=\"og:title\" content=\"Closed Body Turnbuckle\" \/>\n<meta property=\"og:description\" content=\"A closed body turnbuckle is a mechanical device used to adjust tension or length in a system by utilizing the principle of a screw mechanism.\" \/>\n<meta property=\"og:url\" content=\"https:\/\/qingdaohf.com\/pt\/produto\/esticador-de-corpo-fechado\/\" \/>\n<meta property=\"og:site_name\" content=\"Concrete Form &amp; Rigging Hardware Supplier\" \/>\n<meta property=\"article:publisher\" content=\"https:\/\/www.facebook.com\/qingdaohf\" \/>\n<meta property=\"article:modified_time\" content=\"2025-11-13T01:04:03+00:00\" \/>\n<meta property=\"og:image\" content=\"https:\/\/qingdaohf.com\/wp-content\/uploads\/2023\/06\/turnbuckle-9.jpg\" \/>\n\t<meta property=\"og:image:width\" content=\"1000\" \/>\n\t<meta property=\"og:image:height\" content=\"1000\" \/>\n\t<meta property=\"og:image:type\" content=\"image\/jpeg\" \/>\n<meta name=\"twitter:card\" content=\"summary_large_image\" \/>\n<meta name=\"twitter:label1\" content=\"Est. tempo de leitura\" \/>\n\t<meta name=\"twitter:data1\" content=\"3 minutos\" \/>\n<script type=\"application\/ld+json\" class=\"yoast-schema-graph\">{\"@context\":\"https:\/\/schema.org\",\"@graph\":[{\"@type\":\"WebPage\",\"@id\":\"https:\/\/qingdaohf.com\/product\/closed-body-turnbuckle\/\",\"url\":\"https:\/\/qingdaohf.com\/product\/closed-body-turnbuckle\/\",\"name\":\"Closed Body Turnbuckle\",\"isPartOf\":{\"@id\":\"https:\/\/qingdaohf.com\/bg\/#website\"},\"primaryImageOfPage\":{\"@id\":\"https:\/\/qingdaohf.com\/product\/closed-body-turnbuckle\/#primaryimage\"},\"image\":{\"@id\":\"https:\/\/qingdaohf.com\/product\/closed-body-turnbuckle\/#primaryimage\"},\"thumbnailUrl\":\"https:\/\/qingdaohf.com\/wp-content\/uploads\/2023\/06\/turnbuckle-9.jpg\",\"datePublished\":\"2023-06-25T09:55:26+00:00\",\"dateModified\":\"2025-11-13T01:04:03+00:00\",\"description\":\"A closed body turnbuckle is a mechanical device used to adjust tension or length in a system by utilizing the principle of a screw mechanism.\",\"breadcrumb\":{\"@id\":\"https:\/\/qingdaohf.com\/product\/closed-body-turnbuckle\/#breadcrumb\"},\"inLanguage\":\"pt-BR\",\"potentialAction\":[{\"@type\":\"ReadAction\",\"target\":[\"https:\/\/qingdaohf.com\/product\/closed-body-turnbuckle\/\"]}]},{\"@type\":\"ImageObject\",\"inLanguage\":\"pt-BR\",\"@id\":\"https:\/\/qingdaohf.com\/product\/closed-body-turnbuckle\/#primaryimage\",\"url\":\"https:\/\/qingdaohf.com\/wp-content\/uploads\/2023\/06\/turnbuckle-9.jpg\",\"contentUrl\":\"https:\/\/qingdaohf.com\/wp-content\/uploads\/2023\/06\/turnbuckle-9.jpg\",\"width\":1000,\"height\":1000,\"caption\":\"turnbuckle\"},{\"@type\":\"BreadcrumbList\",\"@id\":\"https:\/\/qingdaohf.com\/product\/closed-body-turnbuckle\/#breadcrumb\",\"itemListElement\":[{\"@type\":\"ListItem\",\"position\":1,\"name\":\"Home\",\"item\":\"https:\/\/qingdaohf.com\/\"},{\"@type\":\"ListItem\",\"position\":2,\"name\":\"Concrete Forming Accessories and Rigging Hardware\",\"item\":\"https:\/\/qingdaohf.com\/bg\/?page_id=944\"},{\"@type\":\"ListItem\",\"position\":3,\"name\":\"Closed Body Turnbuckle\"}]},{\"@type\":\"WebSite\",\"@id\":\"https:\/\/qingdaohf.com\/bg\/#website\",\"url\":\"https:\/\/qingdaohf.com\/bg\/\",\"name\":\"Concrete Form & Rigging Hardware Supplier\",\"description\":\"\",\"publisher\":{\"@id\":\"https:\/\/qingdaohf.com\/bg\/#organization\"},\"potentialAction\":[{\"@type\":\"SearchAction\",\"target\":{\"@type\":\"EntryPoint\",\"urlTemplate\":\"https:\/\/qingdaohf.com\/bg\/?s={search_term_string}\"},\"query-input\":{\"@type\":\"PropertyValueSpecification\",\"valueRequired\":true,\"valueName\":\"search_term_string\"}}],\"inLanguage\":\"pt-BR\"},{\"@type\":\"Organization\",\"@id\":\"https:\/\/qingdaohf.com\/bg\/#organization\",\"name\":\"Qingdao H&F\",\"url\":\"https:\/\/qingdaohf.com\/bg\/\",\"logo\":{\"@type\":\"ImageObject\",\"inLanguage\":\"pt-BR\",\"@id\":\"https:\/\/qingdaohf.com\/bg\/#\/schema\/logo\/image\/\",\"url\":\"https:\/\/qingdaohf.com\/wp-content\/uploads\/2022\/12\/cropped-HF-LOGO.png\",\"contentUrl\":\"https:\/\/qingdaohf.com\/wp-content\/uploads\/2022\/12\/cropped-HF-LOGO.png\",\"width\":391,\"height\":249,\"caption\":\"Qingdao H&F\"},\"image\":{\"@id\":\"https:\/\/qingdaohf.com\/bg\/#\/schema\/logo\/image\/\"},\"sameAs\":[\"https:\/\/www.facebook.com\/qingdaohf\"]}]}<\/script>\n<!-- \/ Yoast SEO plugin. -->","yoast_head_json":{"title":"Closed Body Turnbuckle","description":"A closed body turnbuckle is a mechanical device used to adjust tension or length in a system by utilizing the principle of a screw mechanism.","robots":{"index":"index","follow":"follow","max-snippet":"max-snippet:-1","max-image-preview":"max-image-preview:large","max-video-preview":"max-video-preview:-1"},"canonical":"https:\/\/qingdaohf.com\/pt\/produto\/esticador-de-corpo-fechado\/","og_locale":"pt_BR","og_type":"article","og_title":"Closed Body Turnbuckle","og_description":"A closed body turnbuckle is a mechanical device used to adjust tension or length in a system by utilizing the principle of a screw mechanism.","og_url":"https:\/\/qingdaohf.com\/pt\/produto\/esticador-de-corpo-fechado\/","og_site_name":"Concrete Form &amp; Rigging Hardware Supplier","article_publisher":"https:\/\/www.facebook.com\/qingdaohf","article_modified_time":"2025-11-13T01:04:03+00:00","og_image":[{"width":1000,"height":1000,"url":"https:\/\/qingdaohf.com\/wp-content\/uploads\/2023\/06\/turnbuckle-9.jpg","type":"image\/jpeg"}],"twitter_card":"summary_large_image","twitter_misc":{"Est. tempo de leitura":"3 minutos"},"schema":{"@context":"https:\/\/schema.org","@graph":[{"@type":"WebPage","@id":"https:\/\/qingdaohf.com\/product\/closed-body-turnbuckle\/","url":"https:\/\/qingdaohf.com\/product\/closed-body-turnbuckle\/","name":"Closed Body Turnbuckle","isPartOf":{"@id":"https:\/\/qingdaohf.com\/bg\/#website"},"primaryImageOfPage":{"@id":"https:\/\/qingdaohf.com\/product\/closed-body-turnbuckle\/#primaryimage"},"image":{"@id":"https:\/\/qingdaohf.com\/product\/closed-body-turnbuckle\/#primaryimage"},"thumbnailUrl":"https:\/\/qingdaohf.com\/wp-content\/uploads\/2023\/06\/turnbuckle-9.jpg","datePublished":"2023-06-25T09:55:26+00:00","dateModified":"2025-11-13T01:04:03+00:00","description":"A closed body turnbuckle is a mechanical device used to adjust tension or length in a system by utilizing the principle of a screw mechanism.","breadcrumb":{"@id":"https:\/\/qingdaohf.com\/product\/closed-body-turnbuckle\/#breadcrumb"},"inLanguage":"pt-BR","potentialAction":[{"@type":"ReadAction","target":["https:\/\/qingdaohf.com\/product\/closed-body-turnbuckle\/"]}]},{"@type":"ImageObject","inLanguage":"pt-BR","@id":"https:\/\/qingdaohf.com\/product\/closed-body-turnbuckle\/#primaryimage","url":"https:\/\/qingdaohf.com\/wp-content\/uploads\/2023\/06\/turnbuckle-9.jpg","contentUrl":"https:\/\/qingdaohf.com\/wp-content\/uploads\/2023\/06\/turnbuckle-9.jpg","width":1000,"height":1000,"caption":"turnbuckle"},{"@type":"BreadcrumbList","@id":"https:\/\/qingdaohf.com\/product\/closed-body-turnbuckle\/#breadcrumb","itemListElement":[{"@type":"ListItem","position":1,"name":"Home","item":"https:\/\/qingdaohf.com\/"},{"@type":"ListItem","position":2,"name":"Concrete Forming Accessories and Rigging Hardware","item":"https:\/\/qingdaohf.com\/bg\/?page_id=944"},{"@type":"ListItem","position":3,"name":"Closed Body Turnbuckle"}]},{"@type":"WebSite","@id":"https:\/\/qingdaohf.com\/bg\/#website","url":"https:\/\/qingdaohf.com\/bg\/","name":"Concrete Form & Rigging Hardware Supplier","description":"","publisher":{"@id":"https:\/\/qingdaohf.com\/bg\/#organization"},"potentialAction":[{"@type":"SearchAction","target":{"@type":"EntryPoint","urlTemplate":"https:\/\/qingdaohf.com\/bg\/?s={search_term_string}"},"query-input":{"@type":"PropertyValueSpecification","valueRequired":true,"valueName":"search_term_string"}}],"inLanguage":"pt-BR"},{"@type":"Organization","@id":"https:\/\/qingdaohf.com\/bg\/#organization","name":"Qingdao H&F","url":"https:\/\/qingdaohf.com\/bg\/","logo":{"@type":"ImageObject","inLanguage":"pt-BR","@id":"https:\/\/qingdaohf.com\/bg\/#\/schema\/logo\/image\/","url":"https:\/\/qingdaohf.com\/wp-content\/uploads\/2022\/12\/cropped-HF-LOGO.png","contentUrl":"https:\/\/qingdaohf.com\/wp-content\/uploads\/2022\/12\/cropped-HF-LOGO.png","width":391,"height":249,"caption":"Qingdao H&F"},"image":{"@id":"https:\/\/qingdaohf.com\/bg\/#\/schema\/logo\/image\/"},"sameAs":["https:\/\/www.facebook.com\/qingdaohf"]}]}},"_links":{"self":[{"href":"https:\/\/qingdaohf.com\/pt\/wp-json\/wp\/v2\/product\/4551","targetHints":{"allow":["GET"]}}],"collection":[{"href":"https:\/\/qingdaohf.com\/pt\/wp-json\/wp\/v2\/product"}],"about":[{"href":"https:\/\/qingdaohf.com\/pt\/wp-json\/wp\/v2\/types\/product"}],"replies":[{"embeddable":true,"href":"https:\/\/qingdaohf.com\/pt\/wp-json\/wp\/v2\/comments?post=4551"}],"version-history":[{"count":4,"href":"https:\/\/qingdaohf.com\/pt\/wp-json\/wp\/v2\/product\/4551\/revisions"}],"predecessor-version":[{"id":8981,"href":"https:\/\/qingdaohf.com\/pt\/wp-json\/wp\/v2\/product\/4551\/revisions\/8981"}],"wp:featuredmedia":[{"embeddable":true,"href":"https:\/\/qingdaohf.com\/pt\/wp-json\/wp\/v2\/media\/4552"}],"wp:attachment":[{"href":"https:\/\/qingdaohf.com\/pt\/wp-json\/wp\/v2\/media?parent=4551"}],"wp:term":[{"taxonomy":"product_brand","embeddable":true,"href":"https:\/\/qingdaohf.com\/pt\/wp-json\/wp\/v2\/product_brand?post=4551"},{"taxonomy":"product_cat","embeddable":true,"href":"https:\/\/qingdaohf.com\/pt\/wp-json\/wp\/v2\/product_cat?post=4551"},{"taxonomy":"product_tag","embeddable":true,"href":"https:\/\/qingdaohf.com\/pt\/wp-json\/wp\/v2\/product_tag?post=4551"}],"curies":[{"name":"wp","href":"https:\/\/api.w.org\/{rel}","templated":true}]}}