{"id":6109,"date":"2023-12-22T16:01:59","date_gmt":"2023-12-22T08:01:59","guid":{"rendered":"http:\/\/qingdaohf.com\/?post_type=product&#038;p=6109"},"modified":"2025-11-13T09:04:00","modified_gmt":"2025-11-13T01:04:00","slug":"utility-lifting-anchors","status":"publish","type":"product","link":"https:\/\/qingdaohf.com\/pt\/produto\/ancoras-de-elevacao-de-utilitarios\/","title":{"rendered":"\u00c2ncoras de eleva\u00e7\u00e3o de utilit\u00e1rios para concreto"},"content":{"rendered":"<p><strong>1. Especifica\u00e7\u00f5es e qualidade do produto:<\/strong><\/p>\n<ul>\n<li>As \u00e2ncoras utilit\u00e1rias da H&amp;F obedecem a especifica\u00e7\u00f5es rigorosas, garantindo que atendam e superem os padr\u00f5es do setor. Rigorosas medidas de controle de qualidade s\u00e3o implementadas em todo o processo de fabrica\u00e7\u00e3o, garantindo durabilidade e confiabilidade em cada \u00e2ncora.<\/li>\n<\/ul>\n<p><strong>2. Reputa\u00e7\u00e3o e confiabilidade do fornecedor:<\/strong><\/p>\n<ul>\n<li>A H&amp;F possui uma reputa\u00e7\u00e3o distinta no setor, respaldada por mais de duas d\u00e9cadas de experi\u00eancia. Nossas \u00e2ncoras utilit\u00e1rias t\u00eam recebido consistentemente altas classifica\u00e7\u00f5es e cr\u00edticas positivas, atestando sua confiabilidade e desempenho.<\/li>\n<\/ul>\n<p><strong>3. Conformidade e certifica\u00e7\u00e3o:<\/strong><\/p>\n<ul>\n<li>Fique tranquilo, pois as \u00e2ncoras para utilit\u00e1rios da H&amp;F n\u00e3o s\u00e3o apenas confi\u00e1veis, mas tamb\u00e9m est\u00e3o em conformidade com as normas do setor. Priorizamos a seguran\u00e7a e a qualidade, e nossas \u00e2ncoras s\u00e3o certificadas para atender ou exceder todos os padr\u00f5es relevantes.<\/li>\n<\/ul>\n<p><strong>4. Custo e rela\u00e7\u00e3o custo-benef\u00edcio:<\/strong><\/p>\n<ul>\n<li>A H&amp;F entende a import\u00e2ncia da rela\u00e7\u00e3o custo-benef\u00edcio sem comprometer a qualidade. Nossas \u00e2ncoras para utilit\u00e1rios oferecem uma rela\u00e7\u00e3o custo-benef\u00edcio excepcional, combinando pre\u00e7os competitivos com desempenho robusto para um investimento s\u00f3lido de longo prazo.<\/li>\n<\/ul>\n<p><strong>5. Expedi\u00e7\u00e3o e log\u00edstica:<\/strong><\/p>\n<ul>\n<li>Na H&amp;F, fazemos o poss\u00edvel para garantir que suas \u00e2ncoras utilit\u00e1rias cheguem intactas e no prazo. Nossas embalagens seguras e solu\u00e7\u00f5es log\u00edsticas eficientes garantem entregas seguras e pontuais, minimizando poss\u00edveis interrup\u00e7\u00f5es nos cronogramas de seus projetos.<\/li>\n<\/ul>\n<p><strong>6. Suporte ao cliente e comunica\u00e7\u00e3o:<\/strong><\/p>\n<ul>\n<li>A H&amp;F valoriza a comunica\u00e7\u00e3o transparente e \u00e1gil. Nossa equipe dedicada de suporte ao cliente est\u00e1 aqui para responder prontamente \u00e0s suas d\u00favidas e preocupa\u00e7\u00f5es. Conte com atualiza\u00e7\u00f5es claras sobre o status do seu pedido e com uma comunica\u00e7\u00e3o proativa durante todo o processo.<\/li>\n<\/ul>\n<p><strong>7. Garantia e servi\u00e7o p\u00f3s-venda:<\/strong><\/p>\n<ul>\n<li>Fique tranquilo com a cobertura de garantia abrangente da H&amp;F. Nosso compromisso com a satisfa\u00e7\u00e3o do cliente se estende al\u00e9m da compra. No caso raro de defeitos ou problemas, nosso servi\u00e7o p\u00f3s-venda garante resolu\u00e7\u00f5es r\u00e1pidas e sem complica\u00e7\u00f5es.<\/li>\n<\/ul>\n<p><strong>8. Condi\u00e7\u00f5es e op\u00e7\u00f5es de pagamento:<\/strong><\/p>\n<ul>\n<li>Negocie condi\u00e7\u00f5es de pagamento flex\u00edveis com a H&amp;F para alinhar-se \u00e0s suas restri\u00e7\u00f5es or\u00e7ament\u00e1rias. Nossas op\u00e7\u00f5es de pagamento seguro garantem um processo de transa\u00e7\u00e3o tranquilo e seguro, proporcionando a flexibilidade de que voc\u00ea precisa.<\/li>\n<\/ul>\n<p><strong>9. Sustentabilidade ambiental:<\/strong><\/p>\n<ul>\n<li>A H&amp;F est\u00e1 comprometida com a sustentabilidade ambiental. Nossas \u00e2ncoras para utilit\u00e1rios s\u00e3o fabricadas usando processos e materiais ecologicamente corretos, contribuindo para um futuro mais verde e sustent\u00e1vel.<\/li>\n<\/ul>\n<p><strong>10. Inova\u00e7\u00e3o e tecnologia:<\/strong><\/p>\n<ul>\n<li>Fique \u00e0 frente com as \u00e2ncoras utilit\u00e1rias da H&amp;F, que incorporam os mais recentes avan\u00e7os na tecnologia de \u00e2ncoras. De recursos de design inovadores a materiais de ponta, nossas \u00e2ncoras s\u00e3o projetadas para melhorar o desempenho e a longevidade de seus projetos.<\/li>\n<\/ul>\n<p>Pronto para elevar sua experi\u00eancia de aquisi\u00e7\u00e3o de \u00e2ncoras de servi\u00e7os p\u00fablicos? Envie-nos uma consulta agora e deixe que a H&amp;F seja sua parceira de confian\u00e7a para o sucesso!<\/p>","protected":false},"excerpt":{"rendered":"<p>\u00c2ncoras para servi\u00e7os p\u00fablicos, projetadas com precis\u00e3o para atender \u00e0s diversas demandas dos projetos de infraestrutura. Nossas \u00e2ncoras s\u00e3o a espinha dorsal das aplica\u00e7\u00f5es de constru\u00e7\u00e3o, telecomunica\u00e7\u00f5es e energia, oferecendo resist\u00eancia, confiabilidade e adaptabilidade inigual\u00e1veis.<\/p>\n<p><strong>Alta resist\u00eancia \u00e0 tra\u00e7\u00e3o:<\/strong> As \u00e2ncoras utilit\u00e1rias da H&amp;F s\u00e3o fabricadas com materiais de alta qualidade, garantindo resist\u00eancia superior \u00e0 tra\u00e7\u00e3o para um desempenho robusto em ambientes exigentes.<\/p>\n<p><strong>Resist\u00eancia \u00e0 corros\u00e3o:<\/strong> Nossas \u00e2ncoras s\u00e3o projetadas para resistir \u00e0 corros\u00e3o, proporcionando longevidade e confiabilidade em uma variedade de ambientes.<\/p>\n<p><strong>Aplica\u00e7\u00f5es vers\u00e1teis:<\/strong> Desde a fixa\u00e7\u00e3o de estruturas em constru\u00e7\u00e3o at\u00e9 o suporte de infraestrutura cr\u00edtica em telecomunica\u00e7\u00f5es e energia, as \u00e2ncoras utilit\u00e1rias da H&amp;F oferecem versatilidade excepcional.<\/p>","protected":false},"featured_media":6137,"comment_status":"open","ping_status":"closed","template":"","meta":{"site-sidebar-layout":"default","site-content-layout":"","ast-site-content-layout":"default","site-content-style":"default","site-sidebar-style":"default","ast-global-header-display":"","ast-banner-title-visibility":"","ast-main-header-display":"","ast-hfb-above-header-display":"","ast-hfb-below-header-display":"","ast-hfb-mobile-header-display":"","site-post-title":"","ast-breadcrumbs-content":"","ast-featured-img":"","footer-sml-layout":"","theme-transparent-header-meta":"default","adv-header-id-meta":"","stick-header-meta":"default","header-above-stick-meta":"","header-main-stick-meta":"","header-below-stick-meta":"","astra-migrate-meta-layouts":"set","ast-page-background-enabled":"default","ast-page-background-meta":{"desktop":{"background-color":"","background-image":"","background-repeat":"repeat","background-position":"center center","background-size":"auto","background-attachment":"scroll","background-type":"","background-media":"","overlay-type":"","overlay-color":"","overlay-opacity":"","overlay-gradient":""},"tablet":{"background-color":"","background-image":"","background-repeat":"repeat","background-position":"center center","background-size":"auto","background-attachment":"scroll","background-type":"","background-media":"","overlay-type":"","overlay-color":"","overlay-opacity":"","overlay-gradient":""},"mobile":{"background-color":"","background-image":"","background-repeat":"repeat","background-position":"center center","background-size":"auto","background-attachment":"scroll","background-type":"","background-media":"","overlay-type":"","overlay-color":"","overlay-opacity":"","overlay-gradient":""}},"ast-content-background-meta":{"desktop":{"background-color":"var(--ast-global-color-5)","background-image":"","background-repeat":"repeat","background-position":"center center","background-size":"auto","background-attachment":"scroll","background-type":"","background-media":"","overlay-type":"","overlay-color":"","overlay-opacity":"","overlay-gradient":""},"tablet":{"background-color":"var(--ast-global-color-5)","background-image":"","background-repeat":"repeat","background-position":"center center","background-size":"auto","background-attachment":"scroll","background-type":"","background-media":"","overlay-type":"","overlay-color":"","overlay-opacity":"","overlay-gradient":""},"mobile":{"background-color":"var(--ast-global-color-5)","background-image":"","background-repeat":"repeat","background-position":"center center","background-size":"auto","background-attachment":"scroll","background-type":"","background-media":"","overlay-type":"","overlay-color":"","overlay-opacity":"","overlay-gradient":""}}},"product_brand":[],"product_cat":[50,30],"product_tag":[],"class_list":{"0":"post-6109","1":"product","2":"type-product","3":"status-publish","4":"has-post-thumbnail","6":"product_cat-concrete-form-accessories","7":"product_cat-lifting-anchor","8":"desktop-align-left","9":"tablet-align-left","10":"mobile-align-left","11":"ast-product-gallery-layout-horizontal-slider","12":"ast-product-tabs-layout-horizontal","14":"first","15":"instock","16":"shipping-taxable","17":"purchasable","18":"product-type-simple"},"yoast_head":"<!-- This site is optimized with the Yoast SEO plugin v25.2 - https:\/\/yoast.com\/wordpress\/plugins\/seo\/ -->\n<title>Utility Lifting Anchors for Concrete<\/title>\n<meta name=\"robots\" content=\"index, follow, max-snippet:-1, max-image-preview:large, max-video-preview:-1\" \/>\n<link rel=\"canonical\" href=\"https:\/\/qingdaohf.com\/pt\/produto\/ancoras-de-elevacao-de-utilitarios\/\" \/>\n<meta property=\"og:locale\" content=\"pt_BR\" \/>\n<meta property=\"og:type\" content=\"article\" \/>\n<meta property=\"og:title\" content=\"Utility Lifting Anchors for Concrete\" \/>\n<meta property=\"og:description\" content=\"Utility Anchors, precision-engineered to meet the diverse demands of infrastructure projects. Our anchors are the backbone of construction, telecommunications, and energy applications, offering unparalleled strength, reliability, and adaptability.  High Tensile Strength: H&amp;F Utility Anchors are crafted with top-grade materials, ensuring superior tensile strength for robust performance in demanding environments.  Corrosion Resistance: Our anchors are designed to withstand corrosion, providing longevity and reliability in a variety of settings.  Versatile Applications: From securing structures in construction to supporting critical infrastructure in telecommunications and energy, H&amp;F Utility Anchors deliver exceptional versatility.\" \/>\n<meta property=\"og:url\" content=\"https:\/\/qingdaohf.com\/pt\/produto\/ancoras-de-elevacao-de-utilitarios\/\" \/>\n<meta property=\"og:site_name\" content=\"Concrete Form &amp; Rigging Hardware Supplier\" \/>\n<meta property=\"article:publisher\" content=\"https:\/\/www.facebook.com\/qingdaohf\" \/>\n<meta property=\"article:modified_time\" content=\"2025-11-13T01:04:00+00:00\" \/>\n<meta property=\"og:image\" content=\"https:\/\/qingdaohf.com\/wp-content\/uploads\/2023\/12\/lifting-anchor-43.jpg\" \/>\n\t<meta property=\"og:image:width\" content=\"1000\" \/>\n\t<meta property=\"og:image:height\" content=\"1000\" \/>\n\t<meta property=\"og:image:type\" content=\"image\/jpeg\" \/>\n<meta name=\"twitter:card\" content=\"summary_large_image\" \/>\n<meta name=\"twitter:label1\" content=\"Est. tempo de leitura\" \/>\n\t<meta name=\"twitter:data1\" content=\"2 minutos\" \/>\n<script type=\"application\/ld+json\" class=\"yoast-schema-graph\">{\"@context\":\"https:\/\/schema.org\",\"@graph\":[{\"@type\":\"WebPage\",\"@id\":\"https:\/\/qingdaohf.com\/product\/utility-lifting-anchors\/\",\"url\":\"https:\/\/qingdaohf.com\/product\/utility-lifting-anchors\/\",\"name\":\"Utility Lifting Anchors for Concrete\",\"isPartOf\":{\"@id\":\"https:\/\/qingdaohf.com\/bg\/#website\"},\"primaryImageOfPage\":{\"@id\":\"https:\/\/qingdaohf.com\/product\/utility-lifting-anchors\/#primaryimage\"},\"image\":{\"@id\":\"https:\/\/qingdaohf.com\/product\/utility-lifting-anchors\/#primaryimage\"},\"thumbnailUrl\":\"https:\/\/qingdaohf.com\/wp-content\/uploads\/2023\/12\/lifting-anchor-43.jpg\",\"datePublished\":\"2023-12-22T08:01:59+00:00\",\"dateModified\":\"2025-11-13T01:04:00+00:00\",\"breadcrumb\":{\"@id\":\"https:\/\/qingdaohf.com\/product\/utility-lifting-anchors\/#breadcrumb\"},\"inLanguage\":\"pt-BR\",\"potentialAction\":[{\"@type\":\"ReadAction\",\"target\":[\"https:\/\/qingdaohf.com\/product\/utility-lifting-anchors\/\"]}]},{\"@type\":\"ImageObject\",\"inLanguage\":\"pt-BR\",\"@id\":\"https:\/\/qingdaohf.com\/product\/utility-lifting-anchors\/#primaryimage\",\"url\":\"https:\/\/qingdaohf.com\/wp-content\/uploads\/2023\/12\/lifting-anchor-43.jpg\",\"contentUrl\":\"https:\/\/qingdaohf.com\/wp-content\/uploads\/2023\/12\/lifting-anchor-43.jpg\",\"width\":1000,\"height\":1000,\"caption\":\"Utility lifting anchor\"},{\"@type\":\"BreadcrumbList\",\"@id\":\"https:\/\/qingdaohf.com\/product\/utility-lifting-anchors\/#breadcrumb\",\"itemListElement\":[{\"@type\":\"ListItem\",\"position\":1,\"name\":\"Home\",\"item\":\"https:\/\/qingdaohf.com\/\"},{\"@type\":\"ListItem\",\"position\":2,\"name\":\"Concrete Forming Accessories and Rigging Hardware\",\"item\":\"https:\/\/qingdaohf.com\/bg\/?page_id=944\"},{\"@type\":\"ListItem\",\"position\":3,\"name\":\"Utility Lifting Anchors for Concrete\"}]},{\"@type\":\"WebSite\",\"@id\":\"https:\/\/qingdaohf.com\/bg\/#website\",\"url\":\"https:\/\/qingdaohf.com\/bg\/\",\"name\":\"Concrete Form & Rigging Hardware Supplier\",\"description\":\"\",\"publisher\":{\"@id\":\"https:\/\/qingdaohf.com\/bg\/#organization\"},\"potentialAction\":[{\"@type\":\"SearchAction\",\"target\":{\"@type\":\"EntryPoint\",\"urlTemplate\":\"https:\/\/qingdaohf.com\/bg\/?s={search_term_string}\"},\"query-input\":{\"@type\":\"PropertyValueSpecification\",\"valueRequired\":true,\"valueName\":\"search_term_string\"}}],\"inLanguage\":\"pt-BR\"},{\"@type\":\"Organization\",\"@id\":\"https:\/\/qingdaohf.com\/bg\/#organization\",\"name\":\"Qingdao H&F\",\"url\":\"https:\/\/qingdaohf.com\/bg\/\",\"logo\":{\"@type\":\"ImageObject\",\"inLanguage\":\"pt-BR\",\"@id\":\"https:\/\/qingdaohf.com\/bg\/#\/schema\/logo\/image\/\",\"url\":\"https:\/\/qingdaohf.com\/wp-content\/uploads\/2022\/12\/cropped-HF-LOGO.png\",\"contentUrl\":\"https:\/\/qingdaohf.com\/wp-content\/uploads\/2022\/12\/cropped-HF-LOGO.png\",\"width\":391,\"height\":249,\"caption\":\"Qingdao H&F\"},\"image\":{\"@id\":\"https:\/\/qingdaohf.com\/bg\/#\/schema\/logo\/image\/\"},\"sameAs\":[\"https:\/\/www.facebook.com\/qingdaohf\"]}]}<\/script>\n<!-- \/ Yoast SEO plugin. -->","yoast_head_json":{"title":"Utility Lifting Anchors for Concrete","robots":{"index":"index","follow":"follow","max-snippet":"max-snippet:-1","max-image-preview":"max-image-preview:large","max-video-preview":"max-video-preview:-1"},"canonical":"https:\/\/qingdaohf.com\/pt\/produto\/ancoras-de-elevacao-de-utilitarios\/","og_locale":"pt_BR","og_type":"article","og_title":"Utility Lifting Anchors for Concrete","og_description":"Utility Anchors, precision-engineered to meet the diverse demands of infrastructure projects. Our anchors are the backbone of construction, telecommunications, and energy applications, offering unparalleled strength, reliability, and adaptability.  High Tensile Strength: H&amp;F Utility Anchors are crafted with top-grade materials, ensuring superior tensile strength for robust performance in demanding environments.  Corrosion Resistance: Our anchors are designed to withstand corrosion, providing longevity and reliability in a variety of settings.  Versatile Applications: From securing structures in construction to supporting critical infrastructure in telecommunications and energy, H&amp;F Utility Anchors deliver exceptional versatility.","og_url":"https:\/\/qingdaohf.com\/pt\/produto\/ancoras-de-elevacao-de-utilitarios\/","og_site_name":"Concrete Form &amp; Rigging Hardware Supplier","article_publisher":"https:\/\/www.facebook.com\/qingdaohf","article_modified_time":"2025-11-13T01:04:00+00:00","og_image":[{"width":1000,"height":1000,"url":"https:\/\/qingdaohf.com\/wp-content\/uploads\/2023\/12\/lifting-anchor-43.jpg","type":"image\/jpeg"}],"twitter_card":"summary_large_image","twitter_misc":{"Est. tempo de leitura":"2 minutos"},"schema":{"@context":"https:\/\/schema.org","@graph":[{"@type":"WebPage","@id":"https:\/\/qingdaohf.com\/product\/utility-lifting-anchors\/","url":"https:\/\/qingdaohf.com\/product\/utility-lifting-anchors\/","name":"Utility Lifting Anchors for Concrete","isPartOf":{"@id":"https:\/\/qingdaohf.com\/bg\/#website"},"primaryImageOfPage":{"@id":"https:\/\/qingdaohf.com\/product\/utility-lifting-anchors\/#primaryimage"},"image":{"@id":"https:\/\/qingdaohf.com\/product\/utility-lifting-anchors\/#primaryimage"},"thumbnailUrl":"https:\/\/qingdaohf.com\/wp-content\/uploads\/2023\/12\/lifting-anchor-43.jpg","datePublished":"2023-12-22T08:01:59+00:00","dateModified":"2025-11-13T01:04:00+00:00","breadcrumb":{"@id":"https:\/\/qingdaohf.com\/product\/utility-lifting-anchors\/#breadcrumb"},"inLanguage":"pt-BR","potentialAction":[{"@type":"ReadAction","target":["https:\/\/qingdaohf.com\/product\/utility-lifting-anchors\/"]}]},{"@type":"ImageObject","inLanguage":"pt-BR","@id":"https:\/\/qingdaohf.com\/product\/utility-lifting-anchors\/#primaryimage","url":"https:\/\/qingdaohf.com\/wp-content\/uploads\/2023\/12\/lifting-anchor-43.jpg","contentUrl":"https:\/\/qingdaohf.com\/wp-content\/uploads\/2023\/12\/lifting-anchor-43.jpg","width":1000,"height":1000,"caption":"Utility lifting anchor"},{"@type":"BreadcrumbList","@id":"https:\/\/qingdaohf.com\/product\/utility-lifting-anchors\/#breadcrumb","itemListElement":[{"@type":"ListItem","position":1,"name":"Home","item":"https:\/\/qingdaohf.com\/"},{"@type":"ListItem","position":2,"name":"Concrete Forming Accessories and Rigging Hardware","item":"https:\/\/qingdaohf.com\/bg\/?page_id=944"},{"@type":"ListItem","position":3,"name":"Utility Lifting Anchors for Concrete"}]},{"@type":"WebSite","@id":"https:\/\/qingdaohf.com\/bg\/#website","url":"https:\/\/qingdaohf.com\/bg\/","name":"Concrete Form & Rigging Hardware Supplier","description":"","publisher":{"@id":"https:\/\/qingdaohf.com\/bg\/#organization"},"potentialAction":[{"@type":"SearchAction","target":{"@type":"EntryPoint","urlTemplate":"https:\/\/qingdaohf.com\/bg\/?s={search_term_string}"},"query-input":{"@type":"PropertyValueSpecification","valueRequired":true,"valueName":"search_term_string"}}],"inLanguage":"pt-BR"},{"@type":"Organization","@id":"https:\/\/qingdaohf.com\/bg\/#organization","name":"Qingdao H&F","url":"https:\/\/qingdaohf.com\/bg\/","logo":{"@type":"ImageObject","inLanguage":"pt-BR","@id":"https:\/\/qingdaohf.com\/bg\/#\/schema\/logo\/image\/","url":"https:\/\/qingdaohf.com\/wp-content\/uploads\/2022\/12\/cropped-HF-LOGO.png","contentUrl":"https:\/\/qingdaohf.com\/wp-content\/uploads\/2022\/12\/cropped-HF-LOGO.png","width":391,"height":249,"caption":"Qingdao H&F"},"image":{"@id":"https:\/\/qingdaohf.com\/bg\/#\/schema\/logo\/image\/"},"sameAs":["https:\/\/www.facebook.com\/qingdaohf"]}]}},"_links":{"self":[{"href":"https:\/\/qingdaohf.com\/pt\/wp-json\/wp\/v2\/product\/6109","targetHints":{"allow":["GET"]}}],"collection":[{"href":"https:\/\/qingdaohf.com\/pt\/wp-json\/wp\/v2\/product"}],"about":[{"href":"https:\/\/qingdaohf.com\/pt\/wp-json\/wp\/v2\/types\/product"}],"replies":[{"embeddable":true,"href":"https:\/\/qingdaohf.com\/pt\/wp-json\/wp\/v2\/comments?post=6109"}],"version-history":[{"count":10,"href":"https:\/\/qingdaohf.com\/pt\/wp-json\/wp\/v2\/product\/6109\/revisions"}],"predecessor-version":[{"id":6276,"href":"https:\/\/qingdaohf.com\/pt\/wp-json\/wp\/v2\/product\/6109\/revisions\/6276"}],"wp:featuredmedia":[{"embeddable":true,"href":"https:\/\/qingdaohf.com\/pt\/wp-json\/wp\/v2\/media\/6137"}],"wp:attachment":[{"href":"https:\/\/qingdaohf.com\/pt\/wp-json\/wp\/v2\/media?parent=6109"}],"wp:term":[{"taxonomy":"product_brand","embeddable":true,"href":"https:\/\/qingdaohf.com\/pt\/wp-json\/wp\/v2\/product_brand?post=6109"},{"taxonomy":"product_cat","embeddable":true,"href":"https:\/\/qingdaohf.com\/pt\/wp-json\/wp\/v2\/product_cat?post=6109"},{"taxonomy":"product_tag","embeddable":true,"href":"https:\/\/qingdaohf.com\/pt\/wp-json\/wp\/v2\/product_tag?post=6109"}],"curies":[{"name":"wp","href":"https:\/\/api.w.org\/{rel}","templated":true}]}}