{"id":6226,"date":"2024-01-03T15:51:23","date_gmt":"2024-01-03T07:51:23","guid":{"rendered":"http:\/\/qingdaohf.com\/?post_type=product&#038;p=6226"},"modified":"2025-11-13T09:03:39","modified_gmt":"2025-11-13T01:03:39","slug":"woven-cord-strap","status":"publish","type":"product","link":"https:\/\/qingdaohf.com\/pt\/produto\/cintagem\/","title":{"rendered":"Faixa de cintagem com fio de poli\u00e9ster tran\u00e7ado para embalagens"},"content":{"rendered":"<div class=\"ast-oembed-container\" style=\"height: 100%;\"><iframe title=\"Cintas de polipropileno\" width=\"500\" height=\"281\" src=\"https:\/\/www.youtube.com\/embed\/Bi0Ct6OI134?feature=oembed\" frameborder=\"0\" allow=\"accelerometer; autoplay; clipboard-write; encrypted-media; gyroscope; picture-in-picture; web-share\" referrerpolicy=\"strict-origin-when-cross-origin\" allowfullscreen><\/iframe><\/div>\n<h3>Conhecendo as caracter\u00edsticas cr\u00edticas das fitas de cintagem com fio de poli\u00e9ster tran\u00e7ado<\/h3>\n<p>As fitas de cintagem com cord\u00e3o de poli\u00e9ster tran\u00e7ado s\u00e3o a base de toda solu\u00e7\u00e3o de embalagem segura. Conhecendo sua resist\u00eancia e versatilidade, os setores que exigem cintagem confi\u00e1vel de cargas pesadas ou com formatos irregulares encontram muitas aplica\u00e7\u00f5es para essas cintas. As cintas, feitas de fibras de poli\u00e9ster firmemente entrela\u00e7adas, oferecem uma resist\u00eancia impressionante \u00e0 tra\u00e7\u00e3o, mantendo a flexibilidade. Ao contr\u00e1rio das cintas de a\u00e7o tradicionais, que podem ser propensas \u00e0 ferrugem ou at\u00e9 mesmo danificar superf\u00edcies sens\u00edveis, esse tipo de cinta de poli\u00e9ster fornece uma alternativa suave, mas forte, que se destaca por manter a integridade das mercadorias em seguran\u00e7a.<\/p>\n<p>O material se tornou um dos favoritos em v\u00e1rios setores importantes, incluindo log\u00edstica, constru\u00e7\u00e3o e manufatura, onde os produtos s\u00e3o submetidos a um manuseio dif\u00edcil sem comprometer a seguran\u00e7a ou a estabilidade. Os compradores valorizam seu investimento em embalagens e, portanto, precisam de fitas de cintagem que atendam exatamente aos seus requisitos operacionais e que, ao mesmo tempo, sejam eficientes e econ\u00f4micas.<\/p>\n<h3>Benef\u00edcios da cintagem com fio de poli\u00e9ster de alta resist\u00eancia<\/h3>\n<p>As cintas de amarra\u00e7\u00e3o com cord\u00e3o de poli\u00e9ster tran\u00e7ado s\u00e3o as melhores em termos de durabilidade e, portanto, perfeitamente adequadas para a fixa\u00e7\u00e3o de cargas em condi\u00e7\u00f5es din\u00e2micas. Sua estrutura tecida espec\u00edfica significa que elas podem absorver choques e vibra\u00e7\u00f5es, o que \u00e9 muito importante no transporte de mercadorias fr\u00e1geis ou pesadas por longas dist\u00e2ncias. As cintas tamb\u00e9m t\u00eam elasticidade; isso \u00e9 importante porque, mesmo que a carga tenha se movido um pouco durante o transporte, ela ainda estar\u00e1 firmemente presa.<\/p>\n<p>Al\u00e9m disso, a natureza leve das cintas de poli\u00e9ster facilita o manuseio. \u00c9 muito mais f\u00e1cil de manusear em compara\u00e7\u00e3o com suas contrapartes de a\u00e7o; dessa forma, o manuseio n\u00e3o resulta em esfor\u00e7o extremo de m\u00e3o de obra e aumenta a efici\u00eancia das opera\u00e7\u00f5es. Outro benef\u00edcio importante envolve sua resist\u00eancia ambiental; as cintas de poli\u00e9ster resistem \u00e0 degrada\u00e7\u00e3o quando expostas \u00e0 umidade, aos raios UV ou \u00e0s mudan\u00e7as de temperatura - portanto, excelentes resultados quando usadas em aplica\u00e7\u00f5es de armazenamento externo ou de tr\u00e2nsito.<br \/>\nNa Qingdao H&amp;F, inspecionamos rigorosamente nossas cintas de poli\u00e9ster para atender ao mais alto padr\u00e3o do setor. Os compradores podem esperar relat\u00f3rios detalhados de inspe\u00e7\u00e3o de qualidade em cada lote, o que proporciona total transpar\u00eancia sobre a confiabilidade dos produtos. Com isso, aliado a prazos de entrega r\u00e1pidos, garantimos que suas opera\u00e7\u00f5es comerciais prossigam sem atrasos.<\/p>\n<h3>Por que escolher a Qingdao H&amp;F para suas necessidades de cintas de poli\u00e9ster?<\/h3>\n<p>O fornecedor certo \u00e9 t\u00e3o importante quanto a sele\u00e7\u00e3o do produto em si. Nesse aspecto, a Qingdao H&amp;F \u00e9 incompar\u00e1vel, atendendo perfeitamente \u00e0s necessidades dos compradores. Com 20 anos de experi\u00eancia em com\u00e9rcio exterior, reconhecemos os fatores cr\u00edticos que orientam as decis\u00f5es de compra: desde a durabilidade do produto e a efici\u00eancia de custo at\u00e9 a entrega pontual e o suporte personalizado, a excel\u00eancia em cada pequeno detalhe. O compromisso com o atendimento individualizado ao cliente nos diferencia. Cada cliente tem um \u00fanico ponto de contato que ajuda a resolver qualquer d\u00favida ou fornece assist\u00eancia atualizada para adaptar as solu\u00e7\u00f5es \u00e0s suas necessidades espec\u00edficas. Essa abordagem personalizada garante que a compra seja feita sem problemas. Al\u00e9m disso, nosso s\u00f3lido sistema de gerenciamento da cadeia de suprimentos nos permite entregar no prazo, mesmo em projetos com cronogramas rigorosos, sem comprometer a qualidade. Para o comprador que se preocupa com a qualidade, fornecemos relat\u00f3rios de inspe\u00e7\u00e3o detalhados para que ele tenha certeza de que cada lote de produtos atende aos padr\u00f5es especificados. O relat\u00f3rio gera confian\u00e7a e capacita os clientes a tomar decis\u00f5es seguras e informadas.<\/p>\n<p>Isso prova que as cintas de amarra\u00e7\u00e3o com cord\u00e3o de poli\u00e9ster tran\u00e7ado de alta resist\u00eancia s\u00e3o certamente um produto inovador para os setores que exigem materiais de embalagem confi\u00e1veis. A \u00eanfase \u00e9 dada \u00e0 resist\u00eancia, \u00e0 resili\u00eancia e \u00e0 adaptabilidade dessas cintas para suas m\u00faltiplas finalidades, minimizando os riscos relacionados \u00e0 fixa\u00e7\u00e3o da carga. Juntamente com a Qingdao H&amp;F, a empresa pode garantir aos compradores produtos de qualidade superior com o apoio da experi\u00eancia no setor, ciclos de entrega r\u00e1pidos e suporte invari\u00e1vel ao cliente. N\u00e3o importa se voc\u00ea est\u00e1 trabalhando com log\u00edstica complexa ou tentando resolver desafios operacionais espec\u00edficos, nossas solu\u00e7\u00f5es personalizadas e percep\u00e7\u00f5es profundas s\u00e3o a base sobre a qual seu sucesso em embalagens \u00e9 constru\u00eddo.<\/p>","protected":false},"excerpt":{"rendered":"<p>As fitas de cintagem com cord\u00e3o de poli\u00e9ster tran\u00e7ado de alta resist\u00eancia oferecem aos setores solu\u00e7\u00f5es de embalagem eficientes e confi\u00e1veis. Conhecidas por sua durabilidade, essas cintas permitem a fixa\u00e7\u00e3o eficaz de cargas pesadas e apresentam alta resist\u00eancia \u00e0 ruptura e ao estiramento durante o transporte. A maioria dos compradores, ap\u00f3s adquirir materiais de embalagem confi\u00e1veis, leva em considera\u00e7\u00e3o o desempenho do produto, a compatibilidade com todos os tipos de ferramentas de cintagem e a capacidade de resistir a fatores ambientais, como a umidade. Somos uma empresa comercial confi\u00e1vel h\u00e1 20 anos. A Qingdao H&amp;F tem se destacado por oferecer servi\u00e7os personalizados e individuais aos clientes, o que garante que cada cliente seja atendido em seu devido tempo. Ciclos de entrega r\u00e1pidos e relat\u00f3rios abrangentes de inspe\u00e7\u00e3o de qualidade aumentar\u00e3o sua confian\u00e7a ao nos escolher para suas solu\u00e7\u00f5es de embalagem.<\/p>","protected":false},"featured_media":6225,"comment_status":"open","ping_status":"closed","template":"","meta":{"site-sidebar-layout":"default","site-content-layout":"","ast-site-content-layout":"default","site-content-style":"default","site-sidebar-style":"default","ast-global-header-display":"","ast-banner-title-visibility":"","ast-main-header-display":"","ast-hfb-above-header-display":"","ast-hfb-below-header-display":"","ast-hfb-mobile-header-display":"","site-post-title":"","ast-breadcrumbs-content":"","ast-featured-img":"","footer-sml-layout":"","theme-transparent-header-meta":"default","adv-header-id-meta":"","stick-header-meta":"default","header-above-stick-meta":"","header-main-stick-meta":"","header-below-stick-meta":"","astra-migrate-meta-layouts":"set","ast-page-background-enabled":"default","ast-page-background-meta":{"desktop":{"background-color":"","background-image":"","background-repeat":"repeat","background-position":"center center","background-size":"auto","background-attachment":"scroll","background-type":"","background-media":"","overlay-type":"","overlay-color":"","overlay-opacity":"","overlay-gradient":""},"tablet":{"background-color":"","background-image":"","background-repeat":"repeat","background-position":"center center","background-size":"auto","background-attachment":"scroll","background-type":"","background-media":"","overlay-type":"","overlay-color":"","overlay-opacity":"","overlay-gradient":""},"mobile":{"background-color":"","background-image":"","background-repeat":"repeat","background-position":"center center","background-size":"auto","background-attachment":"scroll","background-type":"","background-media":"","overlay-type":"","overlay-color":"","overlay-opacity":"","overlay-gradient":""}},"ast-content-background-meta":{"desktop":{"background-color":"var(--ast-global-color-5)","background-image":"","background-repeat":"repeat","background-position":"center center","background-size":"auto","background-attachment":"scroll","background-type":"","background-media":"","overlay-type":"","overlay-color":"","overlay-opacity":"","overlay-gradient":""},"tablet":{"background-color":"var(--ast-global-color-5)","background-image":"","background-repeat":"repeat","background-position":"center center","background-size":"auto","background-attachment":"scroll","background-type":"","background-media":"","overlay-type":"","overlay-color":"","overlay-opacity":"","overlay-gradient":""},"mobile":{"background-color":"var(--ast-global-color-5)","background-image":"","background-repeat":"repeat","background-position":"center center","background-size":"auto","background-attachment":"scroll","background-type":"","background-media":"","overlay-type":"","overlay-color":"","overlay-opacity":"","overlay-gradient":""}}},"product_brand":[],"product_cat":[51,69],"product_tag":[],"class_list":{"0":"post-6226","1":"product","2":"type-product","3":"status-publish","4":"has-post-thumbnail","6":"product_cat-riggging-hardware","7":"product_cat-strapping","8":"desktop-align-left","9":"tablet-align-left","10":"mobile-align-left","11":"ast-product-gallery-layout-horizontal-slider","12":"ast-product-tabs-layout-horizontal","14":"first","15":"instock","16":"shipping-taxable","17":"purchasable","18":"product-type-simple"},"yoast_head":"<!-- This site is optimized with the Yoast SEO plugin v25.2 - https:\/\/yoast.com\/wordpress\/plugins\/seo\/ -->\n<title>Woven Polyester Cord Strapping Band for Packaging<\/title>\n<meta name=\"description\" content=\"High-strength woven polyester cord strapping bands provide industries with efficient and trustworthy packaging solutions.\" \/>\n<meta name=\"robots\" content=\"index, follow, max-snippet:-1, max-image-preview:large, max-video-preview:-1\" \/>\n<link rel=\"canonical\" href=\"https:\/\/qingdaohf.com\/pt\/produto\/cintagem\/\" \/>\n<meta property=\"og:locale\" content=\"pt_BR\" \/>\n<meta property=\"og:type\" content=\"article\" \/>\n<meta property=\"og:title\" content=\"Woven Polyester Cord Strapping Band for Packaging\" \/>\n<meta property=\"og:description\" content=\"High-strength woven polyester cord strapping bands provide industries with efficient and trustworthy packaging solutions.\" \/>\n<meta property=\"og:url\" content=\"https:\/\/qingdaohf.com\/pt\/produto\/cintagem\/\" \/>\n<meta property=\"og:site_name\" content=\"Concrete Form &amp; Rigging Hardware Supplier\" \/>\n<meta property=\"article:publisher\" content=\"https:\/\/www.facebook.com\/qingdaohf\" \/>\n<meta property=\"article:modified_time\" content=\"2025-11-13T01:03:39+00:00\" \/>\n<meta property=\"og:image\" content=\"https:\/\/qingdaohf.com\/wp-content\/uploads\/2024\/01\/strapping-roll-2.webp\" \/>\n\t<meta property=\"og:image:width\" content=\"1000\" \/>\n\t<meta property=\"og:image:height\" content=\"1000\" \/>\n\t<meta property=\"og:image:type\" content=\"image\/webp\" \/>\n<meta name=\"twitter:card\" content=\"summary_large_image\" \/>\n<meta name=\"twitter:label1\" content=\"Est. tempo de leitura\" \/>\n\t<meta name=\"twitter:data1\" content=\"3 minutos\" \/>\n<script type=\"application\/ld+json\" class=\"yoast-schema-graph\">{\"@context\":\"https:\/\/schema.org\",\"@graph\":[{\"@type\":\"WebPage\",\"@id\":\"https:\/\/qingdaohf.com\/product\/woven-cord-strap\/\",\"url\":\"https:\/\/qingdaohf.com\/product\/woven-cord-strap\/\",\"name\":\"Woven Polyester Cord Strapping Band for Packaging\",\"isPartOf\":{\"@id\":\"https:\/\/qingdaohf.com\/bg\/#website\"},\"primaryImageOfPage\":{\"@id\":\"https:\/\/qingdaohf.com\/product\/woven-cord-strap\/#primaryimage\"},\"image\":{\"@id\":\"https:\/\/qingdaohf.com\/product\/woven-cord-strap\/#primaryimage\"},\"thumbnailUrl\":\"https:\/\/qingdaohf.com\/wp-content\/uploads\/2024\/01\/strapping-roll-2.webp\",\"datePublished\":\"2024-01-03T07:51:23+00:00\",\"dateModified\":\"2025-11-13T01:03:39+00:00\",\"description\":\"High-strength woven polyester cord strapping bands provide industries with efficient and trustworthy packaging solutions.\",\"breadcrumb\":{\"@id\":\"https:\/\/qingdaohf.com\/product\/woven-cord-strap\/#breadcrumb\"},\"inLanguage\":\"pt-BR\",\"potentialAction\":[{\"@type\":\"ReadAction\",\"target\":[\"https:\/\/qingdaohf.com\/product\/woven-cord-strap\/\"]}]},{\"@type\":\"ImageObject\",\"inLanguage\":\"pt-BR\",\"@id\":\"https:\/\/qingdaohf.com\/product\/woven-cord-strap\/#primaryimage\",\"url\":\"https:\/\/qingdaohf.com\/wp-content\/uploads\/2024\/01\/strapping-roll-2.webp\",\"contentUrl\":\"https:\/\/qingdaohf.com\/wp-content\/uploads\/2024\/01\/strapping-roll-2.webp\",\"width\":1000,\"height\":1000,\"caption\":\"strapping roll\"},{\"@type\":\"BreadcrumbList\",\"@id\":\"https:\/\/qingdaohf.com\/product\/woven-cord-strap\/#breadcrumb\",\"itemListElement\":[{\"@type\":\"ListItem\",\"position\":1,\"name\":\"Home\",\"item\":\"https:\/\/qingdaohf.com\/\"},{\"@type\":\"ListItem\",\"position\":2,\"name\":\"Concrete Forming Accessories and Rigging Hardware\",\"item\":\"https:\/\/qingdaohf.com\/bg\/?page_id=944\"},{\"@type\":\"ListItem\",\"position\":3,\"name\":\"Woven Polyester Cord Strapping Band for Packaging\"}]},{\"@type\":\"WebSite\",\"@id\":\"https:\/\/qingdaohf.com\/bg\/#website\",\"url\":\"https:\/\/qingdaohf.com\/bg\/\",\"name\":\"Concrete Form & Rigging Hardware Supplier\",\"description\":\"\",\"publisher\":{\"@id\":\"https:\/\/qingdaohf.com\/bg\/#organization\"},\"potentialAction\":[{\"@type\":\"SearchAction\",\"target\":{\"@type\":\"EntryPoint\",\"urlTemplate\":\"https:\/\/qingdaohf.com\/bg\/?s={search_term_string}\"},\"query-input\":{\"@type\":\"PropertyValueSpecification\",\"valueRequired\":true,\"valueName\":\"search_term_string\"}}],\"inLanguage\":\"pt-BR\"},{\"@type\":\"Organization\",\"@id\":\"https:\/\/qingdaohf.com\/bg\/#organization\",\"name\":\"Qingdao H&F\",\"url\":\"https:\/\/qingdaohf.com\/bg\/\",\"logo\":{\"@type\":\"ImageObject\",\"inLanguage\":\"pt-BR\",\"@id\":\"https:\/\/qingdaohf.com\/bg\/#\/schema\/logo\/image\/\",\"url\":\"https:\/\/qingdaohf.com\/wp-content\/uploads\/2022\/12\/cropped-HF-LOGO.png\",\"contentUrl\":\"https:\/\/qingdaohf.com\/wp-content\/uploads\/2022\/12\/cropped-HF-LOGO.png\",\"width\":391,\"height\":249,\"caption\":\"Qingdao H&F\"},\"image\":{\"@id\":\"https:\/\/qingdaohf.com\/bg\/#\/schema\/logo\/image\/\"},\"sameAs\":[\"https:\/\/www.facebook.com\/qingdaohf\"]}]}<\/script>\n<!-- \/ Yoast SEO plugin. -->","yoast_head_json":{"title":"Woven Polyester Cord Strapping Band for Packaging","description":"High-strength woven polyester cord strapping bands provide industries with efficient and trustworthy packaging solutions.","robots":{"index":"index","follow":"follow","max-snippet":"max-snippet:-1","max-image-preview":"max-image-preview:large","max-video-preview":"max-video-preview:-1"},"canonical":"https:\/\/qingdaohf.com\/pt\/produto\/cintagem\/","og_locale":"pt_BR","og_type":"article","og_title":"Woven Polyester Cord Strapping Band for Packaging","og_description":"High-strength woven polyester cord strapping bands provide industries with efficient and trustworthy packaging solutions.","og_url":"https:\/\/qingdaohf.com\/pt\/produto\/cintagem\/","og_site_name":"Concrete Form &amp; Rigging Hardware Supplier","article_publisher":"https:\/\/www.facebook.com\/qingdaohf","article_modified_time":"2025-11-13T01:03:39+00:00","og_image":[{"width":1000,"height":1000,"url":"https:\/\/qingdaohf.com\/wp-content\/uploads\/2024\/01\/strapping-roll-2.webp","type":"image\/webp"}],"twitter_card":"summary_large_image","twitter_misc":{"Est. tempo de leitura":"3 minutos"},"schema":{"@context":"https:\/\/schema.org","@graph":[{"@type":"WebPage","@id":"https:\/\/qingdaohf.com\/product\/woven-cord-strap\/","url":"https:\/\/qingdaohf.com\/product\/woven-cord-strap\/","name":"Woven Polyester Cord Strapping Band for Packaging","isPartOf":{"@id":"https:\/\/qingdaohf.com\/bg\/#website"},"primaryImageOfPage":{"@id":"https:\/\/qingdaohf.com\/product\/woven-cord-strap\/#primaryimage"},"image":{"@id":"https:\/\/qingdaohf.com\/product\/woven-cord-strap\/#primaryimage"},"thumbnailUrl":"https:\/\/qingdaohf.com\/wp-content\/uploads\/2024\/01\/strapping-roll-2.webp","datePublished":"2024-01-03T07:51:23+00:00","dateModified":"2025-11-13T01:03:39+00:00","description":"High-strength woven polyester cord strapping bands provide industries with efficient and trustworthy packaging solutions.","breadcrumb":{"@id":"https:\/\/qingdaohf.com\/product\/woven-cord-strap\/#breadcrumb"},"inLanguage":"pt-BR","potentialAction":[{"@type":"ReadAction","target":["https:\/\/qingdaohf.com\/product\/woven-cord-strap\/"]}]},{"@type":"ImageObject","inLanguage":"pt-BR","@id":"https:\/\/qingdaohf.com\/product\/woven-cord-strap\/#primaryimage","url":"https:\/\/qingdaohf.com\/wp-content\/uploads\/2024\/01\/strapping-roll-2.webp","contentUrl":"https:\/\/qingdaohf.com\/wp-content\/uploads\/2024\/01\/strapping-roll-2.webp","width":1000,"height":1000,"caption":"strapping roll"},{"@type":"BreadcrumbList","@id":"https:\/\/qingdaohf.com\/product\/woven-cord-strap\/#breadcrumb","itemListElement":[{"@type":"ListItem","position":1,"name":"Home","item":"https:\/\/qingdaohf.com\/"},{"@type":"ListItem","position":2,"name":"Concrete Forming Accessories and Rigging Hardware","item":"https:\/\/qingdaohf.com\/bg\/?page_id=944"},{"@type":"ListItem","position":3,"name":"Woven Polyester Cord Strapping Band for Packaging"}]},{"@type":"WebSite","@id":"https:\/\/qingdaohf.com\/bg\/#website","url":"https:\/\/qingdaohf.com\/bg\/","name":"Concrete Form & Rigging Hardware Supplier","description":"","publisher":{"@id":"https:\/\/qingdaohf.com\/bg\/#organization"},"potentialAction":[{"@type":"SearchAction","target":{"@type":"EntryPoint","urlTemplate":"https:\/\/qingdaohf.com\/bg\/?s={search_term_string}"},"query-input":{"@type":"PropertyValueSpecification","valueRequired":true,"valueName":"search_term_string"}}],"inLanguage":"pt-BR"},{"@type":"Organization","@id":"https:\/\/qingdaohf.com\/bg\/#organization","name":"Qingdao H&F","url":"https:\/\/qingdaohf.com\/bg\/","logo":{"@type":"ImageObject","inLanguage":"pt-BR","@id":"https:\/\/qingdaohf.com\/bg\/#\/schema\/logo\/image\/","url":"https:\/\/qingdaohf.com\/wp-content\/uploads\/2022\/12\/cropped-HF-LOGO.png","contentUrl":"https:\/\/qingdaohf.com\/wp-content\/uploads\/2022\/12\/cropped-HF-LOGO.png","width":391,"height":249,"caption":"Qingdao H&F"},"image":{"@id":"https:\/\/qingdaohf.com\/bg\/#\/schema\/logo\/image\/"},"sameAs":["https:\/\/www.facebook.com\/qingdaohf"]}]}},"_links":{"self":[{"href":"https:\/\/qingdaohf.com\/pt\/wp-json\/wp\/v2\/product\/6226","targetHints":{"allow":["GET"]}}],"collection":[{"href":"https:\/\/qingdaohf.com\/pt\/wp-json\/wp\/v2\/product"}],"about":[{"href":"https:\/\/qingdaohf.com\/pt\/wp-json\/wp\/v2\/types\/product"}],"replies":[{"embeddable":true,"href":"https:\/\/qingdaohf.com\/pt\/wp-json\/wp\/v2\/comments?post=6226"}],"version-history":[{"count":11,"href":"https:\/\/qingdaohf.com\/pt\/wp-json\/wp\/v2\/product\/6226\/revisions"}],"predecessor-version":[{"id":8881,"href":"https:\/\/qingdaohf.com\/pt\/wp-json\/wp\/v2\/product\/6226\/revisions\/8881"}],"wp:featuredmedia":[{"embeddable":true,"href":"https:\/\/qingdaohf.com\/pt\/wp-json\/wp\/v2\/media\/6225"}],"wp:attachment":[{"href":"https:\/\/qingdaohf.com\/pt\/wp-json\/wp\/v2\/media?parent=6226"}],"wp:term":[{"taxonomy":"product_brand","embeddable":true,"href":"https:\/\/qingdaohf.com\/pt\/wp-json\/wp\/v2\/product_brand?post=6226"},{"taxonomy":"product_cat","embeddable":true,"href":"https:\/\/qingdaohf.com\/pt\/wp-json\/wp\/v2\/product_cat?post=6226"},{"taxonomy":"product_tag","embeddable":true,"href":"https:\/\/qingdaohf.com\/pt\/wp-json\/wp\/v2\/product_tag?post=6226"}],"curies":[{"name":"wp","href":"https:\/\/api.w.org\/{rel}","templated":true}]}}