{"id":6443,"date":"2024-02-02T14:30:53","date_gmt":"2024-02-02T06:30:53","guid":{"rendered":"http:\/\/qingdaohf.com\/?post_type=product&#038;p=6443"},"modified":"2025-11-13T09:03:39","modified_gmt":"2025-11-13T01:03:39","slug":"wholesale-d-shackle-chain-shackle-for-lifting","status":"publish","type":"product","link":"https:\/\/qingdaohf.com\/pt\/produto\/manilha-d-de-corrente-para-elevacao-no-atacado\/","title":{"rendered":"Manilha de corrente D Shackle para eleva\u00e7\u00e3o por atacado"},"content":{"rendered":"<p>As manilhas D s\u00e3o componentes essenciais no setor de rigging e eleva\u00e7\u00e3o, apreciadas por sua estabilidade e resist\u00eancia em aplica\u00e7\u00f5es de alta tens\u00e3o. Com seu formato em U caracter\u00edstico e fechamento seguro do pino, as manilhas D proporcionam uma conex\u00e3o confi\u00e1vel para uma ampla gama de tarefas de eleva\u00e7\u00e3o, i\u00e7amento e reboque. As manilhas D G210 e G2150 da Qingdao H&amp;F s\u00e3o alguns dos modelos mais populares do mercado, preferidos por profissionais de todos os setores por sua resist\u00eancia, durabilidade e adaptabilidade.<\/p>\n<p>Os modelos G210 e G2150 foram projetados para suportar cargas pesadas e, ao mesmo tempo, manter um alto n\u00edvel de seguran\u00e7a e estabilidade. O modelo G210, conhecido por sua versatilidade e design arredondado, \u00e9 comumente usado em configura\u00e7\u00f5es que exigem flexibilidade. Por outro lado, o G2150, com sua constru\u00e7\u00e3o extra para servi\u00e7os pesados, foi projetado para suportar aplica\u00e7\u00f5es mais extremas, oferecendo recursos aprimorados de suporte de carga para limites de carga de trabalho (WLLs) mais altos. Cada modelo \u00e9 fabricado de acordo com especifica\u00e7\u00f5es precisas, garantindo a compatibilidade com diferentes sistemas de amarra\u00e7\u00e3o e um alto n\u00edvel de desempenho sob press\u00e3o.<\/p>\n<p>Como um atacadista confi\u00e1vel de manilhas D, a Qingdao H&amp;F tem o compromisso de fornecer produtos de alta qualidade que atendam \u00e0s rigorosas demandas dos profissionais de eleva\u00e7\u00e3o e amarra\u00e7\u00e3o. Com uma variedade de tamanhos e WLLs, de 0,33 toneladas a 150 toneladas e tamanhos que variam de 1\/4 de polegada a 3 polegadas, nosso estoque foi projetado para atender aos compradores que buscam solu\u00e7\u00f5es confi\u00e1veis para projetos de qualquer escala.<\/p>\n<h3>Benef\u00edcios de escolher a Qingdao H&amp;F: servi\u00e7o sob medida e entrega eficiente<\/h3>\n<p>Na Qingdao H&amp;F, entendemos a import\u00e2ncia de uma experi\u00eancia de compra perfeita e eficiente. Os compradores priorizam a qualidade, a velocidade e a confian\u00e7a em seus fornecedores, e \u00e9 por isso que criamos uma abordagem de servi\u00e7o centrada no cliente. Todos os clientes se beneficiam de nosso atendimento individualizado, em que o suporte dedicado garante que eles encontrem o modelo de manilha mais adequado para suas necessidades espec\u00edficas. Trabalhamos em estreita colabora\u00e7\u00e3o com os compradores para entender os requisitos de seus projetos, ajudando-os a escolher entre o vers\u00e1til G210 ou o G2150 para servi\u00e7os pesados, ambos amplamente reconhecidos por sua confiabilidade em ambientes desafiadores.<\/p>\n<p>Al\u00e9m da qualidade do produto, nosso modelo de servi\u00e7o enfatiza ciclos de entrega r\u00e1pidos e total transpar\u00eancia, fornecendo relat\u00f3rios de inspe\u00e7\u00e3o de qualidade em cada remessa. Esses relat\u00f3rios detalham as especifica\u00e7\u00f5es, o desempenho e os padr\u00f5es de seguran\u00e7a de nossas manilhas, permitindo que os compradores se sintam confiantes em sua compra e seguros de que o produto est\u00e1 pronto para uso imediato. Ao garantir uma log\u00edstica eficiente e um processo de servi\u00e7o simplificado, a Qingdao H&amp;F minimiza os atrasos e ajuda os clientes a manter o ritmo de seus projetos.<\/p>\n<p>A confian\u00e7a de nossos clientes \u00e9 constru\u00edda com base em nossa dedica\u00e7\u00e3o em fornecer produtos de alta qualidade, apoiados por uma equipe \u00e1gil que entende os desafios das aplica\u00e7\u00f5es de eleva\u00e7\u00e3o de cargas pesadas. Com a Qingdao H&amp;F, os compradores experimentam uma abordagem proativa para solu\u00e7\u00f5es de rigging, com foco em efici\u00eancia, qualidade e confiabilidade.<\/p>\n<h3>Manilhas G210 e G2150 D: Uma gama de limites e tamanhos de carga de trabalho<\/h3>\n<p>Diversas necessidades de projetos exigem uma ampla sele\u00e7\u00e3o de tamanhos e limites de carga de trabalho (WLLs), e nossas manilhas G210 e G2150 oferecem exatamente essa flexibilidade. Cada modelo est\u00e1 dispon\u00edvel com WLLs que variam de 0,33 toneladas a 150 toneladas, permitindo que os compradores selecionem as manilhas que melhor atendam \u00e0s demandas espec\u00edficas de suas aplica\u00e7\u00f5es. Essa linha abrangente torna nossas manilhas ideais tanto para tarefas mais leves de amarra\u00e7\u00e3o quanto para as aplica\u00e7\u00f5es de suporte de carga mais exigentes, garantindo adaptabilidade sem comprometer o desempenho.<\/p>\n<p>Nossas manilhas G210 e G2150 tamb\u00e9m s\u00e3o fornecidas em uma variedade de tamanhos, de 1\/4 a 3 polegadas. O modelo G210, caracterizado por um design mais compacto, \u00e9 adequado para tarefas de eleva\u00e7\u00e3o moderadas em que \u00e9 necess\u00e1ria flexibilidade. Enquanto isso, o modelo G2150 foi projetado para aplica\u00e7\u00f5es de maior resist\u00eancia, com durabilidade adicional para suportar as condi\u00e7\u00f5es de eleva\u00e7\u00e3o mais intensas. Cada tamanho de manilha passa por um cuidadoso processo de calibra\u00e7\u00e3o para garantir qualidade e desempenho uniformes, de modo que os compradores podem confiar em resultados consistentes, independentemente das demandas do projeto.<\/p>\n<p>Com o G210 e o G2150, os compradores t\u00eam acesso a manilhas que podem lidar com diversos desafios de rigging e fornecer suporte confi\u00e1vel para projetos complexos. Esses modelos ganharam a reputa\u00e7\u00e3o de oferecer desempenho excepcional, tornando-os a escolha preferida dos profissionais de rigging.<\/p>\n<p><strong>Manilha G210<\/strong><\/p>\n<p><img fetchpriority=\"high\" decoding=\"async\" class=\"alignnone size-full wp-image-3813\" src=\"http:\/\/qingdaohf.com\/wp-content\/uploads\/2023\/05\/G209-G210-shackle.jpg\" alt=\"Manilha G209 G210\" width=\"1000\" height=\"1296\" srcset=\"https:\/\/qingdaohf.com\/wp-content\/uploads\/2023\/05\/G209-G210-shackle.jpg 1000w, https:\/\/qingdaohf.com\/wp-content\/uploads\/2023\/05\/G209-G210-shackle-231x300.jpg 231w, https:\/\/qingdaohf.com\/wp-content\/uploads\/2023\/05\/G209-G210-shackle-790x1024.jpg 790w, https:\/\/qingdaohf.com\/wp-content\/uploads\/2023\/05\/G209-G210-shackle-768x995.jpg 768w\" sizes=\"(max-width: 1000px) 100vw, 1000px\" \/><\/p>\n<p><strong>Manilha G2150<\/strong><\/p>\n<p>&nbsp;<\/p>\n<p><img decoding=\"async\" class=\"alignnone size-full wp-image-3817\" src=\"http:\/\/qingdaohf.com\/wp-content\/uploads\/2023\/05\/2150.jpg\" alt=\"Manilha 2150\" width=\"1000\" height=\"950\" srcset=\"https:\/\/qingdaohf.com\/wp-content\/uploads\/2023\/05\/2150.jpg 1000w, https:\/\/qingdaohf.com\/wp-content\/uploads\/2023\/05\/2150-300x285.jpg 300w, https:\/\/qingdaohf.com\/wp-content\/uploads\/2023\/05\/2150-768x730.jpg 768w\" sizes=\"(max-width: 1000px) 100vw, 1000px\" \/><\/p>\n<h3>Padr\u00f5es de qualidade e seguran\u00e7a: Testes rigorosos para um desempenho confi\u00e1vel<\/h3>\n<p>Seguran\u00e7a e qualidade s\u00e3o aspectos fundamentais de nosso processo de fabrica\u00e7\u00e3o na Qingdao H&amp;F. Cada manilha D G210 e G2150 passa por um rigoroso controle de qualidade para garantir que atendam aos padr\u00f5es internacionais de seguran\u00e7a. Sabemos que as manilhas D desempenham um papel fundamental nas opera\u00e7\u00f5es de suporte de carga e, por isso, nossos produtos s\u00e3o testados para oferecer desempenho consistente sob press\u00e3o. Desde a produ\u00e7\u00e3o inicial at\u00e9 a inspe\u00e7\u00e3o final, mantemos uma abordagem completa de garantia de qualidade, resultando em produtos nos quais os compradores podem confiar.<\/p>\n<p>Nossas manilhas D s\u00e3o constru\u00eddas para resistir ao desgaste, \u00e0 corros\u00e3o e a outros fatores que podem comprometer o desempenho em ambientes adversos. Independentemente de serem usados na constru\u00e7\u00e3o, na eleva\u00e7\u00e3o industrial ou em ambientes mar\u00edtimos, nossos modelos G210 e G2150 s\u00e3o projetados para durar, proporcionando resist\u00eancia confi\u00e1vel durante o uso prolongado. Nosso compromisso com a qualidade vai al\u00e9m do produto em si, pois oferecemos relat\u00f3rios detalhados de inspe\u00e7\u00e3o de qualidade em cada remessa, dando aos compradores total transpar\u00eancia sobre as especifica\u00e7\u00f5es e os padr\u00f5es de seguran\u00e7a de cada manilha que compram.<\/p>\n<p>Ao manter altos padr\u00f5es em todo o processo de produ\u00e7\u00e3o e oferecer informa\u00e7\u00f5es claras e acess\u00edveis sobre os produtos, a Qingdao H&amp;F continua a estabelecer um alto padr\u00e3o de qualidade e seguran\u00e7a no setor de equipamentos de amarra\u00e7\u00e3o.<\/p>\n<h3>Conclus\u00e3o sobre o D Shackle<\/h3>\n<p>As manilhas G210 e G2150 D da Qingdao H&amp;F oferecem aos compradores solu\u00e7\u00f5es robustas para suas necessidades de i\u00e7amento e rigging. Projetados com versatilidade e resist\u00eancia, esses modelos atendem \u00e0s demandas de v\u00e1rios setores, desde a constru\u00e7\u00e3o at\u00e9 o mar\u00edtimo. Os compradores confiam em nossas manilhas D para oferecer um desempenho consistente, respaldado por nosso compromisso com um servi\u00e7o focado no cliente, entrega r\u00e1pida e relat\u00f3rios de qualidade transparentes. Com a Qingdao H&amp;F, os compradores n\u00e3o est\u00e3o apenas investindo em hardware dur\u00e1vel e de alto desempenho, mas tamb\u00e9m em uma parceria baseada na confian\u00e7a, na experi\u00eancia e na dedica\u00e7\u00e3o ao sucesso do cliente. Convidamos os compradores a descobrir a diferen\u00e7a que nossos produtos e servi\u00e7os podem fazer na realiza\u00e7\u00e3o de opera\u00e7\u00f5es de rigging seguras e confi\u00e1veis.<\/p>","protected":false},"excerpt":{"rendered":"<p>Nossas manilhas D est\u00e3o dispon\u00edveis com uma variedade de limites de carga de trabalho (WLLs) de 0,33 a 150 toneladas e tamanhos que variam de 1\/4 a 3 polegadas, o que as torna adequadas para aplica\u00e7\u00f5es em constru\u00e7\u00e3o, mar\u00edtimas e industriais. Reconhecendo as principais preocupa\u00e7\u00f5es dos compradores, garantimos uma experi\u00eancia de compra perfeita com atendimento individualizado ao cliente, um ciclo de entrega r\u00e1pido e relat\u00f3rios detalhados de inspe\u00e7\u00e3o de qualidade para cada produto. Nosso compromisso \u00e9 dar suporte aos compradores com os produtos confi\u00e1veis e de alto desempenho de que precisam para ambientes exigentes.<\/p>","protected":false},"featured_media":6470,"comment_status":"open","ping_status":"closed","template":"","meta":{"site-sidebar-layout":"default","site-content-layout":"","ast-site-content-layout":"default","site-content-style":"default","site-sidebar-style":"default","ast-global-header-display":"","ast-banner-title-visibility":"","ast-main-header-display":"","ast-hfb-above-header-display":"","ast-hfb-below-header-display":"","ast-hfb-mobile-header-display":"","site-post-title":"","ast-breadcrumbs-content":"","ast-featured-img":"","footer-sml-layout":"","theme-transparent-header-meta":"default","adv-header-id-meta":"","stick-header-meta":"default","header-above-stick-meta":"","header-main-stick-meta":"","header-below-stick-meta":"","astra-migrate-meta-layouts":"set","ast-page-background-enabled":"default","ast-page-background-meta":{"desktop":{"background-color":"","background-image":"","background-repeat":"repeat","background-position":"center center","background-size":"auto","background-attachment":"scroll","background-type":"","background-media":"","overlay-type":"","overlay-color":"","overlay-opacity":"","overlay-gradient":""},"tablet":{"background-color":"","background-image":"","background-repeat":"repeat","background-position":"center center","background-size":"auto","background-attachment":"scroll","background-type":"","background-media":"","overlay-type":"","overlay-color":"","overlay-opacity":"","overlay-gradient":""},"mobile":{"background-color":"","background-image":"","background-repeat":"repeat","background-position":"center center","background-size":"auto","background-attachment":"scroll","background-type":"","background-media":"","overlay-type":"","overlay-color":"","overlay-opacity":"","overlay-gradient":""}},"ast-content-background-meta":{"desktop":{"background-color":"var(--ast-global-color-5)","background-image":"","background-repeat":"repeat","background-position":"center center","background-size":"auto","background-attachment":"scroll","background-type":"","background-media":"","overlay-type":"","overlay-color":"","overlay-opacity":"","overlay-gradient":""},"tablet":{"background-color":"var(--ast-global-color-5)","background-image":"","background-repeat":"repeat","background-position":"center center","background-size":"auto","background-attachment":"scroll","background-type":"","background-media":"","overlay-type":"","overlay-color":"","overlay-opacity":"","overlay-gradient":""},"mobile":{"background-color":"var(--ast-global-color-5)","background-image":"","background-repeat":"repeat","background-position":"center center","background-size":"auto","background-attachment":"scroll","background-type":"","background-media":"","overlay-type":"","overlay-color":"","overlay-opacity":"","overlay-gradient":""}}},"product_brand":[],"product_cat":[51,54],"product_tag":[],"class_list":{"0":"post-6443","1":"product","2":"type-product","3":"status-publish","4":"has-post-thumbnail","6":"product_cat-riggging-hardware","7":"product_cat-shackle","8":"desktop-align-left","9":"tablet-align-left","10":"mobile-align-left","11":"ast-product-gallery-layout-horizontal-slider","12":"ast-product-tabs-layout-horizontal","14":"first","15":"instock","16":"shipping-taxable","17":"purchasable","18":"product-type-simple"},"yoast_head":"<!-- This site is optimized with the Yoast SEO plugin v25.2 - https:\/\/yoast.com\/wordpress\/plugins\/seo\/ -->\n<title>Wholesale D Shackle Chain Shackle for Lifting<\/title>\n<meta name=\"description\" content=\"Dee shackles, are engineered for durability and strength, ensuring dependable performance in diverse environments.\" \/>\n<meta name=\"robots\" content=\"index, follow, max-snippet:-1, max-image-preview:large, max-video-preview:-1\" \/>\n<link rel=\"canonical\" href=\"https:\/\/qingdaohf.com\/pt\/produto\/manilha-d-de-corrente-para-elevacao-no-atacado\/\" \/>\n<meta property=\"og:locale\" content=\"pt_BR\" \/>\n<meta property=\"og:type\" content=\"article\" \/>\n<meta property=\"og:title\" content=\"Wholesale D Shackle Chain Shackle for Lifting\" \/>\n<meta property=\"og:description\" content=\"Dee shackles, are engineered for durability and strength, ensuring dependable performance in diverse environments.\" \/>\n<meta property=\"og:url\" content=\"https:\/\/qingdaohf.com\/pt\/produto\/manilha-d-de-corrente-para-elevacao-no-atacado\/\" \/>\n<meta property=\"og:site_name\" content=\"Concrete Form &amp; Rigging Hardware Supplier\" \/>\n<meta property=\"article:publisher\" content=\"https:\/\/www.facebook.com\/qingdaohf\" \/>\n<meta property=\"article:modified_time\" content=\"2025-11-13T01:03:39+00:00\" \/>\n<meta property=\"og:image\" content=\"https:\/\/qingdaohf.com\/wp-content\/uploads\/2024\/02\/HF-SHACKLE-6.jpg\" \/>\n\t<meta property=\"og:image:width\" content=\"1000\" \/>\n\t<meta property=\"og:image:height\" content=\"1000\" \/>\n\t<meta property=\"og:image:type\" content=\"image\/jpeg\" \/>\n<meta name=\"twitter:card\" content=\"summary_large_image\" \/>\n<meta name=\"twitter:label1\" content=\"Est. tempo de leitura\" \/>\n\t<meta name=\"twitter:data1\" content=\"5 minutos\" \/>\n<script type=\"application\/ld+json\" class=\"yoast-schema-graph\">{\"@context\":\"https:\/\/schema.org\",\"@graph\":[{\"@type\":\"WebPage\",\"@id\":\"https:\/\/qingdaohf.com\/product\/wholesale-d-shackle-chain-shackle-for-lifting\/\",\"url\":\"https:\/\/qingdaohf.com\/product\/wholesale-d-shackle-chain-shackle-for-lifting\/\",\"name\":\"Wholesale D Shackle Chain Shackle for Lifting\",\"isPartOf\":{\"@id\":\"https:\/\/qingdaohf.com\/bg\/#website\"},\"primaryImageOfPage\":{\"@id\":\"https:\/\/qingdaohf.com\/product\/wholesale-d-shackle-chain-shackle-for-lifting\/#primaryimage\"},\"image\":{\"@id\":\"https:\/\/qingdaohf.com\/product\/wholesale-d-shackle-chain-shackle-for-lifting\/#primaryimage\"},\"thumbnailUrl\":\"https:\/\/qingdaohf.com\/wp-content\/uploads\/2024\/02\/HF-SHACKLE-6.jpg\",\"datePublished\":\"2024-02-02T06:30:53+00:00\",\"dateModified\":\"2025-11-13T01:03:39+00:00\",\"description\":\"Dee shackles, are engineered for durability and strength, ensuring dependable performance in diverse environments.\",\"breadcrumb\":{\"@id\":\"https:\/\/qingdaohf.com\/product\/wholesale-d-shackle-chain-shackle-for-lifting\/#breadcrumb\"},\"inLanguage\":\"pt-BR\",\"potentialAction\":[{\"@type\":\"ReadAction\",\"target\":[\"https:\/\/qingdaohf.com\/product\/wholesale-d-shackle-chain-shackle-for-lifting\/\"]}]},{\"@type\":\"ImageObject\",\"inLanguage\":\"pt-BR\",\"@id\":\"https:\/\/qingdaohf.com\/product\/wholesale-d-shackle-chain-shackle-for-lifting\/#primaryimage\",\"url\":\"https:\/\/qingdaohf.com\/wp-content\/uploads\/2024\/02\/HF-SHACKLE-6.jpg\",\"contentUrl\":\"https:\/\/qingdaohf.com\/wp-content\/uploads\/2024\/02\/HF-SHACKLE-6.jpg\",\"width\":1000,\"height\":1000,\"caption\":\"D SHACKLE\"},{\"@type\":\"BreadcrumbList\",\"@id\":\"https:\/\/qingdaohf.com\/product\/wholesale-d-shackle-chain-shackle-for-lifting\/#breadcrumb\",\"itemListElement\":[{\"@type\":\"ListItem\",\"position\":1,\"name\":\"Home\",\"item\":\"https:\/\/qingdaohf.com\/\"},{\"@type\":\"ListItem\",\"position\":2,\"name\":\"Concrete Forming Accessories and Rigging Hardware\",\"item\":\"https:\/\/qingdaohf.com\/bg\/?page_id=944\"},{\"@type\":\"ListItem\",\"position\":3,\"name\":\"Wholesale D Shackle Chain Shackle for Lifting\"}]},{\"@type\":\"WebSite\",\"@id\":\"https:\/\/qingdaohf.com\/bg\/#website\",\"url\":\"https:\/\/qingdaohf.com\/bg\/\",\"name\":\"Concrete Form & Rigging Hardware Supplier\",\"description\":\"\",\"publisher\":{\"@id\":\"https:\/\/qingdaohf.com\/bg\/#organization\"},\"potentialAction\":[{\"@type\":\"SearchAction\",\"target\":{\"@type\":\"EntryPoint\",\"urlTemplate\":\"https:\/\/qingdaohf.com\/bg\/?s={search_term_string}\"},\"query-input\":{\"@type\":\"PropertyValueSpecification\",\"valueRequired\":true,\"valueName\":\"search_term_string\"}}],\"inLanguage\":\"pt-BR\"},{\"@type\":\"Organization\",\"@id\":\"https:\/\/qingdaohf.com\/bg\/#organization\",\"name\":\"Qingdao H&F\",\"url\":\"https:\/\/qingdaohf.com\/bg\/\",\"logo\":{\"@type\":\"ImageObject\",\"inLanguage\":\"pt-BR\",\"@id\":\"https:\/\/qingdaohf.com\/bg\/#\/schema\/logo\/image\/\",\"url\":\"https:\/\/qingdaohf.com\/wp-content\/uploads\/2022\/12\/cropped-HF-LOGO.png\",\"contentUrl\":\"https:\/\/qingdaohf.com\/wp-content\/uploads\/2022\/12\/cropped-HF-LOGO.png\",\"width\":391,\"height\":249,\"caption\":\"Qingdao H&F\"},\"image\":{\"@id\":\"https:\/\/qingdaohf.com\/bg\/#\/schema\/logo\/image\/\"},\"sameAs\":[\"https:\/\/www.facebook.com\/qingdaohf\"]}]}<\/script>\n<!-- \/ Yoast SEO plugin. -->","yoast_head_json":{"title":"Wholesale D Shackle Chain Shackle for Lifting","description":"Dee shackles, are engineered for durability and strength, ensuring dependable performance in diverse environments.","robots":{"index":"index","follow":"follow","max-snippet":"max-snippet:-1","max-image-preview":"max-image-preview:large","max-video-preview":"max-video-preview:-1"},"canonical":"https:\/\/qingdaohf.com\/pt\/produto\/manilha-d-de-corrente-para-elevacao-no-atacado\/","og_locale":"pt_BR","og_type":"article","og_title":"Wholesale D Shackle Chain Shackle for Lifting","og_description":"Dee shackles, are engineered for durability and strength, ensuring dependable performance in diverse environments.","og_url":"https:\/\/qingdaohf.com\/pt\/produto\/manilha-d-de-corrente-para-elevacao-no-atacado\/","og_site_name":"Concrete Form &amp; Rigging Hardware Supplier","article_publisher":"https:\/\/www.facebook.com\/qingdaohf","article_modified_time":"2025-11-13T01:03:39+00:00","og_image":[{"width":1000,"height":1000,"url":"https:\/\/qingdaohf.com\/wp-content\/uploads\/2024\/02\/HF-SHACKLE-6.jpg","type":"image\/jpeg"}],"twitter_card":"summary_large_image","twitter_misc":{"Est. tempo de leitura":"5 minutos"},"schema":{"@context":"https:\/\/schema.org","@graph":[{"@type":"WebPage","@id":"https:\/\/qingdaohf.com\/product\/wholesale-d-shackle-chain-shackle-for-lifting\/","url":"https:\/\/qingdaohf.com\/product\/wholesale-d-shackle-chain-shackle-for-lifting\/","name":"Wholesale D Shackle Chain Shackle for Lifting","isPartOf":{"@id":"https:\/\/qingdaohf.com\/bg\/#website"},"primaryImageOfPage":{"@id":"https:\/\/qingdaohf.com\/product\/wholesale-d-shackle-chain-shackle-for-lifting\/#primaryimage"},"image":{"@id":"https:\/\/qingdaohf.com\/product\/wholesale-d-shackle-chain-shackle-for-lifting\/#primaryimage"},"thumbnailUrl":"https:\/\/qingdaohf.com\/wp-content\/uploads\/2024\/02\/HF-SHACKLE-6.jpg","datePublished":"2024-02-02T06:30:53+00:00","dateModified":"2025-11-13T01:03:39+00:00","description":"Dee shackles, are engineered for durability and strength, ensuring dependable performance in diverse environments.","breadcrumb":{"@id":"https:\/\/qingdaohf.com\/product\/wholesale-d-shackle-chain-shackle-for-lifting\/#breadcrumb"},"inLanguage":"pt-BR","potentialAction":[{"@type":"ReadAction","target":["https:\/\/qingdaohf.com\/product\/wholesale-d-shackle-chain-shackle-for-lifting\/"]}]},{"@type":"ImageObject","inLanguage":"pt-BR","@id":"https:\/\/qingdaohf.com\/product\/wholesale-d-shackle-chain-shackle-for-lifting\/#primaryimage","url":"https:\/\/qingdaohf.com\/wp-content\/uploads\/2024\/02\/HF-SHACKLE-6.jpg","contentUrl":"https:\/\/qingdaohf.com\/wp-content\/uploads\/2024\/02\/HF-SHACKLE-6.jpg","width":1000,"height":1000,"caption":"D SHACKLE"},{"@type":"BreadcrumbList","@id":"https:\/\/qingdaohf.com\/product\/wholesale-d-shackle-chain-shackle-for-lifting\/#breadcrumb","itemListElement":[{"@type":"ListItem","position":1,"name":"Home","item":"https:\/\/qingdaohf.com\/"},{"@type":"ListItem","position":2,"name":"Concrete Forming Accessories and Rigging Hardware","item":"https:\/\/qingdaohf.com\/bg\/?page_id=944"},{"@type":"ListItem","position":3,"name":"Wholesale D Shackle Chain Shackle for Lifting"}]},{"@type":"WebSite","@id":"https:\/\/qingdaohf.com\/bg\/#website","url":"https:\/\/qingdaohf.com\/bg\/","name":"Concrete Form & Rigging Hardware Supplier","description":"","publisher":{"@id":"https:\/\/qingdaohf.com\/bg\/#organization"},"potentialAction":[{"@type":"SearchAction","target":{"@type":"EntryPoint","urlTemplate":"https:\/\/qingdaohf.com\/bg\/?s={search_term_string}"},"query-input":{"@type":"PropertyValueSpecification","valueRequired":true,"valueName":"search_term_string"}}],"inLanguage":"pt-BR"},{"@type":"Organization","@id":"https:\/\/qingdaohf.com\/bg\/#organization","name":"Qingdao H&F","url":"https:\/\/qingdaohf.com\/bg\/","logo":{"@type":"ImageObject","inLanguage":"pt-BR","@id":"https:\/\/qingdaohf.com\/bg\/#\/schema\/logo\/image\/","url":"https:\/\/qingdaohf.com\/wp-content\/uploads\/2022\/12\/cropped-HF-LOGO.png","contentUrl":"https:\/\/qingdaohf.com\/wp-content\/uploads\/2022\/12\/cropped-HF-LOGO.png","width":391,"height":249,"caption":"Qingdao H&F"},"image":{"@id":"https:\/\/qingdaohf.com\/bg\/#\/schema\/logo\/image\/"},"sameAs":["https:\/\/www.facebook.com\/qingdaohf"]}]}},"_links":{"self":[{"href":"https:\/\/qingdaohf.com\/pt\/wp-json\/wp\/v2\/product\/6443","targetHints":{"allow":["GET"]}}],"collection":[{"href":"https:\/\/qingdaohf.com\/pt\/wp-json\/wp\/v2\/product"}],"about":[{"href":"https:\/\/qingdaohf.com\/pt\/wp-json\/wp\/v2\/types\/product"}],"replies":[{"embeddable":true,"href":"https:\/\/qingdaohf.com\/pt\/wp-json\/wp\/v2\/comments?post=6443"}],"version-history":[{"count":10,"href":"https:\/\/qingdaohf.com\/pt\/wp-json\/wp\/v2\/product\/6443\/revisions"}],"predecessor-version":[{"id":8212,"href":"https:\/\/qingdaohf.com\/pt\/wp-json\/wp\/v2\/product\/6443\/revisions\/8212"}],"wp:featuredmedia":[{"embeddable":true,"href":"https:\/\/qingdaohf.com\/pt\/wp-json\/wp\/v2\/media\/6470"}],"wp:attachment":[{"href":"https:\/\/qingdaohf.com\/pt\/wp-json\/wp\/v2\/media?parent=6443"}],"wp:term":[{"taxonomy":"product_brand","embeddable":true,"href":"https:\/\/qingdaohf.com\/pt\/wp-json\/wp\/v2\/product_brand?post=6443"},{"taxonomy":"product_cat","embeddable":true,"href":"https:\/\/qingdaohf.com\/pt\/wp-json\/wp\/v2\/product_cat?post=6443"},{"taxonomy":"product_tag","embeddable":true,"href":"https:\/\/qingdaohf.com\/pt\/wp-json\/wp\/v2\/product_tag?post=6443"}],"curies":[{"name":"wp","href":"https:\/\/api.w.org\/{rel}","templated":true}]}}