{"id":6490,"date":"2024-02-02T16:39:40","date_gmt":"2024-02-02T08:39:40","guid":{"rendered":"http:\/\/qingdaohf.com\/?post_type=product&#038;p=6490"},"modified":"2025-11-13T09:03:38","modified_gmt":"2025-11-13T01:03:38","slug":"bolt-type-shackle","status":"publish","type":"product","link":"https:\/\/qingdaohf.com\/pt\/produto\/manilha-tipo-parafuso\/","title":{"rendered":"Manilha tipo parafuso"},"content":{"rendered":"<h3>Entendendo a fun\u00e7\u00e3o e as especifica\u00e7\u00f5es das manilhas do tipo parafuso<\/h3>\n<p>As manilhas tipo parafuso, geralmente reconhecidas por modelos como o G2130 e o G2140, s\u00e3o ferramentas fundamentais em aplica\u00e7\u00f5es de amarra\u00e7\u00e3o, reboque e eleva\u00e7\u00e3o. Seu design robusto destina-se a fixar conex\u00f5es e suportar cargas substanciais com seguran\u00e7a. O projeto do tipo parafuso, em especial, oferece seguran\u00e7a adicional em compara\u00e7\u00e3o com outros tipos de manilhas, tornando-as altamente adequadas para instala\u00e7\u00f5es de longo prazo ou semipermanentes em que a estabilidade aprimorada \u00e9 essencial.<\/p>\n<p>O que diferencia as manilhas tipo parafuso \u00e9 sua capacidade de suportar altas cargas de trabalho com seguran\u00e7a, com modelos como o G2130 e o G2140 oferecendo um amplo espectro de tamanhos e op\u00e7\u00f5es de WLL. Essa versatilidade permite que os usu\u00e1rios de todos os setores - seja constru\u00e7\u00e3o, mar\u00edtimo ou manufatura - selecionem a manilha exata que se alinha \u00e0s especifica\u00e7\u00f5es do projeto. Ao selecionar uma manilha, o WLL e o tamanho est\u00e3o entre as principais considera\u00e7\u00f5es, pois afetam diretamente a capacidade da manilha de funcionar sob cargas de peso vari\u00e1veis. O WLL para essas manilhas do tipo parafuso geralmente varia de 0,33 toneladas a 150 toneladas, enquanto o tamanho varia de 1\/4 de polegada a 3 polegadas, oferecendo op\u00e7\u00f5es para atender a diferentes requisitos de amarra\u00e7\u00e3o e condi\u00e7\u00f5es ambientais.<\/p>\n<p>Al\u00e9m de seu tamanho e resist\u00eancia, outra vantagem not\u00e1vel das manilhas com parafusos G2130 e G2140 \u00e9 seu design, que permite uma fixa\u00e7\u00e3o f\u00e1cil e segura do pino. Esse aspecto \u00e9 crucial, pois a configura\u00e7\u00e3o de parafuso e porca impede a libera\u00e7\u00e3o acidental, protegendo, assim, tanto a carga quanto a equipe de amarra\u00e7\u00e3o. Fabricadas com a\u00e7o de alta qualidade e alta resist\u00eancia e, muitas vezes, galvanizadas para resistir \u00e0 corros\u00e3o, essas manilhas oferecem durabilidade duradoura em aplica\u00e7\u00f5es internas e externas.<\/p>\n<h3>Benef\u00edcios da escolha de manilhas tipo parafuso de alta qualidade de um fornecedor confi\u00e1vel<\/h3>\n<p>Ao comprar manilhas do tipo parafuso, a garantia de qualidade \u00e9 essencial. A Qingdao H&amp;F se destaca por priorizar padr\u00f5es de qualidade rigorosos, pois entendemos que os compradores precisam ter a tranquilidade de saber que seus produtos atendem aos requisitos de seguran\u00e7a. Nossas manilhas passam por v\u00e1rias inspe\u00e7\u00f5es de qualidade antes do envio, com o fornecimento de relat\u00f3rios de inspe\u00e7\u00e3o detalhados. Esses relat\u00f3rios garantem que cada produto esteja alinhado com os padr\u00f5es de resist\u00eancia e resili\u00eancia exigidos, ajudando os compradores a fazer escolhas informadas com base em dados verificados.<\/p>\n<p>Al\u00e9m de rigorosos testes de qualidade, oferecemos atendimento individualizado ao cliente para ajudar os compradores a encontrar a manilha mais adequada para suas necessidades espec\u00edficas. Com nosso ciclo de entrega r\u00e1pido, a Qingdao H&amp;F reduz os tempos de espera, garantindo que os compradores recebam seus produtos prontamente, mesmo quando lidam com cronogramas de projetos apertados. Essa combina\u00e7\u00e3o de servi\u00e7o r\u00e1pido e confi\u00e1vel com \u00eanfase na qualidade nos torna um parceiro preferencial para compras em massa de manilhas de alto desempenho do tipo parafuso G2130 e G2140.<\/p>\n<p>Nosso compromisso com a satisfa\u00e7\u00e3o do cliente baseia-se em oferecer transpar\u00eancia, confiabilidade e orienta\u00e7\u00e3o especializada para garantir um processo de aquisi\u00e7\u00e3o tranquilo. Cada intera\u00e7\u00e3o \u00e9 projetada para oferecer aos clientes percep\u00e7\u00f5es valiosas sobre compatibilidade de produtos, procedimentos de instala\u00e7\u00e3o e pr\u00e1ticas de manuten\u00e7\u00e3o. Esse servi\u00e7o individualizado \u00e9 particularmente ben\u00e9fico para clientes que buscam solu\u00e7\u00f5es personalizadas, pois nossa equipe pode oferecer consultoria com base em requisitos espec\u00edficos do projeto.<\/p>\n<h3>Principais considera\u00e7\u00f5es sobre a sele\u00e7\u00e3o e o uso de manilhas do tipo parafuso<\/h3>\n<p>A sele\u00e7\u00e3o da manilha tipo parafuso correta depende de v\u00e1rios fatores, sendo que o WLL e o tamanho da manilha s\u00e3o cruciais para o uso seguro. O WLL determina a carga m\u00e1xima que a manilha pode suportar, enquanto o tamanho influencia o ajuste e a compatibilidade dentro da configura\u00e7\u00e3o do equipamento. O dimensionamento ou a capacidade de carga inadequados podem comprometer a seguran\u00e7a, levando a uma poss\u00edvel falha do equipamento. Portanto, combinar o WLL e o tamanho corretos para a aplica\u00e7\u00e3o pretendida \u00e9 fundamental para um desempenho seguro e eficiente.<\/p>\n<p>A compreens\u00e3o das vantagens distintas de diferentes materiais e acabamentos pode orientar ainda mais a sele\u00e7\u00e3o. Por exemplo, as manilhas do tipo parafuso de a\u00e7o galvanizado oferecem maior resist\u00eancia \u00e0 corros\u00e3o, o que as torna ideais para ambientes agressivos ou mar\u00edtimos. Al\u00e9m disso, o design de parafuso e porca, como visto nos modelos G2130 e G2140, oferece um n\u00edvel de estabilidade e seguran\u00e7a n\u00e3o encontrado em outros tipos de manilhas. Essa configura\u00e7\u00e3o minimiza a probabilidade de deslizamento do pino, tornando essas manilhas adequadas para aplica\u00e7\u00f5es em que as cargas podem se deslocar ou vibrar, como no transporte ou na eleva\u00e7\u00e3o industrial pesada.<\/p>\n<p>A manuten\u00e7\u00e3o \u00e9 outro fator que influencia a longevidade e o desempenho das manilhas do tipo parafuso. A inspe\u00e7\u00e3o regular \u00e9 essencial para garantir que as manilhas estejam livres de corros\u00e3o, deforma\u00e7\u00e3o ou fadiga. Para os clientes que compram da Qingdao H&amp;F, oferecemos diretrizes de uso e dicas de manuten\u00e7\u00e3o adaptadas \u00e0s diferentes necessidades do setor, ajudando a prolongar a vida \u00fatil do produto e a maximizar o valor. Nossa equipe pode ajudar os compradores com pr\u00e1ticas de manuten\u00e7\u00e3o que garantem a opera\u00e7\u00e3o segura e confi\u00e1vel de cada manilha, refor\u00e7ando nosso compromisso com a satisfa\u00e7\u00e3o do cliente e a seguran\u00e7a operacional.<\/p>\n<p>Em resumo, as manilhas tipo parafuso, como a G2130 e a G2140, desempenham um papel indispens\u00e1vel em v\u00e1rias aplica\u00e7\u00f5es industriais. Seu design exclusivo e sua versatilidade permitem que elas acomodem demandas de alta carga e, ao mesmo tempo, ofere\u00e7am seguran\u00e7a por meio do mecanismo de fixa\u00e7\u00e3o por parafuso e porca. Para os compradores, a escolha de um fornecedor confi\u00e1vel \u00e9 fundamental para obter produtos que atendam aos rigorosos padr\u00f5es de qualidade. A Qingdao H&amp;F oferece uma combina\u00e7\u00e3o de entrega r\u00e1pida, extensas verifica\u00e7\u00f5es de qualidade e servi\u00e7o individualizado, garantindo que cada compra aumente a produtividade, a seguran\u00e7a e a facilidade de uso para cada cliente.<\/p>\n<p>Por meio de nosso compromisso cont\u00ednuo com a qualidade e o atendimento ao cliente, nosso objetivo \u00e9 nos tornarmos o parceiro de confian\u00e7a dos compradores que buscam manilhas do tipo parafuso de alto desempenho, constru\u00eddas para resistir a ambientes exigentes.<\/p>\n<p><strong>Manilha G2130<\/strong><\/p>\n<p><img fetchpriority=\"high\" decoding=\"async\" class=\"alignnone size-full wp-image-3831\" src=\"http:\/\/qingdaohf.com\/wp-content\/uploads\/2023\/05\/G2130.jpg\" alt=\"Manilha G2130\" width=\"1000\" height=\"1158\" srcset=\"https:\/\/qingdaohf.com\/wp-content\/uploads\/2023\/05\/G2130.jpg 1000w, https:\/\/qingdaohf.com\/wp-content\/uploads\/2023\/05\/G2130-259x300.jpg 259w, https:\/\/qingdaohf.com\/wp-content\/uploads\/2023\/05\/G2130-884x1024.jpg 884w, https:\/\/qingdaohf.com\/wp-content\/uploads\/2023\/05\/G2130-768x889.jpg 768w\" sizes=\"(max-width: 1000px) 100vw, 1000px\" \/><\/p>\n<p><strong>Manilha G2130A<\/strong><\/p>\n<p><img decoding=\"async\" class=\"alignnone size-full wp-image-3832\" src=\"http:\/\/qingdaohf.com\/wp-content\/uploads\/2023\/05\/G2130A.jpg\" alt=\"Manilha G2130A\" width=\"1000\" height=\"783\" srcset=\"https:\/\/qingdaohf.com\/wp-content\/uploads\/2023\/05\/G2130A.jpg 1000w, https:\/\/qingdaohf.com\/wp-content\/uploads\/2023\/05\/G2130A-300x235.jpg 300w, https:\/\/qingdaohf.com\/wp-content\/uploads\/2023\/05\/G2130A-768x601.jpg 768w\" sizes=\"(max-width: 1000px) 100vw, 1000px\" \/><\/p>\n<p><strong>Manilha G2140<\/strong><\/p>\n<p><img decoding=\"async\" class=\"alignnone size-full wp-image-3833\" src=\"http:\/\/qingdaohf.com\/wp-content\/uploads\/2023\/05\/G2140.jpg\" alt=\"Manilha G2140\" width=\"1000\" height=\"1202\" srcset=\"https:\/\/qingdaohf.com\/wp-content\/uploads\/2023\/05\/G2140.jpg 1000w, https:\/\/qingdaohf.com\/wp-content\/uploads\/2023\/05\/G2140-250x300.jpg 250w, https:\/\/qingdaohf.com\/wp-content\/uploads\/2023\/05\/G2140-852x1024.jpg 852w, https:\/\/qingdaohf.com\/wp-content\/uploads\/2023\/05\/G2140-768x923.jpg 768w\" sizes=\"(max-width: 1000px) 100vw, 1000px\" \/><\/p>","protected":false},"excerpt":{"rendered":"<p>As manilhas tipo parafuso, como os populares modelos G2130 e G2140, s\u00e3o componentes essenciais de amarra\u00e7\u00e3o projetados para eleva\u00e7\u00e3o, reboque e fixa\u00e7\u00e3o de cargas pesadas. Com capacidades que variam amplamente, essas manilhas suportam limites de carga de trabalho (WLL) de 0,33 toneladas a 150 toneladas, com tamanhos que normalmente variam de 1\/4 de polegada a 3 polegadas. Os compradores geralmente priorizam a resist\u00eancia, a durabilidade e as garantias de seguran\u00e7a, fazendo com que os relat\u00f3rios de inspe\u00e7\u00e3o de qualidade sejam um fator importante nas decis\u00f5es de compra. Na Qingdao H&amp;F, aprimoramos essa experi\u00eancia oferecendo um ciclo de entrega r\u00e1pido, suporte individualizado ao cliente e verifica\u00e7\u00e3o abrangente da qualidade por meio de relat\u00f3rios de inspe\u00e7\u00e3o. Esses servi\u00e7os ressaltam nosso compromisso de garantir que os compradores recebam manilhas confi\u00e1veis e de alto desempenho, adaptadas \u00e0s suas necessidades.<\/p>","protected":false},"featured_media":6468,"comment_status":"open","ping_status":"closed","template":"","meta":{"site-sidebar-layout":"default","site-content-layout":"","ast-site-content-layout":"default","site-content-style":"default","site-sidebar-style":"default","ast-global-header-display":"","ast-banner-title-visibility":"","ast-main-header-display":"","ast-hfb-above-header-display":"","ast-hfb-below-header-display":"","ast-hfb-mobile-header-display":"","site-post-title":"","ast-breadcrumbs-content":"","ast-featured-img":"","footer-sml-layout":"","theme-transparent-header-meta":"default","adv-header-id-meta":"","stick-header-meta":"default","header-above-stick-meta":"","header-main-stick-meta":"","header-below-stick-meta":"","astra-migrate-meta-layouts":"set","ast-page-background-enabled":"default","ast-page-background-meta":{"desktop":{"background-color":"","background-image":"","background-repeat":"repeat","background-position":"center center","background-size":"auto","background-attachment":"scroll","background-type":"","background-media":"","overlay-type":"","overlay-color":"","overlay-opacity":"","overlay-gradient":""},"tablet":{"background-color":"","background-image":"","background-repeat":"repeat","background-position":"center center","background-size":"auto","background-attachment":"scroll","background-type":"","background-media":"","overlay-type":"","overlay-color":"","overlay-opacity":"","overlay-gradient":""},"mobile":{"background-color":"","background-image":"","background-repeat":"repeat","background-position":"center center","background-size":"auto","background-attachment":"scroll","background-type":"","background-media":"","overlay-type":"","overlay-color":"","overlay-opacity":"","overlay-gradient":""}},"ast-content-background-meta":{"desktop":{"background-color":"var(--ast-global-color-5)","background-image":"","background-repeat":"repeat","background-position":"center center","background-size":"auto","background-attachment":"scroll","background-type":"","background-media":"","overlay-type":"","overlay-color":"","overlay-opacity":"","overlay-gradient":""},"tablet":{"background-color":"var(--ast-global-color-5)","background-image":"","background-repeat":"repeat","background-position":"center center","background-size":"auto","background-attachment":"scroll","background-type":"","background-media":"","overlay-type":"","overlay-color":"","overlay-opacity":"","overlay-gradient":""},"mobile":{"background-color":"var(--ast-global-color-5)","background-image":"","background-repeat":"repeat","background-position":"center center","background-size":"auto","background-attachment":"scroll","background-type":"","background-media":"","overlay-type":"","overlay-color":"","overlay-opacity":"","overlay-gradient":""}}},"product_brand":[],"product_cat":[51,54],"product_tag":[],"class_list":{"0":"post-6490","1":"product","2":"type-product","3":"status-publish","4":"has-post-thumbnail","6":"product_cat-riggging-hardware","7":"product_cat-shackle","8":"desktop-align-left","9":"tablet-align-left","10":"mobile-align-left","11":"ast-product-gallery-layout-horizontal-slider","12":"ast-product-tabs-layout-horizontal","14":"first","15":"instock","16":"shipping-taxable","17":"purchasable","18":"product-type-simple"},"yoast_head":"<!-- This site is optimized with the Yoast SEO plugin v25.2 - https:\/\/yoast.com\/wordpress\/plugins\/seo\/ -->\n<title>Bolt Type Shackle<\/title>\n<meta name=\"description\" content=\"A bolt-type shackle is a type of hardware that is used to connect chains, ropes, or cables together.\" \/>\n<meta name=\"robots\" content=\"index, follow, max-snippet:-1, max-image-preview:large, max-video-preview:-1\" \/>\n<link rel=\"canonical\" href=\"https:\/\/qingdaohf.com\/pt\/produto\/manilha-tipo-parafuso\/\" \/>\n<meta property=\"og:locale\" content=\"pt_BR\" \/>\n<meta property=\"og:type\" content=\"article\" \/>\n<meta property=\"og:title\" content=\"Bolt Type Shackle\" \/>\n<meta property=\"og:description\" content=\"A bolt-type shackle is a type of hardware that is used to connect chains, ropes, or cables together.\" \/>\n<meta property=\"og:url\" content=\"https:\/\/qingdaohf.com\/pt\/produto\/manilha-tipo-parafuso\/\" \/>\n<meta property=\"og:site_name\" content=\"Concrete Form &amp; Rigging Hardware Supplier\" \/>\n<meta property=\"article:publisher\" content=\"https:\/\/www.facebook.com\/qingdaohf\" \/>\n<meta property=\"article:modified_time\" content=\"2025-11-13T01:03:38+00:00\" \/>\n<meta property=\"og:image\" content=\"https:\/\/qingdaohf.com\/wp-content\/uploads\/2024\/02\/HF-SHACKLE-4.jpg\" \/>\n\t<meta property=\"og:image:width\" content=\"1000\" \/>\n\t<meta property=\"og:image:height\" content=\"1000\" \/>\n\t<meta property=\"og:image:type\" content=\"image\/jpeg\" \/>\n<meta name=\"twitter:card\" content=\"summary_large_image\" \/>\n<meta name=\"twitter:label1\" content=\"Est. tempo de leitura\" \/>\n\t<meta name=\"twitter:data1\" content=\"5 minutos\" \/>\n<script type=\"application\/ld+json\" class=\"yoast-schema-graph\">{\"@context\":\"https:\/\/schema.org\",\"@graph\":[{\"@type\":\"WebPage\",\"@id\":\"https:\/\/qingdaohf.com\/product\/bolt-type-shackle\/\",\"url\":\"https:\/\/qingdaohf.com\/product\/bolt-type-shackle\/\",\"name\":\"Bolt Type Shackle\",\"isPartOf\":{\"@id\":\"https:\/\/qingdaohf.com\/bg\/#website\"},\"primaryImageOfPage\":{\"@id\":\"https:\/\/qingdaohf.com\/product\/bolt-type-shackle\/#primaryimage\"},\"image\":{\"@id\":\"https:\/\/qingdaohf.com\/product\/bolt-type-shackle\/#primaryimage\"},\"thumbnailUrl\":\"https:\/\/qingdaohf.com\/wp-content\/uploads\/2024\/02\/HF-SHACKLE-4.jpg\",\"datePublished\":\"2024-02-02T08:39:40+00:00\",\"dateModified\":\"2025-11-13T01:03:38+00:00\",\"description\":\"A bolt-type shackle is a type of hardware that is used to connect chains, ropes, or cables together.\",\"breadcrumb\":{\"@id\":\"https:\/\/qingdaohf.com\/product\/bolt-type-shackle\/#breadcrumb\"},\"inLanguage\":\"pt-BR\",\"potentialAction\":[{\"@type\":\"ReadAction\",\"target\":[\"https:\/\/qingdaohf.com\/product\/bolt-type-shackle\/\"]}]},{\"@type\":\"ImageObject\",\"inLanguage\":\"pt-BR\",\"@id\":\"https:\/\/qingdaohf.com\/product\/bolt-type-shackle\/#primaryimage\",\"url\":\"https:\/\/qingdaohf.com\/wp-content\/uploads\/2024\/02\/HF-SHACKLE-4.jpg\",\"contentUrl\":\"https:\/\/qingdaohf.com\/wp-content\/uploads\/2024\/02\/HF-SHACKLE-4.jpg\",\"width\":1000,\"height\":1000,\"caption\":\"bolt type SHACKLE\"},{\"@type\":\"BreadcrumbList\",\"@id\":\"https:\/\/qingdaohf.com\/product\/bolt-type-shackle\/#breadcrumb\",\"itemListElement\":[{\"@type\":\"ListItem\",\"position\":1,\"name\":\"Home\",\"item\":\"https:\/\/qingdaohf.com\/\"},{\"@type\":\"ListItem\",\"position\":2,\"name\":\"Concrete Forming Accessories and Rigging Hardware\",\"item\":\"https:\/\/qingdaohf.com\/bg\/?page_id=944\"},{\"@type\":\"ListItem\",\"position\":3,\"name\":\"Bolt Type Shackle\"}]},{\"@type\":\"WebSite\",\"@id\":\"https:\/\/qingdaohf.com\/bg\/#website\",\"url\":\"https:\/\/qingdaohf.com\/bg\/\",\"name\":\"Concrete Form & Rigging Hardware Supplier\",\"description\":\"\",\"publisher\":{\"@id\":\"https:\/\/qingdaohf.com\/bg\/#organization\"},\"potentialAction\":[{\"@type\":\"SearchAction\",\"target\":{\"@type\":\"EntryPoint\",\"urlTemplate\":\"https:\/\/qingdaohf.com\/bg\/?s={search_term_string}\"},\"query-input\":{\"@type\":\"PropertyValueSpecification\",\"valueRequired\":true,\"valueName\":\"search_term_string\"}}],\"inLanguage\":\"pt-BR\"},{\"@type\":\"Organization\",\"@id\":\"https:\/\/qingdaohf.com\/bg\/#organization\",\"name\":\"Qingdao H&F\",\"url\":\"https:\/\/qingdaohf.com\/bg\/\",\"logo\":{\"@type\":\"ImageObject\",\"inLanguage\":\"pt-BR\",\"@id\":\"https:\/\/qingdaohf.com\/bg\/#\/schema\/logo\/image\/\",\"url\":\"https:\/\/qingdaohf.com\/wp-content\/uploads\/2022\/12\/cropped-HF-LOGO.png\",\"contentUrl\":\"https:\/\/qingdaohf.com\/wp-content\/uploads\/2022\/12\/cropped-HF-LOGO.png\",\"width\":391,\"height\":249,\"caption\":\"Qingdao H&F\"},\"image\":{\"@id\":\"https:\/\/qingdaohf.com\/bg\/#\/schema\/logo\/image\/\"},\"sameAs\":[\"https:\/\/www.facebook.com\/qingdaohf\"]}]}<\/script>\n<!-- \/ Yoast SEO plugin. -->","yoast_head_json":{"title":"Bolt Type Shackle","description":"A bolt-type shackle is a type of hardware that is used to connect chains, ropes, or cables together.","robots":{"index":"index","follow":"follow","max-snippet":"max-snippet:-1","max-image-preview":"max-image-preview:large","max-video-preview":"max-video-preview:-1"},"canonical":"https:\/\/qingdaohf.com\/pt\/produto\/manilha-tipo-parafuso\/","og_locale":"pt_BR","og_type":"article","og_title":"Bolt Type Shackle","og_description":"A bolt-type shackle is a type of hardware that is used to connect chains, ropes, or cables together.","og_url":"https:\/\/qingdaohf.com\/pt\/produto\/manilha-tipo-parafuso\/","og_site_name":"Concrete Form &amp; Rigging Hardware Supplier","article_publisher":"https:\/\/www.facebook.com\/qingdaohf","article_modified_time":"2025-11-13T01:03:38+00:00","og_image":[{"width":1000,"height":1000,"url":"https:\/\/qingdaohf.com\/wp-content\/uploads\/2024\/02\/HF-SHACKLE-4.jpg","type":"image\/jpeg"}],"twitter_card":"summary_large_image","twitter_misc":{"Est. tempo de leitura":"5 minutos"},"schema":{"@context":"https:\/\/schema.org","@graph":[{"@type":"WebPage","@id":"https:\/\/qingdaohf.com\/product\/bolt-type-shackle\/","url":"https:\/\/qingdaohf.com\/product\/bolt-type-shackle\/","name":"Bolt Type Shackle","isPartOf":{"@id":"https:\/\/qingdaohf.com\/bg\/#website"},"primaryImageOfPage":{"@id":"https:\/\/qingdaohf.com\/product\/bolt-type-shackle\/#primaryimage"},"image":{"@id":"https:\/\/qingdaohf.com\/product\/bolt-type-shackle\/#primaryimage"},"thumbnailUrl":"https:\/\/qingdaohf.com\/wp-content\/uploads\/2024\/02\/HF-SHACKLE-4.jpg","datePublished":"2024-02-02T08:39:40+00:00","dateModified":"2025-11-13T01:03:38+00:00","description":"A bolt-type shackle is a type of hardware that is used to connect chains, ropes, or cables together.","breadcrumb":{"@id":"https:\/\/qingdaohf.com\/product\/bolt-type-shackle\/#breadcrumb"},"inLanguage":"pt-BR","potentialAction":[{"@type":"ReadAction","target":["https:\/\/qingdaohf.com\/product\/bolt-type-shackle\/"]}]},{"@type":"ImageObject","inLanguage":"pt-BR","@id":"https:\/\/qingdaohf.com\/product\/bolt-type-shackle\/#primaryimage","url":"https:\/\/qingdaohf.com\/wp-content\/uploads\/2024\/02\/HF-SHACKLE-4.jpg","contentUrl":"https:\/\/qingdaohf.com\/wp-content\/uploads\/2024\/02\/HF-SHACKLE-4.jpg","width":1000,"height":1000,"caption":"bolt type SHACKLE"},{"@type":"BreadcrumbList","@id":"https:\/\/qingdaohf.com\/product\/bolt-type-shackle\/#breadcrumb","itemListElement":[{"@type":"ListItem","position":1,"name":"Home","item":"https:\/\/qingdaohf.com\/"},{"@type":"ListItem","position":2,"name":"Concrete Forming Accessories and Rigging Hardware","item":"https:\/\/qingdaohf.com\/bg\/?page_id=944"},{"@type":"ListItem","position":3,"name":"Bolt Type Shackle"}]},{"@type":"WebSite","@id":"https:\/\/qingdaohf.com\/bg\/#website","url":"https:\/\/qingdaohf.com\/bg\/","name":"Concrete Form & Rigging Hardware Supplier","description":"","publisher":{"@id":"https:\/\/qingdaohf.com\/bg\/#organization"},"potentialAction":[{"@type":"SearchAction","target":{"@type":"EntryPoint","urlTemplate":"https:\/\/qingdaohf.com\/bg\/?s={search_term_string}"},"query-input":{"@type":"PropertyValueSpecification","valueRequired":true,"valueName":"search_term_string"}}],"inLanguage":"pt-BR"},{"@type":"Organization","@id":"https:\/\/qingdaohf.com\/bg\/#organization","name":"Qingdao H&F","url":"https:\/\/qingdaohf.com\/bg\/","logo":{"@type":"ImageObject","inLanguage":"pt-BR","@id":"https:\/\/qingdaohf.com\/bg\/#\/schema\/logo\/image\/","url":"https:\/\/qingdaohf.com\/wp-content\/uploads\/2022\/12\/cropped-HF-LOGO.png","contentUrl":"https:\/\/qingdaohf.com\/wp-content\/uploads\/2022\/12\/cropped-HF-LOGO.png","width":391,"height":249,"caption":"Qingdao H&F"},"image":{"@id":"https:\/\/qingdaohf.com\/bg\/#\/schema\/logo\/image\/"},"sameAs":["https:\/\/www.facebook.com\/qingdaohf"]}]}},"_links":{"self":[{"href":"https:\/\/qingdaohf.com\/pt\/wp-json\/wp\/v2\/product\/6490","targetHints":{"allow":["GET"]}}],"collection":[{"href":"https:\/\/qingdaohf.com\/pt\/wp-json\/wp\/v2\/product"}],"about":[{"href":"https:\/\/qingdaohf.com\/pt\/wp-json\/wp\/v2\/types\/product"}],"replies":[{"embeddable":true,"href":"https:\/\/qingdaohf.com\/pt\/wp-json\/wp\/v2\/comments?post=6490"}],"version-history":[{"count":9,"href":"https:\/\/qingdaohf.com\/pt\/wp-json\/wp\/v2\/product\/6490\/revisions"}],"predecessor-version":[{"id":8214,"href":"https:\/\/qingdaohf.com\/pt\/wp-json\/wp\/v2\/product\/6490\/revisions\/8214"}],"wp:featuredmedia":[{"embeddable":true,"href":"https:\/\/qingdaohf.com\/pt\/wp-json\/wp\/v2\/media\/6468"}],"wp:attachment":[{"href":"https:\/\/qingdaohf.com\/pt\/wp-json\/wp\/v2\/media?parent=6490"}],"wp:term":[{"taxonomy":"product_brand","embeddable":true,"href":"https:\/\/qingdaohf.com\/pt\/wp-json\/wp\/v2\/product_brand?post=6490"},{"taxonomy":"product_cat","embeddable":true,"href":"https:\/\/qingdaohf.com\/pt\/wp-json\/wp\/v2\/product_cat?post=6490"},{"taxonomy":"product_tag","embeddable":true,"href":"https:\/\/qingdaohf.com\/pt\/wp-json\/wp\/v2\/product_tag?post=6490"}],"curies":[{"name":"wp","href":"https:\/\/api.w.org\/{rel}","templated":true}]}}