{"id":7163,"date":"2024-05-20T13:42:36","date_gmt":"2024-05-20T05:42:36","guid":{"rendered":"http:\/\/qingdaohf.com\/?post_type=product&#038;p=7163"},"modified":"2025-11-13T09:03:16","modified_gmt":"2025-11-13T01:03:16","slug":"aluminum-form-wall-ties","status":"publish","type":"product","link":"https:\/\/qingdaohf.com\/pt\/produto\/abracadeiras-de-aluminio-para-paredes\/","title":{"rendered":"Abra\u00e7adeiras de alum\u00ednio para paredes"},"content":{"rendered":"<p>As abra\u00e7adeiras de alum\u00ednio para f\u00f4rmas desempenham um papel fundamental na constru\u00e7\u00e3o de f\u00f4rmas de concreto, especialmente quando a precis\u00e3o e a durabilidade s\u00e3o primordiais. Esses tirantes mant\u00eam a f\u00f4rma no lugar durante o processo de concretagem, assegurando que as f\u00f4rmas mantenham a forma e o alinhamento pretendidos. Como resultado, eles ajudam a garantir a integridade estrutural e a uniformidade das paredes e colunas de concreto. Os tirantes de f\u00f4rma podem variar em termos de material, mas o alum\u00ednio se destaca devido \u00e0 sua combina\u00e7\u00e3o de for\u00e7a, leveza e resist\u00eancia \u00e0 corros\u00e3o. Na Qingdao H&amp;F, fornecemos dormentes de alum\u00ednio de alta qualidade adaptados \u00e0s necessidades do setor de constru\u00e7\u00e3o, garantindo que seus projetos sejam conclu\u00eddos com efici\u00eancia e seguran\u00e7a.<\/p>\n<h3><strong>Por que alum\u00ednio para amarras de forma?<\/strong><\/h3>\n<p>O uso do alum\u00ednio em tirantes de forma aumentou devido \u00e0s suas propriedades exclusivas que o tornam adequado para ambientes de constru\u00e7\u00e3o exigentes. O alum\u00ednio \u00e9 leve, por\u00e9m resistente, o que facilita o manuseio no local de trabalho sem comprometer o desempenho. Isso \u00e9 particularmente vantajoso quando s\u00e3o necess\u00e1rios grandes volumes de dormentes ou quando os trabalhadores precisam gerenciar cargas de trabalho pesadas. Em contraste com outros materiais, como o a\u00e7o, a leveza do alum\u00ednio reduz a tens\u00e3o durante o manuseio e a instala\u00e7\u00e3o.<\/p>\n<p>A resist\u00eancia \u00e0 corros\u00e3o \u00e9 outra vantagem significativa. Os tirantes da forma s\u00e3o expostos \u00e0 umidade e a v\u00e1rios produtos qu\u00edmicos na mistura do concreto. O alum\u00ednio resiste naturalmente \u00e0 ferrugem e a outras formas de corros\u00e3o, o que prolonga a vida \u00fatil das f\u00f4rmas e reduz a necessidade de substitui\u00e7\u00f5es frequentes. Essa durabilidade se traduz em economia de custos a longo prazo para as empresas, especialmente em projetos de grande escala, nos quais \u00e9 fundamental minimizar o tempo de inatividade e a manuten\u00e7\u00e3o.<\/p>\n<h3><strong>Efici\u00eancia e custo-benef\u00edcio na constru\u00e7\u00e3o<\/strong><\/h3>\n<p>A efici\u00eancia \u00e9 a pedra angular de projetos de constru\u00e7\u00e3o bem-sucedidos, e as amarras de f\u00f4rma contribuem para esse objetivo ao garantir que a f\u00f4rma permane\u00e7a no lugar, evitando erros dispendiosos. Uma f\u00f4rma mal alinhada ou mal fixada pode causar problemas estruturais no concreto, resultando em atrasos, desperd\u00edcio de materiais e resultados potencialmente inseguros. Os tirantes de alum\u00ednio para f\u00f4rmas n\u00e3o apenas garantem a seguran\u00e7a da f\u00f4rma, mas tamb\u00e9m simplificam os processos de montagem e desmontagem.<\/p>\n<p>Como os dormentes de alum\u00ednio para f\u00f4rmas s\u00e3o reutiliz\u00e1veis, eles oferecem uma consider\u00e1vel economia de custos ao longo do tempo. As empreiteiras geralmente enfrentam o dilema de equilibrar os custos de curto prazo com os benef\u00edcios de longo prazo, e investir em dormentes dur\u00e1veis e reutiliz\u00e1veis pode reduzir a necessidade de substitui\u00e7\u00f5es frequentes e diminuir os custos gerais do projeto. Al\u00e9m disso, como os dormentes de alum\u00ednio s\u00e3o mais leves e f\u00e1ceis de transportar, eles reduzem os custos log\u00edsticos e tornam as opera\u00e7\u00f5es no local mais eficientes.<\/p>\n<div class=\"ast-oembed-container\" style=\"height: 100%;\"><iframe title=\"Acess\u00f3rios para moldagem de concreto Cunha curva e cunha reta\" width=\"500\" height=\"281\" src=\"https:\/\/www.youtube.com\/embed\/_He4pUDjl1U?feature=oembed\" frameborder=\"0\" allow=\"accelerometer; autoplay; clipboard-write; encrypted-media; gyroscope; picture-in-picture; web-share\" referrerpolicy=\"strict-origin-when-cross-origin\" allowfullscreen><\/iframe><\/div>\n<h3><strong>Sustentabilidade e impacto ambiental<\/strong><\/h3>\n<p>No setor de constru\u00e7\u00e3o moderno, a sustentabilidade \u00e9 cada vez mais importante, e as formas de alum\u00ednio se alinham \u00e0s pr\u00e1ticas ecol\u00f3gicas. O alum\u00ednio \u00e9 altamente recicl\u00e1vel, e muitos produtos de alum\u00ednio s\u00e3o feitos de materiais reciclados. Isso reduz a demanda por novas mat\u00e9rias-primas e minimiza o impacto ambiental. No final de seu ciclo de vida, os dormentes de alum\u00ednio podem ser derretidos e reutilizados sem perder suas propriedades inerentes, o que os torna uma op\u00e7\u00e3o sustent\u00e1vel para os profissionais da constru\u00e7\u00e3o civil que buscam reduzir sua pegada de carbono.<\/p>\n<p>Al\u00e9m disso, o uso de materiais dur\u00e1veis e reutiliz\u00e1veis, como o alum\u00ednio, reduz os res\u00edduos gerados no local. As empreiteiras podem reutilizar as abra\u00e7adeiras de alum\u00ednio em v\u00e1rios projetos, reduzindo significativamente a quantidade de materiais descartados que, de outra forma, acabariam em aterros sanit\u00e1rios. Isso ajuda as empresas de constru\u00e7\u00e3o a se alinharem com as metas globais de sustentabilidade e a atrair clientes que priorizam pr\u00e1ticas ambientalmente respons\u00e1veis.<\/p>\n<h3><strong>Compromisso da Qingdao H&amp;F com a qualidade e o servi\u00e7o<\/strong><\/h3>\n<p>Na Qingdao H&amp;F, entendemos que os profissionais da constru\u00e7\u00e3o precisam de materiais confi\u00e1veis e servi\u00e7os excepcionais para concluir seus projetos dentro do prazo e do or\u00e7amento. Nossos tirantes de alum\u00ednio para formas s\u00e3o fabricados com rigorosos padr\u00f5es de controle de qualidade, garantindo desempenho e durabilidade consistentes. Temos orgulho de oferecer n\u00e3o apenas produtos de alta qualidade, mas tamb\u00e9m pre\u00e7os competitivos, permitindo que nossos clientes se beneficiem tanto da acessibilidade quanto da excel\u00eancia.<\/p>\n<p>Reconhecemos que cada projeto \u00e9 \u00fanico, e nossa equipe oferece atendimento individualizado ao cliente para garantir que voc\u00ea receba os melhores produtos para suas necessidades espec\u00edficas. Desde ajud\u00e1-lo a escolher o tipo certo de abra\u00e7adeiras de alum\u00ednio at\u00e9 fornecer suporte cont\u00ednuo durante todo o seu projeto, temos o compromisso de tornar sua experi\u00eancia de compra tranquila e eficiente. Com um hist\u00f3rico de 20 anos de atendimento ao setor de constru\u00e7\u00e3o, a Qingdao H&amp;F conquistou uma reputa\u00e7\u00e3o de confiabilidade, credibilidade e satisfa\u00e7\u00e3o do cliente.<\/p>\n<h3><strong>Conclus\u00e3o: Por que usar as abra\u00e7adeiras de alum\u00ednio da Qingdao H&amp;F?<\/strong><\/h3>\n<p>A escolha das f\u00f4rmas corretas \u00e9 essencial para garantir o sucesso de seus projetos de constru\u00e7\u00e3o, e as f\u00f4rmas de alum\u00ednio oferecem uma combina\u00e7\u00e3o de resist\u00eancia, durabilidade e custo-benef\u00edcio que poucos outros materiais podem igualar. Na Qingdao H&amp;F, fornecemos dormentes de alum\u00ednio de primeira linha que atendem \u00e0s necessidades da constru\u00e7\u00e3o moderna, garantindo que seus projetos sejam constru\u00eddos para durar. Com nosso foco na qualidade, pre\u00e7os competitivos e atendimento ao cliente sem igual, somos seu parceiro de confian\u00e7a para alcan\u00e7ar a excel\u00eancia na constru\u00e7\u00e3o. N\u00e3o importa se voc\u00ea est\u00e1 trabalhando em um projeto de pequena escala ou em um grande desenvolvimento de infraestrutura, nossos tirantes de alum\u00ednio para formas o ajudar\u00e3o a obter sempre os melhores resultados.<\/p>","protected":false},"excerpt":{"rendered":"<p><strong>Obtenha dimens\u00f5es precisas das paredes de concreto e garanta a integridade estrutural<\/strong> com o Aluminum Form Wall Ties, um componente vital nos sistemas de moldagem de alum\u00ednio. Essas abra\u00e7adeiras trabalham em conjunto com os pinos de alum\u00ednio e as cunhas de alum\u00ednio para criar um sistema robusto e eficiente de f\u00f4rmas de parede. <strong>Tamanhos de espessura de parede<\/strong> para acomodar v\u00e1rios projetos de paredes de concreto. Os tamanhos comuns incluem <strong>6\" - 24\"<\/strong>permitindo que voc\u00ea construa paredes de diferentes espessuras com facilidade.<\/p>","protected":false},"featured_media":7168,"comment_status":"open","ping_status":"closed","template":"","meta":{"site-sidebar-layout":"default","site-content-layout":"","ast-site-content-layout":"default","site-content-style":"default","site-sidebar-style":"default","ast-global-header-display":"","ast-banner-title-visibility":"","ast-main-header-display":"","ast-hfb-above-header-display":"","ast-hfb-below-header-display":"","ast-hfb-mobile-header-display":"","site-post-title":"","ast-breadcrumbs-content":"","ast-featured-img":"","footer-sml-layout":"","theme-transparent-header-meta":"default","adv-header-id-meta":"","stick-header-meta":"default","header-above-stick-meta":"","header-main-stick-meta":"","header-below-stick-meta":"","astra-migrate-meta-layouts":"set","ast-page-background-enabled":"default","ast-page-background-meta":{"desktop":{"background-color":"","background-image":"","background-repeat":"repeat","background-position":"center center","background-size":"auto","background-attachment":"scroll","background-type":"","background-media":"","overlay-type":"","overlay-color":"","overlay-opacity":"","overlay-gradient":""},"tablet":{"background-color":"","background-image":"","background-repeat":"repeat","background-position":"center center","background-size":"auto","background-attachment":"scroll","background-type":"","background-media":"","overlay-type":"","overlay-color":"","overlay-opacity":"","overlay-gradient":""},"mobile":{"background-color":"","background-image":"","background-repeat":"repeat","background-position":"center center","background-size":"auto","background-attachment":"scroll","background-type":"","background-media":"","overlay-type":"","overlay-color":"","overlay-opacity":"","overlay-gradient":""}},"ast-content-background-meta":{"desktop":{"background-color":"var(--ast-global-color-5)","background-image":"","background-repeat":"repeat","background-position":"center center","background-size":"auto","background-attachment":"scroll","background-type":"","background-media":"","overlay-type":"","overlay-color":"","overlay-opacity":"","overlay-gradient":""},"tablet":{"background-color":"var(--ast-global-color-5)","background-image":"","background-repeat":"repeat","background-position":"center center","background-size":"auto","background-attachment":"scroll","background-type":"","background-media":"","overlay-type":"","overlay-color":"","overlay-opacity":"","overlay-gradient":""},"mobile":{"background-color":"var(--ast-global-color-5)","background-image":"","background-repeat":"repeat","background-position":"center center","background-size":"auto","background-attachment":"scroll","background-type":"","background-media":"","overlay-type":"","overlay-color":"","overlay-opacity":"","overlay-gradient":""}}},"product_brand":[],"product_cat":[65],"product_tag":[],"class_list":{"0":"post-7163","1":"product","2":"type-product","3":"status-publish","4":"has-post-thumbnail","6":"product_cat-aluminum-form-tie","7":"desktop-align-left","8":"tablet-align-left","9":"mobile-align-left","10":"ast-product-gallery-layout-horizontal-slider","11":"ast-product-tabs-layout-horizontal","13":"first","14":"instock","15":"shipping-taxable","16":"purchasable","17":"product-type-simple"},"yoast_head":"<!-- This site is optimized with the Yoast SEO plugin v25.2 - https:\/\/yoast.com\/wordpress\/plugins\/seo\/ -->\n<title>Aluminum Form Wall Ties<\/title>\n<meta name=\"description\" content=\"Aluminum Form Wall Ties are available in a range of Wall Thickness Sizes to accommodate various concrete wall designs. Common sizes include 6\u201d - 24\u201d.\" \/>\n<meta name=\"robots\" content=\"index, follow, max-snippet:-1, max-image-preview:large, max-video-preview:-1\" \/>\n<link rel=\"canonical\" href=\"https:\/\/qingdaohf.com\/pt\/produto\/abracadeiras-de-aluminio-para-paredes\/\" \/>\n<meta property=\"og:locale\" content=\"pt_BR\" \/>\n<meta property=\"og:type\" content=\"article\" \/>\n<meta property=\"og:title\" content=\"Aluminum Form Wall Ties\" \/>\n<meta property=\"og:description\" content=\"Aluminum Form Wall Ties are available in a range of Wall Thickness Sizes to accommodate various concrete wall designs. Common sizes include 6\u201d - 24\u201d.\" \/>\n<meta property=\"og:url\" content=\"https:\/\/qingdaohf.com\/pt\/produto\/abracadeiras-de-aluminio-para-paredes\/\" \/>\n<meta property=\"og:site_name\" content=\"Concrete Form &amp; Rigging Hardware Supplier\" \/>\n<meta property=\"article:publisher\" content=\"https:\/\/www.facebook.com\/qingdaohf\" \/>\n<meta property=\"article:modified_time\" content=\"2025-11-13T01:03:16+00:00\" \/>\n<meta property=\"og:image\" content=\"https:\/\/qingdaohf.com\/wp-content\/uploads\/2024\/05\/Aluminum-Form-Wall-Ties-1.jpg\" \/>\n\t<meta property=\"og:image:width\" content=\"1000\" \/>\n\t<meta property=\"og:image:height\" content=\"1000\" \/>\n\t<meta property=\"og:image:type\" content=\"image\/jpeg\" \/>\n<meta name=\"twitter:card\" content=\"summary_large_image\" \/>\n<meta name=\"twitter:label1\" content=\"Est. tempo de leitura\" \/>\n\t<meta name=\"twitter:data1\" content=\"4 minutos\" \/>\n<script type=\"application\/ld+json\" class=\"yoast-schema-graph\">{\"@context\":\"https:\/\/schema.org\",\"@graph\":[{\"@type\":\"WebPage\",\"@id\":\"https:\/\/qingdaohf.com\/product\/aluminum-form-wall-ties\/\",\"url\":\"https:\/\/qingdaohf.com\/product\/aluminum-form-wall-ties\/\",\"name\":\"Aluminum Form Wall Ties\",\"isPartOf\":{\"@id\":\"https:\/\/qingdaohf.com\/bg\/#website\"},\"primaryImageOfPage\":{\"@id\":\"https:\/\/qingdaohf.com\/product\/aluminum-form-wall-ties\/#primaryimage\"},\"image\":{\"@id\":\"https:\/\/qingdaohf.com\/product\/aluminum-form-wall-ties\/#primaryimage\"},\"thumbnailUrl\":\"https:\/\/qingdaohf.com\/wp-content\/uploads\/2024\/05\/Aluminum-Form-Wall-Ties-1.jpg\",\"datePublished\":\"2024-05-20T05:42:36+00:00\",\"dateModified\":\"2025-11-13T01:03:16+00:00\",\"description\":\"Aluminum Form Wall Ties are available in a range of Wall Thickness Sizes to accommodate various concrete wall designs. Common sizes include 6\u201d - 24\u201d.\",\"breadcrumb\":{\"@id\":\"https:\/\/qingdaohf.com\/product\/aluminum-form-wall-ties\/#breadcrumb\"},\"inLanguage\":\"pt-BR\",\"potentialAction\":[{\"@type\":\"ReadAction\",\"target\":[\"https:\/\/qingdaohf.com\/product\/aluminum-form-wall-ties\/\"]}]},{\"@type\":\"ImageObject\",\"inLanguage\":\"pt-BR\",\"@id\":\"https:\/\/qingdaohf.com\/product\/aluminum-form-wall-ties\/#primaryimage\",\"url\":\"https:\/\/qingdaohf.com\/wp-content\/uploads\/2024\/05\/Aluminum-Form-Wall-Ties-1.jpg\",\"contentUrl\":\"https:\/\/qingdaohf.com\/wp-content\/uploads\/2024\/05\/Aluminum-Form-Wall-Ties-1.jpg\",\"width\":1000,\"height\":1000,\"caption\":\"Aluminum Form Wall Ties\"},{\"@type\":\"BreadcrumbList\",\"@id\":\"https:\/\/qingdaohf.com\/product\/aluminum-form-wall-ties\/#breadcrumb\",\"itemListElement\":[{\"@type\":\"ListItem\",\"position\":1,\"name\":\"Home\",\"item\":\"https:\/\/qingdaohf.com\/\"},{\"@type\":\"ListItem\",\"position\":2,\"name\":\"Concrete Forming Accessories and Rigging Hardware\",\"item\":\"https:\/\/qingdaohf.com\/bg\/?page_id=944\"},{\"@type\":\"ListItem\",\"position\":3,\"name\":\"Aluminum Form Wall Ties\"}]},{\"@type\":\"WebSite\",\"@id\":\"https:\/\/qingdaohf.com\/bg\/#website\",\"url\":\"https:\/\/qingdaohf.com\/bg\/\",\"name\":\"Concrete Form & Rigging Hardware Supplier\",\"description\":\"\",\"publisher\":{\"@id\":\"https:\/\/qingdaohf.com\/bg\/#organization\"},\"potentialAction\":[{\"@type\":\"SearchAction\",\"target\":{\"@type\":\"EntryPoint\",\"urlTemplate\":\"https:\/\/qingdaohf.com\/bg\/?s={search_term_string}\"},\"query-input\":{\"@type\":\"PropertyValueSpecification\",\"valueRequired\":true,\"valueName\":\"search_term_string\"}}],\"inLanguage\":\"pt-BR\"},{\"@type\":\"Organization\",\"@id\":\"https:\/\/qingdaohf.com\/bg\/#organization\",\"name\":\"Qingdao H&F\",\"url\":\"https:\/\/qingdaohf.com\/bg\/\",\"logo\":{\"@type\":\"ImageObject\",\"inLanguage\":\"pt-BR\",\"@id\":\"https:\/\/qingdaohf.com\/bg\/#\/schema\/logo\/image\/\",\"url\":\"https:\/\/qingdaohf.com\/wp-content\/uploads\/2022\/12\/cropped-HF-LOGO.png\",\"contentUrl\":\"https:\/\/qingdaohf.com\/wp-content\/uploads\/2022\/12\/cropped-HF-LOGO.png\",\"width\":391,\"height\":249,\"caption\":\"Qingdao H&F\"},\"image\":{\"@id\":\"https:\/\/qingdaohf.com\/bg\/#\/schema\/logo\/image\/\"},\"sameAs\":[\"https:\/\/www.facebook.com\/qingdaohf\"]}]}<\/script>\n<!-- \/ Yoast SEO plugin. -->","yoast_head_json":{"title":"Aluminum Form Wall Ties","description":"Aluminum Form Wall Ties are available in a range of Wall Thickness Sizes to accommodate various concrete wall designs. Common sizes include 6\u201d - 24\u201d.","robots":{"index":"index","follow":"follow","max-snippet":"max-snippet:-1","max-image-preview":"max-image-preview:large","max-video-preview":"max-video-preview:-1"},"canonical":"https:\/\/qingdaohf.com\/pt\/produto\/abracadeiras-de-aluminio-para-paredes\/","og_locale":"pt_BR","og_type":"article","og_title":"Aluminum Form Wall Ties","og_description":"Aluminum Form Wall Ties are available in a range of Wall Thickness Sizes to accommodate various concrete wall designs. Common sizes include 6\u201d - 24\u201d.","og_url":"https:\/\/qingdaohf.com\/pt\/produto\/abracadeiras-de-aluminio-para-paredes\/","og_site_name":"Concrete Form &amp; Rigging Hardware Supplier","article_publisher":"https:\/\/www.facebook.com\/qingdaohf","article_modified_time":"2025-11-13T01:03:16+00:00","og_image":[{"width":1000,"height":1000,"url":"https:\/\/qingdaohf.com\/wp-content\/uploads\/2024\/05\/Aluminum-Form-Wall-Ties-1.jpg","type":"image\/jpeg"}],"twitter_card":"summary_large_image","twitter_misc":{"Est. tempo de leitura":"4 minutos"},"schema":{"@context":"https:\/\/schema.org","@graph":[{"@type":"WebPage","@id":"https:\/\/qingdaohf.com\/product\/aluminum-form-wall-ties\/","url":"https:\/\/qingdaohf.com\/product\/aluminum-form-wall-ties\/","name":"Aluminum Form Wall Ties","isPartOf":{"@id":"https:\/\/qingdaohf.com\/bg\/#website"},"primaryImageOfPage":{"@id":"https:\/\/qingdaohf.com\/product\/aluminum-form-wall-ties\/#primaryimage"},"image":{"@id":"https:\/\/qingdaohf.com\/product\/aluminum-form-wall-ties\/#primaryimage"},"thumbnailUrl":"https:\/\/qingdaohf.com\/wp-content\/uploads\/2024\/05\/Aluminum-Form-Wall-Ties-1.jpg","datePublished":"2024-05-20T05:42:36+00:00","dateModified":"2025-11-13T01:03:16+00:00","description":"Aluminum Form Wall Ties are available in a range of Wall Thickness Sizes to accommodate various concrete wall designs. Common sizes include 6\u201d - 24\u201d.","breadcrumb":{"@id":"https:\/\/qingdaohf.com\/product\/aluminum-form-wall-ties\/#breadcrumb"},"inLanguage":"pt-BR","potentialAction":[{"@type":"ReadAction","target":["https:\/\/qingdaohf.com\/product\/aluminum-form-wall-ties\/"]}]},{"@type":"ImageObject","inLanguage":"pt-BR","@id":"https:\/\/qingdaohf.com\/product\/aluminum-form-wall-ties\/#primaryimage","url":"https:\/\/qingdaohf.com\/wp-content\/uploads\/2024\/05\/Aluminum-Form-Wall-Ties-1.jpg","contentUrl":"https:\/\/qingdaohf.com\/wp-content\/uploads\/2024\/05\/Aluminum-Form-Wall-Ties-1.jpg","width":1000,"height":1000,"caption":"Aluminum Form Wall Ties"},{"@type":"BreadcrumbList","@id":"https:\/\/qingdaohf.com\/product\/aluminum-form-wall-ties\/#breadcrumb","itemListElement":[{"@type":"ListItem","position":1,"name":"Home","item":"https:\/\/qingdaohf.com\/"},{"@type":"ListItem","position":2,"name":"Concrete Forming Accessories and Rigging Hardware","item":"https:\/\/qingdaohf.com\/bg\/?page_id=944"},{"@type":"ListItem","position":3,"name":"Aluminum Form Wall Ties"}]},{"@type":"WebSite","@id":"https:\/\/qingdaohf.com\/bg\/#website","url":"https:\/\/qingdaohf.com\/bg\/","name":"Concrete Form & Rigging Hardware Supplier","description":"","publisher":{"@id":"https:\/\/qingdaohf.com\/bg\/#organization"},"potentialAction":[{"@type":"SearchAction","target":{"@type":"EntryPoint","urlTemplate":"https:\/\/qingdaohf.com\/bg\/?s={search_term_string}"},"query-input":{"@type":"PropertyValueSpecification","valueRequired":true,"valueName":"search_term_string"}}],"inLanguage":"pt-BR"},{"@type":"Organization","@id":"https:\/\/qingdaohf.com\/bg\/#organization","name":"Qingdao H&F","url":"https:\/\/qingdaohf.com\/bg\/","logo":{"@type":"ImageObject","inLanguage":"pt-BR","@id":"https:\/\/qingdaohf.com\/bg\/#\/schema\/logo\/image\/","url":"https:\/\/qingdaohf.com\/wp-content\/uploads\/2022\/12\/cropped-HF-LOGO.png","contentUrl":"https:\/\/qingdaohf.com\/wp-content\/uploads\/2022\/12\/cropped-HF-LOGO.png","width":391,"height":249,"caption":"Qingdao H&F"},"image":{"@id":"https:\/\/qingdaohf.com\/bg\/#\/schema\/logo\/image\/"},"sameAs":["https:\/\/www.facebook.com\/qingdaohf"]}]}},"_links":{"self":[{"href":"https:\/\/qingdaohf.com\/pt\/wp-json\/wp\/v2\/product\/7163","targetHints":{"allow":["GET"]}}],"collection":[{"href":"https:\/\/qingdaohf.com\/pt\/wp-json\/wp\/v2\/product"}],"about":[{"href":"https:\/\/qingdaohf.com\/pt\/wp-json\/wp\/v2\/types\/product"}],"replies":[{"embeddable":true,"href":"https:\/\/qingdaohf.com\/pt\/wp-json\/wp\/v2\/comments?post=7163"}],"version-history":[{"count":3,"href":"https:\/\/qingdaohf.com\/pt\/wp-json\/wp\/v2\/product\/7163\/revisions"}],"predecessor-version":[{"id":8094,"href":"https:\/\/qingdaohf.com\/pt\/wp-json\/wp\/v2\/product\/7163\/revisions\/8094"}],"wp:featuredmedia":[{"embeddable":true,"href":"https:\/\/qingdaohf.com\/pt\/wp-json\/wp\/v2\/media\/7168"}],"wp:attachment":[{"href":"https:\/\/qingdaohf.com\/pt\/wp-json\/wp\/v2\/media?parent=7163"}],"wp:term":[{"taxonomy":"product_brand","embeddable":true,"href":"https:\/\/qingdaohf.com\/pt\/wp-json\/wp\/v2\/product_brand?post=7163"},{"taxonomy":"product_cat","embeddable":true,"href":"https:\/\/qingdaohf.com\/pt\/wp-json\/wp\/v2\/product_cat?post=7163"},{"taxonomy":"product_tag","embeddable":true,"href":"https:\/\/qingdaohf.com\/pt\/wp-json\/wp\/v2\/product_tag?post=7163"}],"curies":[{"name":"wp","href":"https:\/\/api.w.org\/{rel}","templated":true}]}}