{"id":7381,"date":"2024-05-28T18:22:19","date_gmt":"2024-05-28T10:22:19","guid":{"rendered":"http:\/\/qingdaohf.com\/?post_type=product&#038;p=7381"},"modified":"2025-11-13T09:03:16","modified_gmt":"2025-11-13T01:03:16","slug":"concrete-wall-snap-ties","status":"publish","type":"product","link":"https:\/\/qingdaohf.com\/pt\/produto\/abracadeiras-para-paredes-de-concreto\/","title":{"rendered":"Abra\u00e7adeiras para paredes de concreto"},"content":{"rendered":"<p>Os Snap Ties para paredes de concreto s\u00e3o componentes essenciais na forma\u00e7\u00e3o de paredes de concreto, fornecendo o suporte e a estabilidade necess\u00e1rios durante o processo de concretagem e fixa\u00e7\u00e3o. Nossas abra\u00e7adeiras s\u00e3o projetadas para oferecer confiabilidade e facilidade de uso, garantindo que seus projetos de constru\u00e7\u00e3o sejam conclu\u00eddos com efici\u00eancia e de acordo com os mais altos padr\u00f5es.<\/p>\n<h4>Varia\u00e7\u00f5es do produto<\/h4>\n<p>Nossos Snap Ties para paredes de concreto s\u00e3o categorizados com base em seu comprimento e tipo:<\/p>\n<p><strong>Extremidade curta de 4-3\/4<\/strong><\/p>\n<p><strong>Extremidade longa de 8-1\/4<\/strong><\/p>\n<p>Al\u00e9m disso, eles est\u00e3o dispon\u00edveis em duas configura\u00e7\u00f5es:<\/p>\n<p><strong>Abra\u00e7adeiras com arruela<\/strong><\/p>\n<p>&nbsp;<\/p>\n<p><strong>La\u00e7os de press\u00e3o com cone de pl\u00e1stico<\/strong><\/p>\n<p><img fetchpriority=\"high\" decoding=\"async\" class=\"alignnone size-full wp-image-1676\" src=\"http:\/\/qingdaohf.com\/wp-content\/uploads\/2023\/01\/snap-tie-4.webp\" alt=\"gravata de press\u00e3o\" width=\"800\" height=\"800\" srcset=\"https:\/\/qingdaohf.com\/wp-content\/uploads\/2023\/01\/snap-tie-4.webp 800w, https:\/\/qingdaohf.com\/wp-content\/uploads\/2023\/01\/snap-tie-4-500x500.webp 500w, https:\/\/qingdaohf.com\/wp-content\/uploads\/2023\/01\/snap-tie-4-100x100.webp 100w, https:\/\/qingdaohf.com\/wp-content\/uploads\/2023\/01\/snap-tie-4-300x300.webp 300w, https:\/\/qingdaohf.com\/wp-content\/uploads\/2023\/01\/snap-tie-4-150x150.webp 150w, https:\/\/qingdaohf.com\/wp-content\/uploads\/2023\/01\/snap-tie-4-768x768.webp 768w, https:\/\/qingdaohf.com\/wp-content\/uploads\/2023\/01\/snap-tie-4-600x600.webp 600w, https:\/\/qingdaohf.com\/wp-content\/uploads\/2023\/01\/snap-tie-4-50x50.webp 50w\" sizes=\"(max-width: 800px) 100vw, 800px\" \/><\/p>\n<h4>Principais recursos<\/h4>\n<p><strong>Durabilidade<\/strong>: Fabricadas em a\u00e7o de alta qualidade, nossas abra\u00e7adeiras de press\u00e3o s\u00e3o projetadas para suportar press\u00f5es significativas, garantindo a integridade das paredes de concreto.<\/p>\n<p><strong>Versatilidade<\/strong>: Adequado para v\u00e1rias espessuras de parede e requisitos de constru\u00e7\u00e3o, oferecendo flexibilidade no uso.<\/p>\n<p><strong>Facilidade de uso<\/strong>: O design de encaixe simplifica o processo de cofragem, tornando a montagem e a desmontagem mais r\u00e1pidas e eficientes.<\/p>\n<p><strong>Ajuste seguro<\/strong>: As varia\u00e7\u00f5es da arruela e do cone de pl\u00e1stico proporcionam um ajuste seguro, evitando vazamento de concreto e garantindo um acabamento suave.<\/p>\n<h4>Descri\u00e7\u00f5es detalhadas<\/h4>\n<p><strong>Abra\u00e7adeiras de ponta curta de 4-3\/4<\/strong> Essas abra\u00e7adeiras s\u00e3o ideais para projetos que exigem v\u00e3os mais curtos. O design da extremidade curta \u00e9 perfeito para criar paredes compactas e apertadas, garantindo um ajuste confort\u00e1vel e minimizando o risco de movimento durante o processo de cura.<\/p>\n<p><strong>Abra\u00e7adeiras de ponta longa de 8-1\/4<\/strong> Projetadas para projetos maiores, as bra\u00e7adeiras de encaixe de extremidade longa oferecem maior alcance e suporte para paredes mais espessas. Essa varia\u00e7\u00e3o \u00e9 perfeita para estruturas substanciais, fornecendo o comprimento necess\u00e1rio para manter a estabilidade da f\u00f4rma em se\u00e7\u00f5es mais amplas.<\/p>\n<p><strong>Abra\u00e7adeiras com arruela<\/strong> A configura\u00e7\u00e3o da arruela acrescenta uma camada extra de estabilidade e suporte, garantindo que o mosquet\u00e3o permane\u00e7a firmemente no lugar durante o processo de vazamento. Essa op\u00e7\u00e3o \u00e9 particularmente \u00fatil em ambientes de alta press\u00e3o, onde \u00e9 necess\u00e1rio um refor\u00e7o adicional.<\/p>\n<p><strong>La\u00e7os de press\u00e3o com cone de pl\u00e1stico<\/strong> A varia\u00e7\u00e3o do cone de pl\u00e1stico oferece uma op\u00e7\u00e3o eficiente e reutiliz\u00e1vel, permitindo a f\u00e1cil remo\u00e7\u00e3o ap\u00f3s o endurecimento do concreto. O cone ajuda a criar uma apar\u00eancia limpa e acabada, reduzindo a necessidade de trabalhos de acabamento adicionais.<\/p>\n<h4>Aplicativos<\/h4>\n<p>Os Snap Ties para paredes de concreto s\u00e3o usados em v\u00e1rios projetos de constru\u00e7\u00e3o, inclusive:<\/p>\n<p>Funda\u00e7\u00f5es residenciais<\/p>\n<p>Paredes de edif\u00edcios comerciais<\/p>\n<p>Muros de conten\u00e7\u00e3o<\/p>\n<p>Por\u00f5es<\/p>\n<p>Constru\u00e7\u00e3o de pontes<\/p>\n<p>Eles s\u00e3o uma ferramenta essencial para empreiteiros e construtores que desejam obter estruturas de concreto precisas e resistentes.<\/p>\n<h4>Benef\u00edcios<\/h4>\n<p><strong>Efici\u00eancia de tempo<\/strong>: Agilize seu processo de constru\u00e7\u00e3o com abra\u00e7adeiras que s\u00e3o r\u00e1pidas de instalar e remover, reduzindo os custos de m\u00e3o de obra e os prazos do projeto.<\/p>\n<p><strong>Custo-benef\u00edcio<\/strong>: Reutiliz\u00e1veis e dur\u00e1veis, essas abra\u00e7adeiras oferecem uma solu\u00e7\u00e3o econ\u00f4mica para v\u00e1rios projetos.<\/p>\n<p><strong>Alto desempenho<\/strong>: Garanta a mais alta qualidade das paredes de concreto com as abra\u00e7adeiras de press\u00e3o que proporcionam suporte consistente e confiabilidade.<\/p>\n<h4>Guia de instala\u00e7\u00e3o<\/h4>\n<p><strong>Preparar a f\u00f4rma<\/strong>: Monte sua f\u00f4rma de acordo com as especifica\u00e7\u00f5es do projeto.<\/p>\n<p><strong>Inser\u00e7\u00e3o de abra\u00e7adeiras<\/strong>: Coloque as abra\u00e7adeiras de press\u00e3o na f\u00f4rma nos intervalos necess\u00e1rios.<\/p>\n<p><strong>La\u00e7os seguros<\/strong>: Dependendo da varia\u00e7\u00e3o, prenda as abra\u00e7adeiras com arruelas ou cones de pl\u00e1stico.<\/p>\n<p><strong>Colocar concreto<\/strong>: Despeje o concreto com cuidado, garantindo que ele flua uniformemente ao redor das amarras de encaixe.<\/p>\n<p><strong>Permitir definir<\/strong>: Deixe o concreto curar de acordo com as diretrizes do projeto.<\/p>\n<p><strong>Remover a f\u00f4rma<\/strong>: Depois que o concreto estiver assentado, remova a f\u00f4rma e retire as extremidades expostas dos tirantes.<\/p>\n<h4>Manuten\u00e7\u00e3o e armazenamento<\/h4>\n<p><strong>Limpeza<\/strong>: Ap\u00f3s cada uso, limpe as abra\u00e7adeiras para remover qualquer res\u00edduo de concreto.<\/p>\n<p><strong>Inspe\u00e7\u00e3o<\/strong>: Inspecione regularmente as abra\u00e7adeiras para verificar se h\u00e1 sinais de desgaste ou danos.<\/p>\n<p><strong>Armazenamento<\/strong>: Armazene em um local seco e fresco para evitar ferrugem e prolongar sua vida \u00fatil.<\/p>\n<h4>Por que escolher nossos Snap Ties?<\/h4>\n<p>Nossos Snap Ties para paredes de concreto s\u00e3o projetados com precis\u00e3o e fabricados de acordo com os mais altos padr\u00f5es. Com foco em durabilidade, efici\u00eancia e desempenho, nossas abra\u00e7adeiras s\u00e3o a escolha preferida de construtores e empreiteiros profissionais. Confie em nossa experi\u00eancia e compromisso com a qualidade para seu pr\u00f3ximo projeto de constru\u00e7\u00e3o.<\/p>","protected":false},"excerpt":{"rendered":"<p>Aumente a resist\u00eancia e a estabilidade de suas paredes de concreto com os nossos Snap Ties premium para paredes de concreto. Dispon\u00edveis nas variedades de extremidade curta de 4-3\/4\u2033 e extremidade longa de 8-1\/4\u2033, essas abra\u00e7adeiras v\u00eam em duas configura\u00e7\u00f5es: com arruelas e com cones de pl\u00e1stico, garantindo um processo de constru\u00e7\u00e3o seguro e eficiente.<\/p>","protected":false},"featured_media":2947,"comment_status":"open","ping_status":"closed","template":"","meta":{"site-sidebar-layout":"default","site-content-layout":"","ast-site-content-layout":"default","site-content-style":"default","site-sidebar-style":"default","ast-global-header-display":"","ast-banner-title-visibility":"","ast-main-header-display":"","ast-hfb-above-header-display":"","ast-hfb-below-header-display":"","ast-hfb-mobile-header-display":"","site-post-title":"","ast-breadcrumbs-content":"","ast-featured-img":"","footer-sml-layout":"","theme-transparent-header-meta":"default","adv-header-id-meta":"","stick-header-meta":"default","header-above-stick-meta":"","header-main-stick-meta":"","header-below-stick-meta":"","astra-migrate-meta-layouts":"set","ast-page-background-enabled":"default","ast-page-background-meta":{"desktop":{"background-color":"","background-image":"","background-repeat":"repeat","background-position":"center center","background-size":"auto","background-attachment":"scroll","background-type":"","background-media":"","overlay-type":"","overlay-color":"","overlay-opacity":"","overlay-gradient":""},"tablet":{"background-color":"","background-image":"","background-repeat":"repeat","background-position":"center center","background-size":"auto","background-attachment":"scroll","background-type":"","background-media":"","overlay-type":"","overlay-color":"","overlay-opacity":"","overlay-gradient":""},"mobile":{"background-color":"","background-image":"","background-repeat":"repeat","background-position":"center center","background-size":"auto","background-attachment":"scroll","background-type":"","background-media":"","overlay-type":"","overlay-color":"","overlay-opacity":"","overlay-gradient":""}},"ast-content-background-meta":{"desktop":{"background-color":"var(--ast-global-color-5)","background-image":"","background-repeat":"repeat","background-position":"center center","background-size":"auto","background-attachment":"scroll","background-type":"","background-media":"","overlay-type":"","overlay-color":"","overlay-opacity":"","overlay-gradient":""},"tablet":{"background-color":"var(--ast-global-color-5)","background-image":"","background-repeat":"repeat","background-position":"center center","background-size":"auto","background-attachment":"scroll","background-type":"","background-media":"","overlay-type":"","overlay-color":"","overlay-opacity":"","overlay-gradient":""},"mobile":{"background-color":"var(--ast-global-color-5)","background-image":"","background-repeat":"repeat","background-position":"center center","background-size":"auto","background-attachment":"scroll","background-type":"","background-media":"","overlay-type":"","overlay-color":"","overlay-opacity":"","overlay-gradient":""}}},"product_brand":[],"product_cat":[63],"product_tag":[],"class_list":{"0":"post-7381","1":"product","2":"type-product","3":"status-publish","4":"has-post-thumbnail","6":"product_cat-concrete-snap-tie","7":"desktop-align-left","8":"tablet-align-left","9":"mobile-align-left","10":"ast-product-gallery-layout-horizontal-slider","11":"ast-product-tabs-layout-horizontal","13":"first","14":"instock","15":"shipping-taxable","16":"purchasable","17":"product-type-simple"},"yoast_head":"<!-- This site is optimized with the Yoast SEO plugin v25.2 - https:\/\/yoast.com\/wordpress\/plugins\/seo\/ -->\n<title>Concrete Wall Snap Ties<\/title>\n<meta name=\"description\" content=\"Enhance the strength and stability of your concrete walls with our premium Concrete Wall Snap Ties. Available in 4-3\/4&quot; short end and 8-1\/4&quot; long end.\" \/>\n<meta name=\"robots\" content=\"index, follow, max-snippet:-1, max-image-preview:large, max-video-preview:-1\" \/>\n<link rel=\"canonical\" href=\"https:\/\/qingdaohf.com\/pt\/produto\/abracadeiras-para-paredes-de-concreto\/\" \/>\n<meta property=\"og:locale\" content=\"pt_BR\" \/>\n<meta property=\"og:type\" content=\"article\" \/>\n<meta property=\"og:title\" content=\"Concrete Wall Snap Ties\" \/>\n<meta property=\"og:description\" content=\"Enhance the strength and stability of your concrete walls with our premium Concrete Wall Snap Ties. Available in 4-3\/4&quot; short end and 8-1\/4&quot; long end.\" \/>\n<meta property=\"og:url\" content=\"https:\/\/qingdaohf.com\/pt\/produto\/abracadeiras-para-paredes-de-concreto\/\" \/>\n<meta property=\"og:site_name\" content=\"Concrete Form &amp; Rigging Hardware Supplier\" \/>\n<meta property=\"article:publisher\" content=\"https:\/\/www.facebook.com\/qingdaohf\" \/>\n<meta property=\"article:modified_time\" content=\"2025-11-13T01:03:16+00:00\" \/>\n<meta property=\"og:image\" content=\"https:\/\/qingdaohf.com\/wp-content\/uploads\/2023\/01\/snap-tie-8.jpg\" \/>\n\t<meta property=\"og:image:width\" content=\"1000\" \/>\n\t<meta property=\"og:image:height\" content=\"1000\" \/>\n\t<meta property=\"og:image:type\" content=\"image\/jpeg\" \/>\n<meta name=\"twitter:card\" content=\"summary_large_image\" \/>\n<meta name=\"twitter:label1\" content=\"Est. tempo de leitura\" \/>\n\t<meta name=\"twitter:data1\" content=\"4 minutos\" \/>\n<script type=\"application\/ld+json\" class=\"yoast-schema-graph\">{\"@context\":\"https:\/\/schema.org\",\"@graph\":[{\"@type\":\"WebPage\",\"@id\":\"https:\/\/qingdaohf.com\/product\/concrete-wall-snap-ties\/\",\"url\":\"https:\/\/qingdaohf.com\/product\/concrete-wall-snap-ties\/\",\"name\":\"Concrete Wall Snap Ties\",\"isPartOf\":{\"@id\":\"https:\/\/qingdaohf.com\/bg\/#website\"},\"primaryImageOfPage\":{\"@id\":\"https:\/\/qingdaohf.com\/product\/concrete-wall-snap-ties\/#primaryimage\"},\"image\":{\"@id\":\"https:\/\/qingdaohf.com\/product\/concrete-wall-snap-ties\/#primaryimage\"},\"thumbnailUrl\":\"https:\/\/qingdaohf.com\/wp-content\/uploads\/2023\/01\/snap-tie-8.jpg\",\"datePublished\":\"2024-05-28T10:22:19+00:00\",\"dateModified\":\"2025-11-13T01:03:16+00:00\",\"description\":\"Enhance the strength and stability of your concrete walls with our premium Concrete Wall Snap Ties. Available in 4-3\/4\\\" short end and 8-1\/4\\\" long end.\",\"breadcrumb\":{\"@id\":\"https:\/\/qingdaohf.com\/product\/concrete-wall-snap-ties\/#breadcrumb\"},\"inLanguage\":\"pt-BR\",\"potentialAction\":[{\"@type\":\"ReadAction\",\"target\":[\"https:\/\/qingdaohf.com\/product\/concrete-wall-snap-ties\/\"]}]},{\"@type\":\"ImageObject\",\"inLanguage\":\"pt-BR\",\"@id\":\"https:\/\/qingdaohf.com\/product\/concrete-wall-snap-ties\/#primaryimage\",\"url\":\"https:\/\/qingdaohf.com\/wp-content\/uploads\/2023\/01\/snap-tie-8.jpg\",\"contentUrl\":\"https:\/\/qingdaohf.com\/wp-content\/uploads\/2023\/01\/snap-tie-8.jpg\",\"width\":1000,\"height\":1000,\"caption\":\"concrete wall snap tie\"},{\"@type\":\"BreadcrumbList\",\"@id\":\"https:\/\/qingdaohf.com\/product\/concrete-wall-snap-ties\/#breadcrumb\",\"itemListElement\":[{\"@type\":\"ListItem\",\"position\":1,\"name\":\"Home\",\"item\":\"https:\/\/qingdaohf.com\/\"},{\"@type\":\"ListItem\",\"position\":2,\"name\":\"Concrete Forming Accessories and Rigging Hardware\",\"item\":\"https:\/\/qingdaohf.com\/bg\/?page_id=944\"},{\"@type\":\"ListItem\",\"position\":3,\"name\":\"Concrete Wall Snap Ties\"}]},{\"@type\":\"WebSite\",\"@id\":\"https:\/\/qingdaohf.com\/bg\/#website\",\"url\":\"https:\/\/qingdaohf.com\/bg\/\",\"name\":\"Concrete Form & Rigging Hardware Supplier\",\"description\":\"\",\"publisher\":{\"@id\":\"https:\/\/qingdaohf.com\/bg\/#organization\"},\"potentialAction\":[{\"@type\":\"SearchAction\",\"target\":{\"@type\":\"EntryPoint\",\"urlTemplate\":\"https:\/\/qingdaohf.com\/bg\/?s={search_term_string}\"},\"query-input\":{\"@type\":\"PropertyValueSpecification\",\"valueRequired\":true,\"valueName\":\"search_term_string\"}}],\"inLanguage\":\"pt-BR\"},{\"@type\":\"Organization\",\"@id\":\"https:\/\/qingdaohf.com\/bg\/#organization\",\"name\":\"Qingdao H&F\",\"url\":\"https:\/\/qingdaohf.com\/bg\/\",\"logo\":{\"@type\":\"ImageObject\",\"inLanguage\":\"pt-BR\",\"@id\":\"https:\/\/qingdaohf.com\/bg\/#\/schema\/logo\/image\/\",\"url\":\"https:\/\/qingdaohf.com\/wp-content\/uploads\/2022\/12\/cropped-HF-LOGO.png\",\"contentUrl\":\"https:\/\/qingdaohf.com\/wp-content\/uploads\/2022\/12\/cropped-HF-LOGO.png\",\"width\":391,\"height\":249,\"caption\":\"Qingdao H&F\"},\"image\":{\"@id\":\"https:\/\/qingdaohf.com\/bg\/#\/schema\/logo\/image\/\"},\"sameAs\":[\"https:\/\/www.facebook.com\/qingdaohf\"]}]}<\/script>\n<!-- \/ Yoast SEO plugin. -->","yoast_head_json":{"title":"Concrete Wall Snap Ties","description":"Enhance the strength and stability of your concrete walls with our premium Concrete Wall Snap Ties. Available in 4-3\/4\" short end and 8-1\/4\" long end.","robots":{"index":"index","follow":"follow","max-snippet":"max-snippet:-1","max-image-preview":"max-image-preview:large","max-video-preview":"max-video-preview:-1"},"canonical":"https:\/\/qingdaohf.com\/pt\/produto\/abracadeiras-para-paredes-de-concreto\/","og_locale":"pt_BR","og_type":"article","og_title":"Concrete Wall Snap Ties","og_description":"Enhance the strength and stability of your concrete walls with our premium Concrete Wall Snap Ties. Available in 4-3\/4\" short end and 8-1\/4\" long end.","og_url":"https:\/\/qingdaohf.com\/pt\/produto\/abracadeiras-para-paredes-de-concreto\/","og_site_name":"Concrete Form &amp; Rigging Hardware Supplier","article_publisher":"https:\/\/www.facebook.com\/qingdaohf","article_modified_time":"2025-11-13T01:03:16+00:00","og_image":[{"width":1000,"height":1000,"url":"https:\/\/qingdaohf.com\/wp-content\/uploads\/2023\/01\/snap-tie-8.jpg","type":"image\/jpeg"}],"twitter_card":"summary_large_image","twitter_misc":{"Est. tempo de leitura":"4 minutos"},"schema":{"@context":"https:\/\/schema.org","@graph":[{"@type":"WebPage","@id":"https:\/\/qingdaohf.com\/product\/concrete-wall-snap-ties\/","url":"https:\/\/qingdaohf.com\/product\/concrete-wall-snap-ties\/","name":"Concrete Wall Snap Ties","isPartOf":{"@id":"https:\/\/qingdaohf.com\/bg\/#website"},"primaryImageOfPage":{"@id":"https:\/\/qingdaohf.com\/product\/concrete-wall-snap-ties\/#primaryimage"},"image":{"@id":"https:\/\/qingdaohf.com\/product\/concrete-wall-snap-ties\/#primaryimage"},"thumbnailUrl":"https:\/\/qingdaohf.com\/wp-content\/uploads\/2023\/01\/snap-tie-8.jpg","datePublished":"2024-05-28T10:22:19+00:00","dateModified":"2025-11-13T01:03:16+00:00","description":"Enhance the strength and stability of your concrete walls with our premium Concrete Wall Snap Ties. Available in 4-3\/4\" short end and 8-1\/4\" long end.","breadcrumb":{"@id":"https:\/\/qingdaohf.com\/product\/concrete-wall-snap-ties\/#breadcrumb"},"inLanguage":"pt-BR","potentialAction":[{"@type":"ReadAction","target":["https:\/\/qingdaohf.com\/product\/concrete-wall-snap-ties\/"]}]},{"@type":"ImageObject","inLanguage":"pt-BR","@id":"https:\/\/qingdaohf.com\/product\/concrete-wall-snap-ties\/#primaryimage","url":"https:\/\/qingdaohf.com\/wp-content\/uploads\/2023\/01\/snap-tie-8.jpg","contentUrl":"https:\/\/qingdaohf.com\/wp-content\/uploads\/2023\/01\/snap-tie-8.jpg","width":1000,"height":1000,"caption":"concrete wall snap tie"},{"@type":"BreadcrumbList","@id":"https:\/\/qingdaohf.com\/product\/concrete-wall-snap-ties\/#breadcrumb","itemListElement":[{"@type":"ListItem","position":1,"name":"Home","item":"https:\/\/qingdaohf.com\/"},{"@type":"ListItem","position":2,"name":"Concrete Forming Accessories and Rigging Hardware","item":"https:\/\/qingdaohf.com\/bg\/?page_id=944"},{"@type":"ListItem","position":3,"name":"Concrete Wall Snap Ties"}]},{"@type":"WebSite","@id":"https:\/\/qingdaohf.com\/bg\/#website","url":"https:\/\/qingdaohf.com\/bg\/","name":"Concrete Form & Rigging Hardware Supplier","description":"","publisher":{"@id":"https:\/\/qingdaohf.com\/bg\/#organization"},"potentialAction":[{"@type":"SearchAction","target":{"@type":"EntryPoint","urlTemplate":"https:\/\/qingdaohf.com\/bg\/?s={search_term_string}"},"query-input":{"@type":"PropertyValueSpecification","valueRequired":true,"valueName":"search_term_string"}}],"inLanguage":"pt-BR"},{"@type":"Organization","@id":"https:\/\/qingdaohf.com\/bg\/#organization","name":"Qingdao H&F","url":"https:\/\/qingdaohf.com\/bg\/","logo":{"@type":"ImageObject","inLanguage":"pt-BR","@id":"https:\/\/qingdaohf.com\/bg\/#\/schema\/logo\/image\/","url":"https:\/\/qingdaohf.com\/wp-content\/uploads\/2022\/12\/cropped-HF-LOGO.png","contentUrl":"https:\/\/qingdaohf.com\/wp-content\/uploads\/2022\/12\/cropped-HF-LOGO.png","width":391,"height":249,"caption":"Qingdao H&F"},"image":{"@id":"https:\/\/qingdaohf.com\/bg\/#\/schema\/logo\/image\/"},"sameAs":["https:\/\/www.facebook.com\/qingdaohf"]}]}},"_links":{"self":[{"href":"https:\/\/qingdaohf.com\/pt\/wp-json\/wp\/v2\/product\/7381","targetHints":{"allow":["GET"]}}],"collection":[{"href":"https:\/\/qingdaohf.com\/pt\/wp-json\/wp\/v2\/product"}],"about":[{"href":"https:\/\/qingdaohf.com\/pt\/wp-json\/wp\/v2\/types\/product"}],"replies":[{"embeddable":true,"href":"https:\/\/qingdaohf.com\/pt\/wp-json\/wp\/v2\/comments?post=7381"}],"version-history":[{"count":6,"href":"https:\/\/qingdaohf.com\/pt\/wp-json\/wp\/v2\/product\/7381\/revisions"}],"predecessor-version":[{"id":10239,"href":"https:\/\/qingdaohf.com\/pt\/wp-json\/wp\/v2\/product\/7381\/revisions\/10239"}],"wp:featuredmedia":[{"embeddable":true,"href":"https:\/\/qingdaohf.com\/pt\/wp-json\/wp\/v2\/media\/2947"}],"wp:attachment":[{"href":"https:\/\/qingdaohf.com\/pt\/wp-json\/wp\/v2\/media?parent=7381"}],"wp:term":[{"taxonomy":"product_brand","embeddable":true,"href":"https:\/\/qingdaohf.com\/pt\/wp-json\/wp\/v2\/product_brand?post=7381"},{"taxonomy":"product_cat","embeddable":true,"href":"https:\/\/qingdaohf.com\/pt\/wp-json\/wp\/v2\/product_cat?post=7381"},{"taxonomy":"product_tag","embeddable":true,"href":"https:\/\/qingdaohf.com\/pt\/wp-json\/wp\/v2\/product_tag?post=7381"}],"curies":[{"name":"wp","href":"https:\/\/api.w.org\/{rel}","templated":true}]}}