{"id":7473,"date":"2024-06-19T11:36:36","date_gmt":"2024-06-19T03:36:36","guid":{"rendered":"http:\/\/qingdaohf.com\/?post_type=product&#038;p=7473"},"modified":"2025-11-13T09:03:15","modified_gmt":"2025-11-13T01:03:15","slug":"plastic-groud-stake","status":"publish","type":"product","link":"https:\/\/qingdaohf.com\/pt\/produto\/estaca-de-plastico-para-grade\/","title":{"rendered":"Estaca de pl\u00e1stico para grade"},"content":{"rendered":"<h4>Estaca de solo pl\u00e1stica vers\u00e1til e dur\u00e1vel<\/h4>\n<p>A estaca pl\u00e1stica para solo \u00e9 uma solu\u00e7\u00e3o vers\u00e1til para fixar uma grande variedade de estruturas e equipamentos externos. Quer esteja montando uma barraca, prendendo um toldo ou ancorando uma rede, essa estaca oferece a confiabilidade e a for\u00e7a necess\u00e1rias para manter tudo no lugar. Fabricada em pl\u00e1stico de alta qualidade resistente a raios UV, ela suporta a exposi\u00e7\u00e3o prolongada \u00e0 luz solar sem se degradar, garantindo o uso a longo prazo.<\/p>\n<p>Um dos recursos de destaque dessa estaca de solo \u00e9 sua f\u00e1cil inser\u00e7\u00e3o no solo. A extremidade pontiaguda permite a penetra\u00e7\u00e3o sem esfor\u00e7o em v\u00e1rios tipos de solo, enquanto a constru\u00e7\u00e3o robusta garante que ela permane\u00e7a firme no lugar. Ao contr\u00e1rio das estacas de metal que podem enferrujar ou entortar, essa estaca de pl\u00e1stico mant\u00e9m sua integridade, proporcionando uma solu\u00e7\u00e3o de ancoragem confi\u00e1vel para v\u00e1rias aplica\u00e7\u00f5es.<\/p>\n<h4>Projeto pr\u00e1tico para v\u00e1rios usos<\/h4>\n<p>Projetada com a praticidade em mente, a estaca pl\u00e1stica para solo inclui um \u00fanico orif\u00edcio pr\u00f3ximo \u00e0 parte superior, permitindo a fixa\u00e7\u00e3o segura da corda. Esse recurso \u00e9 particularmente \u00fatil para amarrar lonas, coberturas e outros itens que exigem um ponto de ancoragem est\u00e1vel. O gancho pr\u00f3ximo \u00e0 parte superior acrescenta uma op\u00e7\u00e3o adicional de fixa\u00e7\u00e3o, proporcionando flexibilidade na forma de usar a estaca. Esse design cuidadoso garante que suas estruturas permane\u00e7am seguras mesmo em condi\u00e7\u00f5es de vento, tornando-a uma ferramenta essencial para entusiastas e profissionais de atividades ao ar livre.<\/p>\n<p>Em jardinagem e paisagismo, essa estaca \u00e9 inestim\u00e1vel para apoiar v\u00e1rias estruturas e decora\u00e7\u00f5es. Sua durabilidade e facilidade de uso a tornam uma das favoritas entre os jardineiros que desejam fixar treli\u00e7as, redes de jardim ou at\u00e9 mesmo itens decorativos. O pl\u00e1stico resistente a raios ultravioleta garante que ela n\u00e3o se torne quebradi\u00e7a ou se decomponha com o tempo, proporcionando um desempenho consistente temporada ap\u00f3s temporada.<\/p>\n<h4>O papel das estacas de solo na constru\u00e7\u00e3o e nas atividades ao ar livre<\/h4>\n<p>As estacas de solo, inclusive as variantes de pl\u00e1stico, desempenham um papel fundamental na constru\u00e7\u00e3o e nas atividades ao ar livre. Na constru\u00e7\u00e3o, elas s\u00e3o usadas para fixar estruturas tempor\u00e1rias, como tendas e coberturas, proporcionando uma base est\u00e1vel que impede o movimento ou o colapso. Isso \u00e9 particularmente importante em situa\u00e7\u00f5es em que a seguran\u00e7a e a estabilidade s\u00e3o fundamentais. A facilidade de instala\u00e7\u00e3o e remo\u00e7\u00e3o torna as estacas de pl\u00e1stico uma op\u00e7\u00e3o conveniente para configura\u00e7\u00f5es tempor\u00e1rias, permitindo ajustes r\u00e1pidos conforme necess\u00e1rio.<\/p>\n<p>No \u00e2mbito das atividades ao ar livre, as estacas de solo s\u00e3o indispens\u00e1veis para acampamentos, caminhadas e outras atividades recreativas. Uma barraca ou um toldo seguro pode fazer a diferen\u00e7a entre uma experi\u00eancia confort\u00e1vel e uma desastrosa. A estaca de solo de pl\u00e1stico oferece tranquilidade, pois voc\u00ea sabe que seu abrigo permanecer\u00e1 firme no lugar, independentemente das condi\u00e7\u00f5es. Sua natureza leve facilita o transporte, acrescentando peso m\u00ednimo ao seu equipamento e proporcionando estabilidade m\u00e1xima.<\/p>\n<h4>Apresentando os parafusos de funda\u00e7\u00e3o e sua import\u00e2ncia na constru\u00e7\u00e3o<\/h4>\n<p>Os parafusos de funda\u00e7\u00e3o s\u00e3o componentes essenciais no campo da constru\u00e7\u00e3o, desempenhando um papel fundamental na fixa\u00e7\u00e3o de estruturas em suas funda\u00e7\u00f5es. Em geral, esses parafusos s\u00e3o feitos de a\u00e7o de alta resist\u00eancia e s\u00e3o usados para ancorar edif\u00edcios, pontes, maquin\u00e1rio e outras estruturas pesadas. O principal objetivo dos parafusos de funda\u00e7\u00e3o \u00e9 fornecer uma conex\u00e3o segura entre a estrutura e sua funda\u00e7\u00e3o, garantindo estabilidade e resist\u00eancia a v\u00e1rias for\u00e7as, inclusive vento, atividade s\u00edsmica e outros fatores ambientais.<\/p>\n<p>Na constru\u00e7\u00e3o, os parafusos de funda\u00e7\u00e3o s\u00e3o embutidos em funda\u00e7\u00f5es de concreto antes de o concreto endurecer, criando uma liga\u00e7\u00e3o forte que pode suportar cargas substanciais. Eles s\u00e3o fornecidos em v\u00e1rios tamanhos e tipos, cada um projetado para aplica\u00e7\u00f5es e requisitos de carga espec\u00edficos. A sele\u00e7\u00e3o e a instala\u00e7\u00e3o corretas dos parafusos de funda\u00e7\u00e3o s\u00e3o vitais para a integridade estrutural e a seguran\u00e7a de qualquer projeto de constru\u00e7\u00e3o.<\/p>\n<p>Um dos principais benef\u00edcios dos parafusos de funda\u00e7\u00e3o \u00e9 sua capacidade de fornecer um ponto de ancoragem confi\u00e1vel para estruturas pesadas. Isso \u00e9 particularmente importante em ambientes industriais, onde m\u00e1quinas e equipamentos devem permanecer est\u00e1veis durante a opera\u00e7\u00e3o. Os parafusos de funda\u00e7\u00e3o evitam o movimento e as vibra\u00e7\u00f5es que, de outra forma, poderiam levar ao mau funcionamento do equipamento ou a danos estruturais. Ao fixar o maquin\u00e1rio em uma funda\u00e7\u00e3o est\u00e1vel, esses parafusos garantem uma opera\u00e7\u00e3o suave e segura.<\/p>\n<p>Os parafusos de funda\u00e7\u00e3o tamb\u00e9m desempenham um papel fundamental na constru\u00e7\u00e3o de pontes e outros grandes projetos de infraestrutura. A estabilidade proporcionada por esses parafusos ajuda a distribuir as cargas uniformemente, reduzindo o estresse sobre os componentes individuais e prolongando a vida \u00fatil da estrutura. Sua capacidade de resistir a for\u00e7as din\u00e2micas, como as geradas pelo tr\u00e1fego ou por eventos naturais, torna-os indispens\u00e1veis para garantir a seguran\u00e7a e a longevidade de pontes e estruturas semelhantes.<\/p>\n<p>Em resumo, os parafusos de funda\u00e7\u00e3o s\u00e3o a pedra angular da constru\u00e7\u00e3o moderna, proporcionando a estabilidade e a seguran\u00e7a necess\u00e1rias para uma grande variedade de estruturas. Sua fun\u00e7\u00e3o na ancoragem de edif\u00edcios e m\u00e1quinas \u00e9 essencial para manter a integridade e a seguran\u00e7a dos projetos de constru\u00e7\u00e3o, tornando-os um componente inestim\u00e1vel no campo.<\/p>\n<div class=\"ast-oembed-container\" style=\"height: 100%;\"><iframe title=\"Estacas de solo de pl\u00e1stico\" width=\"500\" height=\"281\" src=\"https:\/\/www.youtube.com\/embed\/XXn9suyaFmM?feature=oembed\" frameborder=\"0\" allow=\"accelerometer; autoplay; clipboard-write; encrypted-media; gyroscope; picture-in-picture; web-share\" referrerpolicy=\"strict-origin-when-cross-origin\" allowfullscreen><\/iframe><\/div>","protected":false},"excerpt":{"rendered":"<p>A estaca pl\u00e1stica para solo \u00e9 perfeita para fixar \u00e2ncoras, tendas, redes, lonas, coberturas e estruturas de jardim ou p\u00e1tio. Feita de pl\u00e1stico de alta qualidade resistente a raios UV, essa estaca dur\u00e1vel \u00e9 facilmente inserida no solo. Ela possui um orif\u00edcio pr\u00f3ximo \u00e0 parte superior para amarrar a corda, proporcionando uma fixa\u00e7\u00e3o segura para v\u00e1rias aplica\u00e7\u00f5es.<\/p>","protected":false},"featured_media":7475,"comment_status":"open","ping_status":"closed","template":"","meta":{"site-sidebar-layout":"default","site-content-layout":"","ast-site-content-layout":"default","site-content-style":"default","site-sidebar-style":"default","ast-global-header-display":"","ast-banner-title-visibility":"","ast-main-header-display":"","ast-hfb-above-header-display":"","ast-hfb-below-header-display":"","ast-hfb-mobile-header-display":"","site-post-title":"","ast-breadcrumbs-content":"","ast-featured-img":"","footer-sml-layout":"","theme-transparent-header-meta":"default","adv-header-id-meta":"","stick-header-meta":"default","header-above-stick-meta":"","header-main-stick-meta":"","header-below-stick-meta":"","astra-migrate-meta-layouts":"set","ast-page-background-enabled":"default","ast-page-background-meta":{"desktop":{"background-color":"","background-image":"","background-repeat":"repeat","background-position":"center center","background-size":"auto","background-attachment":"scroll","background-type":"","background-media":"","overlay-type":"","overlay-color":"","overlay-opacity":"","overlay-gradient":""},"tablet":{"background-color":"","background-image":"","background-repeat":"repeat","background-position":"center center","background-size":"auto","background-attachment":"scroll","background-type":"","background-media":"","overlay-type":"","overlay-color":"","overlay-opacity":"","overlay-gradient":""},"mobile":{"background-color":"","background-image":"","background-repeat":"repeat","background-position":"center center","background-size":"auto","background-attachment":"scroll","background-type":"","background-media":"","overlay-type":"","overlay-color":"","overlay-opacity":"","overlay-gradient":""}},"ast-content-background-meta":{"desktop":{"background-color":"var(--ast-global-color-5)","background-image":"","background-repeat":"repeat","background-position":"center center","background-size":"auto","background-attachment":"scroll","background-type":"","background-media":"","overlay-type":"","overlay-color":"","overlay-opacity":"","overlay-gradient":""},"tablet":{"background-color":"var(--ast-global-color-5)","background-image":"","background-repeat":"repeat","background-position":"center center","background-size":"auto","background-attachment":"scroll","background-type":"","background-media":"","overlay-type":"","overlay-color":"","overlay-opacity":"","overlay-gradient":""},"mobile":{"background-color":"var(--ast-global-color-5)","background-image":"","background-repeat":"repeat","background-position":"center center","background-size":"auto","background-attachment":"scroll","background-type":"","background-media":"","overlay-type":"","overlay-color":"","overlay-opacity":"","overlay-gradient":""}}},"product_brand":[],"product_cat":[75],"product_tag":[],"class_list":{"0":"post-7473","1":"product","2":"type-product","3":"status-publish","4":"has-post-thumbnail","6":"product_cat-plastic-and-rubber-product","7":"desktop-align-left","8":"tablet-align-left","9":"mobile-align-left","10":"ast-product-gallery-layout-horizontal-slider","11":"ast-product-tabs-layout-horizontal","13":"first","14":"instock","15":"shipping-taxable","16":"purchasable","17":"product-type-simple"},"yoast_head":"<!-- This site is optimized with the Yoast SEO plugin v25.2 - https:\/\/yoast.com\/wordpress\/plugins\/seo\/ -->\n<title>Plastic Groud Stake<\/title>\n<meta name=\"description\" content=\"The plastic ground stake is perfect for securing anchors, tents, nets, tarps, canopies, and garden or patio structures.\" \/>\n<meta name=\"robots\" content=\"index, follow, max-snippet:-1, max-image-preview:large, max-video-preview:-1\" \/>\n<link rel=\"canonical\" href=\"https:\/\/qingdaohf.com\/pt\/produto\/estaca-de-plastico-para-grade\/\" \/>\n<meta property=\"og:locale\" content=\"pt_BR\" \/>\n<meta property=\"og:type\" content=\"article\" \/>\n<meta property=\"og:title\" content=\"Plastic Groud Stake\" \/>\n<meta property=\"og:description\" content=\"The plastic ground stake is perfect for securing anchors, tents, nets, tarps, canopies, and garden or patio structures.\" \/>\n<meta property=\"og:url\" content=\"https:\/\/qingdaohf.com\/pt\/produto\/estaca-de-plastico-para-grade\/\" \/>\n<meta property=\"og:site_name\" content=\"Concrete Form &amp; Rigging Hardware Supplier\" \/>\n<meta property=\"article:publisher\" content=\"https:\/\/www.facebook.com\/qingdaohf\" \/>\n<meta property=\"article:modified_time\" content=\"2025-11-13T01:03:15+00:00\" \/>\n<meta property=\"og:image\" content=\"https:\/\/qingdaohf.com\/wp-content\/uploads\/2024\/06\/plastic-groud-stake-1.webp\" \/>\n\t<meta property=\"og:image:width\" content=\"1000\" \/>\n\t<meta property=\"og:image:height\" content=\"1000\" \/>\n\t<meta property=\"og:image:type\" content=\"image\/webp\" \/>\n<meta name=\"twitter:card\" content=\"summary_large_image\" \/>\n<meta name=\"twitter:label1\" content=\"Est. tempo de leitura\" \/>\n\t<meta name=\"twitter:data1\" content=\"4 minutos\" \/>\n<script type=\"application\/ld+json\" class=\"yoast-schema-graph\">{\"@context\":\"https:\/\/schema.org\",\"@graph\":[{\"@type\":\"WebPage\",\"@id\":\"https:\/\/qingdaohf.com\/product\/plastic-groud-stake\/\",\"url\":\"https:\/\/qingdaohf.com\/product\/plastic-groud-stake\/\",\"name\":\"Plastic Groud Stake\",\"isPartOf\":{\"@id\":\"https:\/\/qingdaohf.com\/bg\/#website\"},\"primaryImageOfPage\":{\"@id\":\"https:\/\/qingdaohf.com\/product\/plastic-groud-stake\/#primaryimage\"},\"image\":{\"@id\":\"https:\/\/qingdaohf.com\/product\/plastic-groud-stake\/#primaryimage\"},\"thumbnailUrl\":\"https:\/\/qingdaohf.com\/wp-content\/uploads\/2024\/06\/plastic-groud-stake-1.webp\",\"datePublished\":\"2024-06-19T03:36:36+00:00\",\"dateModified\":\"2025-11-13T01:03:15+00:00\",\"description\":\"The plastic ground stake is perfect for securing anchors, tents, nets, tarps, canopies, and garden or patio structures.\",\"breadcrumb\":{\"@id\":\"https:\/\/qingdaohf.com\/product\/plastic-groud-stake\/#breadcrumb\"},\"inLanguage\":\"pt-BR\",\"potentialAction\":[{\"@type\":\"ReadAction\",\"target\":[\"https:\/\/qingdaohf.com\/product\/plastic-groud-stake\/\"]}]},{\"@type\":\"ImageObject\",\"inLanguage\":\"pt-BR\",\"@id\":\"https:\/\/qingdaohf.com\/product\/plastic-groud-stake\/#primaryimage\",\"url\":\"https:\/\/qingdaohf.com\/wp-content\/uploads\/2024\/06\/plastic-groud-stake-1.webp\",\"contentUrl\":\"https:\/\/qingdaohf.com\/wp-content\/uploads\/2024\/06\/plastic-groud-stake-1.webp\",\"width\":1000,\"height\":1000,\"caption\":\"plastic groud stake\"},{\"@type\":\"BreadcrumbList\",\"@id\":\"https:\/\/qingdaohf.com\/product\/plastic-groud-stake\/#breadcrumb\",\"itemListElement\":[{\"@type\":\"ListItem\",\"position\":1,\"name\":\"Home\",\"item\":\"https:\/\/qingdaohf.com\/\"},{\"@type\":\"ListItem\",\"position\":2,\"name\":\"Concrete Forming Accessories and Rigging Hardware\",\"item\":\"https:\/\/qingdaohf.com\/bg\/?page_id=944\"},{\"@type\":\"ListItem\",\"position\":3,\"name\":\"Plastic Groud Stake\"}]},{\"@type\":\"WebSite\",\"@id\":\"https:\/\/qingdaohf.com\/bg\/#website\",\"url\":\"https:\/\/qingdaohf.com\/bg\/\",\"name\":\"Concrete Form & Rigging Hardware Supplier\",\"description\":\"\",\"publisher\":{\"@id\":\"https:\/\/qingdaohf.com\/bg\/#organization\"},\"potentialAction\":[{\"@type\":\"SearchAction\",\"target\":{\"@type\":\"EntryPoint\",\"urlTemplate\":\"https:\/\/qingdaohf.com\/bg\/?s={search_term_string}\"},\"query-input\":{\"@type\":\"PropertyValueSpecification\",\"valueRequired\":true,\"valueName\":\"search_term_string\"}}],\"inLanguage\":\"pt-BR\"},{\"@type\":\"Organization\",\"@id\":\"https:\/\/qingdaohf.com\/bg\/#organization\",\"name\":\"Qingdao H&F\",\"url\":\"https:\/\/qingdaohf.com\/bg\/\",\"logo\":{\"@type\":\"ImageObject\",\"inLanguage\":\"pt-BR\",\"@id\":\"https:\/\/qingdaohf.com\/bg\/#\/schema\/logo\/image\/\",\"url\":\"https:\/\/qingdaohf.com\/wp-content\/uploads\/2022\/12\/cropped-HF-LOGO.png\",\"contentUrl\":\"https:\/\/qingdaohf.com\/wp-content\/uploads\/2022\/12\/cropped-HF-LOGO.png\",\"width\":391,\"height\":249,\"caption\":\"Qingdao H&F\"},\"image\":{\"@id\":\"https:\/\/qingdaohf.com\/bg\/#\/schema\/logo\/image\/\"},\"sameAs\":[\"https:\/\/www.facebook.com\/qingdaohf\"]}]}<\/script>\n<!-- \/ Yoast SEO plugin. -->","yoast_head_json":{"title":"Plastic Groud Stake","description":"The plastic ground stake is perfect for securing anchors, tents, nets, tarps, canopies, and garden or patio structures.","robots":{"index":"index","follow":"follow","max-snippet":"max-snippet:-1","max-image-preview":"max-image-preview:large","max-video-preview":"max-video-preview:-1"},"canonical":"https:\/\/qingdaohf.com\/pt\/produto\/estaca-de-plastico-para-grade\/","og_locale":"pt_BR","og_type":"article","og_title":"Plastic Groud Stake","og_description":"The plastic ground stake is perfect for securing anchors, tents, nets, tarps, canopies, and garden or patio structures.","og_url":"https:\/\/qingdaohf.com\/pt\/produto\/estaca-de-plastico-para-grade\/","og_site_name":"Concrete Form &amp; Rigging Hardware Supplier","article_publisher":"https:\/\/www.facebook.com\/qingdaohf","article_modified_time":"2025-11-13T01:03:15+00:00","og_image":[{"width":1000,"height":1000,"url":"https:\/\/qingdaohf.com\/wp-content\/uploads\/2024\/06\/plastic-groud-stake-1.webp","type":"image\/webp"}],"twitter_card":"summary_large_image","twitter_misc":{"Est. tempo de leitura":"4 minutos"},"schema":{"@context":"https:\/\/schema.org","@graph":[{"@type":"WebPage","@id":"https:\/\/qingdaohf.com\/product\/plastic-groud-stake\/","url":"https:\/\/qingdaohf.com\/product\/plastic-groud-stake\/","name":"Plastic Groud Stake","isPartOf":{"@id":"https:\/\/qingdaohf.com\/bg\/#website"},"primaryImageOfPage":{"@id":"https:\/\/qingdaohf.com\/product\/plastic-groud-stake\/#primaryimage"},"image":{"@id":"https:\/\/qingdaohf.com\/product\/plastic-groud-stake\/#primaryimage"},"thumbnailUrl":"https:\/\/qingdaohf.com\/wp-content\/uploads\/2024\/06\/plastic-groud-stake-1.webp","datePublished":"2024-06-19T03:36:36+00:00","dateModified":"2025-11-13T01:03:15+00:00","description":"The plastic ground stake is perfect for securing anchors, tents, nets, tarps, canopies, and garden or patio structures.","breadcrumb":{"@id":"https:\/\/qingdaohf.com\/product\/plastic-groud-stake\/#breadcrumb"},"inLanguage":"pt-BR","potentialAction":[{"@type":"ReadAction","target":["https:\/\/qingdaohf.com\/product\/plastic-groud-stake\/"]}]},{"@type":"ImageObject","inLanguage":"pt-BR","@id":"https:\/\/qingdaohf.com\/product\/plastic-groud-stake\/#primaryimage","url":"https:\/\/qingdaohf.com\/wp-content\/uploads\/2024\/06\/plastic-groud-stake-1.webp","contentUrl":"https:\/\/qingdaohf.com\/wp-content\/uploads\/2024\/06\/plastic-groud-stake-1.webp","width":1000,"height":1000,"caption":"plastic groud stake"},{"@type":"BreadcrumbList","@id":"https:\/\/qingdaohf.com\/product\/plastic-groud-stake\/#breadcrumb","itemListElement":[{"@type":"ListItem","position":1,"name":"Home","item":"https:\/\/qingdaohf.com\/"},{"@type":"ListItem","position":2,"name":"Concrete Forming Accessories and Rigging Hardware","item":"https:\/\/qingdaohf.com\/bg\/?page_id=944"},{"@type":"ListItem","position":3,"name":"Plastic Groud Stake"}]},{"@type":"WebSite","@id":"https:\/\/qingdaohf.com\/bg\/#website","url":"https:\/\/qingdaohf.com\/bg\/","name":"Concrete Form & Rigging Hardware Supplier","description":"","publisher":{"@id":"https:\/\/qingdaohf.com\/bg\/#organization"},"potentialAction":[{"@type":"SearchAction","target":{"@type":"EntryPoint","urlTemplate":"https:\/\/qingdaohf.com\/bg\/?s={search_term_string}"},"query-input":{"@type":"PropertyValueSpecification","valueRequired":true,"valueName":"search_term_string"}}],"inLanguage":"pt-BR"},{"@type":"Organization","@id":"https:\/\/qingdaohf.com\/bg\/#organization","name":"Qingdao H&F","url":"https:\/\/qingdaohf.com\/bg\/","logo":{"@type":"ImageObject","inLanguage":"pt-BR","@id":"https:\/\/qingdaohf.com\/bg\/#\/schema\/logo\/image\/","url":"https:\/\/qingdaohf.com\/wp-content\/uploads\/2022\/12\/cropped-HF-LOGO.png","contentUrl":"https:\/\/qingdaohf.com\/wp-content\/uploads\/2022\/12\/cropped-HF-LOGO.png","width":391,"height":249,"caption":"Qingdao H&F"},"image":{"@id":"https:\/\/qingdaohf.com\/bg\/#\/schema\/logo\/image\/"},"sameAs":["https:\/\/www.facebook.com\/qingdaohf"]}]}},"_links":{"self":[{"href":"https:\/\/qingdaohf.com\/pt\/wp-json\/wp\/v2\/product\/7473","targetHints":{"allow":["GET"]}}],"collection":[{"href":"https:\/\/qingdaohf.com\/pt\/wp-json\/wp\/v2\/product"}],"about":[{"href":"https:\/\/qingdaohf.com\/pt\/wp-json\/wp\/v2\/types\/product"}],"replies":[{"embeddable":true,"href":"https:\/\/qingdaohf.com\/pt\/wp-json\/wp\/v2\/comments?post=7473"}],"version-history":[{"count":2,"href":"https:\/\/qingdaohf.com\/pt\/wp-json\/wp\/v2\/product\/7473\/revisions"}],"predecessor-version":[{"id":7479,"href":"https:\/\/qingdaohf.com\/pt\/wp-json\/wp\/v2\/product\/7473\/revisions\/7479"}],"wp:featuredmedia":[{"embeddable":true,"href":"https:\/\/qingdaohf.com\/pt\/wp-json\/wp\/v2\/media\/7475"}],"wp:attachment":[{"href":"https:\/\/qingdaohf.com\/pt\/wp-json\/wp\/v2\/media?parent=7473"}],"wp:term":[{"taxonomy":"product_brand","embeddable":true,"href":"https:\/\/qingdaohf.com\/pt\/wp-json\/wp\/v2\/product_brand?post=7473"},{"taxonomy":"product_cat","embeddable":true,"href":"https:\/\/qingdaohf.com\/pt\/wp-json\/wp\/v2\/product_cat?post=7473"},{"taxonomy":"product_tag","embeddable":true,"href":"https:\/\/qingdaohf.com\/pt\/wp-json\/wp\/v2\/product_tag?post=7473"}],"curies":[{"name":"wp","href":"https:\/\/api.w.org\/{rel}","templated":true}]}}