{"id":7606,"date":"2024-07-29T17:54:40","date_gmt":"2024-07-29T09:54:40","guid":{"rendered":"http:\/\/qingdaohf.com\/?post_type=product&#038;p=7606"},"modified":"2025-11-13T09:03:14","modified_gmt":"2025-11-13T01:03:14","slug":"metal-garden-stake","status":"publish","type":"product","link":"https:\/\/qingdaohf.com\/pt\/produto\/estaca-de-metal-para-jardim\/","title":{"rendered":"Poste de metal para estacas de jardim com revestimento de pl\u00e1stico verde"},"content":{"rendered":"<p>O poste de metal para estacas de jardim com revestimento de pl\u00e1stico verde \u00e9 uma ferramenta indispens\u00e1vel para qualquer pessoa que queira manter um jardim bem organizado. Essa estaca vers\u00e1til combina resist\u00eancia com um design elegante e pr\u00e1tico para oferecer um suporte inigual\u00e1vel para v\u00e1rias necessidades de jardinagem.<\/p>\n<p>O n\u00facleo de metal da estaca proporciona durabilidade excepcional, tornando-a robusta o suficiente para suportar condi\u00e7\u00f5es clim\u00e1ticas adversas e uso pesado. O revestimento de pl\u00e1stico verde acrescenta uma camada extra de prote\u00e7\u00e3o contra ferrugem e corros\u00e3o, garantindo que a estaca permane\u00e7a em excelentes condi\u00e7\u00f5es mesmo ap\u00f3s exposi\u00e7\u00e3o prolongada aos elementos. Esse revestimento tamb\u00e9m oferece uma apar\u00eancia visualmente agrad\u00e1vel, permitindo que a estaca se misture perfeitamente com as cores vibrantes de seu jardim.<\/p>\n<p>Uma das principais aplica\u00e7\u00f5es do poste met\u00e1lico para estacas de jardim \u00e9 sua fun\u00e7\u00e3o de apoio \u00e0s plantas. Seja no cultivo de tomates, pe\u00f4nias ou rosas trepadeiras, a estaca fornece uma estrutura de suporte confi\u00e1vel que ajuda as plantas a crescerem eretas e saud\u00e1veis. Ao evitar que as plantas se dobrem ou quebrem sob seu pr\u00f3prio peso ou devido a fatores externos como o vento, essa estaca promove o crescimento ideal e ajuda a manter a sa\u00fade geral de seu jardim.<\/p>\n<p>Al\u00e9m de apoiar as plantas, a estaca de metal para jardim tamb\u00e9m pode ser usada para fixar estruturas de jardim, como treli\u00e7as e redes. Para os jardineiros que usam treli\u00e7as para apoiar plantas trepadeiras, como feij\u00f5es ou pepinos, essa estaca oferece um ponto de ancoragem est\u00e1vel. Seu n\u00facleo met\u00e1lico forte e o revestimento pl\u00e1stico seguro garantem que a treli\u00e7a permane\u00e7a firme no lugar, mesmo durante ventos fortes ou chuvas intensas.<\/p>\n<p>A facilidade de instala\u00e7\u00e3o \u00e9 outra vantagem do poste met\u00e1lico para estacas de jardim. Com um simples empurr\u00e3o no solo, a estaca \u00e9 rapidamente instalada, permitindo que voc\u00ea se concentre mais em desfrutar do seu jardim em vez de se preocupar com configura\u00e7\u00f5es complexas. O revestimento de pl\u00e1stico verde facilita a inser\u00e7\u00e3o no solo sem causar danos ao solo ou \u00e0s plantas ao redor. Esse recurso \u00e9 particularmente ben\u00e9fico para jardineiros que desejam evitar perturbar os sistemas de ra\u00edzes das plantas existentes.<\/p>\n<p>O poste de metal para estacas de jardim tamb\u00e9m foi projetado tendo em mente a versatilidade. Ele est\u00e1 dispon\u00edvel em v\u00e1rios tamanhos para atender a diferentes necessidades de jardinagem. Se voc\u00ea precisa de uma estaca mais curta para pequenos vasos de plantas ou mais alta para canteiros de jardim maiores, h\u00e1 um tamanho que atender\u00e1 \u00e0s suas necessidades. Essa flexibilidade a torna a op\u00e7\u00e3o ideal para projetos de jardinagem de pequena escala e extensos.<\/p>\n<p>Para os jardineiros que gostam de est\u00e9tica, o revestimento de pl\u00e1stico verde n\u00e3o s\u00f3 oferece benef\u00edcios funcionais, mas tamb\u00e9m melhora o apelo visual do jardim. A cor do revestimento se mistura facilmente com a folhagem, tornando a estaca menos vis\u00edvel e permitindo que suas plantas ocupem o centro do palco. Essa integra\u00e7\u00e3o sutil ao design do jardim garante que o foco permane\u00e7a na beleza natural das plantas e n\u00e3o nos suportes e estruturas do jardim.<\/p>\n<p>Al\u00e9m disso, o poste de estaca de metal para jardim com revestimento de pl\u00e1stico verde \u00e9 uma excelente ferramenta para tarefas de jardinagem sazonais. Durante a esta\u00e7\u00e3o de crescimento, ela fornece suporte essencial \u00e0s plantas jovens, garantindo que elas cres\u00e7am na dire\u00e7\u00e3o desejada. \u00c0 medida que as esta\u00e7\u00f5es mudam e as plantas amadurecem, a estaca continua a oferecer estabilidade, ajudando a manter um jardim organizado e bem apoiado durante todo o ano.<\/p>\n<p>A manuten\u00e7\u00e3o do poste de metal para estacas de jardim \u00e9 m\u00ednima. O revestimento de pl\u00e1stico ajuda a evitar o ac\u00famulo de sujeira e fuligem, facilitando a limpeza. Basta limpar a superf\u00edcie com um pano \u00famido para remover qualquer detrito ou res\u00edduo. Esse aspecto de baixa manuten\u00e7\u00e3o \u00e9 particularmente vantajoso para jardineiros que preferem passar mais tempo desfrutando de seus jardins em vez de cuidar das ferramentas de jardinagem.<\/p>\n<p>Outra caracter\u00edstica importante da estaca met\u00e1lica para jardim \u00e9 sua compatibilidade com o meio ambiente. Ao usar essa estaca, voc\u00ea contribui para pr\u00e1ticas sustent\u00e1veis de jardinagem. A longevidade do n\u00facleo de metal, combinada com o revestimento protetor, garante que a estaca permane\u00e7a em uso por muitos anos, reduzindo a necessidade de substitui\u00e7\u00f5es frequentes e minimizando o desperd\u00edcio.<\/p>\n<p>Concluindo, o poste de metal para estacas de jardim com revestimento de pl\u00e1stico verde \u00e9 uma ferramenta essencial para qualquer jardineiro que queira melhorar o suporte e a organiza\u00e7\u00e3o de seu jardim. Sua combina\u00e7\u00e3o de resist\u00eancia, durabilidade e apelo est\u00e9tico a torna uma op\u00e7\u00e3o vers\u00e1til para apoiar uma grande variedade de plantas e estruturas. Quer voc\u00ea seja um jardineiro profissional ou um amador, essa estaca aumentar\u00e1 a funcionalidade e o apelo visual do seu jardim. Invista no Metal Garden Stake Pole e experimente os benef\u00edcios de um jardim bem apoiado e organizado.<\/p>","protected":false},"excerpt":{"rendered":"<p>Eleve a est\u00e9tica e a funcionalidade de seu jardim com nossa estaca de metal para jardim com revestimento de pl\u00e1stico verde. Projetada para ser dur\u00e1vel e f\u00e1cil de usar, essa estaca \u00e9 perfeita para apoiar plantas, flores e estruturas de jardim. O revestimento de pl\u00e1stico verde n\u00e3o s\u00f3 aumenta a resist\u00eancia da estaca contra os elementos, mas tamb\u00e9m combina perfeitamente com o ambiente natural do seu jardim. Ideal tanto para jardineiros profissionais quanto para amadores, essa estaca garante que seu jardim permane\u00e7a limpo e bem apoiado.<\/p>","protected":false},"featured_media":7792,"comment_status":"open","ping_status":"closed","template":"","meta":{"site-sidebar-layout":"default","site-content-layout":"","ast-site-content-layout":"default","site-content-style":"default","site-sidebar-style":"default","ast-global-header-display":"","ast-banner-title-visibility":"","ast-main-header-display":"","ast-hfb-above-header-display":"","ast-hfb-below-header-display":"","ast-hfb-mobile-header-display":"","site-post-title":"","ast-breadcrumbs-content":"","ast-featured-img":"","footer-sml-layout":"","theme-transparent-header-meta":"default","adv-header-id-meta":"","stick-header-meta":"default","header-above-stick-meta":"","header-main-stick-meta":"","header-below-stick-meta":"","astra-migrate-meta-layouts":"set","ast-page-background-enabled":"default","ast-page-background-meta":{"desktop":{"background-color":"","background-image":"","background-repeat":"repeat","background-position":"center center","background-size":"auto","background-attachment":"scroll","background-type":"","background-media":"","overlay-type":"","overlay-color":"","overlay-opacity":"","overlay-gradient":""},"tablet":{"background-color":"","background-image":"","background-repeat":"repeat","background-position":"center center","background-size":"auto","background-attachment":"scroll","background-type":"","background-media":"","overlay-type":"","overlay-color":"","overlay-opacity":"","overlay-gradient":""},"mobile":{"background-color":"","background-image":"","background-repeat":"repeat","background-position":"center center","background-size":"auto","background-attachment":"scroll","background-type":"","background-media":"","overlay-type":"","overlay-color":"","overlay-opacity":"","overlay-gradient":""}},"ast-content-background-meta":{"desktop":{"background-color":"var(--ast-global-color-5)","background-image":"","background-repeat":"repeat","background-position":"center center","background-size":"auto","background-attachment":"scroll","background-type":"","background-media":"","overlay-type":"","overlay-color":"","overlay-opacity":"","overlay-gradient":""},"tablet":{"background-color":"var(--ast-global-color-5)","background-image":"","background-repeat":"repeat","background-position":"center center","background-size":"auto","background-attachment":"scroll","background-type":"","background-media":"","overlay-type":"","overlay-color":"","overlay-opacity":"","overlay-gradient":""},"mobile":{"background-color":"var(--ast-global-color-5)","background-image":"","background-repeat":"repeat","background-position":"center center","background-size":"auto","background-attachment":"scroll","background-type":"","background-media":"","overlay-type":"","overlay-color":"","overlay-opacity":"","overlay-gradient":""}}},"product_brand":[],"product_cat":[50],"product_tag":[],"class_list":{"0":"post-7606","1":"product","2":"type-product","3":"status-publish","4":"has-post-thumbnail","6":"product_cat-concrete-form-accessories","7":"desktop-align-left","8":"tablet-align-left","9":"mobile-align-left","10":"ast-product-gallery-layout-horizontal-slider","11":"ast-product-tabs-layout-horizontal","13":"first","14":"instock","15":"shipping-taxable","16":"purchasable","17":"product-type-simple"},"yoast_head":"<!-- This site is optimized with the Yoast SEO plugin v25.2 - https:\/\/yoast.com\/wordpress\/plugins\/seo\/ -->\n<title>Metal Garden Stake Pole with Green Plastic Coating<\/title>\n<meta name=\"description\" content=\"Elevate your garden\u2019s aesthetic and functionality with our Metal Garden Stake Pole with Green Plastic Coating.\" \/>\n<meta name=\"robots\" content=\"index, follow, max-snippet:-1, max-image-preview:large, max-video-preview:-1\" \/>\n<link rel=\"canonical\" href=\"https:\/\/qingdaohf.com\/pt\/produto\/estaca-de-metal-para-jardim\/\" \/>\n<meta property=\"og:locale\" content=\"pt_BR\" \/>\n<meta property=\"og:type\" content=\"article\" \/>\n<meta property=\"og:title\" content=\"Metal Garden Stake Pole with Green Plastic Coating\" \/>\n<meta property=\"og:description\" content=\"Elevate your garden\u2019s aesthetic and functionality with our Metal Garden Stake Pole with Green Plastic Coating.\" \/>\n<meta property=\"og:url\" content=\"https:\/\/qingdaohf.com\/pt\/produto\/estaca-de-metal-para-jardim\/\" \/>\n<meta property=\"og:site_name\" content=\"Concrete Form &amp; Rigging Hardware Supplier\" \/>\n<meta property=\"article:publisher\" content=\"https:\/\/www.facebook.com\/qingdaohf\" \/>\n<meta property=\"article:modified_time\" content=\"2025-11-13T01:03:14+00:00\" \/>\n<meta property=\"og:image\" content=\"https:\/\/qingdaohf.com\/wp-content\/uploads\/2024\/07\/garden-stake.jpg\" \/>\n\t<meta property=\"og:image:width\" content=\"800\" \/>\n\t<meta property=\"og:image:height\" content=\"800\" \/>\n\t<meta property=\"og:image:type\" content=\"image\/jpeg\" \/>\n<meta name=\"twitter:card\" content=\"summary_large_image\" \/>\n<meta name=\"twitter:label1\" content=\"Est. tempo de leitura\" \/>\n\t<meta name=\"twitter:data1\" content=\"4 minutos\" \/>\n<script type=\"application\/ld+json\" class=\"yoast-schema-graph\">{\"@context\":\"https:\/\/schema.org\",\"@graph\":[{\"@type\":\"WebPage\",\"@id\":\"https:\/\/qingdaohf.com\/product\/metal-garden-stake\/\",\"url\":\"https:\/\/qingdaohf.com\/product\/metal-garden-stake\/\",\"name\":\"Metal Garden Stake Pole with Green Plastic Coating\",\"isPartOf\":{\"@id\":\"https:\/\/qingdaohf.com\/bg\/#website\"},\"primaryImageOfPage\":{\"@id\":\"https:\/\/qingdaohf.com\/product\/metal-garden-stake\/#primaryimage\"},\"image\":{\"@id\":\"https:\/\/qingdaohf.com\/product\/metal-garden-stake\/#primaryimage\"},\"thumbnailUrl\":\"https:\/\/qingdaohf.com\/wp-content\/uploads\/2024\/07\/garden-stake.jpg\",\"datePublished\":\"2024-07-29T09:54:40+00:00\",\"dateModified\":\"2025-11-13T01:03:14+00:00\",\"description\":\"Elevate your garden\u2019s aesthetic and functionality with our Metal Garden Stake Pole with Green Plastic Coating.\",\"breadcrumb\":{\"@id\":\"https:\/\/qingdaohf.com\/product\/metal-garden-stake\/#breadcrumb\"},\"inLanguage\":\"pt-BR\",\"potentialAction\":[{\"@type\":\"ReadAction\",\"target\":[\"https:\/\/qingdaohf.com\/product\/metal-garden-stake\/\"]}]},{\"@type\":\"ImageObject\",\"inLanguage\":\"pt-BR\",\"@id\":\"https:\/\/qingdaohf.com\/product\/metal-garden-stake\/#primaryimage\",\"url\":\"https:\/\/qingdaohf.com\/wp-content\/uploads\/2024\/07\/garden-stake.jpg\",\"contentUrl\":\"https:\/\/qingdaohf.com\/wp-content\/uploads\/2024\/07\/garden-stake.jpg\",\"width\":800,\"height\":800,\"caption\":\"garden stake\"},{\"@type\":\"BreadcrumbList\",\"@id\":\"https:\/\/qingdaohf.com\/product\/metal-garden-stake\/#breadcrumb\",\"itemListElement\":[{\"@type\":\"ListItem\",\"position\":1,\"name\":\"Home\",\"item\":\"https:\/\/qingdaohf.com\/\"},{\"@type\":\"ListItem\",\"position\":2,\"name\":\"Concrete Forming Accessories and Rigging Hardware\",\"item\":\"https:\/\/qingdaohf.com\/bg\/?page_id=944\"},{\"@type\":\"ListItem\",\"position\":3,\"name\":\"Metal Garden Stake Pole with Green Plastic Coating\"}]},{\"@type\":\"WebSite\",\"@id\":\"https:\/\/qingdaohf.com\/bg\/#website\",\"url\":\"https:\/\/qingdaohf.com\/bg\/\",\"name\":\"Concrete Form & Rigging Hardware Supplier\",\"description\":\"\",\"publisher\":{\"@id\":\"https:\/\/qingdaohf.com\/bg\/#organization\"},\"potentialAction\":[{\"@type\":\"SearchAction\",\"target\":{\"@type\":\"EntryPoint\",\"urlTemplate\":\"https:\/\/qingdaohf.com\/bg\/?s={search_term_string}\"},\"query-input\":{\"@type\":\"PropertyValueSpecification\",\"valueRequired\":true,\"valueName\":\"search_term_string\"}}],\"inLanguage\":\"pt-BR\"},{\"@type\":\"Organization\",\"@id\":\"https:\/\/qingdaohf.com\/bg\/#organization\",\"name\":\"Qingdao H&F\",\"url\":\"https:\/\/qingdaohf.com\/bg\/\",\"logo\":{\"@type\":\"ImageObject\",\"inLanguage\":\"pt-BR\",\"@id\":\"https:\/\/qingdaohf.com\/bg\/#\/schema\/logo\/image\/\",\"url\":\"https:\/\/qingdaohf.com\/wp-content\/uploads\/2022\/12\/cropped-HF-LOGO.png\",\"contentUrl\":\"https:\/\/qingdaohf.com\/wp-content\/uploads\/2022\/12\/cropped-HF-LOGO.png\",\"width\":391,\"height\":249,\"caption\":\"Qingdao H&F\"},\"image\":{\"@id\":\"https:\/\/qingdaohf.com\/bg\/#\/schema\/logo\/image\/\"},\"sameAs\":[\"https:\/\/www.facebook.com\/qingdaohf\"]}]}<\/script>\n<!-- \/ Yoast SEO plugin. -->","yoast_head_json":{"title":"Metal Garden Stake Pole with Green Plastic Coating","description":"Elevate your garden\u2019s aesthetic and functionality with our Metal Garden Stake Pole with Green Plastic Coating.","robots":{"index":"index","follow":"follow","max-snippet":"max-snippet:-1","max-image-preview":"max-image-preview:large","max-video-preview":"max-video-preview:-1"},"canonical":"https:\/\/qingdaohf.com\/pt\/produto\/estaca-de-metal-para-jardim\/","og_locale":"pt_BR","og_type":"article","og_title":"Metal Garden Stake Pole with Green Plastic Coating","og_description":"Elevate your garden\u2019s aesthetic and functionality with our Metal Garden Stake Pole with Green Plastic Coating.","og_url":"https:\/\/qingdaohf.com\/pt\/produto\/estaca-de-metal-para-jardim\/","og_site_name":"Concrete Form &amp; Rigging Hardware Supplier","article_publisher":"https:\/\/www.facebook.com\/qingdaohf","article_modified_time":"2025-11-13T01:03:14+00:00","og_image":[{"width":800,"height":800,"url":"https:\/\/qingdaohf.com\/wp-content\/uploads\/2024\/07\/garden-stake.jpg","type":"image\/jpeg"}],"twitter_card":"summary_large_image","twitter_misc":{"Est. tempo de leitura":"4 minutos"},"schema":{"@context":"https:\/\/schema.org","@graph":[{"@type":"WebPage","@id":"https:\/\/qingdaohf.com\/product\/metal-garden-stake\/","url":"https:\/\/qingdaohf.com\/product\/metal-garden-stake\/","name":"Metal Garden Stake Pole with Green Plastic Coating","isPartOf":{"@id":"https:\/\/qingdaohf.com\/bg\/#website"},"primaryImageOfPage":{"@id":"https:\/\/qingdaohf.com\/product\/metal-garden-stake\/#primaryimage"},"image":{"@id":"https:\/\/qingdaohf.com\/product\/metal-garden-stake\/#primaryimage"},"thumbnailUrl":"https:\/\/qingdaohf.com\/wp-content\/uploads\/2024\/07\/garden-stake.jpg","datePublished":"2024-07-29T09:54:40+00:00","dateModified":"2025-11-13T01:03:14+00:00","description":"Elevate your garden\u2019s aesthetic and functionality with our Metal Garden Stake Pole with Green Plastic Coating.","breadcrumb":{"@id":"https:\/\/qingdaohf.com\/product\/metal-garden-stake\/#breadcrumb"},"inLanguage":"pt-BR","potentialAction":[{"@type":"ReadAction","target":["https:\/\/qingdaohf.com\/product\/metal-garden-stake\/"]}]},{"@type":"ImageObject","inLanguage":"pt-BR","@id":"https:\/\/qingdaohf.com\/product\/metal-garden-stake\/#primaryimage","url":"https:\/\/qingdaohf.com\/wp-content\/uploads\/2024\/07\/garden-stake.jpg","contentUrl":"https:\/\/qingdaohf.com\/wp-content\/uploads\/2024\/07\/garden-stake.jpg","width":800,"height":800,"caption":"garden stake"},{"@type":"BreadcrumbList","@id":"https:\/\/qingdaohf.com\/product\/metal-garden-stake\/#breadcrumb","itemListElement":[{"@type":"ListItem","position":1,"name":"Home","item":"https:\/\/qingdaohf.com\/"},{"@type":"ListItem","position":2,"name":"Concrete Forming Accessories and Rigging Hardware","item":"https:\/\/qingdaohf.com\/bg\/?page_id=944"},{"@type":"ListItem","position":3,"name":"Metal Garden Stake Pole with Green Plastic Coating"}]},{"@type":"WebSite","@id":"https:\/\/qingdaohf.com\/bg\/#website","url":"https:\/\/qingdaohf.com\/bg\/","name":"Concrete Form & Rigging Hardware Supplier","description":"","publisher":{"@id":"https:\/\/qingdaohf.com\/bg\/#organization"},"potentialAction":[{"@type":"SearchAction","target":{"@type":"EntryPoint","urlTemplate":"https:\/\/qingdaohf.com\/bg\/?s={search_term_string}"},"query-input":{"@type":"PropertyValueSpecification","valueRequired":true,"valueName":"search_term_string"}}],"inLanguage":"pt-BR"},{"@type":"Organization","@id":"https:\/\/qingdaohf.com\/bg\/#organization","name":"Qingdao H&F","url":"https:\/\/qingdaohf.com\/bg\/","logo":{"@type":"ImageObject","inLanguage":"pt-BR","@id":"https:\/\/qingdaohf.com\/bg\/#\/schema\/logo\/image\/","url":"https:\/\/qingdaohf.com\/wp-content\/uploads\/2022\/12\/cropped-HF-LOGO.png","contentUrl":"https:\/\/qingdaohf.com\/wp-content\/uploads\/2022\/12\/cropped-HF-LOGO.png","width":391,"height":249,"caption":"Qingdao H&F"},"image":{"@id":"https:\/\/qingdaohf.com\/bg\/#\/schema\/logo\/image\/"},"sameAs":["https:\/\/www.facebook.com\/qingdaohf"]}]}},"_links":{"self":[{"href":"https:\/\/qingdaohf.com\/pt\/wp-json\/wp\/v2\/product\/7606","targetHints":{"allow":["GET"]}}],"collection":[{"href":"https:\/\/qingdaohf.com\/pt\/wp-json\/wp\/v2\/product"}],"about":[{"href":"https:\/\/qingdaohf.com\/pt\/wp-json\/wp\/v2\/types\/product"}],"replies":[{"embeddable":true,"href":"https:\/\/qingdaohf.com\/pt\/wp-json\/wp\/v2\/comments?post=7606"}],"version-history":[{"count":1,"href":"https:\/\/qingdaohf.com\/pt\/wp-json\/wp\/v2\/product\/7606\/revisions"}],"predecessor-version":[{"id":7612,"href":"https:\/\/qingdaohf.com\/pt\/wp-json\/wp\/v2\/product\/7606\/revisions\/7612"}],"wp:featuredmedia":[{"embeddable":true,"href":"https:\/\/qingdaohf.com\/pt\/wp-json\/wp\/v2\/media\/7792"}],"wp:attachment":[{"href":"https:\/\/qingdaohf.com\/pt\/wp-json\/wp\/v2\/media?parent=7606"}],"wp:term":[{"taxonomy":"product_brand","embeddable":true,"href":"https:\/\/qingdaohf.com\/pt\/wp-json\/wp\/v2\/product_brand?post=7606"},{"taxonomy":"product_cat","embeddable":true,"href":"https:\/\/qingdaohf.com\/pt\/wp-json\/wp\/v2\/product_cat?post=7606"},{"taxonomy":"product_tag","embeddable":true,"href":"https:\/\/qingdaohf.com\/pt\/wp-json\/wp\/v2\/product_tag?post=7606"}],"curies":[{"name":"wp","href":"https:\/\/api.w.org\/{rel}","templated":true}]}}