{"id":8075,"date":"2024-10-16T11:55:09","date_gmt":"2024-10-16T03:55:09","guid":{"rendered":"http:\/\/qingdaohf.com\/?post_type=product&#038;p=8075"},"modified":"2025-11-13T09:03:13","modified_gmt":"2025-11-13T01:03:13","slug":"air-vent-grille-covers","status":"publish","type":"product","link":"https:\/\/qingdaohf.com\/pt\/produto\/tampas-da-grade-da-saida-de-ar\/","title":{"rendered":"Tampas da grade de ventila\u00e7\u00e3o"},"content":{"rendered":"<p>As tampas das grades de ventila\u00e7\u00e3o desempenham um papel fundamental na manuten\u00e7\u00e3o de um ambiente interno confort\u00e1vel e saud\u00e1vel. Muitas vezes negligenciados, esses componentes s\u00e3o essenciais para regular o fluxo de ar, minimizar o ac\u00famulo de poeira e contribuir para a efici\u00eancia geral de um sistema de ventila\u00e7\u00e3o. Nossas tampas de grade de ventila\u00e7\u00e3o s\u00e3o projetadas tendo em mente a funcionalidade e o estilo, oferecendo um equil\u00edbrio perfeito entre desempenho e apelo visual para diversos ambientes.<\/p>\n<h3>Aprimoramento da qualidade e do conforto do ar interno<\/h3>\n<p>A boa circula\u00e7\u00e3o de ar \u00e9 a base de qualquer espa\u00e7o bem conservado, seja em uma casa aconchegante ou em um pr\u00e9dio comercial movimentado. O funcionamento adequado das coberturas das grades de ventila\u00e7\u00e3o garante que o ar circule livremente pelos c\u00f4modos, permitindo que os sistemas de aquecimento, resfriamento e ventila\u00e7\u00e3o operem com efici\u00eancia m\u00e1xima. Com as nossas coberturas de grade de ventila\u00e7\u00e3o, a distribui\u00e7\u00e3o do ar se torna mais consistente, levando a um melhor controle da temperatura e \u00e0 redu\u00e7\u00e3o de pontos quentes ou frios indesejados.<\/p>\n<p>Al\u00e9m de aumentar o conforto, a cobertura da grade correta pode melhorar significativamente a qualidade do ar interno. Ao filtrar as part\u00edculas maiores de poeira e impedir que os detritos entrem nos dutos, essas coberturas ajudam a manter um ambiente mais limpo. Esse benef\u00edcio \u00e9 particularmente valioso em resid\u00eancias com alergias ou problemas respirat\u00f3rios, onde manter um espa\u00e7o livre de poeira pode fazer uma grande diferen\u00e7a. Portanto, investir em coberturas de alta qualidade para as grelhas de ventila\u00e7\u00e3o contribui para um ambiente mais saud\u00e1vel e agrad\u00e1vel.<\/p>\n<h3>Design dur\u00e1vel para um desempenho duradouro<\/h3>\n<p>Uma das caracter\u00edsticas de destaque das nossas coberturas da grade de ventila\u00e7\u00e3o \u00e9 sua constru\u00e7\u00e3o robusta. Fabricadas com materiais de primeira qualidade, essas coberturas s\u00e3o feitas para resistir ao teste do tempo. Ao contr\u00e1rio das op\u00e7\u00f5es padr\u00e3o que podem se desgastar ou degradar rapidamente, nossas coberturas de grade mant\u00eam sua integridade estrutural, mesmo em \u00e1reas com muito tr\u00e1fego de pedestres ou condi\u00e7\u00f5es de temperatura vari\u00e1veis. Essa durabilidade garante que, uma vez instaladas, voc\u00ea pode confiar que essas coberturas proporcionar\u00e3o um desempenho confi\u00e1vel sem a necessidade de substitui\u00e7\u00f5es frequentes.<\/p>\n<p>O design dessas coberturas de grade tamb\u00e9m visa \u00e0 f\u00e1cil manuten\u00e7\u00e3o. Sua superf\u00edcie lisa e as ripas bem projetadas tornam a limpeza um processo descomplicado. Ao minimizar o ac\u00famulo de poeira na pr\u00f3pria cobertura, elas reduzem o tempo e o esfor\u00e7o necess\u00e1rios para a manuten\u00e7\u00e3o. Essa facilidade de manuten\u00e7\u00e3o n\u00e3o apenas mant\u00e9m seu sistema de ventila\u00e7\u00e3o funcionando sem problemas, mas tamb\u00e9m ajuda a prolongar a vida \u00fatil dos componentes do sistema HVAC, evitando entupimentos e inefici\u00eancias.<\/p>\n<p>Al\u00e9m de sua constru\u00e7\u00e3o robusta, nossas tampas de grade de ventila\u00e7\u00e3o v\u00eam em uma variedade de acabamentos, garantindo que se alinhem \u00e0 est\u00e9tica do seu espa\u00e7o. De estilos modernos e elegantes que combinam perfeitamente com interiores contempor\u00e2neos a designs cl\u00e1ssicos que complementam a decora\u00e7\u00e3o tradicional, h\u00e1 uma tampa de grade para atender a todas as prefer\u00eancias. Essa versatilidade faz com que elas sejam uma \u00f3tima op\u00e7\u00e3o tanto para novas constru\u00e7\u00f5es quanto para projetos de reforma.<\/p>\n<h3>Escolha sustent\u00e1vel para um espa\u00e7o ecologicamente correto<\/h3>\n<p>No mundo de hoje, fazer escolhas ecologicamente corretas tornou-se mais importante do que nunca. Nossas coberturas de grade de ventila\u00e7\u00e3o s\u00e3o projetadas com a sustentabilidade em mente, usando materiais que n\u00e3o s\u00e3o apenas dur\u00e1veis, mas tamb\u00e9m ambientalmente respons\u00e1veis. Ao selecionar produtos feitos para durar, voc\u00ea contribui para a redu\u00e7\u00e3o do desperd\u00edcio, pois h\u00e1 menos necessidade de substitui\u00e7\u00f5es frequentes. Essa longevidade se alinha com as metas de minimizar o impacto ambiental e apoiar um futuro mais sustent\u00e1vel.<\/p>\n<p>Al\u00e9m disso, ao aumentar a efici\u00eancia do seu sistema de ventila\u00e7\u00e3o, essas coberturas de grade tamb\u00e9m podem ajudar a reduzir o consumo de energia. A distribui\u00e7\u00e3o eficiente do ar significa que os sistemas de aquecimento e resfriamento n\u00e3o precisam se esfor\u00e7ar tanto para manter a temperatura desejada, resultando em contas de energia mais baixas e menor press\u00e3o sobre o sistema. Em ambientes comerciais, isso pode se traduzir em economia significativa de custos ao longo do tempo, tornando nossas coberturas de grade um investimento inteligente para empresas que buscam otimizar seu uso de energia.<\/p>\n<p>Nosso compromisso com a sustentabilidade vai al\u00e9m do desempenho do produto. Asseguramos que o processo de fabrica\u00e7\u00e3o dessas coberturas para grades de ventila\u00e7\u00e3o cumpra os padr\u00f5es ambientais, minimizando o desperd\u00edcio e usando m\u00e9todos de efici\u00eancia energ\u00e9tica. Essa dedica\u00e7\u00e3o a pr\u00e1ticas ecologicamente corretas faz com que nossas coberturas de grade sejam uma escolha adequada para aqueles que valorizam os princ\u00edpios de constru\u00e7\u00e3o ecol\u00f3gica e desejam incorpor\u00e1-los em seus projetos.<\/p>\n<h3>Ajuste perfeito para espa\u00e7os residenciais e comerciais<\/h3>\n<p>Se estiver atualizando a ventila\u00e7\u00e3o de uma casa, escrit\u00f3rio ou espa\u00e7o comercial, nossas tampas de grade de ventila\u00e7\u00e3o s\u00e3o projetadas para atender \u00e0s demandas de v\u00e1rios ambientes. Em ambientes residenciais, elas oferecem uma maneira sutil, por\u00e9m elegante, de melhorar o fluxo de ar, combinando perfeitamente com o design de interiores. As fam\u00edlias podem aproveitar os benef\u00edcios da melhor qualidade do ar, especialmente em salas de estar, quartos e outras \u00e1reas de uso intenso, onde \u00e9 essencial manter uma atmosfera confort\u00e1vel.<\/p>\n<p>Em espa\u00e7os comerciais, como pr\u00e9dios de escrit\u00f3rios ou lojas de varejo, a ventila\u00e7\u00e3o desempenha um papel fundamental para garantir o conforto de funcion\u00e1rios e clientes. Nossas coberturas de grade oferecem uma solu\u00e7\u00e3o eficiente para gerenciar o fluxo de ar, ajudando a manter um ambiente fresco e convidativo. Seu design dur\u00e1vel garante que elas possam lidar com as demandas de \u00e1reas de alto tr\u00e1fego, enquanto seu visual moderno contribui para uma apar\u00eancia profissional e polida.<\/p>\n<p>Al\u00e9m disso, nossas coberturas de grade de ventila\u00e7\u00e3o est\u00e3o dispon\u00edveis em v\u00e1rios tamanhos, garantindo um ajuste perfeito para qualquer abertura de duto. As op\u00e7\u00f5es de personaliza\u00e7\u00e3o tamb\u00e9m est\u00e3o dispon\u00edveis, permitindo que voc\u00ea selecione o tamanho e o acabamento que melhor atendam \u00e0s suas necessidades espec\u00edficas. Essa adaptabilidade garante que toda instala\u00e7\u00e3o seja perfeita, sem a necessidade de ajustes ou modifica\u00e7\u00f5es adicionais. Isso tamb\u00e9m significa que voc\u00ea pode obter uma apar\u00eancia consistente em todo o seu espa\u00e7o, melhorando a coes\u00e3o geral do seu design de interiores.<\/p>\n<h3>Aproveite os benef\u00edcios das solu\u00e7\u00f5es de ventila\u00e7\u00e3o superiores<\/h3>\n<p>Investir em nossas coberturas de grade de ventila\u00e7\u00e3o oferece mais do que apenas uma atualiza\u00e7\u00e3o cosm\u00e9tica - oferece um aprimoramento funcional para todo o seu sistema de ventila\u00e7\u00e3o. A escolha de coberturas de grade de alta qualidade pode influenciar a efici\u00eancia do movimento do ar, a limpeza do seu espa\u00e7o e at\u00e9 mesmo a longevidade do seu sistema HVAC. Nossos produtos atendem a todas essas necessidades, o que os torna um complemento valioso para qualquer resid\u00eancia ou empresa.<\/p>\n<p>Ao escolher nossas coberturas de grelha, voc\u00ea n\u00e3o est\u00e1 apenas priorizando o conforto e o bem-estar das pessoas que usam o seu espa\u00e7o, mas tamb\u00e9m est\u00e1 dando passos em dire\u00e7\u00e3o a um futuro mais sustent\u00e1vel e econ\u00f4mico. Com um fluxo de ar aprimorado e um design que resiste ao teste do tempo, essas coberturas garantem que voc\u00ea possa aproveitar os benef\u00edcios de um sistema de ventila\u00e7\u00e3o otimizado nos pr\u00f3ximos anos. Experimente a diferen\u00e7a que as solu\u00e7\u00f5es de ventila\u00e7\u00e3o de qualidade podem fazer e eleve seu espa\u00e7o com as nossas capas de grade de ventila\u00e7\u00e3o criadas por especialistas.<\/p>\n<p>Nossa dedica\u00e7\u00e3o em fornecer produtos de primeira linha, aliada a um atendimento excepcional ao cliente, garante que sua experi\u00eancia conosco seja tranquila do in\u00edcio ao fim. Entendemos a import\u00e2ncia de um sistema de ventila\u00e7\u00e3o confi\u00e1vel e eficiente, e nossas tampas de grade de ventila\u00e7\u00e3o foram projetadas para oferecer exatamente isso. Com sua combina\u00e7\u00e3o de durabilidade, apelo est\u00e9tico e design sustent\u00e1vel, essas coberturas representam uma escolha inteligente para aqueles que valorizam a qualidade e o desempenho em cada detalhe.<\/p>\n<p>Atualize seu sistema de ventila\u00e7\u00e3o hoje mesmo e descubra como as nossas coberturas de grade de ventila\u00e7\u00e3o podem transformar seu espa\u00e7o em um espa\u00e7o mais confort\u00e1vel, eficiente em termos de energia e elegante. Desde a primeira lufada de ar fresco, voc\u00ea perceber\u00e1 a diferen\u00e7a que as coberturas de grade premium podem fazer, trazendo valor duradouro para a sua casa ou empresa.<\/p>","protected":false},"excerpt":{"rendered":"<p>Atualize seu sistema de ventila\u00e7\u00e3o com nossas tampas de grade de ventila\u00e7\u00e3o de alta qualidade, projetadas para otimizar o fluxo de ar e a est\u00e9tica moderna. Fabricadas com materiais dur\u00e1veis, essas tampas melhoram a circula\u00e7\u00e3o de ar, reduzem o ac\u00famulo de poeira e combinam perfeitamente com qualquer decora\u00e7\u00e3o interna. Ideais para espa\u00e7os residenciais e comerciais, elas garantem um ambiente mais limpo e fresco.<\/p>","protected":false},"featured_media":8080,"comment_status":"open","ping_status":"closed","template":"","meta":{"site-sidebar-layout":"default","site-content-layout":"","ast-site-content-layout":"default","site-content-style":"default","site-sidebar-style":"default","ast-global-header-display":"","ast-banner-title-visibility":"","ast-main-header-display":"","ast-hfb-above-header-display":"","ast-hfb-below-header-display":"","ast-hfb-mobile-header-display":"","site-post-title":"","ast-breadcrumbs-content":"","ast-featured-img":"","footer-sml-layout":"","theme-transparent-header-meta":"default","adv-header-id-meta":"","stick-header-meta":"default","header-above-stick-meta":"","header-main-stick-meta":"","header-below-stick-meta":"","astra-migrate-meta-layouts":"set","ast-page-background-enabled":"default","ast-page-background-meta":{"desktop":{"background-color":"","background-image":"","background-repeat":"repeat","background-position":"center center","background-size":"auto","background-attachment":"scroll","background-type":"","background-media":"","overlay-type":"","overlay-color":"","overlay-opacity":"","overlay-gradient":""},"tablet":{"background-color":"","background-image":"","background-repeat":"repeat","background-position":"center center","background-size":"auto","background-attachment":"scroll","background-type":"","background-media":"","overlay-type":"","overlay-color":"","overlay-opacity":"","overlay-gradient":""},"mobile":{"background-color":"","background-image":"","background-repeat":"repeat","background-position":"center center","background-size":"auto","background-attachment":"scroll","background-type":"","background-media":"","overlay-type":"","overlay-color":"","overlay-opacity":"","overlay-gradient":""}},"ast-content-background-meta":{"desktop":{"background-color":"var(--ast-global-color-5)","background-image":"","background-repeat":"repeat","background-position":"center center","background-size":"auto","background-attachment":"scroll","background-type":"","background-media":"","overlay-type":"","overlay-color":"","overlay-opacity":"","overlay-gradient":""},"tablet":{"background-color":"var(--ast-global-color-5)","background-image":"","background-repeat":"repeat","background-position":"center center","background-size":"auto","background-attachment":"scroll","background-type":"","background-media":"","overlay-type":"","overlay-color":"","overlay-opacity":"","overlay-gradient":""},"mobile":{"background-color":"var(--ast-global-color-5)","background-image":"","background-repeat":"repeat","background-position":"center center","background-size":"auto","background-attachment":"scroll","background-type":"","background-media":"","overlay-type":"","overlay-color":"","overlay-opacity":"","overlay-gradient":""}}},"product_brand":[],"product_cat":[50],"product_tag":[],"class_list":{"0":"post-8075","1":"product","2":"type-product","3":"status-publish","4":"has-post-thumbnail","6":"product_cat-concrete-form-accessories","7":"desktop-align-left","8":"tablet-align-left","9":"mobile-align-left","10":"ast-product-gallery-layout-horizontal-slider","11":"ast-product-tabs-layout-horizontal","13":"first","14":"instock","15":"shipping-taxable","16":"purchasable","17":"product-type-simple"},"yoast_head":"<!-- This site is optimized with the Yoast SEO plugin v25.2 - https:\/\/yoast.com\/wordpress\/plugins\/seo\/ -->\n<title>Air Vent Grille Covers<\/title>\n<meta name=\"robots\" content=\"index, follow, max-snippet:-1, max-image-preview:large, max-video-preview:-1\" \/>\n<link rel=\"canonical\" href=\"https:\/\/qingdaohf.com\/pt\/produto\/tampas-da-grade-da-saida-de-ar\/\" \/>\n<meta property=\"og:locale\" content=\"pt_BR\" \/>\n<meta property=\"og:type\" content=\"article\" \/>\n<meta property=\"og:title\" content=\"Air Vent Grille Covers\" \/>\n<meta property=\"og:description\" content=\"Upgrade your ventilation system with our high-quality Air Vent Grille Covers, designed for optimal airflow and modern aesthetics. Made from durable materials, these covers enhance air circulation, reduce dust buildup, and blend seamlessly with any interior decor. Ideal for both residential and commercial spaces, they ensure a cleaner, fresher environment.\" \/>\n<meta property=\"og:url\" content=\"https:\/\/qingdaohf.com\/pt\/produto\/tampas-da-grade-da-saida-de-ar\/\" \/>\n<meta property=\"og:site_name\" content=\"Concrete Form &amp; Rigging Hardware Supplier\" \/>\n<meta property=\"article:publisher\" content=\"https:\/\/www.facebook.com\/qingdaohf\" \/>\n<meta property=\"article:modified_time\" content=\"2025-11-13T01:03:13+00:00\" \/>\n<meta property=\"og:image\" content=\"https:\/\/qingdaohf.com\/wp-content\/uploads\/2024\/10\/Air-vent-grille-covers-3.webp\" \/>\n\t<meta property=\"og:image:width\" content=\"1000\" \/>\n\t<meta property=\"og:image:height\" content=\"1000\" \/>\n\t<meta property=\"og:image:type\" content=\"image\/webp\" \/>\n<meta name=\"twitter:card\" content=\"summary_large_image\" \/>\n<meta name=\"twitter:label1\" content=\"Est. tempo de leitura\" \/>\n\t<meta name=\"twitter:data1\" content=\"6 minutos\" \/>\n<script type=\"application\/ld+json\" class=\"yoast-schema-graph\">{\"@context\":\"https:\/\/schema.org\",\"@graph\":[{\"@type\":\"WebPage\",\"@id\":\"https:\/\/qingdaohf.com\/product\/air-vent-grille-covers\/\",\"url\":\"https:\/\/qingdaohf.com\/product\/air-vent-grille-covers\/\",\"name\":\"Air Vent Grille Covers\",\"isPartOf\":{\"@id\":\"https:\/\/qingdaohf.com\/bg\/#website\"},\"primaryImageOfPage\":{\"@id\":\"https:\/\/qingdaohf.com\/product\/air-vent-grille-covers\/#primaryimage\"},\"image\":{\"@id\":\"https:\/\/qingdaohf.com\/product\/air-vent-grille-covers\/#primaryimage\"},\"thumbnailUrl\":\"https:\/\/qingdaohf.com\/wp-content\/uploads\/2024\/10\/Air-vent-grille-covers-3.webp\",\"datePublished\":\"2024-10-16T03:55:09+00:00\",\"dateModified\":\"2025-11-13T01:03:13+00:00\",\"breadcrumb\":{\"@id\":\"https:\/\/qingdaohf.com\/product\/air-vent-grille-covers\/#breadcrumb\"},\"inLanguage\":\"pt-BR\",\"potentialAction\":[{\"@type\":\"ReadAction\",\"target\":[\"https:\/\/qingdaohf.com\/product\/air-vent-grille-covers\/\"]}]},{\"@type\":\"ImageObject\",\"inLanguage\":\"pt-BR\",\"@id\":\"https:\/\/qingdaohf.com\/product\/air-vent-grille-covers\/#primaryimage\",\"url\":\"https:\/\/qingdaohf.com\/wp-content\/uploads\/2024\/10\/Air-vent-grille-covers-3.webp\",\"contentUrl\":\"https:\/\/qingdaohf.com\/wp-content\/uploads\/2024\/10\/Air-vent-grille-covers-3.webp\",\"width\":1000,\"height\":1000,\"caption\":\"Air vent grille covers\"},{\"@type\":\"BreadcrumbList\",\"@id\":\"https:\/\/qingdaohf.com\/product\/air-vent-grille-covers\/#breadcrumb\",\"itemListElement\":[{\"@type\":\"ListItem\",\"position\":1,\"name\":\"Home\",\"item\":\"https:\/\/qingdaohf.com\/\"},{\"@type\":\"ListItem\",\"position\":2,\"name\":\"Concrete Forming Accessories and Rigging Hardware\",\"item\":\"https:\/\/qingdaohf.com\/bg\/?page_id=944\"},{\"@type\":\"ListItem\",\"position\":3,\"name\":\"Air Vent Grille Covers\"}]},{\"@type\":\"WebSite\",\"@id\":\"https:\/\/qingdaohf.com\/bg\/#website\",\"url\":\"https:\/\/qingdaohf.com\/bg\/\",\"name\":\"Concrete Form & Rigging Hardware Supplier\",\"description\":\"\",\"publisher\":{\"@id\":\"https:\/\/qingdaohf.com\/bg\/#organization\"},\"potentialAction\":[{\"@type\":\"SearchAction\",\"target\":{\"@type\":\"EntryPoint\",\"urlTemplate\":\"https:\/\/qingdaohf.com\/bg\/?s={search_term_string}\"},\"query-input\":{\"@type\":\"PropertyValueSpecification\",\"valueRequired\":true,\"valueName\":\"search_term_string\"}}],\"inLanguage\":\"pt-BR\"},{\"@type\":\"Organization\",\"@id\":\"https:\/\/qingdaohf.com\/bg\/#organization\",\"name\":\"Qingdao H&F\",\"url\":\"https:\/\/qingdaohf.com\/bg\/\",\"logo\":{\"@type\":\"ImageObject\",\"inLanguage\":\"pt-BR\",\"@id\":\"https:\/\/qingdaohf.com\/bg\/#\/schema\/logo\/image\/\",\"url\":\"https:\/\/qingdaohf.com\/wp-content\/uploads\/2022\/12\/cropped-HF-LOGO.png\",\"contentUrl\":\"https:\/\/qingdaohf.com\/wp-content\/uploads\/2022\/12\/cropped-HF-LOGO.png\",\"width\":391,\"height\":249,\"caption\":\"Qingdao H&F\"},\"image\":{\"@id\":\"https:\/\/qingdaohf.com\/bg\/#\/schema\/logo\/image\/\"},\"sameAs\":[\"https:\/\/www.facebook.com\/qingdaohf\"]}]}<\/script>\n<!-- \/ Yoast SEO plugin. -->","yoast_head_json":{"title":"Air Vent Grille Covers","robots":{"index":"index","follow":"follow","max-snippet":"max-snippet:-1","max-image-preview":"max-image-preview:large","max-video-preview":"max-video-preview:-1"},"canonical":"https:\/\/qingdaohf.com\/pt\/produto\/tampas-da-grade-da-saida-de-ar\/","og_locale":"pt_BR","og_type":"article","og_title":"Air Vent Grille Covers","og_description":"Upgrade your ventilation system with our high-quality Air Vent Grille Covers, designed for optimal airflow and modern aesthetics. Made from durable materials, these covers enhance air circulation, reduce dust buildup, and blend seamlessly with any interior decor. Ideal for both residential and commercial spaces, they ensure a cleaner, fresher environment.","og_url":"https:\/\/qingdaohf.com\/pt\/produto\/tampas-da-grade-da-saida-de-ar\/","og_site_name":"Concrete Form &amp; Rigging Hardware Supplier","article_publisher":"https:\/\/www.facebook.com\/qingdaohf","article_modified_time":"2025-11-13T01:03:13+00:00","og_image":[{"width":1000,"height":1000,"url":"https:\/\/qingdaohf.com\/wp-content\/uploads\/2024\/10\/Air-vent-grille-covers-3.webp","type":"image\/webp"}],"twitter_card":"summary_large_image","twitter_misc":{"Est. tempo de leitura":"6 minutos"},"schema":{"@context":"https:\/\/schema.org","@graph":[{"@type":"WebPage","@id":"https:\/\/qingdaohf.com\/product\/air-vent-grille-covers\/","url":"https:\/\/qingdaohf.com\/product\/air-vent-grille-covers\/","name":"Air Vent Grille Covers","isPartOf":{"@id":"https:\/\/qingdaohf.com\/bg\/#website"},"primaryImageOfPage":{"@id":"https:\/\/qingdaohf.com\/product\/air-vent-grille-covers\/#primaryimage"},"image":{"@id":"https:\/\/qingdaohf.com\/product\/air-vent-grille-covers\/#primaryimage"},"thumbnailUrl":"https:\/\/qingdaohf.com\/wp-content\/uploads\/2024\/10\/Air-vent-grille-covers-3.webp","datePublished":"2024-10-16T03:55:09+00:00","dateModified":"2025-11-13T01:03:13+00:00","breadcrumb":{"@id":"https:\/\/qingdaohf.com\/product\/air-vent-grille-covers\/#breadcrumb"},"inLanguage":"pt-BR","potentialAction":[{"@type":"ReadAction","target":["https:\/\/qingdaohf.com\/product\/air-vent-grille-covers\/"]}]},{"@type":"ImageObject","inLanguage":"pt-BR","@id":"https:\/\/qingdaohf.com\/product\/air-vent-grille-covers\/#primaryimage","url":"https:\/\/qingdaohf.com\/wp-content\/uploads\/2024\/10\/Air-vent-grille-covers-3.webp","contentUrl":"https:\/\/qingdaohf.com\/wp-content\/uploads\/2024\/10\/Air-vent-grille-covers-3.webp","width":1000,"height":1000,"caption":"Air vent grille covers"},{"@type":"BreadcrumbList","@id":"https:\/\/qingdaohf.com\/product\/air-vent-grille-covers\/#breadcrumb","itemListElement":[{"@type":"ListItem","position":1,"name":"Home","item":"https:\/\/qingdaohf.com\/"},{"@type":"ListItem","position":2,"name":"Concrete Forming Accessories and Rigging Hardware","item":"https:\/\/qingdaohf.com\/bg\/?page_id=944"},{"@type":"ListItem","position":3,"name":"Air Vent Grille Covers"}]},{"@type":"WebSite","@id":"https:\/\/qingdaohf.com\/bg\/#website","url":"https:\/\/qingdaohf.com\/bg\/","name":"Concrete Form & Rigging Hardware Supplier","description":"","publisher":{"@id":"https:\/\/qingdaohf.com\/bg\/#organization"},"potentialAction":[{"@type":"SearchAction","target":{"@type":"EntryPoint","urlTemplate":"https:\/\/qingdaohf.com\/bg\/?s={search_term_string}"},"query-input":{"@type":"PropertyValueSpecification","valueRequired":true,"valueName":"search_term_string"}}],"inLanguage":"pt-BR"},{"@type":"Organization","@id":"https:\/\/qingdaohf.com\/bg\/#organization","name":"Qingdao H&F","url":"https:\/\/qingdaohf.com\/bg\/","logo":{"@type":"ImageObject","inLanguage":"pt-BR","@id":"https:\/\/qingdaohf.com\/bg\/#\/schema\/logo\/image\/","url":"https:\/\/qingdaohf.com\/wp-content\/uploads\/2022\/12\/cropped-HF-LOGO.png","contentUrl":"https:\/\/qingdaohf.com\/wp-content\/uploads\/2022\/12\/cropped-HF-LOGO.png","width":391,"height":249,"caption":"Qingdao H&F"},"image":{"@id":"https:\/\/qingdaohf.com\/bg\/#\/schema\/logo\/image\/"},"sameAs":["https:\/\/www.facebook.com\/qingdaohf"]}]}},"_links":{"self":[{"href":"https:\/\/qingdaohf.com\/pt\/wp-json\/wp\/v2\/product\/8075","targetHints":{"allow":["GET"]}}],"collection":[{"href":"https:\/\/qingdaohf.com\/pt\/wp-json\/wp\/v2\/product"}],"about":[{"href":"https:\/\/qingdaohf.com\/pt\/wp-json\/wp\/v2\/types\/product"}],"replies":[{"embeddable":true,"href":"https:\/\/qingdaohf.com\/pt\/wp-json\/wp\/v2\/comments?post=8075"}],"version-history":[{"count":3,"href":"https:\/\/qingdaohf.com\/pt\/wp-json\/wp\/v2\/product\/8075\/revisions"}],"predecessor-version":[{"id":8092,"href":"https:\/\/qingdaohf.com\/pt\/wp-json\/wp\/v2\/product\/8075\/revisions\/8092"}],"wp:featuredmedia":[{"embeddable":true,"href":"https:\/\/qingdaohf.com\/pt\/wp-json\/wp\/v2\/media\/8080"}],"wp:attachment":[{"href":"https:\/\/qingdaohf.com\/pt\/wp-json\/wp\/v2\/media?parent=8075"}],"wp:term":[{"taxonomy":"product_brand","embeddable":true,"href":"https:\/\/qingdaohf.com\/pt\/wp-json\/wp\/v2\/product_brand?post=8075"},{"taxonomy":"product_cat","embeddable":true,"href":"https:\/\/qingdaohf.com\/pt\/wp-json\/wp\/v2\/product_cat?post=8075"},{"taxonomy":"product_tag","embeddable":true,"href":"https:\/\/qingdaohf.com\/pt\/wp-json\/wp\/v2\/product_tag?post=8075"}],"curies":[{"name":"wp","href":"https:\/\/api.w.org\/{rel}","templated":true}]}}