{"id":8178,"date":"2024-10-29T16:45:43","date_gmt":"2024-10-29T08:45:43","guid":{"rendered":"http:\/\/qingdaohf.com\/?post_type=product&#038;p=8178"},"modified":"2025-11-13T09:02:54","modified_gmt":"2025-11-13T01:02:54","slug":"studless-anchor-chain","status":"publish","type":"product","link":"https:\/\/qingdaohf.com\/pt\/produto\/corrente-de-ancoragem-sem-pinos\/","title":{"rendered":"Corrente de \u00e2ncora sem parafusos"},"content":{"rendered":"<h3>As qualidades essenciais das correntes de ancoragem sem parafusos: Constru\u00eddas para serem fortes e resistentes<\/h3>\n<p><img fetchpriority=\"high\" decoding=\"async\" class=\"alignnone size-full wp-image-8169\" src=\"http:\/\/qingdaohf.com\/wp-content\/uploads\/2024\/10\/studless-anchor-chain_2.webp\" alt=\"corrente de ancoragem sem pinos\" width=\"831\" height=\"1087\" srcset=\"https:\/\/qingdaohf.com\/wp-content\/uploads\/2024\/10\/studless-anchor-chain_2.webp 831w, https:\/\/qingdaohf.com\/wp-content\/uploads\/2024\/10\/studless-anchor-chain_2-229x300.webp 229w, https:\/\/qingdaohf.com\/wp-content\/uploads\/2024\/10\/studless-anchor-chain_2-783x1024.webp 783w, https:\/\/qingdaohf.com\/wp-content\/uploads\/2024\/10\/studless-anchor-chain_2-768x1005.webp 768w, https:\/\/qingdaohf.com\/wp-content\/uploads\/2024\/10\/studless-anchor-chain_2-9x12.webp 9w\" sizes=\"(max-width: 831px) 100vw, 831px\" \/><\/p>\n<p>As correntes de ancoragem sem parafusos s\u00e3o essenciais para o setor mar\u00edtimo, onde desempenham o papel fundamental de proteger as embarca\u00e7\u00f5es em uma variedade de ambientes. Seu design prioriza a durabilidade e a funcionalidade, garantindo que possam suportar as rigorosas demandas da amarra\u00e7\u00e3o em alto mar. As correntes sem pinos, diferentemente de suas contrapartes com pinos, t\u00eam elos sem pinos internos, o que as torna mais leves e, muitas vezes, mais flex\u00edveis. Essa caracter\u00edstica \u00e9 especialmente valiosa para aplica\u00e7\u00f5es em que se deseja reduzir o peso e aumentar a flexibilidade. Apesar de sua constru\u00e7\u00e3o mais leve, essas correntes ainda s\u00e3o excepcionalmente fortes, com cada elo criado para suportar cargas imensas e for\u00e7as de alta tens\u00e3o t\u00edpicas da ancoragem mar\u00edtima.<\/p>\n<p>A versatilidade das correntes sem pinos as torna adequadas para v\u00e1rios usos mar\u00edtimos, desde a amarra\u00e7\u00e3o de pequenas embarca\u00e7\u00f5es at\u00e9 aplica\u00e7\u00f5es industriais pesadas. Essas correntes s\u00e3o rigorosamente testadas para atender aos padr\u00f5es internacionais, pois sua confiabilidade \u00e9 fundamental para garantir a seguran\u00e7a das embarca\u00e7\u00f5es e da tripula\u00e7\u00e3o. Devido \u00e0 sua constru\u00e7\u00e3o, elas tamb\u00e9m oferecem um grau impressionante de resist\u00eancia \u00e0 corros\u00e3o e ao desgaste, o que \u00e9 essencial em ambientes salinos e outros ambientes adversos. O design reduz ainda mais as ocorr\u00eancias de enroscamento da corrente, pois sua constru\u00e7\u00e3o uniforme minimiza os pontos de fraqueza. Essa qualidade levou a uma prefer\u00eancia cada vez maior por correntes sem pinos entre engenheiros navais e operadores de embarca\u00e7\u00f5es que buscam durabilidade e confiabilidade em situa\u00e7\u00f5es de alto estresse.<\/p>\n<h3>As vantagens de escolher as correntes de ancoragem sem pinos da Qingdao H&amp;F<\/h3>\n<p>Na Qingdao H&amp;F, temos o compromisso de fornecer aos nossos clientes correntes de ancoragem sem pinos de alta qualidade que atendem a padr\u00f5es rigorosos de seguran\u00e7a, resist\u00eancia e durabilidade. Nossas correntes s\u00e3o submetidas a rigorosos testes de qualidade para garantir o desempenho ideal em v\u00e1rias condi\u00e7\u00f5es. O processo inclui testes de carga de prova, que s\u00e3o essenciais para confirmar que cada corrente pode suportar a tens\u00e3o m\u00e1xima esperada durante o uso. Os compradores est\u00e3o cada vez mais preocupados com a carga de prova, pois ela afeta diretamente a confiabilidade da corrente, especialmente em situa\u00e7\u00f5es de amarra\u00e7\u00e3o desafiadoras.<\/p>\n<p>O que diferencia a Qingdao H&amp;F \u00e9 o nosso compromisso com a satisfa\u00e7\u00e3o e a confiabilidade do cliente. Com mais de 20 anos de experi\u00eancia no setor de com\u00e9rcio B2B, nossa equipe oferece atendimento individualizado e adaptado \u00e0s necessidades exclusivas de cada cliente. Nossos profissionais experientes orientam os clientes em todas as etapas do processo de compra, garantindo que eles encontrem as especifica\u00e7\u00f5es de corrente ideais para atender aos requisitos de seus projetos. Entendemos que a pronta entrega \u00e9 crucial nesse setor e, por isso, enfatizamos a log\u00edstica oportuna para atender \u00e0s necessidades de programa\u00e7\u00e3o de nossos clientes sem compromisso.<\/p>\n<p>Al\u00e9m de nossa s\u00f3lida capacidade de entrega, nossos produtos s\u00e3o respaldados por relat\u00f3rios abrangentes de inspe\u00e7\u00e3o de qualidade. Esses relat\u00f3rios oferecem transpar\u00eancia e garantia, ajudando os clientes a tomar decis\u00f5es de compra informadas. O processo de inspe\u00e7\u00e3o avalia fatores como composi\u00e7\u00e3o do material, resist\u00eancia \u00e0 tra\u00e7\u00e3o e resist\u00eancia \u00e0 corros\u00e3o, que influenciam a vida \u00fatil e o desempenho da corrente. Ao fornecer aos nossos clientes relat\u00f3rios de inspe\u00e7\u00e3o detalhados, permitimos que eles invistam com confian\u00e7a em produtos que atendam aos seus padr\u00f5es de exig\u00eancia.<\/p>\n<h3>Escolhendo as especifica\u00e7\u00f5es corretas: Por que o di\u00e2metro da corrente e a carga de prova s\u00e3o importantes<\/h3>\n<p>Na sele\u00e7\u00e3o de correntes de ancoragem sem pinos, duas especifica\u00e7\u00f5es s\u00e3o particularmente importantes: di\u00e2metro e carga de prova. O di\u00e2metro de cada elo da corrente, medido em polegadas, afeta tanto o peso da corrente quanto sua capacidade de carga. A escolha do di\u00e2metro correto \u00e9 essencial, pois influencia diretamente o desempenho da corrente em aplica\u00e7\u00f5es de ancoragem. Por exemplo, um di\u00e2metro de 1\/2 polegada pode ser adequado para embarca\u00e7\u00f5es leves, enquanto aplica\u00e7\u00f5es industriais pesadas podem exigir correntes com di\u00e2metros de 3\/4 de polegada ou mais.<\/p>\n<p>A carga de prova \u00e9 outro fator cr\u00edtico, representando a carga m\u00e1xima que a corrente pode suportar sem deforma\u00e7\u00e3o permanente. Essa m\u00e9trica \u00e9 crucial para os clientes, pois oferece uma medida clara da capacidade da corrente de lidar com cargas pesadas em condi\u00e7\u00f5es reais. Na Qingdao H&amp;F, oferecemos correntes testadas para exceder as cargas de prova padr\u00e3o do setor, dando aos nossos clientes mais confian\u00e7a em seu desempenho. O teste de carga de prova tamb\u00e9m \u00e9 uma medida valiosa da seguran\u00e7a de uma corrente, pois garante que a corrente manter\u00e1 sua integridade mesmo sob tens\u00e3o s\u00fabita e intensa.<\/p>\n<p>Ao escolher uma corrente de \u00e2ncora sem pinos com di\u00e2metro e carga de prova adequados, os compradores podem garantir o desempenho ideal para suas necessidades espec\u00edficas de amarra\u00e7\u00e3o. Nossa equipe na Qingdao H&amp;F est\u00e1 equipada para orientar os clientes na sele\u00e7\u00e3o das especifica\u00e7\u00f5es ideais, com base em nosso profundo conhecimento dos padr\u00f5es do setor e das propriedades dos materiais para recomendar produtos que se alinhem aos requisitos operacionais de cada cliente.<\/p>\n<h3>Confian\u00e7a em um parceiro comprovado: Por que a Qingdao H&amp;F \u00e9 a escolha preferida<\/h3>\n<p>Para aqueles que buscam correntes de ancoragem sem pinos, a confiabilidade e a experi\u00eancia do fornecedor s\u00e3o fundamentais. Com duas d\u00e9cadas de experi\u00eancia no setor B2B, a Qingdao H&amp;F entende as necessidades complexas dos clientes mar\u00edtimos e industriais. Nosso atendimento individualizado e dedicado significa que cada cliente recebe suporte personalizado, ajudando-o a encontrar as melhores solu\u00e7\u00f5es para suas necessidades de amarra\u00e7\u00e3o e ancoragem. Al\u00e9m disso, nossos rigorosos protocolos de teste garantem que cada produto atenda ou exceda os padr\u00f5es do setor em termos de qualidade e durabilidade.<\/p>\n<p>O compromisso com a qualidade n\u00e3o termina com a venda. A Qingdao H&amp;F oferece suporte p\u00f3s-venda e respostas r\u00e1pidas \u00e0s d\u00favidas dos clientes, aprimorando ainda mais a experi\u00eancia deles. Temos orgulho de nossa capacidade de construir relacionamentos de longo prazo, fornecendo uma fonte confi\u00e1vel de correntes de ancoragem sem pinos de alta qualidade nas quais os clientes podem confiar. Por meio de nosso processo transparente de inspe\u00e7\u00e3o de qualidade e dedica\u00e7\u00e3o \u00e0 pronta entrega, estabelecemos uma reputa\u00e7\u00e3o de excel\u00eancia no setor.<\/p>\n<p>Ao escolher a Qingdao H&amp;F, os clientes se beneficiam n\u00e3o apenas da qualidade superior do produto, mas tamb\u00e9m da garantia que vem com nossos relat\u00f3rios de inspe\u00e7\u00e3o abrangentes e orienta\u00e7\u00e3o especializada. Ao olharmos para o futuro, nosso foco continua sendo ajudar os clientes a alcan\u00e7ar o sucesso, fornecendo correntes de ancoragem sem pinos de alta qualidade que proporcionam desempenho e tranquilidade.<\/p>","protected":false},"excerpt":{"rendered":"<p>As correntes de ancoragem sem pinos s\u00e3o uma op\u00e7\u00e3o confi\u00e1vel para amarra\u00e7\u00e3o e ancoragem pesada, conhecidas por sua estrutura robusta e resist\u00eancia ao desgaste em condi\u00e7\u00f5es mar\u00edtimas exigentes. Os compradores geralmente se concentram em fatores como durabilidade, carga de prova e capacidade da corrente de suportar condi\u00e7\u00f5es de alto estresse ao longo do tempo. Como uma empresa comercial B2B com 20 anos de experi\u00eancia, a Qingdao H&amp;F se orgulha de oferecer pre\u00e7os competitivos, um ciclo de entrega r\u00e1pido e relat\u00f3rios abrangentes de inspe\u00e7\u00e3o de qualidade. Nosso atendimento individualizado ao cliente garante uma experi\u00eancia de compra personalizada, o que nos torna um parceiro confi\u00e1vel no fornecimento de correntes de ancoragem sem pinos de alta qualidade que atendem aos rigorosos padr\u00f5es do setor.<\/p>","protected":false},"featured_media":8171,"comment_status":"open","ping_status":"closed","template":"","meta":{"site-sidebar-layout":"default","site-content-layout":"","ast-site-content-layout":"default","site-content-style":"default","site-sidebar-style":"default","ast-global-header-display":"","ast-banner-title-visibility":"","ast-main-header-display":"","ast-hfb-above-header-display":"","ast-hfb-below-header-display":"","ast-hfb-mobile-header-display":"","site-post-title":"","ast-breadcrumbs-content":"","ast-featured-img":"","footer-sml-layout":"","theme-transparent-header-meta":"default","adv-header-id-meta":"","stick-header-meta":"default","header-above-stick-meta":"","header-main-stick-meta":"","header-below-stick-meta":"","astra-migrate-meta-layouts":"set","ast-page-background-enabled":"default","ast-page-background-meta":{"desktop":{"background-color":"","background-image":"","background-repeat":"repeat","background-position":"center center","background-size":"auto","background-attachment":"scroll","background-type":"","background-media":"","overlay-type":"","overlay-color":"","overlay-opacity":"","overlay-gradient":""},"tablet":{"background-color":"","background-image":"","background-repeat":"repeat","background-position":"center center","background-size":"auto","background-attachment":"scroll","background-type":"","background-media":"","overlay-type":"","overlay-color":"","overlay-opacity":"","overlay-gradient":""},"mobile":{"background-color":"","background-image":"","background-repeat":"repeat","background-position":"center center","background-size":"auto","background-attachment":"scroll","background-type":"","background-media":"","overlay-type":"","overlay-color":"","overlay-opacity":"","overlay-gradient":""}},"ast-content-background-meta":{"desktop":{"background-color":"var(--ast-global-color-5)","background-image":"","background-repeat":"repeat","background-position":"center center","background-size":"auto","background-attachment":"scroll","background-type":"","background-media":"","overlay-type":"","overlay-color":"","overlay-opacity":"","overlay-gradient":""},"tablet":{"background-color":"var(--ast-global-color-5)","background-image":"","background-repeat":"repeat","background-position":"center center","background-size":"auto","background-attachment":"scroll","background-type":"","background-media":"","overlay-type":"","overlay-color":"","overlay-opacity":"","overlay-gradient":""},"mobile":{"background-color":"var(--ast-global-color-5)","background-image":"","background-repeat":"repeat","background-position":"center center","background-size":"auto","background-attachment":"scroll","background-type":"","background-media":"","overlay-type":"","overlay-color":"","overlay-opacity":"","overlay-gradient":""}}},"product_brand":[],"product_cat":[38],"product_tag":[],"class_list":{"0":"post-8178","1":"product","2":"type-product","3":"status-publish","4":"has-post-thumbnail","6":"product_cat-chain","7":"desktop-align-left","8":"tablet-align-left","9":"mobile-align-left","10":"ast-product-gallery-layout-horizontal-slider","11":"ast-product-tabs-layout-horizontal","13":"first","14":"instock","15":"shipping-taxable","16":"purchasable","17":"product-type-simple"},"yoast_head":"<!-- This site is optimized with the Yoast SEO plugin v25.2 - https:\/\/yoast.com\/wordpress\/plugins\/seo\/ -->\n<title>Studless Anchor Chain<\/title>\n<meta name=\"description\" content=\"Studless anchor chains are a dependable choice for heavy-duty mooring and anchoring, known for their robust structure and resistance to wear in demanding marine conditions.\" \/>\n<meta name=\"robots\" content=\"index, follow, max-snippet:-1, max-image-preview:large, max-video-preview:-1\" \/>\n<link rel=\"canonical\" href=\"https:\/\/qingdaohf.com\/pt\/produto\/corrente-de-ancoragem-sem-pinos\/\" \/>\n<meta property=\"og:locale\" content=\"pt_BR\" \/>\n<meta property=\"og:type\" content=\"article\" \/>\n<meta property=\"og:title\" content=\"Studless Anchor Chain\" \/>\n<meta property=\"og:description\" content=\"Studless anchor chains are a dependable choice for heavy-duty mooring and anchoring, known for their robust structure and resistance to wear in demanding marine conditions.\" \/>\n<meta property=\"og:url\" content=\"https:\/\/qingdaohf.com\/pt\/produto\/corrente-de-ancoragem-sem-pinos\/\" \/>\n<meta property=\"og:site_name\" content=\"Concrete Form &amp; Rigging Hardware Supplier\" \/>\n<meta property=\"article:publisher\" content=\"https:\/\/www.facebook.com\/qingdaohf\" \/>\n<meta property=\"article:modified_time\" content=\"2025-11-13T01:02:54+00:00\" \/>\n<meta property=\"og:image\" content=\"https:\/\/qingdaohf.com\/wp-content\/uploads\/2024\/10\/marine-studless-chain_\u526f\u672c.jpg\" \/>\n\t<meta property=\"og:image:width\" content=\"1000\" \/>\n\t<meta property=\"og:image:height\" content=\"1000\" \/>\n\t<meta property=\"og:image:type\" content=\"image\/jpeg\" \/>\n<meta name=\"twitter:card\" content=\"summary_large_image\" \/>\n<meta name=\"twitter:label1\" content=\"Est. tempo de leitura\" \/>\n\t<meta name=\"twitter:data1\" content=\"5 minutos\" \/>\n<script type=\"application\/ld+json\" class=\"yoast-schema-graph\">{\"@context\":\"https:\/\/schema.org\",\"@graph\":[{\"@type\":\"WebPage\",\"@id\":\"https:\/\/qingdaohf.com\/product\/studless-anchor-chain\/\",\"url\":\"https:\/\/qingdaohf.com\/product\/studless-anchor-chain\/\",\"name\":\"Studless Anchor Chain\",\"isPartOf\":{\"@id\":\"https:\/\/qingdaohf.com\/bg\/#website\"},\"primaryImageOfPage\":{\"@id\":\"https:\/\/qingdaohf.com\/product\/studless-anchor-chain\/#primaryimage\"},\"image\":{\"@id\":\"https:\/\/qingdaohf.com\/product\/studless-anchor-chain\/#primaryimage\"},\"thumbnailUrl\":\"https:\/\/qingdaohf.com\/wp-content\/uploads\/2024\/10\/marine-studless-chain_\u526f\u672c.jpg\",\"datePublished\":\"2024-10-29T08:45:43+00:00\",\"dateModified\":\"2025-11-13T01:02:54+00:00\",\"description\":\"Studless anchor chains are a dependable choice for heavy-duty mooring and anchoring, known for their robust structure and resistance to wear in demanding marine conditions.\",\"breadcrumb\":{\"@id\":\"https:\/\/qingdaohf.com\/product\/studless-anchor-chain\/#breadcrumb\"},\"inLanguage\":\"pt-BR\",\"potentialAction\":[{\"@type\":\"ReadAction\",\"target\":[\"https:\/\/qingdaohf.com\/product\/studless-anchor-chain\/\"]}]},{\"@type\":\"ImageObject\",\"inLanguage\":\"pt-BR\",\"@id\":\"https:\/\/qingdaohf.com\/product\/studless-anchor-chain\/#primaryimage\",\"url\":\"https:\/\/qingdaohf.com\/wp-content\/uploads\/2024\/10\/marine-studless-chain_\u526f\u672c.jpg\",\"contentUrl\":\"https:\/\/qingdaohf.com\/wp-content\/uploads\/2024\/10\/marine-studless-chain_\u526f\u672c.jpg\",\"width\":1000,\"height\":1000,\"caption\":\"studless chain\"},{\"@type\":\"BreadcrumbList\",\"@id\":\"https:\/\/qingdaohf.com\/product\/studless-anchor-chain\/#breadcrumb\",\"itemListElement\":[{\"@type\":\"ListItem\",\"position\":1,\"name\":\"Home\",\"item\":\"https:\/\/qingdaohf.com\/\"},{\"@type\":\"ListItem\",\"position\":2,\"name\":\"Concrete Forming Accessories and Rigging Hardware\",\"item\":\"https:\/\/qingdaohf.com\/bg\/?page_id=944\"},{\"@type\":\"ListItem\",\"position\":3,\"name\":\"Studless Anchor Chain\"}]},{\"@type\":\"WebSite\",\"@id\":\"https:\/\/qingdaohf.com\/bg\/#website\",\"url\":\"https:\/\/qingdaohf.com\/bg\/\",\"name\":\"Concrete Form & Rigging Hardware Supplier\",\"description\":\"\",\"publisher\":{\"@id\":\"https:\/\/qingdaohf.com\/bg\/#organization\"},\"potentialAction\":[{\"@type\":\"SearchAction\",\"target\":{\"@type\":\"EntryPoint\",\"urlTemplate\":\"https:\/\/qingdaohf.com\/bg\/?s={search_term_string}\"},\"query-input\":{\"@type\":\"PropertyValueSpecification\",\"valueRequired\":true,\"valueName\":\"search_term_string\"}}],\"inLanguage\":\"pt-BR\"},{\"@type\":\"Organization\",\"@id\":\"https:\/\/qingdaohf.com\/bg\/#organization\",\"name\":\"Qingdao H&F\",\"url\":\"https:\/\/qingdaohf.com\/bg\/\",\"logo\":{\"@type\":\"ImageObject\",\"inLanguage\":\"pt-BR\",\"@id\":\"https:\/\/qingdaohf.com\/bg\/#\/schema\/logo\/image\/\",\"url\":\"https:\/\/qingdaohf.com\/wp-content\/uploads\/2022\/12\/cropped-HF-LOGO.png\",\"contentUrl\":\"https:\/\/qingdaohf.com\/wp-content\/uploads\/2022\/12\/cropped-HF-LOGO.png\",\"width\":391,\"height\":249,\"caption\":\"Qingdao H&F\"},\"image\":{\"@id\":\"https:\/\/qingdaohf.com\/bg\/#\/schema\/logo\/image\/\"},\"sameAs\":[\"https:\/\/www.facebook.com\/qingdaohf\"]}]}<\/script>\n<!-- \/ Yoast SEO plugin. -->","yoast_head_json":{"title":"Studless Anchor Chain","description":"Studless anchor chains are a dependable choice for heavy-duty mooring and anchoring, known for their robust structure and resistance to wear in demanding marine conditions.","robots":{"index":"index","follow":"follow","max-snippet":"max-snippet:-1","max-image-preview":"max-image-preview:large","max-video-preview":"max-video-preview:-1"},"canonical":"https:\/\/qingdaohf.com\/pt\/produto\/corrente-de-ancoragem-sem-pinos\/","og_locale":"pt_BR","og_type":"article","og_title":"Studless Anchor Chain","og_description":"Studless anchor chains are a dependable choice for heavy-duty mooring and anchoring, known for their robust structure and resistance to wear in demanding marine conditions.","og_url":"https:\/\/qingdaohf.com\/pt\/produto\/corrente-de-ancoragem-sem-pinos\/","og_site_name":"Concrete Form &amp; Rigging Hardware Supplier","article_publisher":"https:\/\/www.facebook.com\/qingdaohf","article_modified_time":"2025-11-13T01:02:54+00:00","og_image":[{"width":1000,"height":1000,"url":"https:\/\/qingdaohf.com\/wp-content\/uploads\/2024\/10\/marine-studless-chain_\u526f\u672c.jpg","type":"image\/jpeg"}],"twitter_card":"summary_large_image","twitter_misc":{"Est. tempo de leitura":"5 minutos"},"schema":{"@context":"https:\/\/schema.org","@graph":[{"@type":"WebPage","@id":"https:\/\/qingdaohf.com\/product\/studless-anchor-chain\/","url":"https:\/\/qingdaohf.com\/product\/studless-anchor-chain\/","name":"Studless Anchor Chain","isPartOf":{"@id":"https:\/\/qingdaohf.com\/bg\/#website"},"primaryImageOfPage":{"@id":"https:\/\/qingdaohf.com\/product\/studless-anchor-chain\/#primaryimage"},"image":{"@id":"https:\/\/qingdaohf.com\/product\/studless-anchor-chain\/#primaryimage"},"thumbnailUrl":"https:\/\/qingdaohf.com\/wp-content\/uploads\/2024\/10\/marine-studless-chain_\u526f\u672c.jpg","datePublished":"2024-10-29T08:45:43+00:00","dateModified":"2025-11-13T01:02:54+00:00","description":"Studless anchor chains are a dependable choice for heavy-duty mooring and anchoring, known for their robust structure and resistance to wear in demanding marine conditions.","breadcrumb":{"@id":"https:\/\/qingdaohf.com\/product\/studless-anchor-chain\/#breadcrumb"},"inLanguage":"pt-BR","potentialAction":[{"@type":"ReadAction","target":["https:\/\/qingdaohf.com\/product\/studless-anchor-chain\/"]}]},{"@type":"ImageObject","inLanguage":"pt-BR","@id":"https:\/\/qingdaohf.com\/product\/studless-anchor-chain\/#primaryimage","url":"https:\/\/qingdaohf.com\/wp-content\/uploads\/2024\/10\/marine-studless-chain_\u526f\u672c.jpg","contentUrl":"https:\/\/qingdaohf.com\/wp-content\/uploads\/2024\/10\/marine-studless-chain_\u526f\u672c.jpg","width":1000,"height":1000,"caption":"studless chain"},{"@type":"BreadcrumbList","@id":"https:\/\/qingdaohf.com\/product\/studless-anchor-chain\/#breadcrumb","itemListElement":[{"@type":"ListItem","position":1,"name":"Home","item":"https:\/\/qingdaohf.com\/"},{"@type":"ListItem","position":2,"name":"Concrete Forming Accessories and Rigging Hardware","item":"https:\/\/qingdaohf.com\/bg\/?page_id=944"},{"@type":"ListItem","position":3,"name":"Studless Anchor Chain"}]},{"@type":"WebSite","@id":"https:\/\/qingdaohf.com\/bg\/#website","url":"https:\/\/qingdaohf.com\/bg\/","name":"Concrete Form & Rigging Hardware Supplier","description":"","publisher":{"@id":"https:\/\/qingdaohf.com\/bg\/#organization"},"potentialAction":[{"@type":"SearchAction","target":{"@type":"EntryPoint","urlTemplate":"https:\/\/qingdaohf.com\/bg\/?s={search_term_string}"},"query-input":{"@type":"PropertyValueSpecification","valueRequired":true,"valueName":"search_term_string"}}],"inLanguage":"pt-BR"},{"@type":"Organization","@id":"https:\/\/qingdaohf.com\/bg\/#organization","name":"Qingdao H&F","url":"https:\/\/qingdaohf.com\/bg\/","logo":{"@type":"ImageObject","inLanguage":"pt-BR","@id":"https:\/\/qingdaohf.com\/bg\/#\/schema\/logo\/image\/","url":"https:\/\/qingdaohf.com\/wp-content\/uploads\/2022\/12\/cropped-HF-LOGO.png","contentUrl":"https:\/\/qingdaohf.com\/wp-content\/uploads\/2022\/12\/cropped-HF-LOGO.png","width":391,"height":249,"caption":"Qingdao H&F"},"image":{"@id":"https:\/\/qingdaohf.com\/bg\/#\/schema\/logo\/image\/"},"sameAs":["https:\/\/www.facebook.com\/qingdaohf"]}]}},"_links":{"self":[{"href":"https:\/\/qingdaohf.com\/pt\/wp-json\/wp\/v2\/product\/8178","targetHints":{"allow":["GET"]}}],"collection":[{"href":"https:\/\/qingdaohf.com\/pt\/wp-json\/wp\/v2\/product"}],"about":[{"href":"https:\/\/qingdaohf.com\/pt\/wp-json\/wp\/v2\/types\/product"}],"replies":[{"embeddable":true,"href":"https:\/\/qingdaohf.com\/pt\/wp-json\/wp\/v2\/comments?post=8178"}],"version-history":[{"count":1,"href":"https:\/\/qingdaohf.com\/pt\/wp-json\/wp\/v2\/product\/8178\/revisions"}],"predecessor-version":[{"id":8180,"href":"https:\/\/qingdaohf.com\/pt\/wp-json\/wp\/v2\/product\/8178\/revisions\/8180"}],"wp:featuredmedia":[{"embeddable":true,"href":"https:\/\/qingdaohf.com\/pt\/wp-json\/wp\/v2\/media\/8171"}],"wp:attachment":[{"href":"https:\/\/qingdaohf.com\/pt\/wp-json\/wp\/v2\/media?parent=8178"}],"wp:term":[{"taxonomy":"product_brand","embeddable":true,"href":"https:\/\/qingdaohf.com\/pt\/wp-json\/wp\/v2\/product_brand?post=8178"},{"taxonomy":"product_cat","embeddable":true,"href":"https:\/\/qingdaohf.com\/pt\/wp-json\/wp\/v2\/product_cat?post=8178"},{"taxonomy":"product_tag","embeddable":true,"href":"https:\/\/qingdaohf.com\/pt\/wp-json\/wp\/v2\/product_tag?post=8178"}],"curies":[{"name":"wp","href":"https:\/\/api.w.org\/{rel}","templated":true}]}}