{"id":8181,"date":"2024-10-29T16:52:37","date_gmt":"2024-10-29T08:52:37","guid":{"rendered":"http:\/\/qingdaohf.com\/?post_type=product&#038;p=8181"},"modified":"2025-11-13T09:02:54","modified_gmt":"2025-11-13T01:02:54","slug":"stud-link-chain","status":"publish","type":"product","link":"https:\/\/qingdaohf.com\/pt\/produto\/corrente-de-elos-com-pinos\/","title":{"rendered":"Corrente de ancoragem Stud Link"},"content":{"rendered":"<p><img fetchpriority=\"high\" decoding=\"async\" class=\"alignnone size-full wp-image-8170\" src=\"http:\/\/qingdaohf.com\/wp-content\/uploads\/2024\/10\/stud-link-anchor-chain_2.webp\" alt=\"corrente de ancoragem com elos\" width=\"842\" height=\"1091\" srcset=\"https:\/\/qingdaohf.com\/wp-content\/uploads\/2024\/10\/stud-link-anchor-chain_2.webp 842w, https:\/\/qingdaohf.com\/wp-content\/uploads\/2024\/10\/stud-link-anchor-chain_2-232x300.webp 232w, https:\/\/qingdaohf.com\/wp-content\/uploads\/2024\/10\/stud-link-anchor-chain_2-790x1024.webp 790w, https:\/\/qingdaohf.com\/wp-content\/uploads\/2024\/10\/stud-link-anchor-chain_2-768x995.webp 768w, https:\/\/qingdaohf.com\/wp-content\/uploads\/2024\/10\/stud-link-anchor-chain_2-9x12.webp 9w\" sizes=\"(max-width: 842px) 100vw, 842px\" \/><\/p>\n<p>Em ambientes industriais, mar\u00edtimos e offshore, as correntes Stud Link s\u00e3o confi\u00e1veis por sua durabilidade e capacidade de manuseio de carga, o que as torna ideais para ancoragem, amarra\u00e7\u00e3o e v\u00e1rias aplica\u00e7\u00f5es de levantamento de peso. Essas correntes consistem em elos interconectados com pinos posicionados no interior de cada elo, acrescentando estabilidade estrutural que ajuda a evitar a deforma\u00e7\u00e3o sob tens\u00e3o significativa. Ao selecionar uma corrente, os compradores precisam se concentrar em especifica\u00e7\u00f5es como di\u00e2metro, carga de prova e qualidade geral do material, pois esses fatores afetam diretamente a seguran\u00e7a e o desempenho.<\/p>\n<p>A import\u00e2ncia de selecionar a corrente Stud Link certa vai al\u00e9m da aplica\u00e7\u00e3o geral; as especifica\u00e7\u00f5es de cada corrente devem se alinhar aos requisitos do setor e \u00e0s condi\u00e7\u00f5es de carga esperadas. Por exemplo, o di\u00e2metro dos elos da corrente, geralmente dispon\u00edvel em polegadas, desempenha um papel crucial na determina\u00e7\u00e3o da resist\u00eancia e da adequa\u00e7\u00e3o da corrente para diferentes usos. As correntes que atendem aos padr\u00f5es internacionais, como as normas ISO 1704 e IACS, oferecem aos compradores a garantia de que esses produtos foram rigorosamente testados quanto \u00e0 qualidade e \u00e0 resist\u00eancia. Na Qingdao H&amp;F, reconhecemos a necessidade de produtos de alto desempenho e servi\u00e7os confi\u00e1veis, e \u00e9 por isso que acompanhamos cada corrente com relat\u00f3rios detalhados de inspe\u00e7\u00e3o de qualidade, incluindo carga de prova, carga de ruptura e composi\u00e7\u00e3o do material. Com foco na seguran\u00e7a e na efici\u00eancia, nossas correntes Stud Link oferecem a confian\u00e7a necess\u00e1ria para a seguran\u00e7a operacional em ambientes desafiadores.<\/p>\n<h3><strong>Resist\u00eancia e durabilidade das correntes Stud Link<\/strong><\/h3>\n<p>As correntes Stud Link s\u00e3o fabricadas com a\u00e7o de alta qualidade, o que lhes confere excepcional resist\u00eancia \u00e0 tra\u00e7\u00e3o e \u00e0 corros\u00e3o - duas caracter\u00edsticas essenciais em aplica\u00e7\u00f5es mar\u00edtimas e industriais pesadas. O pino presente em cada elo evita a deforma\u00e7\u00e3o da corrente, mantendo o formato geral da mesma, mesmo sob o peso de cargas pesadas. Esse recurso de design tamb\u00e9m ajuda a reduzir a tens\u00e3o de flex\u00e3o, um problema comum em aplica\u00e7\u00f5es de alta tens\u00e3o, prolongando assim a vida \u00fatil da corrente.<\/p>\n<p>Cada elo \u00e9 cuidadosamente constru\u00eddo para suportar cargas sem ceder \u00e0 deforma\u00e7\u00e3o ou \u00e0 fadiga, o que torna as correntes Stud Link especialmente valiosas em aplica\u00e7\u00f5es offshore em que a estabilidade e a resist\u00eancia s\u00e3o cruciais. As correntes com di\u00e2metros maiores oferecem cargas de prova maiores, o que significa que podem suportar um peso significativo sem ceder, tornando-as ideais para sistemas de amarra\u00e7\u00e3o e correntes de ancoragem.<\/p>\n<p>Na Qingdao H&amp;F, nosso compromisso com a qualidade inclui um rigoroso processo de testes em que as correntes s\u00e3o submetidas a avalia\u00e7\u00f5es de carga de prova e resist\u00eancia \u00e0 tra\u00e7\u00e3o antes do envio. Essa pr\u00e1tica garante que cada produto atenda aos requisitos e resista \u00e0s condi\u00e7\u00f5es desafiadoras do uso industrial. Nossa abordagem individualizada de atendimento ao cliente tamb\u00e9m significa que os compradores recebem orienta\u00e7\u00e3o especializada para selecionar o tamanho e as especifica\u00e7\u00f5es apropriados da corrente com base em necessidades espec\u00edficas, garantindo que cada compra seja feita com conhecimento de causa.<\/p>\n<h3><strong>Aplica\u00e7\u00f5es e considera\u00e7\u00f5es do comprador para correntes Stud Link<\/strong><\/h3>\n<p>As correntes Stud Link s\u00e3o mais comumente empregadas em aplica\u00e7\u00f5es mar\u00edtimas, especialmente como correntes de ancoragem e amarra\u00e7\u00e3o, devido \u00e0 sua capacidade de resistir \u00e0 exposi\u00e7\u00e3o prolongada \u00e0 \u00e1gua do mar e ao manuseio inadequado. Al\u00e9m dos usos mar\u00edtimos, essas correntes tamb\u00e9m encontram aplica\u00e7\u00f5es em constru\u00e7\u00e3o, minera\u00e7\u00e3o e maquin\u00e1rio industrial, onde cargas pesadas devem ser fixadas e gerenciadas com a m\u00e1xima confiabilidade. No entanto, a escolha do di\u00e2metro da corrente, do design do pino e dos materiais \u00e9 crucial para atender \u00e0s demandas espec\u00edficas de cada setor.<\/p>\n<p>Ao selecionar as correntes Stud Link, os compradores priorizam v\u00e1rios atributos relacionados ao desempenho. O primeiro \u00e9 a resist\u00eancia do material: o a\u00e7o de alta resist\u00eancia proporciona a durabilidade necess\u00e1ria para aplica\u00e7\u00f5es mar\u00edtimas, enquanto o a\u00e7o ligado pode ser preferido por sua maior rela\u00e7\u00e3o resist\u00eancia\/peso na constru\u00e7\u00e3o. Em segundo lugar, a resist\u00eancia \u00e0 corros\u00e3o torna-se fundamental em ambientes de \u00e1gua salgada, pois qualquer comprometimento na qualidade do material pode levar \u00e0 degrada\u00e7\u00e3o precoce da corrente e a riscos de seguran\u00e7a. Os compradores tamb\u00e9m devem considerar a classifica\u00e7\u00e3o de carga de prova da corrente para garantir que ela possa suportar as cargas de peso espec\u00edficas esperadas em suas opera\u00e7\u00f5es.<\/p>\n<p>Na Qingdao H&amp;F, nossos ciclos de entrega r\u00e1pida permitem que as empresas mantenham opera\u00e7\u00f5es ininterruptas sem tempo de inatividade excessivo. Al\u00e9m disso, oferecemos relat\u00f3rios de inspe\u00e7\u00e3o detalhados, proporcionando aos nossos clientes uma vis\u00e3o clara dos par\u00e2metros de qualidade de cada corrente antes do embarque. Com esse n\u00edvel de transpar\u00eancia, os compradores podem confiar que nossas correntes atendem n\u00e3o apenas aos padr\u00f5es do setor, mas tamb\u00e9m aos requisitos exclusivos de cada aplica\u00e7\u00e3o, seja para plataformas offshore, eleva\u00e7\u00e3o industrial ou opera\u00e7\u00f5es portu\u00e1rias.<\/p>\n<h3><strong>Conclus\u00e3o: Por que escolher as correntes Stud Link da Qingdao H&amp;F?<\/strong><\/h3>\n<p>A escolha de uma Stud Link Chain \u00e9 uma decis\u00e3o baseada em seguran\u00e7a e funcionalidade, pois essas correntes devem suportar cargas extremas e ambientes desafiadores. Na Qingdao H&amp;F, vamos al\u00e9m do simples fornecimento de correntes de alta qualidade, oferecendo uma experi\u00eancia de servi\u00e7o abrangente que inclui consultoria especializada, entrega r\u00e1pida e transpar\u00eancia do produto por meio de relat\u00f3rios de inspe\u00e7\u00e3o. Cada uma de nossas correntes atende a rigorosos padr\u00f5es de teste, garantindo aos nossos compradores a qualidade e a durabilidade em cada compra.<\/p>\n<p>Nosso compromisso com o atendimento individualizado ao cliente significa que damos suporte aos clientes em todas as etapas, desde a sele\u00e7\u00e3o do produto at\u00e9 as consultas p\u00f3s-venda, garantindo a melhor experi\u00eancia de compra poss\u00edvel. Sejam elas usadas em ambientes mar\u00edtimos, eleva\u00e7\u00e3o industrial ou outros ambientes de alta carga, as Stud Link Chains da Qingdao H&amp;F oferecem n\u00e3o apenas qualidade, mas tamb\u00e9m a confiabilidade e o suporte de que toda empresa precisa para ter sucesso.<\/p>","protected":false},"excerpt":{"rendered":"<p>Uma Stud Link Chain oferece resist\u00eancia e estabilidade robustas, ideais para aplica\u00e7\u00f5es pesadas em que a durabilidade e a confiabilidade s\u00e3o fundamentais. Os compradores geralmente priorizam fatores como a qualidade do material, a capacidade de carga e a resist\u00eancia a ambientes adversos ao selecionar uma Stud Link Chain. Na Qingdao H&amp;F, priorizamos essas necessidades garantindo que cada corrente atenda a padr\u00f5es de qualidade rigorosos e fornecendo relat\u00f3rios de inspe\u00e7\u00e3o detalhados, incluindo dados de carga de prova e resist\u00eancia \u00e0 tra\u00e7\u00e3o. Com nossa abordagem individual de atendimento ao cliente e um ciclo de entrega eficiente, fornecemos n\u00e3o apenas produtos, mas solu\u00e7\u00f5es confi\u00e1veis que permitem opera\u00e7\u00f5es mais tranquilas e seguras para sua empresa.<\/p>","protected":false},"featured_media":4678,"comment_status":"open","ping_status":"closed","template":"","meta":{"site-sidebar-layout":"default","site-content-layout":"","ast-site-content-layout":"default","site-content-style":"default","site-sidebar-style":"default","ast-global-header-display":"","ast-banner-title-visibility":"","ast-main-header-display":"","ast-hfb-above-header-display":"","ast-hfb-below-header-display":"","ast-hfb-mobile-header-display":"","site-post-title":"","ast-breadcrumbs-content":"","ast-featured-img":"","footer-sml-layout":"","theme-transparent-header-meta":"default","adv-header-id-meta":"","stick-header-meta":"default","header-above-stick-meta":"","header-main-stick-meta":"","header-below-stick-meta":"","astra-migrate-meta-layouts":"set","ast-page-background-enabled":"default","ast-page-background-meta":{"desktop":{"background-color":"","background-image":"","background-repeat":"repeat","background-position":"center center","background-size":"auto","background-attachment":"scroll","background-type":"","background-media":"","overlay-type":"","overlay-color":"","overlay-opacity":"","overlay-gradient":""},"tablet":{"background-color":"","background-image":"","background-repeat":"repeat","background-position":"center center","background-size":"auto","background-attachment":"scroll","background-type":"","background-media":"","overlay-type":"","overlay-color":"","overlay-opacity":"","overlay-gradient":""},"mobile":{"background-color":"","background-image":"","background-repeat":"repeat","background-position":"center center","background-size":"auto","background-attachment":"scroll","background-type":"","background-media":"","overlay-type":"","overlay-color":"","overlay-opacity":"","overlay-gradient":""}},"ast-content-background-meta":{"desktop":{"background-color":"var(--ast-global-color-5)","background-image":"","background-repeat":"repeat","background-position":"center center","background-size":"auto","background-attachment":"scroll","background-type":"","background-media":"","overlay-type":"","overlay-color":"","overlay-opacity":"","overlay-gradient":""},"tablet":{"background-color":"var(--ast-global-color-5)","background-image":"","background-repeat":"repeat","background-position":"center center","background-size":"auto","background-attachment":"scroll","background-type":"","background-media":"","overlay-type":"","overlay-color":"","overlay-opacity":"","overlay-gradient":""},"mobile":{"background-color":"var(--ast-global-color-5)","background-image":"","background-repeat":"repeat","background-position":"center center","background-size":"auto","background-attachment":"scroll","background-type":"","background-media":"","overlay-type":"","overlay-color":"","overlay-opacity":"","overlay-gradient":""}}},"product_brand":[],"product_cat":[38],"product_tag":[],"class_list":{"0":"post-8181","1":"product","2":"type-product","3":"status-publish","4":"has-post-thumbnail","6":"product_cat-chain","7":"desktop-align-left","8":"tablet-align-left","9":"mobile-align-left","10":"ast-product-gallery-layout-horizontal-slider","11":"ast-product-tabs-layout-horizontal","13":"first","14":"instock","15":"shipping-taxable","16":"purchasable","17":"product-type-simple"},"yoast_head":"<!-- This site is optimized with the Yoast SEO plugin v25.2 - https:\/\/yoast.com\/wordpress\/plugins\/seo\/ -->\n<title>Stud Link Anchor Chain<\/title>\n<meta name=\"robots\" content=\"index, follow, max-snippet:-1, max-image-preview:large, max-video-preview:-1\" \/>\n<link rel=\"canonical\" href=\"https:\/\/qingdaohf.com\/pt\/produto\/corrente-de-elos-com-pinos\/\" \/>\n<meta property=\"og:locale\" content=\"pt_BR\" \/>\n<meta property=\"og:type\" content=\"article\" \/>\n<meta property=\"og:title\" content=\"Stud Link Anchor Chain\" \/>\n<meta property=\"og:description\" content=\"A Stud Link Chain offers robust strength and stability, ideal for heavy-duty applications where durability and reliability are paramount. Buyers often prioritize factors like material quality, load-bearing capacity, and resistance to harsh environments when selecting a Stud Link Chain. At Qingdao H&amp;F, we prioritize these needs by ensuring every chain meets stringent quality standards and providing detailed inspection reports, including proof load and tensile strength data. With our one-on-one customer service approach and efficient delivery cycle, we deliver not just products but reliable solutions that enable smoother, safer operations for your business.\" \/>\n<meta property=\"og:url\" content=\"https:\/\/qingdaohf.com\/pt\/produto\/corrente-de-elos-com-pinos\/\" \/>\n<meta property=\"og:site_name\" content=\"Concrete Form &amp; Rigging Hardware Supplier\" \/>\n<meta property=\"article:publisher\" content=\"https:\/\/www.facebook.com\/qingdaohf\" \/>\n<meta property=\"article:modified_time\" content=\"2025-11-13T01:02:54+00:00\" \/>\n<meta property=\"og:image\" content=\"https:\/\/qingdaohf.com\/wp-content\/uploads\/2023\/04\/Marine-anchor-chain.jpg\" \/>\n\t<meta property=\"og:image:width\" content=\"1000\" \/>\n\t<meta property=\"og:image:height\" content=\"1000\" \/>\n\t<meta property=\"og:image:type\" content=\"image\/jpeg\" \/>\n<meta name=\"twitter:card\" content=\"summary_large_image\" \/>\n<meta name=\"twitter:label1\" content=\"Est. tempo de leitura\" \/>\n\t<meta name=\"twitter:data1\" content=\"4 minutos\" \/>\n<script type=\"application\/ld+json\" class=\"yoast-schema-graph\">{\"@context\":\"https:\/\/schema.org\",\"@graph\":[{\"@type\":\"WebPage\",\"@id\":\"https:\/\/qingdaohf.com\/product\/stud-link-chain\/\",\"url\":\"https:\/\/qingdaohf.com\/product\/stud-link-chain\/\",\"name\":\"Stud Link Anchor Chain\",\"isPartOf\":{\"@id\":\"https:\/\/qingdaohf.com\/bg\/#website\"},\"primaryImageOfPage\":{\"@id\":\"https:\/\/qingdaohf.com\/product\/stud-link-chain\/#primaryimage\"},\"image\":{\"@id\":\"https:\/\/qingdaohf.com\/product\/stud-link-chain\/#primaryimage\"},\"thumbnailUrl\":\"https:\/\/qingdaohf.com\/wp-content\/uploads\/2023\/04\/Marine-anchor-chain.jpg\",\"datePublished\":\"2024-10-29T08:52:37+00:00\",\"dateModified\":\"2025-11-13T01:02:54+00:00\",\"breadcrumb\":{\"@id\":\"https:\/\/qingdaohf.com\/product\/stud-link-chain\/#breadcrumb\"},\"inLanguage\":\"pt-BR\",\"potentialAction\":[{\"@type\":\"ReadAction\",\"target\":[\"https:\/\/qingdaohf.com\/product\/stud-link-chain\/\"]}]},{\"@type\":\"ImageObject\",\"inLanguage\":\"pt-BR\",\"@id\":\"https:\/\/qingdaohf.com\/product\/stud-link-chain\/#primaryimage\",\"url\":\"https:\/\/qingdaohf.com\/wp-content\/uploads\/2023\/04\/Marine-anchor-chain.jpg\",\"contentUrl\":\"https:\/\/qingdaohf.com\/wp-content\/uploads\/2023\/04\/Marine-anchor-chain.jpg\",\"width\":1000,\"height\":1000,\"caption\":\"Marine anchor chain\"},{\"@type\":\"BreadcrumbList\",\"@id\":\"https:\/\/qingdaohf.com\/product\/stud-link-chain\/#breadcrumb\",\"itemListElement\":[{\"@type\":\"ListItem\",\"position\":1,\"name\":\"Home\",\"item\":\"https:\/\/qingdaohf.com\/\"},{\"@type\":\"ListItem\",\"position\":2,\"name\":\"Concrete Forming Accessories and Rigging Hardware\",\"item\":\"https:\/\/qingdaohf.com\/bg\/?page_id=944\"},{\"@type\":\"ListItem\",\"position\":3,\"name\":\"Stud Link Anchor Chain\"}]},{\"@type\":\"WebSite\",\"@id\":\"https:\/\/qingdaohf.com\/bg\/#website\",\"url\":\"https:\/\/qingdaohf.com\/bg\/\",\"name\":\"Concrete Form & Rigging Hardware Supplier\",\"description\":\"\",\"publisher\":{\"@id\":\"https:\/\/qingdaohf.com\/bg\/#organization\"},\"potentialAction\":[{\"@type\":\"SearchAction\",\"target\":{\"@type\":\"EntryPoint\",\"urlTemplate\":\"https:\/\/qingdaohf.com\/bg\/?s={search_term_string}\"},\"query-input\":{\"@type\":\"PropertyValueSpecification\",\"valueRequired\":true,\"valueName\":\"search_term_string\"}}],\"inLanguage\":\"pt-BR\"},{\"@type\":\"Organization\",\"@id\":\"https:\/\/qingdaohf.com\/bg\/#organization\",\"name\":\"Qingdao H&F\",\"url\":\"https:\/\/qingdaohf.com\/bg\/\",\"logo\":{\"@type\":\"ImageObject\",\"inLanguage\":\"pt-BR\",\"@id\":\"https:\/\/qingdaohf.com\/bg\/#\/schema\/logo\/image\/\",\"url\":\"https:\/\/qingdaohf.com\/wp-content\/uploads\/2022\/12\/cropped-HF-LOGO.png\",\"contentUrl\":\"https:\/\/qingdaohf.com\/wp-content\/uploads\/2022\/12\/cropped-HF-LOGO.png\",\"width\":391,\"height\":249,\"caption\":\"Qingdao H&F\"},\"image\":{\"@id\":\"https:\/\/qingdaohf.com\/bg\/#\/schema\/logo\/image\/\"},\"sameAs\":[\"https:\/\/www.facebook.com\/qingdaohf\"]}]}<\/script>\n<!-- \/ Yoast SEO plugin. -->","yoast_head_json":{"title":"Stud Link Anchor Chain","robots":{"index":"index","follow":"follow","max-snippet":"max-snippet:-1","max-image-preview":"max-image-preview:large","max-video-preview":"max-video-preview:-1"},"canonical":"https:\/\/qingdaohf.com\/pt\/produto\/corrente-de-elos-com-pinos\/","og_locale":"pt_BR","og_type":"article","og_title":"Stud Link Anchor Chain","og_description":"A Stud Link Chain offers robust strength and stability, ideal for heavy-duty applications where durability and reliability are paramount. Buyers often prioritize factors like material quality, load-bearing capacity, and resistance to harsh environments when selecting a Stud Link Chain. At Qingdao H&amp;F, we prioritize these needs by ensuring every chain meets stringent quality standards and providing detailed inspection reports, including proof load and tensile strength data. With our one-on-one customer service approach and efficient delivery cycle, we deliver not just products but reliable solutions that enable smoother, safer operations for your business.","og_url":"https:\/\/qingdaohf.com\/pt\/produto\/corrente-de-elos-com-pinos\/","og_site_name":"Concrete Form &amp; Rigging Hardware Supplier","article_publisher":"https:\/\/www.facebook.com\/qingdaohf","article_modified_time":"2025-11-13T01:02:54+00:00","og_image":[{"width":1000,"height":1000,"url":"https:\/\/qingdaohf.com\/wp-content\/uploads\/2023\/04\/Marine-anchor-chain.jpg","type":"image\/jpeg"}],"twitter_card":"summary_large_image","twitter_misc":{"Est. tempo de leitura":"4 minutos"},"schema":{"@context":"https:\/\/schema.org","@graph":[{"@type":"WebPage","@id":"https:\/\/qingdaohf.com\/product\/stud-link-chain\/","url":"https:\/\/qingdaohf.com\/product\/stud-link-chain\/","name":"Stud Link Anchor Chain","isPartOf":{"@id":"https:\/\/qingdaohf.com\/bg\/#website"},"primaryImageOfPage":{"@id":"https:\/\/qingdaohf.com\/product\/stud-link-chain\/#primaryimage"},"image":{"@id":"https:\/\/qingdaohf.com\/product\/stud-link-chain\/#primaryimage"},"thumbnailUrl":"https:\/\/qingdaohf.com\/wp-content\/uploads\/2023\/04\/Marine-anchor-chain.jpg","datePublished":"2024-10-29T08:52:37+00:00","dateModified":"2025-11-13T01:02:54+00:00","breadcrumb":{"@id":"https:\/\/qingdaohf.com\/product\/stud-link-chain\/#breadcrumb"},"inLanguage":"pt-BR","potentialAction":[{"@type":"ReadAction","target":["https:\/\/qingdaohf.com\/product\/stud-link-chain\/"]}]},{"@type":"ImageObject","inLanguage":"pt-BR","@id":"https:\/\/qingdaohf.com\/product\/stud-link-chain\/#primaryimage","url":"https:\/\/qingdaohf.com\/wp-content\/uploads\/2023\/04\/Marine-anchor-chain.jpg","contentUrl":"https:\/\/qingdaohf.com\/wp-content\/uploads\/2023\/04\/Marine-anchor-chain.jpg","width":1000,"height":1000,"caption":"Marine anchor chain"},{"@type":"BreadcrumbList","@id":"https:\/\/qingdaohf.com\/product\/stud-link-chain\/#breadcrumb","itemListElement":[{"@type":"ListItem","position":1,"name":"Home","item":"https:\/\/qingdaohf.com\/"},{"@type":"ListItem","position":2,"name":"Concrete Forming Accessories and Rigging Hardware","item":"https:\/\/qingdaohf.com\/bg\/?page_id=944"},{"@type":"ListItem","position":3,"name":"Stud Link Anchor Chain"}]},{"@type":"WebSite","@id":"https:\/\/qingdaohf.com\/bg\/#website","url":"https:\/\/qingdaohf.com\/bg\/","name":"Concrete Form & Rigging Hardware Supplier","description":"","publisher":{"@id":"https:\/\/qingdaohf.com\/bg\/#organization"},"potentialAction":[{"@type":"SearchAction","target":{"@type":"EntryPoint","urlTemplate":"https:\/\/qingdaohf.com\/bg\/?s={search_term_string}"},"query-input":{"@type":"PropertyValueSpecification","valueRequired":true,"valueName":"search_term_string"}}],"inLanguage":"pt-BR"},{"@type":"Organization","@id":"https:\/\/qingdaohf.com\/bg\/#organization","name":"Qingdao H&F","url":"https:\/\/qingdaohf.com\/bg\/","logo":{"@type":"ImageObject","inLanguage":"pt-BR","@id":"https:\/\/qingdaohf.com\/bg\/#\/schema\/logo\/image\/","url":"https:\/\/qingdaohf.com\/wp-content\/uploads\/2022\/12\/cropped-HF-LOGO.png","contentUrl":"https:\/\/qingdaohf.com\/wp-content\/uploads\/2022\/12\/cropped-HF-LOGO.png","width":391,"height":249,"caption":"Qingdao H&F"},"image":{"@id":"https:\/\/qingdaohf.com\/bg\/#\/schema\/logo\/image\/"},"sameAs":["https:\/\/www.facebook.com\/qingdaohf"]}]}},"_links":{"self":[{"href":"https:\/\/qingdaohf.com\/pt\/wp-json\/wp\/v2\/product\/8181","targetHints":{"allow":["GET"]}}],"collection":[{"href":"https:\/\/qingdaohf.com\/pt\/wp-json\/wp\/v2\/product"}],"about":[{"href":"https:\/\/qingdaohf.com\/pt\/wp-json\/wp\/v2\/types\/product"}],"replies":[{"embeddable":true,"href":"https:\/\/qingdaohf.com\/pt\/wp-json\/wp\/v2\/comments?post=8181"}],"version-history":[{"count":2,"href":"https:\/\/qingdaohf.com\/pt\/wp-json\/wp\/v2\/product\/8181\/revisions"}],"predecessor-version":[{"id":8341,"href":"https:\/\/qingdaohf.com\/pt\/wp-json\/wp\/v2\/product\/8181\/revisions\/8341"}],"wp:featuredmedia":[{"embeddable":true,"href":"https:\/\/qingdaohf.com\/pt\/wp-json\/wp\/v2\/media\/4678"}],"wp:attachment":[{"href":"https:\/\/qingdaohf.com\/pt\/wp-json\/wp\/v2\/media?parent=8181"}],"wp:term":[{"taxonomy":"product_brand","embeddable":true,"href":"https:\/\/qingdaohf.com\/pt\/wp-json\/wp\/v2\/product_brand?post=8181"},{"taxonomy":"product_cat","embeddable":true,"href":"https:\/\/qingdaohf.com\/pt\/wp-json\/wp\/v2\/product_cat?post=8181"},{"taxonomy":"product_tag","embeddable":true,"href":"https:\/\/qingdaohf.com\/pt\/wp-json\/wp\/v2\/product_tag?post=8181"}],"curies":[{"name":"wp","href":"https:\/\/api.w.org\/{rel}","templated":true}]}}