{"id":8189,"date":"2024-11-05T13:59:31","date_gmt":"2024-11-05T05:59:31","guid":{"rendered":"http:\/\/qingdaohf.com\/?post_type=product&#038;p=8189"},"modified":"2025-11-13T09:02:54","modified_gmt":"2025-11-13T01:02:54","slug":"webbing-sling-1-ton","status":"publish","type":"product","link":"https:\/\/qingdaohf.com\/pt\/produto\/eslinga-de-cinta-de-1-tonelada\/","title":{"rendered":"Sling de cinta plana de poli\u00e9ster de 1 tonelada com duplo duplex"},"content":{"rendered":"<h3><strong>Sling de 1 tonelada confi\u00e1vel e vers\u00e1til para eleva\u00e7\u00e3o segura e eficaz<\/strong><\/h3>\n<p>As eslingas de cinta s\u00e3o indispens\u00e1veis em setores que dependem de eleva\u00e7\u00e3o e manuseio de materiais. Entre elas, a cinta de 1 tonelada \u00e9 altamente considerada por sua capacidade de lidar com cargas moderadas de forma segura e eficiente. Constru\u00edda com fibras sint\u00e9ticas de alta qualidade, esse tipo de eslinga \u00e9 especialmente valorizado por sua combina\u00e7\u00e3o de resist\u00eancia, durabilidade e adaptabilidade. De canteiros de obras a dep\u00f3sitos, a cinta de 1 tonelada atende a uma variedade de requisitos de eleva\u00e7\u00e3o com facilidade e confiabilidade.<\/p>\n<p>O design de uma cinta de 1 tonelada \u00e9 especificamente otimizado para equilibrar a for\u00e7a de suporte de carga com a flexibilidade. Esse equil\u00edbrio permite que ela prenda cargas com seguran\u00e7a, mesmo em condi\u00e7\u00f5es desafiadoras. Considera\u00e7\u00f5es importantes, como resist\u00eancia \u00e0 ruptura, alongamento sob carga e resist\u00eancia a raios UV, s\u00e3o parte integrante da fabrica\u00e7\u00e3o dessas eslingas, abordando tanto o desempenho quanto a longevidade que os compradores procuram em equipamentos de eleva\u00e7\u00e3o. Al\u00e9m disso, os materiais s\u00e3o escolhidos para resistir ao desgaste e \u00e0 abras\u00e3o, essenciais para o uso repetido e a garantia de seguran\u00e7a.<\/p>\n<p>A Qingdao H&amp;F oferece vantagens exclusivas que aprimoram ainda mais a experi\u00eancia de aquisi\u00e7\u00e3o de eslingas de cinta. Cada linga passa por um rigoroso controle de qualidade, respaldado por relat\u00f3rios de inspe\u00e7\u00e3o abrangentes, garantindo um desempenho confi\u00e1vel na entrega. Al\u00e9m disso, nosso atendimento individual ao cliente garante que cada cliente receba suporte personalizado, seja para selecionar o produto certo ou para obter dicas de manuten\u00e7\u00e3o. Com um ciclo de entrega r\u00e1pido, a Qingdao H&amp;F garante que essas eslingas de alta qualidade estejam dispon\u00edveis exatamente quando necess\u00e1rias, contribuindo para que os cronogramas dos projetos sejam perfeitos.<\/p>\n<h3><strong>Constru\u00e7\u00e3o e materiais de alta qualidade<\/strong><\/h3>\n<p>Os materiais usados em nossas eslingas de cinta de 1 tonelada s\u00e3o selecionados por sua durabilidade e flexibilidade, qualidades que contribuem diretamente para a seguran\u00e7a e a facilidade de manuseio. Normalmente, essas eslingas s\u00e3o constru\u00eddas com fibras sint\u00e9ticas, como poli\u00e9ster ou n\u00e1ilon, que oferecem v\u00e1rios benef\u00edcios. O poli\u00e9ster, por exemplo, oferece alta resist\u00eancia a produtos qu\u00edmicos e raios UV, o que o torna adequado para aplica\u00e7\u00f5es externas. As eslingas de n\u00e1ilon, por outro lado, oferecem maior capacidade de alongamento, uma caracter\u00edstica que pode ser particularmente vantajosa ao manusear determinados tipos de cargas.<\/p>\n<p>Durante a fabrica\u00e7\u00e3o, \u00e9 dada aten\u00e7\u00e3o cuidadosa \u00e0 trama e \u00e0 densidade do tecido para garantir um desempenho consistente de suporte de carga. A resist\u00eancia \u00e0 ruptura dessas eslingas \u00e9 testada rigorosamente, garantindo que cada unidade possa suportar com seguran\u00e7a cargas de at\u00e9 1 tonelada sem comprometimento. Essa aten\u00e7\u00e3o \u00e0 qualidade est\u00e1 alinhada com as principais preocupa\u00e7\u00f5es dos compradores, que contam com essas eslingas para manter a estabilidade da carga e garantir a seguran\u00e7a do operador. Ao investir em materiais dur\u00e1veis e padr\u00f5es de produ\u00e7\u00e3o rigorosos, a Qingdao H&amp;F fornece eslingas de cinta projetadas para superar as expectativas do setor e suportar o uso confi\u00e1vel e de longo prazo.<\/p>\n<h3><strong>Aplica\u00e7\u00f5es e vantagens em v\u00e1rios setores<\/strong><\/h3>\n<p>A adaptabilidade de uma cinta de 1 tonelada faz dela a escolha preferida em v\u00e1rios setores, inclusive constru\u00e7\u00e3o, transporte, manufatura e armazenamento. Diferentemente das correntes ou cabos de a\u00e7o, as eslingas de cinta s\u00e3o mais leves e f\u00e1ceis de manobrar, permitindo maior precis\u00e3o e redu\u00e7\u00e3o da fadiga do operador. Na constru\u00e7\u00e3o, essas eslingas facilitam a eleva\u00e7\u00e3o e o posicionamento de materiais, tornando-as vitais para projetos que exigem solu\u00e7\u00f5es de eleva\u00e7\u00e3o confi\u00e1veis sem o volume das alternativas de metal. O tecido sint\u00e9tico usado nas eslingas de cinta tamb\u00e9m reduz o risco de arranhar ou danificar superf\u00edcies delicadas ou pintadas, uma vantagem nos setores em que a preserva\u00e7\u00e3o do material \u00e9 essencial.<\/p>\n<p>A dedica\u00e7\u00e3o da Qingdao H&amp;F \u00e0 qualidade e ao desempenho se reflete em nossa linha de eslingas de cinta, que atendem a diversas necessidades de eleva\u00e7\u00e3o. Nossa eslinga de 1 tonelada foi projetada com recursos que aumentam a facilidade operacional e a seguran\u00e7a, como indicadores de capacidade codificados por cores e la\u00e7os refor\u00e7ados para evitar o desgaste nos principais pontos de tens\u00e3o. Al\u00e9m disso, cada eslinga \u00e9 acompanhada de um relat\u00f3rio de inspe\u00e7\u00e3o de qualidade, o que d\u00e1 a certeza de que o produto ter\u00e1 um desempenho confi\u00e1vel nas condi\u00e7\u00f5es esperadas. Nossos clientes se beneficiam ao saber que sua compra atende a rigorosos padr\u00f5es de qualidade, apoiando a conformidade com a seguran\u00e7a e a execu\u00e7\u00e3o eficaz do projeto.<\/p>\n<h3><strong>A promessa da Qingdao H&amp;F: servi\u00e7o, velocidade e garantia<\/strong><\/h3>\n<p>Al\u00e9m de um produto de alta qualidade, a Qingdao H&amp;F garante uma experi\u00eancia de compra excepcional. Reconhecemos que os compradores priorizam n\u00e3o apenas a qualidade do produto, mas tamb\u00e9m a confiabilidade geral de seu fornecedor. \u00c9 por isso que nossa abordagem se concentra em fornecer al\u00e9m do produto em si, com servi\u00e7os que atendem \u00e0s necessidades e preocupa\u00e7\u00f5es individuais dos clientes. Ao oferecer atendimento individualizado ao cliente, garantimos que todas as d\u00favidas ou exig\u00eancias sejam tratadas com rapidez e efic\u00e1cia, promovendo a confian\u00e7a e a satisfa\u00e7\u00e3o desde o primeiro ponto de contato.<\/p>\n<p>Nosso compromisso com a velocidade se reflete em nossos ciclos de entrega r\u00e1pidos. Entendemos que o tempo \u00e9 crucial, e qualquer atraso pode afetar a produtividade e os cronogramas. Por esse motivo, trabalhamos em estreita colabora\u00e7\u00e3o com nossos parceiros de log\u00edstica para manter processos de remessa eficientes, fornecendo aos nossos clientes a garantia de que sua cinta de amarra\u00e7\u00e3o chegar\u00e1 quando necess\u00e1rio. Al\u00e9m disso, nosso minucioso processo de inspe\u00e7\u00e3o de qualidade garante que todas as eslingas estejam prontas para uso imediato, com o respaldo de relat\u00f3rios que detalham a conformidade do produto com os padr\u00f5es do setor. Esse compromisso com a qualidade e o servi\u00e7o diferencia a Qingdao H&amp;F como parceira preferencial para empresas que buscam solu\u00e7\u00f5es de eleva\u00e7\u00e3o confi\u00e1veis.<\/p>\n<p>Nossa cinta de 1 tonelada representa uma combina\u00e7\u00e3o de desempenho, seguran\u00e7a e conveni\u00eancia, projetada para atender \u00e0s rigorosas demandas da ind\u00fastria moderna. Ao escolher a Qingdao H&amp;F, os compradores investem em uma parceria que valoriza suas prioridades, desde a integridade do produto at\u00e9 o servi\u00e7o r\u00e1pido e atencioso. Temos orgulho de fornecer n\u00e3o apenas um produto, mas uma solu\u00e7\u00e3o completa que se alinha \u00e0s necessidades operacionais e aos padr\u00f5es de qualidade de nossos clientes.<\/p>","protected":false},"excerpt":{"rendered":"<p>Nossa cinta de 1 tonelada combina for\u00e7a e versatilidade para tarefas de eleva\u00e7\u00e3o e i\u00e7amento em v\u00e1rios setores. Os compradores geralmente priorizam a durabilidade, a seguran\u00e7a e a facilidade de manuseio, e tudo isso \u00e9 oferecido por nossas eslingas de cinta. Feitas para suportar o uso em servi\u00e7os pesados, essas eslingas garantem a eleva\u00e7\u00e3o segura, mantendo a flexibilidade para diferentes aplica\u00e7\u00f5es. Como uma empresa comercial, a Qingdao H&amp;F oferece vantagens distintas, incluindo atendimento individualizado ao cliente, ciclo de entrega r\u00e1pido e relat\u00f3rios abrangentes de inspe\u00e7\u00e3o de qualidade, garantindo que cada compra atenda a rigorosos padr\u00f5es de seguran\u00e7a e qualidade.<\/p>","protected":false},"featured_media":8190,"comment_status":"open","ping_status":"closed","template":"","meta":{"site-sidebar-layout":"default","site-content-layout":"","ast-site-content-layout":"default","site-content-style":"default","site-sidebar-style":"default","ast-global-header-display":"","ast-banner-title-visibility":"","ast-main-header-display":"","ast-hfb-above-header-display":"","ast-hfb-below-header-display":"","ast-hfb-mobile-header-display":"","site-post-title":"","ast-breadcrumbs-content":"","ast-featured-img":"","footer-sml-layout":"","theme-transparent-header-meta":"default","adv-header-id-meta":"","stick-header-meta":"default","header-above-stick-meta":"","header-main-stick-meta":"","header-below-stick-meta":"","astra-migrate-meta-layouts":"set","ast-page-background-enabled":"default","ast-page-background-meta":{"desktop":{"background-color":"","background-image":"","background-repeat":"repeat","background-position":"center center","background-size":"auto","background-attachment":"scroll","background-type":"","background-media":"","overlay-type":"","overlay-color":"","overlay-opacity":"","overlay-gradient":""},"tablet":{"background-color":"","background-image":"","background-repeat":"repeat","background-position":"center center","background-size":"auto","background-attachment":"scroll","background-type":"","background-media":"","overlay-type":"","overlay-color":"","overlay-opacity":"","overlay-gradient":""},"mobile":{"background-color":"","background-image":"","background-repeat":"repeat","background-position":"center center","background-size":"auto","background-attachment":"scroll","background-type":"","background-media":"","overlay-type":"","overlay-color":"","overlay-opacity":"","overlay-gradient":""}},"ast-content-background-meta":{"desktop":{"background-color":"var(--ast-global-color-5)","background-image":"","background-repeat":"repeat","background-position":"center center","background-size":"auto","background-attachment":"scroll","background-type":"","background-media":"","overlay-type":"","overlay-color":"","overlay-opacity":"","overlay-gradient":""},"tablet":{"background-color":"var(--ast-global-color-5)","background-image":"","background-repeat":"repeat","background-position":"center center","background-size":"auto","background-attachment":"scroll","background-type":"","background-media":"","overlay-type":"","overlay-color":"","overlay-opacity":"","overlay-gradient":""},"mobile":{"background-color":"var(--ast-global-color-5)","background-image":"","background-repeat":"repeat","background-position":"center center","background-size":"auto","background-attachment":"scroll","background-type":"","background-media":"","overlay-type":"","overlay-color":"","overlay-opacity":"","overlay-gradient":""}}},"product_brand":[],"product_cat":[39],"product_tag":[],"class_list":{"0":"post-8189","1":"product","2":"type-product","3":"status-publish","4":"has-post-thumbnail","6":"product_cat-webbing-sling","7":"desktop-align-left","8":"tablet-align-left","9":"mobile-align-left","10":"ast-product-gallery-layout-horizontal-slider","11":"ast-product-gallery-with-no-image","12":"ast-product-tabs-layout-horizontal","14":"first","15":"instock","16":"shipping-taxable","17":"purchasable","18":"product-type-simple"},"yoast_head":"<!-- This site is optimized with the Yoast SEO plugin v25.2 - https:\/\/yoast.com\/wordpress\/plugins\/seo\/ -->\n<title>Flat Webbing Sling 1 Ton Polyester Double Duplex<\/title>\n<meta name=\"robots\" content=\"index, follow, max-snippet:-1, max-image-preview:large, max-video-preview:-1\" \/>\n<link rel=\"canonical\" href=\"https:\/\/qingdaohf.com\/pt\/produto\/eslinga-de-cinta-de-1-tonelada\/\" \/>\n<meta property=\"og:locale\" content=\"pt_BR\" \/>\n<meta property=\"og:type\" content=\"article\" \/>\n<meta property=\"og:title\" content=\"Flat Webbing Sling 1 Ton Polyester Double Duplex\" \/>\n<meta property=\"og:description\" content=\"Our 1-ton webbing sling combines strength and versatility for lifting and hoisting tasks across various industries. Buyers often prioritize durability, safety, and ease of handling, all of which our webbing slings deliver. Made to endure heavy-duty use, these slings ensure secure lifting while maintaining flexibility for different applications. As a trading company, Qingdao H&amp;F provides distinct advantages, including one-on-one customer service, a fast delivery cycle, and comprehensive quality inspection reports, ensuring that every purchase meets rigorous safety and quality standards.\" \/>\n<meta property=\"og:url\" content=\"https:\/\/qingdaohf.com\/pt\/produto\/eslinga-de-cinta-de-1-tonelada\/\" \/>\n<meta property=\"og:site_name\" content=\"Concrete Form &amp; Rigging Hardware Supplier\" \/>\n<meta property=\"article:publisher\" content=\"https:\/\/www.facebook.com\/qingdaohf\" \/>\n<meta property=\"article:modified_time\" content=\"2025-11-13T01:02:54+00:00\" \/>\n<meta property=\"og:image\" content=\"https:\/\/qingdaohf.com\/wp-content\/uploads\/2024\/10\/1ton_1.webp\" \/>\n\t<meta property=\"og:image:width\" content=\"1000\" \/>\n\t<meta property=\"og:image:height\" content=\"1000\" \/>\n\t<meta property=\"og:image:type\" content=\"image\/webp\" \/>\n<meta name=\"twitter:card\" content=\"summary_large_image\" \/>\n<meta name=\"twitter:label1\" content=\"Est. tempo de leitura\" \/>\n\t<meta name=\"twitter:data1\" content=\"4 minutos\" \/>\n<script type=\"application\/ld+json\" class=\"yoast-schema-graph\">{\"@context\":\"https:\/\/schema.org\",\"@graph\":[{\"@type\":\"WebPage\",\"@id\":\"https:\/\/qingdaohf.com\/product\/webbing-sling-1-ton\/\",\"url\":\"https:\/\/qingdaohf.com\/product\/webbing-sling-1-ton\/\",\"name\":\"Flat Webbing Sling 1 Ton Polyester Double Duplex\",\"isPartOf\":{\"@id\":\"https:\/\/qingdaohf.com\/bg\/#website\"},\"primaryImageOfPage\":{\"@id\":\"https:\/\/qingdaohf.com\/product\/webbing-sling-1-ton\/#primaryimage\"},\"image\":{\"@id\":\"https:\/\/qingdaohf.com\/product\/webbing-sling-1-ton\/#primaryimage\"},\"thumbnailUrl\":\"https:\/\/qingdaohf.com\/wp-content\/uploads\/2024\/10\/1ton_1.webp\",\"datePublished\":\"2024-11-05T05:59:31+00:00\",\"dateModified\":\"2025-11-13T01:02:54+00:00\",\"breadcrumb\":{\"@id\":\"https:\/\/qingdaohf.com\/product\/webbing-sling-1-ton\/#breadcrumb\"},\"inLanguage\":\"pt-BR\",\"potentialAction\":[{\"@type\":\"ReadAction\",\"target\":[\"https:\/\/qingdaohf.com\/product\/webbing-sling-1-ton\/\"]}]},{\"@type\":\"ImageObject\",\"inLanguage\":\"pt-BR\",\"@id\":\"https:\/\/qingdaohf.com\/product\/webbing-sling-1-ton\/#primaryimage\",\"url\":\"https:\/\/qingdaohf.com\/wp-content\/uploads\/2024\/10\/1ton_1.webp\",\"contentUrl\":\"https:\/\/qingdaohf.com\/wp-content\/uploads\/2024\/10\/1ton_1.webp\",\"width\":1000,\"height\":1000},{\"@type\":\"BreadcrumbList\",\"@id\":\"https:\/\/qingdaohf.com\/product\/webbing-sling-1-ton\/#breadcrumb\",\"itemListElement\":[{\"@type\":\"ListItem\",\"position\":1,\"name\":\"Home\",\"item\":\"https:\/\/qingdaohf.com\/\"},{\"@type\":\"ListItem\",\"position\":2,\"name\":\"Concrete Forming Accessories and Rigging Hardware\",\"item\":\"https:\/\/qingdaohf.com\/bg\/?page_id=944\"},{\"@type\":\"ListItem\",\"position\":3,\"name\":\"Flat Webbing Sling 1 Ton Polyester Double Duplex\"}]},{\"@type\":\"WebSite\",\"@id\":\"https:\/\/qingdaohf.com\/bg\/#website\",\"url\":\"https:\/\/qingdaohf.com\/bg\/\",\"name\":\"Concrete Form & Rigging Hardware Supplier\",\"description\":\"\",\"publisher\":{\"@id\":\"https:\/\/qingdaohf.com\/bg\/#organization\"},\"potentialAction\":[{\"@type\":\"SearchAction\",\"target\":{\"@type\":\"EntryPoint\",\"urlTemplate\":\"https:\/\/qingdaohf.com\/bg\/?s={search_term_string}\"},\"query-input\":{\"@type\":\"PropertyValueSpecification\",\"valueRequired\":true,\"valueName\":\"search_term_string\"}}],\"inLanguage\":\"pt-BR\"},{\"@type\":\"Organization\",\"@id\":\"https:\/\/qingdaohf.com\/bg\/#organization\",\"name\":\"Qingdao H&F\",\"url\":\"https:\/\/qingdaohf.com\/bg\/\",\"logo\":{\"@type\":\"ImageObject\",\"inLanguage\":\"pt-BR\",\"@id\":\"https:\/\/qingdaohf.com\/bg\/#\/schema\/logo\/image\/\",\"url\":\"https:\/\/qingdaohf.com\/wp-content\/uploads\/2022\/12\/cropped-HF-LOGO.png\",\"contentUrl\":\"https:\/\/qingdaohf.com\/wp-content\/uploads\/2022\/12\/cropped-HF-LOGO.png\",\"width\":391,\"height\":249,\"caption\":\"Qingdao H&F\"},\"image\":{\"@id\":\"https:\/\/qingdaohf.com\/bg\/#\/schema\/logo\/image\/\"},\"sameAs\":[\"https:\/\/www.facebook.com\/qingdaohf\"]}]}<\/script>\n<!-- \/ Yoast SEO plugin. -->","yoast_head_json":{"title":"Flat Webbing Sling 1 Ton Polyester Double Duplex","robots":{"index":"index","follow":"follow","max-snippet":"max-snippet:-1","max-image-preview":"max-image-preview:large","max-video-preview":"max-video-preview:-1"},"canonical":"https:\/\/qingdaohf.com\/pt\/produto\/eslinga-de-cinta-de-1-tonelada\/","og_locale":"pt_BR","og_type":"article","og_title":"Flat Webbing Sling 1 Ton Polyester Double Duplex","og_description":"Our 1-ton webbing sling combines strength and versatility for lifting and hoisting tasks across various industries. Buyers often prioritize durability, safety, and ease of handling, all of which our webbing slings deliver. Made to endure heavy-duty use, these slings ensure secure lifting while maintaining flexibility for different applications. As a trading company, Qingdao H&amp;F provides distinct advantages, including one-on-one customer service, a fast delivery cycle, and comprehensive quality inspection reports, ensuring that every purchase meets rigorous safety and quality standards.","og_url":"https:\/\/qingdaohf.com\/pt\/produto\/eslinga-de-cinta-de-1-tonelada\/","og_site_name":"Concrete Form &amp; Rigging Hardware Supplier","article_publisher":"https:\/\/www.facebook.com\/qingdaohf","article_modified_time":"2025-11-13T01:02:54+00:00","og_image":[{"width":1000,"height":1000,"url":"https:\/\/qingdaohf.com\/wp-content\/uploads\/2024\/10\/1ton_1.webp","type":"image\/webp"}],"twitter_card":"summary_large_image","twitter_misc":{"Est. tempo de leitura":"4 minutos"},"schema":{"@context":"https:\/\/schema.org","@graph":[{"@type":"WebPage","@id":"https:\/\/qingdaohf.com\/product\/webbing-sling-1-ton\/","url":"https:\/\/qingdaohf.com\/product\/webbing-sling-1-ton\/","name":"Flat Webbing Sling 1 Ton Polyester Double Duplex","isPartOf":{"@id":"https:\/\/qingdaohf.com\/bg\/#website"},"primaryImageOfPage":{"@id":"https:\/\/qingdaohf.com\/product\/webbing-sling-1-ton\/#primaryimage"},"image":{"@id":"https:\/\/qingdaohf.com\/product\/webbing-sling-1-ton\/#primaryimage"},"thumbnailUrl":"https:\/\/qingdaohf.com\/wp-content\/uploads\/2024\/10\/1ton_1.webp","datePublished":"2024-11-05T05:59:31+00:00","dateModified":"2025-11-13T01:02:54+00:00","breadcrumb":{"@id":"https:\/\/qingdaohf.com\/product\/webbing-sling-1-ton\/#breadcrumb"},"inLanguage":"pt-BR","potentialAction":[{"@type":"ReadAction","target":["https:\/\/qingdaohf.com\/product\/webbing-sling-1-ton\/"]}]},{"@type":"ImageObject","inLanguage":"pt-BR","@id":"https:\/\/qingdaohf.com\/product\/webbing-sling-1-ton\/#primaryimage","url":"https:\/\/qingdaohf.com\/wp-content\/uploads\/2024\/10\/1ton_1.webp","contentUrl":"https:\/\/qingdaohf.com\/wp-content\/uploads\/2024\/10\/1ton_1.webp","width":1000,"height":1000},{"@type":"BreadcrumbList","@id":"https:\/\/qingdaohf.com\/product\/webbing-sling-1-ton\/#breadcrumb","itemListElement":[{"@type":"ListItem","position":1,"name":"Home","item":"https:\/\/qingdaohf.com\/"},{"@type":"ListItem","position":2,"name":"Concrete Forming Accessories and Rigging Hardware","item":"https:\/\/qingdaohf.com\/bg\/?page_id=944"},{"@type":"ListItem","position":3,"name":"Flat Webbing Sling 1 Ton Polyester Double Duplex"}]},{"@type":"WebSite","@id":"https:\/\/qingdaohf.com\/bg\/#website","url":"https:\/\/qingdaohf.com\/bg\/","name":"Concrete Form & Rigging Hardware Supplier","description":"","publisher":{"@id":"https:\/\/qingdaohf.com\/bg\/#organization"},"potentialAction":[{"@type":"SearchAction","target":{"@type":"EntryPoint","urlTemplate":"https:\/\/qingdaohf.com\/bg\/?s={search_term_string}"},"query-input":{"@type":"PropertyValueSpecification","valueRequired":true,"valueName":"search_term_string"}}],"inLanguage":"pt-BR"},{"@type":"Organization","@id":"https:\/\/qingdaohf.com\/bg\/#organization","name":"Qingdao H&F","url":"https:\/\/qingdaohf.com\/bg\/","logo":{"@type":"ImageObject","inLanguage":"pt-BR","@id":"https:\/\/qingdaohf.com\/bg\/#\/schema\/logo\/image\/","url":"https:\/\/qingdaohf.com\/wp-content\/uploads\/2022\/12\/cropped-HF-LOGO.png","contentUrl":"https:\/\/qingdaohf.com\/wp-content\/uploads\/2022\/12\/cropped-HF-LOGO.png","width":391,"height":249,"caption":"Qingdao H&F"},"image":{"@id":"https:\/\/qingdaohf.com\/bg\/#\/schema\/logo\/image\/"},"sameAs":["https:\/\/www.facebook.com\/qingdaohf"]}]}},"_links":{"self":[{"href":"https:\/\/qingdaohf.com\/pt\/wp-json\/wp\/v2\/product\/8189","targetHints":{"allow":["GET"]}}],"collection":[{"href":"https:\/\/qingdaohf.com\/pt\/wp-json\/wp\/v2\/product"}],"about":[{"href":"https:\/\/qingdaohf.com\/pt\/wp-json\/wp\/v2\/types\/product"}],"replies":[{"embeddable":true,"href":"https:\/\/qingdaohf.com\/pt\/wp-json\/wp\/v2\/comments?post=8189"}],"version-history":[{"count":2,"href":"https:\/\/qingdaohf.com\/pt\/wp-json\/wp\/v2\/product\/8189\/revisions"}],"predecessor-version":[{"id":8340,"href":"https:\/\/qingdaohf.com\/pt\/wp-json\/wp\/v2\/product\/8189\/revisions\/8340"}],"wp:featuredmedia":[{"embeddable":true,"href":"https:\/\/qingdaohf.com\/pt\/wp-json\/wp\/v2\/media\/8190"}],"wp:attachment":[{"href":"https:\/\/qingdaohf.com\/pt\/wp-json\/wp\/v2\/media?parent=8189"}],"wp:term":[{"taxonomy":"product_brand","embeddable":true,"href":"https:\/\/qingdaohf.com\/pt\/wp-json\/wp\/v2\/product_brand?post=8189"},{"taxonomy":"product_cat","embeddable":true,"href":"https:\/\/qingdaohf.com\/pt\/wp-json\/wp\/v2\/product_cat?post=8189"},{"taxonomy":"product_tag","embeddable":true,"href":"https:\/\/qingdaohf.com\/pt\/wp-json\/wp\/v2\/product_tag?post=8189"}],"curies":[{"name":"wp","href":"https:\/\/api.w.org\/{rel}","templated":true}]}}