{"id":8277,"date":"2024-11-05T14:01:41","date_gmt":"2024-11-05T06:01:41","guid":{"rendered":"http:\/\/qingdaohf.com\/?post_type=product&#038;p=8277"},"modified":"2025-11-13T09:02:53","modified_gmt":"2025-11-13T01:02:53","slug":"webbing-sling-2-ton","status":"publish","type":"product","link":"https:\/\/qingdaohf.com\/pt\/produto\/estilingue-de-cinta-de-2-toneladas\/","title":{"rendered":"Flat Webbing Sling 2 Ton Polyester Double Duplex"},"content":{"rendered":"<div class=\"flex max-w-full flex-col flex-grow\">\n<div class=\"min-h-8 text-message flex w-full flex-col items-end gap-2 whitespace-normal break-words [.text-message+&amp;]:mt-5\" dir=\"auto\" data-message-author-role=\"assistant\" data-message-id=\"df1a8cb9-4730-4671-a7fd-4bac8c133d3f\" data-message-model-slug=\"gpt-4o\">\n<div class=\"flex w-full flex-col gap-1 empty:hidden first:pt-[3px]\">\n<div class=\"markdown prose w-full break-words dark:prose-invert light\">\n<h3><strong>Sling vers\u00e1til de 2 toneladas para solu\u00e7\u00f5es de eleva\u00e7\u00e3o robustas<\/strong><\/h3>\n<p>A cinta de 2 toneladas \u00e9 uma ferramenta essencial para elevar e manusear cargas pesadas com seguran\u00e7a em v\u00e1rios setores. Constru\u00edda com fibras sint\u00e9ticas de alta qualidade, essa eslinga \u00e9 forte e flex\u00edvel, combinando a durabilidade necess\u00e1ria para condi\u00e7\u00f5es desafiadoras com a facilidade de uso. A capacidade de 2 toneladas \u00e9 adequada para cargas de m\u00e9dio porte, o que a torna altamente vers\u00e1til em setores como constru\u00e7\u00e3o, armazenagem, transporte e manufatura. A cinta de 2 toneladas da Qingdao H&amp;F oferece uma solu\u00e7\u00e3o confi\u00e1vel que atende \u00e0s expectativas de desempenho e seguran\u00e7a de profissionais de diversas \u00e1reas.<\/p>\n<p>Nos setores em que o levantamento de peso \u00e9 essencial, \u00e9 fundamental garantir a seguran\u00e7a e a confiabilidade do equipamento. A cinta de 2 toneladas da Qingdao H&amp;F foi projetada especificamente para oferecer resist\u00eancia ideal sem comprometer a flexibilidade, permitindo o manuseio seguro e eficiente da carga. Os compradores buscam uma combina\u00e7\u00e3o de alta capacidade de carga, durabilidade e resist\u00eancia ao desgaste, todos os recursos cuidadosamente integrados ao design dessa eslinga. Com sua constru\u00e7\u00e3o sint\u00e9tica, a eslinga de 2 toneladas \u00e9 mais leve e mais f\u00e1cil de manusear do que as alternativas de metal, reduzindo a probabilidade de fadiga do operador e aumentando a seguran\u00e7a geral.<\/p>\n<p>A Qingdao H&amp;F complementa a qualidade superior de suas eslingas com servi\u00e7os voltados para o cliente. Cada produto passa por uma inspe\u00e7\u00e3o rigorosa, acompanhada de relat\u00f3rios de qualidade abrangentes para garantir que os compradores tenham total confian\u00e7a em sua compra. Nossa abordagem individualizada de atendimento ao cliente garante que as necessidades exclusivas de cada comprador sejam atendidas, e nosso eficiente processo de entrega garante a chegada em tempo h\u00e1bil para fluxos de trabalho de projeto ininterruptos.<\/p>\n<h3><strong>Constru\u00e7\u00e3o e qualidade do material para um desempenho duradouro<\/strong><\/h3>\n<p>A composi\u00e7\u00e3o do material da cinta de 2 toneladas \u00e9 uma de suas caracter\u00edsticas definidoras, escolhida para suportar o uso repetido em condi\u00e7\u00f5es exigentes. Normalmente feitas de poli\u00e9ster ou n\u00e1ilon, cada material traz benef\u00edcios espec\u00edficos. As eslingas de poli\u00e9ster, por exemplo, s\u00e3o resistentes \u00e0 umidade e aos raios UV, o que as torna ideais para aplica\u00e7\u00f5es externas e de longo prazo. As eslingas de n\u00e1ilon, conhecidas por sua elasticidade, oferecem excelente absor\u00e7\u00e3o de choques, o que \u00e9 valioso ao lidar com cargas din\u00e2micas. Independentemente do material, cada eslinga \u00e9 submetida a testes meticulosos para confirmar que pode suportar at\u00e9 2 toneladas com seguran\u00e7a.<\/p>\n<p>Os processos de produ\u00e7\u00e3o s\u00e3o cuidadosamente controlados para garantir uniformidade e confiabilidade. Desde a sele\u00e7\u00e3o da fibra at\u00e9 a tecelagem final, cada etapa \u00e9 realizada tendo em mente a durabilidade, garantindo que o sling permane\u00e7a forte ao longo do tempo. Os la\u00e7os refor\u00e7ados e os acabamentos resistentes \u00e0 abras\u00e3o prolongam ainda mais a vida \u00fatil do produto, agregando valor aos compradores que buscam solu\u00e7\u00f5es de eleva\u00e7\u00e3o econ\u00f4micas e de alto desempenho. Com cada linga, a Qingdao H&amp;F oferece a garantia de um produto testado quanto \u00e0 seguran\u00e7a, confiabilidade e longevidade, atendendo aos padr\u00f5es exigentes dos setores que dependem de equipamentos de eleva\u00e7\u00e3o confi\u00e1veis.<\/p>\n<h3><strong>Aplica\u00e7\u00f5es em diversos setores<\/strong><\/h3>\n<p>A adaptabilidade da cinta de 2 toneladas a torna valiosa em v\u00e1rios campos, incluindo log\u00edstica, constru\u00e7\u00e3o e manuten\u00e7\u00e3o industrial. Na constru\u00e7\u00e3o, por exemplo, essa faixa de capacidade \u00e9 adequada para posicionar vigas, fixar maquin\u00e1rio pesado ou mover materiais de constru\u00e7\u00e3o essenciais. O design leve e robusto das eslingas de cinta simplifica o manuseio da carga nesses cen\u00e1rios e, ao contr\u00e1rio das correntes de a\u00e7o, o material sint\u00e9tico minimiza o risco de danos \u00e0 superf\u00edcie. Em log\u00edstica e armazenagem, a capacidade de 2 toneladas acomoda remessas e materiais de peso m\u00e9dio, ideal para situa\u00e7\u00f5es que exigem estabilidade da carga e manuseio cuidadoso.<\/p>\n<p>Al\u00e9m da resist\u00eancia e da durabilidade, os compradores geralmente valorizam a flexibilidade oferecida pelas eslingas de cintas em compara\u00e7\u00e3o com as correntes ou cordas de eleva\u00e7\u00e3o tradicionais. O material sint\u00e9tico permite manobras mais f\u00e1ceis, tornando-o pr\u00e1tico para opera\u00e7\u00f5es de eleva\u00e7\u00e3o em espa\u00e7os confinados ou sob configura\u00e7\u00f5es de carga exclusivas. Al\u00e9m disso, o design da cinta de 2 toneladas permite eleva\u00e7\u00f5es mais seguras e est\u00e1veis, aumentando a confian\u00e7a do operador e reduzindo o risco de acidentes ou danos materiais. Com o foco da Qingdao H&amp;F em qualidade e desempenho, cada linga oferece uma solu\u00e7\u00e3o pr\u00e1tica, segura e vers\u00e1til, adequada a v\u00e1rios setores.<\/p>\n<h3><strong>Compromisso da Qingdao H&amp;F com o servi\u00e7o e a garantia de qualidade<\/strong><\/h3>\n<p>A Qingdao H&amp;F n\u00e3o apenas fornece produtos de alta qualidade, mas tamb\u00e9m se concentra em proporcionar uma experi\u00eancia de compra excepcional. A cinta de 2 toneladas vem com um relat\u00f3rio de inspe\u00e7\u00e3o abrangente, garantindo transpar\u00eancia na qualidade do produto e conformidade com os padr\u00f5es do setor. Cada relat\u00f3rio detalha as m\u00e9tricas cr\u00edticas de desempenho, proporcionando aos compradores confian\u00e7a em seu investimento. Ao verificar a capacidade de carga e confirmar a durabilidade do produto, esses relat\u00f3rios oferecem percep\u00e7\u00f5es essenciais para as empresas que priorizam solu\u00e7\u00f5es de eleva\u00e7\u00e3o seguras e eficazes.<\/p>\n<p>Al\u00e9m disso, o compromisso da Qingdao H&amp;F com o atendimento ao cliente aumenta o valor de nossas eslingas de cinta. Com suporte individualizado, nossa equipe auxilia os clientes na escolha de produtos adaptados \u00e0s suas necessidades operacionais. Esse servi\u00e7o personalizado continua ap\u00f3s a compra, fornecendo orienta\u00e7\u00e3o sobre pr\u00e1ticas de manuten\u00e7\u00e3o que prolongam a vida \u00fatil do produto. Al\u00e9m disso, nossos ciclos de entrega r\u00e1pida se alinham com as demandas urgentes de nossos clientes, garantindo que eles recebam suas eslingas prontamente para evitar atrasos em suas opera\u00e7\u00f5es.<\/p>\n<p>Para os compradores focados em qualidade, confiabilidade e servi\u00e7o eficiente, a Qingdao H&amp;F oferece uma solu\u00e7\u00e3o abrangente com sua cinta de 2 toneladas. Esse produto incorpora resist\u00eancia e flexibilidade, juntamente com a dedica\u00e7\u00e3o em atender \u00e0s necessidades log\u00edsticas e de seguran\u00e7a dos clientes. Com cada cinta, os compradores se beneficiam n\u00e3o apenas de uma ferramenta de eleva\u00e7\u00e3o de alto n\u00edvel, mas tamb\u00e9m do suporte e da garantia de uma empresa comprometida com a excel\u00eancia.<\/p>\n<\/div>\n<\/div>\n<\/div>\n<\/div>\n<div class=\"mb-2 flex gap-3 empty:hidden -ml-2\">\n<div class=\"items-center justify-start rounded-xl p-1 flex\">\n<div class=\"flex items-center\"><\/div>\n<\/div>\n<\/div>","protected":false},"excerpt":{"rendered":"<p>A cinta de 2 toneladas da Qingdao H&amp;F \u00e9 uma solu\u00e7\u00e3o confi\u00e1vel e de alta capacidade para v\u00e1rias aplica\u00e7\u00f5es de eleva\u00e7\u00e3o. Os compradores geralmente priorizam fatores como seguran\u00e7a da carga, durabilidade e facilidade de manuseio, todos os quais essa eslinga de cinta oferece. Fabricada com fibras sint\u00e9ticas fortes, ela resiste a condi\u00e7\u00f5es exigentes, oferecendo desempenho confi\u00e1vel. Como uma empresa comercial, a Qingdao H&amp;F oferece benef\u00edcios significativos, incluindo atendimento individualizado ao cliente, ciclos de entrega r\u00e1pidos e relat\u00f3rios detalhados de inspe\u00e7\u00e3o de qualidade, garantindo que cada produto atenda a padr\u00f5es rigorosos e \u00e0s expectativas do comprador.<\/p>","protected":false},"featured_media":8196,"comment_status":"open","ping_status":"closed","template":"","meta":{"site-sidebar-layout":"default","site-content-layout":"","ast-site-content-layout":"default","site-content-style":"default","site-sidebar-style":"default","ast-global-header-display":"","ast-banner-title-visibility":"","ast-main-header-display":"","ast-hfb-above-header-display":"","ast-hfb-below-header-display":"","ast-hfb-mobile-header-display":"","site-post-title":"","ast-breadcrumbs-content":"","ast-featured-img":"","footer-sml-layout":"","theme-transparent-header-meta":"default","adv-header-id-meta":"","stick-header-meta":"default","header-above-stick-meta":"","header-main-stick-meta":"","header-below-stick-meta":"","astra-migrate-meta-layouts":"set","ast-page-background-enabled":"default","ast-page-background-meta":{"desktop":{"background-color":"","background-image":"","background-repeat":"repeat","background-position":"center center","background-size":"auto","background-attachment":"scroll","background-type":"","background-media":"","overlay-type":"","overlay-color":"","overlay-opacity":"","overlay-gradient":""},"tablet":{"background-color":"","background-image":"","background-repeat":"repeat","background-position":"center center","background-size":"auto","background-attachment":"scroll","background-type":"","background-media":"","overlay-type":"","overlay-color":"","overlay-opacity":"","overlay-gradient":""},"mobile":{"background-color":"","background-image":"","background-repeat":"repeat","background-position":"center center","background-size":"auto","background-attachment":"scroll","background-type":"","background-media":"","overlay-type":"","overlay-color":"","overlay-opacity":"","overlay-gradient":""}},"ast-content-background-meta":{"desktop":{"background-color":"var(--ast-global-color-5)","background-image":"","background-repeat":"repeat","background-position":"center center","background-size":"auto","background-attachment":"scroll","background-type":"","background-media":"","overlay-type":"","overlay-color":"","overlay-opacity":"","overlay-gradient":""},"tablet":{"background-color":"var(--ast-global-color-5)","background-image":"","background-repeat":"repeat","background-position":"center center","background-size":"auto","background-attachment":"scroll","background-type":"","background-media":"","overlay-type":"","overlay-color":"","overlay-opacity":"","overlay-gradient":""},"mobile":{"background-color":"var(--ast-global-color-5)","background-image":"","background-repeat":"repeat","background-position":"center center","background-size":"auto","background-attachment":"scroll","background-type":"","background-media":"","overlay-type":"","overlay-color":"","overlay-opacity":"","overlay-gradient":""}}},"product_brand":[],"product_cat":[39],"product_tag":[],"class_list":{"0":"post-8277","1":"product","2":"type-product","3":"status-publish","4":"has-post-thumbnail","6":"product_cat-webbing-sling","7":"desktop-align-left","8":"tablet-align-left","9":"mobile-align-left","10":"ast-product-gallery-layout-horizontal-slider","11":"ast-product-gallery-with-no-image","12":"ast-product-tabs-layout-horizontal","14":"first","15":"instock","16":"shipping-taxable","17":"purchasable","18":"product-type-simple"},"yoast_head":"<!-- This site is optimized with the Yoast SEO plugin v25.2 - https:\/\/yoast.com\/wordpress\/plugins\/seo\/ -->\n<title>Flat Webbing Sling 2 Ton Polyester Double Duplex<\/title>\n<meta name=\"robots\" content=\"index, follow, max-snippet:-1, max-image-preview:large, max-video-preview:-1\" \/>\n<link rel=\"canonical\" href=\"https:\/\/qingdaohf.com\/pt\/produto\/estilingue-de-cinta-de-2-toneladas\/\" \/>\n<meta property=\"og:locale\" content=\"pt_BR\" \/>\n<meta property=\"og:type\" content=\"article\" \/>\n<meta property=\"og:title\" content=\"Flat Webbing Sling 2 Ton Polyester Double Duplex\" \/>\n<meta property=\"og:description\" content=\"The 2-ton webbing sling from Qingdao H&amp;F is a dependable, high-capacity solution for various lifting applications. Buyers often prioritize factors like load security, durability, and ease of handling, all of which this webbing sling provides. Crafted with strong synthetic fibers, it withstands demanding conditions, offering reliable performance. As a trading company, Qingdao H&amp;F delivers significant benefits, including one-to-one customer service, rapid delivery cycles, and detailed quality inspection reports, ensuring each product meets rigorous standards and buyer expectations.\" \/>\n<meta property=\"og:url\" content=\"https:\/\/qingdaohf.com\/pt\/produto\/estilingue-de-cinta-de-2-toneladas\/\" \/>\n<meta property=\"og:site_name\" content=\"Concrete Form &amp; Rigging Hardware Supplier\" \/>\n<meta property=\"article:publisher\" content=\"https:\/\/www.facebook.com\/qingdaohf\" \/>\n<meta property=\"article:modified_time\" content=\"2025-11-13T01:02:53+00:00\" \/>\n<meta property=\"og:image\" content=\"https:\/\/qingdaohf.com\/wp-content\/uploads\/2024\/10\/2-ton_1.webp\" \/>\n\t<meta property=\"og:image:width\" content=\"1000\" \/>\n\t<meta property=\"og:image:height\" content=\"1000\" \/>\n\t<meta property=\"og:image:type\" content=\"image\/webp\" \/>\n<meta name=\"twitter:card\" content=\"summary_large_image\" \/>\n<meta name=\"twitter:label1\" content=\"Est. tempo de leitura\" \/>\n\t<meta name=\"twitter:data1\" content=\"4 minutos\" \/>\n<script type=\"application\/ld+json\" class=\"yoast-schema-graph\">{\"@context\":\"https:\/\/schema.org\",\"@graph\":[{\"@type\":\"WebPage\",\"@id\":\"https:\/\/qingdaohf.com\/product\/webbing-sling-2-ton\/\",\"url\":\"https:\/\/qingdaohf.com\/product\/webbing-sling-2-ton\/\",\"name\":\"Flat Webbing Sling 2 Ton Polyester Double Duplex\",\"isPartOf\":{\"@id\":\"https:\/\/qingdaohf.com\/bg\/#website\"},\"primaryImageOfPage\":{\"@id\":\"https:\/\/qingdaohf.com\/product\/webbing-sling-2-ton\/#primaryimage\"},\"image\":{\"@id\":\"https:\/\/qingdaohf.com\/product\/webbing-sling-2-ton\/#primaryimage\"},\"thumbnailUrl\":\"https:\/\/qingdaohf.com\/wp-content\/uploads\/2024\/10\/2-ton_1.webp\",\"datePublished\":\"2024-11-05T06:01:41+00:00\",\"dateModified\":\"2025-11-13T01:02:53+00:00\",\"breadcrumb\":{\"@id\":\"https:\/\/qingdaohf.com\/product\/webbing-sling-2-ton\/#breadcrumb\"},\"inLanguage\":\"pt-BR\",\"potentialAction\":[{\"@type\":\"ReadAction\",\"target\":[\"https:\/\/qingdaohf.com\/product\/webbing-sling-2-ton\/\"]}]},{\"@type\":\"ImageObject\",\"inLanguage\":\"pt-BR\",\"@id\":\"https:\/\/qingdaohf.com\/product\/webbing-sling-2-ton\/#primaryimage\",\"url\":\"https:\/\/qingdaohf.com\/wp-content\/uploads\/2024\/10\/2-ton_1.webp\",\"contentUrl\":\"https:\/\/qingdaohf.com\/wp-content\/uploads\/2024\/10\/2-ton_1.webp\",\"width\":1000,\"height\":1000,\"caption\":\"webbing sling 2 ton\"},{\"@type\":\"BreadcrumbList\",\"@id\":\"https:\/\/qingdaohf.com\/product\/webbing-sling-2-ton\/#breadcrumb\",\"itemListElement\":[{\"@type\":\"ListItem\",\"position\":1,\"name\":\"Home\",\"item\":\"https:\/\/qingdaohf.com\/\"},{\"@type\":\"ListItem\",\"position\":2,\"name\":\"Concrete Forming Accessories and Rigging Hardware\",\"item\":\"https:\/\/qingdaohf.com\/bg\/?page_id=944\"},{\"@type\":\"ListItem\",\"position\":3,\"name\":\"Flat Webbing Sling 2 Ton Polyester Double Duplex\"}]},{\"@type\":\"WebSite\",\"@id\":\"https:\/\/qingdaohf.com\/bg\/#website\",\"url\":\"https:\/\/qingdaohf.com\/bg\/\",\"name\":\"Concrete Form & Rigging Hardware Supplier\",\"description\":\"\",\"publisher\":{\"@id\":\"https:\/\/qingdaohf.com\/bg\/#organization\"},\"potentialAction\":[{\"@type\":\"SearchAction\",\"target\":{\"@type\":\"EntryPoint\",\"urlTemplate\":\"https:\/\/qingdaohf.com\/bg\/?s={search_term_string}\"},\"query-input\":{\"@type\":\"PropertyValueSpecification\",\"valueRequired\":true,\"valueName\":\"search_term_string\"}}],\"inLanguage\":\"pt-BR\"},{\"@type\":\"Organization\",\"@id\":\"https:\/\/qingdaohf.com\/bg\/#organization\",\"name\":\"Qingdao H&F\",\"url\":\"https:\/\/qingdaohf.com\/bg\/\",\"logo\":{\"@type\":\"ImageObject\",\"inLanguage\":\"pt-BR\",\"@id\":\"https:\/\/qingdaohf.com\/bg\/#\/schema\/logo\/image\/\",\"url\":\"https:\/\/qingdaohf.com\/wp-content\/uploads\/2022\/12\/cropped-HF-LOGO.png\",\"contentUrl\":\"https:\/\/qingdaohf.com\/wp-content\/uploads\/2022\/12\/cropped-HF-LOGO.png\",\"width\":391,\"height\":249,\"caption\":\"Qingdao H&F\"},\"image\":{\"@id\":\"https:\/\/qingdaohf.com\/bg\/#\/schema\/logo\/image\/\"},\"sameAs\":[\"https:\/\/www.facebook.com\/qingdaohf\"]}]}<\/script>\n<!-- \/ Yoast SEO plugin. -->","yoast_head_json":{"title":"Flat Webbing Sling 2 Ton Polyester Double Duplex","robots":{"index":"index","follow":"follow","max-snippet":"max-snippet:-1","max-image-preview":"max-image-preview:large","max-video-preview":"max-video-preview:-1"},"canonical":"https:\/\/qingdaohf.com\/pt\/produto\/estilingue-de-cinta-de-2-toneladas\/","og_locale":"pt_BR","og_type":"article","og_title":"Flat Webbing Sling 2 Ton Polyester Double Duplex","og_description":"The 2-ton webbing sling from Qingdao H&amp;F is a dependable, high-capacity solution for various lifting applications. Buyers often prioritize factors like load security, durability, and ease of handling, all of which this webbing sling provides. Crafted with strong synthetic fibers, it withstands demanding conditions, offering reliable performance. As a trading company, Qingdao H&amp;F delivers significant benefits, including one-to-one customer service, rapid delivery cycles, and detailed quality inspection reports, ensuring each product meets rigorous standards and buyer expectations.","og_url":"https:\/\/qingdaohf.com\/pt\/produto\/estilingue-de-cinta-de-2-toneladas\/","og_site_name":"Concrete Form &amp; Rigging Hardware Supplier","article_publisher":"https:\/\/www.facebook.com\/qingdaohf","article_modified_time":"2025-11-13T01:02:53+00:00","og_image":[{"width":1000,"height":1000,"url":"https:\/\/qingdaohf.com\/wp-content\/uploads\/2024\/10\/2-ton_1.webp","type":"image\/webp"}],"twitter_card":"summary_large_image","twitter_misc":{"Est. tempo de leitura":"4 minutos"},"schema":{"@context":"https:\/\/schema.org","@graph":[{"@type":"WebPage","@id":"https:\/\/qingdaohf.com\/product\/webbing-sling-2-ton\/","url":"https:\/\/qingdaohf.com\/product\/webbing-sling-2-ton\/","name":"Flat Webbing Sling 2 Ton Polyester Double Duplex","isPartOf":{"@id":"https:\/\/qingdaohf.com\/bg\/#website"},"primaryImageOfPage":{"@id":"https:\/\/qingdaohf.com\/product\/webbing-sling-2-ton\/#primaryimage"},"image":{"@id":"https:\/\/qingdaohf.com\/product\/webbing-sling-2-ton\/#primaryimage"},"thumbnailUrl":"https:\/\/qingdaohf.com\/wp-content\/uploads\/2024\/10\/2-ton_1.webp","datePublished":"2024-11-05T06:01:41+00:00","dateModified":"2025-11-13T01:02:53+00:00","breadcrumb":{"@id":"https:\/\/qingdaohf.com\/product\/webbing-sling-2-ton\/#breadcrumb"},"inLanguage":"pt-BR","potentialAction":[{"@type":"ReadAction","target":["https:\/\/qingdaohf.com\/product\/webbing-sling-2-ton\/"]}]},{"@type":"ImageObject","inLanguage":"pt-BR","@id":"https:\/\/qingdaohf.com\/product\/webbing-sling-2-ton\/#primaryimage","url":"https:\/\/qingdaohf.com\/wp-content\/uploads\/2024\/10\/2-ton_1.webp","contentUrl":"https:\/\/qingdaohf.com\/wp-content\/uploads\/2024\/10\/2-ton_1.webp","width":1000,"height":1000,"caption":"webbing sling 2 ton"},{"@type":"BreadcrumbList","@id":"https:\/\/qingdaohf.com\/product\/webbing-sling-2-ton\/#breadcrumb","itemListElement":[{"@type":"ListItem","position":1,"name":"Home","item":"https:\/\/qingdaohf.com\/"},{"@type":"ListItem","position":2,"name":"Concrete Forming Accessories and Rigging Hardware","item":"https:\/\/qingdaohf.com\/bg\/?page_id=944"},{"@type":"ListItem","position":3,"name":"Flat Webbing Sling 2 Ton Polyester Double Duplex"}]},{"@type":"WebSite","@id":"https:\/\/qingdaohf.com\/bg\/#website","url":"https:\/\/qingdaohf.com\/bg\/","name":"Concrete Form & Rigging Hardware Supplier","description":"","publisher":{"@id":"https:\/\/qingdaohf.com\/bg\/#organization"},"potentialAction":[{"@type":"SearchAction","target":{"@type":"EntryPoint","urlTemplate":"https:\/\/qingdaohf.com\/bg\/?s={search_term_string}"},"query-input":{"@type":"PropertyValueSpecification","valueRequired":true,"valueName":"search_term_string"}}],"inLanguage":"pt-BR"},{"@type":"Organization","@id":"https:\/\/qingdaohf.com\/bg\/#organization","name":"Qingdao H&F","url":"https:\/\/qingdaohf.com\/bg\/","logo":{"@type":"ImageObject","inLanguage":"pt-BR","@id":"https:\/\/qingdaohf.com\/bg\/#\/schema\/logo\/image\/","url":"https:\/\/qingdaohf.com\/wp-content\/uploads\/2022\/12\/cropped-HF-LOGO.png","contentUrl":"https:\/\/qingdaohf.com\/wp-content\/uploads\/2022\/12\/cropped-HF-LOGO.png","width":391,"height":249,"caption":"Qingdao H&F"},"image":{"@id":"https:\/\/qingdaohf.com\/bg\/#\/schema\/logo\/image\/"},"sameAs":["https:\/\/www.facebook.com\/qingdaohf"]}]}},"_links":{"self":[{"href":"https:\/\/qingdaohf.com\/pt\/wp-json\/wp\/v2\/product\/8277","targetHints":{"allow":["GET"]}}],"collection":[{"href":"https:\/\/qingdaohf.com\/pt\/wp-json\/wp\/v2\/product"}],"about":[{"href":"https:\/\/qingdaohf.com\/pt\/wp-json\/wp\/v2\/types\/product"}],"replies":[{"embeddable":true,"href":"https:\/\/qingdaohf.com\/pt\/wp-json\/wp\/v2\/comments?post=8277"}],"version-history":[{"count":3,"href":"https:\/\/qingdaohf.com\/pt\/wp-json\/wp\/v2\/product\/8277\/revisions"}],"predecessor-version":[{"id":8339,"href":"https:\/\/qingdaohf.com\/pt\/wp-json\/wp\/v2\/product\/8277\/revisions\/8339"}],"wp:featuredmedia":[{"embeddable":true,"href":"https:\/\/qingdaohf.com\/pt\/wp-json\/wp\/v2\/media\/8196"}],"wp:attachment":[{"href":"https:\/\/qingdaohf.com\/pt\/wp-json\/wp\/v2\/media?parent=8277"}],"wp:term":[{"taxonomy":"product_brand","embeddable":true,"href":"https:\/\/qingdaohf.com\/pt\/wp-json\/wp\/v2\/product_brand?post=8277"},{"taxonomy":"product_cat","embeddable":true,"href":"https:\/\/qingdaohf.com\/pt\/wp-json\/wp\/v2\/product_cat?post=8277"},{"taxonomy":"product_tag","embeddable":true,"href":"https:\/\/qingdaohf.com\/pt\/wp-json\/wp\/v2\/product_tag?post=8277"}],"curies":[{"name":"wp","href":"https:\/\/api.w.org\/{rel}","templated":true}]}}