{"id":8280,"date":"2024-11-05T16:43:34","date_gmt":"2024-11-05T08:43:34","guid":{"rendered":"http:\/\/qingdaohf.com\/?post_type=product&#038;p=8280"},"modified":"2025-11-13T09:02:53","modified_gmt":"2025-11-13T01:02:53","slug":"webbing-sling-3-ton","status":"publish","type":"product","link":"https:\/\/qingdaohf.com\/pt\/produto\/estilingue-de-cinta-de-3-toneladas\/","title":{"rendered":"Flat Webbing Sling 3 Ton Polyester Double Duplex"},"content":{"rendered":"<h3><strong>Sling de cinta de 3 toneladas confi\u00e1vel para aplica\u00e7\u00f5es de eleva\u00e7\u00e3o de cargas pesadas<\/strong><\/h3>\n<p>No mundo do manuseio de materiais, a cinta de 3 toneladas se destaca como uma solu\u00e7\u00e3o robusta para eleva\u00e7\u00e3o e fixa\u00e7\u00e3o de cargas pesadas em v\u00e1rios setores. Com um equil\u00edbrio ideal de resist\u00eancia, flexibilidade e seguran\u00e7a, essa eslinga foi projetada para atender \u00e0s rigorosas demandas de tarefas que v\u00e3o da constru\u00e7\u00e3o \u00e0 log\u00edstica. Constru\u00edda com fibras sint\u00e9ticas de alta qualidade, a cinta de 3 toneladas foi projetada para oferecer desempenho confi\u00e1vel, o que a torna um recurso essencial para qualquer opera\u00e7\u00e3o que envolva o levantamento de pesos significativos.<\/p>\n<p>A crescente demanda por solu\u00e7\u00f5es vers\u00e1teis de eleva\u00e7\u00e3o levou ao uso generalizado de eslingas de cintas em ambientes comerciais e industriais. A cinta de 3 toneladas foi criada especificamente para lidar com cargas pesadas de m\u00e9dio porte, proporcionando um meio confi\u00e1vel para que os operadores realizem suas tarefas com efici\u00eancia e seguran\u00e7a. Os compradores geralmente expressam preocupa\u00e7\u00e3o com a seguran\u00e7a e a durabilidade da carga, que s\u00e3o fundamentais na sele\u00e7\u00e3o de equipamentos de eleva\u00e7\u00e3o. A cinta de 3 toneladas atende a essas preocupa\u00e7\u00f5es, garantindo que ela possa suportar condi\u00e7\u00f5es exigentes e, ao mesmo tempo, manter sua integridade e desempenho ao longo do tempo.<\/p>\n<p>Uma das caracter\u00edsticas de destaque da cinta de 3 toneladas \u00e9 sua constru\u00e7\u00e3o, que normalmente envolve fibras de poli\u00e9ster ou n\u00e1ilon de alta resist\u00eancia. Esses materiais oferecem v\u00e1rios benef\u00edcios, inclusive resist\u00eancia ao desgaste, estabilidade aos raios UV e resist\u00eancia \u00e0 umidade. A combina\u00e7\u00e3o dessas caracter\u00edsticas garante que a eslinga tenha um bom desempenho mesmo em ambientes externos desafiadores, tornando-a adequada para uma s\u00e9rie de aplica\u00e7\u00f5es.<\/p>\n<p>Na Qingdao H&amp;F, temos orgulho de nossa capacidade de fornecer n\u00e3o apenas produtos de alta qualidade, mas tamb\u00e9m um servi\u00e7o excepcional. Nosso compromisso com o atendimento individualizado ao cliente significa que cada cliente recebe aten\u00e7\u00e3o personalizada, adaptada \u00e0s suas necessidades espec\u00edficas. Essa abordagem promove a confian\u00e7a e garante que os compradores se sintam apoiados durante toda a sua jornada de compra. Al\u00e9m disso, enfatizamos a import\u00e2ncia da entrega pontual, e nossos eficientes processos de log\u00edstica garantem que os clientes recebam suas eslingas sem atrasos desnecess\u00e1rios. Acompanhados de relat\u00f3rios abrangentes de inspe\u00e7\u00e3o de qualidade, nossos produtos proporcionam tranquilidade aos compradores, garantindo que eles atendam aos padr\u00f5es de seguran\u00e7a e desempenho exigidos.<\/p>\n<h3><strong>Qualidade da constru\u00e7\u00e3o e desempenho do material<\/strong><\/h3>\n<p>A qualidade dos materiais usados na eslinga de cinta de 3 toneladas \u00e9 essencial para seu desempenho e longevidade. Quando selecionamos os materiais para produ\u00e7\u00e3o, nos concentramos na durabilidade e na resist\u00eancia. O poli\u00e9ster, conhecido por sua baixa elasticidade e alta resist\u00eancia \u00e0 abras\u00e3o, \u00e9 uma escolha popular. Essa fibra \u00e9 particularmente eficaz na manuten\u00e7\u00e3o da estabilidade da carga, o que \u00e9 essencial para opera\u00e7\u00f5es de eleva\u00e7\u00e3o seguras. Por outro lado, o n\u00e1ilon oferece elasticidade superior, que pode absorver cargas de choque durante o levantamento, um recurso que pode ser ben\u00e9fico em v\u00e1rias aplica\u00e7\u00f5es.<\/p>\n<p>Todos os aspectos do processo de fabrica\u00e7\u00e3o s\u00e3o projetados para manter os mais altos padr\u00f5es. Desde a sele\u00e7\u00e3o das fibras at\u00e9 a t\u00e9cnica de tecelagem, cada sling \u00e9 submetido a testes rigorosos para confirmar sua capacidade de suportar com seguran\u00e7a cargas de at\u00e9 3 toneladas. A costura refor\u00e7ada e os acess\u00f3rios de alta qualidade nas extremidades aumentam a durabilidade da eslinga, reduzindo o risco de desgaste e aumentando sua vida \u00fatil. Com esses recursos, a cinta de 3 toneladas \u00e9 um investimento valioso para empresas que buscam solu\u00e7\u00f5es de eleva\u00e7\u00e3o confi\u00e1veis.<\/p>\n<p>A garantia de qualidade \u00e9 fundamental na Qingdao H&amp;F, e nossos clientes podem esperar que cada produto venha com um relat\u00f3rio de inspe\u00e7\u00e3o detalhado. Esses relat\u00f3rios fornecem informa\u00e7\u00f5es essenciais sobre as caracter\u00edsticas de desempenho da eslinga, incluindo a resist\u00eancia \u00e0 ruptura e a conformidade com os padr\u00f5es do setor. Ao garantir que cada eslinga atenda a esses padr\u00f5es, ajudamos nossos clientes a tomar decis\u00f5es informadas, priorizando a seguran\u00e7a e a confiabilidade em suas opera\u00e7\u00f5es de eleva\u00e7\u00e3o.<\/p>\n<h3><strong>Aplica\u00e7\u00f5es vers\u00e1teis e benef\u00edcios para o setor<\/strong><\/h3>\n<p>A versatilidade da cinta de 3 toneladas faz dela a escolha ideal para uma ampla gama de aplica\u00e7\u00f5es em v\u00e1rios setores. Na constru\u00e7\u00e3o civil, por exemplo, essa eslinga pode ser usada para elevar e mover materiais pesados, como vigas de a\u00e7o, blocos de concreto e m\u00e1quinas. A natureza leve das eslingas de cinta facilita o manuseio em compara\u00e7\u00e3o com as correntes met\u00e1licas tradicionais, minimizando a fadiga do operador e aumentando a seguran\u00e7a geral.<\/p>\n<p>Em log\u00edstica e armazenamento, a cinta de 3 toneladas \u00e9 inestim\u00e1vel para o transporte de mercadorias e materiais. Sua capacidade de elevar cargas pesadas com seguran\u00e7a garante que as opera\u00e7\u00f5es sejam executadas de forma suave e eficiente. A flexibilidade da cinta permite que ela seja usada em espa\u00e7os apertados, onde outros equipamentos de eleva\u00e7\u00e3o podem ter dificuldades. Al\u00e9m disso, a natureza n\u00e3o danificadora da cinta significa que ela pode elevar com seguran\u00e7a produtos fr\u00e1geis ou acabados sem o risco de arranh\u00f5es ou amassados.<\/p>\n<p>Outra vantagem significativa da cinta de 3 toneladas \u00e9 sua facilidade de manuten\u00e7\u00e3o. Ao contr\u00e1rio das correntes ou de outros dispositivos de eleva\u00e7\u00e3o de metal, as eslingas de cinta exigem manuten\u00e7\u00e3o m\u00ednima. As inspe\u00e7\u00f5es regulares e o armazenamento adequado podem aumentar significativamente sua vida \u00fatil, tornando-as uma op\u00e7\u00e3o econ\u00f4mica para empresas focadas na efici\u00eancia operacional.<\/p>\n<p>A Qingdao H&amp;F reconhece a evolu\u00e7\u00e3o das necessidades de v\u00e1rios setores, e nossa cinta de 3 toneladas foi projetada para atender a essas demandas de frente. Seja na constru\u00e7\u00e3o, log\u00edstica ou manufatura, essa eslinga oferece a confiabilidade e o desempenho de que as empresas precisam para ter sucesso. A capacidade de elevar cargas substanciais com seguran\u00e7a e efici\u00eancia pode aumentar significativamente a produtividade, permitindo que os operadores se concentrem em suas tarefas principais sem se preocupar com falhas no equipamento.<\/p>\n<h3><strong>Qingdao H&amp;F: seu parceiro em qualidade e servi\u00e7o<\/strong><\/h3>\n<p>Na Qingdao H&amp;F, nossa dedica\u00e7\u00e3o \u00e0 qualidade e \u00e0 satisfa\u00e7\u00e3o do cliente nos diferencia no cen\u00e1rio competitivo das solu\u00e7\u00f5es de eleva\u00e7\u00e3o. A cinta de 3 toneladas representa nosso compromisso de fornecer aos clientes produtos que n\u00e3o sejam apenas dur\u00e1veis e confi\u00e1veis, mas tamb\u00e9m apoiados por um servi\u00e7o excepcional. Com nosso suporte individual ao cliente, orientamos os clientes durante o processo de sele\u00e7\u00e3o, garantindo que eles escolham a eslinga certa para suas necessidades espec\u00edficas.<\/p>\n<p>Nosso foco em ciclos de entrega r\u00e1pidos significa que os clientes podem depender de n\u00f3s para ter acesso oportuno a seus equipamentos de eleva\u00e7\u00e3o. Entendemos a import\u00e2ncia de ter as ferramentas certas no momento certo, e nossa equipe de log\u00edstica trabalha diligentemente para atender e superar essas expectativas. Al\u00e9m disso, nossos relat\u00f3rios abrangentes de inspe\u00e7\u00e3o de qualidade oferecem a transpar\u00eancia de que os clientes precisam para se sentirem confiantes em sua compra, refor\u00e7ando nosso compromisso com a seguran\u00e7a e o desempenho.<\/p>\n<p>Escolher a cinta de 3 toneladas da Qingdao H&amp;F significa investir em uma solu\u00e7\u00e3o de eleva\u00e7\u00e3o de alta qualidade apoiada por uma empresa que valoriza seus clientes e prioriza suas necessidades. Ao fornecer produtos confi\u00e1veis e servi\u00e7os excepcionais, nosso objetivo \u00e9 promover parcerias de longo prazo baseadas na confian\u00e7a e na confiabilidade. Nossos clientes podem ter certeza de que, quando escolhem nossas eslingas de cinta, est\u00e3o se equipando com as melhores ferramentas dispon\u00edveis no mercado, aumentando sua efic\u00e1cia operacional e seus padr\u00f5es de seguran\u00e7a.<\/p>","protected":false},"excerpt":{"rendered":"<p>A cinta de 3 toneladas oferecida pela Qingdao H&amp;F \u00e9 uma ferramenta essencial para a eleva\u00e7\u00e3o segura e eficaz em uma variedade de aplica\u00e7\u00f5es industriais. Os compradores geralmente buscam garantias com rela\u00e7\u00e3o \u00e0 seguran\u00e7a da carga, \u00e0 durabilidade e \u00e0 facilidade de uso do equipamento de eleva\u00e7\u00e3o. Essa linga atende a essas necessidades, com uma constru\u00e7\u00e3o robusta projetada para lidar com cargas mais pesadas com confiabilidade. Como uma empresa comercial, temos orgulho de oferecer um valor excepcional por meio de atendimento individualizado ao cliente, ciclos de entrega r\u00e1pidos e relat\u00f3rios abrangentes de inspe\u00e7\u00e3o de qualidade, garantindo que cada produto atenda aos mais altos padr\u00f5es de seguran\u00e7a e desempenho.<\/p>","protected":false},"featured_media":8197,"comment_status":"open","ping_status":"closed","template":"","meta":{"site-sidebar-layout":"default","site-content-layout":"","ast-site-content-layout":"default","site-content-style":"default","site-sidebar-style":"default","ast-global-header-display":"","ast-banner-title-visibility":"","ast-main-header-display":"","ast-hfb-above-header-display":"","ast-hfb-below-header-display":"","ast-hfb-mobile-header-display":"","site-post-title":"","ast-breadcrumbs-content":"","ast-featured-img":"","footer-sml-layout":"","theme-transparent-header-meta":"default","adv-header-id-meta":"","stick-header-meta":"default","header-above-stick-meta":"","header-main-stick-meta":"","header-below-stick-meta":"","astra-migrate-meta-layouts":"set","ast-page-background-enabled":"default","ast-page-background-meta":{"desktop":{"background-color":"","background-image":"","background-repeat":"repeat","background-position":"center center","background-size":"auto","background-attachment":"scroll","background-type":"","background-media":"","overlay-type":"","overlay-color":"","overlay-opacity":"","overlay-gradient":""},"tablet":{"background-color":"","background-image":"","background-repeat":"repeat","background-position":"center center","background-size":"auto","background-attachment":"scroll","background-type":"","background-media":"","overlay-type":"","overlay-color":"","overlay-opacity":"","overlay-gradient":""},"mobile":{"background-color":"","background-image":"","background-repeat":"repeat","background-position":"center center","background-size":"auto","background-attachment":"scroll","background-type":"","background-media":"","overlay-type":"","overlay-color":"","overlay-opacity":"","overlay-gradient":""}},"ast-content-background-meta":{"desktop":{"background-color":"var(--ast-global-color-5)","background-image":"","background-repeat":"repeat","background-position":"center center","background-size":"auto","background-attachment":"scroll","background-type":"","background-media":"","overlay-type":"","overlay-color":"","overlay-opacity":"","overlay-gradient":""},"tablet":{"background-color":"var(--ast-global-color-5)","background-image":"","background-repeat":"repeat","background-position":"center center","background-size":"auto","background-attachment":"scroll","background-type":"","background-media":"","overlay-type":"","overlay-color":"","overlay-opacity":"","overlay-gradient":""},"mobile":{"background-color":"var(--ast-global-color-5)","background-image":"","background-repeat":"repeat","background-position":"center center","background-size":"auto","background-attachment":"scroll","background-type":"","background-media":"","overlay-type":"","overlay-color":"","overlay-opacity":"","overlay-gradient":""}}},"product_brand":[],"product_cat":[39],"product_tag":[],"class_list":{"0":"post-8280","1":"product","2":"type-product","3":"status-publish","4":"has-post-thumbnail","6":"product_cat-webbing-sling","7":"desktop-align-left","8":"tablet-align-left","9":"mobile-align-left","10":"ast-product-gallery-layout-horizontal-slider","11":"ast-product-gallery-with-no-image","12":"ast-product-tabs-layout-horizontal","14":"first","15":"instock","16":"shipping-taxable","17":"purchasable","18":"product-type-simple"},"yoast_head":"<!-- This site is optimized with the Yoast SEO plugin v25.2 - https:\/\/yoast.com\/wordpress\/plugins\/seo\/ -->\n<title>Flat Webbing Sling 3 Ton Polyester Double Duplex<\/title>\n<meta name=\"robots\" content=\"index, follow, max-snippet:-1, max-image-preview:large, max-video-preview:-1\" \/>\n<link rel=\"canonical\" href=\"https:\/\/qingdaohf.com\/pt\/produto\/estilingue-de-cinta-de-3-toneladas\/\" \/>\n<meta property=\"og:locale\" content=\"pt_BR\" \/>\n<meta property=\"og:type\" content=\"article\" \/>\n<meta property=\"og:title\" content=\"Flat Webbing Sling 3 Ton Polyester Double Duplex\" \/>\n<meta property=\"og:description\" content=\"The 3-ton webbing sling offered by Qingdao H&amp;F is an essential tool for safe and effective lifting in a variety of industrial applications. Buyers often seek assurance regarding load security, durability, and the ease of use of lifting equipment. This sling meets those needs, boasting a strong construction designed for handling heavier loads with reliability. As a trading company, we pride ourselves on delivering exceptional value through one-on-one customer service, rapid delivery cycles, and comprehensive quality inspection reports, ensuring that each product is up to the highest standards of safety and performance.\" \/>\n<meta property=\"og:url\" content=\"https:\/\/qingdaohf.com\/pt\/produto\/estilingue-de-cinta-de-3-toneladas\/\" \/>\n<meta property=\"og:site_name\" content=\"Concrete Form &amp; Rigging Hardware Supplier\" \/>\n<meta property=\"article:publisher\" content=\"https:\/\/www.facebook.com\/qingdaohf\" \/>\n<meta property=\"article:modified_time\" content=\"2025-11-13T01:02:53+00:00\" \/>\n<meta property=\"og:image\" content=\"https:\/\/qingdaohf.com\/wp-content\/uploads\/2024\/10\/3-ton-webbing-sling_1.webp\" \/>\n\t<meta property=\"og:image:width\" content=\"1000\" \/>\n\t<meta property=\"og:image:height\" content=\"1000\" \/>\n\t<meta property=\"og:image:type\" content=\"image\/webp\" \/>\n<meta name=\"twitter:card\" content=\"summary_large_image\" \/>\n<meta name=\"twitter:label1\" content=\"Est. tempo de leitura\" \/>\n\t<meta name=\"twitter:data1\" content=\"5 minutos\" \/>\n<script type=\"application\/ld+json\" class=\"yoast-schema-graph\">{\"@context\":\"https:\/\/schema.org\",\"@graph\":[{\"@type\":\"WebPage\",\"@id\":\"https:\/\/qingdaohf.com\/product\/webbing-sling-3-ton\/\",\"url\":\"https:\/\/qingdaohf.com\/product\/webbing-sling-3-ton\/\",\"name\":\"Flat Webbing Sling 3 Ton Polyester Double Duplex\",\"isPartOf\":{\"@id\":\"https:\/\/qingdaohf.com\/bg\/#website\"},\"primaryImageOfPage\":{\"@id\":\"https:\/\/qingdaohf.com\/product\/webbing-sling-3-ton\/#primaryimage\"},\"image\":{\"@id\":\"https:\/\/qingdaohf.com\/product\/webbing-sling-3-ton\/#primaryimage\"},\"thumbnailUrl\":\"https:\/\/qingdaohf.com\/wp-content\/uploads\/2024\/10\/3-ton-webbing-sling_1.webp\",\"datePublished\":\"2024-11-05T08:43:34+00:00\",\"dateModified\":\"2025-11-13T01:02:53+00:00\",\"breadcrumb\":{\"@id\":\"https:\/\/qingdaohf.com\/product\/webbing-sling-3-ton\/#breadcrumb\"},\"inLanguage\":\"pt-BR\",\"potentialAction\":[{\"@type\":\"ReadAction\",\"target\":[\"https:\/\/qingdaohf.com\/product\/webbing-sling-3-ton\/\"]}]},{\"@type\":\"ImageObject\",\"inLanguage\":\"pt-BR\",\"@id\":\"https:\/\/qingdaohf.com\/product\/webbing-sling-3-ton\/#primaryimage\",\"url\":\"https:\/\/qingdaohf.com\/wp-content\/uploads\/2024\/10\/3-ton-webbing-sling_1.webp\",\"contentUrl\":\"https:\/\/qingdaohf.com\/wp-content\/uploads\/2024\/10\/3-ton-webbing-sling_1.webp\",\"width\":1000,\"height\":1000,\"caption\":\"3 ton webbing sling_1\"},{\"@type\":\"BreadcrumbList\",\"@id\":\"https:\/\/qingdaohf.com\/product\/webbing-sling-3-ton\/#breadcrumb\",\"itemListElement\":[{\"@type\":\"ListItem\",\"position\":1,\"name\":\"Home\",\"item\":\"https:\/\/qingdaohf.com\/\"},{\"@type\":\"ListItem\",\"position\":2,\"name\":\"Concrete Forming Accessories and Rigging Hardware\",\"item\":\"https:\/\/qingdaohf.com\/bg\/?page_id=944\"},{\"@type\":\"ListItem\",\"position\":3,\"name\":\"Flat Webbing Sling 3 Ton Polyester Double Duplex\"}]},{\"@type\":\"WebSite\",\"@id\":\"https:\/\/qingdaohf.com\/bg\/#website\",\"url\":\"https:\/\/qingdaohf.com\/bg\/\",\"name\":\"Concrete Form & Rigging Hardware Supplier\",\"description\":\"\",\"publisher\":{\"@id\":\"https:\/\/qingdaohf.com\/bg\/#organization\"},\"potentialAction\":[{\"@type\":\"SearchAction\",\"target\":{\"@type\":\"EntryPoint\",\"urlTemplate\":\"https:\/\/qingdaohf.com\/bg\/?s={search_term_string}\"},\"query-input\":{\"@type\":\"PropertyValueSpecification\",\"valueRequired\":true,\"valueName\":\"search_term_string\"}}],\"inLanguage\":\"pt-BR\"},{\"@type\":\"Organization\",\"@id\":\"https:\/\/qingdaohf.com\/bg\/#organization\",\"name\":\"Qingdao H&F\",\"url\":\"https:\/\/qingdaohf.com\/bg\/\",\"logo\":{\"@type\":\"ImageObject\",\"inLanguage\":\"pt-BR\",\"@id\":\"https:\/\/qingdaohf.com\/bg\/#\/schema\/logo\/image\/\",\"url\":\"https:\/\/qingdaohf.com\/wp-content\/uploads\/2022\/12\/cropped-HF-LOGO.png\",\"contentUrl\":\"https:\/\/qingdaohf.com\/wp-content\/uploads\/2022\/12\/cropped-HF-LOGO.png\",\"width\":391,\"height\":249,\"caption\":\"Qingdao H&F\"},\"image\":{\"@id\":\"https:\/\/qingdaohf.com\/bg\/#\/schema\/logo\/image\/\"},\"sameAs\":[\"https:\/\/www.facebook.com\/qingdaohf\"]}]}<\/script>\n<!-- \/ Yoast SEO plugin. -->","yoast_head_json":{"title":"Flat Webbing Sling 3 Ton Polyester Double Duplex","robots":{"index":"index","follow":"follow","max-snippet":"max-snippet:-1","max-image-preview":"max-image-preview:large","max-video-preview":"max-video-preview:-1"},"canonical":"https:\/\/qingdaohf.com\/pt\/produto\/estilingue-de-cinta-de-3-toneladas\/","og_locale":"pt_BR","og_type":"article","og_title":"Flat Webbing Sling 3 Ton Polyester Double Duplex","og_description":"The 3-ton webbing sling offered by Qingdao H&amp;F is an essential tool for safe and effective lifting in a variety of industrial applications. Buyers often seek assurance regarding load security, durability, and the ease of use of lifting equipment. This sling meets those needs, boasting a strong construction designed for handling heavier loads with reliability. As a trading company, we pride ourselves on delivering exceptional value through one-on-one customer service, rapid delivery cycles, and comprehensive quality inspection reports, ensuring that each product is up to the highest standards of safety and performance.","og_url":"https:\/\/qingdaohf.com\/pt\/produto\/estilingue-de-cinta-de-3-toneladas\/","og_site_name":"Concrete Form &amp; Rigging Hardware Supplier","article_publisher":"https:\/\/www.facebook.com\/qingdaohf","article_modified_time":"2025-11-13T01:02:53+00:00","og_image":[{"width":1000,"height":1000,"url":"https:\/\/qingdaohf.com\/wp-content\/uploads\/2024\/10\/3-ton-webbing-sling_1.webp","type":"image\/webp"}],"twitter_card":"summary_large_image","twitter_misc":{"Est. tempo de leitura":"5 minutos"},"schema":{"@context":"https:\/\/schema.org","@graph":[{"@type":"WebPage","@id":"https:\/\/qingdaohf.com\/product\/webbing-sling-3-ton\/","url":"https:\/\/qingdaohf.com\/product\/webbing-sling-3-ton\/","name":"Flat Webbing Sling 3 Ton Polyester Double Duplex","isPartOf":{"@id":"https:\/\/qingdaohf.com\/bg\/#website"},"primaryImageOfPage":{"@id":"https:\/\/qingdaohf.com\/product\/webbing-sling-3-ton\/#primaryimage"},"image":{"@id":"https:\/\/qingdaohf.com\/product\/webbing-sling-3-ton\/#primaryimage"},"thumbnailUrl":"https:\/\/qingdaohf.com\/wp-content\/uploads\/2024\/10\/3-ton-webbing-sling_1.webp","datePublished":"2024-11-05T08:43:34+00:00","dateModified":"2025-11-13T01:02:53+00:00","breadcrumb":{"@id":"https:\/\/qingdaohf.com\/product\/webbing-sling-3-ton\/#breadcrumb"},"inLanguage":"pt-BR","potentialAction":[{"@type":"ReadAction","target":["https:\/\/qingdaohf.com\/product\/webbing-sling-3-ton\/"]}]},{"@type":"ImageObject","inLanguage":"pt-BR","@id":"https:\/\/qingdaohf.com\/product\/webbing-sling-3-ton\/#primaryimage","url":"https:\/\/qingdaohf.com\/wp-content\/uploads\/2024\/10\/3-ton-webbing-sling_1.webp","contentUrl":"https:\/\/qingdaohf.com\/wp-content\/uploads\/2024\/10\/3-ton-webbing-sling_1.webp","width":1000,"height":1000,"caption":"3 ton webbing sling_1"},{"@type":"BreadcrumbList","@id":"https:\/\/qingdaohf.com\/product\/webbing-sling-3-ton\/#breadcrumb","itemListElement":[{"@type":"ListItem","position":1,"name":"Home","item":"https:\/\/qingdaohf.com\/"},{"@type":"ListItem","position":2,"name":"Concrete Forming Accessories and Rigging Hardware","item":"https:\/\/qingdaohf.com\/bg\/?page_id=944"},{"@type":"ListItem","position":3,"name":"Flat Webbing Sling 3 Ton Polyester Double Duplex"}]},{"@type":"WebSite","@id":"https:\/\/qingdaohf.com\/bg\/#website","url":"https:\/\/qingdaohf.com\/bg\/","name":"Concrete Form & Rigging Hardware Supplier","description":"","publisher":{"@id":"https:\/\/qingdaohf.com\/bg\/#organization"},"potentialAction":[{"@type":"SearchAction","target":{"@type":"EntryPoint","urlTemplate":"https:\/\/qingdaohf.com\/bg\/?s={search_term_string}"},"query-input":{"@type":"PropertyValueSpecification","valueRequired":true,"valueName":"search_term_string"}}],"inLanguage":"pt-BR"},{"@type":"Organization","@id":"https:\/\/qingdaohf.com\/bg\/#organization","name":"Qingdao H&F","url":"https:\/\/qingdaohf.com\/bg\/","logo":{"@type":"ImageObject","inLanguage":"pt-BR","@id":"https:\/\/qingdaohf.com\/bg\/#\/schema\/logo\/image\/","url":"https:\/\/qingdaohf.com\/wp-content\/uploads\/2022\/12\/cropped-HF-LOGO.png","contentUrl":"https:\/\/qingdaohf.com\/wp-content\/uploads\/2022\/12\/cropped-HF-LOGO.png","width":391,"height":249,"caption":"Qingdao H&F"},"image":{"@id":"https:\/\/qingdaohf.com\/bg\/#\/schema\/logo\/image\/"},"sameAs":["https:\/\/www.facebook.com\/qingdaohf"]}]}},"_links":{"self":[{"href":"https:\/\/qingdaohf.com\/pt\/wp-json\/wp\/v2\/product\/8280","targetHints":{"allow":["GET"]}}],"collection":[{"href":"https:\/\/qingdaohf.com\/pt\/wp-json\/wp\/v2\/product"}],"about":[{"href":"https:\/\/qingdaohf.com\/pt\/wp-json\/wp\/v2\/types\/product"}],"replies":[{"embeddable":true,"href":"https:\/\/qingdaohf.com\/pt\/wp-json\/wp\/v2\/comments?post=8280"}],"version-history":[{"count":2,"href":"https:\/\/qingdaohf.com\/pt\/wp-json\/wp\/v2\/product\/8280\/revisions"}],"predecessor-version":[{"id":8338,"href":"https:\/\/qingdaohf.com\/pt\/wp-json\/wp\/v2\/product\/8280\/revisions\/8338"}],"wp:featuredmedia":[{"embeddable":true,"href":"https:\/\/qingdaohf.com\/pt\/wp-json\/wp\/v2\/media\/8197"}],"wp:attachment":[{"href":"https:\/\/qingdaohf.com\/pt\/wp-json\/wp\/v2\/media?parent=8280"}],"wp:term":[{"taxonomy":"product_brand","embeddable":true,"href":"https:\/\/qingdaohf.com\/pt\/wp-json\/wp\/v2\/product_brand?post=8280"},{"taxonomy":"product_cat","embeddable":true,"href":"https:\/\/qingdaohf.com\/pt\/wp-json\/wp\/v2\/product_cat?post=8280"},{"taxonomy":"product_tag","embeddable":true,"href":"https:\/\/qingdaohf.com\/pt\/wp-json\/wp\/v2\/product_tag?post=8280"}],"curies":[{"name":"wp","href":"https:\/\/api.w.org\/{rel}","templated":true}]}}