{"id":8285,"date":"2024-11-05T17:54:41","date_gmt":"2024-11-05T09:54:41","guid":{"rendered":"http:\/\/qingdaohf.com\/?post_type=product&#038;p=8285"},"modified":"2025-11-13T09:02:53","modified_gmt":"2025-11-13T01:02:53","slug":"webbing-sling-5-ton","status":"publish","type":"product","link":"https:\/\/qingdaohf.com\/pt\/produto\/eslinga-de-cinta-de-5-toneladas\/","title":{"rendered":"Flat Webbing Sling 5 Ton Polyester Double Duplex"},"content":{"rendered":"<h4>Qualidades essenciais do sling de cinta de 5 toneladas: Durabilidade, seguran\u00e7a e desempenho<\/h4>\n<p>A cinta de 5 toneladas da Qingdao H&amp;F foi projetada para lidar com aplica\u00e7\u00f5es de eleva\u00e7\u00e3o exigentes em que a for\u00e7a e a seguran\u00e7a s\u00e3o as principais prioridades. Fabricada em poli\u00e9ster de alta qualidade, essa eslinga oferece resist\u00eancia excepcional ao desgaste, aos raios UV e \u00e0 abras\u00e3o, o que a torna uma solu\u00e7\u00e3o dur\u00e1vel para tarefas repetitivas de eleva\u00e7\u00e3o de cargas pesadas. A capacidade de 5 toneladas oferece flexibilidade para v\u00e1rios setores, desde constru\u00e7\u00e3o e log\u00edstica at\u00e9 transporte e manufatura, onde a confiabilidade \u00e9 crucial.<\/p>\n<p>Os compradores preocupados com a durabilidade do produto encontrar\u00e3o garantia no compromisso da Qingdao H&amp;F com a qualidade. Cada cinta de 5 toneladas \u00e9 submetida a verifica\u00e7\u00f5es completas de controle de qualidade, com relat\u00f3rios de inspe\u00e7\u00e3o dispon\u00edveis para verificar se o produto atende aos padr\u00f5es do setor. A constru\u00e7\u00e3o da eslinga suporta a estabilidade da carga e evita o deslocamento, reduzindo a probabilidade de acidentes durante as opera\u00e7\u00f5es de eleva\u00e7\u00e3o. Al\u00e9m disso, a abordagem da Qingdao H&amp;F em rela\u00e7\u00e3o \u00e0 entrega r\u00e1pida e ao atendimento \u00e1gil ao cliente garante que os compradores recebam assist\u00eancia imediata e possam adquirir equipamentos confi\u00e1veis sem atrasos, facilitando opera\u00e7\u00f5es tranquilas e minimizando o tempo de inatividade.<\/p>\n<h4>Atendendo \u00e0s demandas do setor com recursos robustos de seguran\u00e7a<\/h4>\n<p>A seguran\u00e7a \u00e9 uma considera\u00e7\u00e3o fundamental na sele\u00e7\u00e3o de equipamentos de eleva\u00e7\u00e3o. O projeto da cinta de 5 toneladas da Qingdao H&amp;F prioriza a seguran\u00e7a por meio da escolha do material, da constru\u00e7\u00e3o e dos mecanismos de distribui\u00e7\u00e3o de carga. Ao usar uma estrutura de cinta larga e flex\u00edvel, essa eslinga distribui o peso em uma \u00e1rea de superf\u00edcie mais ampla, evitando pontos de press\u00e3o que poderiam danificar a carga e a pr\u00f3pria eslinga. Esse recurso aumenta a estabilidade durante a eleva\u00e7\u00e3o, reduzindo o risco de mudan\u00e7as repentinas de carga e garantindo uma eleva\u00e7\u00e3o controlada e segura.<\/p>\n<p>Para os setores que exigem conformidade rigorosa com a seguran\u00e7a, a eslinga de 5 toneladas da Qingdao H&amp;F \u00e9 fabricada para atender aos padr\u00f5es internacionais de eleva\u00e7\u00e3o. Isso garante que a eslinga possa resistir a condi\u00e7\u00f5es exigentes, seja ela usada em canteiros de obras acidentados, centros de log\u00edstica movimentados ou armaz\u00e9ns industriais. As op\u00e7\u00f5es de materiais e design enfatizam a durabilidade sem sacrificar a facilidade de manuseio, permitindo que os operadores trabalhem com confian\u00e7a e efici\u00eancia. Com a seguran\u00e7a em primeiro plano, essa cinta representa uma solu\u00e7\u00e3o confi\u00e1vel para tarefas de eleva\u00e7\u00e3o de alto risco.<\/p>\n<h4>Qingdao H&amp;F: fornecendo servi\u00e7o confi\u00e1vel e garantia de qualidade<\/h4>\n<p>A reputa\u00e7\u00e3o da Qingdao H&amp;F como uma empresa comercial B2B foi constru\u00edda com base em 20 anos de experi\u00eancia no fornecimento de solu\u00e7\u00f5es de eleva\u00e7\u00e3o industrial que atendem \u00e0s necessidades pr\u00e1ticas das empresas. Cada cinta de 5 toneladas vem com relat\u00f3rios detalhados de inspe\u00e7\u00e3o de qualidade, destacando o compromisso da Qingdao H&amp;F com a transpar\u00eancia e a integridade do produto. Esses relat\u00f3rios permitem que os compradores analisem os resultados dos testes do produto, garantindo a conformidade com os padr\u00f5es de seguran\u00e7a e desempenho. Ao fornecer documenta\u00e7\u00e3o verific\u00e1vel, a Qingdao H&amp;F d\u00e1 aos compradores confian\u00e7a em sua compra, aumentando a confian\u00e7a e a confiabilidade.<\/p>\n<p>Al\u00e9m de produtos de alta qualidade, a Qingdao H&amp;F d\u00e1 grande \u00eanfase \u00e0 experi\u00eancia do cliente. O modelo de servi\u00e7o individualizado permite que os clientes trabalhem diretamente com representantes experientes que entendem suas necessidades exclusivas, oferecendo orienta\u00e7\u00e3o personalizada sobre as melhores op\u00e7\u00f5es de cintas. Essa abordagem de servi\u00e7o, combinada com um ciclo de entrega r\u00e1pido e eficiente, demonstra a dedica\u00e7\u00e3o da Qingdao H&amp;F em apoiar os clientes em todas as etapas do processo de compra. Os compradores recebem uma experi\u00eancia simplificada que minimiza o tempo de espera e maximiza a disponibilidade de equipamentos essenciais, permitindo que as empresas mantenham a efici\u00eancia operacional.<\/p>\n<p>Por meio de uma combina\u00e7\u00e3o de eslingas de cinta de alto desempenho, verifica\u00e7\u00f5es de qualidade minuciosas e servi\u00e7o atencioso, a Qingdao H&amp;F continua sendo um fornecedor confi\u00e1vel no mercado de eleva\u00e7\u00e3o industrial. A eslinga de cinta de 5 toneladas exemplifica esse compromisso, oferecendo uma solu\u00e7\u00e3o robusta e confi\u00e1vel que atende \u00e0s rigorosas demandas dos ambientes industriais atuais.<\/p>","protected":false},"excerpt":{"rendered":"<p>A 5-Ton Webbing Sling combina alta resist\u00eancia e resili\u00eancia para elevar cargas pesadas com seguran\u00e7a, atendendo \u00e0s preocupa\u00e7\u00f5es dos compradores com durabilidade, seguran\u00e7a e efici\u00eancia. Fabricada de acordo com padr\u00f5es rigorosos, essa eslinga de cinta suporta de forma confi\u00e1vel at\u00e9 5 toneladas, mantendo a flexibilidade para facilitar o uso. Como uma empresa comercial estabelecida com 20 anos de experi\u00eancia, a Qingdao H&amp;F garante que os compradores se beneficiem do atendimento individual ao cliente, de um ciclo de entrega r\u00e1pido e de relat\u00f3rios detalhados de inspe\u00e7\u00e3o de qualidade. Essa abordagem enfatiza nosso compromisso com a qualidade, a entrega pontual e o suporte abrangente, proporcionando uma experi\u00eancia de compra perfeita.<\/p>","protected":false},"featured_media":8191,"comment_status":"open","ping_status":"closed","template":"","meta":{"site-sidebar-layout":"default","site-content-layout":"","ast-site-content-layout":"default","site-content-style":"default","site-sidebar-style":"default","ast-global-header-display":"","ast-banner-title-visibility":"","ast-main-header-display":"","ast-hfb-above-header-display":"","ast-hfb-below-header-display":"","ast-hfb-mobile-header-display":"","site-post-title":"","ast-breadcrumbs-content":"","ast-featured-img":"","footer-sml-layout":"","theme-transparent-header-meta":"default","adv-header-id-meta":"","stick-header-meta":"default","header-above-stick-meta":"","header-main-stick-meta":"","header-below-stick-meta":"","astra-migrate-meta-layouts":"set","ast-page-background-enabled":"default","ast-page-background-meta":{"desktop":{"background-color":"","background-image":"","background-repeat":"repeat","background-position":"center center","background-size":"auto","background-attachment":"scroll","background-type":"","background-media":"","overlay-type":"","overlay-color":"","overlay-opacity":"","overlay-gradient":""},"tablet":{"background-color":"","background-image":"","background-repeat":"repeat","background-position":"center center","background-size":"auto","background-attachment":"scroll","background-type":"","background-media":"","overlay-type":"","overlay-color":"","overlay-opacity":"","overlay-gradient":""},"mobile":{"background-color":"","background-image":"","background-repeat":"repeat","background-position":"center center","background-size":"auto","background-attachment":"scroll","background-type":"","background-media":"","overlay-type":"","overlay-color":"","overlay-opacity":"","overlay-gradient":""}},"ast-content-background-meta":{"desktop":{"background-color":"var(--ast-global-color-5)","background-image":"","background-repeat":"repeat","background-position":"center center","background-size":"auto","background-attachment":"scroll","background-type":"","background-media":"","overlay-type":"","overlay-color":"","overlay-opacity":"","overlay-gradient":""},"tablet":{"background-color":"var(--ast-global-color-5)","background-image":"","background-repeat":"repeat","background-position":"center center","background-size":"auto","background-attachment":"scroll","background-type":"","background-media":"","overlay-type":"","overlay-color":"","overlay-opacity":"","overlay-gradient":""},"mobile":{"background-color":"var(--ast-global-color-5)","background-image":"","background-repeat":"repeat","background-position":"center center","background-size":"auto","background-attachment":"scroll","background-type":"","background-media":"","overlay-type":"","overlay-color":"","overlay-opacity":"","overlay-gradient":""}}},"product_brand":[],"product_cat":[39],"product_tag":[],"class_list":{"0":"post-8285","1":"product","2":"type-product","3":"status-publish","4":"has-post-thumbnail","6":"product_cat-webbing-sling","7":"desktop-align-left","8":"tablet-align-left","9":"mobile-align-left","10":"ast-product-gallery-layout-horizontal-slider","11":"ast-product-gallery-with-no-image","12":"ast-product-tabs-layout-horizontal","14":"first","15":"instock","16":"shipping-taxable","17":"purchasable","18":"product-type-simple"},"yoast_head":"<!-- This site is optimized with the Yoast SEO plugin v25.2 - https:\/\/yoast.com\/wordpress\/plugins\/seo\/ -->\n<title>Flat Webbing Sling 5 Ton Polyester Double Duplex<\/title>\n<meta name=\"robots\" content=\"index, follow, max-snippet:-1, max-image-preview:large, max-video-preview:-1\" \/>\n<link rel=\"canonical\" href=\"https:\/\/qingdaohf.com\/pt\/produto\/eslinga-de-cinta-de-5-toneladas\/\" \/>\n<meta property=\"og:locale\" content=\"pt_BR\" \/>\n<meta property=\"og:type\" content=\"article\" \/>\n<meta property=\"og:title\" content=\"Flat Webbing Sling 5 Ton Polyester Double Duplex\" \/>\n<meta property=\"og:description\" content=\"5-Ton Webbing Sling combines high strength and resilience to safely lift heavy loads, addressing buyers&#039; concerns about durability, safety, and efficiency. Manufactured to rigorous standards, this webbing sling reliably handles up to 5 tons while maintaining flexibility for ease of use. As an established trading company with 20 years of experience, Qingdao H&amp;F ensures that buyers benefit from one-on-one customer service, a fast delivery cycle, and detailed quality inspection reports. This approach emphasizes our commitment to quality, timely delivery, and comprehensive support, providing a seamless purchasing experience.\" \/>\n<meta property=\"og:url\" content=\"https:\/\/qingdaohf.com\/pt\/produto\/eslinga-de-cinta-de-5-toneladas\/\" \/>\n<meta property=\"og:site_name\" content=\"Concrete Form &amp; Rigging Hardware Supplier\" \/>\n<meta property=\"article:publisher\" content=\"https:\/\/www.facebook.com\/qingdaohf\" \/>\n<meta property=\"article:modified_time\" content=\"2025-11-13T01:02:53+00:00\" \/>\n<meta property=\"og:image\" content=\"https:\/\/qingdaohf.com\/wp-content\/uploads\/2024\/10\/Heavy-Duty-5-ton-webbing-sling_1.webp\" \/>\n\t<meta property=\"og:image:width\" content=\"1000\" \/>\n\t<meta property=\"og:image:height\" content=\"1000\" \/>\n\t<meta property=\"og:image:type\" content=\"image\/webp\" \/>\n<meta name=\"twitter:card\" content=\"summary_large_image\" \/>\n<meta name=\"twitter:label1\" content=\"Est. tempo de leitura\" \/>\n\t<meta name=\"twitter:data1\" content=\"3 minutos\" \/>\n<script type=\"application\/ld+json\" class=\"yoast-schema-graph\">{\"@context\":\"https:\/\/schema.org\",\"@graph\":[{\"@type\":\"WebPage\",\"@id\":\"https:\/\/qingdaohf.com\/product\/webbing-sling-5-ton\/\",\"url\":\"https:\/\/qingdaohf.com\/product\/webbing-sling-5-ton\/\",\"name\":\"Flat Webbing Sling 5 Ton Polyester Double Duplex\",\"isPartOf\":{\"@id\":\"https:\/\/qingdaohf.com\/bg\/#website\"},\"primaryImageOfPage\":{\"@id\":\"https:\/\/qingdaohf.com\/product\/webbing-sling-5-ton\/#primaryimage\"},\"image\":{\"@id\":\"https:\/\/qingdaohf.com\/product\/webbing-sling-5-ton\/#primaryimage\"},\"thumbnailUrl\":\"https:\/\/qingdaohf.com\/wp-content\/uploads\/2024\/10\/Heavy-Duty-5-ton-webbing-sling_1.webp\",\"datePublished\":\"2024-11-05T09:54:41+00:00\",\"dateModified\":\"2025-11-13T01:02:53+00:00\",\"breadcrumb\":{\"@id\":\"https:\/\/qingdaohf.com\/product\/webbing-sling-5-ton\/#breadcrumb\"},\"inLanguage\":\"pt-BR\",\"potentialAction\":[{\"@type\":\"ReadAction\",\"target\":[\"https:\/\/qingdaohf.com\/product\/webbing-sling-5-ton\/\"]}]},{\"@type\":\"ImageObject\",\"inLanguage\":\"pt-BR\",\"@id\":\"https:\/\/qingdaohf.com\/product\/webbing-sling-5-ton\/#primaryimage\",\"url\":\"https:\/\/qingdaohf.com\/wp-content\/uploads\/2024\/10\/Heavy-Duty-5-ton-webbing-sling_1.webp\",\"contentUrl\":\"https:\/\/qingdaohf.com\/wp-content\/uploads\/2024\/10\/Heavy-Duty-5-ton-webbing-sling_1.webp\",\"width\":1000,\"height\":1000,\"caption\":\"webbing sling 5 ton\"},{\"@type\":\"BreadcrumbList\",\"@id\":\"https:\/\/qingdaohf.com\/product\/webbing-sling-5-ton\/#breadcrumb\",\"itemListElement\":[{\"@type\":\"ListItem\",\"position\":1,\"name\":\"Home\",\"item\":\"https:\/\/qingdaohf.com\/\"},{\"@type\":\"ListItem\",\"position\":2,\"name\":\"Concrete Forming Accessories and Rigging Hardware\",\"item\":\"https:\/\/qingdaohf.com\/bg\/?page_id=944\"},{\"@type\":\"ListItem\",\"position\":3,\"name\":\"Flat Webbing Sling 5 Ton Polyester Double Duplex\"}]},{\"@type\":\"WebSite\",\"@id\":\"https:\/\/qingdaohf.com\/bg\/#website\",\"url\":\"https:\/\/qingdaohf.com\/bg\/\",\"name\":\"Concrete Form & Rigging Hardware Supplier\",\"description\":\"\",\"publisher\":{\"@id\":\"https:\/\/qingdaohf.com\/bg\/#organization\"},\"potentialAction\":[{\"@type\":\"SearchAction\",\"target\":{\"@type\":\"EntryPoint\",\"urlTemplate\":\"https:\/\/qingdaohf.com\/bg\/?s={search_term_string}\"},\"query-input\":{\"@type\":\"PropertyValueSpecification\",\"valueRequired\":true,\"valueName\":\"search_term_string\"}}],\"inLanguage\":\"pt-BR\"},{\"@type\":\"Organization\",\"@id\":\"https:\/\/qingdaohf.com\/bg\/#organization\",\"name\":\"Qingdao H&F\",\"url\":\"https:\/\/qingdaohf.com\/bg\/\",\"logo\":{\"@type\":\"ImageObject\",\"inLanguage\":\"pt-BR\",\"@id\":\"https:\/\/qingdaohf.com\/bg\/#\/schema\/logo\/image\/\",\"url\":\"https:\/\/qingdaohf.com\/wp-content\/uploads\/2022\/12\/cropped-HF-LOGO.png\",\"contentUrl\":\"https:\/\/qingdaohf.com\/wp-content\/uploads\/2022\/12\/cropped-HF-LOGO.png\",\"width\":391,\"height\":249,\"caption\":\"Qingdao H&F\"},\"image\":{\"@id\":\"https:\/\/qingdaohf.com\/bg\/#\/schema\/logo\/image\/\"},\"sameAs\":[\"https:\/\/www.facebook.com\/qingdaohf\"]}]}<\/script>\n<!-- \/ Yoast SEO plugin. -->","yoast_head_json":{"title":"Flat Webbing Sling 5 Ton Polyester Double Duplex","robots":{"index":"index","follow":"follow","max-snippet":"max-snippet:-1","max-image-preview":"max-image-preview:large","max-video-preview":"max-video-preview:-1"},"canonical":"https:\/\/qingdaohf.com\/pt\/produto\/eslinga-de-cinta-de-5-toneladas\/","og_locale":"pt_BR","og_type":"article","og_title":"Flat Webbing Sling 5 Ton Polyester Double Duplex","og_description":"5-Ton Webbing Sling combines high strength and resilience to safely lift heavy loads, addressing buyers' concerns about durability, safety, and efficiency. Manufactured to rigorous standards, this webbing sling reliably handles up to 5 tons while maintaining flexibility for ease of use. As an established trading company with 20 years of experience, Qingdao H&amp;F ensures that buyers benefit from one-on-one customer service, a fast delivery cycle, and detailed quality inspection reports. This approach emphasizes our commitment to quality, timely delivery, and comprehensive support, providing a seamless purchasing experience.","og_url":"https:\/\/qingdaohf.com\/pt\/produto\/eslinga-de-cinta-de-5-toneladas\/","og_site_name":"Concrete Form &amp; Rigging Hardware Supplier","article_publisher":"https:\/\/www.facebook.com\/qingdaohf","article_modified_time":"2025-11-13T01:02:53+00:00","og_image":[{"width":1000,"height":1000,"url":"https:\/\/qingdaohf.com\/wp-content\/uploads\/2024\/10\/Heavy-Duty-5-ton-webbing-sling_1.webp","type":"image\/webp"}],"twitter_card":"summary_large_image","twitter_misc":{"Est. tempo de leitura":"3 minutos"},"schema":{"@context":"https:\/\/schema.org","@graph":[{"@type":"WebPage","@id":"https:\/\/qingdaohf.com\/product\/webbing-sling-5-ton\/","url":"https:\/\/qingdaohf.com\/product\/webbing-sling-5-ton\/","name":"Flat Webbing Sling 5 Ton Polyester Double Duplex","isPartOf":{"@id":"https:\/\/qingdaohf.com\/bg\/#website"},"primaryImageOfPage":{"@id":"https:\/\/qingdaohf.com\/product\/webbing-sling-5-ton\/#primaryimage"},"image":{"@id":"https:\/\/qingdaohf.com\/product\/webbing-sling-5-ton\/#primaryimage"},"thumbnailUrl":"https:\/\/qingdaohf.com\/wp-content\/uploads\/2024\/10\/Heavy-Duty-5-ton-webbing-sling_1.webp","datePublished":"2024-11-05T09:54:41+00:00","dateModified":"2025-11-13T01:02:53+00:00","breadcrumb":{"@id":"https:\/\/qingdaohf.com\/product\/webbing-sling-5-ton\/#breadcrumb"},"inLanguage":"pt-BR","potentialAction":[{"@type":"ReadAction","target":["https:\/\/qingdaohf.com\/product\/webbing-sling-5-ton\/"]}]},{"@type":"ImageObject","inLanguage":"pt-BR","@id":"https:\/\/qingdaohf.com\/product\/webbing-sling-5-ton\/#primaryimage","url":"https:\/\/qingdaohf.com\/wp-content\/uploads\/2024\/10\/Heavy-Duty-5-ton-webbing-sling_1.webp","contentUrl":"https:\/\/qingdaohf.com\/wp-content\/uploads\/2024\/10\/Heavy-Duty-5-ton-webbing-sling_1.webp","width":1000,"height":1000,"caption":"webbing sling 5 ton"},{"@type":"BreadcrumbList","@id":"https:\/\/qingdaohf.com\/product\/webbing-sling-5-ton\/#breadcrumb","itemListElement":[{"@type":"ListItem","position":1,"name":"Home","item":"https:\/\/qingdaohf.com\/"},{"@type":"ListItem","position":2,"name":"Concrete Forming Accessories and Rigging Hardware","item":"https:\/\/qingdaohf.com\/bg\/?page_id=944"},{"@type":"ListItem","position":3,"name":"Flat Webbing Sling 5 Ton Polyester Double Duplex"}]},{"@type":"WebSite","@id":"https:\/\/qingdaohf.com\/bg\/#website","url":"https:\/\/qingdaohf.com\/bg\/","name":"Concrete Form & Rigging Hardware Supplier","description":"","publisher":{"@id":"https:\/\/qingdaohf.com\/bg\/#organization"},"potentialAction":[{"@type":"SearchAction","target":{"@type":"EntryPoint","urlTemplate":"https:\/\/qingdaohf.com\/bg\/?s={search_term_string}"},"query-input":{"@type":"PropertyValueSpecification","valueRequired":true,"valueName":"search_term_string"}}],"inLanguage":"pt-BR"},{"@type":"Organization","@id":"https:\/\/qingdaohf.com\/bg\/#organization","name":"Qingdao H&F","url":"https:\/\/qingdaohf.com\/bg\/","logo":{"@type":"ImageObject","inLanguage":"pt-BR","@id":"https:\/\/qingdaohf.com\/bg\/#\/schema\/logo\/image\/","url":"https:\/\/qingdaohf.com\/wp-content\/uploads\/2022\/12\/cropped-HF-LOGO.png","contentUrl":"https:\/\/qingdaohf.com\/wp-content\/uploads\/2022\/12\/cropped-HF-LOGO.png","width":391,"height":249,"caption":"Qingdao H&F"},"image":{"@id":"https:\/\/qingdaohf.com\/bg\/#\/schema\/logo\/image\/"},"sameAs":["https:\/\/www.facebook.com\/qingdaohf"]}]}},"_links":{"self":[{"href":"https:\/\/qingdaohf.com\/pt\/wp-json\/wp\/v2\/product\/8285","targetHints":{"allow":["GET"]}}],"collection":[{"href":"https:\/\/qingdaohf.com\/pt\/wp-json\/wp\/v2\/product"}],"about":[{"href":"https:\/\/qingdaohf.com\/pt\/wp-json\/wp\/v2\/types\/product"}],"replies":[{"embeddable":true,"href":"https:\/\/qingdaohf.com\/pt\/wp-json\/wp\/v2\/comments?post=8285"}],"version-history":[{"count":2,"href":"https:\/\/qingdaohf.com\/pt\/wp-json\/wp\/v2\/product\/8285\/revisions"}],"predecessor-version":[{"id":8336,"href":"https:\/\/qingdaohf.com\/pt\/wp-json\/wp\/v2\/product\/8285\/revisions\/8336"}],"wp:featuredmedia":[{"embeddable":true,"href":"https:\/\/qingdaohf.com\/pt\/wp-json\/wp\/v2\/media\/8191"}],"wp:attachment":[{"href":"https:\/\/qingdaohf.com\/pt\/wp-json\/wp\/v2\/media?parent=8285"}],"wp:term":[{"taxonomy":"product_brand","embeddable":true,"href":"https:\/\/qingdaohf.com\/pt\/wp-json\/wp\/v2\/product_brand?post=8285"},{"taxonomy":"product_cat","embeddable":true,"href":"https:\/\/qingdaohf.com\/pt\/wp-json\/wp\/v2\/product_cat?post=8285"},{"taxonomy":"product_tag","embeddable":true,"href":"https:\/\/qingdaohf.com\/pt\/wp-json\/wp\/v2\/product_tag?post=8285"}],"curies":[{"name":"wp","href":"https:\/\/api.w.org\/{rel}","templated":true}]}}