{"id":8289,"date":"2024-11-05T17:58:14","date_gmt":"2024-11-05T09:58:14","guid":{"rendered":"http:\/\/qingdaohf.com\/?post_type=product&#038;p=8289"},"modified":"2025-11-13T09:02:52","modified_gmt":"2025-11-13T01:02:52","slug":"webbing-sling-8-ton","status":"publish","type":"product","link":"https:\/\/qingdaohf.com\/pt\/produto\/eslinga-de-cinta-de-8-toneladas\/","title":{"rendered":"Flat Webbing Sling 8 Ton Polyester Double Duplex"},"content":{"rendered":"<h4>Resist\u00eancia e durabilidade: Principais recursos do 8-Ton Webbing Sling<\/h4>\n<p>A Qingdao H&amp;F 8-Ton Webbing Sling foi projetada para setores em que solu\u00e7\u00f5es de eleva\u00e7\u00e3o seguras e confi\u00e1veis s\u00e3o essenciais. Constru\u00edda em poli\u00e9ster de alta qualidade, essa eslinga oferece resist\u00eancia robusta, permitindo que ela suporte cargas de at\u00e9 8 toneladas sem comprometer o desempenho. Seu design dur\u00e1vel garante uma longa vida \u00fatil, mesmo sob uso frequente em ambientes desafiadores, tornando-a uma ferramenta valiosa para setores como constru\u00e7\u00e3o, log\u00edstica e manufatura.<\/p>\n<p>Cada linga de 8 toneladas passa por meticulosos testes de qualidade para confirmar sua capacidade de carga e a conformidade com as normas de seguran\u00e7a. A Qingdao H&amp;F fornece relat\u00f3rios detalhados de inspe\u00e7\u00e3o de qualidade, permitindo que os compradores analisem os dados de seguran\u00e7a e desempenho do produto. Com uma reputa\u00e7\u00e3o de confiabilidade e transpar\u00eancia, a Qingdao H&amp;F se dedica a fornecer equipamentos que atendam \u00e0s demandas das opera\u00e7\u00f5es industriais atuais. O ciclo de entrega r\u00e1pida que oferecemos garante que os compradores possam acessar prontamente equipamentos de eleva\u00e7\u00e3o essenciais, mantendo os projetos dentro do cronograma.<\/p>\n<h4>Projeto orientado para a seguran\u00e7a e desempenho de eleva\u00e7\u00e3o seguro<\/h4>\n<p>A seguran\u00e7a \u00e9 a principal preocupa\u00e7\u00e3o em qualquer opera\u00e7\u00e3o de eleva\u00e7\u00e3o, especialmente no manuseio de cargas pesadas. A cinta de 8 toneladas da Qingdao H&amp;F foi projetada com cintas largas e flex\u00edveis que distribuem uniformemente o peso pela carga. Esse design minimiza os pontos de press\u00e3o, reduzindo a probabilidade de danos tanto \u00e0 eslinga quanto \u00e0 carga. Tendo a estabilidade da carga como prioridade, essa eslinga ajuda a garantir eleva\u00e7\u00f5es seguras, mesmo para itens volumosos ou fr\u00e1geis, permitindo que os operadores manuseiem cargas pesadas com confian\u00e7a.<\/p>\n<p>Fabricada para atender a rigorosos padr\u00f5es de seguran\u00e7a, essa eslinga de cinta \u00e9 adequada para setores com protocolos operacionais rigorosos. Seja usada em instala\u00e7\u00f5es industriais, armaz\u00e9ns ou p\u00e1tios de expedi\u00e7\u00e3o, a constru\u00e7\u00e3o resistente e o desempenho confi\u00e1vel da cinta de 8 toneladas fazem dela a escolha ideal. O foco da Qingdao H&amp;F no controle de qualidade e na conformidade com a seguran\u00e7a proporciona tranquilidade aos compradores, que sabem que cada linga passou por uma s\u00e9rie de verifica\u00e7\u00f5es de qualidade para garantir que atenda aos requisitos de suporte de carga. Os relat\u00f3rios de inspe\u00e7\u00e3o de qualidade dispon\u00edveis com cada produto fornecem evid\u00eancias claras desse compromisso com a seguran\u00e7a e a confiabilidade.<\/p>\n<h4>Qingdao H&amp;F: parceria com clientes para solu\u00e7\u00f5es confi\u00e1veis e eficientes<\/h4>\n<p>Com 20 anos de experi\u00eancia como uma empresa comercial B2B, a Qingdao H&amp;F construiu uma reputa\u00e7\u00e3o de fornecer solu\u00e7\u00f5es de eleva\u00e7\u00e3o confi\u00e1veis que atendem \u00e0s necessidades exclusivas dos compradores industriais. A cinta de 8 toneladas faz parte de uma linha diversificada de produtos, cada item acompanhado de documenta\u00e7\u00e3o de inspe\u00e7\u00e3o de qualidade para verificar sua conformidade com os padr\u00f5es do setor. Essa transpar\u00eancia refor\u00e7a a dedica\u00e7\u00e3o da Qingdao H&amp;F em fornecer produtos confi\u00e1veis nos quais os compradores podem confiar para aplica\u00e7\u00f5es exigentes.<\/p>\n<p>Al\u00e9m de produtos de qualidade, a Qingdao H&amp;F tem o compromisso de oferecer uma experi\u00eancia de compra tranquila e centrada no cliente. Nosso modelo de atendimento ao cliente individualizado permite que os compradores se conectem diretamente com representantes experientes que entendem suas necessidades, fornecendo recomenda\u00e7\u00f5es personalizadas para ajudar os clientes a escolher o melhor equipamento de eleva\u00e7\u00e3o para suas aplica\u00e7\u00f5es. Juntamente com um ciclo de entrega r\u00e1pido, a Qingdao H&amp;F garante que os clientes possam obter equipamentos essenciais sem demora, apoiando a efici\u00eancia do projeto e minimizando o tempo de inatividade.<\/p>\n<p>Ao fornecer cintas de alto desempenho, garantir um controle de qualidade completo e priorizar o atendimento ao cliente, a Qingdao H&amp;F tornou-se uma parceira confi\u00e1vel para solu\u00e7\u00f5es de eleva\u00e7\u00e3o industrial. A cinta de 8 toneladas reflete esse compromisso, oferecendo a resist\u00eancia, a seguran\u00e7a e a confiabilidade que os ambientes industriais atuais exigem. Com cada eslinga, a Qingdao H&amp;F fornece uma solu\u00e7\u00e3o de eleva\u00e7\u00e3o segura e confi\u00e1vel, apoiada pelo suporte e pela transpar\u00eancia que os clientes esperam.<\/p>","protected":false},"excerpt":{"rendered":"<p>A 8-Ton Webbing Sling foi criada para lidar com demandas substanciais de eleva\u00e7\u00e3o, oferecendo resist\u00eancia e confiabilidade excepcionais para aplica\u00e7\u00f5es industriais. Projetada para atender \u00e0s preocupa\u00e7\u00f5es do comprador com rela\u00e7\u00e3o \u00e0 seguran\u00e7a da carga, durabilidade e conformidade com os padr\u00f5es de seguran\u00e7a, essa eslinga suporta at\u00e9 8 toneladas com facilidade. Como uma empresa comercial B2B estabelecida com 20 anos de experi\u00eancia, a Qingdao H&amp;F oferece atendimento individualizado ao cliente, um ciclo de entrega r\u00e1pido e relat\u00f3rios abrangentes de inspe\u00e7\u00e3o de qualidade. Essas vantagens ressaltam nosso compromisso com a qualidade e a satisfa\u00e7\u00e3o do cliente, garantindo uma experi\u00eancia de compra perfeita.<\/p>","protected":false},"featured_media":8193,"comment_status":"open","ping_status":"closed","template":"","meta":{"site-sidebar-layout":"default","site-content-layout":"","ast-site-content-layout":"default","site-content-style":"default","site-sidebar-style":"default","ast-global-header-display":"","ast-banner-title-visibility":"","ast-main-header-display":"","ast-hfb-above-header-display":"","ast-hfb-below-header-display":"","ast-hfb-mobile-header-display":"","site-post-title":"","ast-breadcrumbs-content":"","ast-featured-img":"","footer-sml-layout":"","theme-transparent-header-meta":"default","adv-header-id-meta":"","stick-header-meta":"default","header-above-stick-meta":"","header-main-stick-meta":"","header-below-stick-meta":"","astra-migrate-meta-layouts":"set","ast-page-background-enabled":"default","ast-page-background-meta":{"desktop":{"background-color":"","background-image":"","background-repeat":"repeat","background-position":"center center","background-size":"auto","background-attachment":"scroll","background-type":"","background-media":"","overlay-type":"","overlay-color":"","overlay-opacity":"","overlay-gradient":""},"tablet":{"background-color":"","background-image":"","background-repeat":"repeat","background-position":"center center","background-size":"auto","background-attachment":"scroll","background-type":"","background-media":"","overlay-type":"","overlay-color":"","overlay-opacity":"","overlay-gradient":""},"mobile":{"background-color":"","background-image":"","background-repeat":"repeat","background-position":"center center","background-size":"auto","background-attachment":"scroll","background-type":"","background-media":"","overlay-type":"","overlay-color":"","overlay-opacity":"","overlay-gradient":""}},"ast-content-background-meta":{"desktop":{"background-color":"var(--ast-global-color-5)","background-image":"","background-repeat":"repeat","background-position":"center center","background-size":"auto","background-attachment":"scroll","background-type":"","background-media":"","overlay-type":"","overlay-color":"","overlay-opacity":"","overlay-gradient":""},"tablet":{"background-color":"var(--ast-global-color-5)","background-image":"","background-repeat":"repeat","background-position":"center center","background-size":"auto","background-attachment":"scroll","background-type":"","background-media":"","overlay-type":"","overlay-color":"","overlay-opacity":"","overlay-gradient":""},"mobile":{"background-color":"var(--ast-global-color-5)","background-image":"","background-repeat":"repeat","background-position":"center center","background-size":"auto","background-attachment":"scroll","background-type":"","background-media":"","overlay-type":"","overlay-color":"","overlay-opacity":"","overlay-gradient":""}}},"product_brand":[],"product_cat":[39],"product_tag":[],"class_list":{"0":"post-8289","1":"product","2":"type-product","3":"status-publish","4":"has-post-thumbnail","6":"product_cat-webbing-sling","7":"desktop-align-left","8":"tablet-align-left","9":"mobile-align-left","10":"ast-product-gallery-layout-horizontal-slider","11":"ast-product-gallery-with-no-image","12":"ast-product-tabs-layout-horizontal","14":"first","15":"instock","16":"shipping-taxable","17":"purchasable","18":"product-type-simple"},"yoast_head":"<!-- This site is optimized with the Yoast SEO plugin v25.2 - https:\/\/yoast.com\/wordpress\/plugins\/seo\/ -->\n<title>Flat Webbing Sling 8 Ton Polyester Double Duplex<\/title>\n<meta name=\"robots\" content=\"index, follow, max-snippet:-1, max-image-preview:large, max-video-preview:-1\" \/>\n<link rel=\"canonical\" href=\"https:\/\/qingdaohf.com\/pt\/produto\/eslinga-de-cinta-de-8-toneladas\/\" \/>\n<meta property=\"og:locale\" content=\"pt_BR\" \/>\n<meta property=\"og:type\" content=\"article\" \/>\n<meta property=\"og:title\" content=\"Flat Webbing Sling 8 Ton Polyester Double Duplex\" \/>\n<meta property=\"og:description\" content=\"8-Ton Webbing Sling is crafted to handle substantial lifting demands, offering outstanding strength and reliability for industrial applications. Designed to address buyer concerns about load security, durability, and compliance with safety standards, this sling supports up to 8 tons with ease. As an established B2B trading company with 20 years of experience, Qingdao H&amp;F provides one-on-one customer service, a fast delivery cycle, and comprehensive quality inspection reports. These advantages underscore our commitment to quality and customer satisfaction, ensuring a seamless purchasing experience.\" \/>\n<meta property=\"og:url\" content=\"https:\/\/qingdaohf.com\/pt\/produto\/eslinga-de-cinta-de-8-toneladas\/\" \/>\n<meta property=\"og:site_name\" content=\"Concrete Form &amp; Rigging Hardware Supplier\" \/>\n<meta property=\"article:publisher\" content=\"https:\/\/www.facebook.com\/qingdaohf\" \/>\n<meta property=\"article:modified_time\" content=\"2025-11-13T01:02:52+00:00\" \/>\n<meta property=\"og:image\" content=\"https:\/\/qingdaohf.com\/wp-content\/uploads\/2024\/10\/8ton-sling_1.webp\" \/>\n\t<meta property=\"og:image:width\" content=\"1000\" \/>\n\t<meta property=\"og:image:height\" content=\"1000\" \/>\n\t<meta property=\"og:image:type\" content=\"image\/webp\" \/>\n<meta name=\"twitter:card\" content=\"summary_large_image\" \/>\n<meta name=\"twitter:label1\" content=\"Est. tempo de leitura\" \/>\n\t<meta name=\"twitter:data1\" content=\"3 minutos\" \/>\n<script type=\"application\/ld+json\" class=\"yoast-schema-graph\">{\"@context\":\"https:\/\/schema.org\",\"@graph\":[{\"@type\":\"WebPage\",\"@id\":\"https:\/\/qingdaohf.com\/product\/webbing-sling-8-ton\/\",\"url\":\"https:\/\/qingdaohf.com\/product\/webbing-sling-8-ton\/\",\"name\":\"Flat Webbing Sling 8 Ton Polyester Double Duplex\",\"isPartOf\":{\"@id\":\"https:\/\/qingdaohf.com\/bg\/#website\"},\"primaryImageOfPage\":{\"@id\":\"https:\/\/qingdaohf.com\/product\/webbing-sling-8-ton\/#primaryimage\"},\"image\":{\"@id\":\"https:\/\/qingdaohf.com\/product\/webbing-sling-8-ton\/#primaryimage\"},\"thumbnailUrl\":\"https:\/\/qingdaohf.com\/wp-content\/uploads\/2024\/10\/8ton-sling_1.webp\",\"datePublished\":\"2024-11-05T09:58:14+00:00\",\"dateModified\":\"2025-11-13T01:02:52+00:00\",\"breadcrumb\":{\"@id\":\"https:\/\/qingdaohf.com\/product\/webbing-sling-8-ton\/#breadcrumb\"},\"inLanguage\":\"pt-BR\",\"potentialAction\":[{\"@type\":\"ReadAction\",\"target\":[\"https:\/\/qingdaohf.com\/product\/webbing-sling-8-ton\/\"]}]},{\"@type\":\"ImageObject\",\"inLanguage\":\"pt-BR\",\"@id\":\"https:\/\/qingdaohf.com\/product\/webbing-sling-8-ton\/#primaryimage\",\"url\":\"https:\/\/qingdaohf.com\/wp-content\/uploads\/2024\/10\/8ton-sling_1.webp\",\"contentUrl\":\"https:\/\/qingdaohf.com\/wp-content\/uploads\/2024\/10\/8ton-sling_1.webp\",\"width\":1000,\"height\":1000,\"caption\":\"8ton sling\"},{\"@type\":\"BreadcrumbList\",\"@id\":\"https:\/\/qingdaohf.com\/product\/webbing-sling-8-ton\/#breadcrumb\",\"itemListElement\":[{\"@type\":\"ListItem\",\"position\":1,\"name\":\"Home\",\"item\":\"https:\/\/qingdaohf.com\/\"},{\"@type\":\"ListItem\",\"position\":2,\"name\":\"Concrete Forming Accessories and Rigging Hardware\",\"item\":\"https:\/\/qingdaohf.com\/bg\/?page_id=944\"},{\"@type\":\"ListItem\",\"position\":3,\"name\":\"Flat Webbing Sling 8 Ton Polyester Double Duplex\"}]},{\"@type\":\"WebSite\",\"@id\":\"https:\/\/qingdaohf.com\/bg\/#website\",\"url\":\"https:\/\/qingdaohf.com\/bg\/\",\"name\":\"Concrete Form & Rigging Hardware Supplier\",\"description\":\"\",\"publisher\":{\"@id\":\"https:\/\/qingdaohf.com\/bg\/#organization\"},\"potentialAction\":[{\"@type\":\"SearchAction\",\"target\":{\"@type\":\"EntryPoint\",\"urlTemplate\":\"https:\/\/qingdaohf.com\/bg\/?s={search_term_string}\"},\"query-input\":{\"@type\":\"PropertyValueSpecification\",\"valueRequired\":true,\"valueName\":\"search_term_string\"}}],\"inLanguage\":\"pt-BR\"},{\"@type\":\"Organization\",\"@id\":\"https:\/\/qingdaohf.com\/bg\/#organization\",\"name\":\"Qingdao H&F\",\"url\":\"https:\/\/qingdaohf.com\/bg\/\",\"logo\":{\"@type\":\"ImageObject\",\"inLanguage\":\"pt-BR\",\"@id\":\"https:\/\/qingdaohf.com\/bg\/#\/schema\/logo\/image\/\",\"url\":\"https:\/\/qingdaohf.com\/wp-content\/uploads\/2022\/12\/cropped-HF-LOGO.png\",\"contentUrl\":\"https:\/\/qingdaohf.com\/wp-content\/uploads\/2022\/12\/cropped-HF-LOGO.png\",\"width\":391,\"height\":249,\"caption\":\"Qingdao H&F\"},\"image\":{\"@id\":\"https:\/\/qingdaohf.com\/bg\/#\/schema\/logo\/image\/\"},\"sameAs\":[\"https:\/\/www.facebook.com\/qingdaohf\"]}]}<\/script>\n<!-- \/ Yoast SEO plugin. -->","yoast_head_json":{"title":"Flat Webbing Sling 8 Ton Polyester Double Duplex","robots":{"index":"index","follow":"follow","max-snippet":"max-snippet:-1","max-image-preview":"max-image-preview:large","max-video-preview":"max-video-preview:-1"},"canonical":"https:\/\/qingdaohf.com\/pt\/produto\/eslinga-de-cinta-de-8-toneladas\/","og_locale":"pt_BR","og_type":"article","og_title":"Flat Webbing Sling 8 Ton Polyester Double Duplex","og_description":"8-Ton Webbing Sling is crafted to handle substantial lifting demands, offering outstanding strength and reliability for industrial applications. Designed to address buyer concerns about load security, durability, and compliance with safety standards, this sling supports up to 8 tons with ease. As an established B2B trading company with 20 years of experience, Qingdao H&amp;F provides one-on-one customer service, a fast delivery cycle, and comprehensive quality inspection reports. These advantages underscore our commitment to quality and customer satisfaction, ensuring a seamless purchasing experience.","og_url":"https:\/\/qingdaohf.com\/pt\/produto\/eslinga-de-cinta-de-8-toneladas\/","og_site_name":"Concrete Form &amp; Rigging Hardware Supplier","article_publisher":"https:\/\/www.facebook.com\/qingdaohf","article_modified_time":"2025-11-13T01:02:52+00:00","og_image":[{"width":1000,"height":1000,"url":"https:\/\/qingdaohf.com\/wp-content\/uploads\/2024\/10\/8ton-sling_1.webp","type":"image\/webp"}],"twitter_card":"summary_large_image","twitter_misc":{"Est. tempo de leitura":"3 minutos"},"schema":{"@context":"https:\/\/schema.org","@graph":[{"@type":"WebPage","@id":"https:\/\/qingdaohf.com\/product\/webbing-sling-8-ton\/","url":"https:\/\/qingdaohf.com\/product\/webbing-sling-8-ton\/","name":"Flat Webbing Sling 8 Ton Polyester Double Duplex","isPartOf":{"@id":"https:\/\/qingdaohf.com\/bg\/#website"},"primaryImageOfPage":{"@id":"https:\/\/qingdaohf.com\/product\/webbing-sling-8-ton\/#primaryimage"},"image":{"@id":"https:\/\/qingdaohf.com\/product\/webbing-sling-8-ton\/#primaryimage"},"thumbnailUrl":"https:\/\/qingdaohf.com\/wp-content\/uploads\/2024\/10\/8ton-sling_1.webp","datePublished":"2024-11-05T09:58:14+00:00","dateModified":"2025-11-13T01:02:52+00:00","breadcrumb":{"@id":"https:\/\/qingdaohf.com\/product\/webbing-sling-8-ton\/#breadcrumb"},"inLanguage":"pt-BR","potentialAction":[{"@type":"ReadAction","target":["https:\/\/qingdaohf.com\/product\/webbing-sling-8-ton\/"]}]},{"@type":"ImageObject","inLanguage":"pt-BR","@id":"https:\/\/qingdaohf.com\/product\/webbing-sling-8-ton\/#primaryimage","url":"https:\/\/qingdaohf.com\/wp-content\/uploads\/2024\/10\/8ton-sling_1.webp","contentUrl":"https:\/\/qingdaohf.com\/wp-content\/uploads\/2024\/10\/8ton-sling_1.webp","width":1000,"height":1000,"caption":"8ton sling"},{"@type":"BreadcrumbList","@id":"https:\/\/qingdaohf.com\/product\/webbing-sling-8-ton\/#breadcrumb","itemListElement":[{"@type":"ListItem","position":1,"name":"Home","item":"https:\/\/qingdaohf.com\/"},{"@type":"ListItem","position":2,"name":"Concrete Forming Accessories and Rigging Hardware","item":"https:\/\/qingdaohf.com\/bg\/?page_id=944"},{"@type":"ListItem","position":3,"name":"Flat Webbing Sling 8 Ton Polyester Double Duplex"}]},{"@type":"WebSite","@id":"https:\/\/qingdaohf.com\/bg\/#website","url":"https:\/\/qingdaohf.com\/bg\/","name":"Concrete Form & Rigging Hardware Supplier","description":"","publisher":{"@id":"https:\/\/qingdaohf.com\/bg\/#organization"},"potentialAction":[{"@type":"SearchAction","target":{"@type":"EntryPoint","urlTemplate":"https:\/\/qingdaohf.com\/bg\/?s={search_term_string}"},"query-input":{"@type":"PropertyValueSpecification","valueRequired":true,"valueName":"search_term_string"}}],"inLanguage":"pt-BR"},{"@type":"Organization","@id":"https:\/\/qingdaohf.com\/bg\/#organization","name":"Qingdao H&F","url":"https:\/\/qingdaohf.com\/bg\/","logo":{"@type":"ImageObject","inLanguage":"pt-BR","@id":"https:\/\/qingdaohf.com\/bg\/#\/schema\/logo\/image\/","url":"https:\/\/qingdaohf.com\/wp-content\/uploads\/2022\/12\/cropped-HF-LOGO.png","contentUrl":"https:\/\/qingdaohf.com\/wp-content\/uploads\/2022\/12\/cropped-HF-LOGO.png","width":391,"height":249,"caption":"Qingdao H&F"},"image":{"@id":"https:\/\/qingdaohf.com\/bg\/#\/schema\/logo\/image\/"},"sameAs":["https:\/\/www.facebook.com\/qingdaohf"]}]}},"_links":{"self":[{"href":"https:\/\/qingdaohf.com\/pt\/wp-json\/wp\/v2\/product\/8289","targetHints":{"allow":["GET"]}}],"collection":[{"href":"https:\/\/qingdaohf.com\/pt\/wp-json\/wp\/v2\/product"}],"about":[{"href":"https:\/\/qingdaohf.com\/pt\/wp-json\/wp\/v2\/types\/product"}],"replies":[{"embeddable":true,"href":"https:\/\/qingdaohf.com\/pt\/wp-json\/wp\/v2\/comments?post=8289"}],"version-history":[{"count":2,"href":"https:\/\/qingdaohf.com\/pt\/wp-json\/wp\/v2\/product\/8289\/revisions"}],"predecessor-version":[{"id":8334,"href":"https:\/\/qingdaohf.com\/pt\/wp-json\/wp\/v2\/product\/8289\/revisions\/8334"}],"wp:featuredmedia":[{"embeddable":true,"href":"https:\/\/qingdaohf.com\/pt\/wp-json\/wp\/v2\/media\/8193"}],"wp:attachment":[{"href":"https:\/\/qingdaohf.com\/pt\/wp-json\/wp\/v2\/media?parent=8289"}],"wp:term":[{"taxonomy":"product_brand","embeddable":true,"href":"https:\/\/qingdaohf.com\/pt\/wp-json\/wp\/v2\/product_brand?post=8289"},{"taxonomy":"product_cat","embeddable":true,"href":"https:\/\/qingdaohf.com\/pt\/wp-json\/wp\/v2\/product_cat?post=8289"},{"taxonomy":"product_tag","embeddable":true,"href":"https:\/\/qingdaohf.com\/pt\/wp-json\/wp\/v2\/product_tag?post=8289"}],"curies":[{"name":"wp","href":"https:\/\/api.w.org\/{rel}","templated":true}]}}