{"id":8291,"date":"2024-11-05T17:59:58","date_gmt":"2024-11-05T09:59:58","guid":{"rendered":"http:\/\/qingdaohf.com\/?post_type=product&#038;p=8291"},"modified":"2025-11-13T09:02:52","modified_gmt":"2025-11-13T01:02:52","slug":"webbing-sling-10-ton","status":"publish","type":"product","link":"https:\/\/qingdaohf.com\/pt\/produto\/eslinga-de-cinta-de-10-toneladas\/","title":{"rendered":"Sling de cinta plana de 10 toneladas de poli\u00e9ster Double Duplex"},"content":{"rendered":"<h4>Solu\u00e7\u00f5es de eleva\u00e7\u00e3o de alta capacidade: Durabilidade e resist\u00eancia do sling de cinta de 10 toneladas<\/h4>\n<p>Para tarefas de eleva\u00e7\u00e3o industrial em que \u00e9 necess\u00e1rio um suporte seguro e de alta capacidade, a cinta de 10 toneladas da Qingdao H&amp;F oferece a solu\u00e7\u00e3o ideal. Constru\u00edda em poli\u00e9ster de alta resist\u00eancia, essa eslinga suporta pesos de at\u00e9 10 toneladas, o que a torna ideal para setores como constru\u00e7\u00e3o, log\u00edstica e manufatura. A resili\u00eancia da cinta de 10 toneladas garante que ela mantenha a integridade mesmo sob cargas pesadas e repetitivas em ambientes desafiadores, proporcionando \u00e0s empresas uma solu\u00e7\u00e3o dur\u00e1vel e econ\u00f4mica para suas necessidades de eleva\u00e7\u00e3o.<\/p>\n<p>Para garantir os mais altos padr\u00f5es de confiabilidade e seguran\u00e7a, cada linga de 10 toneladas \u00e9 submetida a testes rigorosos, e os compradores recebem um relat\u00f3rio de inspe\u00e7\u00e3o de qualidade que comprova sua conformidade com os padr\u00f5es internacionais de seguran\u00e7a e desempenho. A dedica\u00e7\u00e3o da Qingdao H&amp;F \u00e0 transpar\u00eancia garante aos compradores que eles est\u00e3o investindo em um produto que atende a todos os requisitos regulamentares. O r\u00e1pido ciclo de entrega oferecido pela Qingdao H&amp;F permite que os clientes tenham acesso imediato aos equipamentos necess\u00e1rios, minimizando atrasos nas opera\u00e7\u00f5es e aumentando a efici\u00eancia geral.<\/p>\n<h4>Seguran\u00e7a e estabilidade em aplica\u00e7\u00f5es de eleva\u00e7\u00e3o de cargas pesadas<\/h4>\n<p>Em ambientes industriais de alto risco, a estabilidade e a seguran\u00e7a do equipamento de eleva\u00e7\u00e3o s\u00e3o cruciais para a seguran\u00e7a e a produtividade. A cinta de 10 toneladas da Qingdao H&amp;F foi projetada para oferecer excelente estabilidade de carga, ajudando a distribuir o peso uniformemente pela carga. Esse projeto reduz os pontos de press\u00e3o e minimiza o risco de danos ou deslocamento da carga durante as opera\u00e7\u00f5es de eleva\u00e7\u00e3o, proporcionando tranquilidade aos operadores. A correia de poli\u00e9ster larga e dur\u00e1vel resiste ao desgaste, \u00e0 abras\u00e3o e \u00e0 exposi\u00e7\u00e3o aos raios UV, mantendo sua for\u00e7a sob condi\u00e7\u00f5es exigentes.<\/p>\n<p>A seguran\u00e7a das opera\u00e7\u00f5es de eleva\u00e7\u00e3o \u00e9 aprimorada pelos meticulosos padr\u00f5es de fabrica\u00e7\u00e3o da Qingdao H&amp;F. Cada eslinga atende ou excede as normas internacionais do setor, o que a torna adequada para uma variedade de aplica\u00e7\u00f5es em que existem protocolos de seguran\u00e7a rigorosos. Com um rigoroso controle de qualidade em todas as etapas da produ\u00e7\u00e3o, a Qingdao H&amp;F garante que a eslinga de 10 toneladas ofere\u00e7a suporte confi\u00e1vel nos ambientes mais desafiadores. Os relat\u00f3rios detalhados de inspe\u00e7\u00e3o de qualidade dispon\u00edveis com cada eslinga servem como prova desse compromisso, ajudando as empresas a manter os padr\u00f5es de seguran\u00e7a e conformidade com confian\u00e7a.<\/p>\n<h4>Qingdao H&amp;F: um parceiro de confian\u00e7a para solu\u00e7\u00f5es de eleva\u00e7\u00e3o de alto desempenho<\/h4>\n<p>Como uma empresa comercial B2B experiente, com duas d\u00e9cadas de experi\u00eancia, a Qingdao H&amp;F tem o compromisso de apoiar as empresas oferecendo produtos que combinam qualidade, seguran\u00e7a e servi\u00e7o. A linga de 10 toneladas exemplifica a abordagem da Qingdao H&amp;F de fornecer equipamentos confi\u00e1veis e de alto desempenho que atendem \u00e0s necessidades pr\u00e1ticas dos compradores industriais. Cada linga vem com um relat\u00f3rio de inspe\u00e7\u00e3o de qualidade, proporcionando aos compradores uma vis\u00e3o clara das especifica\u00e7\u00f5es do produto e garantindo total transpar\u00eancia em rela\u00e7\u00e3o ao seu desempenho.<\/p>\n<p>O modelo de atendimento ao cliente individual da Qingdao H&amp;F permite que os compradores recebam suporte personalizado de representantes experientes, ajudando-os a selecionar o equipamento de eleva\u00e7\u00e3o ideal para suas necessidades espec\u00edficas. Essa abordagem atenciosa, juntamente com um ciclo de entrega r\u00e1pido e eficiente, demonstra a dedica\u00e7\u00e3o da Qingdao H&amp;F em facilitar um processo de compra perfeito que se alinha aos cronogramas operacionais dos clientes. O foco da Qingdao H&amp;F na satisfa\u00e7\u00e3o do cliente e no controle de qualidade a estabeleceu como um nome confi\u00e1vel no mercado de eleva\u00e7\u00e3o industrial.<\/p>\n<p>A cinta de 10 toneladas da Qingdao H&amp;F \u00e9 mais do que apenas uma solu\u00e7\u00e3o de eleva\u00e7\u00e3o - \u00e9 um parceiro confi\u00e1vel para empresas comprometidas com a seguran\u00e7a, a efici\u00eancia e o alto desempenho. Com cada eslinga, a Qingdao H&amp;F fornece um produto que mant\u00e9m os padr\u00f5es do setor e oferece uma op\u00e7\u00e3o segura e eficiente para aplica\u00e7\u00f5es de eleva\u00e7\u00e3o de cargas pesadas.<\/p>","protected":false},"excerpt":{"rendered":"<p>A 10-Ton Webbing Sling foi criada para eleva\u00e7\u00e3o de cargas pesadas, projetada para atender \u00e0s rigorosas demandas dos setores em que a eleva\u00e7\u00e3o segura e de alta capacidade \u00e9 essencial. Essa eslinga dur\u00e1vel suporta at\u00e9 10 toneladas, atendendo \u00e0s principais preocupa\u00e7\u00f5es dos compradores sobre resist\u00eancia, seguran\u00e7a e confiabilidade. Como uma empresa comercial B2B experiente, a Qingdao H&amp;F oferece suporte individual ao cliente, entrega r\u00e1pida e relat\u00f3rios abrangentes de inspe\u00e7\u00e3o de qualidade, garantindo uma experi\u00eancia de compra tranquila que prioriza a transpar\u00eancia e a satisfa\u00e7\u00e3o do cliente.<\/p>","protected":false},"featured_media":8192,"comment_status":"open","ping_status":"closed","template":"","meta":{"site-sidebar-layout":"default","site-content-layout":"","ast-site-content-layout":"default","site-content-style":"default","site-sidebar-style":"default","ast-global-header-display":"","ast-banner-title-visibility":"","ast-main-header-display":"","ast-hfb-above-header-display":"","ast-hfb-below-header-display":"","ast-hfb-mobile-header-display":"","site-post-title":"","ast-breadcrumbs-content":"","ast-featured-img":"","footer-sml-layout":"","theme-transparent-header-meta":"default","adv-header-id-meta":"","stick-header-meta":"default","header-above-stick-meta":"","header-main-stick-meta":"","header-below-stick-meta":"","astra-migrate-meta-layouts":"set","ast-page-background-enabled":"default","ast-page-background-meta":{"desktop":{"background-color":"","background-image":"","background-repeat":"repeat","background-position":"center center","background-size":"auto","background-attachment":"scroll","background-type":"","background-media":"","overlay-type":"","overlay-color":"","overlay-opacity":"","overlay-gradient":""},"tablet":{"background-color":"","background-image":"","background-repeat":"repeat","background-position":"center center","background-size":"auto","background-attachment":"scroll","background-type":"","background-media":"","overlay-type":"","overlay-color":"","overlay-opacity":"","overlay-gradient":""},"mobile":{"background-color":"","background-image":"","background-repeat":"repeat","background-position":"center center","background-size":"auto","background-attachment":"scroll","background-type":"","background-media":"","overlay-type":"","overlay-color":"","overlay-opacity":"","overlay-gradient":""}},"ast-content-background-meta":{"desktop":{"background-color":"var(--ast-global-color-5)","background-image":"","background-repeat":"repeat","background-position":"center center","background-size":"auto","background-attachment":"scroll","background-type":"","background-media":"","overlay-type":"","overlay-color":"","overlay-opacity":"","overlay-gradient":""},"tablet":{"background-color":"var(--ast-global-color-5)","background-image":"","background-repeat":"repeat","background-position":"center center","background-size":"auto","background-attachment":"scroll","background-type":"","background-media":"","overlay-type":"","overlay-color":"","overlay-opacity":"","overlay-gradient":""},"mobile":{"background-color":"var(--ast-global-color-5)","background-image":"","background-repeat":"repeat","background-position":"center center","background-size":"auto","background-attachment":"scroll","background-type":"","background-media":"","overlay-type":"","overlay-color":"","overlay-opacity":"","overlay-gradient":""}}},"product_brand":[],"product_cat":[39],"product_tag":[],"class_list":{"0":"post-8291","1":"product","2":"type-product","3":"status-publish","4":"has-post-thumbnail","6":"product_cat-webbing-sling","7":"desktop-align-left","8":"tablet-align-left","9":"mobile-align-left","10":"ast-product-gallery-layout-horizontal-slider","11":"ast-product-gallery-with-no-image","12":"ast-product-tabs-layout-horizontal","14":"first","15":"instock","16":"shipping-taxable","17":"purchasable","18":"product-type-simple"},"yoast_head":"<!-- This site is optimized with the Yoast SEO plugin v25.2 - https:\/\/yoast.com\/wordpress\/plugins\/seo\/ -->\n<title>Flat Webbing Sling 10 Ton Polyester Double Duplex<\/title>\n<meta name=\"robots\" content=\"index, follow, max-snippet:-1, max-image-preview:large, max-video-preview:-1\" \/>\n<link rel=\"canonical\" href=\"https:\/\/qingdaohf.com\/pt\/produto\/eslinga-de-cinta-de-10-toneladas\/\" \/>\n<meta property=\"og:locale\" content=\"pt_BR\" \/>\n<meta property=\"og:type\" content=\"article\" \/>\n<meta property=\"og:title\" content=\"Flat Webbing Sling 10 Ton Polyester Double Duplex\" \/>\n<meta property=\"og:description\" content=\"10-Ton Webbing Sling is built for heavy-duty lifting, designed to meet the stringent demands of industries where secure, high-capacity lifting is essential. This durable sling handles up to 10 tons, addressing buyers&#039; primary concerns about strength, safety, and reliability. As an experienced B2B trading company, Qingdao H&amp;F provides one-on-one customer support, fast delivery, and comprehensive quality inspection reports, ensuring a smooth buying experience that prioritizes transparency and customer satisfaction.\" \/>\n<meta property=\"og:url\" content=\"https:\/\/qingdaohf.com\/pt\/produto\/eslinga-de-cinta-de-10-toneladas\/\" \/>\n<meta property=\"og:site_name\" content=\"Concrete Form &amp; Rigging Hardware Supplier\" \/>\n<meta property=\"article:publisher\" content=\"https:\/\/www.facebook.com\/qingdaohf\" \/>\n<meta property=\"article:modified_time\" content=\"2025-11-13T01:02:52+00:00\" \/>\n<meta property=\"og:image\" content=\"https:\/\/qingdaohf.com\/wp-content\/uploads\/2024\/10\/10-tons_1.webp\" \/>\n\t<meta property=\"og:image:width\" content=\"1000\" \/>\n\t<meta property=\"og:image:height\" content=\"1000\" \/>\n\t<meta property=\"og:image:type\" content=\"image\/webp\" \/>\n<meta name=\"twitter:card\" content=\"summary_large_image\" \/>\n<meta name=\"twitter:label1\" content=\"Est. tempo de leitura\" \/>\n\t<meta name=\"twitter:data1\" content=\"3 minutos\" \/>\n<script type=\"application\/ld+json\" class=\"yoast-schema-graph\">{\"@context\":\"https:\/\/schema.org\",\"@graph\":[{\"@type\":\"WebPage\",\"@id\":\"https:\/\/qingdaohf.com\/product\/webbing-sling-10-ton\/\",\"url\":\"https:\/\/qingdaohf.com\/product\/webbing-sling-10-ton\/\",\"name\":\"Flat Webbing Sling 10 Ton Polyester Double Duplex\",\"isPartOf\":{\"@id\":\"https:\/\/qingdaohf.com\/bg\/#website\"},\"primaryImageOfPage\":{\"@id\":\"https:\/\/qingdaohf.com\/product\/webbing-sling-10-ton\/#primaryimage\"},\"image\":{\"@id\":\"https:\/\/qingdaohf.com\/product\/webbing-sling-10-ton\/#primaryimage\"},\"thumbnailUrl\":\"https:\/\/qingdaohf.com\/wp-content\/uploads\/2024\/10\/10-tons_1.webp\",\"datePublished\":\"2024-11-05T09:59:58+00:00\",\"dateModified\":\"2025-11-13T01:02:52+00:00\",\"breadcrumb\":{\"@id\":\"https:\/\/qingdaohf.com\/product\/webbing-sling-10-ton\/#breadcrumb\"},\"inLanguage\":\"pt-BR\",\"potentialAction\":[{\"@type\":\"ReadAction\",\"target\":[\"https:\/\/qingdaohf.com\/product\/webbing-sling-10-ton\/\"]}]},{\"@type\":\"ImageObject\",\"inLanguage\":\"pt-BR\",\"@id\":\"https:\/\/qingdaohf.com\/product\/webbing-sling-10-ton\/#primaryimage\",\"url\":\"https:\/\/qingdaohf.com\/wp-content\/uploads\/2024\/10\/10-tons_1.webp\",\"contentUrl\":\"https:\/\/qingdaohf.com\/wp-content\/uploads\/2024\/10\/10-tons_1.webp\",\"width\":1000,\"height\":1000,\"caption\":\"Webbing Sling 10 Ton\"},{\"@type\":\"BreadcrumbList\",\"@id\":\"https:\/\/qingdaohf.com\/product\/webbing-sling-10-ton\/#breadcrumb\",\"itemListElement\":[{\"@type\":\"ListItem\",\"position\":1,\"name\":\"Home\",\"item\":\"https:\/\/qingdaohf.com\/\"},{\"@type\":\"ListItem\",\"position\":2,\"name\":\"Concrete Forming Accessories and Rigging Hardware\",\"item\":\"https:\/\/qingdaohf.com\/bg\/?page_id=944\"},{\"@type\":\"ListItem\",\"position\":3,\"name\":\"Flat Webbing Sling 10 Ton Polyester Double Duplex\"}]},{\"@type\":\"WebSite\",\"@id\":\"https:\/\/qingdaohf.com\/bg\/#website\",\"url\":\"https:\/\/qingdaohf.com\/bg\/\",\"name\":\"Concrete Form & Rigging Hardware Supplier\",\"description\":\"\",\"publisher\":{\"@id\":\"https:\/\/qingdaohf.com\/bg\/#organization\"},\"potentialAction\":[{\"@type\":\"SearchAction\",\"target\":{\"@type\":\"EntryPoint\",\"urlTemplate\":\"https:\/\/qingdaohf.com\/bg\/?s={search_term_string}\"},\"query-input\":{\"@type\":\"PropertyValueSpecification\",\"valueRequired\":true,\"valueName\":\"search_term_string\"}}],\"inLanguage\":\"pt-BR\"},{\"@type\":\"Organization\",\"@id\":\"https:\/\/qingdaohf.com\/bg\/#organization\",\"name\":\"Qingdao H&F\",\"url\":\"https:\/\/qingdaohf.com\/bg\/\",\"logo\":{\"@type\":\"ImageObject\",\"inLanguage\":\"pt-BR\",\"@id\":\"https:\/\/qingdaohf.com\/bg\/#\/schema\/logo\/image\/\",\"url\":\"https:\/\/qingdaohf.com\/wp-content\/uploads\/2022\/12\/cropped-HF-LOGO.png\",\"contentUrl\":\"https:\/\/qingdaohf.com\/wp-content\/uploads\/2022\/12\/cropped-HF-LOGO.png\",\"width\":391,\"height\":249,\"caption\":\"Qingdao H&F\"},\"image\":{\"@id\":\"https:\/\/qingdaohf.com\/bg\/#\/schema\/logo\/image\/\"},\"sameAs\":[\"https:\/\/www.facebook.com\/qingdaohf\"]}]}<\/script>\n<!-- \/ Yoast SEO plugin. -->","yoast_head_json":{"title":"Flat Webbing Sling 10 Ton Polyester Double Duplex","robots":{"index":"index","follow":"follow","max-snippet":"max-snippet:-1","max-image-preview":"max-image-preview:large","max-video-preview":"max-video-preview:-1"},"canonical":"https:\/\/qingdaohf.com\/pt\/produto\/eslinga-de-cinta-de-10-toneladas\/","og_locale":"pt_BR","og_type":"article","og_title":"Flat Webbing Sling 10 Ton Polyester Double Duplex","og_description":"10-Ton Webbing Sling is built for heavy-duty lifting, designed to meet the stringent demands of industries where secure, high-capacity lifting is essential. This durable sling handles up to 10 tons, addressing buyers' primary concerns about strength, safety, and reliability. As an experienced B2B trading company, Qingdao H&amp;F provides one-on-one customer support, fast delivery, and comprehensive quality inspection reports, ensuring a smooth buying experience that prioritizes transparency and customer satisfaction.","og_url":"https:\/\/qingdaohf.com\/pt\/produto\/eslinga-de-cinta-de-10-toneladas\/","og_site_name":"Concrete Form &amp; Rigging Hardware Supplier","article_publisher":"https:\/\/www.facebook.com\/qingdaohf","article_modified_time":"2025-11-13T01:02:52+00:00","og_image":[{"width":1000,"height":1000,"url":"https:\/\/qingdaohf.com\/wp-content\/uploads\/2024\/10\/10-tons_1.webp","type":"image\/webp"}],"twitter_card":"summary_large_image","twitter_misc":{"Est. tempo de leitura":"3 minutos"},"schema":{"@context":"https:\/\/schema.org","@graph":[{"@type":"WebPage","@id":"https:\/\/qingdaohf.com\/product\/webbing-sling-10-ton\/","url":"https:\/\/qingdaohf.com\/product\/webbing-sling-10-ton\/","name":"Flat Webbing Sling 10 Ton Polyester Double Duplex","isPartOf":{"@id":"https:\/\/qingdaohf.com\/bg\/#website"},"primaryImageOfPage":{"@id":"https:\/\/qingdaohf.com\/product\/webbing-sling-10-ton\/#primaryimage"},"image":{"@id":"https:\/\/qingdaohf.com\/product\/webbing-sling-10-ton\/#primaryimage"},"thumbnailUrl":"https:\/\/qingdaohf.com\/wp-content\/uploads\/2024\/10\/10-tons_1.webp","datePublished":"2024-11-05T09:59:58+00:00","dateModified":"2025-11-13T01:02:52+00:00","breadcrumb":{"@id":"https:\/\/qingdaohf.com\/product\/webbing-sling-10-ton\/#breadcrumb"},"inLanguage":"pt-BR","potentialAction":[{"@type":"ReadAction","target":["https:\/\/qingdaohf.com\/product\/webbing-sling-10-ton\/"]}]},{"@type":"ImageObject","inLanguage":"pt-BR","@id":"https:\/\/qingdaohf.com\/product\/webbing-sling-10-ton\/#primaryimage","url":"https:\/\/qingdaohf.com\/wp-content\/uploads\/2024\/10\/10-tons_1.webp","contentUrl":"https:\/\/qingdaohf.com\/wp-content\/uploads\/2024\/10\/10-tons_1.webp","width":1000,"height":1000,"caption":"Webbing Sling 10 Ton"},{"@type":"BreadcrumbList","@id":"https:\/\/qingdaohf.com\/product\/webbing-sling-10-ton\/#breadcrumb","itemListElement":[{"@type":"ListItem","position":1,"name":"Home","item":"https:\/\/qingdaohf.com\/"},{"@type":"ListItem","position":2,"name":"Concrete Forming Accessories and Rigging Hardware","item":"https:\/\/qingdaohf.com\/bg\/?page_id=944"},{"@type":"ListItem","position":3,"name":"Flat Webbing Sling 10 Ton Polyester Double Duplex"}]},{"@type":"WebSite","@id":"https:\/\/qingdaohf.com\/bg\/#website","url":"https:\/\/qingdaohf.com\/bg\/","name":"Concrete Form & Rigging Hardware Supplier","description":"","publisher":{"@id":"https:\/\/qingdaohf.com\/bg\/#organization"},"potentialAction":[{"@type":"SearchAction","target":{"@type":"EntryPoint","urlTemplate":"https:\/\/qingdaohf.com\/bg\/?s={search_term_string}"},"query-input":{"@type":"PropertyValueSpecification","valueRequired":true,"valueName":"search_term_string"}}],"inLanguage":"pt-BR"},{"@type":"Organization","@id":"https:\/\/qingdaohf.com\/bg\/#organization","name":"Qingdao H&F","url":"https:\/\/qingdaohf.com\/bg\/","logo":{"@type":"ImageObject","inLanguage":"pt-BR","@id":"https:\/\/qingdaohf.com\/bg\/#\/schema\/logo\/image\/","url":"https:\/\/qingdaohf.com\/wp-content\/uploads\/2022\/12\/cropped-HF-LOGO.png","contentUrl":"https:\/\/qingdaohf.com\/wp-content\/uploads\/2022\/12\/cropped-HF-LOGO.png","width":391,"height":249,"caption":"Qingdao H&F"},"image":{"@id":"https:\/\/qingdaohf.com\/bg\/#\/schema\/logo\/image\/"},"sameAs":["https:\/\/www.facebook.com\/qingdaohf"]}]}},"_links":{"self":[{"href":"https:\/\/qingdaohf.com\/pt\/wp-json\/wp\/v2\/product\/8291","targetHints":{"allow":["GET"]}}],"collection":[{"href":"https:\/\/qingdaohf.com\/pt\/wp-json\/wp\/v2\/product"}],"about":[{"href":"https:\/\/qingdaohf.com\/pt\/wp-json\/wp\/v2\/types\/product"}],"replies":[{"embeddable":true,"href":"https:\/\/qingdaohf.com\/pt\/wp-json\/wp\/v2\/comments?post=8291"}],"version-history":[{"count":2,"href":"https:\/\/qingdaohf.com\/pt\/wp-json\/wp\/v2\/product\/8291\/revisions"}],"predecessor-version":[{"id":8333,"href":"https:\/\/qingdaohf.com\/pt\/wp-json\/wp\/v2\/product\/8291\/revisions\/8333"}],"wp:featuredmedia":[{"embeddable":true,"href":"https:\/\/qingdaohf.com\/pt\/wp-json\/wp\/v2\/media\/8192"}],"wp:attachment":[{"href":"https:\/\/qingdaohf.com\/pt\/wp-json\/wp\/v2\/media?parent=8291"}],"wp:term":[{"taxonomy":"product_brand","embeddable":true,"href":"https:\/\/qingdaohf.com\/pt\/wp-json\/wp\/v2\/product_brand?post=8291"},{"taxonomy":"product_cat","embeddable":true,"href":"https:\/\/qingdaohf.com\/pt\/wp-json\/wp\/v2\/product_cat?post=8291"},{"taxonomy":"product_tag","embeddable":true,"href":"https:\/\/qingdaohf.com\/pt\/wp-json\/wp\/v2\/product_tag?post=8291"}],"curies":[{"name":"wp","href":"https:\/\/api.w.org\/{rel}","templated":true}]}}