{"id":8310,"date":"2024-11-07T14:33:56","date_gmt":"2024-11-07T06:33:56","guid":{"rendered":"http:\/\/qingdaohf.com\/?post_type=product&#038;p=8310"},"modified":"2025-11-13T09:02:52","modified_gmt":"2025-11-13T01:02:52","slug":"spek-anchor-stockless-anchor","status":"publish","type":"product","link":"https:\/\/qingdaohf.com\/pt\/produto\/ancora-de-lanca-ancora-sem-estoque\/","title":{"rendered":"Spek Anchor \u00c2ncora sem estoque"},"content":{"rendered":"<h3>Vis\u00e3o geral e design exclusivo das \u00e2ncoras Spek<\/h3>\n<p>A \u00e2ncora Spek \u00e9 um tipo de \u00e2ncora amplamente preferido usado nos setores mar\u00edtimo e offshore, selecionado por seu design diferenciado que enfatiza a estabilidade e a durabilidade. Como um dos estilos de \u00e2ncora mais tradicionais, a Spek Anchor estabeleceu uma reputa\u00e7\u00e3o de efic\u00e1cia em uma variedade de condi\u00e7\u00f5es mar\u00edtimas, principalmente devido \u00e0 sua capacidade de penetrar rapidamente em v\u00e1rios fundos marinhos. Quando comparada com outras \u00e2ncoras, a estrutura da Spek Anchor permite um r\u00e1pido encaixe ap\u00f3s a implanta\u00e7\u00e3o, um recurso altamente desej\u00e1vel para embarca\u00e7\u00f5es que precisam de for\u00e7a de reten\u00e7\u00e3o confi\u00e1vel sem procedimentos de ancoragem prolongados.<\/p>\n<p>Esse tipo de \u00e2ncora incorpora uma haste e um cabo especialmente projetados, ambos otimizados para resistir \u00e0s for\u00e7as rotacionais causadas por mudan\u00e7as no movimento da \u00e1gua. Esse formato exclusivo n\u00e3o apenas minimiza o arrasto, mas tamb\u00e9m mant\u00e9m a estabilidade durante mudan\u00e7as repentinas na correnteza, oferecendo tranquilidade aos operadores de embarca\u00e7\u00f5es que dependem de um poder de reten\u00e7\u00e3o consistente. A geometria da Spek Anchor inclui um amplo \u00e2ngulo de inclina\u00e7\u00e3o e uma haste com peso, o que ajuda a manter um \u00e2ngulo favor\u00e1vel de entrada no leito marinho. Esse recurso permite que ela se estabele\u00e7a e se fixe rapidamente em substratos arenosos ou lamacentos, tornando-a vers\u00e1til em v\u00e1rios ambientes marinhos.<\/p>\n<p>Na Qingdao H&amp;F, fornecemos \u00e2ncoras Spek que atendem a esses padr\u00f5es cr\u00edticos de desempenho e, ao mesmo tempo, aumentamos a conveni\u00eancia do cliente por meio de suporte adicional e garantia de qualidade. Fornecemos uma s\u00e9rie de relat\u00f3rios de inspe\u00e7\u00e3o de qualidade para validar a integridade estrutural e as capacidades de desempenho de cada \u00e2ncora, garantindo a conformidade com as rigorosas normas de seguran\u00e7a mar\u00edtima. Ao oferecer suporte individualizado ao cliente, ajudamos os compradores a selecionar o tamanho e o tipo de \u00e2ncora ideal para suas aplica\u00e7\u00f5es espec\u00edficas. Nosso processo de entrega confi\u00e1vel e r\u00e1pido garante ainda que os clientes recebam seus produtos no prazo, reduzindo poss\u00edveis atrasos nas opera\u00e7\u00f5es.<\/p>\n<p><img fetchpriority=\"high\" decoding=\"async\" class=\"alignnone wp-image-8317 size-full\" src=\"http:\/\/qingdaohf.com\/wp-content\/uploads\/2024\/11\/spek-anchor-1.jpg\" alt=\"\" width=\"640\" height=\"640\" srcset=\"https:\/\/qingdaohf.com\/wp-content\/uploads\/2024\/11\/spek-anchor-1.jpg 640w, https:\/\/qingdaohf.com\/wp-content\/uploads\/2024\/11\/spek-anchor-1-300x300.jpg 300w, https:\/\/qingdaohf.com\/wp-content\/uploads\/2024\/11\/spek-anchor-1-150x150.jpg 150w, https:\/\/qingdaohf.com\/wp-content\/uploads\/2024\/11\/spek-anchor-1-12x12.jpg 12w, https:\/\/qingdaohf.com\/wp-content\/uploads\/2024\/11\/spek-anchor-1-500x500.jpg 500w, https:\/\/qingdaohf.com\/wp-content\/uploads\/2024\/11\/spek-anchor-1-100x100.jpg 100w\" sizes=\"(max-width: 640px) 100vw, 640px\" \/> <img decoding=\"async\" class=\"alignnone wp-image-8318 size-full\" src=\"http:\/\/qingdaohf.com\/wp-content\/uploads\/2024\/11\/spek-anchor-1.png\" alt=\"\" width=\"598\" height=\"727\" srcset=\"https:\/\/qingdaohf.com\/wp-content\/uploads\/2024\/11\/spek-anchor-1.png 598w, https:\/\/qingdaohf.com\/wp-content\/uploads\/2024\/11\/spek-anchor-1-247x300.png 247w, https:\/\/qingdaohf.com\/wp-content\/uploads\/2024\/11\/spek-anchor-1-10x12.png 10w\" sizes=\"(max-width: 598px) 100vw, 598px\" \/><\/p>\n<h3>Aplica\u00e7\u00f5es e versatilidade da \u00e2ncora Spek em diferentes ambientes marinhos<\/h3>\n<p>A \u00e2ncora Spek \u00e9 frequentemente escolhida para navios comerciais, plataformas offshore e outras embarca\u00e7\u00f5es de grande porte devido \u00e0 sua impressionante capacidade de reten\u00e7\u00e3o e adaptabilidade. A \u00e2ncora \u00e9 particularmente eficaz para embarca\u00e7\u00f5es maiores, onde a amarra\u00e7\u00e3o segura \u00e9 crucial para manter a estabilidade durante estadias prolongadas. Em condi\u00e7\u00f5es de mar moderado a pesado, a Spek Anchor oferece uma vantagem devido \u00e0 sua resist\u00eancia a movimentos laterais e \u00e0 sua capacidade de se manter firme mesmo em correntes inconstantes. Essas caracter\u00edsticas fazem dela a escolha preferida em situa\u00e7\u00f5es em que \u00e9 necess\u00e1ria uma ancoragem segura, apesar das condi\u00e7\u00f5es ambientais imprevis\u00edveis.<\/p>\n<p>Para os compradores dos setores mar\u00edtimo e offshore, a durabilidade, a facilidade de implanta\u00e7\u00e3o e a efici\u00eancia de custo s\u00e3o considera\u00e7\u00f5es importantes. O design da Spek Anchor n\u00e3o apenas facilita o uso, mas tamb\u00e9m reduz o desgaste da corrente da \u00e2ncora e dos equipamentos relacionados, minimizando os solavancos ou arrastamentos repentinos que podem ocorrer com tipos de \u00e2ncoras menos est\u00e1veis. As embarca\u00e7\u00f5es que navegam em regi\u00f5es com leitos marinhos arenosos, lamacentos ou mesmo rochosos se beneficiam do ajuste r\u00e1pido e confi\u00e1vel da Spek Anchor, pois ela se adapta bem a v\u00e1rios tipos de superf\u00edcie.<\/p>\n<p>Na Qingdao H&amp;F, enfatizamos o fornecimento de produtos que atendam a essas necessidades operacionais e, ao mesmo tempo, ofere\u00e7am benef\u00edcios que aprimorem a experi\u00eancia de compra. Nosso compromisso com ciclos de entrega r\u00e1pidos garante que os clientes possam integrar prontamente novos equipamentos sem longos per\u00edodos de espera. Al\u00e9m disso, realizamos testes completos para cada \u00e2ncora Spek, fornecendo relat\u00f3rios de inspe\u00e7\u00e3o detalhados para certificar a durabilidade, o peso e os par\u00e2metros de desempenho da \u00e2ncora. Esse n\u00edvel de controle de qualidade \u00e9 especialmente importante para os compradores que precisam cumprir as normas de seguran\u00e7a mar\u00edtima e exigem documenta\u00e7\u00e3o clara para verificar a confiabilidade do equipamento.<\/p>\n<h3>Benef\u00edcios de escolher as \u00e2ncoras Spek da Qingdao H&amp;F<\/h3>\n<p>Escolher uma Spek Anchor da Qingdao H&amp;F significa investir em mais do que apenas um produto; significa ganhar um parceiro confi\u00e1vel na aquisi\u00e7\u00e3o de equipamentos mar\u00edtimos. Com mais de 20 anos de experi\u00eancia em com\u00e9rcio internacional, a Qingdao H&amp;F conquistou uma reputa\u00e7\u00e3o de confiabilidade e compromisso com a satisfa\u00e7\u00e3o do cliente. Entendemos as demandas operacionais do setor mar\u00edtimo e buscamos atend\u00ea-las, garantindo que cada \u00e2ncora n\u00e3o apenas atenda a rigorosos padr\u00f5es de qualidade, mas tamb\u00e9m se alinhe aos requisitos de aplica\u00e7\u00e3o espec\u00edficos de nossos clientes.<\/p>\n<p>Nosso modelo de atendimento individualizado ao cliente nos diferencia de outros fornecedores ao promover uma abordagem personalizada para cada transa\u00e7\u00e3o. Desde a consulta inicial at\u00e9 a entrega, os clientes recebem assist\u00eancia dedicada de nossa equipe experiente, que fornece orienta\u00e7\u00e3o com base nos padr\u00f5es do setor e nos requisitos espec\u00edficos da aplica\u00e7\u00e3o. Por exemplo, oferecemos orienta\u00e7\u00e3o sobre a sele\u00e7\u00e3o do peso e do tamanho adequados da \u00e2ncora Spek com base no tipo de embarca\u00e7\u00e3o e nas condi\u00e7\u00f5es t\u00edpicas do mar, garantindo que os clientes tomem decis\u00f5es informadas que aumentem a seguran\u00e7a e a efici\u00eancia operacional.<\/p>\n<p>Nosso compromisso com a transpar\u00eancia \u00e9 ainda mais ressaltado por nosso amplo processo de garantia de qualidade. Cada \u00e2ncora Spek \u00e9 submetida a testes abrangentes para verificar fatores como resist\u00eancia \u00e0 tra\u00e7\u00e3o, consist\u00eancia de peso e resist\u00eancia \u00e0 corros\u00e3o. Esses processos de teste s\u00e3o documentados em relat\u00f3rios de inspe\u00e7\u00e3o detalhados que compartilhamos com os clientes, proporcionando-lhes confian\u00e7a na durabilidade e no desempenho do produto. Al\u00e9m disso, nossa log\u00edstica eficiente e as op\u00e7\u00f5es de entrega de armaz\u00e9m a armaz\u00e9m permitem a chegada pontual dos produtos, o que ajuda a minimizar as interrup\u00e7\u00f5es nas opera\u00e7\u00f5es dos clientes e maximiza a conveni\u00eancia.<\/p>\n<p>O foco da Qingdao H&amp;F na excel\u00eancia dos servi\u00e7os e na qualidade dos produtos nos torna a escolha ideal para os compradores que buscam n\u00e3o apenas \u00e2ncoras robustas e confi\u00e1veis, mas tamb\u00e9m uma experi\u00eancia de compra perfeita.<\/p>","protected":false},"excerpt":{"rendered":"<p>A \u00e2ncora Spek, um item b\u00e1sico em aplica\u00e7\u00f5es mar\u00edtimas, \u00e9 altamente valorizada por compradores que buscam um equil\u00edbrio entre confiabilidade e desempenho eficiente em diversas condi\u00e7\u00f5es oce\u00e2nicas. Conhecida por seu forte poder de reten\u00e7\u00e3o e estabilidade, a Spek Anchor \u00e9 particularmente adequada para embarca\u00e7\u00f5es em mares moderados a agitados. Na Qingdao H&amp;F, damos um passo al\u00e9m, oferecendo atendimento individualizado ao cliente para garantir que cada cliente receba orienta\u00e7\u00e3o adaptada \u00e0s suas necessidades espec\u00edficas. Nosso r\u00e1pido ciclo de entrega reduz o tempo de inatividade, enquanto nossa gama de relat\u00f3rios de inspe\u00e7\u00e3o de qualidade oferece aos compradores mais confian\u00e7a na confiabilidade e durabilidade do produto. Para os profissionais do setor mar\u00edtimo, nosso foco em servi\u00e7os excepcionais e processos simplificados garante uma experi\u00eancia de compra perfeita.<\/p>","protected":false},"featured_media":8311,"comment_status":"open","ping_status":"closed","template":"","meta":{"site-sidebar-layout":"default","site-content-layout":"","ast-site-content-layout":"default","site-content-style":"default","site-sidebar-style":"default","ast-global-header-display":"","ast-banner-title-visibility":"","ast-main-header-display":"","ast-hfb-above-header-display":"","ast-hfb-below-header-display":"","ast-hfb-mobile-header-display":"","site-post-title":"","ast-breadcrumbs-content":"","ast-featured-img":"","footer-sml-layout":"","theme-transparent-header-meta":"default","adv-header-id-meta":"","stick-header-meta":"default","header-above-stick-meta":"","header-main-stick-meta":"","header-below-stick-meta":"","astra-migrate-meta-layouts":"set","ast-page-background-enabled":"default","ast-page-background-meta":{"desktop":{"background-color":"","background-image":"","background-repeat":"repeat","background-position":"center center","background-size":"auto","background-attachment":"scroll","background-type":"","background-media":"","overlay-type":"","overlay-color":"","overlay-opacity":"","overlay-gradient":""},"tablet":{"background-color":"","background-image":"","background-repeat":"repeat","background-position":"center center","background-size":"auto","background-attachment":"scroll","background-type":"","background-media":"","overlay-type":"","overlay-color":"","overlay-opacity":"","overlay-gradient":""},"mobile":{"background-color":"","background-image":"","background-repeat":"repeat","background-position":"center center","background-size":"auto","background-attachment":"scroll","background-type":"","background-media":"","overlay-type":"","overlay-color":"","overlay-opacity":"","overlay-gradient":""}},"ast-content-background-meta":{"desktop":{"background-color":"var(--ast-global-color-5)","background-image":"","background-repeat":"repeat","background-position":"center center","background-size":"auto","background-attachment":"scroll","background-type":"","background-media":"","overlay-type":"","overlay-color":"","overlay-opacity":"","overlay-gradient":""},"tablet":{"background-color":"var(--ast-global-color-5)","background-image":"","background-repeat":"repeat","background-position":"center center","background-size":"auto","background-attachment":"scroll","background-type":"","background-media":"","overlay-type":"","overlay-color":"","overlay-opacity":"","overlay-gradient":""},"mobile":{"background-color":"var(--ast-global-color-5)","background-image":"","background-repeat":"repeat","background-position":"center center","background-size":"auto","background-attachment":"scroll","background-type":"","background-media":"","overlay-type":"","overlay-color":"","overlay-opacity":"","overlay-gradient":""}}},"product_brand":[],"product_cat":[74],"product_tag":[],"class_list":{"0":"post-8310","1":"product","2":"type-product","3":"status-publish","4":"has-post-thumbnail","6":"product_cat-boat-anchor","7":"desktop-align-left","8":"tablet-align-left","9":"mobile-align-left","10":"ast-product-gallery-layout-horizontal-slider","11":"ast-product-tabs-layout-horizontal","13":"first","14":"instock","15":"shipping-taxable","16":"purchasable","17":"product-type-simple"},"yoast_head":"<!-- This site is optimized with the Yoast SEO plugin v25.2 - https:\/\/yoast.com\/wordpress\/plugins\/seo\/ -->\n<title>Spek Anchor Stockless Anchor<\/title>\n<meta name=\"robots\" content=\"index, follow, max-snippet:-1, max-image-preview:large, max-video-preview:-1\" \/>\n<link rel=\"canonical\" href=\"https:\/\/qingdaohf.com\/pt\/produto\/ancora-de-lanca-ancora-sem-estoque\/\" \/>\n<meta property=\"og:locale\" content=\"pt_BR\" \/>\n<meta property=\"og:type\" content=\"article\" \/>\n<meta property=\"og:title\" content=\"Spek Anchor Stockless Anchor\" \/>\n<meta property=\"og:description\" content=\"The Spek Anchor, a staple in marine applications, is highly valued by buyers seeking a balance of reliability and efficient performance in diverse ocean conditions. Known for its robust holding power and stability, the Spek Anchor is particularly well-suited for vessels in moderate to rough seas. At Qingdao H&amp;F, we go a step further by providing one-on-one customer service to ensure each client receives guidance tailored to their specific requirements. Our fast delivery cycle reduces downtime, while our range of quality inspection reports offers buyers added confidence in product reliability and durability. For marine industry professionals, our focus on exceptional service and streamlined processes ensures a seamless purchasing experience.\" \/>\n<meta property=\"og:url\" content=\"https:\/\/qingdaohf.com\/pt\/produto\/ancora-de-lanca-ancora-sem-estoque\/\" \/>\n<meta property=\"og:site_name\" content=\"Concrete Form &amp; Rigging Hardware Supplier\" \/>\n<meta property=\"article:publisher\" content=\"https:\/\/www.facebook.com\/qingdaohf\" \/>\n<meta property=\"article:modified_time\" content=\"2025-11-13T01:02:52+00:00\" \/>\n<meta property=\"og:image\" content=\"https:\/\/qingdaohf.com\/wp-content\/uploads\/2024\/11\/spek-anchor.jpg\" \/>\n\t<meta property=\"og:image:width\" content=\"1000\" \/>\n\t<meta property=\"og:image:height\" content=\"1000\" \/>\n\t<meta property=\"og:image:type\" content=\"image\/jpeg\" \/>\n<meta name=\"twitter:card\" content=\"summary_large_image\" \/>\n<meta name=\"twitter:label1\" content=\"Est. tempo de leitura\" \/>\n\t<meta name=\"twitter:data1\" content=\"5 minutos\" \/>\n<script type=\"application\/ld+json\" class=\"yoast-schema-graph\">{\"@context\":\"https:\/\/schema.org\",\"@graph\":[{\"@type\":\"WebPage\",\"@id\":\"https:\/\/qingdaohf.com\/product\/spek-anchor-stockless-anchor\/\",\"url\":\"https:\/\/qingdaohf.com\/product\/spek-anchor-stockless-anchor\/\",\"name\":\"Spek Anchor Stockless Anchor\",\"isPartOf\":{\"@id\":\"https:\/\/qingdaohf.com\/bg\/#website\"},\"primaryImageOfPage\":{\"@id\":\"https:\/\/qingdaohf.com\/product\/spek-anchor-stockless-anchor\/#primaryimage\"},\"image\":{\"@id\":\"https:\/\/qingdaohf.com\/product\/spek-anchor-stockless-anchor\/#primaryimage\"},\"thumbnailUrl\":\"https:\/\/qingdaohf.com\/wp-content\/uploads\/2024\/11\/spek-anchor.jpg\",\"datePublished\":\"2024-11-07T06:33:56+00:00\",\"dateModified\":\"2025-11-13T01:02:52+00:00\",\"breadcrumb\":{\"@id\":\"https:\/\/qingdaohf.com\/product\/spek-anchor-stockless-anchor\/#breadcrumb\"},\"inLanguage\":\"pt-BR\",\"potentialAction\":[{\"@type\":\"ReadAction\",\"target\":[\"https:\/\/qingdaohf.com\/product\/spek-anchor-stockless-anchor\/\"]}]},{\"@type\":\"ImageObject\",\"inLanguage\":\"pt-BR\",\"@id\":\"https:\/\/qingdaohf.com\/product\/spek-anchor-stockless-anchor\/#primaryimage\",\"url\":\"https:\/\/qingdaohf.com\/wp-content\/uploads\/2024\/11\/spek-anchor.jpg\",\"contentUrl\":\"https:\/\/qingdaohf.com\/wp-content\/uploads\/2024\/11\/spek-anchor.jpg\",\"width\":1000,\"height\":1000,\"caption\":\"spek anchor\"},{\"@type\":\"BreadcrumbList\",\"@id\":\"https:\/\/qingdaohf.com\/product\/spek-anchor-stockless-anchor\/#breadcrumb\",\"itemListElement\":[{\"@type\":\"ListItem\",\"position\":1,\"name\":\"Home\",\"item\":\"https:\/\/qingdaohf.com\/\"},{\"@type\":\"ListItem\",\"position\":2,\"name\":\"Concrete Forming Accessories and Rigging Hardware\",\"item\":\"https:\/\/qingdaohf.com\/bg\/?page_id=944\"},{\"@type\":\"ListItem\",\"position\":3,\"name\":\"Spek Anchor Stockless Anchor\"}]},{\"@type\":\"WebSite\",\"@id\":\"https:\/\/qingdaohf.com\/bg\/#website\",\"url\":\"https:\/\/qingdaohf.com\/bg\/\",\"name\":\"Concrete Form & Rigging Hardware Supplier\",\"description\":\"\",\"publisher\":{\"@id\":\"https:\/\/qingdaohf.com\/bg\/#organization\"},\"potentialAction\":[{\"@type\":\"SearchAction\",\"target\":{\"@type\":\"EntryPoint\",\"urlTemplate\":\"https:\/\/qingdaohf.com\/bg\/?s={search_term_string}\"},\"query-input\":{\"@type\":\"PropertyValueSpecification\",\"valueRequired\":true,\"valueName\":\"search_term_string\"}}],\"inLanguage\":\"pt-BR\"},{\"@type\":\"Organization\",\"@id\":\"https:\/\/qingdaohf.com\/bg\/#organization\",\"name\":\"Qingdao H&F\",\"url\":\"https:\/\/qingdaohf.com\/bg\/\",\"logo\":{\"@type\":\"ImageObject\",\"inLanguage\":\"pt-BR\",\"@id\":\"https:\/\/qingdaohf.com\/bg\/#\/schema\/logo\/image\/\",\"url\":\"https:\/\/qingdaohf.com\/wp-content\/uploads\/2022\/12\/cropped-HF-LOGO.png\",\"contentUrl\":\"https:\/\/qingdaohf.com\/wp-content\/uploads\/2022\/12\/cropped-HF-LOGO.png\",\"width\":391,\"height\":249,\"caption\":\"Qingdao H&F\"},\"image\":{\"@id\":\"https:\/\/qingdaohf.com\/bg\/#\/schema\/logo\/image\/\"},\"sameAs\":[\"https:\/\/www.facebook.com\/qingdaohf\"]}]}<\/script>\n<!-- \/ Yoast SEO plugin. -->","yoast_head_json":{"title":"Spek Anchor Stockless Anchor","robots":{"index":"index","follow":"follow","max-snippet":"max-snippet:-1","max-image-preview":"max-image-preview:large","max-video-preview":"max-video-preview:-1"},"canonical":"https:\/\/qingdaohf.com\/pt\/produto\/ancora-de-lanca-ancora-sem-estoque\/","og_locale":"pt_BR","og_type":"article","og_title":"Spek Anchor Stockless Anchor","og_description":"The Spek Anchor, a staple in marine applications, is highly valued by buyers seeking a balance of reliability and efficient performance in diverse ocean conditions. Known for its robust holding power and stability, the Spek Anchor is particularly well-suited for vessels in moderate to rough seas. At Qingdao H&amp;F, we go a step further by providing one-on-one customer service to ensure each client receives guidance tailored to their specific requirements. Our fast delivery cycle reduces downtime, while our range of quality inspection reports offers buyers added confidence in product reliability and durability. For marine industry professionals, our focus on exceptional service and streamlined processes ensures a seamless purchasing experience.","og_url":"https:\/\/qingdaohf.com\/pt\/produto\/ancora-de-lanca-ancora-sem-estoque\/","og_site_name":"Concrete Form &amp; Rigging Hardware Supplier","article_publisher":"https:\/\/www.facebook.com\/qingdaohf","article_modified_time":"2025-11-13T01:02:52+00:00","og_image":[{"width":1000,"height":1000,"url":"https:\/\/qingdaohf.com\/wp-content\/uploads\/2024\/11\/spek-anchor.jpg","type":"image\/jpeg"}],"twitter_card":"summary_large_image","twitter_misc":{"Est. tempo de leitura":"5 minutos"},"schema":{"@context":"https:\/\/schema.org","@graph":[{"@type":"WebPage","@id":"https:\/\/qingdaohf.com\/product\/spek-anchor-stockless-anchor\/","url":"https:\/\/qingdaohf.com\/product\/spek-anchor-stockless-anchor\/","name":"Spek Anchor Stockless Anchor","isPartOf":{"@id":"https:\/\/qingdaohf.com\/bg\/#website"},"primaryImageOfPage":{"@id":"https:\/\/qingdaohf.com\/product\/spek-anchor-stockless-anchor\/#primaryimage"},"image":{"@id":"https:\/\/qingdaohf.com\/product\/spek-anchor-stockless-anchor\/#primaryimage"},"thumbnailUrl":"https:\/\/qingdaohf.com\/wp-content\/uploads\/2024\/11\/spek-anchor.jpg","datePublished":"2024-11-07T06:33:56+00:00","dateModified":"2025-11-13T01:02:52+00:00","breadcrumb":{"@id":"https:\/\/qingdaohf.com\/product\/spek-anchor-stockless-anchor\/#breadcrumb"},"inLanguage":"pt-BR","potentialAction":[{"@type":"ReadAction","target":["https:\/\/qingdaohf.com\/product\/spek-anchor-stockless-anchor\/"]}]},{"@type":"ImageObject","inLanguage":"pt-BR","@id":"https:\/\/qingdaohf.com\/product\/spek-anchor-stockless-anchor\/#primaryimage","url":"https:\/\/qingdaohf.com\/wp-content\/uploads\/2024\/11\/spek-anchor.jpg","contentUrl":"https:\/\/qingdaohf.com\/wp-content\/uploads\/2024\/11\/spek-anchor.jpg","width":1000,"height":1000,"caption":"spek anchor"},{"@type":"BreadcrumbList","@id":"https:\/\/qingdaohf.com\/product\/spek-anchor-stockless-anchor\/#breadcrumb","itemListElement":[{"@type":"ListItem","position":1,"name":"Home","item":"https:\/\/qingdaohf.com\/"},{"@type":"ListItem","position":2,"name":"Concrete Forming Accessories and Rigging Hardware","item":"https:\/\/qingdaohf.com\/bg\/?page_id=944"},{"@type":"ListItem","position":3,"name":"Spek Anchor Stockless Anchor"}]},{"@type":"WebSite","@id":"https:\/\/qingdaohf.com\/bg\/#website","url":"https:\/\/qingdaohf.com\/bg\/","name":"Concrete Form & Rigging Hardware Supplier","description":"","publisher":{"@id":"https:\/\/qingdaohf.com\/bg\/#organization"},"potentialAction":[{"@type":"SearchAction","target":{"@type":"EntryPoint","urlTemplate":"https:\/\/qingdaohf.com\/bg\/?s={search_term_string}"},"query-input":{"@type":"PropertyValueSpecification","valueRequired":true,"valueName":"search_term_string"}}],"inLanguage":"pt-BR"},{"@type":"Organization","@id":"https:\/\/qingdaohf.com\/bg\/#organization","name":"Qingdao H&F","url":"https:\/\/qingdaohf.com\/bg\/","logo":{"@type":"ImageObject","inLanguage":"pt-BR","@id":"https:\/\/qingdaohf.com\/bg\/#\/schema\/logo\/image\/","url":"https:\/\/qingdaohf.com\/wp-content\/uploads\/2022\/12\/cropped-HF-LOGO.png","contentUrl":"https:\/\/qingdaohf.com\/wp-content\/uploads\/2022\/12\/cropped-HF-LOGO.png","width":391,"height":249,"caption":"Qingdao H&F"},"image":{"@id":"https:\/\/qingdaohf.com\/bg\/#\/schema\/logo\/image\/"},"sameAs":["https:\/\/www.facebook.com\/qingdaohf"]}]}},"_links":{"self":[{"href":"https:\/\/qingdaohf.com\/pt\/wp-json\/wp\/v2\/product\/8310","targetHints":{"allow":["GET"]}}],"collection":[{"href":"https:\/\/qingdaohf.com\/pt\/wp-json\/wp\/v2\/product"}],"about":[{"href":"https:\/\/qingdaohf.com\/pt\/wp-json\/wp\/v2\/types\/product"}],"replies":[{"embeddable":true,"href":"https:\/\/qingdaohf.com\/pt\/wp-json\/wp\/v2\/comments?post=8310"}],"version-history":[{"count":1,"href":"https:\/\/qingdaohf.com\/pt\/wp-json\/wp\/v2\/product\/8310\/revisions"}],"predecessor-version":[{"id":8319,"href":"https:\/\/qingdaohf.com\/pt\/wp-json\/wp\/v2\/product\/8310\/revisions\/8319"}],"wp:featuredmedia":[{"embeddable":true,"href":"https:\/\/qingdaohf.com\/pt\/wp-json\/wp\/v2\/media\/8311"}],"wp:attachment":[{"href":"https:\/\/qingdaohf.com\/pt\/wp-json\/wp\/v2\/media?parent=8310"}],"wp:term":[{"taxonomy":"product_brand","embeddable":true,"href":"https:\/\/qingdaohf.com\/pt\/wp-json\/wp\/v2\/product_brand?post=8310"},{"taxonomy":"product_cat","embeddable":true,"href":"https:\/\/qingdaohf.com\/pt\/wp-json\/wp\/v2\/product_cat?post=8310"},{"taxonomy":"product_tag","embeddable":true,"href":"https:\/\/qingdaohf.com\/pt\/wp-json\/wp\/v2\/product_tag?post=8310"}],"curies":[{"name":"wp","href":"https:\/\/api.w.org\/{rel}","templated":true}]}}