{"id":8418,"date":"2024-11-29T16:19:54","date_gmt":"2024-11-29T08:19:54","guid":{"rendered":"http:\/\/qingdaohf.com\/?post_type=product&#038;p=8418"},"modified":"2025-11-13T09:02:52","modified_gmt":"2025-11-13T01:02:52","slug":"boat-ladder","status":"publish","type":"product","link":"https:\/\/qingdaohf.com\/pt\/produto\/escada-de-barco\/","title":{"rendered":"Escada de barco"},"content":{"rendered":"<h3>O papel das escadas de barcos na seguran\u00e7a e no conforto mar\u00edtimos<\/h3>\n<p>As escadas para barcos s\u00e3o um acess\u00f3rio essencial para embarca\u00e7\u00f5es, garantindo acesso f\u00e1cil e seguro a uma embarca\u00e7\u00e3o em todas as condi\u00e7\u00f5es. Seja para embarca\u00e7\u00f5es de recreio, mergulho profissional ou pesca esportiva, essas escadas fazem a ponte entre a \u00e1gua e o conv\u00e9s. Seu projeto deve levar em conta a estabilidade e a constru\u00e7\u00e3o leve, pois elas precisam enfrentar alta exposi\u00e7\u00e3o \u00e0 umidade, aos raios UV e, \u00e0s vezes, a ambientes marinhos muito severos. A escolha de uma escada para barcos pode afetar muito a experi\u00eancia geral de navega\u00e7\u00e3o; os projetos de alta qualidade garantem facilidade de uso e desempenho duradouro.<\/p>\n<p>A Qingdao H&amp;F entende a import\u00e2ncia da funcionalidade e da durabilidade das escadas para barcos. Com uma ampla rede comercial e um rigoroso sistema de controle de qualidade, garantimos que nossos produtos tenham o melhor padr\u00e3o poss\u00edvel. Nossas diversas ofertas atendem a diferentes tipos de embarca\u00e7\u00f5es e requisitos de usu\u00e1rios, fornecendo uma solu\u00e7\u00e3o confi\u00e1vel para aplica\u00e7\u00f5es profissionais e recreativas no setor mar\u00edtimo.<\/p>\n<h3>Explorando as variedades de escadas para barcos<\/h3>\n<p>Para cada finalidade espec\u00edfica, h\u00e1 escadas para barcos projetadas de forma diferente para atender a v\u00e1rias atividades mar\u00edtimas. As escadas dobr\u00e1veis, por exemplo, s\u00e3o uma excelente solu\u00e7\u00e3o para economizar espa\u00e7o em embarca\u00e7\u00f5es menores. Seu design compacto n\u00e3o compromete a funcionalidade, oferecendo degraus robustos e recursos antiderrapantes para um embarque seguro. Por outro lado, as escadas telesc\u00f3picas s\u00e3o altamente reconhecidas por sua flexibilidade, pois podem ser estendidas at\u00e9 o comprimento desejado e, ainda assim, retra\u00eddas de forma organizada quando n\u00e3o estiverem em uso. As escadas fixas, embora menos vers\u00e1teis, oferecem estabilidade inigual\u00e1vel para embarca\u00e7\u00f5es maiores, onde \u00e9 poss\u00edvel fazer instala\u00e7\u00f5es permanentes.<\/p>\n<p>A sele\u00e7\u00e3o do material torna-se fundamental aqui, e o a\u00e7o inoxid\u00e1vel \u00e9 proeminente devido \u00e0s suas caracter\u00edsticas de resist\u00eancia \u00e0 corros\u00e3o e ao desgaste. Os degraus com textura antiderrapante aumentam a ader\u00eancia, reduzindo a possibilidade de escorregar quando os degraus ficam molhados. A maioria dos compradores est\u00e1 procurando escadas que re\u00fanam design inovador e funcionalidade, garantindo que atendam \u00e0s necessidades est\u00e9ticas e funcionais de suas embarca\u00e7\u00f5es. Aqui na Qingdao H&amp;F, temos orgulho de entender essas prioridades e oferecer uma gama de escadas para barcos dur\u00e1veis e eficientes.<\/p>\n<h3>Por que escolher a Qingdao H&amp;F para escadas de barcos<\/h3>\n<p>Nossa empresa comercial \u00e9 diferenciada, enfatizando a qualidade e a satisfa\u00e7\u00e3o do cliente em cada intera\u00e7\u00e3o. Desde a primeira consulta at\u00e9 o suporte p\u00f3s-compra, oferecemos um servi\u00e7o personalizado e individualizado para garantir que os compradores encontrem a melhor op\u00e7\u00e3o para suas necessidades mar\u00edtimas. Todas as escadas s\u00e3o rigorosamente testadas e s\u00e3o fornecidos relat\u00f3rios detalhados de inspe\u00e7\u00e3o de qualidade para garantir aos nossos clientes o nosso compromisso com a excel\u00eancia.<\/p>\n<p>A outra marca registrada do servi\u00e7o da Qingdao H&amp;F \u00e9 o ciclo de entrega r\u00e1pido. Em um setor em que o tempo pode afetar os cronogramas dos projetos e os planos de recrea\u00e7\u00e3o, garantimos que os produtos cheguem prontamente aos clientes. Al\u00e9m da efici\u00eancia log\u00edstica, nosso foco continua sendo a cria\u00e7\u00e3o de parcerias duradouras com os clientes, com base na confian\u00e7a, na transpar\u00eancia e em solu\u00e7\u00f5es personalizadas.<\/p>\n<p>As escadas para barcos n\u00e3o s\u00e3o apenas um acess\u00f3rio; elas fazem parte do que define a seguran\u00e7a e a acessibilidade na \u00e1gua. Uma combina\u00e7\u00e3o de design funcional, materiais resistentes e desempenho confi\u00e1vel trouxe uma linha de produtos que atender\u00e1 a todos os tipos de necessidades no mundo mar\u00edtimo. Seja nosso parceiro e tenha a certeza de que ter\u00e1 o melhor produto e uma experi\u00eancia de compra inigual\u00e1vel, com destaque para o servi\u00e7o r\u00e1pido e a qualidade confi\u00e1vel.<\/p>","protected":false},"excerpt":{"rendered":"<div class=\"InputContainer_userInputWrapper__WcJ_k\">\n<div class=\"ParaphraseButton_wrapper__7guiI InputContainer_paraphraseButton__Z9w4R\">\n<div class=\"ParaphraseButton_paraphraseContainer__OxC0W\"><span class=\"Editor_t__not_edited__WuRP8\" style=\"font-size: 16px;\">As escadas de barcos s\u00e3o <\/span><span class=\"Editor_t__added__LtuNJ\" style=\"font-size: 16px;\">importante<\/span><span class=\"Editor_t__not_edited__WuRP8\" style=\"font-size: 16px;\">\u00a0para\u00a0<\/span><span class=\"Editor_t__added__LtuNJ\" style=\"font-size: 16px;\">f\u00e1cil<\/span><span class=\"Editor_t__not_edited__WuRP8\" style=\"font-size: 16px;\">\u00a0<\/span><span class=\"Editor_t__added__LtuNJ\" style=\"font-size: 16px;\">embarque<\/span><span class=\"Editor_t__not_edited__WuRP8\" style=\"font-size: 16px;\">\u00a0e\u00a0<\/span><span class=\"Editor_t__added__LtuNJ\" style=\"font-size: 16px;\">desembarque<\/span><span class=\"Editor_t__not_edited_long__JuNNx\" style=\"font-size: 16px;\">oferecendo seguran\u00e7a e conveni\u00eancia aos entusiastas do mar.\u00a0<\/span><span class=\"Editor_t__added__LtuNJ\" style=\"font-size: 16px;\">Entre as caracter\u00edsticas que\u00a0<\/span><span class=\"Editor_t__not_edited__WuRP8\" style=\"font-size: 16px;\">compradores\u00a0<\/span><span class=\"Editor_t__added__LtuNJ\" style=\"font-size: 16px;\">normalmente<\/span><span class=\"Editor_t__not_edited__WuRP8\" style=\"font-size: 16px;\">\u00a0<\/span><span class=\"Editor_t__added__LtuNJ\" style=\"font-size: 16px;\">olhar<\/span><span class=\"Editor_t__not_edited__WuRP8\" style=\"font-size: 16px;\">\u00a0<\/span><span class=\"Editor_t__added__LtuNJ\" style=\"font-size: 16px;\">para<\/span><span class=\"Editor_t__not_edited__WuRP8\" style=\"font-size: 16px;\">\u00a0<\/span><span class=\"Editor_t__added__LtuNJ\" style=\"font-size: 16px;\">em um produto s\u00e3o a durabilidade<\/span><span class=\"Editor_t__not_edited__WuRP8\" style=\"font-size: 16px;\">antiderrapante\u00a0<\/span><span class=\"Editor_t__added__LtuNJ\" style=\"font-size: 16px;\">design<\/span><span class=\"Editor_t__not_edited__WuRP8\" style=\"font-size: 16px;\">e f\u00e1cil armazenamento<\/span><span class=\"Editor_t__added__LtuNJ\" style=\"font-size: 16px;\">,<\/span><span class=\"Editor_t__not_edited__WuRP8\" style=\"font-size: 16px;\">\u00a0<\/span><span class=\"Editor_t__added__LtuNJ\" style=\"font-size: 16px;\">dado<\/span><span class=\"Editor_t__not_edited__WuRP8\" style=\"font-size: 16px;\">\u00a0<\/span><span class=\"Editor_t__not_edited_long__JuNNx\" style=\"font-size: 16px;\">os desafios da exposi\u00e7\u00e3o \u00e0 \u00e1gua salgada e do espa\u00e7o limitado do conv\u00e9s. Qingdao H&amp;F\u00a0<\/span><span class=\"Editor_t__added__LtuNJ\" style=\"font-size: 16px;\">trabalhos<\/span><span class=\"Editor_t__not_edited__WuRP8\" style=\"font-size: 16px;\">\u00a0<\/span><span class=\"Editor_t__added__LtuNJ\" style=\"font-size: 16px;\">para garantir que\u00a0<\/span><span class=\"Editor_t__not_edited__WuRP8\" style=\"font-size: 16px;\">esses\u00a0<\/span><span class=\"Editor_t__added__LtuNJ\" style=\"font-size: 16px;\">demandas<\/span><span class=\"Editor_t__not_edited__WuRP8\" style=\"font-size: 16px;\">\u00a0s\u00e3o\u00a0<\/span><span class=\"Editor_t__added__LtuNJ\" style=\"font-size: 16px;\">satisfeito<\/span><span class=\"Editor_t__not_edited__WuRP8\" style=\"font-size: 16px;\">\u00a0por\u00a0<\/span><span class=\"Editor_t__added__LtuNJ\" style=\"font-size: 16px;\">fornecendo<\/span><span class=\"Editor_t__not_edited__WuRP8\" style=\"font-size: 16px;\">\u00a0<\/span><span class=\"Editor_t__added__LtuNJ\" style=\"font-size: 16px;\">clientes com\u00a0<\/span><span class=\"Editor_t__not_edited__WuRP8\" style=\"font-size: 16px;\">escadas de barco de alta qualidade\u00a0<\/span><span class=\"Editor_t__added__LtuNJ\" style=\"font-size: 16px;\">suportado<\/span><span class=\"Editor_t__not_edited_long__JuNNx\" style=\"font-size: 16px;\">\u00a0por meio de relat\u00f3rios abrangentes de inspe\u00e7\u00e3o de qualidade.\u00a0<\/span><span class=\"Editor_t__added__LtuNJ\" style=\"font-size: 16px;\">Com<\/span><span class=\"Editor_t__not_edited__WuRP8\" style=\"font-size: 16px;\">\u00a0atendimento individualizado ao cliente<\/span><span class=\"Editor_t__added__LtuNJ\" style=\"font-size: 16px;\">,<\/span><span class=\"Editor_t__not_edited__WuRP8\" style=\"font-size: 16px;\">\u00a0<\/span><span class=\"Editor_t__not_edited__WuRP8\" style=\"font-size: 16px;\">solu\u00e7\u00f5es<\/span><span class=\"Editor_t__not_edited__WuRP8\" style=\"font-size: 16px;\">\u00a0<\/span><span class=\"Editor_t__added__LtuNJ\" style=\"font-size: 16px;\">s\u00e3o<\/span><span class=\"Editor_t__not_edited__WuRP8\" style=\"font-size: 16px;\">\u00a0<\/span><span class=\"Editor_t__added__LtuNJ\" style=\"font-size: 16px;\">sob medida;<\/span><span class=\"Editor_t__not_edited__WuRP8\" style=\"font-size: 16px;\">\u00a0entrega r\u00e1pida\u00a0<\/span><span class=\"Editor_t__added__LtuNJ\" style=\"font-size: 16px;\">ciclos<\/span><span class=\"Editor_t__not_edited__WuRP8\" style=\"font-size: 16px;\">\u00a0<\/span><span class=\"Editor_t__added__LtuNJ\" style=\"font-size: 16px;\">m\u00e9dia<\/span><span class=\"Editor_t__not_edited__WuRP8\" style=\"font-size: 16px;\">\u00a0tempo de inatividade<\/span><span class=\"Editor_t__added__LtuNJ\" style=\"font-size: 16px;\">\u00a0\u00e9 m\u00ednimo<\/span><span class=\"Editor_t__not_edited__WuRP8\" style=\"font-size: 16px;\">,\u00a0<\/span><span class=\"Editor_t__added__LtuNJ\" style=\"font-size: 16px;\">assim<\/span><span class=\"Editor_t__not_edited__WuRP8\" style=\"font-size: 16px;\">\u00a0cada compra\u00a0<\/span><span class=\"Editor_t__added__LtuNJ\" style=\"font-size: 16px;\">recebe<\/span><span class=\"Editor_t__not_edited__WuRP8\" style=\"font-size: 16px;\">\u00a0<\/span><span class=\"Editor_t__added__LtuNJ\" style=\"font-size: 16px;\">nosso<\/span><span class=\"Editor_t__not_edited__WuRP8\" style=\"font-size: 16px;\">\u00a0<\/span><span class=\"Editor_t__added__LtuNJ\" style=\"font-size: 16px;\">cliente um\u00a0<\/span><span class=\"Editor_t__not_edited__WuRP8\" style=\"font-size: 16px;\">etapa\u00a0<\/span><span class=\"Editor_t__added__LtuNJ\" style=\"font-size: 16px;\">mais pr\u00f3ximo<\/span><span class=\"Editor_t__not_edited__WuRP8\" style=\"font-size: 16px;\">\u00a0<\/span><span class=\"Editor_t__added__LtuNJ\" style=\"font-size: 16px;\">para<\/span><span class=\"Editor_t__not_edited__WuRP8\" style=\"font-size: 16px;\">\u00a0<\/span><span class=\"Editor_t__added__LtuNJ\" style=\"font-size: 16px;\">melhor\u00a0<\/span><span class=\"Editor_t__not_edited__WuRP8\" style=\"font-size: 16px;\">experi\u00eancias mar\u00edtimas.<\/span><\/div>\n<\/div>\n<\/div>","protected":false},"featured_media":8425,"comment_status":"open","ping_status":"closed","template":"","meta":{"site-sidebar-layout":"default","site-content-layout":"","ast-site-content-layout":"default","site-content-style":"default","site-sidebar-style":"default","ast-global-header-display":"","ast-banner-title-visibility":"","ast-main-header-display":"","ast-hfb-above-header-display":"","ast-hfb-below-header-display":"","ast-hfb-mobile-header-display":"","site-post-title":"","ast-breadcrumbs-content":"","ast-featured-img":"","footer-sml-layout":"","theme-transparent-header-meta":"default","adv-header-id-meta":"","stick-header-meta":"default","header-above-stick-meta":"","header-main-stick-meta":"","header-below-stick-meta":"","astra-migrate-meta-layouts":"set","ast-page-background-enabled":"default","ast-page-background-meta":{"desktop":{"background-color":"","background-image":"","background-repeat":"repeat","background-position":"center center","background-size":"auto","background-attachment":"scroll","background-type":"","background-media":"","overlay-type":"","overlay-color":"","overlay-opacity":"","overlay-gradient":""},"tablet":{"background-color":"","background-image":"","background-repeat":"repeat","background-position":"center center","background-size":"auto","background-attachment":"scroll","background-type":"","background-media":"","overlay-type":"","overlay-color":"","overlay-opacity":"","overlay-gradient":""},"mobile":{"background-color":"","background-image":"","background-repeat":"repeat","background-position":"center center","background-size":"auto","background-attachment":"scroll","background-type":"","background-media":"","overlay-type":"","overlay-color":"","overlay-opacity":"","overlay-gradient":""}},"ast-content-background-meta":{"desktop":{"background-color":"var(--ast-global-color-5)","background-image":"","background-repeat":"repeat","background-position":"center center","background-size":"auto","background-attachment":"scroll","background-type":"","background-media":"","overlay-type":"","overlay-color":"","overlay-opacity":"","overlay-gradient":""},"tablet":{"background-color":"var(--ast-global-color-5)","background-image":"","background-repeat":"repeat","background-position":"center center","background-size":"auto","background-attachment":"scroll","background-type":"","background-media":"","overlay-type":"","overlay-color":"","overlay-opacity":"","overlay-gradient":""},"mobile":{"background-color":"var(--ast-global-color-5)","background-image":"","background-repeat":"repeat","background-position":"center center","background-size":"auto","background-attachment":"scroll","background-type":"","background-media":"","overlay-type":"","overlay-color":"","overlay-opacity":"","overlay-gradient":""}}},"product_brand":[],"product_cat":[44],"product_tag":[],"class_list":{"0":"post-8418","1":"product","2":"type-product","3":"status-publish","4":"has-post-thumbnail","6":"product_cat-stainless-steel-poduct","7":"desktop-align-left","8":"tablet-align-left","9":"mobile-align-left","10":"ast-product-gallery-layout-horizontal-slider","11":"ast-product-tabs-layout-horizontal","13":"first","14":"instock","15":"shipping-taxable","16":"purchasable","17":"product-type-simple"},"yoast_head":"<!-- This site is optimized with the Yoast SEO plugin v25.2 - https:\/\/yoast.com\/wordpress\/plugins\/seo\/ -->\n<title>Boat Ladder<\/title>\n<meta name=\"description\" content=\"Boat ladders are important\u00a0for\u00a0easy\u00a0embarkation\u00a0and\u00a0disembarkation, offering both safety and convenience to marine enthusiasts.\u00a0\" \/>\n<meta name=\"robots\" content=\"index, follow, max-snippet:-1, max-image-preview:large, max-video-preview:-1\" \/>\n<link rel=\"canonical\" href=\"https:\/\/qingdaohf.com\/pt\/produto\/escada-de-barco\/\" \/>\n<meta property=\"og:locale\" content=\"pt_BR\" \/>\n<meta property=\"og:type\" content=\"article\" \/>\n<meta property=\"og:title\" content=\"Boat Ladder\" \/>\n<meta property=\"og:description\" content=\"Boat ladders are important\u00a0for\u00a0easy\u00a0embarkation\u00a0and\u00a0disembarkation, offering both safety and convenience to marine enthusiasts.\u00a0\" \/>\n<meta property=\"og:url\" content=\"https:\/\/qingdaohf.com\/pt\/produto\/escada-de-barco\/\" \/>\n<meta property=\"og:site_name\" content=\"Concrete Form &amp; Rigging Hardware Supplier\" \/>\n<meta property=\"article:publisher\" content=\"https:\/\/www.facebook.com\/qingdaohf\" \/>\n<meta property=\"article:modified_time\" content=\"2025-11-13T01:02:52+00:00\" \/>\n<meta property=\"og:image\" content=\"https:\/\/qingdaohf.com\/wp-content\/uploads\/2024\/11\/boat-ladder-1.jpg\" \/>\n\t<meta property=\"og:image:width\" content=\"1000\" \/>\n\t<meta property=\"og:image:height\" content=\"1000\" \/>\n\t<meta property=\"og:image:type\" content=\"image\/jpeg\" \/>\n<meta name=\"twitter:card\" content=\"summary_large_image\" \/>\n<meta name=\"twitter:label1\" content=\"Est. tempo de leitura\" \/>\n\t<meta name=\"twitter:data1\" content=\"3 minutos\" \/>\n<script type=\"application\/ld+json\" class=\"yoast-schema-graph\">{\"@context\":\"https:\/\/schema.org\",\"@graph\":[{\"@type\":\"WebPage\",\"@id\":\"https:\/\/qingdaohf.com\/product\/boat-ladder\/\",\"url\":\"https:\/\/qingdaohf.com\/product\/boat-ladder\/\",\"name\":\"Boat Ladder\",\"isPartOf\":{\"@id\":\"https:\/\/qingdaohf.com\/bg\/#website\"},\"primaryImageOfPage\":{\"@id\":\"https:\/\/qingdaohf.com\/product\/boat-ladder\/#primaryimage\"},\"image\":{\"@id\":\"https:\/\/qingdaohf.com\/product\/boat-ladder\/#primaryimage\"},\"thumbnailUrl\":\"https:\/\/qingdaohf.com\/wp-content\/uploads\/2024\/11\/boat-ladder-1.jpg\",\"datePublished\":\"2024-11-29T08:19:54+00:00\",\"dateModified\":\"2025-11-13T01:02:52+00:00\",\"description\":\"Boat ladders are important\u00a0for\u00a0easy\u00a0embarkation\u00a0and\u00a0disembarkation, offering both safety and convenience to marine enthusiasts.\u00a0\",\"breadcrumb\":{\"@id\":\"https:\/\/qingdaohf.com\/product\/boat-ladder\/#breadcrumb\"},\"inLanguage\":\"pt-BR\",\"potentialAction\":[{\"@type\":\"ReadAction\",\"target\":[\"https:\/\/qingdaohf.com\/product\/boat-ladder\/\"]}]},{\"@type\":\"ImageObject\",\"inLanguage\":\"pt-BR\",\"@id\":\"https:\/\/qingdaohf.com\/product\/boat-ladder\/#primaryimage\",\"url\":\"https:\/\/qingdaohf.com\/wp-content\/uploads\/2024\/11\/boat-ladder-1.jpg\",\"contentUrl\":\"https:\/\/qingdaohf.com\/wp-content\/uploads\/2024\/11\/boat-ladder-1.jpg\",\"width\":1000,\"height\":1000,\"caption\":\"boat ladder\"},{\"@type\":\"BreadcrumbList\",\"@id\":\"https:\/\/qingdaohf.com\/product\/boat-ladder\/#breadcrumb\",\"itemListElement\":[{\"@type\":\"ListItem\",\"position\":1,\"name\":\"Home\",\"item\":\"https:\/\/qingdaohf.com\/\"},{\"@type\":\"ListItem\",\"position\":2,\"name\":\"Concrete Forming Accessories and Rigging Hardware\",\"item\":\"https:\/\/qingdaohf.com\/bg\/?page_id=944\"},{\"@type\":\"ListItem\",\"position\":3,\"name\":\"Boat Ladder\"}]},{\"@type\":\"WebSite\",\"@id\":\"https:\/\/qingdaohf.com\/bg\/#website\",\"url\":\"https:\/\/qingdaohf.com\/bg\/\",\"name\":\"Concrete Form & Rigging Hardware Supplier\",\"description\":\"\",\"publisher\":{\"@id\":\"https:\/\/qingdaohf.com\/bg\/#organization\"},\"potentialAction\":[{\"@type\":\"SearchAction\",\"target\":{\"@type\":\"EntryPoint\",\"urlTemplate\":\"https:\/\/qingdaohf.com\/bg\/?s={search_term_string}\"},\"query-input\":{\"@type\":\"PropertyValueSpecification\",\"valueRequired\":true,\"valueName\":\"search_term_string\"}}],\"inLanguage\":\"pt-BR\"},{\"@type\":\"Organization\",\"@id\":\"https:\/\/qingdaohf.com\/bg\/#organization\",\"name\":\"Qingdao H&F\",\"url\":\"https:\/\/qingdaohf.com\/bg\/\",\"logo\":{\"@type\":\"ImageObject\",\"inLanguage\":\"pt-BR\",\"@id\":\"https:\/\/qingdaohf.com\/bg\/#\/schema\/logo\/image\/\",\"url\":\"https:\/\/qingdaohf.com\/wp-content\/uploads\/2022\/12\/cropped-HF-LOGO.png\",\"contentUrl\":\"https:\/\/qingdaohf.com\/wp-content\/uploads\/2022\/12\/cropped-HF-LOGO.png\",\"width\":391,\"height\":249,\"caption\":\"Qingdao H&F\"},\"image\":{\"@id\":\"https:\/\/qingdaohf.com\/bg\/#\/schema\/logo\/image\/\"},\"sameAs\":[\"https:\/\/www.facebook.com\/qingdaohf\"]}]}<\/script>\n<!-- \/ Yoast SEO plugin. -->","yoast_head_json":{"title":"Boat Ladder","description":"Boat ladders are important\u00a0for\u00a0easy\u00a0embarkation\u00a0and\u00a0disembarkation, offering both safety and convenience to marine enthusiasts.\u00a0","robots":{"index":"index","follow":"follow","max-snippet":"max-snippet:-1","max-image-preview":"max-image-preview:large","max-video-preview":"max-video-preview:-1"},"canonical":"https:\/\/qingdaohf.com\/pt\/produto\/escada-de-barco\/","og_locale":"pt_BR","og_type":"article","og_title":"Boat Ladder","og_description":"Boat ladders are important\u00a0for\u00a0easy\u00a0embarkation\u00a0and\u00a0disembarkation, offering both safety and convenience to marine enthusiasts.\u00a0","og_url":"https:\/\/qingdaohf.com\/pt\/produto\/escada-de-barco\/","og_site_name":"Concrete Form &amp; Rigging Hardware Supplier","article_publisher":"https:\/\/www.facebook.com\/qingdaohf","article_modified_time":"2025-11-13T01:02:52+00:00","og_image":[{"width":1000,"height":1000,"url":"https:\/\/qingdaohf.com\/wp-content\/uploads\/2024\/11\/boat-ladder-1.jpg","type":"image\/jpeg"}],"twitter_card":"summary_large_image","twitter_misc":{"Est. tempo de leitura":"3 minutos"},"schema":{"@context":"https:\/\/schema.org","@graph":[{"@type":"WebPage","@id":"https:\/\/qingdaohf.com\/product\/boat-ladder\/","url":"https:\/\/qingdaohf.com\/product\/boat-ladder\/","name":"Boat Ladder","isPartOf":{"@id":"https:\/\/qingdaohf.com\/bg\/#website"},"primaryImageOfPage":{"@id":"https:\/\/qingdaohf.com\/product\/boat-ladder\/#primaryimage"},"image":{"@id":"https:\/\/qingdaohf.com\/product\/boat-ladder\/#primaryimage"},"thumbnailUrl":"https:\/\/qingdaohf.com\/wp-content\/uploads\/2024\/11\/boat-ladder-1.jpg","datePublished":"2024-11-29T08:19:54+00:00","dateModified":"2025-11-13T01:02:52+00:00","description":"Boat ladders are important\u00a0for\u00a0easy\u00a0embarkation\u00a0and\u00a0disembarkation, offering both safety and convenience to marine enthusiasts.\u00a0","breadcrumb":{"@id":"https:\/\/qingdaohf.com\/product\/boat-ladder\/#breadcrumb"},"inLanguage":"pt-BR","potentialAction":[{"@type":"ReadAction","target":["https:\/\/qingdaohf.com\/product\/boat-ladder\/"]}]},{"@type":"ImageObject","inLanguage":"pt-BR","@id":"https:\/\/qingdaohf.com\/product\/boat-ladder\/#primaryimage","url":"https:\/\/qingdaohf.com\/wp-content\/uploads\/2024\/11\/boat-ladder-1.jpg","contentUrl":"https:\/\/qingdaohf.com\/wp-content\/uploads\/2024\/11\/boat-ladder-1.jpg","width":1000,"height":1000,"caption":"boat ladder"},{"@type":"BreadcrumbList","@id":"https:\/\/qingdaohf.com\/product\/boat-ladder\/#breadcrumb","itemListElement":[{"@type":"ListItem","position":1,"name":"Home","item":"https:\/\/qingdaohf.com\/"},{"@type":"ListItem","position":2,"name":"Concrete Forming Accessories and Rigging Hardware","item":"https:\/\/qingdaohf.com\/bg\/?page_id=944"},{"@type":"ListItem","position":3,"name":"Boat Ladder"}]},{"@type":"WebSite","@id":"https:\/\/qingdaohf.com\/bg\/#website","url":"https:\/\/qingdaohf.com\/bg\/","name":"Concrete Form & Rigging Hardware Supplier","description":"","publisher":{"@id":"https:\/\/qingdaohf.com\/bg\/#organization"},"potentialAction":[{"@type":"SearchAction","target":{"@type":"EntryPoint","urlTemplate":"https:\/\/qingdaohf.com\/bg\/?s={search_term_string}"},"query-input":{"@type":"PropertyValueSpecification","valueRequired":true,"valueName":"search_term_string"}}],"inLanguage":"pt-BR"},{"@type":"Organization","@id":"https:\/\/qingdaohf.com\/bg\/#organization","name":"Qingdao H&F","url":"https:\/\/qingdaohf.com\/bg\/","logo":{"@type":"ImageObject","inLanguage":"pt-BR","@id":"https:\/\/qingdaohf.com\/bg\/#\/schema\/logo\/image\/","url":"https:\/\/qingdaohf.com\/wp-content\/uploads\/2022\/12\/cropped-HF-LOGO.png","contentUrl":"https:\/\/qingdaohf.com\/wp-content\/uploads\/2022\/12\/cropped-HF-LOGO.png","width":391,"height":249,"caption":"Qingdao H&F"},"image":{"@id":"https:\/\/qingdaohf.com\/bg\/#\/schema\/logo\/image\/"},"sameAs":["https:\/\/www.facebook.com\/qingdaohf"]}]}},"_links":{"self":[{"href":"https:\/\/qingdaohf.com\/pt\/wp-json\/wp\/v2\/product\/8418","targetHints":{"allow":["GET"]}}],"collection":[{"href":"https:\/\/qingdaohf.com\/pt\/wp-json\/wp\/v2\/product"}],"about":[{"href":"https:\/\/qingdaohf.com\/pt\/wp-json\/wp\/v2\/types\/product"}],"replies":[{"embeddable":true,"href":"https:\/\/qingdaohf.com\/pt\/wp-json\/wp\/v2\/comments?post=8418"}],"version-history":[{"count":1,"href":"https:\/\/qingdaohf.com\/pt\/wp-json\/wp\/v2\/product\/8418\/revisions"}],"predecessor-version":[{"id":8426,"href":"https:\/\/qingdaohf.com\/pt\/wp-json\/wp\/v2\/product\/8418\/revisions\/8426"}],"wp:featuredmedia":[{"embeddable":true,"href":"https:\/\/qingdaohf.com\/pt\/wp-json\/wp\/v2\/media\/8425"}],"wp:attachment":[{"href":"https:\/\/qingdaohf.com\/pt\/wp-json\/wp\/v2\/media?parent=8418"}],"wp:term":[{"taxonomy":"product_brand","embeddable":true,"href":"https:\/\/qingdaohf.com\/pt\/wp-json\/wp\/v2\/product_brand?post=8418"},{"taxonomy":"product_cat","embeddable":true,"href":"https:\/\/qingdaohf.com\/pt\/wp-json\/wp\/v2\/product_cat?post=8418"},{"taxonomy":"product_tag","embeddable":true,"href":"https:\/\/qingdaohf.com\/pt\/wp-json\/wp\/v2\/product_tag?post=8418"}],"curies":[{"name":"wp","href":"https:\/\/api.w.org\/{rel}","templated":true}]}}