{"id":8428,"date":"2024-11-29T16:45:52","date_gmt":"2024-11-29T08:45:52","guid":{"rendered":"http:\/\/qingdaohf.com\/?post_type=product&#038;p=8428"},"modified":"2025-11-13T09:02:51","modified_gmt":"2025-11-13T01:02:51","slug":"boat-steering-wheel","status":"publish","type":"product","link":"https:\/\/qingdaohf.com\/pt\/produto\/volante-de-barco\/","title":{"rendered":"Volante de barco"},"content":{"rendered":"<h4>A import\u00e2ncia de um volante de barco confi\u00e1vel<\/h4>\n<p>O volante \u00e9 mais do que um simples mecanismo de controle para um barco; ele \u00e9 o cora\u00e7\u00e3o da navega\u00e7\u00e3o e da capacidade de manobra. Seu design e funcionalidade afetam diretamente a capacidade do operador de manejar a embarca\u00e7\u00e3o em diferentes condi\u00e7\u00f5es de \u00e1gua. Seja em um cruzeiro tranquilo ou navegando em correntes desafiadoras, um volante de alta qualidade garante um controle preciso, contribuindo para a seguran\u00e7a e a efici\u00eancia.<\/p>\n<p>Ao escolher um volante, os propriet\u00e1rios de barcos geralmente priorizam materiais que possam resistir a ambientes marinhos, incluindo exposi\u00e7\u00e3o \u00e0 \u00e1gua salgada, umidade e raios UV. Materiais comuns como a\u00e7o inoxid\u00e1vel, alum\u00ednio e pl\u00e1sticos de grau mar\u00edtimo oferecem n\u00edveis variados de durabilidade e resist\u00eancia \u00e0 corros\u00e3o. A ergonomia \u00e9 outra considera\u00e7\u00e3o vital, pois o formato, a ader\u00eancia e o tamanho do volante podem afetar o conforto durante o uso prolongado. A escolha do volante correto \u00e9 essencial n\u00e3o apenas para o desempenho, mas tamb\u00e9m para aprimorar a experi\u00eancia geral do barco.<\/p>\n<h4>Tipos de volantes de barco<\/h4>\n<p>Os volantes para barcos s\u00e3o de v\u00e1rios tipos, cada um adequado a categorias espec\u00edficas de embarca\u00e7\u00f5es e prefer\u00eancias do usu\u00e1rio. Os volantes cl\u00e1ssicos de a\u00e7o inoxid\u00e1vel continuam sendo os favoritos entre os velejadores devido ao seu design atemporal, for\u00e7a excepcional e resist\u00eancia a elementos marinhos agressivos. Esses volantes geralmente apresentam um acabamento polido, acrescentando um toque de sofistica\u00e7\u00e3o ao leme.<\/p>\n<p>Para aqueles que buscam op\u00e7\u00f5es leves, as rodas fabricadas em alum\u00ednio ou materiais compostos oferecem excelente desempenho. Os modelos de alum\u00ednio s\u00e3o valorizados por seu equil\u00edbrio entre resist\u00eancia e peso, o que os torna adequados para barcos menores ou embarca\u00e7\u00f5es de recreio. As rodas de material composto, por outro lado, s\u00e3o ideais para barqueiros modernos que priorizam a rela\u00e7\u00e3o custo-benef\u00edcio sem comprometer a durabilidade.<\/p>\n<p>Os volantes de madeira atendem aos entusiastas que apreciam a est\u00e9tica e o artesanato tradicionais. Muitas vezes combinados com iates vintage ou de luxo, os volantes de madeira exalam um charme cl\u00e1ssico, embora exijam mais manuten\u00e7\u00e3o em compara\u00e7\u00e3o com seus equivalentes de metal ou pl\u00e1stico. Cada tipo serve a prop\u00f3sitos exclusivos, permitindo que os propriet\u00e1rios de barcos fa\u00e7am a sele\u00e7\u00e3o com base em necessidades funcionais e prefer\u00eancias estil\u00edsticas.<\/p>\n<h4>Por que escolher nossos volantes para barcos<\/h4>\n<p>Selecionar o fornecedor certo de volantes para barcos \u00e9 t\u00e3o importante quanto escolher o pr\u00f3prio produto. Em nossa empresa comercial, priorizamos o fornecimento de valor e confiabilidade por meio de nossa ampla linha de acess\u00f3rios mar\u00edtimos. Nossos volantes passam por rigorosas inspe\u00e7\u00f5es de qualidade, garantindo a conformidade com os padr\u00f5es do setor e oferecendo tranquilidade aos nossos clientes.<\/p>\n<p>Nosso atendimento individualizado ao cliente nos diferencia no mercado, pois trabalhamos em estreita colabora\u00e7\u00e3o com os clientes para entender suas necessidades exclusivas. Essa abordagem personalizada ajuda na recomenda\u00e7\u00e3o de volantes adaptados ao tipo de embarca\u00e7\u00e3o, \u00e0s condi\u00e7\u00f5es de opera\u00e7\u00e3o e ao or\u00e7amento. Al\u00e9m disso, nossa log\u00edstica simplificada garante um ciclo de entrega r\u00e1pido, minimizando o tempo de inatividade para barqueiros e distribuidores.<\/p>\n<p>A durabilidade de nossos volantes \u00e9 uma prova de nosso compromisso com a excel\u00eancia. Fabricados com materiais de primeira qualidade, eles s\u00e3o projetados para suportar a exposi\u00e7\u00e3o prolongada a ambientes marinhos, mantendo o desempenho ideal. Ao oferecer uma combina\u00e7\u00e3o de est\u00e9tica, funcionalidade e confiabilidade, nossos produtos atendem \u00e0s expectativas de usu\u00e1rios recreativos e profissionais.<\/p>\n<h4>O papel da inova\u00e7\u00e3o no design do volante<\/h4>\n<p>Os avan\u00e7os modernos no design do volante do barco introduziram recursos que melhoram a usabilidade e a conveni\u00eancia. Muitos modelos agora incorporam punhos antiderrapantes, que melhoram o controle mesmo em condi\u00e7\u00f5es de chuva. Al\u00e9m disso, os volantes com fun\u00e7\u00f5es de inclina\u00e7\u00e3o ajust\u00e1vel oferecem flexibilidade, acomodando operadores de diferentes alturas e prefer\u00eancias.<\/p>\n<p>Materiais inovadores tamb\u00e9m desempenham um papel importante na melhoria da resist\u00eancia e da vida \u00fatil dos volantes. O a\u00e7o inoxid\u00e1vel de grau mar\u00edtimo com revestimentos adicionais oferece resist\u00eancia superior a corros\u00e3o e ferrugem, enquanto os pl\u00e1sticos estabilizados por UV evitam o desbotamento e as rachaduras sob exposi\u00e7\u00e3o \u00e0 luz solar. Esses avan\u00e7os n\u00e3o apenas garantem a longevidade do produto, mas tamb\u00e9m contribuem para a seguran\u00e7a e o conforto do operador.<\/p>\n<p>Outra inova\u00e7\u00e3o importante \u00e9 a integra\u00e7\u00e3o de controles multifuncionais diretamente no volante. Esses designs permitem que os operadores acessem fun\u00e7\u00f5es essenciais, como o controle do acelerador ou telas eletr\u00f4nicas, sem tirar as m\u00e3os do volante. Esses recursos simplificam a experi\u00eancia de navega\u00e7\u00e3o, tornando a navega\u00e7\u00e3o mais intuitiva e reduzindo a probabilidade de fadiga do operador.<\/p>\n<h4>Garantia de valor a longo prazo<\/h4>\n<p>Investir em um volante de barco de alta qualidade \u00e9 uma decis\u00e3o que rende dividendos a longo prazo. Al\u00e9m da funcionalidade imediata, esses produtos aumentam o valor geral da embarca\u00e7\u00e3o, principalmente quando combinados com um fornecedor de boa reputa\u00e7\u00e3o. Nossos volantes s\u00e3o projetados com a longevidade em mente, proporcionando um equil\u00edbrio ideal entre desempenho, durabilidade e apelo est\u00e9tico.<\/p>\n<p>Os clientes podem confiar em nossa empresa para fornecer n\u00e3o apenas produtos excepcionais, mas tamb\u00e9m suporte abrangente durante todo o processo de compra. Desde as consultas iniciais at\u00e9 o servi\u00e7o p\u00f3s-venda, n\u00f3s nos esfor\u00e7amos para construir relacionamentos duradouros com nossos clientes. Esse compromisso com a excel\u00eancia estabeleceu nossa reputa\u00e7\u00e3o como um parceiro confi\u00e1vel no mercado de acess\u00f3rios mar\u00edtimos.<\/p>\n<p>Ao priorizar a qualidade, a inova\u00e7\u00e3o e a satisfa\u00e7\u00e3o do cliente, nosso objetivo \u00e9 superar as expectativas de nossos clientes. Seja para entusiastas casuais de barcos ou marinheiros profissionais, nossos volantes de barco representam uma fus\u00e3o de praticidade e estilo, garantindo um desempenho superior na \u00e1gua.<\/p>","protected":false},"excerpt":{"rendered":"<p>Os volantes de barco desempenham um papel fundamental para garantir a navega\u00e7\u00e3o e o controle suaves na \u00e1gua, tornando-os um componente essencial para qualquer embarca\u00e7\u00e3o. Os compradores geralmente priorizam fatores como durabilidade do material, design ergon\u00f4mico, compatibilidade com v\u00e1rios sistemas mar\u00edtimos e resist\u00eancia \u00e0 corros\u00e3o ao selecionar um volante. Nossa empresa comercial oferece volantes para barcos de alta qualidade que atendem a essas preocupa\u00e7\u00f5es, juntamente com atendimento individualizado ao cliente, garantindo recomenda\u00e7\u00f5es personalizadas. Al\u00e9m disso, garantimos um ciclo de entrega r\u00e1pido e fornecemos relat\u00f3rios completos de inspe\u00e7\u00e3o de qualidade para oferecer tranquilidade em cada compra.<\/p>","protected":false},"featured_media":8429,"comment_status":"open","ping_status":"closed","template":"","meta":{"site-sidebar-layout":"default","site-content-layout":"","ast-site-content-layout":"default","site-content-style":"default","site-sidebar-style":"default","ast-global-header-display":"","ast-banner-title-visibility":"","ast-main-header-display":"","ast-hfb-above-header-display":"","ast-hfb-below-header-display":"","ast-hfb-mobile-header-display":"","site-post-title":"","ast-breadcrumbs-content":"","ast-featured-img":"","footer-sml-layout":"","theme-transparent-header-meta":"default","adv-header-id-meta":"","stick-header-meta":"default","header-above-stick-meta":"","header-main-stick-meta":"","header-below-stick-meta":"","astra-migrate-meta-layouts":"set","ast-page-background-enabled":"default","ast-page-background-meta":{"desktop":{"background-color":"","background-image":"","background-repeat":"repeat","background-position":"center center","background-size":"auto","background-attachment":"scroll","background-type":"","background-media":"","overlay-type":"","overlay-color":"","overlay-opacity":"","overlay-gradient":""},"tablet":{"background-color":"","background-image":"","background-repeat":"repeat","background-position":"center center","background-size":"auto","background-attachment":"scroll","background-type":"","background-media":"","overlay-type":"","overlay-color":"","overlay-opacity":"","overlay-gradient":""},"mobile":{"background-color":"","background-image":"","background-repeat":"repeat","background-position":"center center","background-size":"auto","background-attachment":"scroll","background-type":"","background-media":"","overlay-type":"","overlay-color":"","overlay-opacity":"","overlay-gradient":""}},"ast-content-background-meta":{"desktop":{"background-color":"var(--ast-global-color-5)","background-image":"","background-repeat":"repeat","background-position":"center center","background-size":"auto","background-attachment":"scroll","background-type":"","background-media":"","overlay-type":"","overlay-color":"","overlay-opacity":"","overlay-gradient":""},"tablet":{"background-color":"var(--ast-global-color-5)","background-image":"","background-repeat":"repeat","background-position":"center center","background-size":"auto","background-attachment":"scroll","background-type":"","background-media":"","overlay-type":"","overlay-color":"","overlay-opacity":"","overlay-gradient":""},"mobile":{"background-color":"var(--ast-global-color-5)","background-image":"","background-repeat":"repeat","background-position":"center center","background-size":"auto","background-attachment":"scroll","background-type":"","background-media":"","overlay-type":"","overlay-color":"","overlay-opacity":"","overlay-gradient":""}}},"product_brand":[],"product_cat":[44],"product_tag":[],"class_list":{"0":"post-8428","1":"product","2":"type-product","3":"status-publish","4":"has-post-thumbnail","6":"product_cat-stainless-steel-poduct","7":"desktop-align-left","8":"tablet-align-left","9":"mobile-align-left","10":"ast-product-gallery-layout-horizontal-slider","11":"ast-product-tabs-layout-horizontal","13":"first","14":"instock","15":"shipping-taxable","16":"purchasable","17":"product-type-simple"},"yoast_head":"<!-- This site is optimized with the Yoast SEO plugin v25.2 - https:\/\/yoast.com\/wordpress\/plugins\/seo\/ -->\n<title>Boat Steering Wheel<\/title>\n<meta name=\"robots\" content=\"index, follow, max-snippet:-1, max-image-preview:large, max-video-preview:-1\" \/>\n<link rel=\"canonical\" href=\"https:\/\/qingdaohf.com\/pt\/produto\/volante-de-barco\/\" \/>\n<meta property=\"og:locale\" content=\"pt_BR\" \/>\n<meta property=\"og:type\" content=\"article\" \/>\n<meta property=\"og:title\" content=\"Boat Steering Wheel\" \/>\n<meta property=\"og:description\" content=\"Boat steering wheels play a pivotal role in ensuring smooth navigation and control on water, making them a critical component for any vessel. Buyers often prioritize factors such as material durability, ergonomic design, compatibility with various marine systems, and corrosion resistance when selecting a steering wheel. Our trading company offers high-quality boat steering wheels that address these concerns, coupled with one-to-one customer service, ensuring tailored recommendations. Additionally, we guarantee a fast delivery cycle and provide thorough quality inspection reports to offer peace of mind with every purchase.\" \/>\n<meta property=\"og:url\" content=\"https:\/\/qingdaohf.com\/pt\/produto\/volante-de-barco\/\" \/>\n<meta property=\"og:site_name\" content=\"Concrete Form &amp; Rigging Hardware Supplier\" \/>\n<meta property=\"article:publisher\" content=\"https:\/\/www.facebook.com\/qingdaohf\" \/>\n<meta property=\"article:modified_time\" content=\"2025-11-13T01:02:51+00:00\" \/>\n<meta property=\"og:image\" content=\"https:\/\/qingdaohf.com\/wp-content\/uploads\/2024\/11\/boat-steering-wheel-5.jpg\" \/>\n\t<meta property=\"og:image:width\" content=\"1000\" \/>\n\t<meta property=\"og:image:height\" content=\"1000\" \/>\n\t<meta property=\"og:image:type\" content=\"image\/jpeg\" \/>\n<meta name=\"twitter:card\" content=\"summary_large_image\" \/>\n<meta name=\"twitter:label1\" content=\"Est. tempo de leitura\" \/>\n\t<meta name=\"twitter:data1\" content=\"4 minutos\" \/>\n<script type=\"application\/ld+json\" class=\"yoast-schema-graph\">{\"@context\":\"https:\/\/schema.org\",\"@graph\":[{\"@type\":\"WebPage\",\"@id\":\"https:\/\/qingdaohf.com\/product\/boat-steering-wheel\/\",\"url\":\"https:\/\/qingdaohf.com\/product\/boat-steering-wheel\/\",\"name\":\"Boat Steering Wheel\",\"isPartOf\":{\"@id\":\"https:\/\/qingdaohf.com\/bg\/#website\"},\"primaryImageOfPage\":{\"@id\":\"https:\/\/qingdaohf.com\/product\/boat-steering-wheel\/#primaryimage\"},\"image\":{\"@id\":\"https:\/\/qingdaohf.com\/product\/boat-steering-wheel\/#primaryimage\"},\"thumbnailUrl\":\"https:\/\/qingdaohf.com\/wp-content\/uploads\/2024\/11\/boat-steering-wheel-5.jpg\",\"datePublished\":\"2024-11-29T08:45:52+00:00\",\"dateModified\":\"2025-11-13T01:02:51+00:00\",\"breadcrumb\":{\"@id\":\"https:\/\/qingdaohf.com\/product\/boat-steering-wheel\/#breadcrumb\"},\"inLanguage\":\"pt-BR\",\"potentialAction\":[{\"@type\":\"ReadAction\",\"target\":[\"https:\/\/qingdaohf.com\/product\/boat-steering-wheel\/\"]}]},{\"@type\":\"ImageObject\",\"inLanguage\":\"pt-BR\",\"@id\":\"https:\/\/qingdaohf.com\/product\/boat-steering-wheel\/#primaryimage\",\"url\":\"https:\/\/qingdaohf.com\/wp-content\/uploads\/2024\/11\/boat-steering-wheel-5.jpg\",\"contentUrl\":\"https:\/\/qingdaohf.com\/wp-content\/uploads\/2024\/11\/boat-steering-wheel-5.jpg\",\"width\":1000,\"height\":1000,\"caption\":\"boat steering wheel\"},{\"@type\":\"BreadcrumbList\",\"@id\":\"https:\/\/qingdaohf.com\/product\/boat-steering-wheel\/#breadcrumb\",\"itemListElement\":[{\"@type\":\"ListItem\",\"position\":1,\"name\":\"Home\",\"item\":\"https:\/\/qingdaohf.com\/\"},{\"@type\":\"ListItem\",\"position\":2,\"name\":\"Concrete Forming Accessories and Rigging Hardware\",\"item\":\"https:\/\/qingdaohf.com\/bg\/?page_id=944\"},{\"@type\":\"ListItem\",\"position\":3,\"name\":\"Boat Steering Wheel\"}]},{\"@type\":\"WebSite\",\"@id\":\"https:\/\/qingdaohf.com\/bg\/#website\",\"url\":\"https:\/\/qingdaohf.com\/bg\/\",\"name\":\"Concrete Form & Rigging Hardware Supplier\",\"description\":\"\",\"publisher\":{\"@id\":\"https:\/\/qingdaohf.com\/bg\/#organization\"},\"potentialAction\":[{\"@type\":\"SearchAction\",\"target\":{\"@type\":\"EntryPoint\",\"urlTemplate\":\"https:\/\/qingdaohf.com\/bg\/?s={search_term_string}\"},\"query-input\":{\"@type\":\"PropertyValueSpecification\",\"valueRequired\":true,\"valueName\":\"search_term_string\"}}],\"inLanguage\":\"pt-BR\"},{\"@type\":\"Organization\",\"@id\":\"https:\/\/qingdaohf.com\/bg\/#organization\",\"name\":\"Qingdao H&F\",\"url\":\"https:\/\/qingdaohf.com\/bg\/\",\"logo\":{\"@type\":\"ImageObject\",\"inLanguage\":\"pt-BR\",\"@id\":\"https:\/\/qingdaohf.com\/bg\/#\/schema\/logo\/image\/\",\"url\":\"https:\/\/qingdaohf.com\/wp-content\/uploads\/2022\/12\/cropped-HF-LOGO.png\",\"contentUrl\":\"https:\/\/qingdaohf.com\/wp-content\/uploads\/2022\/12\/cropped-HF-LOGO.png\",\"width\":391,\"height\":249,\"caption\":\"Qingdao H&F\"},\"image\":{\"@id\":\"https:\/\/qingdaohf.com\/bg\/#\/schema\/logo\/image\/\"},\"sameAs\":[\"https:\/\/www.facebook.com\/qingdaohf\"]}]}<\/script>\n<!-- \/ Yoast SEO plugin. -->","yoast_head_json":{"title":"Boat Steering Wheel","robots":{"index":"index","follow":"follow","max-snippet":"max-snippet:-1","max-image-preview":"max-image-preview:large","max-video-preview":"max-video-preview:-1"},"canonical":"https:\/\/qingdaohf.com\/pt\/produto\/volante-de-barco\/","og_locale":"pt_BR","og_type":"article","og_title":"Boat Steering Wheel","og_description":"Boat steering wheels play a pivotal role in ensuring smooth navigation and control on water, making them a critical component for any vessel. Buyers often prioritize factors such as material durability, ergonomic design, compatibility with various marine systems, and corrosion resistance when selecting a steering wheel. Our trading company offers high-quality boat steering wheels that address these concerns, coupled with one-to-one customer service, ensuring tailored recommendations. Additionally, we guarantee a fast delivery cycle and provide thorough quality inspection reports to offer peace of mind with every purchase.","og_url":"https:\/\/qingdaohf.com\/pt\/produto\/volante-de-barco\/","og_site_name":"Concrete Form &amp; Rigging Hardware Supplier","article_publisher":"https:\/\/www.facebook.com\/qingdaohf","article_modified_time":"2025-11-13T01:02:51+00:00","og_image":[{"width":1000,"height":1000,"url":"https:\/\/qingdaohf.com\/wp-content\/uploads\/2024\/11\/boat-steering-wheel-5.jpg","type":"image\/jpeg"}],"twitter_card":"summary_large_image","twitter_misc":{"Est. tempo de leitura":"4 minutos"},"schema":{"@context":"https:\/\/schema.org","@graph":[{"@type":"WebPage","@id":"https:\/\/qingdaohf.com\/product\/boat-steering-wheel\/","url":"https:\/\/qingdaohf.com\/product\/boat-steering-wheel\/","name":"Boat Steering Wheel","isPartOf":{"@id":"https:\/\/qingdaohf.com\/bg\/#website"},"primaryImageOfPage":{"@id":"https:\/\/qingdaohf.com\/product\/boat-steering-wheel\/#primaryimage"},"image":{"@id":"https:\/\/qingdaohf.com\/product\/boat-steering-wheel\/#primaryimage"},"thumbnailUrl":"https:\/\/qingdaohf.com\/wp-content\/uploads\/2024\/11\/boat-steering-wheel-5.jpg","datePublished":"2024-11-29T08:45:52+00:00","dateModified":"2025-11-13T01:02:51+00:00","breadcrumb":{"@id":"https:\/\/qingdaohf.com\/product\/boat-steering-wheel\/#breadcrumb"},"inLanguage":"pt-BR","potentialAction":[{"@type":"ReadAction","target":["https:\/\/qingdaohf.com\/product\/boat-steering-wheel\/"]}]},{"@type":"ImageObject","inLanguage":"pt-BR","@id":"https:\/\/qingdaohf.com\/product\/boat-steering-wheel\/#primaryimage","url":"https:\/\/qingdaohf.com\/wp-content\/uploads\/2024\/11\/boat-steering-wheel-5.jpg","contentUrl":"https:\/\/qingdaohf.com\/wp-content\/uploads\/2024\/11\/boat-steering-wheel-5.jpg","width":1000,"height":1000,"caption":"boat steering wheel"},{"@type":"BreadcrumbList","@id":"https:\/\/qingdaohf.com\/product\/boat-steering-wheel\/#breadcrumb","itemListElement":[{"@type":"ListItem","position":1,"name":"Home","item":"https:\/\/qingdaohf.com\/"},{"@type":"ListItem","position":2,"name":"Concrete Forming Accessories and Rigging Hardware","item":"https:\/\/qingdaohf.com\/bg\/?page_id=944"},{"@type":"ListItem","position":3,"name":"Boat Steering Wheel"}]},{"@type":"WebSite","@id":"https:\/\/qingdaohf.com\/bg\/#website","url":"https:\/\/qingdaohf.com\/bg\/","name":"Concrete Form & Rigging Hardware Supplier","description":"","publisher":{"@id":"https:\/\/qingdaohf.com\/bg\/#organization"},"potentialAction":[{"@type":"SearchAction","target":{"@type":"EntryPoint","urlTemplate":"https:\/\/qingdaohf.com\/bg\/?s={search_term_string}"},"query-input":{"@type":"PropertyValueSpecification","valueRequired":true,"valueName":"search_term_string"}}],"inLanguage":"pt-BR"},{"@type":"Organization","@id":"https:\/\/qingdaohf.com\/bg\/#organization","name":"Qingdao H&F","url":"https:\/\/qingdaohf.com\/bg\/","logo":{"@type":"ImageObject","inLanguage":"pt-BR","@id":"https:\/\/qingdaohf.com\/bg\/#\/schema\/logo\/image\/","url":"https:\/\/qingdaohf.com\/wp-content\/uploads\/2022\/12\/cropped-HF-LOGO.png","contentUrl":"https:\/\/qingdaohf.com\/wp-content\/uploads\/2022\/12\/cropped-HF-LOGO.png","width":391,"height":249,"caption":"Qingdao H&F"},"image":{"@id":"https:\/\/qingdaohf.com\/bg\/#\/schema\/logo\/image\/"},"sameAs":["https:\/\/www.facebook.com\/qingdaohf"]}]}},"_links":{"self":[{"href":"https:\/\/qingdaohf.com\/pt\/wp-json\/wp\/v2\/product\/8428","targetHints":{"allow":["GET"]}}],"collection":[{"href":"https:\/\/qingdaohf.com\/pt\/wp-json\/wp\/v2\/product"}],"about":[{"href":"https:\/\/qingdaohf.com\/pt\/wp-json\/wp\/v2\/types\/product"}],"replies":[{"embeddable":true,"href":"https:\/\/qingdaohf.com\/pt\/wp-json\/wp\/v2\/comments?post=8428"}],"version-history":[{"count":1,"href":"https:\/\/qingdaohf.com\/pt\/wp-json\/wp\/v2\/product\/8428\/revisions"}],"predecessor-version":[{"id":8436,"href":"https:\/\/qingdaohf.com\/pt\/wp-json\/wp\/v2\/product\/8428\/revisions\/8436"}],"wp:featuredmedia":[{"embeddable":true,"href":"https:\/\/qingdaohf.com\/pt\/wp-json\/wp\/v2\/media\/8429"}],"wp:attachment":[{"href":"https:\/\/qingdaohf.com\/pt\/wp-json\/wp\/v2\/media?parent=8428"}],"wp:term":[{"taxonomy":"product_brand","embeddable":true,"href":"https:\/\/qingdaohf.com\/pt\/wp-json\/wp\/v2\/product_brand?post=8428"},{"taxonomy":"product_cat","embeddable":true,"href":"https:\/\/qingdaohf.com\/pt\/wp-json\/wp\/v2\/product_cat?post=8428"},{"taxonomy":"product_tag","embeddable":true,"href":"https:\/\/qingdaohf.com\/pt\/wp-json\/wp\/v2\/product_tag?post=8428"}],"curies":[{"name":"wp","href":"https:\/\/api.w.org\/{rel}","templated":true}]}}