{"id":8601,"date":"2024-12-27T17:18:28","date_gmt":"2024-12-27T09:18:28","guid":{"rendered":"http:\/\/qingdaohf.com\/?post_type=product&#038;p=8601"},"modified":"2025-11-13T09:02:22","modified_gmt":"2025-11-13T01:02:22","slug":"formwork-water-stop","status":"publish","type":"product","link":"https:\/\/qingdaohf.com\/pt\/produto\/parada-de-agua-da-forma\/","title":{"rendered":"Parada de \u00e1gua para f\u00f4rmas"},"content":{"rendered":"<p class=\"whitespace-pre-wrap break-words\">Os produtos de bloqueio de \u00e1gua para f\u00f4rmas s\u00e3o vitais para a impermeabiliza\u00e7\u00e3o e manuten\u00e7\u00e3o da integridade estrutural na constru\u00e7\u00e3o de concreto. Esses componentes trabalham em conjunto com acess\u00f3rios de f\u00f4rmas, como tirantes e porcas de orelhas, para evitar a infiltra\u00e7\u00e3o de \u00e1gua e proteger as estruturas de concreto. Vamos explorar como esses elementos trabalham juntos e por que eles s\u00e3o importantes para seus projetos de constru\u00e7\u00e3o.<\/p>\n<h2 class=\"font-600 text-xl font-bold\">Entendendo as paradas de \u00e1gua da f\u00f4rma<\/h2>\n<p class=\"whitespace-pre-wrap break-words\">Ao construir com concreto, voc\u00ea inevitavelmente lidar\u00e1 com juntas entre diferentes se\u00e7\u00f5es - elas aparecem devido a necessidades pr\u00e1ticas, como quebras de constru\u00e7\u00e3o ou uso de se\u00e7\u00f5es de molde separadas. Como o concreto \u00e9 naturalmente poroso, essas juntas podem se tornar pontos fracos por onde a \u00e1gua pode penetrar. \u00c9 a\u00ed que entram os pontos de reten\u00e7\u00e3o de \u00e1gua.<\/p>\n<p class=\"whitespace-pre-wrap break-words\">Os limitadores de \u00e1gua s\u00e3o feitos de materiais que podem se flexionar e se mover com o concreto - geralmente PVC, borracha ou compostos hidrof\u00edlicos especiais. O segredo \u00e9 escolher algo que mantenha sua efic\u00e1cia \u00e0 medida que o concreto se assenta e responde \u00e0s mudan\u00e7as ambientais. Voc\u00ea precisar\u00e1 instal\u00e1-los antes de despejar o concreto, criando uma barreira f\u00edsica contra a infiltra\u00e7\u00e3o de \u00e1gua. Isso \u00e9 especialmente importante para estruturas como por\u00f5es, t\u00faneis e represas, onde a press\u00e3o da \u00e1gua \u00e9 uma preocupa\u00e7\u00e3o constante.<\/p>\n<h2 class=\"font-600 text-xl font-bold\">O papel dos tirantes nas aplica\u00e7\u00f5es de f\u00f4rmas<\/h2>\n<p><img fetchpriority=\"high\" decoding=\"async\" class=\"alignnone wp-image-8579 size-full\" src=\"http:\/\/qingdaohf.com\/wp-content\/uploads\/2024\/12\/tie-rod-92.webp\" alt=\"sistema de tirantes\" width=\"1000\" height=\"1000\" srcset=\"https:\/\/qingdaohf.com\/wp-content\/uploads\/2024\/12\/tie-rod-92.webp 1000w, https:\/\/qingdaohf.com\/wp-content\/uploads\/2024\/12\/tie-rod-92-300x300.webp 300w, https:\/\/qingdaohf.com\/wp-content\/uploads\/2024\/12\/tie-rod-92-150x150.webp 150w, https:\/\/qingdaohf.com\/wp-content\/uploads\/2024\/12\/tie-rod-92-768x768.webp 768w, https:\/\/qingdaohf.com\/wp-content\/uploads\/2024\/12\/tie-rod-92-12x12.webp 12w, https:\/\/qingdaohf.com\/wp-content\/uploads\/2024\/12\/tie-rod-92-500x500.webp 500w, https:\/\/qingdaohf.com\/wp-content\/uploads\/2024\/12\/tie-rod-92-100x100.webp 100w\" sizes=\"(max-width: 1000px) 100vw, 1000px\" \/><\/p>\n<p class=\"whitespace-pre-wrap break-words\">Os tirantes (ou tirantes de f\u00f4rma) s\u00e3o os her\u00f3is desconhecidos da constru\u00e7\u00e3o de concreto. Esses componentes de a\u00e7o mant\u00eam os pain\u00e9is de f\u00f4rma firmes enquanto o concreto est\u00e1 sendo derramado e curado. Ao passar pelos pain\u00e9is e fix\u00e1-los com porcas de orelhas em cada extremidade, eles fornecem a tens\u00e3o necess\u00e1ria para manter tudo est\u00e1vel sob a imensa press\u00e3o do concreto \u00famido.<\/p>\n<p class=\"whitespace-pre-wrap break-words\">A rela\u00e7\u00e3o entre os batentes de \u00e1gua e os tirantes \u00e9 crucial - eles precisam trabalhar juntos sem problemas. Enquanto os tirantes mant\u00eam a posi\u00e7\u00e3o da f\u00f4rma, os limitadores de \u00e1gua garantem a impermeabilidade da junta. Fazer essa combina\u00e7\u00e3o corretamente evita a infiltra\u00e7\u00e3o de \u00e1gua e reparos futuros dispendiosos. Depois que o concreto endurece, os trabalhadores removem os tirantes e as porcas borboleta, deixando para tr\u00e1s as juntas devidamente impermeabilizadas.<\/p>\n<h2 class=\"font-600 text-xl font-bold\">A import\u00e2ncia das porcas borboleta na constru\u00e7\u00e3o de f\u00f4rmas<\/h2>\n<p class=\"whitespace-pre-wrap break-words\">As porcas de orelhas podem parecer simples, mas s\u00e3o essenciais para o ajuste fino da instala\u00e7\u00e3o da f\u00f4rma. Seu design permite que os trabalhadores ajustem a tens\u00e3o do tirante manualmente, facilitando a manuten\u00e7\u00e3o do alinhamento adequado do painel durante a concretagem. Esse controle preciso ajuda a evitar o movimento do painel que poderia comprometer a estrutura final.<\/p>\n<p class=\"whitespace-pre-wrap break-words\">Esses componentes tamb\u00e9m desempenham um papel fundamental na efic\u00e1cia dos registros de \u00e1gua. Quando os tirantes s\u00e3o tensionados adequadamente com as porcas borboleta, eles mant\u00eam os pain\u00e9is de f\u00f4rma e os limitadores de \u00e1gua exatamente onde precisam estar. Sem o ajuste adequado da porca borboleta, o movimento durante o vazamento pode criar lacunas que permitem a penetra\u00e7\u00e3o de \u00e1gua.<\/p>\n<h2 class=\"font-600 text-xl font-bold\">Benef\u00edcios dos Water Stops de f\u00f4rmas na impermeabiliza\u00e7\u00e3o do concreto<\/h2>\n<p class=\"whitespace-pre-wrap break-words\">Para estruturas que enfrentam exposi\u00e7\u00e3o constante \u00e0 umidade - como funda\u00e7\u00f5es e t\u00faneis subterr\u00e2neos - a impermeabiliza\u00e7\u00e3o adequada n\u00e3o \u00e9 negoci\u00e1vel. Os water stops oferecem v\u00e1rias vantagens importantes:<\/p>\n<p class=\"whitespace-pre-wrap break-words\">Prote\u00e7\u00e3o estrutural: Ao impedir a infiltra\u00e7\u00e3o de \u00e1gua nas juntas, os pontos de parada de \u00e1gua ajudam a evitar problemas comuns, como a corros\u00e3o do refor\u00e7o e a degrada\u00e7\u00e3o do concreto, que podem amea\u00e7ar a integridade estrutural.<\/p>\n<p class=\"whitespace-pre-wrap break-words\">Custo-benef\u00edcio: Embora o investimento inicial em barreiras de \u00e1gua de qualidade possa parecer significativo, ele \u00e9 muito mais barato do que lidar com reparos de danos causados pela \u00e1gua posteriormente. A impermeabiliza\u00e7\u00e3o correta durante a constru\u00e7\u00e3o elimina a necessidade de reparos dispendiosos no futuro.<\/p>\n<p class=\"whitespace-pre-wrap break-words\">Longevidade aprimorada: Estruturas com a instala\u00e7\u00e3o adequada de registros de \u00e1gua normalmente duram mais, especialmente em ambientes desafiadores com alta press\u00e3o de \u00e1gua ou condi\u00e7\u00f5es corrosivas.<\/p>\n<p class=\"whitespace-pre-wrap break-words\">Conformidade regulat\u00f3ria: Muitos c\u00f3digos de constru\u00e7\u00e3o obrigam o uso de registros de \u00e1gua, especialmente para infraestruturas cr\u00edticas. Us\u00e1-los ajuda a garantir que seu projeto atenda a todos os padr\u00f5es de seguran\u00e7a e confiabilidade necess\u00e1rios.<\/p>\n<p class=\"whitespace-pre-wrap break-words\">Responsabilidade ambiental: A impermeabiliza\u00e7\u00e3o eficaz protege n\u00e3o apenas a estrutura, mas tamb\u00e9m o ambiente ao redor de poss\u00edveis contamina\u00e7\u00f5es por vazamentos.<\/p>\n<h2 class=\"font-600 text-xl font-bold\">Por que nos escolher para suas necessidades de parada de \u00e1gua para f\u00f4rmas?<\/h2>\n<p class=\"whitespace-pre-wrap break-words\">Nossa empresa \u00e9 especializada em fornecer aos profissionais da constru\u00e7\u00e3o solu\u00e7\u00f5es de f\u00f4rmas de alta qualidade. Entendemos que cada projeto tem desafios \u00fanicos, e \u00e9 por isso que oferecemos suporte personalizado para ajud\u00e1-lo a selecionar os produtos certos.<\/p>\n<p class=\"whitespace-pre-wrap break-words\">N\u00f3s nos orgulhamos dos prazos de entrega r\u00e1pidos e da documenta\u00e7\u00e3o abrangente de inspe\u00e7\u00e3o de qualidade. Independentemente de voc\u00ea estar gerenciando um grande projeto de infraestrutura ou um empreendimento menor, nossa equipe oferece a experi\u00eancia e o suporte necess\u00e1rios durante todo o projeto.<\/p>\n<h2 class=\"font-600 text-xl font-bold\">Conclus\u00e3o<\/h2>\n<p class=\"whitespace-pre-wrap break-words\">O sucesso da constru\u00e7\u00e3o de concreto geralmente depende de acertar os detalhes, especialmente quando se trata de impermeabiliza\u00e7\u00e3o. O uso eficaz de batentes de \u00e1gua, juntamente com tirantes e porcas borboleta instalados corretamente, ajuda a garantir que suas estruturas permane\u00e7am estanques e dur\u00e1veis. Ao fazer parceria com um fornecedor confi\u00e1vel como n\u00f3s, voc\u00ea ter\u00e1 os produtos de qualidade e o suporte necess\u00e1rios para concluir seus projetos com sucesso.<\/p>","protected":false},"excerpt":{"rendered":"<p>Os produtos de bloqueio de \u00e1gua para f\u00f4rmas s\u00e3o essenciais para a cria\u00e7\u00e3o de barreiras \u00e0 prova d'\u00e1gua na constru\u00e7\u00e3o de concreto, evitando o vazamento de \u00e1gua atrav\u00e9s das juntas nas estruturas de concreto. Esses produtos s\u00e3o projetados para serem usados em conjunto com outros acess\u00f3rios de f\u00f4rmas, como tirantes e porcas de orelhas, para garantir um processo de constru\u00e7\u00e3o cont\u00ednuo e dur\u00e1vel. Como uma empresa comercial, oferecemos atendimento individualizado ao cliente, ciclos de entrega r\u00e1pidos e fornecemos v\u00e1rios relat\u00f3rios de inspe\u00e7\u00e3o de qualidade para garantir o mais alto padr\u00e3o para nossos clientes. Se precisar de orienta\u00e7\u00e3o sobre especifica\u00e7\u00f5es de produtos ou entrega pontual, temos o compromisso de atender \u00e0s suas necessidades com efici\u00eancia e confiabilidade.<\/p>","protected":false},"featured_media":8599,"comment_status":"open","ping_status":"closed","template":"","meta":{"site-sidebar-layout":"default","site-content-layout":"","ast-site-content-layout":"default","site-content-style":"default","site-sidebar-style":"default","ast-global-header-display":"","ast-banner-title-visibility":"","ast-main-header-display":"","ast-hfb-above-header-display":"","ast-hfb-below-header-display":"","ast-hfb-mobile-header-display":"","site-post-title":"","ast-breadcrumbs-content":"","ast-featured-img":"","footer-sml-layout":"","theme-transparent-header-meta":"default","adv-header-id-meta":"","stick-header-meta":"default","header-above-stick-meta":"","header-main-stick-meta":"","header-below-stick-meta":"","astra-migrate-meta-layouts":"set","ast-page-background-enabled":"default","ast-page-background-meta":{"desktop":{"background-color":"","background-image":"","background-repeat":"repeat","background-position":"center center","background-size":"auto","background-attachment":"scroll","background-type":"","background-media":"","overlay-type":"","overlay-color":"","overlay-opacity":"","overlay-gradient":""},"tablet":{"background-color":"","background-image":"","background-repeat":"repeat","background-position":"center center","background-size":"auto","background-attachment":"scroll","background-type":"","background-media":"","overlay-type":"","overlay-color":"","overlay-opacity":"","overlay-gradient":""},"mobile":{"background-color":"","background-image":"","background-repeat":"repeat","background-position":"center center","background-size":"auto","background-attachment":"scroll","background-type":"","background-media":"","overlay-type":"","overlay-color":"","overlay-opacity":"","overlay-gradient":""}},"ast-content-background-meta":{"desktop":{"background-color":"var(--ast-global-color-5)","background-image":"","background-repeat":"repeat","background-position":"center center","background-size":"auto","background-attachment":"scroll","background-type":"","background-media":"","overlay-type":"","overlay-color":"","overlay-opacity":"","overlay-gradient":""},"tablet":{"background-color":"var(--ast-global-color-5)","background-image":"","background-repeat":"repeat","background-position":"center center","background-size":"auto","background-attachment":"scroll","background-type":"","background-media":"","overlay-type":"","overlay-color":"","overlay-opacity":"","overlay-gradient":""},"mobile":{"background-color":"var(--ast-global-color-5)","background-image":"","background-repeat":"repeat","background-position":"center center","background-size":"auto","background-attachment":"scroll","background-type":"","background-media":"","overlay-type":"","overlay-color":"","overlay-opacity":"","overlay-gradient":""}}},"product_brand":[],"product_cat":[79],"product_tag":[],"class_list":{"0":"post-8601","1":"product","2":"type-product","3":"status-publish","4":"has-post-thumbnail","6":"product_cat-tie-rod-system","7":"desktop-align-left","8":"tablet-align-left","9":"mobile-align-left","10":"ast-product-gallery-layout-horizontal-slider","11":"ast-product-tabs-layout-horizontal","13":"first","14":"instock","15":"shipping-taxable","16":"purchasable","17":"product-type-simple"},"yoast_head":"<!-- This site is optimized with the Yoast SEO plugin v25.2 - https:\/\/yoast.com\/wordpress\/plugins\/seo\/ -->\n<title>Formwork Water Stop<\/title>\n<meta name=\"description\" content=\"Formwork water stop products are essential for creating waterproof barriers in concrete construction, preventing water leakage through joints in concrete structures.\" \/>\n<meta name=\"robots\" content=\"index, follow, max-snippet:-1, max-image-preview:large, max-video-preview:-1\" \/>\n<link rel=\"canonical\" href=\"https:\/\/qingdaohf.com\/pt\/produto\/parada-de-agua-da-forma\/\" \/>\n<meta property=\"og:locale\" content=\"pt_BR\" \/>\n<meta property=\"og:type\" content=\"article\" \/>\n<meta property=\"og:title\" content=\"Formwork Water Stop\" \/>\n<meta property=\"og:description\" content=\"Formwork water stop products are essential for creating waterproof barriers in concrete construction, preventing water leakage through joints in concrete structures.\" \/>\n<meta property=\"og:url\" content=\"https:\/\/qingdaohf.com\/pt\/produto\/parada-de-agua-da-forma\/\" \/>\n<meta property=\"og:site_name\" content=\"Concrete Form &amp; Rigging Hardware Supplier\" \/>\n<meta property=\"article:publisher\" content=\"https:\/\/www.facebook.com\/qingdaohf\" \/>\n<meta property=\"article:modified_time\" content=\"2025-11-13T01:02:22+00:00\" \/>\n<meta property=\"og:image\" content=\"https:\/\/qingdaohf.com\/wp-content\/uploads\/2024\/12\/tie-rod-water-stop-9.jpg\" \/>\n\t<meta property=\"og:image:width\" content=\"1000\" \/>\n\t<meta property=\"og:image:height\" content=\"1000\" \/>\n\t<meta property=\"og:image:type\" content=\"image\/jpeg\" \/>\n<meta name=\"twitter:card\" content=\"summary_large_image\" \/>\n<meta name=\"twitter:label1\" content=\"Est. tempo de leitura\" \/>\n\t<meta name=\"twitter:data1\" content=\"4 minutos\" \/>\n<script type=\"application\/ld+json\" class=\"yoast-schema-graph\">{\"@context\":\"https:\/\/schema.org\",\"@graph\":[{\"@type\":\"WebPage\",\"@id\":\"https:\/\/qingdaohf.com\/product\/formwork-water-stop\/\",\"url\":\"https:\/\/qingdaohf.com\/product\/formwork-water-stop\/\",\"name\":\"Formwork Water Stop\",\"isPartOf\":{\"@id\":\"https:\/\/qingdaohf.com\/bg\/#website\"},\"primaryImageOfPage\":{\"@id\":\"https:\/\/qingdaohf.com\/product\/formwork-water-stop\/#primaryimage\"},\"image\":{\"@id\":\"https:\/\/qingdaohf.com\/product\/formwork-water-stop\/#primaryimage\"},\"thumbnailUrl\":\"https:\/\/qingdaohf.com\/wp-content\/uploads\/2024\/12\/tie-rod-water-stop-9.jpg\",\"datePublished\":\"2024-12-27T09:18:28+00:00\",\"dateModified\":\"2025-11-13T01:02:22+00:00\",\"description\":\"Formwork water stop products are essential for creating waterproof barriers in concrete construction, preventing water leakage through joints in concrete structures.\",\"breadcrumb\":{\"@id\":\"https:\/\/qingdaohf.com\/product\/formwork-water-stop\/#breadcrumb\"},\"inLanguage\":\"pt-BR\",\"potentialAction\":[{\"@type\":\"ReadAction\",\"target\":[\"https:\/\/qingdaohf.com\/product\/formwork-water-stop\/\"]}]},{\"@type\":\"ImageObject\",\"inLanguage\":\"pt-BR\",\"@id\":\"https:\/\/qingdaohf.com\/product\/formwork-water-stop\/#primaryimage\",\"url\":\"https:\/\/qingdaohf.com\/wp-content\/uploads\/2024\/12\/tie-rod-water-stop-9.jpg\",\"contentUrl\":\"https:\/\/qingdaohf.com\/wp-content\/uploads\/2024\/12\/tie-rod-water-stop-9.jpg\",\"width\":1000,\"height\":1000},{\"@type\":\"BreadcrumbList\",\"@id\":\"https:\/\/qingdaohf.com\/product\/formwork-water-stop\/#breadcrumb\",\"itemListElement\":[{\"@type\":\"ListItem\",\"position\":1,\"name\":\"Home\",\"item\":\"https:\/\/qingdaohf.com\/\"},{\"@type\":\"ListItem\",\"position\":2,\"name\":\"Concrete Forming Accessories and Rigging Hardware\",\"item\":\"https:\/\/qingdaohf.com\/bg\/?page_id=944\"},{\"@type\":\"ListItem\",\"position\":3,\"name\":\"Formwork Water Stop\"}]},{\"@type\":\"WebSite\",\"@id\":\"https:\/\/qingdaohf.com\/bg\/#website\",\"url\":\"https:\/\/qingdaohf.com\/bg\/\",\"name\":\"Concrete Form & Rigging Hardware Supplier\",\"description\":\"\",\"publisher\":{\"@id\":\"https:\/\/qingdaohf.com\/bg\/#organization\"},\"potentialAction\":[{\"@type\":\"SearchAction\",\"target\":{\"@type\":\"EntryPoint\",\"urlTemplate\":\"https:\/\/qingdaohf.com\/bg\/?s={search_term_string}\"},\"query-input\":{\"@type\":\"PropertyValueSpecification\",\"valueRequired\":true,\"valueName\":\"search_term_string\"}}],\"inLanguage\":\"pt-BR\"},{\"@type\":\"Organization\",\"@id\":\"https:\/\/qingdaohf.com\/bg\/#organization\",\"name\":\"Qingdao H&F\",\"url\":\"https:\/\/qingdaohf.com\/bg\/\",\"logo\":{\"@type\":\"ImageObject\",\"inLanguage\":\"pt-BR\",\"@id\":\"https:\/\/qingdaohf.com\/bg\/#\/schema\/logo\/image\/\",\"url\":\"https:\/\/qingdaohf.com\/wp-content\/uploads\/2022\/12\/cropped-HF-LOGO.png\",\"contentUrl\":\"https:\/\/qingdaohf.com\/wp-content\/uploads\/2022\/12\/cropped-HF-LOGO.png\",\"width\":391,\"height\":249,\"caption\":\"Qingdao H&F\"},\"image\":{\"@id\":\"https:\/\/qingdaohf.com\/bg\/#\/schema\/logo\/image\/\"},\"sameAs\":[\"https:\/\/www.facebook.com\/qingdaohf\"]}]}<\/script>\n<!-- \/ Yoast SEO plugin. -->","yoast_head_json":{"title":"Formwork Water Stop","description":"Formwork water stop products are essential for creating waterproof barriers in concrete construction, preventing water leakage through joints in concrete structures.","robots":{"index":"index","follow":"follow","max-snippet":"max-snippet:-1","max-image-preview":"max-image-preview:large","max-video-preview":"max-video-preview:-1"},"canonical":"https:\/\/qingdaohf.com\/pt\/produto\/parada-de-agua-da-forma\/","og_locale":"pt_BR","og_type":"article","og_title":"Formwork Water Stop","og_description":"Formwork water stop products are essential for creating waterproof barriers in concrete construction, preventing water leakage through joints in concrete structures.","og_url":"https:\/\/qingdaohf.com\/pt\/produto\/parada-de-agua-da-forma\/","og_site_name":"Concrete Form &amp; Rigging Hardware Supplier","article_publisher":"https:\/\/www.facebook.com\/qingdaohf","article_modified_time":"2025-11-13T01:02:22+00:00","og_image":[{"width":1000,"height":1000,"url":"https:\/\/qingdaohf.com\/wp-content\/uploads\/2024\/12\/tie-rod-water-stop-9.jpg","type":"image\/jpeg"}],"twitter_card":"summary_large_image","twitter_misc":{"Est. tempo de leitura":"4 minutos"},"schema":{"@context":"https:\/\/schema.org","@graph":[{"@type":"WebPage","@id":"https:\/\/qingdaohf.com\/product\/formwork-water-stop\/","url":"https:\/\/qingdaohf.com\/product\/formwork-water-stop\/","name":"Formwork Water Stop","isPartOf":{"@id":"https:\/\/qingdaohf.com\/bg\/#website"},"primaryImageOfPage":{"@id":"https:\/\/qingdaohf.com\/product\/formwork-water-stop\/#primaryimage"},"image":{"@id":"https:\/\/qingdaohf.com\/product\/formwork-water-stop\/#primaryimage"},"thumbnailUrl":"https:\/\/qingdaohf.com\/wp-content\/uploads\/2024\/12\/tie-rod-water-stop-9.jpg","datePublished":"2024-12-27T09:18:28+00:00","dateModified":"2025-11-13T01:02:22+00:00","description":"Formwork water stop products are essential for creating waterproof barriers in concrete construction, preventing water leakage through joints in concrete structures.","breadcrumb":{"@id":"https:\/\/qingdaohf.com\/product\/formwork-water-stop\/#breadcrumb"},"inLanguage":"pt-BR","potentialAction":[{"@type":"ReadAction","target":["https:\/\/qingdaohf.com\/product\/formwork-water-stop\/"]}]},{"@type":"ImageObject","inLanguage":"pt-BR","@id":"https:\/\/qingdaohf.com\/product\/formwork-water-stop\/#primaryimage","url":"https:\/\/qingdaohf.com\/wp-content\/uploads\/2024\/12\/tie-rod-water-stop-9.jpg","contentUrl":"https:\/\/qingdaohf.com\/wp-content\/uploads\/2024\/12\/tie-rod-water-stop-9.jpg","width":1000,"height":1000},{"@type":"BreadcrumbList","@id":"https:\/\/qingdaohf.com\/product\/formwork-water-stop\/#breadcrumb","itemListElement":[{"@type":"ListItem","position":1,"name":"Home","item":"https:\/\/qingdaohf.com\/"},{"@type":"ListItem","position":2,"name":"Concrete Forming Accessories and Rigging Hardware","item":"https:\/\/qingdaohf.com\/bg\/?page_id=944"},{"@type":"ListItem","position":3,"name":"Formwork Water Stop"}]},{"@type":"WebSite","@id":"https:\/\/qingdaohf.com\/bg\/#website","url":"https:\/\/qingdaohf.com\/bg\/","name":"Concrete Form & Rigging Hardware Supplier","description":"","publisher":{"@id":"https:\/\/qingdaohf.com\/bg\/#organization"},"potentialAction":[{"@type":"SearchAction","target":{"@type":"EntryPoint","urlTemplate":"https:\/\/qingdaohf.com\/bg\/?s={search_term_string}"},"query-input":{"@type":"PropertyValueSpecification","valueRequired":true,"valueName":"search_term_string"}}],"inLanguage":"pt-BR"},{"@type":"Organization","@id":"https:\/\/qingdaohf.com\/bg\/#organization","name":"Qingdao H&F","url":"https:\/\/qingdaohf.com\/bg\/","logo":{"@type":"ImageObject","inLanguage":"pt-BR","@id":"https:\/\/qingdaohf.com\/bg\/#\/schema\/logo\/image\/","url":"https:\/\/qingdaohf.com\/wp-content\/uploads\/2022\/12\/cropped-HF-LOGO.png","contentUrl":"https:\/\/qingdaohf.com\/wp-content\/uploads\/2022\/12\/cropped-HF-LOGO.png","width":391,"height":249,"caption":"Qingdao H&F"},"image":{"@id":"https:\/\/qingdaohf.com\/bg\/#\/schema\/logo\/image\/"},"sameAs":["https:\/\/www.facebook.com\/qingdaohf"]}]}},"_links":{"self":[{"href":"https:\/\/qingdaohf.com\/pt\/wp-json\/wp\/v2\/product\/8601","targetHints":{"allow":["GET"]}}],"collection":[{"href":"https:\/\/qingdaohf.com\/pt\/wp-json\/wp\/v2\/product"}],"about":[{"href":"https:\/\/qingdaohf.com\/pt\/wp-json\/wp\/v2\/types\/product"}],"replies":[{"embeddable":true,"href":"https:\/\/qingdaohf.com\/pt\/wp-json\/wp\/v2\/comments?post=8601"}],"version-history":[{"count":1,"href":"https:\/\/qingdaohf.com\/pt\/wp-json\/wp\/v2\/product\/8601\/revisions"}],"predecessor-version":[{"id":8602,"href":"https:\/\/qingdaohf.com\/pt\/wp-json\/wp\/v2\/product\/8601\/revisions\/8602"}],"wp:featuredmedia":[{"embeddable":true,"href":"https:\/\/qingdaohf.com\/pt\/wp-json\/wp\/v2\/media\/8599"}],"wp:attachment":[{"href":"https:\/\/qingdaohf.com\/pt\/wp-json\/wp\/v2\/media?parent=8601"}],"wp:term":[{"taxonomy":"product_brand","embeddable":true,"href":"https:\/\/qingdaohf.com\/pt\/wp-json\/wp\/v2\/product_brand?post=8601"},{"taxonomy":"product_cat","embeddable":true,"href":"https:\/\/qingdaohf.com\/pt\/wp-json\/wp\/v2\/product_cat?post=8601"},{"taxonomy":"product_tag","embeddable":true,"href":"https:\/\/qingdaohf.com\/pt\/wp-json\/wp\/v2\/product_tag?post=8601"}],"curies":[{"name":"wp","href":"https:\/\/api.w.org\/{rel}","templated":true}]}}