{"id":8837,"date":"2025-01-18T10:11:43","date_gmt":"2025-01-18T02:11:43","guid":{"rendered":"http:\/\/qingdaohf.com\/?post_type=product&#038;p=8837"},"modified":"2025-11-13T09:02:20","modified_gmt":"2025-11-13T01:02:20","slug":"concrete-turnbuckle","status":"publish","type":"product","link":"https:\/\/qingdaohf.com\/pt\/produto\/esticador-de-concreto\/","title":{"rendered":"Esticador de concreto"},"content":{"rendered":"<h2 class=\"text-xl font-bold text-text-200 mt-1 -mb-0.5\">Entendendo os esticadores de concreto<\/h2>\n<p class=\"whitespace-pre-wrap break-words\">Quando se trata de projetos de constru\u00e7\u00e3o, os esticadores de concreto desempenham um papel crucial na manuten\u00e7\u00e3o da estabilidade e da precis\u00e3o. Esses componentes essenciais permitem que as empreiteiras ajustem a tens\u00e3o na f\u00f4rma, possibilitando um alinhamento preciso durante o lan\u00e7amento do concreto. Na H&amp;F, sabemos o quanto esses dispositivos aparentemente simples s\u00e3o importantes - eles podem ser decisivos para o sucesso de um projeto.<\/p>\n<p class=\"whitespace-pre-wrap break-words\">O setor de constru\u00e7\u00e3o usa principalmente duas variedades de esticadores de concreto: projetos de placa dobrada e de placa plana. Cada um tem seu pr\u00f3prio conjunto de vantagens, o que os torna adequados para diferentes tipos de projetos e aplica\u00e7\u00f5es.<\/p>\n<div class=\"ast-oembed-container\" style=\"height: 100%;\"><iframe title=\"Alinhador de formas de esticadores de concreto\" width=\"500\" height=\"281\" src=\"https:\/\/www.youtube.com\/embed\/1guP_DQRF1o?feature=oembed\" frameborder=\"0\" allow=\"accelerometer; autoplay; clipboard-write; encrypted-media; gyroscope; picture-in-picture; web-share\" referrerpolicy=\"strict-origin-when-cross-origin\" allowfullscreen><\/iframe><\/div>\n<h2 class=\"text-xl font-bold text-text-200 mt-1 -mb-0.5\">Esticadores de placa dobrada<\/h2>\n<p><img fetchpriority=\"high\" decoding=\"async\" class=\"alignnone size-medium wp-image-8806\" src=\"http:\/\/qingdaohf.com\/wp-content\/uploads\/2025\/01\/bent-plate-turnbuckle-9-300x300.jpg\" alt=\"esticador de placa dobrada\" width=\"300\" height=\"300\" srcset=\"https:\/\/qingdaohf.com\/wp-content\/uploads\/2025\/01\/bent-plate-turnbuckle-9-300x300.jpg 300w, https:\/\/qingdaohf.com\/wp-content\/uploads\/2025\/01\/bent-plate-turnbuckle-9-150x150.jpg 150w, https:\/\/qingdaohf.com\/wp-content\/uploads\/2025\/01\/bent-plate-turnbuckle-9-768x768.jpg 768w, https:\/\/qingdaohf.com\/wp-content\/uploads\/2025\/01\/bent-plate-turnbuckle-9-12x12.jpg 12w, https:\/\/qingdaohf.com\/wp-content\/uploads\/2025\/01\/bent-plate-turnbuckle-9-500x500.jpg 500w, https:\/\/qingdaohf.com\/wp-content\/uploads\/2025\/01\/bent-plate-turnbuckle-9-100x100.jpg 100w, https:\/\/qingdaohf.com\/wp-content\/uploads\/2025\/01\/bent-plate-turnbuckle-9.jpg 1000w\" sizes=\"(max-width: 300px) 100vw, 300px\" \/><\/p>\n<p class=\"whitespace-pre-wrap break-words\">Os esticadores de placa dobrada apresentam um design curvo diferenciado que lhes d\u00e1 uma vantagem em determinadas aplica\u00e7\u00f5es. Seu formato n\u00e3o \u00e9 apenas para exibi\u00e7\u00e3o - ele ajuda a distribuir a for\u00e7a de forma mais uniforme, tornando-os especialmente valiosos ao lidar com cargas vari\u00e1veis ou padr\u00f5es de tens\u00e3o incomuns. As equipes de constru\u00e7\u00e3o geralmente preferem esses modelos quando precisam fazer ajustes frequentes, pois normalmente s\u00e3o mais f\u00e1ceis de manusear e ajustar na hora.<\/p>\n<p class=\"whitespace-pre-wrap break-words\">Na H&amp;F, fabricamos nossos esticadores de chapa dobrada usando materiais de primeira linha, submetendo cada unidade a testes rigorosos. Cada esticador vem com relat\u00f3rios detalhados de qualidade, para que voc\u00ea saiba exatamente o que est\u00e1 recebendo.<\/p>\n<h2 class=\"text-xl font-bold text-text-200 mt-1 -mb-0.5\">Esticadores de placa plana<\/h2>\n<p><img decoding=\"async\" class=\"alignnone size-medium wp-image-8772\" src=\"http:\/\/qingdaohf.com\/wp-content\/uploads\/2025\/01\/flat-plate-turnbuckle-17-300x300.jpg\" alt=\"esticador de placa plana \" width=\"300\" height=\"300\" srcset=\"https:\/\/qingdaohf.com\/wp-content\/uploads\/2025\/01\/flat-plate-turnbuckle-17-300x300.jpg 300w, https:\/\/qingdaohf.com\/wp-content\/uploads\/2025\/01\/flat-plate-turnbuckle-17-150x150.jpg 150w, https:\/\/qingdaohf.com\/wp-content\/uploads\/2025\/01\/flat-plate-turnbuckle-17-768x768.jpg 768w, https:\/\/qingdaohf.com\/wp-content\/uploads\/2025\/01\/flat-plate-turnbuckle-17-12x12.jpg 12w, https:\/\/qingdaohf.com\/wp-content\/uploads\/2025\/01\/flat-plate-turnbuckle-17-500x500.jpg 500w, https:\/\/qingdaohf.com\/wp-content\/uploads\/2025\/01\/flat-plate-turnbuckle-17-100x100.jpg 100w, https:\/\/qingdaohf.com\/wp-content\/uploads\/2025\/01\/flat-plate-turnbuckle-17.jpg 1000w\" sizes=\"(max-width: 300px) 100vw, 300px\" \/><\/p>\n<p class=\"whitespace-pre-wrap break-words\">Se estiver procurando algo mais simples, os esticadores de placa plana podem ser sua melhor aposta. Seu design simples facilita a instala\u00e7\u00e3o e eles se integram perfeitamente \u00e0 maioria dos sistemas de f\u00f4rmas. Muitos empreiteiros escolhem esses modelos quando precisam de desempenho confi\u00e1vel sem gastar muito.<\/p>\n<p class=\"whitespace-pre-wrap break-words\">Nossos esticadores de placa plana s\u00e3o fabricados com a mesma aten\u00e7\u00e3o aos detalhes que seus primos de placa dobrada. Trabalhamos diretamente com nossos clientes para entender seus requisitos espec\u00edficos, garantindo que eles recebam exatamente o que seu projeto precisa.<\/p>\n<h2 class=\"text-xl font-bold text-text-200 mt-1 -mb-0.5\">Por que escolher a H&amp;F para seus esticadores de concreto?<\/h2>\n<p class=\"whitespace-pre-wrap break-words\">Escolher o fornecedor certo \u00e9 t\u00e3o importante quanto escolher o produto certo. Na H&amp;F, vamos al\u00e9m da simples venda de esticadores - constru\u00edmos parcerias. Nossa abordagem personalizada significa que voc\u00ea trabalhar\u00e1 com um representante dedicado que entende os desafios e os requisitos exclusivos do seu projeto.<\/p>\n<p class=\"whitespace-pre-wrap break-words\">Sabemos que os cronogramas de constru\u00e7\u00e3o s\u00e3o apertados, e \u00e9 por isso que simplificamos nosso processo de entrega para obter o que voc\u00ea precisa, quando voc\u00ea precisa. Atrasos custam dinheiro, e temos o compromisso de manter seu projeto nos trilhos.<\/p>\n<p class=\"whitespace-pre-wrap break-words\">A qualidade n\u00e3o \u00e9 apenas uma palavra da moda para n\u00f3s - ela est\u00e1 embutida em tudo o que fazemos. Cada tensor passa por testes abrangentes antes de sair de nossas instala\u00e7\u00f5es. Fornecemos documenta\u00e7\u00e3o de inspe\u00e7\u00e3o detalhada para que voc\u00ea possa verificar se cada produto atende ou excede os padr\u00f5es do setor.<\/p>\n<p class=\"whitespace-pre-wrap break-words\">Se voc\u00ea precisa de esticadores de chapa dobrada ou de chapa plana, oferecemos v\u00e1rios tamanhos e configura\u00e7\u00f5es para atender \u00e0 sua aplica\u00e7\u00e3o espec\u00edfica. Nossa equipe est\u00e1 sempre pronta para ajud\u00e1-lo a selecionar a op\u00e7\u00e3o certa ou desenvolver uma solu\u00e7\u00e3o personalizada para seus desafios exclusivos. Entendemos que n\u00e3o h\u00e1 dois projetos de constru\u00e7\u00e3o exatamente iguais e estamos aqui para fornecer esticadores que funcionem para sua situa\u00e7\u00e3o espec\u00edfica.<\/p>","protected":false},"excerpt":{"rendered":"<p>Os esticadores de concreto t\u00eam sido um dos pilares do setor de constru\u00e7\u00e3o h\u00e1 bastante tempo e garantem a precis\u00e3o no tensionamento e no alinhamento durante a moldagem. A maioria dos compradores desses esticadores considera os aspectos de durabilidade, facilidade de opera\u00e7\u00e3o e desempenho ideal. Na H&amp;F, atendemos a diversos projetos oferecendo diferentes produtos: variedades de chapas dobradas e chapas planas, com um servi\u00e7o de atendimento ao cliente individual garantido que permite a personaliza\u00e7\u00e3o em termos de produtos, ciclos de entrega r\u00e1pidos e relat\u00f3rios completos de inspe\u00e7\u00e3o de qualidade, o que d\u00e1 garantia no final.<\/p>","protected":false},"featured_media":9146,"comment_status":"open","ping_status":"closed","template":"","meta":{"site-sidebar-layout":"default","site-content-layout":"","ast-site-content-layout":"default","site-content-style":"default","site-sidebar-style":"default","ast-global-header-display":"","ast-banner-title-visibility":"","ast-main-header-display":"","ast-hfb-above-header-display":"","ast-hfb-below-header-display":"","ast-hfb-mobile-header-display":"","site-post-title":"","ast-breadcrumbs-content":"","ast-featured-img":"","footer-sml-layout":"","theme-transparent-header-meta":"default","adv-header-id-meta":"","stick-header-meta":"default","header-above-stick-meta":"","header-main-stick-meta":"","header-below-stick-meta":"","astra-migrate-meta-layouts":"set","ast-page-background-enabled":"default","ast-page-background-meta":{"desktop":{"background-color":"","background-image":"","background-repeat":"repeat","background-position":"center center","background-size":"auto","background-attachment":"scroll","background-type":"","background-media":"","overlay-type":"","overlay-color":"","overlay-opacity":"","overlay-gradient":""},"tablet":{"background-color":"","background-image":"","background-repeat":"repeat","background-position":"center center","background-size":"auto","background-attachment":"scroll","background-type":"","background-media":"","overlay-type":"","overlay-color":"","overlay-opacity":"","overlay-gradient":""},"mobile":{"background-color":"","background-image":"","background-repeat":"repeat","background-position":"center center","background-size":"auto","background-attachment":"scroll","background-type":"","background-media":"","overlay-type":"","overlay-color":"","overlay-opacity":"","overlay-gradient":""}},"ast-content-background-meta":{"desktop":{"background-color":"var(--ast-global-color-5)","background-image":"","background-repeat":"repeat","background-position":"center center","background-size":"auto","background-attachment":"scroll","background-type":"","background-media":"","overlay-type":"","overlay-color":"","overlay-opacity":"","overlay-gradient":""},"tablet":{"background-color":"var(--ast-global-color-5)","background-image":"","background-repeat":"repeat","background-position":"center center","background-size":"auto","background-attachment":"scroll","background-type":"","background-media":"","overlay-type":"","overlay-color":"","overlay-opacity":"","overlay-gradient":""},"mobile":{"background-color":"var(--ast-global-color-5)","background-image":"","background-repeat":"repeat","background-position":"center center","background-size":"auto","background-attachment":"scroll","background-type":"","background-media":"","overlay-type":"","overlay-color":"","overlay-opacity":"","overlay-gradient":""}}},"product_brand":[],"product_cat":[28],"product_tag":[],"class_list":{"0":"post-8837","1":"product","2":"type-product","3":"status-publish","4":"has-post-thumbnail","6":"product_cat-concrete-forming","7":"desktop-align-left","8":"tablet-align-left","9":"mobile-align-left","10":"ast-product-gallery-layout-horizontal-slider","11":"ast-product-tabs-layout-horizontal","13":"first","14":"instock","15":"shipping-taxable","16":"purchasable","17":"product-type-simple"},"yoast_head":"<!-- This site is optimized with the Yoast SEO plugin v25.2 - https:\/\/yoast.com\/wordpress\/plugins\/seo\/ -->\n<title>Concrete Turnbuckle<\/title>\n<meta name=\"description\" content=\"Concrete turnbuckles have been a mainstay in the construction industry for quite some time and ensure accuracy in tensioning and alignment during formwork.\" \/>\n<meta name=\"robots\" content=\"index, follow, max-snippet:-1, max-image-preview:large, max-video-preview:-1\" \/>\n<link rel=\"canonical\" href=\"https:\/\/qingdaohf.com\/pt\/produto\/esticador-de-concreto\/\" \/>\n<meta property=\"og:locale\" content=\"pt_BR\" \/>\n<meta property=\"og:type\" content=\"article\" \/>\n<meta property=\"og:title\" content=\"Concrete Turnbuckle\" \/>\n<meta property=\"og:description\" content=\"Concrete turnbuckles have been a mainstay in the construction industry for quite some time and ensure accuracy in tensioning and alignment during formwork.\" \/>\n<meta property=\"og:url\" content=\"https:\/\/qingdaohf.com\/pt\/produto\/esticador-de-concreto\/\" \/>\n<meta property=\"og:site_name\" content=\"Concrete Form &amp; Rigging Hardware Supplier\" \/>\n<meta property=\"article:publisher\" content=\"https:\/\/www.facebook.com\/qingdaohf\" \/>\n<meta property=\"article:modified_time\" content=\"2025-11-13T01:02:20+00:00\" \/>\n<meta property=\"og:image\" content=\"https:\/\/qingdaohf.com\/wp-content\/uploads\/2025\/01\/turnbuckle-form-aligner.jpg\" \/>\n\t<meta property=\"og:image:width\" content=\"1000\" \/>\n\t<meta property=\"og:image:height\" content=\"1000\" \/>\n\t<meta property=\"og:image:type\" content=\"image\/jpeg\" \/>\n<meta name=\"twitter:card\" content=\"summary_large_image\" \/>\n<meta name=\"twitter:label1\" content=\"Est. tempo de leitura\" \/>\n\t<meta name=\"twitter:data1\" content=\"3 minutos\" \/>\n<script type=\"application\/ld+json\" class=\"yoast-schema-graph\">{\"@context\":\"https:\/\/schema.org\",\"@graph\":[{\"@type\":\"WebPage\",\"@id\":\"https:\/\/qingdaohf.com\/product\/concrete-turnbuckle\/\",\"url\":\"https:\/\/qingdaohf.com\/product\/concrete-turnbuckle\/\",\"name\":\"Concrete Turnbuckle\",\"isPartOf\":{\"@id\":\"https:\/\/qingdaohf.com\/bg\/#website\"},\"primaryImageOfPage\":{\"@id\":\"https:\/\/qingdaohf.com\/product\/concrete-turnbuckle\/#primaryimage\"},\"image\":{\"@id\":\"https:\/\/qingdaohf.com\/product\/concrete-turnbuckle\/#primaryimage\"},\"thumbnailUrl\":\"https:\/\/qingdaohf.com\/wp-content\/uploads\/2025\/01\/turnbuckle-form-aligner.jpg\",\"datePublished\":\"2025-01-18T02:11:43+00:00\",\"dateModified\":\"2025-11-13T01:02:20+00:00\",\"description\":\"Concrete turnbuckles have been a mainstay in the construction industry for quite some time and ensure accuracy in tensioning and alignment during formwork.\",\"breadcrumb\":{\"@id\":\"https:\/\/qingdaohf.com\/product\/concrete-turnbuckle\/#breadcrumb\"},\"inLanguage\":\"pt-BR\",\"potentialAction\":[{\"@type\":\"ReadAction\",\"target\":[\"https:\/\/qingdaohf.com\/product\/concrete-turnbuckle\/\"]}]},{\"@type\":\"ImageObject\",\"inLanguage\":\"pt-BR\",\"@id\":\"https:\/\/qingdaohf.com\/product\/concrete-turnbuckle\/#primaryimage\",\"url\":\"https:\/\/qingdaohf.com\/wp-content\/uploads\/2025\/01\/turnbuckle-form-aligner.jpg\",\"contentUrl\":\"https:\/\/qingdaohf.com\/wp-content\/uploads\/2025\/01\/turnbuckle-form-aligner.jpg\",\"width\":1000,\"height\":1000,\"caption\":\"turnbuckle form aligner\"},{\"@type\":\"BreadcrumbList\",\"@id\":\"https:\/\/qingdaohf.com\/product\/concrete-turnbuckle\/#breadcrumb\",\"itemListElement\":[{\"@type\":\"ListItem\",\"position\":1,\"name\":\"Home\",\"item\":\"https:\/\/qingdaohf.com\/\"},{\"@type\":\"ListItem\",\"position\":2,\"name\":\"Concrete Forming Accessories and Rigging Hardware\",\"item\":\"https:\/\/qingdaohf.com\/bg\/?page_id=944\"},{\"@type\":\"ListItem\",\"position\":3,\"name\":\"Concrete Turnbuckle\"}]},{\"@type\":\"WebSite\",\"@id\":\"https:\/\/qingdaohf.com\/bg\/#website\",\"url\":\"https:\/\/qingdaohf.com\/bg\/\",\"name\":\"Concrete Form & Rigging Hardware Supplier\",\"description\":\"\",\"publisher\":{\"@id\":\"https:\/\/qingdaohf.com\/bg\/#organization\"},\"potentialAction\":[{\"@type\":\"SearchAction\",\"target\":{\"@type\":\"EntryPoint\",\"urlTemplate\":\"https:\/\/qingdaohf.com\/bg\/?s={search_term_string}\"},\"query-input\":{\"@type\":\"PropertyValueSpecification\",\"valueRequired\":true,\"valueName\":\"search_term_string\"}}],\"inLanguage\":\"pt-BR\"},{\"@type\":\"Organization\",\"@id\":\"https:\/\/qingdaohf.com\/bg\/#organization\",\"name\":\"Qingdao H&F\",\"url\":\"https:\/\/qingdaohf.com\/bg\/\",\"logo\":{\"@type\":\"ImageObject\",\"inLanguage\":\"pt-BR\",\"@id\":\"https:\/\/qingdaohf.com\/bg\/#\/schema\/logo\/image\/\",\"url\":\"https:\/\/qingdaohf.com\/wp-content\/uploads\/2022\/12\/cropped-HF-LOGO.png\",\"contentUrl\":\"https:\/\/qingdaohf.com\/wp-content\/uploads\/2022\/12\/cropped-HF-LOGO.png\",\"width\":391,\"height\":249,\"caption\":\"Qingdao H&F\"},\"image\":{\"@id\":\"https:\/\/qingdaohf.com\/bg\/#\/schema\/logo\/image\/\"},\"sameAs\":[\"https:\/\/www.facebook.com\/qingdaohf\"]}]}<\/script>\n<!-- \/ Yoast SEO plugin. -->","yoast_head_json":{"title":"Concrete Turnbuckle","description":"Concrete turnbuckles have been a mainstay in the construction industry for quite some time and ensure accuracy in tensioning and alignment during formwork.","robots":{"index":"index","follow":"follow","max-snippet":"max-snippet:-1","max-image-preview":"max-image-preview:large","max-video-preview":"max-video-preview:-1"},"canonical":"https:\/\/qingdaohf.com\/pt\/produto\/esticador-de-concreto\/","og_locale":"pt_BR","og_type":"article","og_title":"Concrete Turnbuckle","og_description":"Concrete turnbuckles have been a mainstay in the construction industry for quite some time and ensure accuracy in tensioning and alignment during formwork.","og_url":"https:\/\/qingdaohf.com\/pt\/produto\/esticador-de-concreto\/","og_site_name":"Concrete Form &amp; Rigging Hardware Supplier","article_publisher":"https:\/\/www.facebook.com\/qingdaohf","article_modified_time":"2025-11-13T01:02:20+00:00","og_image":[{"width":1000,"height":1000,"url":"https:\/\/qingdaohf.com\/wp-content\/uploads\/2025\/01\/turnbuckle-form-aligner.jpg","type":"image\/jpeg"}],"twitter_card":"summary_large_image","twitter_misc":{"Est. tempo de leitura":"3 minutos"},"schema":{"@context":"https:\/\/schema.org","@graph":[{"@type":"WebPage","@id":"https:\/\/qingdaohf.com\/product\/concrete-turnbuckle\/","url":"https:\/\/qingdaohf.com\/product\/concrete-turnbuckle\/","name":"Concrete Turnbuckle","isPartOf":{"@id":"https:\/\/qingdaohf.com\/bg\/#website"},"primaryImageOfPage":{"@id":"https:\/\/qingdaohf.com\/product\/concrete-turnbuckle\/#primaryimage"},"image":{"@id":"https:\/\/qingdaohf.com\/product\/concrete-turnbuckle\/#primaryimage"},"thumbnailUrl":"https:\/\/qingdaohf.com\/wp-content\/uploads\/2025\/01\/turnbuckle-form-aligner.jpg","datePublished":"2025-01-18T02:11:43+00:00","dateModified":"2025-11-13T01:02:20+00:00","description":"Concrete turnbuckles have been a mainstay in the construction industry for quite some time and ensure accuracy in tensioning and alignment during formwork.","breadcrumb":{"@id":"https:\/\/qingdaohf.com\/product\/concrete-turnbuckle\/#breadcrumb"},"inLanguage":"pt-BR","potentialAction":[{"@type":"ReadAction","target":["https:\/\/qingdaohf.com\/product\/concrete-turnbuckle\/"]}]},{"@type":"ImageObject","inLanguage":"pt-BR","@id":"https:\/\/qingdaohf.com\/product\/concrete-turnbuckle\/#primaryimage","url":"https:\/\/qingdaohf.com\/wp-content\/uploads\/2025\/01\/turnbuckle-form-aligner.jpg","contentUrl":"https:\/\/qingdaohf.com\/wp-content\/uploads\/2025\/01\/turnbuckle-form-aligner.jpg","width":1000,"height":1000,"caption":"turnbuckle form aligner"},{"@type":"BreadcrumbList","@id":"https:\/\/qingdaohf.com\/product\/concrete-turnbuckle\/#breadcrumb","itemListElement":[{"@type":"ListItem","position":1,"name":"Home","item":"https:\/\/qingdaohf.com\/"},{"@type":"ListItem","position":2,"name":"Concrete Forming Accessories and Rigging Hardware","item":"https:\/\/qingdaohf.com\/bg\/?page_id=944"},{"@type":"ListItem","position":3,"name":"Concrete Turnbuckle"}]},{"@type":"WebSite","@id":"https:\/\/qingdaohf.com\/bg\/#website","url":"https:\/\/qingdaohf.com\/bg\/","name":"Concrete Form & Rigging Hardware Supplier","description":"","publisher":{"@id":"https:\/\/qingdaohf.com\/bg\/#organization"},"potentialAction":[{"@type":"SearchAction","target":{"@type":"EntryPoint","urlTemplate":"https:\/\/qingdaohf.com\/bg\/?s={search_term_string}"},"query-input":{"@type":"PropertyValueSpecification","valueRequired":true,"valueName":"search_term_string"}}],"inLanguage":"pt-BR"},{"@type":"Organization","@id":"https:\/\/qingdaohf.com\/bg\/#organization","name":"Qingdao H&F","url":"https:\/\/qingdaohf.com\/bg\/","logo":{"@type":"ImageObject","inLanguage":"pt-BR","@id":"https:\/\/qingdaohf.com\/bg\/#\/schema\/logo\/image\/","url":"https:\/\/qingdaohf.com\/wp-content\/uploads\/2022\/12\/cropped-HF-LOGO.png","contentUrl":"https:\/\/qingdaohf.com\/wp-content\/uploads\/2022\/12\/cropped-HF-LOGO.png","width":391,"height":249,"caption":"Qingdao H&F"},"image":{"@id":"https:\/\/qingdaohf.com\/bg\/#\/schema\/logo\/image\/"},"sameAs":["https:\/\/www.facebook.com\/qingdaohf"]}]}},"_links":{"self":[{"href":"https:\/\/qingdaohf.com\/pt\/wp-json\/wp\/v2\/product\/8837","targetHints":{"allow":["GET"]}}],"collection":[{"href":"https:\/\/qingdaohf.com\/pt\/wp-json\/wp\/v2\/product"}],"about":[{"href":"https:\/\/qingdaohf.com\/pt\/wp-json\/wp\/v2\/types\/product"}],"replies":[{"embeddable":true,"href":"https:\/\/qingdaohf.com\/pt\/wp-json\/wp\/v2\/comments?post=8837"}],"version-history":[{"count":4,"href":"https:\/\/qingdaohf.com\/pt\/wp-json\/wp\/v2\/product\/8837\/revisions"}],"predecessor-version":[{"id":9147,"href":"https:\/\/qingdaohf.com\/pt\/wp-json\/wp\/v2\/product\/8837\/revisions\/9147"}],"wp:featuredmedia":[{"embeddable":true,"href":"https:\/\/qingdaohf.com\/pt\/wp-json\/wp\/v2\/media\/9146"}],"wp:attachment":[{"href":"https:\/\/qingdaohf.com\/pt\/wp-json\/wp\/v2\/media?parent=8837"}],"wp:term":[{"taxonomy":"product_brand","embeddable":true,"href":"https:\/\/qingdaohf.com\/pt\/wp-json\/wp\/v2\/product_brand?post=8837"},{"taxonomy":"product_cat","embeddable":true,"href":"https:\/\/qingdaohf.com\/pt\/wp-json\/wp\/v2\/product_cat?post=8837"},{"taxonomy":"product_tag","embeddable":true,"href":"https:\/\/qingdaohf.com\/pt\/wp-json\/wp\/v2\/product_tag?post=8837"}],"curies":[{"name":"wp","href":"https:\/\/api.w.org\/{rel}","templated":true}]}}