{"id":3,"date":"2022-12-14T08:05:12","date_gmt":"2022-12-14T08:05:12","guid":{"rendered":"http:\/\/qingdaohf.com\/?page_id=3"},"modified":"2025-01-13T11:43:47","modified_gmt":"2025-01-13T03:43:47","slug":"privacy-policy","status":"publish","type":"page","link":"https:\/\/qingdaohf.com\/ro\/politica-de-confidentialitate\/","title":{"rendered":"Politica de confiden\u021bialitate"},"content":{"rendered":"<p>La Qingdao H&amp;F, ne angaj\u0103m s\u0103 v\u0103 respect\u0103m \u0219i s\u0103 v\u0103 protej\u0103m confiden\u021bialitatea. Aceast\u0103 politic\u0103 de confiden\u021bialitate prezint\u0103 modul \u00een care colect\u0103m, utiliz\u0103m \u0219i protej\u0103m informa\u021biile dvs. personale atunci c\u00e2nd vizita\u021bi site-ul nostru, <a href=\"https:\/\/qingdaohf.com\/ro\/\">qingdaohf.com<\/a>\u0219i modul \u00een care practicile noastre sunt conforme cu reglement\u0103rile aplicabile privind confiden\u021bialitatea.<\/p><h4 class=\"wp-block-heading\">Cine suntem<\/h4><p>Site-ul nostru web, <a href=\"https:\/\/qingdaohf.com\/ro\/\">qingdaohf.com<\/a>, este operat de Qingdao H&amp;F. Suntem un furnizor de top de solu\u021bii industriale \u0219i comerciale cu sediul \u00een Qingdao, Shandong, China. Ne pute\u021bi contacta la:<\/p><p><strong>Email:<\/strong> <a>info@qingdaohf.com<\/a><br><strong>Telefon:<\/strong> +86 17853296888<br><strong>Adresa:<\/strong> Camera 20-B, Huaren International Building, No. 2 Shandong Road, Shinan District, Qingdao City, provincia Shandong<\/p><h4 class=\"wp-block-heading\">Ce date cu caracter personal colect\u0103m \u0219i de ce<\/h4><p>Colect\u0103m urm\u0103toarele tipuri de date cu caracter personal:<\/p><ul class=\"wp-block-list\"><li><strong>Informa\u021bii personale:<\/strong> Furnizate \u00een mod voluntar prin intermediul formularelor de contact sau al cererilor de informa\u021bii, cum ar fi numele, adresa de e-mail, num\u0103rul de telefon \u0219i orice alte detalii pe care le furniza\u021bi.<\/li>\n\n<li><strong>Informa\u021bii tehnice:<\/strong> colectate automat prin intermediul modulelor cookie \u0219i al tehnologiilor similare, cum ar fi adresa dvs. IP, tipul de browser \u0219i paginile pe care le vizita\u021bi pe site-ul nostru.<\/li>\n\n<li><strong>Date tranzac\u021bionale:<\/strong> Pentru solicit\u0103rile de cump\u0103rare, acestea pot include detalii de facturare sau de expediere.<\/li>\n\n<li><strong>Date sensibile:<\/strong> Nu colect\u0103m \u00een mod inten\u021bionat date personale sensibile. \u00cen cazul \u00een care sunt transmise astfel de date, acestea sunt tratate cu maxim\u0103 securitate \u0219i confiden\u021bialitate.<\/li><\/ul><p><strong>De ce colect\u0103m datele:<\/strong><\/p><p>Colect\u0103m aceste date pentru a furniza \u0219i \u00eembun\u0103t\u0103\u021bi serviciile noastre, pentru a personaliza experien\u021ba utilizatorului, pentru a respecta obliga\u021biile legale \u0219i pentru a analiza performan\u021ba site-ului. Colectarea datelor se bazeaz\u0103 pe consim\u021b\u0103m\u00e2ntul activ al utilizatorului sau pe scopuri comerciale legitime.<\/p><h4 class=\"wp-block-heading\">Observa\u021bii<\/h4><p>Site-ul nostru web poate permite utilizatorilor s\u0103 lase comentarii. Atunci c\u00e2nd sunt trimise comentarii, colect\u0103m datele afi\u0219ate \u00een formularul de comentarii, precum \u0219i adresa IP a utilizatorului \u0219i \u0219irul agentului de utilizator al browserului pentru a ajuta la detectarea spam-ului.<\/p><h4 class=\"wp-block-heading\">Media<\/h4><p>Dac\u0103 utilizatorii \u00eencarc\u0103 imagini sau fi\u0219iere, acestea pot fi accesibile publicului. Utilizatorii sunt sf\u0103tui\u021bi s\u0103 nu \u00eencarce fi\u0219iere media care con\u021bin date de localizare \u00eencorporate (EXIF GPS).<\/p><h4 class=\"wp-block-heading\">Formulare de contact<\/h4><p>Atunci c\u00e2nd utilizatorii trimit formulare de contact, colect\u0103m datele furnizate \u00een scopuri de servicii pentru clien\u021bi. Aceste date sunt p\u0103strate timp de \u0219ase luni \u0219i nu sunt utilizate pentru marketing f\u0103r\u0103 consim\u021b\u0103m\u00e2nt explicit.<\/p><h4 class=\"wp-block-heading\">Cookie-uri<\/h4><p>Site-ul nostru utilizeaz\u0103 module cookie pentru a \u00eembun\u0103t\u0103\u021bi experien\u021ba utilizatorului. Cookie-urile pot include:<\/p><ul class=\"wp-block-list\"><li><strong>Cookie-uri de sesiune:<\/strong> Pentru a men\u021bine sesiunile utilizatorilor.<\/li>\n\n<li><strong>Cookie-uri de analiz\u0103:<\/strong> Pentru a analiza tendin\u021bele de utilizare a site-ului.<\/li>\n\n<li><strong>Cookie-uri de gestionare a consim\u021b\u0103m\u00e2ntului:<\/strong> Pentru a stoca preferin\u021bele dvs. de confiden\u021bialitate.<\/li><\/ul><p>Pute\u021bi ajusta set\u0103rile cookie prin intermediul browserului sau al instrumentului nostru de gestionare a consim\u021b\u0103m\u00e2ntului.<\/p><h4 class=\"wp-block-heading\">Analiz\u0103<\/h4><p>Utiliz\u0103m Google Analytics pentru a \u00een\u021belege comportamentul utilizatorilor \u0219i pentru a \u00eembun\u0103t\u0103\u021bi site-ul nostru web. Datele colectate sunt anonimizate \u0219i agregate. Utilizatorii pot renun\u021ba la urm\u0103rirea analitic\u0103 prin set\u0103rile browserului lor sau vizit\u00e2nd politica de confiden\u021bialitate a Google.<\/p><h4 class=\"wp-block-heading\">Cu cine \u00eemp\u0103rt\u0103\u0219im datele dumneavoastr\u0103<\/h4><p>\u00cemp\u0103rt\u0103\u0219im datele dvs. numai cu ter\u021bi de \u00eencredere atunci c\u00e2nd este necesar, cum ar fi:<\/p><ul class=\"wp-block-list\"><li>Furnizori de g\u0103zduire pentru operarea site-ului.<\/li>\n\n<li>Procesatori de pl\u0103\u021bi pentru servicii tranzac\u021bionale.<\/li>\n\n<li>Furnizori de servicii de analiz\u0103 pentru informa\u021bii privind performan\u021ba.<\/li><\/ul><p>To\u021bi furnizorii ter\u021bi ader\u0103 la standarde stricte de protec\u021bie a datelor. Link-urile c\u0103tre politicile lor de confiden\u021bialitate sunt disponibile la cerere.<\/p><h4 class=\"wp-block-heading\">C\u00e2t timp p\u0103str\u0103m datele dumneavoastr\u0103<\/h4><p>P\u0103str\u0103m datele dumneavoastr\u0103 \u00een func\u021bie de scopul acestora:<\/p><ul class=\"wp-block-list\"><li>Trimiterea de formulare de contact: 6 luni.<\/li>\n\n<li>Date analitice: 1 an.<\/li>\n\n<li>\u00cenregistr\u0103ri tranzac\u021bionale: 10 ani \u00een scopuri juridice \u0219i de audit.<\/li><\/ul><h4 class=\"wp-block-heading\">Drepturile dumneavoastr\u0103 cu privire la datele dumneavoastr\u0103<\/h4><p>Utilizatorii au dreptul la:<\/p><ul class=\"wp-block-list\"><li>S\u0103 \u00ee\u0219i acceseze \u0219i s\u0103 \u00ee\u0219i corecteze datele.<\/li>\n\n<li>Solicitarea \u0219tergerii datelor (cu excep\u021bia cazurilor \u00een care p\u0103strarea datelor este impus\u0103 de lege).<\/li>\n\n<li>S\u0103 v\u0103 opune\u021bi anumitor prelucr\u0103ri de date.<\/li>\n\n<li>Primi\u021bi date \u00eentr-un format portabil.<\/li><\/ul><p>Pentru a v\u0103 exercita aceste drepturi, v\u0103 rug\u0103m s\u0103 ne contacta\u021bi la adresa <a>info@qingdaohf.com<\/a>.<\/p><h4 class=\"wp-block-heading\">Unde sunt trimise datele dvs.<\/h4><p>Datele pot fi transferate \u00een afara Uniunii Europene. Astfel de transferuri respect\u0103 standardele europene de protec\u021bie a datelor prin mecanisme precum Privacy Shield sau acorduri contractuale.<\/p><h4 class=\"wp-block-heading\">Cum v\u0103 protej\u0103m datele<\/h4><p>Implement\u0103m m\u0103suri de securitate solide, inclusiv:<\/p><ul class=\"wp-block-list\"><li>Criptarea datelor sensibile.<\/li>\n\n<li>Audituri periodice ale sistemelor noastre.<\/li>\n\n<li>Formarea personalului cu privire la protec\u021bia datelor.<\/li><\/ul><h4 class=\"wp-block-heading\">Proceduri privind \u00eenc\u0103lcarea securit\u0103\u021bii datelor<\/h4><p>\u00cen cazul unei \u00eenc\u0103lc\u0103ri a securit\u0103\u021bii datelor, avem proceduri pentru:<\/p><ul class=\"wp-block-list\"><li>Raportare intern\u0103 imediat\u0103.<\/li>\n\n<li>Notificarea utilizatorilor afecta\u021bi.<\/li>\n\n<li>Coordonarea cu autorit\u0103\u021bile, acolo unde este necesar.<\/li><\/ul><h4 class=\"wp-block-heading\">Surse de date ter\u021be<\/h4><p>Este posibil s\u0103 primim date anonime de la agen\u021bii de publicitate sau de la furnizorii de analiz\u0103 pentru a \u00eembun\u0103t\u0103\u021bi serviciile. Aceste date nu sunt legate de persoane identificabile.<\/p><h4 class=\"wp-block-heading\">Automatizarea lu\u0103rii deciziilor<\/h4><p>Site-ul nostru nu utilizeaz\u0103 sisteme automatizate de luare a deciziilor sau de profilare care s\u0103 afecteze drepturile sau libert\u0103\u021bile utilizatorilor.<\/p><h4 class=\"wp-block-heading\">Cerin\u021be de reglementare privind divulgarea informa\u021biilor<\/h4><p>Qingdao H&amp;F ader\u0103 la toate legile aplicabile privind confiden\u021bialitatea \u0219i protec\u021bia datelor, inclusiv GDPR pentru utilizatorii europeni.<\/p><h4 class=\"wp-block-heading\">Informa\u021bii de contact<\/h4><p>Pentru probleme legate de confiden\u021bialitate, v\u0103 rug\u0103m s\u0103 contacta\u021bi:<\/p><p><strong>Email:<\/strong> <a>info@qingdaohf.com<\/a><br><strong>Telefon:<\/strong>+86 17853296888<br><strong>Adresa:<\/strong> Camera 20-B, Huaren International Building, No. 2 Shandong Road, Shinan District, Qingdao City, provincia Shandong<\/p><h4 class=\"wp-block-heading\">Actualiz\u0103ri ale politicilor<\/h4><p>Ne rezerv\u0103m dreptul de a actualiza aceast\u0103 Politic\u0103 de confiden\u021bialitate pentru a reflecta modific\u0103rile practicilor sau ale cerin\u021belor legale. Cea mai recent\u0103 versiune va fi \u00eentotdeauna disponibil\u0103 pe aceast\u0103 pagin\u0103.<\/p>","protected":false},"excerpt":{"rendered":"<p>At Qingdao H&amp;F, we are committed to respecting and protecting your privacy. This Privacy Policy outlines how we collect, use, and safeguard your personal information when you visit our website, qingdaohf.com, and how our practices comply with applicable privacy regulations. Who We Are Our website, qingdaohf.com, is operated by Qingdao H&amp;F. We are a leading [&hellip;]<\/p>","protected":false},"author":1,"featured_media":0,"parent":0,"menu_order":0,"comment_status":"closed","ping_status":"open","template":"","meta":{"site-sidebar-layout":"default","site-content-layout":"","ast-site-content-layout":"default","site-content-style":"default","site-sidebar-style":"default","ast-global-header-display":"","ast-banner-title-visibility":"","ast-main-header-display":"","ast-hfb-above-header-display":"","ast-hfb-below-header-display":"","ast-hfb-mobile-header-display":"","site-post-title":"","ast-breadcrumbs-content":"","ast-featured-img":"","footer-sml-layout":"","theme-transparent-header-meta":"","adv-header-id-meta":"","stick-header-meta":"","header-above-stick-meta":"","header-main-stick-meta":"","header-below-stick-meta":"","astra-migrate-meta-layouts":"set","ast-page-background-enabled":"default","ast-page-background-meta":{"desktop":{"background-color":"","background-image":"","background-repeat":"repeat","background-position":"center center","background-size":"auto","background-attachment":"scroll","background-type":"","background-media":"","overlay-type":"","overlay-color":"","overlay-opacity":"","overlay-gradient":""},"tablet":{"background-color":"","background-image":"","background-repeat":"repeat","background-position":"center center","background-size":"auto","background-attachment":"scroll","background-type":"","background-media":"","overlay-type":"","overlay-color":"","overlay-opacity":"","overlay-gradient":""},"mobile":{"background-color":"","background-image":"","background-repeat":"repeat","background-position":"center center","background-size":"auto","background-attachment":"scroll","background-type":"","background-media":"","overlay-type":"","overlay-color":"","overlay-opacity":"","overlay-gradient":""}},"ast-content-background-meta":{"desktop":{"background-color":"var(--ast-global-color-5)","background-image":"","background-repeat":"repeat","background-position":"center center","background-size":"auto","background-attachment":"scroll","background-type":"","background-media":"","overlay-type":"","overlay-color":"","overlay-opacity":"","overlay-gradient":""},"tablet":{"background-color":"var(--ast-global-color-5)","background-image":"","background-repeat":"repeat","background-position":"center center","background-size":"auto","background-attachment":"scroll","background-type":"","background-media":"","overlay-type":"","overlay-color":"","overlay-opacity":"","overlay-gradient":""},"mobile":{"background-color":"var(--ast-global-color-5)","background-image":"","background-repeat":"repeat","background-position":"center center","background-size":"auto","background-attachment":"scroll","background-type":"","background-media":"","overlay-type":"","overlay-color":"","overlay-opacity":"","overlay-gradient":""}},"footnotes":""},"class_list":["post-3","page","type-page","status-publish","hentry"],"yoast_head":"<!-- This site is optimized with the Yoast SEO plugin v25.2 - https:\/\/yoast.com\/wordpress\/plugins\/seo\/ -->\n<title>Privacy Policy<\/title>\n<meta name=\"description\" content=\"This Privacy Policy outlines how we collect, use, and safeguard your personal information when you visit our website\" \/>\n<meta name=\"robots\" content=\"index, follow, max-snippet:-1, max-image-preview:large, max-video-preview:-1\" \/>\n<link rel=\"canonical\" href=\"https:\/\/qingdaohf.com\/ro\/informativa-sulla-privacy\/\" \/>\n<meta property=\"og:locale\" content=\"ro_RO\" \/>\n<meta property=\"og:type\" content=\"article\" \/>\n<meta property=\"og:title\" content=\"Privacy Policy\" \/>\n<meta property=\"og:description\" content=\"This Privacy Policy outlines how we collect, use, and safeguard your personal information when you visit our website\" \/>\n<meta property=\"og:url\" content=\"https:\/\/qingdaohf.com\/ro\/informativa-sulla-privacy\/\" \/>\n<meta property=\"og:site_name\" content=\"Concrete Form &amp; Rigging Hardware Supplier\" \/>\n<meta property=\"article:publisher\" content=\"https:\/\/www.facebook.com\/qingdaohf\" \/>\n<meta property=\"article:modified_time\" content=\"2025-01-13T03:43:47+00:00\" \/>\n<meta name=\"twitter:card\" content=\"summary_large_image\" \/>\n<meta name=\"twitter:label1\" content=\"Timp estimat pentru citire\" \/>\n\t<meta name=\"twitter:data1\" content=\"4 minute\" \/>\n<script type=\"application\/ld+json\" class=\"yoast-schema-graph\">{\"@context\":\"https:\/\/schema.org\",\"@graph\":[{\"@type\":\"WebPage\",\"@id\":\"https:\/\/qingdaohf.com\/it\/informativa-sulla-privacy\/\",\"url\":\"https:\/\/qingdaohf.com\/it\/informativa-sulla-privacy\/\",\"name\":\"Privacy Policy\",\"isPartOf\":{\"@id\":\"https:\/\/qingdaohf.com\/bg\/#website\"},\"datePublished\":\"2022-12-14T08:05:12+00:00\",\"dateModified\":\"2025-01-13T03:43:47+00:00\",\"description\":\"This Privacy Policy outlines how we collect, use, and safeguard your personal information when you visit our website\",\"breadcrumb\":{\"@id\":\"https:\/\/qingdaohf.com\/it\/informativa-sulla-privacy\/#breadcrumb\"},\"inLanguage\":\"ro-RO\",\"potentialAction\":[{\"@type\":\"ReadAction\",\"target\":[\"https:\/\/qingdaohf.com\/it\/informativa-sulla-privacy\/\"]}]},{\"@type\":\"BreadcrumbList\",\"@id\":\"https:\/\/qingdaohf.com\/it\/informativa-sulla-privacy\/#breadcrumb\",\"itemListElement\":[{\"@type\":\"ListItem\",\"position\":1,\"name\":\"Home\",\"item\":\"https:\/\/qingdaohf.com\/\"},{\"@type\":\"ListItem\",\"position\":2,\"name\":\"Privacy Policy\"}]},{\"@type\":\"WebSite\",\"@id\":\"https:\/\/qingdaohf.com\/bg\/#website\",\"url\":\"https:\/\/qingdaohf.com\/bg\/\",\"name\":\"Concrete Form & Rigging Hardware Supplier\",\"description\":\"\",\"publisher\":{\"@id\":\"https:\/\/qingdaohf.com\/bg\/#organization\"},\"potentialAction\":[{\"@type\":\"SearchAction\",\"target\":{\"@type\":\"EntryPoint\",\"urlTemplate\":\"https:\/\/qingdaohf.com\/bg\/?s={search_term_string}\"},\"query-input\":{\"@type\":\"PropertyValueSpecification\",\"valueRequired\":true,\"valueName\":\"search_term_string\"}}],\"inLanguage\":\"ro-RO\"},{\"@type\":\"Organization\",\"@id\":\"https:\/\/qingdaohf.com\/bg\/#organization\",\"name\":\"Qingdao H&F\",\"url\":\"https:\/\/qingdaohf.com\/bg\/\",\"logo\":{\"@type\":\"ImageObject\",\"inLanguage\":\"ro-RO\",\"@id\":\"https:\/\/qingdaohf.com\/bg\/#\/schema\/logo\/image\/\",\"url\":\"https:\/\/qingdaohf.com\/wp-content\/uploads\/2022\/12\/cropped-HF-LOGO.png\",\"contentUrl\":\"https:\/\/qingdaohf.com\/wp-content\/uploads\/2022\/12\/cropped-HF-LOGO.png\",\"width\":391,\"height\":249,\"caption\":\"Qingdao H&F\"},\"image\":{\"@id\":\"https:\/\/qingdaohf.com\/bg\/#\/schema\/logo\/image\/\"},\"sameAs\":[\"https:\/\/www.facebook.com\/qingdaohf\"]}]}<\/script>\n<!-- \/ Yoast SEO plugin. -->","yoast_head_json":{"title":"Privacy Policy","description":"This Privacy Policy outlines how we collect, use, and safeguard your personal information when you visit our website","robots":{"index":"index","follow":"follow","max-snippet":"max-snippet:-1","max-image-preview":"max-image-preview:large","max-video-preview":"max-video-preview:-1"},"canonical":"https:\/\/qingdaohf.com\/ro\/informativa-sulla-privacy\/","og_locale":"ro_RO","og_type":"article","og_title":"Privacy Policy","og_description":"This Privacy Policy outlines how we collect, use, and safeguard your personal information when you visit our website","og_url":"https:\/\/qingdaohf.com\/ro\/informativa-sulla-privacy\/","og_site_name":"Concrete Form &amp; Rigging Hardware Supplier","article_publisher":"https:\/\/www.facebook.com\/qingdaohf","article_modified_time":"2025-01-13T03:43:47+00:00","twitter_card":"summary_large_image","twitter_misc":{"Timp estimat pentru citire":"4 minute"},"schema":{"@context":"https:\/\/schema.org","@graph":[{"@type":"WebPage","@id":"https:\/\/qingdaohf.com\/it\/informativa-sulla-privacy\/","url":"https:\/\/qingdaohf.com\/it\/informativa-sulla-privacy\/","name":"Privacy Policy","isPartOf":{"@id":"https:\/\/qingdaohf.com\/bg\/#website"},"datePublished":"2022-12-14T08:05:12+00:00","dateModified":"2025-01-13T03:43:47+00:00","description":"This Privacy Policy outlines how we collect, use, and safeguard your personal information when you visit our website","breadcrumb":{"@id":"https:\/\/qingdaohf.com\/it\/informativa-sulla-privacy\/#breadcrumb"},"inLanguage":"ro-RO","potentialAction":[{"@type":"ReadAction","target":["https:\/\/qingdaohf.com\/it\/informativa-sulla-privacy\/"]}]},{"@type":"BreadcrumbList","@id":"https:\/\/qingdaohf.com\/it\/informativa-sulla-privacy\/#breadcrumb","itemListElement":[{"@type":"ListItem","position":1,"name":"Home","item":"https:\/\/qingdaohf.com\/"},{"@type":"ListItem","position":2,"name":"Privacy Policy"}]},{"@type":"WebSite","@id":"https:\/\/qingdaohf.com\/bg\/#website","url":"https:\/\/qingdaohf.com\/bg\/","name":"Concrete Form & Rigging Hardware Supplier","description":"","publisher":{"@id":"https:\/\/qingdaohf.com\/bg\/#organization"},"potentialAction":[{"@type":"SearchAction","target":{"@type":"EntryPoint","urlTemplate":"https:\/\/qingdaohf.com\/bg\/?s={search_term_string}"},"query-input":{"@type":"PropertyValueSpecification","valueRequired":true,"valueName":"search_term_string"}}],"inLanguage":"ro-RO"},{"@type":"Organization","@id":"https:\/\/qingdaohf.com\/bg\/#organization","name":"Qingdao H&F","url":"https:\/\/qingdaohf.com\/bg\/","logo":{"@type":"ImageObject","inLanguage":"ro-RO","@id":"https:\/\/qingdaohf.com\/bg\/#\/schema\/logo\/image\/","url":"https:\/\/qingdaohf.com\/wp-content\/uploads\/2022\/12\/cropped-HF-LOGO.png","contentUrl":"https:\/\/qingdaohf.com\/wp-content\/uploads\/2022\/12\/cropped-HF-LOGO.png","width":391,"height":249,"caption":"Qingdao H&F"},"image":{"@id":"https:\/\/qingdaohf.com\/bg\/#\/schema\/logo\/image\/"},"sameAs":["https:\/\/www.facebook.com\/qingdaohf"]}]}},"_links":{"self":[{"href":"https:\/\/qingdaohf.com\/ro\/wp-json\/wp\/v2\/pages\/3","targetHints":{"allow":["GET"]}}],"collection":[{"href":"https:\/\/qingdaohf.com\/ro\/wp-json\/wp\/v2\/pages"}],"about":[{"href":"https:\/\/qingdaohf.com\/ro\/wp-json\/wp\/v2\/types\/page"}],"author":[{"embeddable":true,"href":"https:\/\/qingdaohf.com\/ro\/wp-json\/wp\/v2\/users\/1"}],"replies":[{"embeddable":true,"href":"https:\/\/qingdaohf.com\/ro\/wp-json\/wp\/v2\/comments?post=3"}],"version-history":[{"count":5,"href":"https:\/\/qingdaohf.com\/ro\/wp-json\/wp\/v2\/pages\/3\/revisions"}],"predecessor-version":[{"id":8720,"href":"https:\/\/qingdaohf.com\/ro\/wp-json\/wp\/v2\/pages\/3\/revisions\/8720"}],"wp:attachment":[{"href":"https:\/\/qingdaohf.com\/ro\/wp-json\/wp\/v2\/media?parent=3"}],"curies":[{"name":"wp","href":"https:\/\/api.w.org\/{rel}","templated":true}]}}