{"id":1634,"date":"2023-01-11T15:47:11","date_gmt":"2023-01-11T07:47:11","guid":{"rendered":"http:\/\/qingdaohf.com\/?post_type=product&#038;p=1634"},"modified":"2025-11-13T09:06:58","modified_gmt":"2025-11-13T01:06:58","slug":"expanded-coil-ferrule-insert","status":"publish","type":"product","link":"https:\/\/qingdaohf.com\/ro\/produs\/bobina-expandata-insertie-ferula\/","title":{"rendered":"Inser\u021bie de inser\u021bie de ferul\u0103 cu bobin\u0103 expandat\u0103"},"content":{"rendered":"<p>Inser\u021bia de inser\u021bie a feroneriei cu bobin\u0103 expandat\u0103 este un tip de feronerie pentru beton utilizat\u0103 \u00een construc\u021bii pentru a oferi un punct de ancorare sigur \u0219i fiabil pentru diferite tipuri de echipamente, dispozitive \u0219i accesorii. Acesta const\u0103 dintr-un fir spiralat care este \u00eencorporat \u00een structura de beton \u00een timpul procesului de turnare, cre\u00e2nd un punct de ancorare puternic \u0219i durabil care poate rezista la sarcini grele \u0219i condi\u021bii extreme.<\/p>\n<p>Inser\u021bia de ferul\u0103 cu bobin\u0103 expandat\u0103 este de obicei fabricat\u0103 din o\u021bel de \u00eenalt\u0103 rezisten\u021b\u0103, rezistent la coroziune sau din o\u021bel inoxidabil \u0219i este conceput\u0103 pentru a oferi rezisten\u021b\u0103 \u0219i durabilitate maxim\u0103. Este utilizat \u00een mod obi\u0219nuit \u00een aplica\u021bii cum ar fi cofrajele de beton, pere\u021bii \u00eenclina\u021bi, panourile prefabricate, pun\u021bile de pod \u0219i alte componente structurale.<\/p>\n<p>Unul dintre avantajele cheie ale inser\u021biei de inser\u021bie de ferul\u0103 cu bobin\u0103 expandat\u0103 este designul s\u0103u unic, care \u00eei permite s\u0103 se extind\u0103 \u0219i s\u0103 prind\u0103 betonul din jur pe m\u0103sur\u0103 ce este instalat. Acest lucru creeaz\u0103 un punct de ancorare sigur \u0219i fiabil, care este mai pu\u021bin probabil s\u0103 se smulg\u0103 sau s\u0103 cedeze sub sarcini grele. \u00cen plus, designul s\u0103u cu profil redus \u00eel face o alegere ideal\u0103 pentru aplica\u021biile \u00een care spa\u021biul este limitat.<\/p>\n<div class=\"ast-oembed-container\" style=\"height: 100%;\"><iframe title=\"Slab Bolster Upper, Turnbuckles Forma de beton, Jahn A Bracket, o bucat\u0103 Waler Bracket, inser\u021bii Ferrule\" width=\"500\" height=\"281\" src=\"https:\/\/www.youtube.com\/embed\/5dO-Mhkmne0?feature=oembed\" frameborder=\"0\" allow=\"accelerometer; autoplay; clipboard-write; encrypted-media; gyroscope; picture-in-picture; web-share\" referrerpolicy=\"strict-origin-when-cross-origin\" allowfullscreen><\/iframe><\/div>\n<p>&nbsp;<\/p>\n<p><img fetchpriority=\"high\" decoding=\"async\" class=\"alignnone size-full wp-image-2734\" src=\"http:\/\/qingdaohf.com\/wp-content\/uploads\/2023\/01\/Expanded-Coil-Ferrule-Insert-8-1.jpg\" alt=\"Inser\u021bie de inser\u021bie de ferul\u0103 cu bobin\u0103 expandat\u0103\" width=\"1200\" height=\"424\" srcset=\"https:\/\/qingdaohf.com\/wp-content\/uploads\/2023\/01\/Expanded-Coil-Ferrule-Insert-8-1.jpg 1200w, https:\/\/qingdaohf.com\/wp-content\/uploads\/2023\/01\/Expanded-Coil-Ferrule-Insert-8-1-1000x353.jpg 1000w, https:\/\/qingdaohf.com\/wp-content\/uploads\/2023\/01\/Expanded-Coil-Ferrule-Insert-8-1-300x106.jpg 300w, https:\/\/qingdaohf.com\/wp-content\/uploads\/2023\/01\/Expanded-Coil-Ferrule-Insert-8-1-1024x362.jpg 1024w, https:\/\/qingdaohf.com\/wp-content\/uploads\/2023\/01\/Expanded-Coil-Ferrule-Insert-8-1-768x271.jpg 768w\" sizes=\"(max-width: 1200px) 100vw, 1200px\" \/> <img decoding=\"async\" class=\"alignnone size-full wp-image-2735\" src=\"http:\/\/qingdaohf.com\/wp-content\/uploads\/2023\/01\/Expanded-Coil-Ferrule-Insert-9.jpg\" alt=\"Inser\u021bie de inser\u021bie de ferul\u0103 cu bobin\u0103 expandat\u0103\" width=\"1200\" height=\"516\" srcset=\"https:\/\/qingdaohf.com\/wp-content\/uploads\/2023\/01\/Expanded-Coil-Ferrule-Insert-9.jpg 1200w, https:\/\/qingdaohf.com\/wp-content\/uploads\/2023\/01\/Expanded-Coil-Ferrule-Insert-9-1000x430.jpg 1000w, https:\/\/qingdaohf.com\/wp-content\/uploads\/2023\/01\/Expanded-Coil-Ferrule-Insert-9-300x129.jpg 300w, https:\/\/qingdaohf.com\/wp-content\/uploads\/2023\/01\/Expanded-Coil-Ferrule-Insert-9-1024x440.jpg 1024w, https:\/\/qingdaohf.com\/wp-content\/uploads\/2023\/01\/Expanded-Coil-Ferrule-Insert-9-768x330.jpg 768w\" sizes=\"(max-width: 1200px) 100vw, 1200px\" \/> <img decoding=\"async\" class=\"alignnone size-full wp-image-2736\" src=\"http:\/\/qingdaohf.com\/wp-content\/uploads\/2023\/01\/Expanded-Coil-Ferrule-Insert-7-1.jpg\" alt=\"Inser\u021bie de inser\u021bie de ferul\u0103 cu bobin\u0103 expandat\u0103\" width=\"1200\" height=\"372\" srcset=\"https:\/\/qingdaohf.com\/wp-content\/uploads\/2023\/01\/Expanded-Coil-Ferrule-Insert-7-1.jpg 1200w, https:\/\/qingdaohf.com\/wp-content\/uploads\/2023\/01\/Expanded-Coil-Ferrule-Insert-7-1-1000x310.jpg 1000w, https:\/\/qingdaohf.com\/wp-content\/uploads\/2023\/01\/Expanded-Coil-Ferrule-Insert-7-1-300x93.jpg 300w, https:\/\/qingdaohf.com\/wp-content\/uploads\/2023\/01\/Expanded-Coil-Ferrule-Insert-7-1-1024x317.jpg 1024w, https:\/\/qingdaohf.com\/wp-content\/uploads\/2023\/01\/Expanded-Coil-Ferrule-Insert-7-1-768x238.jpg 768w\" sizes=\"(max-width: 1200px) 100vw, 1200px\" \/><\/p>\n<p>&nbsp;<\/p>\n<p>&nbsp;<\/p>","protected":false},"excerpt":{"rendered":"<p>O inser\u021bie de ferul\u0103 cu bobin\u0103 expandat\u0103 este un tip de accesoriu utilizat \u00een sistemele de conducte care ajut\u0103 la conectarea a dou\u0103 conducte. Acesta const\u0103 \u00eentr-un tub metalic mic, conic, cu o serie de spirale sau crest\u0103turi la exterior. Serpentinele permit inser\u021biei s\u0103 prind\u0103 bine interiorul \u021bevii, cre\u00e2nd o etan\u0219are str\u00e2ns\u0103.<\/p>","protected":false},"featured_media":2737,"comment_status":"open","ping_status":"closed","template":"","meta":{"site-sidebar-layout":"default","site-content-layout":"default","ast-site-content-layout":"","site-content-style":"default","site-sidebar-style":"default","ast-global-header-display":"","ast-banner-title-visibility":"","ast-main-header-display":"","ast-hfb-above-header-display":"","ast-hfb-below-header-display":"","ast-hfb-mobile-header-display":"","site-post-title":"","ast-breadcrumbs-content":"","ast-featured-img":"","footer-sml-layout":"","theme-transparent-header-meta":"default","adv-header-id-meta":"","stick-header-meta":"default","header-above-stick-meta":"","header-main-stick-meta":"","header-below-stick-meta":"","astra-migrate-meta-layouts":"default","ast-page-background-enabled":"default","ast-page-background-meta":{"desktop":{"background-color":"","background-image":"","background-repeat":"repeat","background-position":"center center","background-size":"auto","background-attachment":"scroll","background-type":"","background-media":"","overlay-type":"","overlay-color":"","overlay-opacity":"","overlay-gradient":""},"tablet":{"background-color":"","background-image":"","background-repeat":"repeat","background-position":"center center","background-size":"auto","background-attachment":"scroll","background-type":"","background-media":"","overlay-type":"","overlay-color":"","overlay-opacity":"","overlay-gradient":""},"mobile":{"background-color":"","background-image":"","background-repeat":"repeat","background-position":"center center","background-size":"auto","background-attachment":"scroll","background-type":"","background-media":"","overlay-type":"","overlay-color":"","overlay-opacity":"","overlay-gradient":""}},"ast-content-background-meta":{"desktop":{"background-color":"var(--ast-global-color-5)","background-image":"","background-repeat":"repeat","background-position":"center center","background-size":"auto","background-attachment":"scroll","background-type":"","background-media":"","overlay-type":"","overlay-color":"","overlay-opacity":"","overlay-gradient":""},"tablet":{"background-color":"var(--ast-global-color-5)","background-image":"","background-repeat":"repeat","background-position":"center center","background-size":"auto","background-attachment":"scroll","background-type":"","background-media":"","overlay-type":"","overlay-color":"","overlay-opacity":"","overlay-gradient":""},"mobile":{"background-color":"var(--ast-global-color-5)","background-image":"","background-repeat":"repeat","background-position":"center center","background-size":"auto","background-attachment":"scroll","background-type":"","background-media":"","overlay-type":"","overlay-color":"","overlay-opacity":"","overlay-gradient":""}}},"product_brand":[],"product_cat":[28],"product_tag":[],"class_list":{"0":"post-1634","1":"product","2":"type-product","3":"status-publish","4":"has-post-thumbnail","6":"product_cat-concrete-forming","7":"desktop-align-left","8":"tablet-align-left","9":"mobile-align-left","10":"ast-product-gallery-layout-horizontal-slider","11":"ast-product-tabs-layout-horizontal","13":"first","14":"instock","15":"shipping-taxable","16":"purchasable","17":"product-type-simple"},"yoast_head":"<!-- This site is optimized with the Yoast SEO plugin v25.2 - https:\/\/yoast.com\/wordpress\/plugins\/seo\/ -->\n<title>Expanded Coil Ferrule Insert<\/title>\n<meta name=\"description\" content=\"The Expanded Coil Ferrule Insert is a high-strength, highly versatile insert available for numerous precast applications.\" \/>\n<meta name=\"robots\" content=\"index, follow, max-snippet:-1, max-image-preview:large, max-video-preview:-1\" \/>\n<link rel=\"canonical\" href=\"https:\/\/qingdaohf.com\/ro\/produs\/bobina-expandata-insertie-ferula\/\" \/>\n<meta property=\"og:locale\" content=\"ro_RO\" \/>\n<meta property=\"og:type\" content=\"article\" \/>\n<meta property=\"og:title\" content=\"Expanded Coil Ferrule Insert\" \/>\n<meta property=\"og:description\" content=\"The Expanded Coil Ferrule Insert is a high-strength, highly versatile insert available for numerous precast applications.\" \/>\n<meta property=\"og:url\" content=\"https:\/\/qingdaohf.com\/ro\/produs\/bobina-expandata-insertie-ferula\/\" \/>\n<meta property=\"og:site_name\" content=\"Concrete Form &amp; Rigging Hardware Supplier\" \/>\n<meta property=\"article:publisher\" content=\"https:\/\/www.facebook.com\/qingdaohf\" \/>\n<meta property=\"article:modified_time\" content=\"2025-11-13T01:06:58+00:00\" \/>\n<meta property=\"og:image\" content=\"https:\/\/qingdaohf.com\/wp-content\/uploads\/2023\/01\/Expanded-Coil-Ferrule-Insert-10.jpg\" \/>\n\t<meta property=\"og:image:width\" content=\"1000\" \/>\n\t<meta property=\"og:image:height\" content=\"1000\" \/>\n\t<meta property=\"og:image:type\" content=\"image\/jpeg\" \/>\n<meta name=\"twitter:card\" content=\"summary_large_image\" \/>\n<meta name=\"twitter:label1\" content=\"Timp estimat pentru citire\" \/>\n\t<meta name=\"twitter:data1\" content=\"1 minut\" \/>\n<script type=\"application\/ld+json\" class=\"yoast-schema-graph\">{\"@context\":\"https:\/\/schema.org\",\"@graph\":[{\"@type\":\"WebPage\",\"@id\":\"https:\/\/qingdaohf.com\/product\/expanded-coil-ferrule-insert\/\",\"url\":\"https:\/\/qingdaohf.com\/product\/expanded-coil-ferrule-insert\/\",\"name\":\"Expanded Coil Ferrule Insert\",\"isPartOf\":{\"@id\":\"https:\/\/qingdaohf.com\/bg\/#website\"},\"primaryImageOfPage\":{\"@id\":\"https:\/\/qingdaohf.com\/product\/expanded-coil-ferrule-insert\/#primaryimage\"},\"image\":{\"@id\":\"https:\/\/qingdaohf.com\/product\/expanded-coil-ferrule-insert\/#primaryimage\"},\"thumbnailUrl\":\"https:\/\/qingdaohf.com\/wp-content\/uploads\/2023\/01\/Expanded-Coil-Ferrule-Insert-10.jpg\",\"datePublished\":\"2023-01-11T07:47:11+00:00\",\"dateModified\":\"2025-11-13T01:06:58+00:00\",\"description\":\"The Expanded Coil Ferrule Insert is a high-strength, highly versatile insert available for numerous precast applications.\",\"breadcrumb\":{\"@id\":\"https:\/\/qingdaohf.com\/product\/expanded-coil-ferrule-insert\/#breadcrumb\"},\"inLanguage\":\"ro-RO\",\"potentialAction\":[{\"@type\":\"ReadAction\",\"target\":[\"https:\/\/qingdaohf.com\/product\/expanded-coil-ferrule-insert\/\"]}]},{\"@type\":\"ImageObject\",\"inLanguage\":\"ro-RO\",\"@id\":\"https:\/\/qingdaohf.com\/product\/expanded-coil-ferrule-insert\/#primaryimage\",\"url\":\"https:\/\/qingdaohf.com\/wp-content\/uploads\/2023\/01\/Expanded-Coil-Ferrule-Insert-10.jpg\",\"contentUrl\":\"https:\/\/qingdaohf.com\/wp-content\/uploads\/2023\/01\/Expanded-Coil-Ferrule-Insert-10.jpg\",\"width\":1000,\"height\":1000,\"caption\":\"Expanded Coil Ferrule Insert\"},{\"@type\":\"BreadcrumbList\",\"@id\":\"https:\/\/qingdaohf.com\/product\/expanded-coil-ferrule-insert\/#breadcrumb\",\"itemListElement\":[{\"@type\":\"ListItem\",\"position\":1,\"name\":\"Home\",\"item\":\"https:\/\/qingdaohf.com\/\"},{\"@type\":\"ListItem\",\"position\":2,\"name\":\"Concrete Forming Accessories and Rigging Hardware\",\"item\":\"https:\/\/qingdaohf.com\/bg\/?page_id=944\"},{\"@type\":\"ListItem\",\"position\":3,\"name\":\"Expanded Coil Ferrule Insert\"}]},{\"@type\":\"WebSite\",\"@id\":\"https:\/\/qingdaohf.com\/bg\/#website\",\"url\":\"https:\/\/qingdaohf.com\/bg\/\",\"name\":\"Concrete Form & Rigging Hardware Supplier\",\"description\":\"\",\"publisher\":{\"@id\":\"https:\/\/qingdaohf.com\/bg\/#organization\"},\"potentialAction\":[{\"@type\":\"SearchAction\",\"target\":{\"@type\":\"EntryPoint\",\"urlTemplate\":\"https:\/\/qingdaohf.com\/bg\/?s={search_term_string}\"},\"query-input\":{\"@type\":\"PropertyValueSpecification\",\"valueRequired\":true,\"valueName\":\"search_term_string\"}}],\"inLanguage\":\"ro-RO\"},{\"@type\":\"Organization\",\"@id\":\"https:\/\/qingdaohf.com\/bg\/#organization\",\"name\":\"Qingdao H&F\",\"url\":\"https:\/\/qingdaohf.com\/bg\/\",\"logo\":{\"@type\":\"ImageObject\",\"inLanguage\":\"ro-RO\",\"@id\":\"https:\/\/qingdaohf.com\/bg\/#\/schema\/logo\/image\/\",\"url\":\"https:\/\/qingdaohf.com\/wp-content\/uploads\/2022\/12\/cropped-HF-LOGO.png\",\"contentUrl\":\"https:\/\/qingdaohf.com\/wp-content\/uploads\/2022\/12\/cropped-HF-LOGO.png\",\"width\":391,\"height\":249,\"caption\":\"Qingdao H&F\"},\"image\":{\"@id\":\"https:\/\/qingdaohf.com\/bg\/#\/schema\/logo\/image\/\"},\"sameAs\":[\"https:\/\/www.facebook.com\/qingdaohf\"]}]}<\/script>\n<!-- \/ Yoast SEO plugin. -->","yoast_head_json":{"title":"Expanded Coil Ferrule Insert","description":"The Expanded Coil Ferrule Insert is a high-strength, highly versatile insert available for numerous precast applications.","robots":{"index":"index","follow":"follow","max-snippet":"max-snippet:-1","max-image-preview":"max-image-preview:large","max-video-preview":"max-video-preview:-1"},"canonical":"https:\/\/qingdaohf.com\/ro\/produs\/bobina-expandata-insertie-ferula\/","og_locale":"ro_RO","og_type":"article","og_title":"Expanded Coil Ferrule Insert","og_description":"The Expanded Coil Ferrule Insert is a high-strength, highly versatile insert available for numerous precast applications.","og_url":"https:\/\/qingdaohf.com\/ro\/produs\/bobina-expandata-insertie-ferula\/","og_site_name":"Concrete Form &amp; Rigging Hardware Supplier","article_publisher":"https:\/\/www.facebook.com\/qingdaohf","article_modified_time":"2025-11-13T01:06:58+00:00","og_image":[{"width":1000,"height":1000,"url":"https:\/\/qingdaohf.com\/wp-content\/uploads\/2023\/01\/Expanded-Coil-Ferrule-Insert-10.jpg","type":"image\/jpeg"}],"twitter_card":"summary_large_image","twitter_misc":{"Timp estimat pentru citire":"1 minut"},"schema":{"@context":"https:\/\/schema.org","@graph":[{"@type":"WebPage","@id":"https:\/\/qingdaohf.com\/product\/expanded-coil-ferrule-insert\/","url":"https:\/\/qingdaohf.com\/product\/expanded-coil-ferrule-insert\/","name":"Expanded Coil Ferrule Insert","isPartOf":{"@id":"https:\/\/qingdaohf.com\/bg\/#website"},"primaryImageOfPage":{"@id":"https:\/\/qingdaohf.com\/product\/expanded-coil-ferrule-insert\/#primaryimage"},"image":{"@id":"https:\/\/qingdaohf.com\/product\/expanded-coil-ferrule-insert\/#primaryimage"},"thumbnailUrl":"https:\/\/qingdaohf.com\/wp-content\/uploads\/2023\/01\/Expanded-Coil-Ferrule-Insert-10.jpg","datePublished":"2023-01-11T07:47:11+00:00","dateModified":"2025-11-13T01:06:58+00:00","description":"The Expanded Coil Ferrule Insert is a high-strength, highly versatile insert available for numerous precast applications.","breadcrumb":{"@id":"https:\/\/qingdaohf.com\/product\/expanded-coil-ferrule-insert\/#breadcrumb"},"inLanguage":"ro-RO","potentialAction":[{"@type":"ReadAction","target":["https:\/\/qingdaohf.com\/product\/expanded-coil-ferrule-insert\/"]}]},{"@type":"ImageObject","inLanguage":"ro-RO","@id":"https:\/\/qingdaohf.com\/product\/expanded-coil-ferrule-insert\/#primaryimage","url":"https:\/\/qingdaohf.com\/wp-content\/uploads\/2023\/01\/Expanded-Coil-Ferrule-Insert-10.jpg","contentUrl":"https:\/\/qingdaohf.com\/wp-content\/uploads\/2023\/01\/Expanded-Coil-Ferrule-Insert-10.jpg","width":1000,"height":1000,"caption":"Expanded Coil Ferrule Insert"},{"@type":"BreadcrumbList","@id":"https:\/\/qingdaohf.com\/product\/expanded-coil-ferrule-insert\/#breadcrumb","itemListElement":[{"@type":"ListItem","position":1,"name":"Home","item":"https:\/\/qingdaohf.com\/"},{"@type":"ListItem","position":2,"name":"Concrete Forming Accessories and Rigging Hardware","item":"https:\/\/qingdaohf.com\/bg\/?page_id=944"},{"@type":"ListItem","position":3,"name":"Expanded Coil Ferrule Insert"}]},{"@type":"WebSite","@id":"https:\/\/qingdaohf.com\/bg\/#website","url":"https:\/\/qingdaohf.com\/bg\/","name":"Concrete Form & Rigging Hardware Supplier","description":"","publisher":{"@id":"https:\/\/qingdaohf.com\/bg\/#organization"},"potentialAction":[{"@type":"SearchAction","target":{"@type":"EntryPoint","urlTemplate":"https:\/\/qingdaohf.com\/bg\/?s={search_term_string}"},"query-input":{"@type":"PropertyValueSpecification","valueRequired":true,"valueName":"search_term_string"}}],"inLanguage":"ro-RO"},{"@type":"Organization","@id":"https:\/\/qingdaohf.com\/bg\/#organization","name":"Qingdao H&F","url":"https:\/\/qingdaohf.com\/bg\/","logo":{"@type":"ImageObject","inLanguage":"ro-RO","@id":"https:\/\/qingdaohf.com\/bg\/#\/schema\/logo\/image\/","url":"https:\/\/qingdaohf.com\/wp-content\/uploads\/2022\/12\/cropped-HF-LOGO.png","contentUrl":"https:\/\/qingdaohf.com\/wp-content\/uploads\/2022\/12\/cropped-HF-LOGO.png","width":391,"height":249,"caption":"Qingdao H&F"},"image":{"@id":"https:\/\/qingdaohf.com\/bg\/#\/schema\/logo\/image\/"},"sameAs":["https:\/\/www.facebook.com\/qingdaohf"]}]}},"_links":{"self":[{"href":"https:\/\/qingdaohf.com\/ro\/wp-json\/wp\/v2\/product\/1634","targetHints":{"allow":["GET"]}}],"collection":[{"href":"https:\/\/qingdaohf.com\/ro\/wp-json\/wp\/v2\/product"}],"about":[{"href":"https:\/\/qingdaohf.com\/ro\/wp-json\/wp\/v2\/types\/product"}],"replies":[{"embeddable":true,"href":"https:\/\/qingdaohf.com\/ro\/wp-json\/wp\/v2\/comments?post=1634"}],"version-history":[{"count":2,"href":"https:\/\/qingdaohf.com\/ro\/wp-json\/wp\/v2\/product\/1634\/revisions"}],"predecessor-version":[{"id":10472,"href":"https:\/\/qingdaohf.com\/ro\/wp-json\/wp\/v2\/product\/1634\/revisions\/10472"}],"wp:featuredmedia":[{"embeddable":true,"href":"https:\/\/qingdaohf.com\/ro\/wp-json\/wp\/v2\/media\/2737"}],"wp:attachment":[{"href":"https:\/\/qingdaohf.com\/ro\/wp-json\/wp\/v2\/media?parent=1634"}],"wp:term":[{"taxonomy":"product_brand","embeddable":true,"href":"https:\/\/qingdaohf.com\/ro\/wp-json\/wp\/v2\/product_brand?post=1634"},{"taxonomy":"product_cat","embeddable":true,"href":"https:\/\/qingdaohf.com\/ro\/wp-json\/wp\/v2\/product_cat?post=1634"},{"taxonomy":"product_tag","embeddable":true,"href":"https:\/\/qingdaohf.com\/ro\/wp-json\/wp\/v2\/product_tag?post=1634"}],"curies":[{"name":"wp","href":"https:\/\/api.w.org\/{rel}","templated":true}]}}