{"id":1729,"date":"2024-06-28T17:07:41","date_gmt":"2024-06-28T09:07:41","guid":{"rendered":"http:\/\/qingdaohf.com\/?post_type=product&#038;p=1729"},"modified":"2025-11-13T09:03:14","modified_gmt":"2025-11-13T01:03:14","slug":"turnbuckle-form-aligner","status":"publish","type":"product","link":"https:\/\/qingdaohf.com\/ro\/produs\/aliniator-de-forma-de-strung\/","title":{"rendered":"Forma de beton reglabil Brace Turnbuckle Form Aligner"},"content":{"rendered":"<h3>Introducere \u00een sistemul de aliniere a formei pentru strunguri<\/h3>\n<p>Turnbuckle Form Aligner este un instrument esen\u021bial \u00een industria construc\u021biilor, conceput pentru a asigura alinierea precis\u0103 a cofrajelor de beton. Acest produs este disponibil \u00een dou\u0103 variante principale: Plac\u0103 plat\u0103 \u0219i Plac\u0103 \u00eendoit\u0103. Fiecare variant\u0103 serve\u0219te unor scopuri specifice, satisf\u0103c\u00e2nd diverse nevoi de construc\u021bie. \u00cen\u021belegerea dimensiunilor \u0219i aplica\u021biilor comune ale Turnbuckle Form Aligner este esen\u021bial\u0103 pentru optimizarea utiliz\u0103rii sale \u00een proiectele de beton.<\/p>\n<div class=\"ast-oembed-container\" style=\"height: 100%;\"><iframe title=\"Alinierea formei de turnbuckle beton\" width=\"500\" height=\"281\" src=\"https:\/\/www.youtube.com\/embed\/1guP_DQRF1o?feature=oembed\" frameborder=\"0\" allow=\"accelerometer; autoplay; clipboard-write; encrypted-media; gyroscope; picture-in-picture; web-share\" referrerpolicy=\"strict-origin-when-cross-origin\" allowfullscreen><\/iframe><\/div>\n<h3>Dimensiuni comune ale formei Turnbuckle Aligner<\/h3>\n<p>Dispozitivele de aliniere a cofrajelor Turnbuckle sunt disponibile \u00eentr-o gam\u0103 de dimensiuni pentru a se potrivi diferitelor cerin\u021be de cofrare.<\/p>\n<p>The <strong>Plac\u0103 plat\u0103<\/strong> varianta este de obicei disponibil\u0103 \u00een lungimi cuprinse \u00eentre 24 \u0219i 72 de inci, oferind flexibilitate pentru diferite sc\u0103ri de proiect.<\/p>\n<p><img decoding=\"async\" class=\"alignnone size-full wp-image-5675\" src=\"http:\/\/qingdaohf.com\/wp-content\/uploads\/2023\/01\/turnbuckle-form-aligner-1.webp\" alt=\"Cataram\u0103 cu plac\u0103 plat\u0103\" width=\"345\" height=\"62\" srcset=\"https:\/\/qingdaohf.com\/wp-content\/uploads\/2023\/01\/turnbuckle-form-aligner-1.webp 345w, https:\/\/qingdaohf.com\/wp-content\/uploads\/2023\/01\/turnbuckle-form-aligner-1-300x54.webp 300w\" sizes=\"(max-width: 345px) 100vw, 345px\" \/><\/p>\n<p>The <strong>Plac\u0103 \u00eendoit\u0103<\/strong> varianta, conceput\u0103 pentru alinieri mai complexe, vine, de asemenea, \u00een dimensiuni similare, dar include unghiuri \u0219i curbe pentru a se potrivi proiectelor arhitecturale specifice. Aceste variante asigur\u0103 faptul c\u0103 profesioni\u0219tii din construc\u021bii pot g\u0103si aliniatorul potrivit pentru nevoile lor specifice, sporind eficien\u021ba \u0219i precizia muncii lor.<\/p>\n<p><img decoding=\"async\" class=\"alignnone size-full wp-image-5676\" src=\"http:\/\/qingdaohf.com\/wp-content\/uploads\/2023\/01\/turnbuckle-form-aligner-2.webp\" alt=\"Tensor cu plac\u0103 \u00eendoit\u0103\" width=\"347\" height=\"51\" srcset=\"https:\/\/qingdaohf.com\/wp-content\/uploads\/2023\/01\/turnbuckle-form-aligner-2.webp 347w, https:\/\/qingdaohf.com\/wp-content\/uploads\/2023\/01\/turnbuckle-form-aligner-2-300x44.webp 300w\" sizes=\"(max-width: 347px) 100vw, 347px\" \/><\/p>\n<h4>Aplicarea \u00een construc\u021bia de beton<\/h4>\n<p>Principala aplica\u021bie a Turnbuckle Form Aligner este \u00een construc\u021bia de beton, unde joac\u0103 un rol esen\u021bial \u00een alinierea \u0219i stabilizarea cofrajelor. Alinierea corect\u0103 este esen\u021bial\u0103 pentru asigurarea integrit\u0103\u021bii structurale a cofrajelor de beton, care la r\u00e2ndul s\u0103u afecteaz\u0103 calitatea \u0219i siguran\u021ba structurii finale. Dispozitivul de aliniere a cofrajelor Turnbuckle ajut\u0103 la men\u021binerea pozi\u021biei corecte a cofrajelor \u00een timpul turn\u0103rii \u0219i punerii \u00een oper\u0103 a betonului, prevenind deplas\u0103rile \u0219i asigur\u00e2ndu-se c\u0103 cofrajele p\u0103streaz\u0103 forma dorit\u0103. Aceast\u0103 precizie este deosebit de important\u0103 \u00een proiectele de mari dimensiuni, unde chiar \u0219i abaterile minore pot duce la probleme structurale semnificative.<\/p>\n<p>Utilizarea dispozitivelor de aliniere a cofrajelor Turnbuckle \u00een construc\u021bia de beton se extinde la diferite tipuri de proiecte, inclusiv cl\u0103diri comerciale, complexe reziden\u021biale \u0219i dezvolt\u0103ri de infrastructur\u0103. Prin asigurarea unei alinieri precise a cofrajelor, aceste instrumente contribuie la durabilitatea general\u0103 \u0219i la calitatea estetic\u0103 a construc\u021biei, ceea ce le face indispensabile \u00een industrie.<\/p>\n<p><img fetchpriority=\"high\" decoding=\"async\" class=\"alignnone size-full wp-image-6097\" src=\"http:\/\/qingdaohf.com\/wp-content\/uploads\/2023\/11\/turnbuckle-form-aligner.webp\" alt=\"aliniator de form\u0103 de strung\" width=\"1000\" height=\"1000\" srcset=\"https:\/\/qingdaohf.com\/wp-content\/uploads\/2023\/11\/turnbuckle-form-aligner.webp 1000w, https:\/\/qingdaohf.com\/wp-content\/uploads\/2023\/11\/turnbuckle-form-aligner-300x300.webp 300w, https:\/\/qingdaohf.com\/wp-content\/uploads\/2023\/11\/turnbuckle-form-aligner-150x150.webp 150w, https:\/\/qingdaohf.com\/wp-content\/uploads\/2023\/11\/turnbuckle-form-aligner-768x768.webp 768w, https:\/\/qingdaohf.com\/wp-content\/uploads\/2023\/11\/turnbuckle-form-aligner-500x500.webp 500w, https:\/\/qingdaohf.com\/wp-content\/uploads\/2023\/11\/turnbuckle-form-aligner-100x100.webp 100w\" sizes=\"(max-width: 1000px) 100vw, 1000px\" \/><\/p>\n<h3>Transport \u0219i ambalare<\/h3>\n<p>\u00cen calitate de companie comercial\u0103 B2B, \u00een\u021belegem importan\u021ba unui transport fiabil \u0219i a unui ambalaj sigur pentru unelte de construc\u021bii precum Turnbuckle Form Aligner. Produsele noastre sunt ambalate cu grij\u0103 pentru a preveni deteriorarea \u00een timpul transportului, asigur\u00e2ndu-ne c\u0103 acestea ajung \u00een stare perfect\u0103. Fiecare aliniator este \u00eenvelit \u00een materiale de protec\u021bie \u0219i plasat \u00een cutii rezistente, care sunt apoi sigilate \u0219i etichetate pentru o identificare u\u0219oar\u0103.<\/p>\n<p>Oferim diverse op\u021biuni de expediere pentru a r\u0103spunde nevoilor clien\u021bilor no\u0219tri, de la expedierea standard la sol p\u00e2n\u0103 la livrarea rapid\u0103. Echipa noastr\u0103 de logistic\u0103 lucreaz\u0103 \u00eendeaproape cu transportatori de \u00eencredere pentru a asigura livrarea eficient\u0103 \u0219i la timp, indiferent de destina\u021bie. Prin prioritizarea transportului sigur \u0219i prompt al produselor noastre, ne ajut\u0103m clien\u021bii s\u0103 \u00ee\u0219i men\u021bin\u0103 proiectele de construc\u021bie la termen.<\/p>\n<p><img loading=\"lazy\" decoding=\"async\" class=\"alignnone size-full wp-image-7540\" src=\"http:\/\/qingdaohf.com\/wp-content\/uploads\/2024\/06\/concrete-turnbuckle.webp\" alt=\"turnbuckle beton\" width=\"1707\" height=\"1280\" srcset=\"https:\/\/qingdaohf.com\/wp-content\/uploads\/2024\/06\/concrete-turnbuckle.webp 1707w, https:\/\/qingdaohf.com\/wp-content\/uploads\/2024\/06\/concrete-turnbuckle-300x225.webp 300w, https:\/\/qingdaohf.com\/wp-content\/uploads\/2024\/06\/concrete-turnbuckle-1024x768.webp 1024w, https:\/\/qingdaohf.com\/wp-content\/uploads\/2024\/06\/concrete-turnbuckle-768x576.webp 768w, https:\/\/qingdaohf.com\/wp-content\/uploads\/2024\/06\/concrete-turnbuckle-1536x1152.webp 1536w, https:\/\/qingdaohf.com\/wp-content\/uploads\/2024\/06\/concrete-turnbuckle-16x12.webp 16w, https:\/\/qingdaohf.com\/wp-content\/uploads\/2024\/06\/concrete-turnbuckle-1000x750.webp 1000w\" sizes=\"(max-width: 1707px) 100vw, 1707px\" \/><\/p>\n<h3>Concluzie<\/h3>\n<p>Dispozitivul de aliniere a cofrajelor Turnbuckle este un instrument esen\u021bial \u00een industria construc\u021biilor, disponibil at\u00e2t \u00een varianta cu pl\u0103ci plate, c\u00e2t \u0219i \u00een varianta cu pl\u0103ci \u00eendoite. Cu rolul s\u0103u crucial \u00een alinierea \u0219i stabilizarea cofrajelor de beton, acest instrument asigur\u0103 precizie \u0219i stabilitate \u00een diverse proiecte de construc\u021bii. Compania noastr\u0103 comercial\u0103 B2B ofer\u0103 o gam\u0103 larg\u0103 de dimensiuni pentru a satisface diverse nevoi, \u00eempreun\u0103 cu transport de \u00eencredere \u0219i ambalare sigur\u0103 pentru a sprijini opera\u021biunile dvs. de afaceri. Alege\u021bi dispozitivele noastre de aliniere a cofrajelor Turnbuckle pentru urm\u0103torul dvs. proiect \u0219i experimenta\u021bi beneficiile preciziei \u0219i eficien\u021bei sporite \u00een construc\u021biile din beton.<\/p>","protected":false},"excerpt":{"rendered":"<p>Sec\u021biunea de strungar a alinierului este prev\u0103zut\u0103 cu un fir de bobin\u0103 cu diametru de 1\u2033 cu autocur\u0103\u021bare pentru reglaje rapide. Lungimea total\u0103 a alignerului este de 35\u2033 minim \u0219i 39\u2033 maxim, oferind 4\u2033 de ajustare efectiv\u0103.<\/p>\n<p>Turnbuckle Form Aligner are o plac\u0103 de b\u0103tut cuie \u00eendoit\u0103, echipat\u0103 cu g\u0103uri de b\u0103tut cuie pentru b\u0103tut cuie pe forme \u0219i o gaur\u0103 de 15\/16\u2033 pentru a accepta \u021b\u0103ru\u0219i rotunzi din o\u021bel de 3\/4\u2033 sau 7\/8\u2033 atunci c\u00e2nd se utilizeaz\u0103 suportul de la sol \u00een sus.  Aligner poate fi utilizat \u00een mod repetat atunci c\u00e2nd este cur\u0103\u021bat de orice beton dup\u0103 utilizare. Sarcina de lucru sigur\u0103 a alinierelor este limitat\u0103 de metodele de cherestea, de batere \u00een cuie \u0219i\/sau de \u00een\u021bepare.<\/p>","protected":false},"featured_media":4401,"comment_status":"open","ping_status":"closed","template":"","meta":{"site-sidebar-layout":"default","site-content-layout":"default","ast-site-content-layout":"default","site-content-style":"default","site-sidebar-style":"default","ast-global-header-display":"","ast-banner-title-visibility":"","ast-main-header-display":"","ast-hfb-above-header-display":"","ast-hfb-below-header-display":"","ast-hfb-mobile-header-display":"","site-post-title":"","ast-breadcrumbs-content":"","ast-featured-img":"","footer-sml-layout":"","theme-transparent-header-meta":"default","adv-header-id-meta":"","stick-header-meta":"default","header-above-stick-meta":"","header-main-stick-meta":"","header-below-stick-meta":"","astra-migrate-meta-layouts":"set","ast-page-background-enabled":"default","ast-page-background-meta":{"desktop":{"background-color":"","background-image":"","background-repeat":"repeat","background-position":"center center","background-size":"auto","background-attachment":"scroll","background-type":"","background-media":"","overlay-type":"","overlay-color":"","overlay-opacity":"","overlay-gradient":""},"tablet":{"background-color":"","background-image":"","background-repeat":"repeat","background-position":"center center","background-size":"auto","background-attachment":"scroll","background-type":"","background-media":"","overlay-type":"","overlay-color":"","overlay-opacity":"","overlay-gradient":""},"mobile":{"background-color":"","background-image":"","background-repeat":"repeat","background-position":"center center","background-size":"auto","background-attachment":"scroll","background-type":"","background-media":"","overlay-type":"","overlay-color":"","overlay-opacity":"","overlay-gradient":""}},"ast-content-background-meta":{"desktop":{"background-color":"var(--ast-global-color-5)","background-image":"","background-repeat":"repeat","background-position":"center center","background-size":"auto","background-attachment":"scroll","background-type":"","background-media":"","overlay-type":"","overlay-color":"","overlay-opacity":"","overlay-gradient":""},"tablet":{"background-color":"var(--ast-global-color-5)","background-image":"","background-repeat":"repeat","background-position":"center center","background-size":"auto","background-attachment":"scroll","background-type":"","background-media":"","overlay-type":"","overlay-color":"","overlay-opacity":"","overlay-gradient":""},"mobile":{"background-color":"var(--ast-global-color-5)","background-image":"","background-repeat":"repeat","background-position":"center center","background-size":"auto","background-attachment":"scroll","background-type":"","background-media":"","overlay-type":"","overlay-color":"","overlay-opacity":"","overlay-gradient":""}}},"product_brand":[],"product_cat":[28],"product_tag":[],"class_list":{"0":"post-1729","1":"product","2":"type-product","3":"status-publish","4":"has-post-thumbnail","6":"product_cat-concrete-forming","7":"desktop-align-left","8":"tablet-align-left","9":"mobile-align-left","10":"ast-product-gallery-layout-horizontal-slider","11":"ast-product-tabs-layout-horizontal","13":"first","14":"instock","15":"featured","16":"shipping-taxable","17":"purchasable","18":"product-type-simple"},"yoast_head":"<!-- This site is optimized with the Yoast SEO plugin v25.2 - https:\/\/yoast.com\/wordpress\/plugins\/seo\/ -->\n<title>Concrete Form Brace Turnbuckle Form Aligner<\/title>\n<meta name=\"description\" content=\"Flat Plate &amp; Bent Plate Turnbuckle Form Aligner.It is an innovative product designed to assist in aligning and securing concrete forms during construction projects.\" \/>\n<meta name=\"robots\" content=\"index, follow, max-snippet:-1, max-image-preview:large, max-video-preview:-1\" \/>\n<link rel=\"canonical\" href=\"https:\/\/qingdaohf.com\/ro\/produs\/aliniator-de-forma-de-strung\/\" \/>\n<meta property=\"og:locale\" content=\"ro_RO\" \/>\n<meta property=\"og:type\" content=\"article\" \/>\n<meta property=\"og:title\" content=\"Concrete Form Brace Turnbuckle\" \/>\n<meta property=\"og:description\" content=\"Flat Plate, Bent Plate Turnbuckle Form Aligner Brace.It is an innovative product designed to assist in aligning and securing concrete forms during construction projects. With its unique features and functionality, this form aligner offers several benefits for construction professionals and contractors.\" \/>\n<meta property=\"og:url\" content=\"https:\/\/qingdaohf.com\/ro\/produs\/aliniator-de-forma-de-strung\/\" \/>\n<meta property=\"og:site_name\" content=\"Concrete Form &amp; Rigging Hardware Supplier\" \/>\n<meta property=\"article:publisher\" content=\"https:\/\/www.facebook.com\/qingdaohf\" \/>\n<meta property=\"article:modified_time\" content=\"2025-11-13T01:03:14+00:00\" \/>\n<meta property=\"og:image\" content=\"https:\/\/qingdaohf.com\/wp-content\/uploads\/2023\/01\/concrete-form-turnbuckles-1-1.jpg\" \/>\n\t<meta property=\"og:image:width\" content=\"800\" \/>\n\t<meta property=\"og:image:height\" content=\"800\" \/>\n\t<meta property=\"og:image:type\" content=\"image\/jpeg\" \/>\n<meta name=\"twitter:card\" content=\"summary_large_image\" \/>\n<meta name=\"twitter:label1\" content=\"Timp estimat pentru citire\" \/>\n\t<meta name=\"twitter:data1\" content=\"4 minute\" \/>\n<script type=\"application\/ld+json\" class=\"yoast-schema-graph\">{\"@context\":\"https:\/\/schema.org\",\"@graph\":[{\"@type\":\"WebPage\",\"@id\":\"https:\/\/qingdaohf.com\/product\/turnbuckle-form-aligner\/\",\"url\":\"https:\/\/qingdaohf.com\/product\/turnbuckle-form-aligner\/\",\"name\":\"Concrete Form Brace Turnbuckle Form Aligner\",\"isPartOf\":{\"@id\":\"https:\/\/qingdaohf.com\/bg\/#website\"},\"primaryImageOfPage\":{\"@id\":\"https:\/\/qingdaohf.com\/product\/turnbuckle-form-aligner\/#primaryimage\"},\"image\":{\"@id\":\"https:\/\/qingdaohf.com\/product\/turnbuckle-form-aligner\/#primaryimage\"},\"thumbnailUrl\":\"https:\/\/qingdaohf.com\/wp-content\/uploads\/2023\/01\/concrete-form-turnbuckles-1-1.jpg\",\"datePublished\":\"2024-06-28T09:07:41+00:00\",\"dateModified\":\"2025-11-13T01:03:14+00:00\",\"description\":\"Flat Plate & Bent Plate Turnbuckle Form Aligner.It is an innovative product designed to assist in aligning and securing concrete forms during construction projects.\",\"breadcrumb\":{\"@id\":\"https:\/\/qingdaohf.com\/product\/turnbuckle-form-aligner\/#breadcrumb\"},\"inLanguage\":\"ro-RO\",\"potentialAction\":[{\"@type\":\"ReadAction\",\"target\":[\"https:\/\/qingdaohf.com\/product\/turnbuckle-form-aligner\/\"]}]},{\"@type\":\"ImageObject\",\"inLanguage\":\"ro-RO\",\"@id\":\"https:\/\/qingdaohf.com\/product\/turnbuckle-form-aligner\/#primaryimage\",\"url\":\"https:\/\/qingdaohf.com\/wp-content\/uploads\/2023\/01\/concrete-form-turnbuckles-1-1.jpg\",\"contentUrl\":\"https:\/\/qingdaohf.com\/wp-content\/uploads\/2023\/01\/concrete-form-turnbuckles-1-1.jpg\",\"width\":800,\"height\":800,\"caption\":\"concrete form turnbuckles\"},{\"@type\":\"BreadcrumbList\",\"@id\":\"https:\/\/qingdaohf.com\/product\/turnbuckle-form-aligner\/#breadcrumb\",\"itemListElement\":[{\"@type\":\"ListItem\",\"position\":1,\"name\":\"Home\",\"item\":\"https:\/\/qingdaohf.com\/\"},{\"@type\":\"ListItem\",\"position\":2,\"name\":\"Concrete Forming Accessories and Rigging Hardware\",\"item\":\"https:\/\/qingdaohf.com\/bg\/?page_id=944\"},{\"@type\":\"ListItem\",\"position\":3,\"name\":\"Adjustable Concrete Form Brace Turnbuckle Form Aligner\"}]},{\"@type\":\"WebSite\",\"@id\":\"https:\/\/qingdaohf.com\/bg\/#website\",\"url\":\"https:\/\/qingdaohf.com\/bg\/\",\"name\":\"Concrete Form & Rigging Hardware Supplier\",\"description\":\"\",\"publisher\":{\"@id\":\"https:\/\/qingdaohf.com\/bg\/#organization\"},\"potentialAction\":[{\"@type\":\"SearchAction\",\"target\":{\"@type\":\"EntryPoint\",\"urlTemplate\":\"https:\/\/qingdaohf.com\/bg\/?s={search_term_string}\"},\"query-input\":{\"@type\":\"PropertyValueSpecification\",\"valueRequired\":true,\"valueName\":\"search_term_string\"}}],\"inLanguage\":\"ro-RO\"},{\"@type\":\"Organization\",\"@id\":\"https:\/\/qingdaohf.com\/bg\/#organization\",\"name\":\"Qingdao H&F\",\"url\":\"https:\/\/qingdaohf.com\/bg\/\",\"logo\":{\"@type\":\"ImageObject\",\"inLanguage\":\"ro-RO\",\"@id\":\"https:\/\/qingdaohf.com\/bg\/#\/schema\/logo\/image\/\",\"url\":\"https:\/\/qingdaohf.com\/wp-content\/uploads\/2022\/12\/cropped-HF-LOGO.png\",\"contentUrl\":\"https:\/\/qingdaohf.com\/wp-content\/uploads\/2022\/12\/cropped-HF-LOGO.png\",\"width\":391,\"height\":249,\"caption\":\"Qingdao H&F\"},\"image\":{\"@id\":\"https:\/\/qingdaohf.com\/bg\/#\/schema\/logo\/image\/\"},\"sameAs\":[\"https:\/\/www.facebook.com\/qingdaohf\"]}]}<\/script>\n<!-- \/ Yoast SEO plugin. -->","yoast_head_json":{"title":"Concrete Form Brace Turnbuckle Form Aligner","description":"Flat Plate & Bent Plate Turnbuckle Form Aligner.It is an innovative product designed to assist in aligning and securing concrete forms during construction projects.","robots":{"index":"index","follow":"follow","max-snippet":"max-snippet:-1","max-image-preview":"max-image-preview:large","max-video-preview":"max-video-preview:-1"},"canonical":"https:\/\/qingdaohf.com\/ro\/produs\/aliniator-de-forma-de-strung\/","og_locale":"ro_RO","og_type":"article","og_title":"Concrete Form Brace Turnbuckle","og_description":"Flat Plate, Bent Plate Turnbuckle Form Aligner Brace.It is an innovative product designed to assist in aligning and securing concrete forms during construction projects. With its unique features and functionality, this form aligner offers several benefits for construction professionals and contractors.","og_url":"https:\/\/qingdaohf.com\/ro\/produs\/aliniator-de-forma-de-strung\/","og_site_name":"Concrete Form &amp; Rigging Hardware Supplier","article_publisher":"https:\/\/www.facebook.com\/qingdaohf","article_modified_time":"2025-11-13T01:03:14+00:00","og_image":[{"width":800,"height":800,"url":"https:\/\/qingdaohf.com\/wp-content\/uploads\/2023\/01\/concrete-form-turnbuckles-1-1.jpg","type":"image\/jpeg"}],"twitter_card":"summary_large_image","twitter_misc":{"Timp estimat pentru citire":"4 minute"},"schema":{"@context":"https:\/\/schema.org","@graph":[{"@type":"WebPage","@id":"https:\/\/qingdaohf.com\/product\/turnbuckle-form-aligner\/","url":"https:\/\/qingdaohf.com\/product\/turnbuckle-form-aligner\/","name":"Concrete Form Brace Turnbuckle Form Aligner","isPartOf":{"@id":"https:\/\/qingdaohf.com\/bg\/#website"},"primaryImageOfPage":{"@id":"https:\/\/qingdaohf.com\/product\/turnbuckle-form-aligner\/#primaryimage"},"image":{"@id":"https:\/\/qingdaohf.com\/product\/turnbuckle-form-aligner\/#primaryimage"},"thumbnailUrl":"https:\/\/qingdaohf.com\/wp-content\/uploads\/2023\/01\/concrete-form-turnbuckles-1-1.jpg","datePublished":"2024-06-28T09:07:41+00:00","dateModified":"2025-11-13T01:03:14+00:00","description":"Flat Plate & Bent Plate Turnbuckle Form Aligner.It is an innovative product designed to assist in aligning and securing concrete forms during construction projects.","breadcrumb":{"@id":"https:\/\/qingdaohf.com\/product\/turnbuckle-form-aligner\/#breadcrumb"},"inLanguage":"ro-RO","potentialAction":[{"@type":"ReadAction","target":["https:\/\/qingdaohf.com\/product\/turnbuckle-form-aligner\/"]}]},{"@type":"ImageObject","inLanguage":"ro-RO","@id":"https:\/\/qingdaohf.com\/product\/turnbuckle-form-aligner\/#primaryimage","url":"https:\/\/qingdaohf.com\/wp-content\/uploads\/2023\/01\/concrete-form-turnbuckles-1-1.jpg","contentUrl":"https:\/\/qingdaohf.com\/wp-content\/uploads\/2023\/01\/concrete-form-turnbuckles-1-1.jpg","width":800,"height":800,"caption":"concrete form turnbuckles"},{"@type":"BreadcrumbList","@id":"https:\/\/qingdaohf.com\/product\/turnbuckle-form-aligner\/#breadcrumb","itemListElement":[{"@type":"ListItem","position":1,"name":"Home","item":"https:\/\/qingdaohf.com\/"},{"@type":"ListItem","position":2,"name":"Concrete Forming Accessories and Rigging Hardware","item":"https:\/\/qingdaohf.com\/bg\/?page_id=944"},{"@type":"ListItem","position":3,"name":"Adjustable Concrete Form Brace Turnbuckle Form Aligner"}]},{"@type":"WebSite","@id":"https:\/\/qingdaohf.com\/bg\/#website","url":"https:\/\/qingdaohf.com\/bg\/","name":"Concrete Form & Rigging Hardware Supplier","description":"","publisher":{"@id":"https:\/\/qingdaohf.com\/bg\/#organization"},"potentialAction":[{"@type":"SearchAction","target":{"@type":"EntryPoint","urlTemplate":"https:\/\/qingdaohf.com\/bg\/?s={search_term_string}"},"query-input":{"@type":"PropertyValueSpecification","valueRequired":true,"valueName":"search_term_string"}}],"inLanguage":"ro-RO"},{"@type":"Organization","@id":"https:\/\/qingdaohf.com\/bg\/#organization","name":"Qingdao H&F","url":"https:\/\/qingdaohf.com\/bg\/","logo":{"@type":"ImageObject","inLanguage":"ro-RO","@id":"https:\/\/qingdaohf.com\/bg\/#\/schema\/logo\/image\/","url":"https:\/\/qingdaohf.com\/wp-content\/uploads\/2022\/12\/cropped-HF-LOGO.png","contentUrl":"https:\/\/qingdaohf.com\/wp-content\/uploads\/2022\/12\/cropped-HF-LOGO.png","width":391,"height":249,"caption":"Qingdao H&F"},"image":{"@id":"https:\/\/qingdaohf.com\/bg\/#\/schema\/logo\/image\/"},"sameAs":["https:\/\/www.facebook.com\/qingdaohf"]}]}},"_links":{"self":[{"href":"https:\/\/qingdaohf.com\/ro\/wp-json\/wp\/v2\/product\/1729","targetHints":{"allow":["GET"]}}],"collection":[{"href":"https:\/\/qingdaohf.com\/ro\/wp-json\/wp\/v2\/product"}],"about":[{"href":"https:\/\/qingdaohf.com\/ro\/wp-json\/wp\/v2\/types\/product"}],"replies":[{"embeddable":true,"href":"https:\/\/qingdaohf.com\/ro\/wp-json\/wp\/v2\/comments?post=1729"}],"version-history":[{"count":31,"href":"https:\/\/qingdaohf.com\/ro\/wp-json\/wp\/v2\/product\/1729\/revisions"}],"predecessor-version":[{"id":5668,"href":"https:\/\/qingdaohf.com\/ro\/wp-json\/wp\/v2\/product\/1729\/revisions\/5668"}],"wp:featuredmedia":[{"embeddable":true,"href":"https:\/\/qingdaohf.com\/ro\/wp-json\/wp\/v2\/media\/4401"}],"wp:attachment":[{"href":"https:\/\/qingdaohf.com\/ro\/wp-json\/wp\/v2\/media?parent=1729"}],"wp:term":[{"taxonomy":"product_brand","embeddable":true,"href":"https:\/\/qingdaohf.com\/ro\/wp-json\/wp\/v2\/product_brand?post=1729"},{"taxonomy":"product_cat","embeddable":true,"href":"https:\/\/qingdaohf.com\/ro\/wp-json\/wp\/v2\/product_cat?post=1729"},{"taxonomy":"product_tag","embeddable":true,"href":"https:\/\/qingdaohf.com\/ro\/wp-json\/wp\/v2\/product_tag?post=1729"}],"curies":[{"name":"wp","href":"https:\/\/api.w.org\/{rel}","templated":true}]}}