{"id":1731,"date":"2024-06-24T14:06:56","date_gmt":"2024-06-24T06:06:56","guid":{"rendered":"http:\/\/qingdaohf.com\/?post_type=product&#038;p=1731"},"modified":"2025-11-13T09:03:15","modified_gmt":"2025-11-13T01:03:15","slug":"spreader-cleats","status":"publish","type":"product","link":"https:\/\/qingdaohf.com\/ro\/produs\/distantier-din-panza\/","title":{"rendered":"Beton Ply Distan\u021bier Spreader Cleats"},"content":{"rendered":"<h2 data-pm-slice=\"1 1 []\">Importan\u021ba clemelor de \u00eempr\u0103\u0219tiere a distan\u021bierelor pentru pl\u0103ci de beton \u00een construc\u021bii<\/h2>\n<p>\u00cen lumea exigent\u0103 a construc\u021biilor din beton, precizia \u0219i stabilitatea sunt esen\u021biale pentru ob\u021binerea unor rezultate de \u00eenalt\u0103 calitate. Clemele de \u00eempr\u0103\u0219tiere a distan\u021bierilor pentru pl\u0103ci de beton joac\u0103 un rol esen\u021bial \u00een men\u021binerea unei distan\u021be uniforme \u00eentre panourile de cofrare, asigur\u00e2ndu-se c\u0103 structura final\u0103 respect\u0103 dimensiunile \u0219i standardele de rezisten\u021b\u0103 necesare. Aceste cleme ofer\u0103 un suport esen\u021bial prin fixarea cofrajului din placaj pe pozi\u021bie, \u00eempiedic\u00e2nd deformarea \u0219i permi\u021b\u00e2nd o turnare uniform\u0103 a betonului. Fie c\u0103 sunt utilizate \u00een proiecte de infrastructur\u0103 la scar\u0103 larg\u0103 sau \u00een construc\u021bii reziden\u021biale mai mici, clemele de \u00eempr\u0103\u0219tiere potrivite pot spori semnificativ durabilitatea \u0219i finisajul suprafe\u021belor de beton.<\/p>\n<p>La Qingdao H&amp;F, \u00een\u021belegem provoc\u0103rile cu care se confrunt\u0103 profesioni\u0219tii din construc\u021bii, motiv pentru care oferim o gam\u0103 de cleme de \u00eempr\u0103\u0219tiere de \u00eenalt\u0103 performan\u021b\u0103, concepute pentru a r\u0103spunde celor mai dificile cerin\u021be ale proiectelor. Cu angajamentul nostru fa\u021b\u0103 de calitate, cicluri de livrare rapide \u0219i servicii dedicate clien\u021bilor, oferim o combina\u021bie imbatabil\u0103 de fiabilitate \u0219i eficien\u021b\u0103 pentru nevoile dvs. de construc\u021bie.<\/p>\n<p><img fetchpriority=\"high\" decoding=\"async\" class=\"alignnone wp-image-1732 size-full\" src=\"http:\/\/qingdaohf.com\/wp-content\/uploads\/2023\/01\/PLY-SPACER.png\" alt=\"PLY SPACER\" width=\"650\" height=\"458\" srcset=\"https:\/\/qingdaohf.com\/wp-content\/uploads\/2023\/01\/PLY-SPACER.png 650w, https:\/\/qingdaohf.com\/wp-content\/uploads\/2023\/01\/PLY-SPACER-300x211.png 300w, https:\/\/qingdaohf.com\/wp-content\/uploads\/2023\/01\/PLY-SPACER-600x423.png 600w\" sizes=\"(max-width: 650px) 100vw, 650px\" \/><\/p>\n<h2>Caracteristici \u0219i beneficii ale Cle\u0219telor de \u00eempr\u0103\u0219tiere a distan\u021bierelor pentru pl\u0103ci de beton<\/h2>\n<p>Selectarea clemelor de \u00eempr\u0103\u0219tiere potrivite este crucial\u0103 pentru optimizarea eficien\u021bei cofrajului \u0219i asigurarea unui finisaj impecabil al betonului. Clemele noastre de \u00eempr\u0103\u0219tiere a distan\u021bierelor pentru pl\u0103ci de beton vin cu o varietate de caracteristici care le fac indispensabile pentru proiectele moderne de construc\u021bii.<\/p>\n<p>Durabilitatea este unul dintre atributele cheie ale crampoanelor noastre. Fabricate folosind materiale de \u00eenalt\u0103 rezisten\u021b\u0103, cum ar fi o\u021belul galvanizat sau plasticul armat, acestea sunt rezistente la coroziune, deformare \u0219i la condi\u021biile dificile ale lucr\u0103rilor de betonare. Acest lucru asigur\u0103 longevitatea \u0219i performan\u021ba constant\u0103 \u00een mai multe utiliz\u0103ri, f\u0103c\u00e2ndu-le o solu\u021bie rentabil\u0103 pentru antreprenori.<\/p>\n<p>Un alt avantaj major este distan\u021ba precis\u0103 pe care o ofer\u0103. Cofrajele neuniforme sau prost aliniate pot duce la sl\u0103biciuni structurale \u0219i la o estetic\u0103 slab\u0103 a betonului finit. Clemele noastre de \u00eempr\u0103\u0219tiere garanteaz\u0103 o separare uniform\u0103 \u00eentre panourile de cofrare, elimin\u00e2nd varia\u021biile \u0219i asigur\u00e2nd suprafe\u021be netede \u0219i uniforme.<\/p>\n<p>U\u0219urin\u021ba instal\u0103rii este, de asemenea, un avantaj notabil. Proiectate pentru o aplicare rapid\u0103 \u0219i f\u0103r\u0103 complica\u021bii, clemele noastre permit lucr\u0103torilor s\u0103 instaleze cofrajele cu un efort minim, reduc\u00e2nd timpul de lucru \u0219i costurile. Designul lor u\u0219or de utilizat asigur\u0103 c\u0103 \u0219i lucr\u0103torii mai pu\u021bin experimenta\u021bi pot ob\u021bine rezultate profesionale f\u0103r\u0103 a avea nevoie de unelte sau echipamente specializate.<\/p>\n<h2>Alegerea clemelor de \u00eempr\u0103\u0219tiere potrivite pentru proiectul dvs.<\/h2>\n<p>Cu diferite dimensiuni \u0219i materiale disponibile, selectarea clemelor de \u00eempr\u0103\u0219tiere adecvate depinde de cerin\u021bele specifice ale proiectului dumneavoastr\u0103. Pentru aplica\u021bii grele, cum ar fi construc\u021bia de poduri sau cl\u0103diri \u00eenalte, clemele din o\u021bel sunt adesea alegerea preferat\u0103 datorit\u0103 capacit\u0103\u021bii lor excep\u021bionale de sus\u021binere a sarcinii \u0219i rezisten\u021bei la uzur\u0103. Pe de alt\u0103 parte, clemele din plastic ofer\u0103 o alternativ\u0103 u\u0219oar\u0103 \u0219i rentabil\u0103 pentru proiectele care nu necesit\u0103 o rezisten\u021b\u0103 extrem\u0103.<\/p>\n<p>Specifica\u021biile privind grosimea \u0219i l\u0103\u021bimea sunt, de asemenea, considerente importante. Clemele noastre de \u00eempr\u0103\u0219tiere sunt disponibile \u00een diferite dimensiuni pentru a se potrivi diferitelor configura\u021bii de cofrare, asigur\u00e2nd compatibilitatea cu diferite tipuri de placaj \u0219i grosimi de beton. Echipa noastr\u0103 de la Qingdao H&amp;F ofer\u0103 consultan\u021b\u0103 de specialitate pentru a v\u0103 ajuta s\u0103 determina\u021bi cele mai bune cleme pentru nevoile dvs. unice de construc\u021bie.<\/p>\n<p>\u00cen plus, conformitatea cu standardele industriei este un factor critic. Toate clemele noastre de \u00eempr\u0103\u0219tiere a distan\u021bierelor pentru pl\u0103ci de beton sunt supuse unor teste de calitate riguroase \u0219i sunt \u00eenso\u021bite de rapoarte de inspec\u021bie detaliate. Acest lucru v\u0103 asigur\u0103 c\u0103 primi\u021bi produse care respect\u0103 normele de siguran\u021b\u0103 \u0219i ofer\u0103 performan\u021be constante, reduc\u00e2nd riscul de e\u0219ecuri ale cofrajelor \u0219i \u00eent\u00e2rzieri \u00een construc\u021bii.<\/p>\n<h2>De ce s\u0103 alege\u021bi Qingdao H&amp;F pentru accesoriile dvs. pentru cofraje de beton?<\/h2>\n<p>La Qingdao H&amp;F, mergem dincolo de simpla furnizare de materiale de construc\u021bii - suntem dedica\u021bi furniz\u0103rii de solu\u021bii care adaug\u0103 valoare proiectelor dumneavoastr\u0103. Serviciul nostru individual pentru clien\u021bi v\u0103 asigur\u0103 c\u0103 ve\u021bi primi asisten\u021b\u0103 personalizat\u0103 pe tot parcursul procesului de achizi\u021bie, de la selectarea produsului p\u00e2n\u0103 la asisten\u021ba post-v\u00e2nzare. Spre deosebire de al\u021bi furnizori care pot prioritiza volumul \u00een detrimentul calit\u0103\u021bii, noi ne concentr\u0103m pe furnizarea de produse care \u00eendeplinesc standarde stricte de calitate.<\/p>\n<p>Viteza este un alt avantaj pe care \u00eel oferim. \u00cen\u021belegem c\u0103 timpul este un factor critic \u00een construc\u021bii, iar \u00eent\u00e2rzierile pot duce la cre\u0219terea costurilor. De aceea, garant\u0103m cicluri de livrare rapide, asigur\u00e2ndu-ne c\u0103 ve\u021bi primi clemele de \u00eempr\u0103\u0219tiere exact c\u00e2nd ave\u021bi nevoie de ele. Re\u021beaua noastr\u0103 logistic\u0103 de \u00eencredere ne permite s\u0103 \u00eendeplinim comenzile \u00een mod eficient, minimiz\u00e2nd timpii mor\u021bi \u0219i men\u021bin\u00e2nd proiectele dvs. \u00een grafic.<\/p>\n<p>\u00cen plus, angajamentul nostru fa\u021b\u0103 de transparen\u021b\u0103 \u0219i \u00eencredere ne diferen\u021biaz\u0103. Fiecare lot de Crampoane de \u00eempr\u0103\u0219tiere a distan\u021bierelor Ply pentru beton este \u00eenso\u021bit de rapoarte complete de inspec\u021bie a calit\u0103\u021bii, oferindu-v\u0103 \u00eencredere deplin\u0103 \u00een materialele pe care le utiliza\u021bi. Acest nivel de responsabilitate v\u0103 asigur\u0103 c\u0103 pute\u021bi \u00eendeplini specifica\u021biile proiectului f\u0103r\u0103 s\u0103 v\u0103 face\u021bi griji cu privire la performan\u021ba produsului.<\/p>\n<h2>Concluzie<\/h2>\n<p>Distan\u021bierele pentru beton sunt componente indispensabile pentru ob\u021binerea preciziei \u0219i stabilit\u0103\u021bii \u00een cofrajele de beton. Acestea sporesc integritatea structural\u0103 a proiectelor prin men\u021binerea unei distan\u021be uniforme, prevenirea deform\u0103rii cofrajului \u0219i facilitarea unei turn\u0103ri netede a betonului. Alegerea cle\u0219tilor de \u00eempr\u0103\u0219tiere de \u00eenalt\u0103 calitate de la Qingdao H&amp;F \u00eenseamn\u0103 s\u0103 beneficia\u021bi de durabilitate, u\u0219urin\u021b\u0103 de instalare \u0219i conformitate cu industria.<\/p>\n<p>Dedica\u021bia noastr\u0103 pentru calitate, livr\u0103ri rapide \u0219i servicii personalizate ne transform\u0103 \u00een partenerul ideal pentru nevoile dvs. de materiale de construc\u021bii. Fie c\u0103 ave\u021bi nevoie de dimensiuni standard sau de specifica\u021bii personalizate, avem expertiza \u0219i resursele necesare pentru a v\u0103 satisface cerin\u021bele. Contacta\u021bi-ne ast\u0103zi pentru a afla mai multe despre gama noastr\u0103 de Cleme de \u00eempr\u0103\u0219tiere a distan\u021bierilor pentru pl\u0103ci de beton \u0219i despre modul \u00een care acestea pot ridica eficien\u021ba \u0219i fiabilitatea proiectelor dvs. de construc\u021bii.<\/p>\n<div class=\"ast-oembed-container\" style=\"height: 100%;\"><iframe title=\"Sistemul de legare a pere\u021bilor din beton HF\" width=\"500\" height=\"281\" src=\"https:\/\/www.youtube.com\/embed\/KNe3GjndsAs?feature=oembed\" frameborder=\"0\" allow=\"accelerometer; autoplay; clipboard-write; encrypted-media; gyroscope; picture-in-picture; web-share\" referrerpolicy=\"strict-origin-when-cross-origin\" allowfullscreen><\/iframe><\/div>\n<p>&nbsp;<\/p>","protected":false},"excerpt":{"rendered":"<p>Clemele de \u00eempr\u0103\u0219tiere a distan\u021bierelor pentru pl\u0103ci de beton joac\u0103 un rol semnificativ \u00een promovarea alinierii precise \u0219i a stabilit\u0103\u021bii \u00een cadrul sistemelor de cofrare, \u00een special \u00een proiectele de construc\u021bii din beton. Clemele sunt distan\u021biere eficiente care \u00eempiedic\u0103 placajul s\u0103 se deformeze sau s\u0103 se mi\u0219te \u00een timpul turn\u0103rii, ceea ce duce la suprafe\u021be de beton structural solide \u0219i nivelate. La Qingdao H&amp;F, furniz\u0103m cleme de \u00eempr\u0103\u0219tiere de \u00eenalt\u0103 calitate \u00een diverse materiale \u0219i dimensiuni pentru a se potrivi diferitelor specifica\u021bii ale proiectului. Serviciile noastre personalizate pentru clien\u021bi, pre\u021burile corecte \u0219i angajamentele privind termenele de livrare v\u0103 garanteaz\u0103 cea mai bun\u0103 solu\u021bie pentru a se potrivi nevoilor dvs. De asemenea, oferim un raport complet de inspec\u021bie a calit\u0103\u021bii pentru marfa noastr\u0103, oferindu-v\u0103 \u00eencredere cu fiecare expediere.<\/p>","protected":false},"featured_media":2918,"comment_status":"open","ping_status":"closed","template":"","meta":{"site-sidebar-layout":"default","site-content-layout":"default","ast-site-content-layout":"default","site-content-style":"default","site-sidebar-style":"default","ast-global-header-display":"","ast-banner-title-visibility":"","ast-main-header-display":"","ast-hfb-above-header-display":"","ast-hfb-below-header-display":"","ast-hfb-mobile-header-display":"","site-post-title":"","ast-breadcrumbs-content":"","ast-featured-img":"","footer-sml-layout":"","theme-transparent-header-meta":"default","adv-header-id-meta":"","stick-header-meta":"default","header-above-stick-meta":"","header-main-stick-meta":"","header-below-stick-meta":"","astra-migrate-meta-layouts":"set","ast-page-background-enabled":"default","ast-page-background-meta":{"desktop":{"background-color":"","background-image":"","background-repeat":"repeat","background-position":"center center","background-size":"auto","background-attachment":"scroll","background-type":"","background-media":"","overlay-type":"","overlay-color":"","overlay-opacity":"","overlay-gradient":""},"tablet":{"background-color":"","background-image":"","background-repeat":"repeat","background-position":"center center","background-size":"auto","background-attachment":"scroll","background-type":"","background-media":"","overlay-type":"","overlay-color":"","overlay-opacity":"","overlay-gradient":""},"mobile":{"background-color":"","background-image":"","background-repeat":"repeat","background-position":"center center","background-size":"auto","background-attachment":"scroll","background-type":"","background-media":"","overlay-type":"","overlay-color":"","overlay-opacity":"","overlay-gradient":""}},"ast-content-background-meta":{"desktop":{"background-color":"var(--ast-global-color-5)","background-image":"","background-repeat":"repeat","background-position":"center center","background-size":"auto","background-attachment":"scroll","background-type":"","background-media":"","overlay-type":"","overlay-color":"","overlay-opacity":"","overlay-gradient":""},"tablet":{"background-color":"var(--ast-global-color-5)","background-image":"","background-repeat":"repeat","background-position":"center center","background-size":"auto","background-attachment":"scroll","background-type":"","background-media":"","overlay-type":"","overlay-color":"","overlay-opacity":"","overlay-gradient":""},"mobile":{"background-color":"var(--ast-global-color-5)","background-image":"","background-repeat":"repeat","background-position":"center center","background-size":"auto","background-attachment":"scroll","background-type":"","background-media":"","overlay-type":"","overlay-color":"","overlay-opacity":"","overlay-gradient":""}}},"product_brand":[],"product_cat":[28],"product_tag":[],"class_list":{"0":"post-1731","1":"product","2":"type-product","3":"status-publish","4":"has-post-thumbnail","6":"product_cat-concrete-forming","7":"desktop-align-left","8":"tablet-align-left","9":"mobile-align-left","10":"ast-product-gallery-layout-horizontal-slider","11":"ast-product-tabs-layout-horizontal","13":"first","14":"instock","15":"shipping-taxable","16":"purchasable","17":"product-type-simple"},"yoast_head":"<!-- This site is optimized with the Yoast SEO plugin v25.2 - https:\/\/yoast.com\/wordpress\/plugins\/seo\/ -->\n<title>Concrete Ply Spacer Spreader Cleats<\/title>\n<meta name=\"description\" content=\"Plywood form concrete ply spacer.3\/4&quot; ply spacer,1-1\/8&quot; ply spacer.\" \/>\n<meta name=\"robots\" content=\"index, follow, max-snippet:-1, max-image-preview:large, max-video-preview:-1\" \/>\n<link rel=\"canonical\" href=\"https:\/\/qingdaohf.com\/ro\/produs\/distantier-din-panza\/\" \/>\n<meta property=\"og:locale\" content=\"ro_RO\" \/>\n<meta property=\"og:type\" content=\"article\" \/>\n<meta property=\"og:title\" content=\"Concrete Ply Spacer Spreader Cleats\" \/>\n<meta property=\"og:description\" content=\"Plywood form concrete ply spacer.3\/4&quot; ply spacer,1-1\/8&quot; ply spacer.\" \/>\n<meta property=\"og:url\" content=\"https:\/\/qingdaohf.com\/ro\/produs\/distantier-din-panza\/\" \/>\n<meta property=\"og:site_name\" content=\"Concrete Form &amp; Rigging Hardware Supplier\" \/>\n<meta property=\"article:publisher\" content=\"https:\/\/www.facebook.com\/qingdaohf\" \/>\n<meta property=\"article:modified_time\" content=\"2025-11-13T01:03:15+00:00\" \/>\n<meta property=\"og:image\" content=\"https:\/\/qingdaohf.com\/wp-content\/uploads\/2023\/01\/PLY-SPACER-3.jpg\" \/>\n\t<meta property=\"og:image:width\" content=\"1000\" \/>\n\t<meta property=\"og:image:height\" content=\"1000\" \/>\n\t<meta property=\"og:image:type\" content=\"image\/jpeg\" \/>\n<meta name=\"twitter:card\" content=\"summary_large_image\" \/>\n<meta name=\"twitter:label1\" content=\"Timp estimat pentru citire\" \/>\n\t<meta name=\"twitter:data1\" content=\"4 minute\" \/>\n<script type=\"application\/ld+json\" class=\"yoast-schema-graph\">{\"@context\":\"https:\/\/schema.org\",\"@graph\":[{\"@type\":\"WebPage\",\"@id\":\"https:\/\/qingdaohf.com\/product\/spreader-cleats\/\",\"url\":\"https:\/\/qingdaohf.com\/product\/spreader-cleats\/\",\"name\":\"Concrete Ply Spacer Spreader Cleats\",\"isPartOf\":{\"@id\":\"https:\/\/qingdaohf.com\/bg\/#website\"},\"primaryImageOfPage\":{\"@id\":\"https:\/\/qingdaohf.com\/product\/spreader-cleats\/#primaryimage\"},\"image\":{\"@id\":\"https:\/\/qingdaohf.com\/product\/spreader-cleats\/#primaryimage\"},\"thumbnailUrl\":\"https:\/\/qingdaohf.com\/wp-content\/uploads\/2023\/01\/PLY-SPACER-3.jpg\",\"datePublished\":\"2024-06-24T06:06:56+00:00\",\"dateModified\":\"2025-11-13T01:03:15+00:00\",\"description\":\"Plywood form concrete ply spacer.3\/4\\\" ply spacer,1-1\/8\\\" ply spacer.\",\"breadcrumb\":{\"@id\":\"https:\/\/qingdaohf.com\/product\/spreader-cleats\/#breadcrumb\"},\"inLanguage\":\"ro-RO\",\"potentialAction\":[{\"@type\":\"ReadAction\",\"target\":[\"https:\/\/qingdaohf.com\/product\/spreader-cleats\/\"]}]},{\"@type\":\"ImageObject\",\"inLanguage\":\"ro-RO\",\"@id\":\"https:\/\/qingdaohf.com\/product\/spreader-cleats\/#primaryimage\",\"url\":\"https:\/\/qingdaohf.com\/wp-content\/uploads\/2023\/01\/PLY-SPACER-3.jpg\",\"contentUrl\":\"https:\/\/qingdaohf.com\/wp-content\/uploads\/2023\/01\/PLY-SPACER-3.jpg\",\"width\":1000,\"height\":1000,\"caption\":\"PLY SPACER\"},{\"@type\":\"BreadcrumbList\",\"@id\":\"https:\/\/qingdaohf.com\/product\/spreader-cleats\/#breadcrumb\",\"itemListElement\":[{\"@type\":\"ListItem\",\"position\":1,\"name\":\"Home\",\"item\":\"https:\/\/qingdaohf.com\/\"},{\"@type\":\"ListItem\",\"position\":2,\"name\":\"Concrete Forming Accessories and Rigging Hardware\",\"item\":\"https:\/\/qingdaohf.com\/bg\/?page_id=944\"},{\"@type\":\"ListItem\",\"position\":3,\"name\":\"Concrete Ply Spacer Spreader Cleats\"}]},{\"@type\":\"WebSite\",\"@id\":\"https:\/\/qingdaohf.com\/bg\/#website\",\"url\":\"https:\/\/qingdaohf.com\/bg\/\",\"name\":\"Concrete Form & Rigging Hardware Supplier\",\"description\":\"\",\"publisher\":{\"@id\":\"https:\/\/qingdaohf.com\/bg\/#organization\"},\"potentialAction\":[{\"@type\":\"SearchAction\",\"target\":{\"@type\":\"EntryPoint\",\"urlTemplate\":\"https:\/\/qingdaohf.com\/bg\/?s={search_term_string}\"},\"query-input\":{\"@type\":\"PropertyValueSpecification\",\"valueRequired\":true,\"valueName\":\"search_term_string\"}}],\"inLanguage\":\"ro-RO\"},{\"@type\":\"Organization\",\"@id\":\"https:\/\/qingdaohf.com\/bg\/#organization\",\"name\":\"Qingdao H&F\",\"url\":\"https:\/\/qingdaohf.com\/bg\/\",\"logo\":{\"@type\":\"ImageObject\",\"inLanguage\":\"ro-RO\",\"@id\":\"https:\/\/qingdaohf.com\/bg\/#\/schema\/logo\/image\/\",\"url\":\"https:\/\/qingdaohf.com\/wp-content\/uploads\/2022\/12\/cropped-HF-LOGO.png\",\"contentUrl\":\"https:\/\/qingdaohf.com\/wp-content\/uploads\/2022\/12\/cropped-HF-LOGO.png\",\"width\":391,\"height\":249,\"caption\":\"Qingdao H&F\"},\"image\":{\"@id\":\"https:\/\/qingdaohf.com\/bg\/#\/schema\/logo\/image\/\"},\"sameAs\":[\"https:\/\/www.facebook.com\/qingdaohf\"]}]}<\/script>\n<!-- \/ Yoast SEO plugin. -->","yoast_head_json":{"title":"Concrete Ply Spacer Spreader Cleats","description":"Plywood form concrete ply spacer.3\/4\" ply spacer,1-1\/8\" ply spacer.","robots":{"index":"index","follow":"follow","max-snippet":"max-snippet:-1","max-image-preview":"max-image-preview:large","max-video-preview":"max-video-preview:-1"},"canonical":"https:\/\/qingdaohf.com\/ro\/produs\/distantier-din-panza\/","og_locale":"ro_RO","og_type":"article","og_title":"Concrete Ply Spacer Spreader Cleats","og_description":"Plywood form concrete ply spacer.3\/4\" ply spacer,1-1\/8\" ply spacer.","og_url":"https:\/\/qingdaohf.com\/ro\/produs\/distantier-din-panza\/","og_site_name":"Concrete Form &amp; Rigging Hardware Supplier","article_publisher":"https:\/\/www.facebook.com\/qingdaohf","article_modified_time":"2025-11-13T01:03:15+00:00","og_image":[{"width":1000,"height":1000,"url":"https:\/\/qingdaohf.com\/wp-content\/uploads\/2023\/01\/PLY-SPACER-3.jpg","type":"image\/jpeg"}],"twitter_card":"summary_large_image","twitter_misc":{"Timp estimat pentru citire":"4 minute"},"schema":{"@context":"https:\/\/schema.org","@graph":[{"@type":"WebPage","@id":"https:\/\/qingdaohf.com\/product\/spreader-cleats\/","url":"https:\/\/qingdaohf.com\/product\/spreader-cleats\/","name":"Concrete Ply Spacer Spreader Cleats","isPartOf":{"@id":"https:\/\/qingdaohf.com\/bg\/#website"},"primaryImageOfPage":{"@id":"https:\/\/qingdaohf.com\/product\/spreader-cleats\/#primaryimage"},"image":{"@id":"https:\/\/qingdaohf.com\/product\/spreader-cleats\/#primaryimage"},"thumbnailUrl":"https:\/\/qingdaohf.com\/wp-content\/uploads\/2023\/01\/PLY-SPACER-3.jpg","datePublished":"2024-06-24T06:06:56+00:00","dateModified":"2025-11-13T01:03:15+00:00","description":"Plywood form concrete ply spacer.3\/4\" ply spacer,1-1\/8\" ply spacer.","breadcrumb":{"@id":"https:\/\/qingdaohf.com\/product\/spreader-cleats\/#breadcrumb"},"inLanguage":"ro-RO","potentialAction":[{"@type":"ReadAction","target":["https:\/\/qingdaohf.com\/product\/spreader-cleats\/"]}]},{"@type":"ImageObject","inLanguage":"ro-RO","@id":"https:\/\/qingdaohf.com\/product\/spreader-cleats\/#primaryimage","url":"https:\/\/qingdaohf.com\/wp-content\/uploads\/2023\/01\/PLY-SPACER-3.jpg","contentUrl":"https:\/\/qingdaohf.com\/wp-content\/uploads\/2023\/01\/PLY-SPACER-3.jpg","width":1000,"height":1000,"caption":"PLY SPACER"},{"@type":"BreadcrumbList","@id":"https:\/\/qingdaohf.com\/product\/spreader-cleats\/#breadcrumb","itemListElement":[{"@type":"ListItem","position":1,"name":"Home","item":"https:\/\/qingdaohf.com\/"},{"@type":"ListItem","position":2,"name":"Concrete Forming Accessories and Rigging Hardware","item":"https:\/\/qingdaohf.com\/bg\/?page_id=944"},{"@type":"ListItem","position":3,"name":"Concrete Ply Spacer Spreader Cleats"}]},{"@type":"WebSite","@id":"https:\/\/qingdaohf.com\/bg\/#website","url":"https:\/\/qingdaohf.com\/bg\/","name":"Concrete Form & Rigging Hardware Supplier","description":"","publisher":{"@id":"https:\/\/qingdaohf.com\/bg\/#organization"},"potentialAction":[{"@type":"SearchAction","target":{"@type":"EntryPoint","urlTemplate":"https:\/\/qingdaohf.com\/bg\/?s={search_term_string}"},"query-input":{"@type":"PropertyValueSpecification","valueRequired":true,"valueName":"search_term_string"}}],"inLanguage":"ro-RO"},{"@type":"Organization","@id":"https:\/\/qingdaohf.com\/bg\/#organization","name":"Qingdao H&F","url":"https:\/\/qingdaohf.com\/bg\/","logo":{"@type":"ImageObject","inLanguage":"ro-RO","@id":"https:\/\/qingdaohf.com\/bg\/#\/schema\/logo\/image\/","url":"https:\/\/qingdaohf.com\/wp-content\/uploads\/2022\/12\/cropped-HF-LOGO.png","contentUrl":"https:\/\/qingdaohf.com\/wp-content\/uploads\/2022\/12\/cropped-HF-LOGO.png","width":391,"height":249,"caption":"Qingdao H&F"},"image":{"@id":"https:\/\/qingdaohf.com\/bg\/#\/schema\/logo\/image\/"},"sameAs":["https:\/\/www.facebook.com\/qingdaohf"]}]}},"_links":{"self":[{"href":"https:\/\/qingdaohf.com\/ro\/wp-json\/wp\/v2\/product\/1731","targetHints":{"allow":["GET"]}}],"collection":[{"href":"https:\/\/qingdaohf.com\/ro\/wp-json\/wp\/v2\/product"}],"about":[{"href":"https:\/\/qingdaohf.com\/ro\/wp-json\/wp\/v2\/types\/product"}],"replies":[{"embeddable":true,"href":"https:\/\/qingdaohf.com\/ro\/wp-json\/wp\/v2\/comments?post=1731"}],"version-history":[{"count":5,"href":"https:\/\/qingdaohf.com\/ro\/wp-json\/wp\/v2\/product\/1731\/revisions"}],"predecessor-version":[{"id":9012,"href":"https:\/\/qingdaohf.com\/ro\/wp-json\/wp\/v2\/product\/1731\/revisions\/9012"}],"wp:featuredmedia":[{"embeddable":true,"href":"https:\/\/qingdaohf.com\/ro\/wp-json\/wp\/v2\/media\/2918"}],"wp:attachment":[{"href":"https:\/\/qingdaohf.com\/ro\/wp-json\/wp\/v2\/media?parent=1731"}],"wp:term":[{"taxonomy":"product_brand","embeddable":true,"href":"https:\/\/qingdaohf.com\/ro\/wp-json\/wp\/v2\/product_brand?post=1731"},{"taxonomy":"product_cat","embeddable":true,"href":"https:\/\/qingdaohf.com\/ro\/wp-json\/wp\/v2\/product_cat?post=1731"},{"taxonomy":"product_tag","embeddable":true,"href":"https:\/\/qingdaohf.com\/ro\/wp-json\/wp\/v2\/product_tag?post=1731"}],"curies":[{"name":"wp","href":"https:\/\/api.w.org\/{rel}","templated":true}]}}