{"id":1941,"date":"2023-02-03T16:08:51","date_gmt":"2023-02-03T08:08:51","guid":{"rendered":"http:\/\/qingdaohf.com\/?post_type=product&#038;p=1941"},"modified":"2025-11-13T09:06:38","modified_gmt":"2025-11-13T01:06:38","slug":"square-flat-washers","status":"publish","type":"product","link":"https:\/\/qingdaohf.com\/ro\/produs\/saibe-plate-patrate\/","title":{"rendered":"\u0218aibe plate p\u0103trate pentru cofraje de beton"},"content":{"rendered":"<p>\u0218aibele plate p\u0103trate sunt o component\u0103 esen\u021bial\u0103 utilizat\u0103 \u00een cofrarea betonului, care este procesul de creare a structurilor cu ajutorul betonului turnat. Aceste \u0219aibe sunt fabricate de obicei din o\u021bel \u0219i au o form\u0103 p\u0103trat\u0103 cu o gaur\u0103 \u00een centru. Ele sunt folosite pentru a distribui \u00eenc\u0103rc\u0103tura dispozitivului de fixare \u00een mod uniform pe o suprafa\u021b\u0103 mai mare, reduc\u00e2nd astfel riscul ca forma de beton s\u0103 se despice sau s\u0103 se fisureze sub presiune.<\/p>\n<p>La cofrarea betonului, \u0219aiba plat\u0103 p\u0103trat\u0103 este plasat\u0103 \u00eentre capul \u0219urubului sau piuli\u021ba \u0219i cofraj. Astfel se creeaz\u0103 o conexiune mai stabil\u0103 \u0219i mai sigur\u0103, necesar\u0103 pentru rezisten\u021ba \u0219i integritatea structurii care se cofrajeaz\u0103. \u0218aibele sunt, de asemenea, utilizate \u00een mod obi\u0219nuit \u00eempreun\u0103 cu alte elemente de feronerie pentru cofraje, cum ar fi piuli\u021bele cu aripi \u0219i tiran\u021bii.<\/p>\n<p>Dimensiunea \u0219aibei plate p\u0103trate utilizate \u00een cofrarea betonului poate varia \u00een func\u021bie de m\u0103rimea \u0219i greutatea structurii care se formeaz\u0103. Cu toate acestea, acestea au de obicei dimensiuni cuprinse \u00eentre 1 inch \u0219i 4 inch \u0219i sunt disponibile \u00een diferite grosimi pentru a satisface cerin\u021bele specifice de \u00eenc\u0103rcare.<\/p>\n<p><img fetchpriority=\"high\" decoding=\"async\" class=\"alignnone size-full wp-image-1979\" src=\"http:\/\/qingdaohf.com\/wp-content\/uploads\/2023\/02\/Square-Flat-Washers-data.png\" alt=\"\u0218aibe plate p\u0103trate\" width=\"696\" height=\"402\" srcset=\"https:\/\/qingdaohf.com\/wp-content\/uploads\/2023\/02\/Square-Flat-Washers-data.png 696w, https:\/\/qingdaohf.com\/wp-content\/uploads\/2023\/02\/Square-Flat-Washers-data-300x173.png 300w, https:\/\/qingdaohf.com\/wp-content\/uploads\/2023\/02\/Square-Flat-Washers-data-600x347.png 600w\" sizes=\"(max-width: 696px) 100vw, 696px\" \/> <img decoding=\"async\" class=\"alignnone size-full wp-image-1980\" src=\"http:\/\/qingdaohf.com\/wp-content\/uploads\/2023\/02\/Square-Flat-Washers.png\" alt=\"\u0218aibe plate p\u0103trate\" width=\"231\" height=\"184\" \/><\/p>\n<p>&nbsp;<\/p>","protected":false},"excerpt":{"rendered":"<div class=\"col-md-5 col-xs-12\">\n<div class=\"cat-desc\">Greu, p\u0103trat, \u0219aibe de plac\u0103 din o\u021bel inoxidabil. \u0218aibe de mare rezisten\u021b\u0103 pentru docuri, diguri, pere\u021bi etan\u0219i \u0219i construc\u021bii mari din lemn. O\u021bel inoxidabil 304 pentru construc\u021bii generale, aplica\u021bii industriale \u0219i marine.<\/div>\n<\/div>\n<div class=\"col-md-3 col-xs-12 cat-price\"><\/div>","protected":false},"featured_media":2965,"comment_status":"open","ping_status":"closed","template":"","meta":{"site-sidebar-layout":"default","site-content-layout":"default","ast-site-content-layout":"","site-content-style":"default","site-sidebar-style":"default","ast-global-header-display":"","ast-banner-title-visibility":"","ast-main-header-display":"","ast-hfb-above-header-display":"","ast-hfb-below-header-display":"","ast-hfb-mobile-header-display":"","site-post-title":"","ast-breadcrumbs-content":"","ast-featured-img":"","footer-sml-layout":"","theme-transparent-header-meta":"default","adv-header-id-meta":"","stick-header-meta":"default","header-above-stick-meta":"","header-main-stick-meta":"","header-below-stick-meta":"","astra-migrate-meta-layouts":"default","ast-page-background-enabled":"default","ast-page-background-meta":{"desktop":{"background-color":"","background-image":"","background-repeat":"repeat","background-position":"center center","background-size":"auto","background-attachment":"scroll","background-type":"","background-media":"","overlay-type":"","overlay-color":"","overlay-opacity":"","overlay-gradient":""},"tablet":{"background-color":"","background-image":"","background-repeat":"repeat","background-position":"center center","background-size":"auto","background-attachment":"scroll","background-type":"","background-media":"","overlay-type":"","overlay-color":"","overlay-opacity":"","overlay-gradient":""},"mobile":{"background-color":"","background-image":"","background-repeat":"repeat","background-position":"center center","background-size":"auto","background-attachment":"scroll","background-type":"","background-media":"","overlay-type":"","overlay-color":"","overlay-opacity":"","overlay-gradient":""}},"ast-content-background-meta":{"desktop":{"background-color":"var(--ast-global-color-5)","background-image":"","background-repeat":"repeat","background-position":"center center","background-size":"auto","background-attachment":"scroll","background-type":"","background-media":"","overlay-type":"","overlay-color":"","overlay-opacity":"","overlay-gradient":""},"tablet":{"background-color":"var(--ast-global-color-5)","background-image":"","background-repeat":"repeat","background-position":"center center","background-size":"auto","background-attachment":"scroll","background-type":"","background-media":"","overlay-type":"","overlay-color":"","overlay-opacity":"","overlay-gradient":""},"mobile":{"background-color":"var(--ast-global-color-5)","background-image":"","background-repeat":"repeat","background-position":"center center","background-size":"auto","background-attachment":"scroll","background-type":"","background-media":"","overlay-type":"","overlay-color":"","overlay-opacity":"","overlay-gradient":""}}},"product_brand":[],"product_cat":[31],"product_tag":[],"class_list":{"0":"post-1941","1":"product","2":"type-product","3":"status-publish","4":"has-post-thumbnail","6":"product_cat-fasteners","7":"desktop-align-left","8":"tablet-align-left","9":"mobile-align-left","10":"ast-product-gallery-layout-horizontal-slider","11":"ast-product-tabs-layout-horizontal","13":"first","14":"instock","15":"shipping-taxable","16":"purchasable","17":"product-type-simple"},"yoast_head":"<!-- This site is optimized with the Yoast SEO plugin v25.2 - https:\/\/yoast.com\/wordpress\/plugins\/seo\/ -->\n<title>Concrete Formwork Square Flat Washers<\/title>\n<meta name=\"description\" content=\"Heavy, Square Stainless Steel Plate Washers. Heavy-duty washers for docks, seawalls, bulkheads and large timber construction.\" \/>\n<meta name=\"robots\" content=\"index, follow, max-snippet:-1, max-image-preview:large, max-video-preview:-1\" \/>\n<link rel=\"canonical\" href=\"https:\/\/qingdaohf.com\/ro\/produs\/saibe-plate-patrate\/\" \/>\n<meta property=\"og:locale\" content=\"ro_RO\" \/>\n<meta property=\"og:type\" content=\"article\" \/>\n<meta property=\"og:title\" content=\"Concrete Formwork Square Flat Washers\" \/>\n<meta property=\"og:description\" content=\"Heavy, Square Stainless Steel Plate Washers. Heavy-duty washers for docks, seawalls, bulkheads and large timber construction.\" \/>\n<meta property=\"og:url\" content=\"https:\/\/qingdaohf.com\/ro\/produs\/saibe-plate-patrate\/\" \/>\n<meta property=\"og:site_name\" content=\"Concrete Form &amp; Rigging Hardware Supplier\" \/>\n<meta property=\"article:publisher\" content=\"https:\/\/www.facebook.com\/qingdaohf\" \/>\n<meta property=\"article:modified_time\" content=\"2025-11-13T01:06:38+00:00\" \/>\n<meta property=\"og:image\" content=\"https:\/\/qingdaohf.com\/wp-content\/uploads\/2023\/02\/square-flat-washers-3-1.jpg\" \/>\n\t<meta property=\"og:image:width\" content=\"1000\" \/>\n\t<meta property=\"og:image:height\" content=\"1000\" \/>\n\t<meta property=\"og:image:type\" content=\"image\/jpeg\" \/>\n<meta name=\"twitter:card\" content=\"summary_large_image\" \/>\n<meta name=\"twitter:label1\" content=\"Timp estimat pentru citire\" \/>\n\t<meta name=\"twitter:data1\" content=\"2 minute\" \/>\n<script type=\"application\/ld+json\" class=\"yoast-schema-graph\">{\"@context\":\"https:\/\/schema.org\",\"@graph\":[{\"@type\":\"WebPage\",\"@id\":\"https:\/\/qingdaohf.com\/product\/square-flat-washers\/\",\"url\":\"https:\/\/qingdaohf.com\/product\/square-flat-washers\/\",\"name\":\"Concrete Formwork Square Flat Washers\",\"isPartOf\":{\"@id\":\"https:\/\/qingdaohf.com\/bg\/#website\"},\"primaryImageOfPage\":{\"@id\":\"https:\/\/qingdaohf.com\/product\/square-flat-washers\/#primaryimage\"},\"image\":{\"@id\":\"https:\/\/qingdaohf.com\/product\/square-flat-washers\/#primaryimage\"},\"thumbnailUrl\":\"https:\/\/qingdaohf.com\/wp-content\/uploads\/2023\/02\/square-flat-washers-3-1.jpg\",\"datePublished\":\"2023-02-03T08:08:51+00:00\",\"dateModified\":\"2025-11-13T01:06:38+00:00\",\"description\":\"Heavy, Square Stainless Steel Plate Washers. Heavy-duty washers for docks, seawalls, bulkheads and large timber construction.\",\"breadcrumb\":{\"@id\":\"https:\/\/qingdaohf.com\/product\/square-flat-washers\/#breadcrumb\"},\"inLanguage\":\"ro-RO\",\"potentialAction\":[{\"@type\":\"ReadAction\",\"target\":[\"https:\/\/qingdaohf.com\/product\/square-flat-washers\/\"]}]},{\"@type\":\"ImageObject\",\"inLanguage\":\"ro-RO\",\"@id\":\"https:\/\/qingdaohf.com\/product\/square-flat-washers\/#primaryimage\",\"url\":\"https:\/\/qingdaohf.com\/wp-content\/uploads\/2023\/02\/square-flat-washers-3-1.jpg\",\"contentUrl\":\"https:\/\/qingdaohf.com\/wp-content\/uploads\/2023\/02\/square-flat-washers-3-1.jpg\",\"width\":1000,\"height\":1000,\"caption\":\"square flat washers\"},{\"@type\":\"BreadcrumbList\",\"@id\":\"https:\/\/qingdaohf.com\/product\/square-flat-washers\/#breadcrumb\",\"itemListElement\":[{\"@type\":\"ListItem\",\"position\":1,\"name\":\"Home\",\"item\":\"https:\/\/qingdaohf.com\/\"},{\"@type\":\"ListItem\",\"position\":2,\"name\":\"Concrete Forming Accessories and Rigging Hardware\",\"item\":\"https:\/\/qingdaohf.com\/bg\/?page_id=944\"},{\"@type\":\"ListItem\",\"position\":3,\"name\":\"Concrete Formwork Square Flat Washers\"}]},{\"@type\":\"WebSite\",\"@id\":\"https:\/\/qingdaohf.com\/bg\/#website\",\"url\":\"https:\/\/qingdaohf.com\/bg\/\",\"name\":\"Concrete Form & Rigging Hardware Supplier\",\"description\":\"\",\"publisher\":{\"@id\":\"https:\/\/qingdaohf.com\/bg\/#organization\"},\"potentialAction\":[{\"@type\":\"SearchAction\",\"target\":{\"@type\":\"EntryPoint\",\"urlTemplate\":\"https:\/\/qingdaohf.com\/bg\/?s={search_term_string}\"},\"query-input\":{\"@type\":\"PropertyValueSpecification\",\"valueRequired\":true,\"valueName\":\"search_term_string\"}}],\"inLanguage\":\"ro-RO\"},{\"@type\":\"Organization\",\"@id\":\"https:\/\/qingdaohf.com\/bg\/#organization\",\"name\":\"Qingdao H&F\",\"url\":\"https:\/\/qingdaohf.com\/bg\/\",\"logo\":{\"@type\":\"ImageObject\",\"inLanguage\":\"ro-RO\",\"@id\":\"https:\/\/qingdaohf.com\/bg\/#\/schema\/logo\/image\/\",\"url\":\"https:\/\/qingdaohf.com\/wp-content\/uploads\/2022\/12\/cropped-HF-LOGO.png\",\"contentUrl\":\"https:\/\/qingdaohf.com\/wp-content\/uploads\/2022\/12\/cropped-HF-LOGO.png\",\"width\":391,\"height\":249,\"caption\":\"Qingdao H&F\"},\"image\":{\"@id\":\"https:\/\/qingdaohf.com\/bg\/#\/schema\/logo\/image\/\"},\"sameAs\":[\"https:\/\/www.facebook.com\/qingdaohf\"]}]}<\/script>\n<!-- \/ Yoast SEO plugin. -->","yoast_head_json":{"title":"Concrete Formwork Square Flat Washers","description":"Heavy, Square Stainless Steel Plate Washers. Heavy-duty washers for docks, seawalls, bulkheads and large timber construction.","robots":{"index":"index","follow":"follow","max-snippet":"max-snippet:-1","max-image-preview":"max-image-preview:large","max-video-preview":"max-video-preview:-1"},"canonical":"https:\/\/qingdaohf.com\/ro\/produs\/saibe-plate-patrate\/","og_locale":"ro_RO","og_type":"article","og_title":"Concrete Formwork Square Flat Washers","og_description":"Heavy, Square Stainless Steel Plate Washers. Heavy-duty washers for docks, seawalls, bulkheads and large timber construction.","og_url":"https:\/\/qingdaohf.com\/ro\/produs\/saibe-plate-patrate\/","og_site_name":"Concrete Form &amp; Rigging Hardware Supplier","article_publisher":"https:\/\/www.facebook.com\/qingdaohf","article_modified_time":"2025-11-13T01:06:38+00:00","og_image":[{"width":1000,"height":1000,"url":"https:\/\/qingdaohf.com\/wp-content\/uploads\/2023\/02\/square-flat-washers-3-1.jpg","type":"image\/jpeg"}],"twitter_card":"summary_large_image","twitter_misc":{"Timp estimat pentru citire":"2 minute"},"schema":{"@context":"https:\/\/schema.org","@graph":[{"@type":"WebPage","@id":"https:\/\/qingdaohf.com\/product\/square-flat-washers\/","url":"https:\/\/qingdaohf.com\/product\/square-flat-washers\/","name":"Concrete Formwork Square Flat Washers","isPartOf":{"@id":"https:\/\/qingdaohf.com\/bg\/#website"},"primaryImageOfPage":{"@id":"https:\/\/qingdaohf.com\/product\/square-flat-washers\/#primaryimage"},"image":{"@id":"https:\/\/qingdaohf.com\/product\/square-flat-washers\/#primaryimage"},"thumbnailUrl":"https:\/\/qingdaohf.com\/wp-content\/uploads\/2023\/02\/square-flat-washers-3-1.jpg","datePublished":"2023-02-03T08:08:51+00:00","dateModified":"2025-11-13T01:06:38+00:00","description":"Heavy, Square Stainless Steel Plate Washers. Heavy-duty washers for docks, seawalls, bulkheads and large timber construction.","breadcrumb":{"@id":"https:\/\/qingdaohf.com\/product\/square-flat-washers\/#breadcrumb"},"inLanguage":"ro-RO","potentialAction":[{"@type":"ReadAction","target":["https:\/\/qingdaohf.com\/product\/square-flat-washers\/"]}]},{"@type":"ImageObject","inLanguage":"ro-RO","@id":"https:\/\/qingdaohf.com\/product\/square-flat-washers\/#primaryimage","url":"https:\/\/qingdaohf.com\/wp-content\/uploads\/2023\/02\/square-flat-washers-3-1.jpg","contentUrl":"https:\/\/qingdaohf.com\/wp-content\/uploads\/2023\/02\/square-flat-washers-3-1.jpg","width":1000,"height":1000,"caption":"square flat washers"},{"@type":"BreadcrumbList","@id":"https:\/\/qingdaohf.com\/product\/square-flat-washers\/#breadcrumb","itemListElement":[{"@type":"ListItem","position":1,"name":"Home","item":"https:\/\/qingdaohf.com\/"},{"@type":"ListItem","position":2,"name":"Concrete Forming Accessories and Rigging Hardware","item":"https:\/\/qingdaohf.com\/bg\/?page_id=944"},{"@type":"ListItem","position":3,"name":"Concrete Formwork Square Flat Washers"}]},{"@type":"WebSite","@id":"https:\/\/qingdaohf.com\/bg\/#website","url":"https:\/\/qingdaohf.com\/bg\/","name":"Concrete Form & Rigging Hardware Supplier","description":"","publisher":{"@id":"https:\/\/qingdaohf.com\/bg\/#organization"},"potentialAction":[{"@type":"SearchAction","target":{"@type":"EntryPoint","urlTemplate":"https:\/\/qingdaohf.com\/bg\/?s={search_term_string}"},"query-input":{"@type":"PropertyValueSpecification","valueRequired":true,"valueName":"search_term_string"}}],"inLanguage":"ro-RO"},{"@type":"Organization","@id":"https:\/\/qingdaohf.com\/bg\/#organization","name":"Qingdao H&F","url":"https:\/\/qingdaohf.com\/bg\/","logo":{"@type":"ImageObject","inLanguage":"ro-RO","@id":"https:\/\/qingdaohf.com\/bg\/#\/schema\/logo\/image\/","url":"https:\/\/qingdaohf.com\/wp-content\/uploads\/2022\/12\/cropped-HF-LOGO.png","contentUrl":"https:\/\/qingdaohf.com\/wp-content\/uploads\/2022\/12\/cropped-HF-LOGO.png","width":391,"height":249,"caption":"Qingdao H&F"},"image":{"@id":"https:\/\/qingdaohf.com\/bg\/#\/schema\/logo\/image\/"},"sameAs":["https:\/\/www.facebook.com\/qingdaohf"]}]}},"_links":{"self":[{"href":"https:\/\/qingdaohf.com\/ro\/wp-json\/wp\/v2\/product\/1941","targetHints":{"allow":["GET"]}}],"collection":[{"href":"https:\/\/qingdaohf.com\/ro\/wp-json\/wp\/v2\/product"}],"about":[{"href":"https:\/\/qingdaohf.com\/ro\/wp-json\/wp\/v2\/types\/product"}],"replies":[{"embeddable":true,"href":"https:\/\/qingdaohf.com\/ro\/wp-json\/wp\/v2\/comments?post=1941"}],"version-history":[{"count":2,"href":"https:\/\/qingdaohf.com\/ro\/wp-json\/wp\/v2\/product\/1941\/revisions"}],"predecessor-version":[{"id":10466,"href":"https:\/\/qingdaohf.com\/ro\/wp-json\/wp\/v2\/product\/1941\/revisions\/10466"}],"wp:featuredmedia":[{"embeddable":true,"href":"https:\/\/qingdaohf.com\/ro\/wp-json\/wp\/v2\/media\/2965"}],"wp:attachment":[{"href":"https:\/\/qingdaohf.com\/ro\/wp-json\/wp\/v2\/media?parent=1941"}],"wp:term":[{"taxonomy":"product_brand","embeddable":true,"href":"https:\/\/qingdaohf.com\/ro\/wp-json\/wp\/v2\/product_brand?post=1941"},{"taxonomy":"product_cat","embeddable":true,"href":"https:\/\/qingdaohf.com\/ro\/wp-json\/wp\/v2\/product_cat?post=1941"},{"taxonomy":"product_tag","embeddable":true,"href":"https:\/\/qingdaohf.com\/ro\/wp-json\/wp\/v2\/product_tag?post=1941"}],"curies":[{"name":"wp","href":"https:\/\/api.w.org\/{rel}","templated":true}]}}