{"id":2132,"date":"2023-02-10T17:41:17","date_gmt":"2023-02-10T09:41:17","guid":{"rendered":"http:\/\/qingdaohf.com\/?post_type=product&#038;p=2132"},"modified":"2025-11-13T09:06:19","modified_gmt":"2025-11-13T01:06:19","slug":"formwork-tie-rod","status":"publish","type":"product","link":"https:\/\/qingdaohf.com\/ro\/produs\/tija-de-legatura-pentru-cofraje\/","title":{"rendered":"Cofraje de beton Tie Rod"},"content":{"rendered":"<div class=\"ast-oembed-container\" style=\"height: 100%;\"><iframe title=\"\u0218urub de legare pentru cofraje de beton \u0219i tij\u0103 de legare\" width=\"500\" height=\"281\" src=\"https:\/\/www.youtube.com\/embed\/RQCaJFwWa88?feature=oembed\" frameborder=\"0\" allow=\"accelerometer; autoplay; clipboard-write; encrypted-media; gyroscope; picture-in-picture; web-share\" referrerpolicy=\"strict-origin-when-cross-origin\" allowfullscreen><\/iframe><\/div>\n<h2 class=\"font-600 text-2xl font-bold\">Rolul esen\u021bial al tiran\u021bilor pentru cofraje<\/h2>\n<p class=\"whitespace-pre-wrap break-words\">G\u00e2ndi\u021bi-v\u0103 la sistemele de tiran\u021bi ca la eroii necunoscu\u021bi ai construc\u021biilor din beton. Aceste componente robuste v\u0103 men\u021bin panourile de cofrare blocate \u00een pozi\u021bie \u00een timp ce betonul este turnat \u0219i se \u00eent\u0103re\u0219te. F\u0103r\u0103 ele, v-a\u021bi str\u0103dui s\u0103 men\u021bine\u021bi forma precis\u0103 \u0219i rezisten\u021ba de care are nevoie structura dumneavoastr\u0103.<\/p>\n<p class=\"whitespace-pre-wrap break-words\">Ce face ca aceste tije s\u0103 fie speciale? Sunt construite dur - de obicei din o\u021bel de calitate superioar\u0103 - pentru a face fa\u021b\u0103 presiunilor intense din construc\u021bii. Ve\u021bi aprecia \u00een special rezisten\u021ba lor atunci c\u00e2nd lucra\u021bi la proiecte mari de infrastructur\u0103 sau la proiecte arhitecturale complexe, unde nu exist\u0103 loc de eroare.<\/p>\n<p><img fetchpriority=\"high\" decoding=\"async\" class=\"alignnone size-full wp-image-2990\" src=\"http:\/\/qingdaohf.com\/wp-content\/uploads\/2023\/02\/Tie-Nut.jpg\" alt=\"Piuli\u021b\u0103 de legare\" width=\"1204\" height=\"1008\" srcset=\"https:\/\/qingdaohf.com\/wp-content\/uploads\/2023\/02\/Tie-Nut.jpg 1204w, https:\/\/qingdaohf.com\/wp-content\/uploads\/2023\/02\/Tie-Nut-300x251.jpg 300w, https:\/\/qingdaohf.com\/wp-content\/uploads\/2023\/02\/Tie-Nut-1024x857.jpg 1024w, https:\/\/qingdaohf.com\/wp-content\/uploads\/2023\/02\/Tie-Nut-768x643.jpg 768w, https:\/\/qingdaohf.com\/wp-content\/uploads\/2023\/02\/Tie-Nut-1000x837.jpg 1000w\" sizes=\"(max-width: 1204px) 100vw, 1204px\" \/><\/p>\n<h2 class=\"font-600 text-2xl font-bold\">Integrarea sistemului de tije cu opritori de ap\u0103 \u0219i piuli\u021be de arip\u0103<\/h2>\n<p class=\"whitespace-pre-wrap break-words\">Tiran\u021bii nu func\u021bioneaz\u0103 singuri. Ele fac echip\u0103 cu opritori de ap\u0103 \u0219i piuli\u021be cu aripi pentru a crea o solu\u021bie complet\u0103 de cofrare care este mai mare dec\u00e2t suma p\u0103r\u021bilor sale.<\/p>\n<p class=\"whitespace-pre-wrap break-words\">Opririle de ap\u0103 se monteaz\u0103 strategic de-a lungul tiran\u021bilor pentru a \u00eempiedica apa s\u0103 se strecoare prin rosturi sau g\u0103uri \u00een beton. Acest lucru este foarte important \u00een cazul structurilor precum zidurile de sprijin \u0219i subsolurile, unde infiltrarea apei ar putea cauza probleme pe viitor.<\/p>\n<p class=\"whitespace-pre-wrap break-words\">Piuli\u021bele cu aripi completeaz\u0103 sistemul prin blocarea tiran\u021bilor la panourile de cofrare. Acestea sunt proiectate pentru o manipulare u\u0219oar\u0103 - pute\u021bi face ajust\u0103ri precise \u00een timpul instal\u0103rii \u0219i le pute\u021bi \u00eendep\u0103rta rapid dup\u0103 ce betonul se \u00eent\u0103re\u0219te.<\/p>\n<h2 class=\"font-600 text-2xl font-bold\">Principalele avantaje ale sistemelor de tiran\u021bi pentru cofraje<\/h2>\n<p class=\"whitespace-pre-wrap break-words\">Dincolo de simplul fapt de a \u021bine lucrurile \u00eempreun\u0103, sistemele de tiran\u021bi asigur\u0103 c\u0103 structura dvs. finit\u0103 corespunde exact specifica\u021biilor. Aceast\u0103 precizie se pl\u0103te\u0219te prin reducerea defectelor \u0219i reducerea repara\u021biilor costisitoare dup\u0103 construc\u021bie.<\/p>\n<p class=\"whitespace-pre-wrap break-words\">Atunci c\u00e2nd ad\u0103uga\u021bi hidroizola\u021bii la amestec, nu doar construi\u021bi - ci \u0219i proteja\u021bi. Aceste componente \u00eempiedic\u0103 apa s\u0103 ajung\u0103 la arm\u0103turile interne \u0219i s\u0103 le corodeze, f\u0103c\u00e2nd ca structura dvs. s\u0103 dureze mai mult \u0219i s\u0103 func\u021bioneze mai bine \u00een timp.<\/p>\n<p class=\"whitespace-pre-wrap break-words\">La Qingdao H&amp;F, depunem eforturi serioase pentru a crea sisteme de tije de leg\u0103tur\u0103 care s\u0103 ofere aceste beneficii. Fiecare produs trece prin teste riguroase pentru a ne asigura c\u0103 va \u00eendeplini cerin\u021bele proiectului dumneavoastr\u0103.<\/p>\n<h2 class=\"font-600 text-2xl font-bold\">De ce s\u0103 alege\u021bi Qingdao H&amp;F pentru sisteme de tije<\/h2>\n<p class=\"whitespace-pre-wrap break-words\">C\u0103uta\u021bi un furnizor de tije de leg\u0103tur\u0103 \u00een care pute\u021bi avea \u00eencredere? Noi, cei de la Qingdao H&amp;F, suntem m\u00e2ndri c\u0103 facem tot posibilul. Serviciile noastre individuale \u00eenseamn\u0103 c\u0103 ve\u021bi primi o aten\u021bie personalizat\u0103, indiferent dac\u0103 lucra\u021bi la un proiect mic sau la o dezvoltare masiv\u0103.<\/p>\n<p class=\"whitespace-pre-wrap break-words\">\u0218tim c\u0103 construc\u021bia nu a\u0219teapt\u0103 pe nimeni. De aceea am construit un sistem de livrare eficient pentru a v\u0103 livra rapid tiran\u021bii, opritorii de ap\u0103 \u0219i piuli\u021bele cu aripi, ajut\u00e2ndu-v\u0103 s\u0103 respecta\u021bi programul.<\/p>\n<p class=\"whitespace-pre-wrap break-words\">Calitatea nu este doar un cuv\u00e2nt la mod\u0103 aici - este \u00eencorporat\u0103 \u00een tot ceea ce facem. Fiecare produs este supus unor teste am\u0103nun\u021bite \u0219i este \u00eenso\u021bit de rapoarte de inspec\u021bie detaliate. Acest lucru v\u0103 ofer\u0103 \u00eencrederea c\u0103 solu\u021biile noastre vor func\u021biona atunci c\u00e2nd conteaz\u0103 cel mai mult.<\/p>\n<p class=\"whitespace-pre-wrap break-words\">Dincolo de produsele excelente, oferim asisten\u021b\u0103 pe care v\u0103 pute\u021bi baza. Echipa noastr\u0103 lucreaz\u0103 pentru a v\u0103 \u00een\u021belege nevoile \u0219i pentru a v\u0103 oferi solu\u021bii care se potrivesc. Aceast\u0103 abordare a f\u0103cut din noi un partener de \u00eencredere pentru constructorii din \u00eentreaga lume.<\/p>\n<h2 class=\"font-600 text-2xl font-bold\">\u00cembun\u0103t\u0103\u021birea eficien\u021bei construc\u021biilor cu sisteme de tiran\u021bi<\/h2>\n<p class=\"whitespace-pre-wrap break-words\">Frumuse\u021bea unui sistem de tiran\u021bi bine conceput const\u0103 \u00een modul \u00een care acesta abordeaz\u0103 mai multe provoc\u0103ri \u00een acela\u0219i timp. Acesta v\u0103 men\u021bine cofrajul aliniat, prevenind \u00een acela\u0219i timp problemele legate de ap\u0103, eficientiz\u00e2nd \u00eentregul proces de construc\u021bie.<\/p>\n<p class=\"whitespace-pre-wrap break-words\">Alegerea sistemului potrivit face o diferen\u021b\u0103 real\u0103 \u00een succesul proiectului dumneavoastr\u0103. Dac\u0103 v\u0103 asocia\u021bi cu Qingdao H&amp;F, ve\u021bi ob\u021bine mai mult dec\u00e2t produse de \u00eenalt\u0103 performan\u021b\u0103 - ve\u021bi primi sprijinul unei echipe care \u00ee\u0219i cunoa\u0219te meseria \u0219i c\u0103reia \u00eei pas\u0103 de succesul dumneavoastr\u0103.<\/p>\n<h2 class=\"font-600 text-2xl font-bold\">Concluzie<\/h2>\n<p class=\"whitespace-pre-wrap break-words\">Tiran\u021bii sunt fundamentali pentru construc\u021biile moderne, oferind precizia \u0219i rezisten\u021ba necesare pentru structuri solide din beton. Lucr\u00e2nd \u00eempreun\u0103 cu opritorii de ap\u0103 \u0219i piuli\u021bele cu aripi, acestea creeaz\u0103 o solu\u021bie complet\u0103 pentru asamblarea cofrajelor. Dac\u0103 alege\u021bi Qingdao H&amp;F, alege\u021bi produse \u0219i servicii care contribuie la succesul proiectului dumneavoastr\u0103.<\/p>\n<p class=\"whitespace-pre-wrap break-words\">Cu peste dou\u0103 decenii \u00een comer\u021bul exterior, ne-am construit reputa\u021bia prin furnizarea de sisteme de tije de leg\u0103tur\u0103 de calitate. Fie c\u0103 v\u0103 confrunta\u021bi cu probleme legate de ap\u0103 sau urm\u0103ri\u021bi o aliniere perfect\u0103, avem solu\u021bii care func\u021bioneaz\u0103. Vede\u021bi ce face Qingdao H&amp;F diferit - haide\u021bi s\u0103 vorbim despre urm\u0103torul dvs. proiect.<\/p>\n<p>&nbsp;<\/p>","protected":false},"excerpt":{"rendered":"<p data-pm-slice=\"1 1 []\">Tiran\u021bii de cofrare sunt indispensabili \u00een construc\u021bii, asigur\u00e2nd stabilitatea structural\u0103 \u0219i alinierea \u00een timpul turn\u0103rii betonului. Cump\u0103r\u0103torii caut\u0103 frecvent sisteme durabile de tiran\u021bi care se integreaz\u0103 perfect cu opritori de ap\u0103 \u0219i piuli\u021be cu aripi, oferind eficien\u021b\u0103 \u0219i fiabilitate maxime. La Qingdao H&amp;F, r\u0103spundem acestor nevoi cu asisten\u021b\u0103 personalizat\u0103 pentru clien\u021bi, livrare rapid\u0103 \u0219i rapoarte detaliate de inspec\u021bie a calit\u0103\u021bii, asigur\u00e2nd \u00eencrederea \u00een fiecare achizi\u021bie.<\/p>","protected":false},"featured_media":8607,"comment_status":"open","ping_status":"closed","template":"","meta":{"site-sidebar-layout":"default","site-content-layout":"default","ast-site-content-layout":"default","site-content-style":"default","site-sidebar-style":"default","ast-global-header-display":"","ast-banner-title-visibility":"","ast-main-header-display":"","ast-hfb-above-header-display":"","ast-hfb-below-header-display":"","ast-hfb-mobile-header-display":"","site-post-title":"","ast-breadcrumbs-content":"","ast-featured-img":"","footer-sml-layout":"","theme-transparent-header-meta":"default","adv-header-id-meta":"","stick-header-meta":"default","header-above-stick-meta":"","header-main-stick-meta":"","header-below-stick-meta":"","astra-migrate-meta-layouts":"set","ast-page-background-enabled":"default","ast-page-background-meta":{"desktop":{"background-color":"","background-image":"","background-repeat":"repeat","background-position":"center center","background-size":"auto","background-attachment":"scroll","background-type":"","background-media":"","overlay-type":"","overlay-color":"","overlay-opacity":"","overlay-gradient":""},"tablet":{"background-color":"","background-image":"","background-repeat":"repeat","background-position":"center center","background-size":"auto","background-attachment":"scroll","background-type":"","background-media":"","overlay-type":"","overlay-color":"","overlay-opacity":"","overlay-gradient":""},"mobile":{"background-color":"","background-image":"","background-repeat":"repeat","background-position":"center center","background-size":"auto","background-attachment":"scroll","background-type":"","background-media":"","overlay-type":"","overlay-color":"","overlay-opacity":"","overlay-gradient":""}},"ast-content-background-meta":{"desktop":{"background-color":"var(--ast-global-color-5)","background-image":"","background-repeat":"repeat","background-position":"center center","background-size":"auto","background-attachment":"scroll","background-type":"","background-media":"","overlay-type":"","overlay-color":"","overlay-opacity":"","overlay-gradient":""},"tablet":{"background-color":"var(--ast-global-color-5)","background-image":"","background-repeat":"repeat","background-position":"center center","background-size":"auto","background-attachment":"scroll","background-type":"","background-media":"","overlay-type":"","overlay-color":"","overlay-opacity":"","overlay-gradient":""},"mobile":{"background-color":"var(--ast-global-color-5)","background-image":"","background-repeat":"repeat","background-position":"center center","background-size":"auto","background-attachment":"scroll","background-type":"","background-media":"","overlay-type":"","overlay-color":"","overlay-opacity":"","overlay-gradient":""}}},"product_brand":[],"product_cat":[79],"product_tag":[],"class_list":{"0":"post-2132","1":"product","2":"type-product","3":"status-publish","4":"has-post-thumbnail","6":"product_cat-tie-rod-system","7":"desktop-align-left","8":"tablet-align-left","9":"mobile-align-left","10":"ast-product-gallery-layout-horizontal-slider","11":"ast-product-tabs-layout-horizontal","13":"first","14":"instock","15":"shipping-taxable","16":"purchasable","17":"product-type-simple"},"yoast_head":"<!-- This site is optimized with the Yoast SEO plugin v25.2 - https:\/\/yoast.com\/wordpress\/plugins\/seo\/ -->\n<title>Concrete Formwork Tie Rod<\/title>\n<meta name=\"description\" content=\"Tie rod is reinforced straight steel rebar of large diameter with high strength and high dimensional accuracy external thread .\" \/>\n<meta name=\"robots\" content=\"index, follow, max-snippet:-1, max-image-preview:large, max-video-preview:-1\" \/>\n<link rel=\"canonical\" href=\"https:\/\/qingdaohf.com\/ro\/produs\/tija-de-legatura-pentru-cofraje\/\" \/>\n<meta property=\"og:locale\" content=\"ro_RO\" \/>\n<meta property=\"og:type\" content=\"article\" \/>\n<meta property=\"og:title\" content=\"Concrete Formwork Tie Rod\" \/>\n<meta property=\"og:description\" content=\"Tie rod is reinforced straight steel rebar of large diameter with high strength and high dimensional accuracy external thread .\" \/>\n<meta property=\"og:url\" content=\"https:\/\/qingdaohf.com\/ro\/produs\/tija-de-legatura-pentru-cofraje\/\" \/>\n<meta property=\"og:site_name\" content=\"Concrete Form &amp; Rigging Hardware Supplier\" \/>\n<meta property=\"article:publisher\" content=\"https:\/\/www.facebook.com\/qingdaohf\" \/>\n<meta property=\"article:modified_time\" content=\"2025-11-13T01:06:19+00:00\" \/>\n<meta property=\"og:image\" content=\"https:\/\/qingdaohf.com\/wp-content\/uploads\/2023\/02\/tie-rod-system.webp\" \/>\n\t<meta property=\"og:image:width\" content=\"1000\" \/>\n\t<meta property=\"og:image:height\" content=\"1000\" \/>\n\t<meta property=\"og:image:type\" content=\"image\/webp\" \/>\n<meta name=\"twitter:card\" content=\"summary_large_image\" \/>\n<meta name=\"twitter:label1\" content=\"Timp estimat pentru citire\" \/>\n\t<meta name=\"twitter:data1\" content=\"4 minute\" \/>\n<script type=\"application\/ld+json\" class=\"yoast-schema-graph\">{\"@context\":\"https:\/\/schema.org\",\"@graph\":[{\"@type\":\"WebPage\",\"@id\":\"https:\/\/qingdaohf.com\/product\/formwork-tie-rod\/\",\"url\":\"https:\/\/qingdaohf.com\/product\/formwork-tie-rod\/\",\"name\":\"Concrete Formwork Tie Rod\",\"isPartOf\":{\"@id\":\"https:\/\/qingdaohf.com\/bg\/#website\"},\"primaryImageOfPage\":{\"@id\":\"https:\/\/qingdaohf.com\/product\/formwork-tie-rod\/#primaryimage\"},\"image\":{\"@id\":\"https:\/\/qingdaohf.com\/product\/formwork-tie-rod\/#primaryimage\"},\"thumbnailUrl\":\"https:\/\/qingdaohf.com\/wp-content\/uploads\/2023\/02\/tie-rod-system.webp\",\"datePublished\":\"2023-02-10T09:41:17+00:00\",\"dateModified\":\"2025-11-13T01:06:19+00:00\",\"description\":\"Tie rod is reinforced straight steel rebar of large diameter with high strength and high dimensional accuracy external thread .\",\"breadcrumb\":{\"@id\":\"https:\/\/qingdaohf.com\/product\/formwork-tie-rod\/#breadcrumb\"},\"inLanguage\":\"ro-RO\",\"potentialAction\":[{\"@type\":\"ReadAction\",\"target\":[\"https:\/\/qingdaohf.com\/product\/formwork-tie-rod\/\"]}]},{\"@type\":\"ImageObject\",\"inLanguage\":\"ro-RO\",\"@id\":\"https:\/\/qingdaohf.com\/product\/formwork-tie-rod\/#primaryimage\",\"url\":\"https:\/\/qingdaohf.com\/wp-content\/uploads\/2023\/02\/tie-rod-system.webp\",\"contentUrl\":\"https:\/\/qingdaohf.com\/wp-content\/uploads\/2023\/02\/tie-rod-system.webp\",\"width\":1000,\"height\":1000,\"caption\":\"tie rod system\"},{\"@type\":\"BreadcrumbList\",\"@id\":\"https:\/\/qingdaohf.com\/product\/formwork-tie-rod\/#breadcrumb\",\"itemListElement\":[{\"@type\":\"ListItem\",\"position\":1,\"name\":\"Home\",\"item\":\"https:\/\/qingdaohf.com\/\"},{\"@type\":\"ListItem\",\"position\":2,\"name\":\"Concrete Forming Accessories and Rigging Hardware\",\"item\":\"https:\/\/qingdaohf.com\/bg\/?page_id=944\"},{\"@type\":\"ListItem\",\"position\":3,\"name\":\"Concrete Formwork Tie Rod\"}]},{\"@type\":\"WebSite\",\"@id\":\"https:\/\/qingdaohf.com\/bg\/#website\",\"url\":\"https:\/\/qingdaohf.com\/bg\/\",\"name\":\"Concrete Form & Rigging Hardware Supplier\",\"description\":\"\",\"publisher\":{\"@id\":\"https:\/\/qingdaohf.com\/bg\/#organization\"},\"potentialAction\":[{\"@type\":\"SearchAction\",\"target\":{\"@type\":\"EntryPoint\",\"urlTemplate\":\"https:\/\/qingdaohf.com\/bg\/?s={search_term_string}\"},\"query-input\":{\"@type\":\"PropertyValueSpecification\",\"valueRequired\":true,\"valueName\":\"search_term_string\"}}],\"inLanguage\":\"ro-RO\"},{\"@type\":\"Organization\",\"@id\":\"https:\/\/qingdaohf.com\/bg\/#organization\",\"name\":\"Qingdao H&F\",\"url\":\"https:\/\/qingdaohf.com\/bg\/\",\"logo\":{\"@type\":\"ImageObject\",\"inLanguage\":\"ro-RO\",\"@id\":\"https:\/\/qingdaohf.com\/bg\/#\/schema\/logo\/image\/\",\"url\":\"https:\/\/qingdaohf.com\/wp-content\/uploads\/2022\/12\/cropped-HF-LOGO.png\",\"contentUrl\":\"https:\/\/qingdaohf.com\/wp-content\/uploads\/2022\/12\/cropped-HF-LOGO.png\",\"width\":391,\"height\":249,\"caption\":\"Qingdao H&F\"},\"image\":{\"@id\":\"https:\/\/qingdaohf.com\/bg\/#\/schema\/logo\/image\/\"},\"sameAs\":[\"https:\/\/www.facebook.com\/qingdaohf\"]}]}<\/script>\n<!-- \/ Yoast SEO plugin. -->","yoast_head_json":{"title":"Concrete Formwork Tie Rod","description":"Tie rod is reinforced straight steel rebar of large diameter with high strength and high dimensional accuracy external thread .","robots":{"index":"index","follow":"follow","max-snippet":"max-snippet:-1","max-image-preview":"max-image-preview:large","max-video-preview":"max-video-preview:-1"},"canonical":"https:\/\/qingdaohf.com\/ro\/produs\/tija-de-legatura-pentru-cofraje\/","og_locale":"ro_RO","og_type":"article","og_title":"Concrete Formwork Tie Rod","og_description":"Tie rod is reinforced straight steel rebar of large diameter with high strength and high dimensional accuracy external thread .","og_url":"https:\/\/qingdaohf.com\/ro\/produs\/tija-de-legatura-pentru-cofraje\/","og_site_name":"Concrete Form &amp; Rigging Hardware Supplier","article_publisher":"https:\/\/www.facebook.com\/qingdaohf","article_modified_time":"2025-11-13T01:06:19+00:00","og_image":[{"width":1000,"height":1000,"url":"https:\/\/qingdaohf.com\/wp-content\/uploads\/2023\/02\/tie-rod-system.webp","type":"image\/webp"}],"twitter_card":"summary_large_image","twitter_misc":{"Timp estimat pentru citire":"4 minute"},"schema":{"@context":"https:\/\/schema.org","@graph":[{"@type":"WebPage","@id":"https:\/\/qingdaohf.com\/product\/formwork-tie-rod\/","url":"https:\/\/qingdaohf.com\/product\/formwork-tie-rod\/","name":"Concrete Formwork Tie Rod","isPartOf":{"@id":"https:\/\/qingdaohf.com\/bg\/#website"},"primaryImageOfPage":{"@id":"https:\/\/qingdaohf.com\/product\/formwork-tie-rod\/#primaryimage"},"image":{"@id":"https:\/\/qingdaohf.com\/product\/formwork-tie-rod\/#primaryimage"},"thumbnailUrl":"https:\/\/qingdaohf.com\/wp-content\/uploads\/2023\/02\/tie-rod-system.webp","datePublished":"2023-02-10T09:41:17+00:00","dateModified":"2025-11-13T01:06:19+00:00","description":"Tie rod is reinforced straight steel rebar of large diameter with high strength and high dimensional accuracy external thread .","breadcrumb":{"@id":"https:\/\/qingdaohf.com\/product\/formwork-tie-rod\/#breadcrumb"},"inLanguage":"ro-RO","potentialAction":[{"@type":"ReadAction","target":["https:\/\/qingdaohf.com\/product\/formwork-tie-rod\/"]}]},{"@type":"ImageObject","inLanguage":"ro-RO","@id":"https:\/\/qingdaohf.com\/product\/formwork-tie-rod\/#primaryimage","url":"https:\/\/qingdaohf.com\/wp-content\/uploads\/2023\/02\/tie-rod-system.webp","contentUrl":"https:\/\/qingdaohf.com\/wp-content\/uploads\/2023\/02\/tie-rod-system.webp","width":1000,"height":1000,"caption":"tie rod system"},{"@type":"BreadcrumbList","@id":"https:\/\/qingdaohf.com\/product\/formwork-tie-rod\/#breadcrumb","itemListElement":[{"@type":"ListItem","position":1,"name":"Home","item":"https:\/\/qingdaohf.com\/"},{"@type":"ListItem","position":2,"name":"Concrete Forming Accessories and Rigging Hardware","item":"https:\/\/qingdaohf.com\/bg\/?page_id=944"},{"@type":"ListItem","position":3,"name":"Concrete Formwork Tie Rod"}]},{"@type":"WebSite","@id":"https:\/\/qingdaohf.com\/bg\/#website","url":"https:\/\/qingdaohf.com\/bg\/","name":"Concrete Form & Rigging Hardware Supplier","description":"","publisher":{"@id":"https:\/\/qingdaohf.com\/bg\/#organization"},"potentialAction":[{"@type":"SearchAction","target":{"@type":"EntryPoint","urlTemplate":"https:\/\/qingdaohf.com\/bg\/?s={search_term_string}"},"query-input":{"@type":"PropertyValueSpecification","valueRequired":true,"valueName":"search_term_string"}}],"inLanguage":"ro-RO"},{"@type":"Organization","@id":"https:\/\/qingdaohf.com\/bg\/#organization","name":"Qingdao H&F","url":"https:\/\/qingdaohf.com\/bg\/","logo":{"@type":"ImageObject","inLanguage":"ro-RO","@id":"https:\/\/qingdaohf.com\/bg\/#\/schema\/logo\/image\/","url":"https:\/\/qingdaohf.com\/wp-content\/uploads\/2022\/12\/cropped-HF-LOGO.png","contentUrl":"https:\/\/qingdaohf.com\/wp-content\/uploads\/2022\/12\/cropped-HF-LOGO.png","width":391,"height":249,"caption":"Qingdao H&F"},"image":{"@id":"https:\/\/qingdaohf.com\/bg\/#\/schema\/logo\/image\/"},"sameAs":["https:\/\/www.facebook.com\/qingdaohf"]}]}},"_links":{"self":[{"href":"https:\/\/qingdaohf.com\/ro\/wp-json\/wp\/v2\/product\/2132","targetHints":{"allow":["GET"]}}],"collection":[{"href":"https:\/\/qingdaohf.com\/ro\/wp-json\/wp\/v2\/product"}],"about":[{"href":"https:\/\/qingdaohf.com\/ro\/wp-json\/wp\/v2\/types\/product"}],"replies":[{"embeddable":true,"href":"https:\/\/qingdaohf.com\/ro\/wp-json\/wp\/v2\/comments?post=2132"}],"version-history":[{"count":4,"href":"https:\/\/qingdaohf.com\/ro\/wp-json\/wp\/v2\/product\/2132\/revisions"}],"predecessor-version":[{"id":3498,"href":"https:\/\/qingdaohf.com\/ro\/wp-json\/wp\/v2\/product\/2132\/revisions\/3498"}],"wp:featuredmedia":[{"embeddable":true,"href":"https:\/\/qingdaohf.com\/ro\/wp-json\/wp\/v2\/media\/8607"}],"wp:attachment":[{"href":"https:\/\/qingdaohf.com\/ro\/wp-json\/wp\/v2\/media?parent=2132"}],"wp:term":[{"taxonomy":"product_brand","embeddable":true,"href":"https:\/\/qingdaohf.com\/ro\/wp-json\/wp\/v2\/product_brand?post=2132"},{"taxonomy":"product_cat","embeddable":true,"href":"https:\/\/qingdaohf.com\/ro\/wp-json\/wp\/v2\/product_cat?post=2132"},{"taxonomy":"product_tag","embeddable":true,"href":"https:\/\/qingdaohf.com\/ro\/wp-json\/wp\/v2\/product_tag?post=2132"}],"curies":[{"name":"wp","href":"https:\/\/api.w.org\/{rel}","templated":true}]}}