{"id":2195,"date":"2023-02-14T17:51:08","date_gmt":"2023-02-14T09:51:08","guid":{"rendered":"http:\/\/qingdaohf.com\/?post_type=product&#038;p=2195"},"modified":"2025-11-13T09:06:18","modified_gmt":"2025-11-13T01:06:18","slug":"danforth-anchor","status":"publish","type":"product","link":"https:\/\/qingdaohf.com\/ro\/produs\/ancora-danforth\/","title":{"rendered":"Ancora Danforth"},"content":{"rendered":"<p>Ancora este construit\u0103 cu o baz\u0103 la nivelul coroanei, care serve\u0219te drept punct de pivot pentru lamele. Lamele au forma unor lamele late \u0219i ascu\u021bite, care sunt articulate la baz\u0103. De obicei, exist\u0103 dou\u0103 lamele care pot pivota \u0219i se pot \u00eenfige \u00een fundul m\u0103rii atunci c\u00e2nd ancora este fixat\u0103.<\/p>\n<p>Una dintre caracteristicile definitorii ale ancorei Danforth este designul s\u0103u u\u0219or \u0219i compact, ceea ce o face u\u0219or de manevrat \u0219i de depozitat la bordul b\u0103rcilor. Este adesea fabricat\u0103 din o\u021bel de \u00eenalt\u0103 rezisten\u021b\u0103, asigur\u00e2nd durabilitatea \u0219i rezisten\u021ba la coroziune.<\/p>\n<p>Lamele ancorei Danforth sunt concepute pentru a penetra diferite tipuri de funduri marine, inclusiv nisip, noroi \u0219i pietri\u0219. Atunci c\u00e2nd ancora este aruncat\u0103, aceasta se bazeaz\u0103 pe lamelele sale pentru a se \u00eenfige \u00een fundul m\u0103rii \u0219i a asigura o fixare sigur\u0103. V\u00e2rfurile ascu\u021bite \u0219i lamelele late ale lamelelor ajut\u0103 la cre\u0219terea puterii de fixare a ancorei, \u00een special pe fundurile nisipoase sau noroioase.<\/p>\n<p>Pentru a spori stabilitatea \u0219i a preveni r\u0103sturnarea ancorei, ancora Danforth este prev\u0103zut\u0103 cu un suport la nivelul coroanei. Acest stoc asigur\u0103 faptul c\u0103 ancora r\u0103m\u00e2ne \u00een orientarea corect\u0103 pentru a maximiza capacitatea sa de fixare.<\/p>\n<p>Ancora Danforth este utilizat\u0103 \u00een mod obi\u0219nuit \u00een ambarca\u021biunile de agrement, b\u0103rcile cu p\u00e2nze \u0219i navele mai mici. Este preferat\u0103 pentru puterea sa de fixare, manevrarea u\u0219oar\u0103 \u0219i capacitatea de a se reseta dac\u0103 v\u00e2ntul sau curentul se schimb\u0103. Cu toate acestea, este posibil s\u0103 nu fie la fel de eficient\u0103 \u00een zonele st\u00e2ncoase sau cu buruieni abundente, unde lamelele sale se pot \u00eencurca.<\/p>\n<p><img fetchpriority=\"high\" decoding=\"async\" class=\"alignnone wp-image-8305 size-full\" src=\"http:\/\/qingdaohf.com\/wp-content\/uploads\/2023\/02\/danforth-anchor-1.png\" alt=\"danforth-anclor \" width=\"600\" height=\"519\" srcset=\"https:\/\/qingdaohf.com\/wp-content\/uploads\/2023\/02\/danforth-anchor-1.png 600w, https:\/\/qingdaohf.com\/wp-content\/uploads\/2023\/02\/danforth-anchor-1-300x260.png 300w, https:\/\/qingdaohf.com\/wp-content\/uploads\/2023\/02\/danforth-anchor-1-14x12.png 14w\" sizes=\"(max-width: 600px) 100vw, 600px\" \/> <img decoding=\"async\" class=\"alignnone wp-image-8306 size-full\" src=\"http:\/\/qingdaohf.com\/wp-content\/uploads\/2023\/02\/danforth-anchor-2.png\" alt=\"danforth-anclor \" width=\"582\" height=\"661\" srcset=\"https:\/\/qingdaohf.com\/wp-content\/uploads\/2023\/02\/danforth-anchor-2.png 582w, https:\/\/qingdaohf.com\/wp-content\/uploads\/2023\/02\/danforth-anchor-2-264x300.png 264w, https:\/\/qingdaohf.com\/wp-content\/uploads\/2023\/02\/danforth-anchor-2-11x12.png 11w\" sizes=\"(max-width: 582px) 100vw, 582px\" \/><\/p>\n<p>&nbsp;<\/p>\n<p><img decoding=\"async\" class=\"alignnone size-full wp-image-3881\" src=\"http:\/\/qingdaohf.com\/wp-content\/uploads\/2023\/02\/Danforth-Anchor-1.jpg\" alt=\"Ancora Danforth\" width=\"750\" height=\"562\" srcset=\"https:\/\/qingdaohf.com\/wp-content\/uploads\/2023\/02\/Danforth-Anchor-1.jpg 750w, https:\/\/qingdaohf.com\/wp-content\/uploads\/2023\/02\/Danforth-Anchor-1-300x225.jpg 300w\" sizes=\"(max-width: 750px) 100vw, 750px\" \/> <img loading=\"lazy\" decoding=\"async\" class=\"alignnone size-full wp-image-3882\" src=\"http:\/\/qingdaohf.com\/wp-content\/uploads\/2023\/02\/Danforth-Anchor-2.jpg\" alt=\"Ancora Danforth\" width=\"750\" height=\"562\" srcset=\"https:\/\/qingdaohf.com\/wp-content\/uploads\/2023\/02\/Danforth-Anchor-2.jpg 750w, https:\/\/qingdaohf.com\/wp-content\/uploads\/2023\/02\/Danforth-Anchor-2-300x225.jpg 300w\" sizes=\"(max-width: 750px) 100vw, 750px\" \/><\/p>","protected":false},"excerpt":{"rendered":"<p>Ancora Danforth este un tip de ancor\u0103 popular \u0219i recunoscut pe scar\u0103 larg\u0103, utilizat \u00een activit\u0103\u021bile nautice \u0219i maritime. Ea poart\u0103 numele inventatorului s\u0103u, Richard Danforth, care a dezvoltat modelul la mijlocul secolului al XX-lea. Ancora Danforth este cunoscut\u0103 pentru puterea sa excelent\u0103 de fixare \u0219i pentru versatilitatea sa \u00eentr-o varietate de condi\u021bii ale fundului m\u0103rii.<\/p>","protected":false},"featured_media":3880,"comment_status":"open","ping_status":"closed","template":"","meta":{"site-sidebar-layout":"default","site-content-layout":"default","ast-site-content-layout":"default","site-content-style":"default","site-sidebar-style":"default","ast-global-header-display":"","ast-banner-title-visibility":"","ast-main-header-display":"","ast-hfb-above-header-display":"","ast-hfb-below-header-display":"","ast-hfb-mobile-header-display":"","site-post-title":"","ast-breadcrumbs-content":"","ast-featured-img":"","footer-sml-layout":"","theme-transparent-header-meta":"default","adv-header-id-meta":"","stick-header-meta":"default","header-above-stick-meta":"","header-main-stick-meta":"","header-below-stick-meta":"","astra-migrate-meta-layouts":"set","ast-page-background-enabled":"default","ast-page-background-meta":{"desktop":{"background-color":"","background-image":"","background-repeat":"repeat","background-position":"center center","background-size":"auto","background-attachment":"scroll","background-type":"","background-media":"","overlay-type":"","overlay-color":"","overlay-opacity":"","overlay-gradient":""},"tablet":{"background-color":"","background-image":"","background-repeat":"repeat","background-position":"center center","background-size":"auto","background-attachment":"scroll","background-type":"","background-media":"","overlay-type":"","overlay-color":"","overlay-opacity":"","overlay-gradient":""},"mobile":{"background-color":"","background-image":"","background-repeat":"repeat","background-position":"center center","background-size":"auto","background-attachment":"scroll","background-type":"","background-media":"","overlay-type":"","overlay-color":"","overlay-opacity":"","overlay-gradient":""}},"ast-content-background-meta":{"desktop":{"background-color":"var(--ast-global-color-5)","background-image":"","background-repeat":"repeat","background-position":"center center","background-size":"auto","background-attachment":"scroll","background-type":"","background-media":"","overlay-type":"","overlay-color":"","overlay-opacity":"","overlay-gradient":""},"tablet":{"background-color":"var(--ast-global-color-5)","background-image":"","background-repeat":"repeat","background-position":"center center","background-size":"auto","background-attachment":"scroll","background-type":"","background-media":"","overlay-type":"","overlay-color":"","overlay-opacity":"","overlay-gradient":""},"mobile":{"background-color":"var(--ast-global-color-5)","background-image":"","background-repeat":"repeat","background-position":"center center","background-size":"auto","background-attachment":"scroll","background-type":"","background-media":"","overlay-type":"","overlay-color":"","overlay-opacity":"","overlay-gradient":""}}},"product_brand":[],"product_cat":[74,43],"product_tag":[],"class_list":{"0":"post-2195","1":"product","2":"type-product","3":"status-publish","4":"has-post-thumbnail","6":"product_cat-boat-anchor","7":"product_cat-rigging-hardware","8":"desktop-align-left","9":"tablet-align-left","10":"mobile-align-left","11":"ast-product-gallery-layout-horizontal-slider","12":"ast-product-tabs-layout-horizontal","14":"first","15":"instock","16":"shipping-taxable","17":"purchasable","18":"product-type-simple"},"yoast_head":"<!-- This site is optimized with the Yoast SEO plugin v25.2 - https:\/\/yoast.com\/wordpress\/plugins\/seo\/ -->\n<title>Danforth Anchor<\/title>\n<meta name=\"description\" content=\"The Danforth Anchor is a widely recognized and popular type of anchor used in boating and maritime activities. The Danforth Anchor is a widely recognized and popular type of anchor used in boating and maritime activities.\" \/>\n<meta name=\"robots\" content=\"index, follow, max-snippet:-1, max-image-preview:large, max-video-preview:-1\" \/>\n<link rel=\"canonical\" href=\"https:\/\/qingdaohf.com\/ro\/produs\/ancora-danforth\/\" \/>\n<meta property=\"og:locale\" content=\"ro_RO\" \/>\n<meta property=\"og:type\" content=\"article\" \/>\n<meta property=\"og:title\" content=\"Danforth Anchor\" \/>\n<meta property=\"og:description\" content=\"The Danforth Anchor is a widely recognized and popular type of anchor used in boating and maritime activities. The Danforth Anchor is a widely recognized and popular type of anchor used in boating and maritime activities.\" \/>\n<meta property=\"og:url\" content=\"https:\/\/qingdaohf.com\/ro\/produs\/ancora-danforth\/\" \/>\n<meta property=\"og:site_name\" content=\"Concrete Form &amp; Rigging Hardware Supplier\" \/>\n<meta property=\"article:publisher\" content=\"https:\/\/www.facebook.com\/qingdaohf\" \/>\n<meta property=\"article:modified_time\" content=\"2025-11-13T01:06:18+00:00\" \/>\n<meta property=\"og:image\" content=\"https:\/\/qingdaohf.com\/wp-content\/uploads\/2023\/02\/Danforth-Anchor-8.jpg\" \/>\n\t<meta property=\"og:image:width\" content=\"1000\" \/>\n\t<meta property=\"og:image:height\" content=\"1000\" \/>\n\t<meta property=\"og:image:type\" content=\"image\/jpeg\" \/>\n<meta name=\"twitter:card\" content=\"summary_large_image\" \/>\n<meta name=\"twitter:label1\" content=\"Timp estimat pentru citire\" \/>\n\t<meta name=\"twitter:data1\" content=\"3 minute\" \/>\n<script type=\"application\/ld+json\" class=\"yoast-schema-graph\">{\"@context\":\"https:\/\/schema.org\",\"@graph\":[{\"@type\":\"WebPage\",\"@id\":\"https:\/\/qingdaohf.com\/product\/danforth-anchor\/\",\"url\":\"https:\/\/qingdaohf.com\/product\/danforth-anchor\/\",\"name\":\"Danforth Anchor\",\"isPartOf\":{\"@id\":\"https:\/\/qingdaohf.com\/bg\/#website\"},\"primaryImageOfPage\":{\"@id\":\"https:\/\/qingdaohf.com\/product\/danforth-anchor\/#primaryimage\"},\"image\":{\"@id\":\"https:\/\/qingdaohf.com\/product\/danforth-anchor\/#primaryimage\"},\"thumbnailUrl\":\"https:\/\/qingdaohf.com\/wp-content\/uploads\/2023\/02\/Danforth-Anchor-8.jpg\",\"datePublished\":\"2023-02-14T09:51:08+00:00\",\"dateModified\":\"2025-11-13T01:06:18+00:00\",\"description\":\"The Danforth Anchor is a widely recognized and popular type of anchor used in boating and maritime activities. The Danforth Anchor is a widely recognized and popular type of anchor used in boating and maritime activities.\",\"breadcrumb\":{\"@id\":\"https:\/\/qingdaohf.com\/product\/danforth-anchor\/#breadcrumb\"},\"inLanguage\":\"ro-RO\",\"potentialAction\":[{\"@type\":\"ReadAction\",\"target\":[\"https:\/\/qingdaohf.com\/product\/danforth-anchor\/\"]}]},{\"@type\":\"ImageObject\",\"inLanguage\":\"ro-RO\",\"@id\":\"https:\/\/qingdaohf.com\/product\/danforth-anchor\/#primaryimage\",\"url\":\"https:\/\/qingdaohf.com\/wp-content\/uploads\/2023\/02\/Danforth-Anchor-8.jpg\",\"contentUrl\":\"https:\/\/qingdaohf.com\/wp-content\/uploads\/2023\/02\/Danforth-Anchor-8.jpg\",\"width\":1000,\"height\":1000,\"caption\":\"Danforth Anchor\"},{\"@type\":\"BreadcrumbList\",\"@id\":\"https:\/\/qingdaohf.com\/product\/danforth-anchor\/#breadcrumb\",\"itemListElement\":[{\"@type\":\"ListItem\",\"position\":1,\"name\":\"Home\",\"item\":\"https:\/\/qingdaohf.com\/\"},{\"@type\":\"ListItem\",\"position\":2,\"name\":\"Concrete Forming Accessories and Rigging Hardware\",\"item\":\"https:\/\/qingdaohf.com\/bg\/?page_id=944\"},{\"@type\":\"ListItem\",\"position\":3,\"name\":\"Danforth Anchor\"}]},{\"@type\":\"WebSite\",\"@id\":\"https:\/\/qingdaohf.com\/bg\/#website\",\"url\":\"https:\/\/qingdaohf.com\/bg\/\",\"name\":\"Concrete Form & Rigging Hardware Supplier\",\"description\":\"\",\"publisher\":{\"@id\":\"https:\/\/qingdaohf.com\/bg\/#organization\"},\"potentialAction\":[{\"@type\":\"SearchAction\",\"target\":{\"@type\":\"EntryPoint\",\"urlTemplate\":\"https:\/\/qingdaohf.com\/bg\/?s={search_term_string}\"},\"query-input\":{\"@type\":\"PropertyValueSpecification\",\"valueRequired\":true,\"valueName\":\"search_term_string\"}}],\"inLanguage\":\"ro-RO\"},{\"@type\":\"Organization\",\"@id\":\"https:\/\/qingdaohf.com\/bg\/#organization\",\"name\":\"Qingdao H&F\",\"url\":\"https:\/\/qingdaohf.com\/bg\/\",\"logo\":{\"@type\":\"ImageObject\",\"inLanguage\":\"ro-RO\",\"@id\":\"https:\/\/qingdaohf.com\/bg\/#\/schema\/logo\/image\/\",\"url\":\"https:\/\/qingdaohf.com\/wp-content\/uploads\/2022\/12\/cropped-HF-LOGO.png\",\"contentUrl\":\"https:\/\/qingdaohf.com\/wp-content\/uploads\/2022\/12\/cropped-HF-LOGO.png\",\"width\":391,\"height\":249,\"caption\":\"Qingdao H&F\"},\"image\":{\"@id\":\"https:\/\/qingdaohf.com\/bg\/#\/schema\/logo\/image\/\"},\"sameAs\":[\"https:\/\/www.facebook.com\/qingdaohf\"]}]}<\/script>\n<!-- \/ Yoast SEO plugin. -->","yoast_head_json":{"title":"Danforth Anchor","description":"The Danforth Anchor is a widely recognized and popular type of anchor used in boating and maritime activities. The Danforth Anchor is a widely recognized and popular type of anchor used in boating and maritime activities.","robots":{"index":"index","follow":"follow","max-snippet":"max-snippet:-1","max-image-preview":"max-image-preview:large","max-video-preview":"max-video-preview:-1"},"canonical":"https:\/\/qingdaohf.com\/ro\/produs\/ancora-danforth\/","og_locale":"ro_RO","og_type":"article","og_title":"Danforth Anchor","og_description":"The Danforth Anchor is a widely recognized and popular type of anchor used in boating and maritime activities. The Danforth Anchor is a widely recognized and popular type of anchor used in boating and maritime activities.","og_url":"https:\/\/qingdaohf.com\/ro\/produs\/ancora-danforth\/","og_site_name":"Concrete Form &amp; Rigging Hardware Supplier","article_publisher":"https:\/\/www.facebook.com\/qingdaohf","article_modified_time":"2025-11-13T01:06:18+00:00","og_image":[{"width":1000,"height":1000,"url":"https:\/\/qingdaohf.com\/wp-content\/uploads\/2023\/02\/Danforth-Anchor-8.jpg","type":"image\/jpeg"}],"twitter_card":"summary_large_image","twitter_misc":{"Timp estimat pentru citire":"3 minute"},"schema":{"@context":"https:\/\/schema.org","@graph":[{"@type":"WebPage","@id":"https:\/\/qingdaohf.com\/product\/danforth-anchor\/","url":"https:\/\/qingdaohf.com\/product\/danforth-anchor\/","name":"Danforth Anchor","isPartOf":{"@id":"https:\/\/qingdaohf.com\/bg\/#website"},"primaryImageOfPage":{"@id":"https:\/\/qingdaohf.com\/product\/danforth-anchor\/#primaryimage"},"image":{"@id":"https:\/\/qingdaohf.com\/product\/danforth-anchor\/#primaryimage"},"thumbnailUrl":"https:\/\/qingdaohf.com\/wp-content\/uploads\/2023\/02\/Danforth-Anchor-8.jpg","datePublished":"2023-02-14T09:51:08+00:00","dateModified":"2025-11-13T01:06:18+00:00","description":"The Danforth Anchor is a widely recognized and popular type of anchor used in boating and maritime activities. The Danforth Anchor is a widely recognized and popular type of anchor used in boating and maritime activities.","breadcrumb":{"@id":"https:\/\/qingdaohf.com\/product\/danforth-anchor\/#breadcrumb"},"inLanguage":"ro-RO","potentialAction":[{"@type":"ReadAction","target":["https:\/\/qingdaohf.com\/product\/danforth-anchor\/"]}]},{"@type":"ImageObject","inLanguage":"ro-RO","@id":"https:\/\/qingdaohf.com\/product\/danforth-anchor\/#primaryimage","url":"https:\/\/qingdaohf.com\/wp-content\/uploads\/2023\/02\/Danforth-Anchor-8.jpg","contentUrl":"https:\/\/qingdaohf.com\/wp-content\/uploads\/2023\/02\/Danforth-Anchor-8.jpg","width":1000,"height":1000,"caption":"Danforth Anchor"},{"@type":"BreadcrumbList","@id":"https:\/\/qingdaohf.com\/product\/danforth-anchor\/#breadcrumb","itemListElement":[{"@type":"ListItem","position":1,"name":"Home","item":"https:\/\/qingdaohf.com\/"},{"@type":"ListItem","position":2,"name":"Concrete Forming Accessories and Rigging Hardware","item":"https:\/\/qingdaohf.com\/bg\/?page_id=944"},{"@type":"ListItem","position":3,"name":"Danforth Anchor"}]},{"@type":"WebSite","@id":"https:\/\/qingdaohf.com\/bg\/#website","url":"https:\/\/qingdaohf.com\/bg\/","name":"Concrete Form & Rigging Hardware Supplier","description":"","publisher":{"@id":"https:\/\/qingdaohf.com\/bg\/#organization"},"potentialAction":[{"@type":"SearchAction","target":{"@type":"EntryPoint","urlTemplate":"https:\/\/qingdaohf.com\/bg\/?s={search_term_string}"},"query-input":{"@type":"PropertyValueSpecification","valueRequired":true,"valueName":"search_term_string"}}],"inLanguage":"ro-RO"},{"@type":"Organization","@id":"https:\/\/qingdaohf.com\/bg\/#organization","name":"Qingdao H&F","url":"https:\/\/qingdaohf.com\/bg\/","logo":{"@type":"ImageObject","inLanguage":"ro-RO","@id":"https:\/\/qingdaohf.com\/bg\/#\/schema\/logo\/image\/","url":"https:\/\/qingdaohf.com\/wp-content\/uploads\/2022\/12\/cropped-HF-LOGO.png","contentUrl":"https:\/\/qingdaohf.com\/wp-content\/uploads\/2022\/12\/cropped-HF-LOGO.png","width":391,"height":249,"caption":"Qingdao H&F"},"image":{"@id":"https:\/\/qingdaohf.com\/bg\/#\/schema\/logo\/image\/"},"sameAs":["https:\/\/www.facebook.com\/qingdaohf"]}]}},"_links":{"self":[{"href":"https:\/\/qingdaohf.com\/ro\/wp-json\/wp\/v2\/product\/2195","targetHints":{"allow":["GET"]}}],"collection":[{"href":"https:\/\/qingdaohf.com\/ro\/wp-json\/wp\/v2\/product"}],"about":[{"href":"https:\/\/qingdaohf.com\/ro\/wp-json\/wp\/v2\/types\/product"}],"replies":[{"embeddable":true,"href":"https:\/\/qingdaohf.com\/ro\/wp-json\/wp\/v2\/comments?post=2195"}],"version-history":[{"count":2,"href":"https:\/\/qingdaohf.com\/ro\/wp-json\/wp\/v2\/product\/2195\/revisions"}],"predecessor-version":[{"id":8307,"href":"https:\/\/qingdaohf.com\/ro\/wp-json\/wp\/v2\/product\/2195\/revisions\/8307"}],"wp:featuredmedia":[{"embeddable":true,"href":"https:\/\/qingdaohf.com\/ro\/wp-json\/wp\/v2\/media\/3880"}],"wp:attachment":[{"href":"https:\/\/qingdaohf.com\/ro\/wp-json\/wp\/v2\/media?parent=2195"}],"wp:term":[{"taxonomy":"product_brand","embeddable":true,"href":"https:\/\/qingdaohf.com\/ro\/wp-json\/wp\/v2\/product_brand?post=2195"},{"taxonomy":"product_cat","embeddable":true,"href":"https:\/\/qingdaohf.com\/ro\/wp-json\/wp\/v2\/product_cat?post=2195"},{"taxonomy":"product_tag","embeddable":true,"href":"https:\/\/qingdaohf.com\/ro\/wp-json\/wp\/v2\/product_tag?post=2195"}],"curies":[{"name":"wp","href":"https:\/\/api.w.org\/{rel}","templated":true}]}}