{"id":2205,"date":"2023-02-15T10:22:34","date_gmt":"2023-02-15T02:22:34","guid":{"rendered":"http:\/\/qingdaohf.com\/?post_type=product&#038;p=2205"},"modified":"2025-11-13T09:06:18","modified_gmt":"2025-11-13T01:06:18","slug":"i-beam-stake","status":"publish","type":"product","link":"https:\/\/qingdaohf.com\/ro\/produs\/i-tarus-de-grinda\/","title":{"rendered":"St\u00e2lp de beton I-Beam"},"content":{"rendered":"<p>Formarea betonului este procesul de creare a unei matri\u021be sau a unui cadru temporar \u00een care se toarn\u0103 beton umed \u0219i se las\u0103 s\u0103 se \u00eent\u0103reasc\u0103 \u00een forma sau structura dorit\u0103. Cofrajele pentru beton sunt realizate de obicei din lemn, o\u021bel sau plastic \u0219i sunt utilizate pentru a crea o varietate de structuri din beton, cum ar fi pere\u021bi, coloane, pl\u0103ci \u0219i grinzi.<\/p>\n<p>\u021aepu\u0219ele de o\u021bel sunt utilizate \u00een mod obi\u0219nuit \u00een cofrarea betonului pentru a men\u021bine cofrajul \u00een pozi\u021bie \u0219i pentru a asigura suportul pentru greutatea betonului umed. Exist\u0103 mai multe tipuri de \u021b\u0103ru\u0219i de o\u021bel disponibile pentru a fi utiliza\u021bi la cofrarea betonului, inclusiv \u021b\u0103ru\u0219i de o\u021bel rotunzi, \u021b\u0103ru\u0219i de o\u021bel p\u0103tra\u021bi, \u021b\u0103ru\u0219i de o\u021bel plat \u0219i \u021b\u0103ru\u0219i de o\u021bel cu grinzi I plate.<\/p>\n<p><a href=\"http:\/\/qingdaohf.com\/ro\/product\/round-steel-stake\/\">\u021b\u0103ru\u0219i rotunzi din o\u021bel<\/a> sunt cel mai frecvent tip de \u021b\u0103ru\u0219i de o\u021bel utilizat \u00een formarea betonului. De obicei, ace\u0219tia sunt fabrica\u021bi din o\u021bel de \u00eenalt\u0103 rezisten\u021b\u0103 \u0219i sunt disponibili \u00eentr-o gam\u0103 de diametre \u0219i lungimi. \u021b\u0103ru\u0219ii rotunzi din o\u021bel sunt u\u0219or de instalat \u0219i de \u00eendep\u0103rtat \u0219i ofer\u0103 o stabilitate \u0219i un suport excelent pentru cofraje.<\/p>\n<p><a href=\"https:\/\/qingdaohf.com\/ro\/produs\/tarus-patrat-din-otel-cu-gauri\/\">\u021b\u0103ru\u0219i p\u0103tra\u021bi din o\u021bel<\/a> sunt similare cu \u021b\u0103ru\u0219ii rotunzi din o\u021bel, dar au o sec\u021biune transversal\u0103 p\u0103trat\u0103 \u00een loc de una circular\u0103. De asemenea, sunt fabricate din o\u021bel de \u00eenalt\u0103 rezisten\u021b\u0103 \u0219i sunt disponibile \u00eentr-o gam\u0103 larg\u0103 de dimensiuni. St\u00e2lpii de o\u021bel p\u0103tra\u021bi sunt adesea utiliza\u021bi \u00een situa\u021bii \u00een care este necesar\u0103 o stabilitate suplimentar\u0103, cum ar fi \u00een condi\u021bii de v\u00e2nt sau \u00een condi\u021bii de denivelare.<\/p>\n<p><a href=\"https:\/\/qingdaohf.com\/ro\/produs\/tarus-din-otel-plat\/\">\u021b\u0103ru\u0219i din o\u021bel plat<\/a> sunt de obicei fabricate din o\u021bel mai sub\u021bire dec\u00e2t \u021b\u0103ru\u0219ii rotunzi sau p\u0103tra\u021bi din o\u021bel. Ace\u0219tia au o sec\u021biune transversal\u0103 plan\u0103 \u0219i sunt concepu\u021bi pentru a fi \u00eenfip\u021bi \u00een p\u0103m\u00e2nt la un anumit unghi pentru a oferi stabilitate suplimentar\u0103 pentru cofraje. St\u00e2lpii de o\u021bel plat sunt adesea utiliza\u021bi \u00een combina\u021bie cu st\u00e2lpii de o\u021bel rotunzi sau p\u0103tra\u021bi pentru a oferi un sprijin suplimentar \u00een condi\u021bii dificile.<\/p>\n<p>St\u00e2lpii din o\u021bel cu grinzi plate \u00een form\u0103 de I sunt asem\u0103n\u0103tori cu cei din o\u021bel plat, dar au o sec\u021biune transversal\u0103 care seam\u0103n\u0103 cu litera \"I\". De obicei, acestea sunt fabricate din o\u021bel mai gros dec\u00e2t \u021b\u0103ru\u0219ii din o\u021bel plat \u0219i sunt concepute pentru a oferi \u0219i mai mult\u0103 stabilitate \u0219i suport pentru cofraje. St\u00e2lpii de o\u021bel cu grinzi plate \u00een form\u0103 de I sunt adesea utiliza\u021bi \u00een proiecte de cofraj de beton la scar\u0103 larg\u0103, cum ar fi construc\u021bia de poduri sau de cl\u0103diri \u00eenalte.<\/p>\n\n<table id=\"tablepress-22\" class=\"tablepress tablepress-id-22\">\n<thead>\n<tr class=\"row-1\">\n\t<th class=\"column-1\">Specifica\u021bii<\/th><th class=\"column-2\">Pcs\/Carton<\/th><th class=\"column-3\">Pcs\/Palet<\/th>\n<\/tr>\n<\/thead>\n<tbody class=\"row-striping row-hover\">\n<tr class=\"row-2\">\n\t<td class=\"column-1\">1-1\/2\" x 12\" \u021b\u0103ru\u0219 plat \u00een form\u0103 de I cu g\u0103uri<\/td><td class=\"column-2\">10<\/td><td class=\"column-3\">1500<\/td>\n<\/tr>\n<tr class=\"row-3\">\n\t<td class=\"column-1\">1-1\/2\" x 18\" \u021b\u0103ru\u0219 plat \u00een form\u0103 de I cu g\u0103uri<\/td><td class=\"column-2\">10<\/td><td class=\"column-3\">1000<\/td>\n<\/tr>\n<tr class=\"row-4\">\n\t<td class=\"column-1\">1-1\/2\" x 24\" \u021b\u0103ru\u0219 plat \u00een form\u0103 de I cu g\u0103uri<\/td><td class=\"column-2\">10<\/td><td class=\"column-3\">750<\/td>\n<\/tr>\n<tr class=\"row-5\">\n\t<td class=\"column-1\">1-1\/2\" x 30\" \u021b\u0103ru\u0219 plat \u00een form\u0103 de I cu g\u0103uri<\/td><td class=\"column-2\">10<\/td><td class=\"column-3\">600<\/td>\n<\/tr>\n<tr class=\"row-6\">\n\t<td class=\"column-1\">1-1\/2\" x 36\" \u021b\u0103ru\u0219 plat \u00een form\u0103 de I cu g\u0103uri<\/td><td class=\"column-2\">10<\/td><td class=\"column-3\">500<\/td>\n<\/tr>\n<\/tbody>\n<\/table>\n<!-- #tablepress-22 from cache -->\n<p><img fetchpriority=\"high\" decoding=\"async\" class=\"alignnone size-full wp-image-2789\" src=\"http:\/\/qingdaohf.com\/wp-content\/uploads\/2023\/02\/\u672a\u6807\u9898-1.jpg\" alt=\"\" width=\"1200\" height=\"1200\" srcset=\"https:\/\/qingdaohf.com\/wp-content\/uploads\/2023\/02\/\u672a\u6807\u9898-1.jpg 1200w, https:\/\/qingdaohf.com\/wp-content\/uploads\/2023\/02\/\u672a\u6807\u9898-1-500x500.jpg 500w, https:\/\/qingdaohf.com\/wp-content\/uploads\/2023\/02\/\u672a\u6807\u9898-1-100x100.jpg 100w, https:\/\/qingdaohf.com\/wp-content\/uploads\/2023\/02\/\u672a\u6807\u9898-1-1000x1000.jpg 1000w, https:\/\/qingdaohf.com\/wp-content\/uploads\/2023\/02\/\u672a\u6807\u9898-1-300x300.jpg 300w, https:\/\/qingdaohf.com\/wp-content\/uploads\/2023\/02\/\u672a\u6807\u9898-1-1024x1024.jpg 1024w, https:\/\/qingdaohf.com\/wp-content\/uploads\/2023\/02\/\u672a\u6807\u9898-1-150x150.jpg 150w, https:\/\/qingdaohf.com\/wp-content\/uploads\/2023\/02\/\u672a\u6807\u9898-1-768x768.jpg 768w\" sizes=\"(max-width: 1200px) 100vw, 1200px\" \/><\/p>\n<div class=\"flex-1 overflow-hidden\">\n<div class=\"react-scroll-to-bottom--css-kwokg-79elbk h-full dark:bg-gray-800\">\n<div class=\"react-scroll-to-bottom--css-kwokg-1n7m0yu\">\n<div class=\"flex flex-col items-center text-sm dark:bg-gray-800\">\n<div class=\"w-full border-b border-black\/10 dark:border-gray-900\/50 text-gray-800 dark:text-gray-100 group bg-gray-50 dark:bg-[#444654]\">\n<div class=\"text-base gap-4 md:gap-6 m-auto md:max-w-2xl lg:max-w-2xl xl:max-w-3xl p-4 md:py-6 flex lg:px-0\">\n<div class=\"relative flex w-[calc(100%-50px)] flex-col gap-1 md:gap-3 lg:w-[calc(100%-115px)]\">\n<div class=\"flex flex-grow flex-col gap-3\">\n<div class=\"min-h-[20px] flex flex-col items-start gap-4 whitespace-pre-wrap\">\n<div class=\"markdown prose w-full break-words dark:prose-invert light\">\n<p>&nbsp;<\/p>\n<\/div>\n<\/div>\n<\/div>\n<\/div>\n<\/div>\n<\/div>\n<\/div>\n<\/div>\n<\/div>\n<\/div>","protected":false},"excerpt":{"rendered":"<p>\u021b\u0103ru\u0219ii cu grinzi \u00een I sunt un tip de \u021b\u0103ru\u0219i pentru corturi, concepu\u021bi pentru a oferi o stabilitate \u0219i o rezisten\u021b\u0103 superioare \u00een spa\u021biile exterioare. De obicei, ace\u0219tia sunt fabrica\u021bi din materiale de \u00eenalt\u0103 rezisten\u021b\u0103, cum ar fi aluminiul sau o\u021belul, \u0219i au o form\u0103 unic\u0103 de \"grind\u0103 \u00een I\" care ofer\u0103 o suprafa\u021b\u0103 mai mare \u0219i stabilitate atunci c\u00e2nd sunt \u00eenfip\u021bi \u00een p\u0103m\u00e2nt.<\/p>","protected":false},"featured_media":5425,"comment_status":"open","ping_status":"closed","template":"","meta":{"site-sidebar-layout":"default","site-content-layout":"default","ast-site-content-layout":"default","site-content-style":"default","site-sidebar-style":"default","ast-global-header-display":"","ast-banner-title-visibility":"","ast-main-header-display":"","ast-hfb-above-header-display":"","ast-hfb-below-header-display":"","ast-hfb-mobile-header-display":"","site-post-title":"","ast-breadcrumbs-content":"","ast-featured-img":"","footer-sml-layout":"","theme-transparent-header-meta":"default","adv-header-id-meta":"","stick-header-meta":"default","header-above-stick-meta":"","header-main-stick-meta":"","header-below-stick-meta":"","astra-migrate-meta-layouts":"set","ast-page-background-enabled":"default","ast-page-background-meta":{"desktop":{"background-color":"","background-image":"","background-repeat":"repeat","background-position":"center center","background-size":"auto","background-attachment":"scroll","background-type":"","background-media":"","overlay-type":"","overlay-color":"","overlay-opacity":"","overlay-gradient":""},"tablet":{"background-color":"","background-image":"","background-repeat":"repeat","background-position":"center center","background-size":"auto","background-attachment":"scroll","background-type":"","background-media":"","overlay-type":"","overlay-color":"","overlay-opacity":"","overlay-gradient":""},"mobile":{"background-color":"","background-image":"","background-repeat":"repeat","background-position":"center center","background-size":"auto","background-attachment":"scroll","background-type":"","background-media":"","overlay-type":"","overlay-color":"","overlay-opacity":"","overlay-gradient":""}},"ast-content-background-meta":{"desktop":{"background-color":"var(--ast-global-color-5)","background-image":"","background-repeat":"repeat","background-position":"center center","background-size":"auto","background-attachment":"scroll","background-type":"","background-media":"","overlay-type":"","overlay-color":"","overlay-opacity":"","overlay-gradient":""},"tablet":{"background-color":"var(--ast-global-color-5)","background-image":"","background-repeat":"repeat","background-position":"center center","background-size":"auto","background-attachment":"scroll","background-type":"","background-media":"","overlay-type":"","overlay-color":"","overlay-opacity":"","overlay-gradient":""},"mobile":{"background-color":"var(--ast-global-color-5)","background-image":"","background-repeat":"repeat","background-position":"center center","background-size":"auto","background-attachment":"scroll","background-type":"","background-media":"","overlay-type":"","overlay-color":"","overlay-opacity":"","overlay-gradient":""}}},"product_brand":[],"product_cat":[28,53],"product_tag":[],"class_list":{"0":"post-2205","1":"product","2":"type-product","3":"status-publish","4":"has-post-thumbnail","6":"product_cat-concrete-forming","7":"product_cat-steel-stake","8":"desktop-align-left","9":"tablet-align-left","10":"mobile-align-left","11":"ast-product-gallery-layout-horizontal-slider","12":"ast-product-tabs-layout-horizontal","14":"first","15":"instock","16":"shipping-taxable","17":"purchasable","18":"product-type-simple"},"yoast_head":"<!-- This site is optimized with the Yoast SEO plugin v25.2 - https:\/\/yoast.com\/wordpress\/plugins\/seo\/ -->\n<title>Concrete I-Beam Stake<\/title>\n<meta name=\"description\" content=\"Flat I-beam steel stakes are similar to flat steel stakes, but they have a cross-section that resembles the letter &quot;I&quot;.\" \/>\n<meta name=\"robots\" content=\"index, follow, max-snippet:-1, max-image-preview:large, max-video-preview:-1\" \/>\n<link rel=\"canonical\" href=\"https:\/\/qingdaohf.com\/ro\/produs\/i-tarus-de-grinda\/\" \/>\n<meta property=\"og:locale\" content=\"ro_RO\" \/>\n<meta property=\"og:type\" content=\"article\" \/>\n<meta property=\"og:title\" content=\"Concrete I-Beam Stake\" \/>\n<meta property=\"og:description\" content=\"Flat I-beam steel stakes are similar to flat steel stakes, but they have a cross-section that resembles the letter &quot;I&quot;.\" \/>\n<meta property=\"og:url\" content=\"https:\/\/qingdaohf.com\/ro\/produs\/i-tarus-de-grinda\/\" \/>\n<meta property=\"og:site_name\" content=\"Concrete Form &amp; Rigging Hardware Supplier\" \/>\n<meta property=\"article:publisher\" content=\"https:\/\/www.facebook.com\/qingdaohf\" \/>\n<meta property=\"article:modified_time\" content=\"2025-11-13T01:06:18+00:00\" \/>\n<meta property=\"og:image\" content=\"https:\/\/qingdaohf.com\/wp-content\/uploads\/2023\/02\/i-beam-stake-1.jpg\" \/>\n\t<meta property=\"og:image:width\" content=\"1000\" \/>\n\t<meta property=\"og:image:height\" content=\"1000\" \/>\n\t<meta property=\"og:image:type\" content=\"image\/jpeg\" \/>\n<meta name=\"twitter:card\" content=\"summary_large_image\" \/>\n<meta name=\"twitter:label1\" content=\"Timp estimat pentru citire\" \/>\n\t<meta name=\"twitter:data1\" content=\"2 minute\" \/>\n<script type=\"application\/ld+json\" class=\"yoast-schema-graph\">{\"@context\":\"https:\/\/schema.org\",\"@graph\":[{\"@type\":\"WebPage\",\"@id\":\"https:\/\/qingdaohf.com\/product\/i-beam-stake\/\",\"url\":\"https:\/\/qingdaohf.com\/product\/i-beam-stake\/\",\"name\":\"Concrete I-Beam Stake\",\"isPartOf\":{\"@id\":\"https:\/\/qingdaohf.com\/bg\/#website\"},\"primaryImageOfPage\":{\"@id\":\"https:\/\/qingdaohf.com\/product\/i-beam-stake\/#primaryimage\"},\"image\":{\"@id\":\"https:\/\/qingdaohf.com\/product\/i-beam-stake\/#primaryimage\"},\"thumbnailUrl\":\"https:\/\/qingdaohf.com\/wp-content\/uploads\/2023\/02\/i-beam-stake-1.jpg\",\"datePublished\":\"2023-02-15T02:22:34+00:00\",\"dateModified\":\"2025-11-13T01:06:18+00:00\",\"description\":\"Flat I-beam steel stakes are similar to flat steel stakes, but they have a cross-section that resembles the letter \\\"I\\\".\",\"breadcrumb\":{\"@id\":\"https:\/\/qingdaohf.com\/product\/i-beam-stake\/#breadcrumb\"},\"inLanguage\":\"ro-RO\",\"potentialAction\":[{\"@type\":\"ReadAction\",\"target\":[\"https:\/\/qingdaohf.com\/product\/i-beam-stake\/\"]}]},{\"@type\":\"ImageObject\",\"inLanguage\":\"ro-RO\",\"@id\":\"https:\/\/qingdaohf.com\/product\/i-beam-stake\/#primaryimage\",\"url\":\"https:\/\/qingdaohf.com\/wp-content\/uploads\/2023\/02\/i-beam-stake-1.jpg\",\"contentUrl\":\"https:\/\/qingdaohf.com\/wp-content\/uploads\/2023\/02\/i-beam-stake-1.jpg\",\"width\":1000,\"height\":1000,\"caption\":\"i-beam stake\"},{\"@type\":\"BreadcrumbList\",\"@id\":\"https:\/\/qingdaohf.com\/product\/i-beam-stake\/#breadcrumb\",\"itemListElement\":[{\"@type\":\"ListItem\",\"position\":1,\"name\":\"Home\",\"item\":\"https:\/\/qingdaohf.com\/\"},{\"@type\":\"ListItem\",\"position\":2,\"name\":\"Concrete Forming Accessories and Rigging Hardware\",\"item\":\"https:\/\/qingdaohf.com\/bg\/?page_id=944\"},{\"@type\":\"ListItem\",\"position\":3,\"name\":\"Concrete I-Beam Stake\"}]},{\"@type\":\"WebSite\",\"@id\":\"https:\/\/qingdaohf.com\/bg\/#website\",\"url\":\"https:\/\/qingdaohf.com\/bg\/\",\"name\":\"Concrete Form & Rigging Hardware Supplier\",\"description\":\"\",\"publisher\":{\"@id\":\"https:\/\/qingdaohf.com\/bg\/#organization\"},\"potentialAction\":[{\"@type\":\"SearchAction\",\"target\":{\"@type\":\"EntryPoint\",\"urlTemplate\":\"https:\/\/qingdaohf.com\/bg\/?s={search_term_string}\"},\"query-input\":{\"@type\":\"PropertyValueSpecification\",\"valueRequired\":true,\"valueName\":\"search_term_string\"}}],\"inLanguage\":\"ro-RO\"},{\"@type\":\"Organization\",\"@id\":\"https:\/\/qingdaohf.com\/bg\/#organization\",\"name\":\"Qingdao H&F\",\"url\":\"https:\/\/qingdaohf.com\/bg\/\",\"logo\":{\"@type\":\"ImageObject\",\"inLanguage\":\"ro-RO\",\"@id\":\"https:\/\/qingdaohf.com\/bg\/#\/schema\/logo\/image\/\",\"url\":\"https:\/\/qingdaohf.com\/wp-content\/uploads\/2022\/12\/cropped-HF-LOGO.png\",\"contentUrl\":\"https:\/\/qingdaohf.com\/wp-content\/uploads\/2022\/12\/cropped-HF-LOGO.png\",\"width\":391,\"height\":249,\"caption\":\"Qingdao H&F\"},\"image\":{\"@id\":\"https:\/\/qingdaohf.com\/bg\/#\/schema\/logo\/image\/\"},\"sameAs\":[\"https:\/\/www.facebook.com\/qingdaohf\"]}]}<\/script>\n<!-- \/ Yoast SEO plugin. -->","yoast_head_json":{"title":"Concrete I-Beam Stake","description":"Flat I-beam steel stakes are similar to flat steel stakes, but they have a cross-section that resembles the letter \"I\".","robots":{"index":"index","follow":"follow","max-snippet":"max-snippet:-1","max-image-preview":"max-image-preview:large","max-video-preview":"max-video-preview:-1"},"canonical":"https:\/\/qingdaohf.com\/ro\/produs\/i-tarus-de-grinda\/","og_locale":"ro_RO","og_type":"article","og_title":"Concrete I-Beam Stake","og_description":"Flat I-beam steel stakes are similar to flat steel stakes, but they have a cross-section that resembles the letter \"I\".","og_url":"https:\/\/qingdaohf.com\/ro\/produs\/i-tarus-de-grinda\/","og_site_name":"Concrete Form &amp; Rigging Hardware Supplier","article_publisher":"https:\/\/www.facebook.com\/qingdaohf","article_modified_time":"2025-11-13T01:06:18+00:00","og_image":[{"width":1000,"height":1000,"url":"https:\/\/qingdaohf.com\/wp-content\/uploads\/2023\/02\/i-beam-stake-1.jpg","type":"image\/jpeg"}],"twitter_card":"summary_large_image","twitter_misc":{"Timp estimat pentru citire":"2 minute"},"schema":{"@context":"https:\/\/schema.org","@graph":[{"@type":"WebPage","@id":"https:\/\/qingdaohf.com\/product\/i-beam-stake\/","url":"https:\/\/qingdaohf.com\/product\/i-beam-stake\/","name":"Concrete I-Beam Stake","isPartOf":{"@id":"https:\/\/qingdaohf.com\/bg\/#website"},"primaryImageOfPage":{"@id":"https:\/\/qingdaohf.com\/product\/i-beam-stake\/#primaryimage"},"image":{"@id":"https:\/\/qingdaohf.com\/product\/i-beam-stake\/#primaryimage"},"thumbnailUrl":"https:\/\/qingdaohf.com\/wp-content\/uploads\/2023\/02\/i-beam-stake-1.jpg","datePublished":"2023-02-15T02:22:34+00:00","dateModified":"2025-11-13T01:06:18+00:00","description":"Flat I-beam steel stakes are similar to flat steel stakes, but they have a cross-section that resembles the letter \"I\".","breadcrumb":{"@id":"https:\/\/qingdaohf.com\/product\/i-beam-stake\/#breadcrumb"},"inLanguage":"ro-RO","potentialAction":[{"@type":"ReadAction","target":["https:\/\/qingdaohf.com\/product\/i-beam-stake\/"]}]},{"@type":"ImageObject","inLanguage":"ro-RO","@id":"https:\/\/qingdaohf.com\/product\/i-beam-stake\/#primaryimage","url":"https:\/\/qingdaohf.com\/wp-content\/uploads\/2023\/02\/i-beam-stake-1.jpg","contentUrl":"https:\/\/qingdaohf.com\/wp-content\/uploads\/2023\/02\/i-beam-stake-1.jpg","width":1000,"height":1000,"caption":"i-beam stake"},{"@type":"BreadcrumbList","@id":"https:\/\/qingdaohf.com\/product\/i-beam-stake\/#breadcrumb","itemListElement":[{"@type":"ListItem","position":1,"name":"Home","item":"https:\/\/qingdaohf.com\/"},{"@type":"ListItem","position":2,"name":"Concrete Forming Accessories and Rigging Hardware","item":"https:\/\/qingdaohf.com\/bg\/?page_id=944"},{"@type":"ListItem","position":3,"name":"Concrete I-Beam Stake"}]},{"@type":"WebSite","@id":"https:\/\/qingdaohf.com\/bg\/#website","url":"https:\/\/qingdaohf.com\/bg\/","name":"Concrete Form & Rigging Hardware Supplier","description":"","publisher":{"@id":"https:\/\/qingdaohf.com\/bg\/#organization"},"potentialAction":[{"@type":"SearchAction","target":{"@type":"EntryPoint","urlTemplate":"https:\/\/qingdaohf.com\/bg\/?s={search_term_string}"},"query-input":{"@type":"PropertyValueSpecification","valueRequired":true,"valueName":"search_term_string"}}],"inLanguage":"ro-RO"},{"@type":"Organization","@id":"https:\/\/qingdaohf.com\/bg\/#organization","name":"Qingdao H&F","url":"https:\/\/qingdaohf.com\/bg\/","logo":{"@type":"ImageObject","inLanguage":"ro-RO","@id":"https:\/\/qingdaohf.com\/bg\/#\/schema\/logo\/image\/","url":"https:\/\/qingdaohf.com\/wp-content\/uploads\/2022\/12\/cropped-HF-LOGO.png","contentUrl":"https:\/\/qingdaohf.com\/wp-content\/uploads\/2022\/12\/cropped-HF-LOGO.png","width":391,"height":249,"caption":"Qingdao H&F"},"image":{"@id":"https:\/\/qingdaohf.com\/bg\/#\/schema\/logo\/image\/"},"sameAs":["https:\/\/www.facebook.com\/qingdaohf"]}]}},"_links":{"self":[{"href":"https:\/\/qingdaohf.com\/ro\/wp-json\/wp\/v2\/product\/2205","targetHints":{"allow":["GET"]}}],"collection":[{"href":"https:\/\/qingdaohf.com\/ro\/wp-json\/wp\/v2\/product"}],"about":[{"href":"https:\/\/qingdaohf.com\/ro\/wp-json\/wp\/v2\/types\/product"}],"replies":[{"embeddable":true,"href":"https:\/\/qingdaohf.com\/ro\/wp-json\/wp\/v2\/comments?post=2205"}],"version-history":[{"count":11,"href":"https:\/\/qingdaohf.com\/ro\/wp-json\/wp\/v2\/product\/2205\/revisions"}],"predecessor-version":[{"id":9252,"href":"https:\/\/qingdaohf.com\/ro\/wp-json\/wp\/v2\/product\/2205\/revisions\/9252"}],"wp:featuredmedia":[{"embeddable":true,"href":"https:\/\/qingdaohf.com\/ro\/wp-json\/wp\/v2\/media\/5425"}],"wp:attachment":[{"href":"https:\/\/qingdaohf.com\/ro\/wp-json\/wp\/v2\/media?parent=2205"}],"wp:term":[{"taxonomy":"product_brand","embeddable":true,"href":"https:\/\/qingdaohf.com\/ro\/wp-json\/wp\/v2\/product_brand?post=2205"},{"taxonomy":"product_cat","embeddable":true,"href":"https:\/\/qingdaohf.com\/ro\/wp-json\/wp\/v2\/product_cat?post=2205"},{"taxonomy":"product_tag","embeddable":true,"href":"https:\/\/qingdaohf.com\/ro\/wp-json\/wp\/v2\/product_tag?post=2205"}],"curies":[{"name":"wp","href":"https:\/\/api.w.org\/{rel}","templated":true}]}}