{"id":2218,"date":"2023-02-15T11:57:32","date_gmt":"2023-02-15T03:57:32","guid":{"rendered":"http:\/\/qingdaohf.com\/?post_type=product&#038;p=2218"},"modified":"2025-11-13T09:06:17","modified_gmt":"2025-11-13T01:06:17","slug":"tie-nut","status":"publish","type":"product","link":"https:\/\/qingdaohf.com\/ro\/produs\/piulita-de-legatura\/","title":{"rendered":"Cofraj Tie Nut"},"content":{"rendered":"<div class=\"ast-oembed-container\" style=\"height: 100%;\"><iframe title=\"\u0218urub de legare pentru cofraje de beton \u0219i tij\u0103 de legare\" width=\"500\" height=\"281\" src=\"https:\/\/www.youtube.com\/embed\/RQCaJFwWa88?feature=oembed\" frameborder=\"0\" allow=\"accelerometer; autoplay; clipboard-write; encrypted-media; gyroscope; picture-in-picture; web-share\" referrerpolicy=\"strict-origin-when-cross-origin\" allowfullscreen><\/iframe><\/div>\n<h4>Coloana vertebral\u0103 a stabilit\u0103\u021bii cofrajelor de beton<\/h4>\n<p>\u00cen lumea exigent\u0103 a construc\u021biilor din beton, stabilitatea \u0219i precizia \u00een timpul procesului de cofrare sunt nenegociabile. \u00cen centrul acestui proces se afl\u0103 sistemul de tiran\u021bi, o solu\u021bie cuprinz\u0103toare care include tiran\u021bi, piuli\u021be de leg\u0103tur\u0103, opritori de ap\u0103 \u0219i piuli\u021be cu aripi. Piuli\u021bele de legare joac\u0103 un rol crucial \u00een acest ansamblu, bloc\u00e2nd tijele de legare bine \u00een pozi\u021bie \u0219i asigur\u00e2nd stabilitatea cofrajului sub presiunea imens\u0103 a betonului umed.<\/p>\n<p>Aceste componente aparent mici sunt proiectate s\u0103 suporte sarcini grele, \u00eempiedic\u00e2nd cofrajul s\u0103 se deplaseze sau s\u0103 se deformeze \u00een timpul etapelor de turnare \u0219i \u00eent\u0103rire. F\u0103r\u0103 piuli\u021be de leg\u0103tur\u0103 fiabile, \u00eentregul sistem ar putea ceda, pun\u00e2nd \u00een pericol at\u00e2t eficien\u021ba procesului de construc\u021bie, c\u00e2t \u0219i integritatea structural\u0103 a produsului final.<\/p>\n<h4>Sistemul Tie Rod: O solu\u021bie coerent\u0103<\/h4>\n<p><img fetchpriority=\"high\" decoding=\"async\" class=\"alignnone size-full wp-image-2990\" src=\"http:\/\/qingdaohf.com\/wp-content\/uploads\/2023\/02\/Tie-Nut.jpg\" alt=\"Piuli\u021b\u0103 de legare\" width=\"1204\" height=\"1008\" srcset=\"https:\/\/qingdaohf.com\/wp-content\/uploads\/2023\/02\/Tie-Nut.jpg 1204w, https:\/\/qingdaohf.com\/wp-content\/uploads\/2023\/02\/Tie-Nut-300x251.jpg 300w, https:\/\/qingdaohf.com\/wp-content\/uploads\/2023\/02\/Tie-Nut-1024x857.jpg 1024w, https:\/\/qingdaohf.com\/wp-content\/uploads\/2023\/02\/Tie-Nut-768x643.jpg 768w, https:\/\/qingdaohf.com\/wp-content\/uploads\/2023\/02\/Tie-Nut-1000x837.jpg 1000w\" sizes=\"(max-width: 1204px) 100vw, 1204px\" \/><\/p>\n<p>Sistemul de tiran\u021bi func\u021bioneaz\u0103 ca un ansamblu unificat conceput pentru a sus\u021bine \u0219i stabiliza cofrajele de beton.<\/p>\n<ul>\n<li><strong>Tije:<\/strong> Componenta central\u0103 a sistemului, tiran\u021bii sunt bare de o\u021bel de \u00eenalt\u0103 rezisten\u021b\u0103 care absorb \u0219i distribuie presiunea exercitat\u0103 de betonul proasp\u0103t turnat. Acestea se \u00eentind de-a lungul cofrajului, asigur\u00e2nd rigiditatea necesar\u0103 pentru a-l men\u021bine \u00een pozi\u021bie.<\/li>\n<li><strong>Se opre\u0219te apa:<\/strong> Adesea integrate cu tiran\u021bii, stopurile de ap\u0103 ac\u021bioneaz\u0103 ca bariere critice care \u00eempiedic\u0103 infiltrarea apei prin orificiile tiran\u021bilor. Aceste elemente sporesc durabilitatea structurii prin reducerea riscului de deteriorare a apei \u0219i prin asigurarea performan\u021bei pe termen lung.<\/li>\n<li><strong>Tie Nuts:<\/strong> Pozi\u021bionate la fiecare cap\u0103t al tijei de legare, piuli\u021bele de legare fixeaz\u0103 ferm tijele de panourile de cofrare. Filetarea \u0219i rezisten\u021ba lor sunt concepute pentru a rezista la solicit\u0103rile mari \u00eent\u00e2lnite \u00een timpul construc\u021biei, men\u021bin\u00e2nd alinierea \u0219i stabilitatea cofrajului.<\/li>\n<li><strong>Piuli\u021be de arip\u0103:<\/strong> Un adaos practic la sistem, piuli\u021bele cu aripi permit ajust\u0103ri rapide \u0219i f\u0103r\u0103 scule. Acestea sunt utile \u00een special \u00een aplica\u021biile care necesit\u0103 asamblare \u0219i dezasamblare frecvent\u0103, sporind eficien\u021ba f\u0103r\u0103 a compromite securitatea.<\/li>\n<\/ul>\n<p>\u00cempreun\u0103, aceste componente formeaz\u0103 un cadru robust \u0219i fiabil, asigur\u00e2nd succesul proiectelor de construc\u021bii din beton de la \u00eenceput p\u00e2n\u0103 la sf\u00e2r\u0219it.<\/p>\n<h3>Cum \u00eembun\u0103t\u0103\u021be\u0219te sistemul Tie Rod eficien\u021ba construc\u021biilor<\/h3>\n<h4>Stabilitate \u0219i precizie \u00eembun\u0103t\u0103\u021bite<\/h4>\n<p>Sistemul de tiran\u021bi elimin\u0103 preocup\u0103rile legate de nealiniere sau instabilitate \u00een timpul fazei de cofrare. Prin blocarea \u00een pozi\u021bie a panourilor de cofrare cu ajutorul piuli\u021belor de leg\u0103tur\u0103, sistemul garanteaz\u0103 c\u0103 structura \u00ee\u0219i men\u021bine forma dorit\u0103 pe parcursul proceselor de turnare \u0219i \u00eent\u0103rire a betonului.<\/p>\n<p>\u00cen plus, integrarea opritorilor de ap\u0103 \u00een ansamblu ofer\u0103 un strat suplimentar de protec\u021bie. Aceste componente \u00eempiedic\u0103 p\u0103trunderea apei \u00een orificiile tiran\u021bilor, protej\u00e2nd integritatea betonului \u0219i reduc\u00e2nd probabilitatea apari\u021biei unor probleme viitoare precum coroziunea sau fisurile.<\/p>\n<h4>Asamblare \u0219i demontare simplificate<\/h4>\n<p>Includerea piuli\u021belor cu aripi \u00een sistemul tiran\u021bilor simplific\u0103 procesul de asamblare. Caracteristica lor de str\u00e2ngere manual\u0103 elimin\u0103 nevoia de unelte specializate, permi\u021b\u00e2nd echipelor de construc\u021bii s\u0103 monteze \u0219i s\u0103 demonteze cofrajele rapid \u0219i eficient. Acest lucru nu numai c\u0103 economise\u0219te timp, dar reduce \u0219i costurile cu for\u021ba de munc\u0103, f\u0103c\u00e2nd din sistem o alegere preferat\u0103 pentru proiecte de toate dimensiunile.<\/p>\n<h4>Versatilitate \u00een toate aplica\u021biile<\/h4>\n<p>Adaptabilitatea sistemului de tiran\u021bi \u00eel face potrivit pentru o gam\u0103 larg\u0103 de aplica\u021bii de construc\u021bie din beton, de la pl\u0103ci simple la proiecte arhitecturale complexe. Componentele sale pot fi ajustate pentru a se potrivi diferitelor dimensiuni \u0219i configura\u021bii ale cofrajelor, oferind flexibilitatea necesar\u0103 pentru a \u00eendeplini diversele cerin\u021be ale proiectului.<\/p>\n<h3>Rolul esen\u021bial al calit\u0103\u021bii \u00een sistemele de tije<\/h3>\n<h4>Produc\u021bie de \u00eenalt\u0103 precizie pentru fiabilitate<\/h4>\n<p>Tijele, piuli\u021bele, opritorii de ap\u0103 \u0219i piuli\u021bele cu aripi trebuie s\u0103 \u00eendeplineasc\u0103 standarde de calitate exigente pentru a func\u021biona eficient. Orice abatere \u00een dimensiuni sau filetare poate duce la ajust\u0103ri necorespunz\u0103toare, compromi\u021b\u00e2nd stabilitatea sistemului de cofrare. Fabricarea de \u00eenalt\u0103 precizie asigur\u0103 c\u0103 fiecare component\u0103 func\u021bioneaz\u0103 perfect \u00eempreun\u0103, oferind performan\u021be constante pe \u0219antier.<\/p>\n<h4>Valoarea durabilit\u0103\u021bii \u0219i a rezisten\u021bei<\/h4>\n<p>Mediile de construc\u021bie supun sistemele de cofrare la condi\u021bii extreme, de la sarcini grele la expunerea la ap\u0103 \u0219i alte elemente. Durabilitatea este extrem de important\u0103, \u00een special pentru piuli\u021bele \u0219i tijele de leg\u0103tur\u0103, care suport\u0103 cea mai mare parte a presiunii \u00een timpul procesului de turnare. Selectarea componentelor fabricate din materiale de \u00eenalt\u0103 calitate asigur\u0103 faptul c\u0103 sistemul poate face fa\u021b\u0103 acestor provoc\u0103ri f\u0103r\u0103 defec\u021biuni.<\/p>\n<h4>Consolidarea integrit\u0103\u021bii structurale pe termen lung<\/h4>\n<p>Includerea opritorilor de ap\u0103 \u00een sistemul de tiran\u021bi demonstreaz\u0103 importan\u021ba m\u0103surilor proactive \u00een construc\u021bii. Prin prevenirea infiltr\u0103rii apei, aceste componente contribuie la durabilitatea pe termen lung a structurii, reduc\u00e2nd nevoile de \u00eentre\u021binere \u0219i prelungind durata de via\u021b\u0103 a acesteia.<\/p>\n<h4><\/h4>\n<p>&nbsp;<\/p>\n<p>&nbsp;<\/p>\n<p>&nbsp;<\/p>\n<p>&nbsp;<\/p>","protected":false},"excerpt":{"rendered":"<p>Piuli\u021bele de leg\u0103tur\u0103 pentru cofraje sunt indispensabile \u00een construc\u021bia de beton, asigur\u00e2nd stabilitatea \u0219i alinierea sistemelor de cofraje. \u00cen calitate de societate comercial\u0103 cu 20 de ani de experien\u021b\u0103, Qingdao H&amp;F ofer\u0103 piuli\u021be de leg\u0103tur\u0103 de \u00eenalt\u0103 calitate compatibile cu diverse sisteme de tiran\u021bi, inclusiv opritori de ap\u0103 \u0219i piuli\u021be cu aripi. R\u0103spundem preocup\u0103rilor cump\u0103r\u0103torilor prin furnizarea de servicii personalizate pentru clien\u021bi, cicluri de livrare rapide \u0219i rapoarte detaliate de inspec\u021bie a calit\u0103\u021bii pentru a ne asigura c\u0103 fiecare produs \u00eendepline\u0219te standardele stricte.<\/p>","protected":false},"featured_media":3694,"comment_status":"open","ping_status":"closed","template":"","meta":{"site-sidebar-layout":"default","site-content-layout":"default","ast-site-content-layout":"default","site-content-style":"default","site-sidebar-style":"default","ast-global-header-display":"","ast-banner-title-visibility":"","ast-main-header-display":"","ast-hfb-above-header-display":"","ast-hfb-below-header-display":"","ast-hfb-mobile-header-display":"","site-post-title":"","ast-breadcrumbs-content":"","ast-featured-img":"","footer-sml-layout":"","theme-transparent-header-meta":"default","adv-header-id-meta":"","stick-header-meta":"default","header-above-stick-meta":"","header-main-stick-meta":"","header-below-stick-meta":"","astra-migrate-meta-layouts":"set","ast-page-background-enabled":"default","ast-page-background-meta":{"desktop":{"background-color":"","background-image":"","background-repeat":"repeat","background-position":"center center","background-size":"auto","background-attachment":"scroll","background-type":"","background-media":"","overlay-type":"","overlay-color":"","overlay-opacity":"","overlay-gradient":""},"tablet":{"background-color":"","background-image":"","background-repeat":"repeat","background-position":"center center","background-size":"auto","background-attachment":"scroll","background-type":"","background-media":"","overlay-type":"","overlay-color":"","overlay-opacity":"","overlay-gradient":""},"mobile":{"background-color":"","background-image":"","background-repeat":"repeat","background-position":"center center","background-size":"auto","background-attachment":"scroll","background-type":"","background-media":"","overlay-type":"","overlay-color":"","overlay-opacity":"","overlay-gradient":""}},"ast-content-background-meta":{"desktop":{"background-color":"var(--ast-global-color-5)","background-image":"","background-repeat":"repeat","background-position":"center center","background-size":"auto","background-attachment":"scroll","background-type":"","background-media":"","overlay-type":"","overlay-color":"","overlay-opacity":"","overlay-gradient":""},"tablet":{"background-color":"var(--ast-global-color-5)","background-image":"","background-repeat":"repeat","background-position":"center center","background-size":"auto","background-attachment":"scroll","background-type":"","background-media":"","overlay-type":"","overlay-color":"","overlay-opacity":"","overlay-gradient":""},"mobile":{"background-color":"var(--ast-global-color-5)","background-image":"","background-repeat":"repeat","background-position":"center center","background-size":"auto","background-attachment":"scroll","background-type":"","background-media":"","overlay-type":"","overlay-color":"","overlay-opacity":"","overlay-gradient":""}}},"product_brand":[],"product_cat":[79],"product_tag":[],"class_list":{"0":"post-2218","1":"product","2":"type-product","3":"status-publish","4":"has-post-thumbnail","6":"product_cat-tie-rod-system","7":"desktop-align-left","8":"tablet-align-left","9":"mobile-align-left","10":"ast-product-gallery-layout-horizontal-slider","11":"ast-product-tabs-layout-horizontal","13":"first","14":"instock","15":"shipping-taxable","16":"purchasable","17":"product-type-simple"},"yoast_head":"<!-- This site is optimized with the Yoast SEO plugin v25.2 - https:\/\/yoast.com\/wordpress\/plugins\/seo\/ -->\n<title>Formwork Tie Nut<\/title>\n<meta name=\"description\" content=\"Concrete Formwork Tie Nut is a component used in construction to secure concrete formwork\" \/>\n<meta name=\"robots\" content=\"index, follow, max-snippet:-1, max-image-preview:large, max-video-preview:-1\" \/>\n<link rel=\"canonical\" href=\"https:\/\/qingdaohf.com\/ro\/produs\/piulita-de-legatura\/\" \/>\n<meta property=\"og:locale\" content=\"ro_RO\" \/>\n<meta property=\"og:type\" content=\"article\" \/>\n<meta property=\"og:title\" content=\"Formwork Tie Nut\" \/>\n<meta property=\"og:description\" content=\"Concrete Formwork Tie Nut is a component used in construction to secure concrete formwork\" \/>\n<meta property=\"og:url\" content=\"https:\/\/qingdaohf.com\/ro\/produs\/piulita-de-legatura\/\" \/>\n<meta property=\"og:site_name\" content=\"Concrete Form &amp; Rigging Hardware Supplier\" \/>\n<meta property=\"article:publisher\" content=\"https:\/\/www.facebook.com\/qingdaohf\" \/>\n<meta property=\"article:modified_time\" content=\"2025-11-13T01:06:17+00:00\" \/>\n<meta property=\"og:image\" content=\"https:\/\/qingdaohf.com\/wp-content\/uploads\/2023\/02\/HF-tie-nut-7.jpg\" \/>\n\t<meta property=\"og:image:width\" content=\"1000\" \/>\n\t<meta property=\"og:image:height\" content=\"1000\" \/>\n\t<meta property=\"og:image:type\" content=\"image\/jpeg\" \/>\n<meta name=\"twitter:card\" content=\"summary_large_image\" \/>\n<meta name=\"twitter:label1\" content=\"Timp estimat pentru citire\" \/>\n\t<meta name=\"twitter:data1\" content=\"4 minute\" \/>\n<script type=\"application\/ld+json\" class=\"yoast-schema-graph\">{\"@context\":\"https:\/\/schema.org\",\"@graph\":[{\"@type\":\"WebPage\",\"@id\":\"https:\/\/qingdaohf.com\/product\/tie-nut\/\",\"url\":\"https:\/\/qingdaohf.com\/product\/tie-nut\/\",\"name\":\"Formwork Tie Nut\",\"isPartOf\":{\"@id\":\"https:\/\/qingdaohf.com\/bg\/#website\"},\"primaryImageOfPage\":{\"@id\":\"https:\/\/qingdaohf.com\/product\/tie-nut\/#primaryimage\"},\"image\":{\"@id\":\"https:\/\/qingdaohf.com\/product\/tie-nut\/#primaryimage\"},\"thumbnailUrl\":\"https:\/\/qingdaohf.com\/wp-content\/uploads\/2023\/02\/HF-tie-nut-7.jpg\",\"datePublished\":\"2023-02-15T03:57:32+00:00\",\"dateModified\":\"2025-11-13T01:06:17+00:00\",\"description\":\"Concrete Formwork Tie Nut is a component used in construction to secure concrete formwork\",\"breadcrumb\":{\"@id\":\"https:\/\/qingdaohf.com\/product\/tie-nut\/#breadcrumb\"},\"inLanguage\":\"ro-RO\",\"potentialAction\":[{\"@type\":\"ReadAction\",\"target\":[\"https:\/\/qingdaohf.com\/product\/tie-nut\/\"]}]},{\"@type\":\"ImageObject\",\"inLanguage\":\"ro-RO\",\"@id\":\"https:\/\/qingdaohf.com\/product\/tie-nut\/#primaryimage\",\"url\":\"https:\/\/qingdaohf.com\/wp-content\/uploads\/2023\/02\/HF-tie-nut-7.jpg\",\"contentUrl\":\"https:\/\/qingdaohf.com\/wp-content\/uploads\/2023\/02\/HF-tie-nut-7.jpg\",\"width\":1000,\"height\":1000,\"caption\":\"HF tie nut\"},{\"@type\":\"BreadcrumbList\",\"@id\":\"https:\/\/qingdaohf.com\/product\/tie-nut\/#breadcrumb\",\"itemListElement\":[{\"@type\":\"ListItem\",\"position\":1,\"name\":\"Home\",\"item\":\"https:\/\/qingdaohf.com\/\"},{\"@type\":\"ListItem\",\"position\":2,\"name\":\"Concrete Forming Accessories and Rigging Hardware\",\"item\":\"https:\/\/qingdaohf.com\/bg\/?page_id=944\"},{\"@type\":\"ListItem\",\"position\":3,\"name\":\"Formwork Tie Nut\"}]},{\"@type\":\"WebSite\",\"@id\":\"https:\/\/qingdaohf.com\/bg\/#website\",\"url\":\"https:\/\/qingdaohf.com\/bg\/\",\"name\":\"Concrete Form & Rigging Hardware Supplier\",\"description\":\"\",\"publisher\":{\"@id\":\"https:\/\/qingdaohf.com\/bg\/#organization\"},\"potentialAction\":[{\"@type\":\"SearchAction\",\"target\":{\"@type\":\"EntryPoint\",\"urlTemplate\":\"https:\/\/qingdaohf.com\/bg\/?s={search_term_string}\"},\"query-input\":{\"@type\":\"PropertyValueSpecification\",\"valueRequired\":true,\"valueName\":\"search_term_string\"}}],\"inLanguage\":\"ro-RO\"},{\"@type\":\"Organization\",\"@id\":\"https:\/\/qingdaohf.com\/bg\/#organization\",\"name\":\"Qingdao H&F\",\"url\":\"https:\/\/qingdaohf.com\/bg\/\",\"logo\":{\"@type\":\"ImageObject\",\"inLanguage\":\"ro-RO\",\"@id\":\"https:\/\/qingdaohf.com\/bg\/#\/schema\/logo\/image\/\",\"url\":\"https:\/\/qingdaohf.com\/wp-content\/uploads\/2022\/12\/cropped-HF-LOGO.png\",\"contentUrl\":\"https:\/\/qingdaohf.com\/wp-content\/uploads\/2022\/12\/cropped-HF-LOGO.png\",\"width\":391,\"height\":249,\"caption\":\"Qingdao H&F\"},\"image\":{\"@id\":\"https:\/\/qingdaohf.com\/bg\/#\/schema\/logo\/image\/\"},\"sameAs\":[\"https:\/\/www.facebook.com\/qingdaohf\"]}]}<\/script>\n<!-- \/ Yoast SEO plugin. -->","yoast_head_json":{"title":"Formwork Tie Nut","description":"Concrete Formwork Tie Nut is a component used in construction to secure concrete formwork","robots":{"index":"index","follow":"follow","max-snippet":"max-snippet:-1","max-image-preview":"max-image-preview:large","max-video-preview":"max-video-preview:-1"},"canonical":"https:\/\/qingdaohf.com\/ro\/produs\/piulita-de-legatura\/","og_locale":"ro_RO","og_type":"article","og_title":"Formwork Tie Nut","og_description":"Concrete Formwork Tie Nut is a component used in construction to secure concrete formwork","og_url":"https:\/\/qingdaohf.com\/ro\/produs\/piulita-de-legatura\/","og_site_name":"Concrete Form &amp; Rigging Hardware Supplier","article_publisher":"https:\/\/www.facebook.com\/qingdaohf","article_modified_time":"2025-11-13T01:06:17+00:00","og_image":[{"width":1000,"height":1000,"url":"https:\/\/qingdaohf.com\/wp-content\/uploads\/2023\/02\/HF-tie-nut-7.jpg","type":"image\/jpeg"}],"twitter_card":"summary_large_image","twitter_misc":{"Timp estimat pentru citire":"4 minute"},"schema":{"@context":"https:\/\/schema.org","@graph":[{"@type":"WebPage","@id":"https:\/\/qingdaohf.com\/product\/tie-nut\/","url":"https:\/\/qingdaohf.com\/product\/tie-nut\/","name":"Formwork Tie Nut","isPartOf":{"@id":"https:\/\/qingdaohf.com\/bg\/#website"},"primaryImageOfPage":{"@id":"https:\/\/qingdaohf.com\/product\/tie-nut\/#primaryimage"},"image":{"@id":"https:\/\/qingdaohf.com\/product\/tie-nut\/#primaryimage"},"thumbnailUrl":"https:\/\/qingdaohf.com\/wp-content\/uploads\/2023\/02\/HF-tie-nut-7.jpg","datePublished":"2023-02-15T03:57:32+00:00","dateModified":"2025-11-13T01:06:17+00:00","description":"Concrete Formwork Tie Nut is a component used in construction to secure concrete formwork","breadcrumb":{"@id":"https:\/\/qingdaohf.com\/product\/tie-nut\/#breadcrumb"},"inLanguage":"ro-RO","potentialAction":[{"@type":"ReadAction","target":["https:\/\/qingdaohf.com\/product\/tie-nut\/"]}]},{"@type":"ImageObject","inLanguage":"ro-RO","@id":"https:\/\/qingdaohf.com\/product\/tie-nut\/#primaryimage","url":"https:\/\/qingdaohf.com\/wp-content\/uploads\/2023\/02\/HF-tie-nut-7.jpg","contentUrl":"https:\/\/qingdaohf.com\/wp-content\/uploads\/2023\/02\/HF-tie-nut-7.jpg","width":1000,"height":1000,"caption":"HF tie nut"},{"@type":"BreadcrumbList","@id":"https:\/\/qingdaohf.com\/product\/tie-nut\/#breadcrumb","itemListElement":[{"@type":"ListItem","position":1,"name":"Home","item":"https:\/\/qingdaohf.com\/"},{"@type":"ListItem","position":2,"name":"Concrete Forming Accessories and Rigging Hardware","item":"https:\/\/qingdaohf.com\/bg\/?page_id=944"},{"@type":"ListItem","position":3,"name":"Formwork Tie Nut"}]},{"@type":"WebSite","@id":"https:\/\/qingdaohf.com\/bg\/#website","url":"https:\/\/qingdaohf.com\/bg\/","name":"Concrete Form & Rigging Hardware Supplier","description":"","publisher":{"@id":"https:\/\/qingdaohf.com\/bg\/#organization"},"potentialAction":[{"@type":"SearchAction","target":{"@type":"EntryPoint","urlTemplate":"https:\/\/qingdaohf.com\/bg\/?s={search_term_string}"},"query-input":{"@type":"PropertyValueSpecification","valueRequired":true,"valueName":"search_term_string"}}],"inLanguage":"ro-RO"},{"@type":"Organization","@id":"https:\/\/qingdaohf.com\/bg\/#organization","name":"Qingdao H&F","url":"https:\/\/qingdaohf.com\/bg\/","logo":{"@type":"ImageObject","inLanguage":"ro-RO","@id":"https:\/\/qingdaohf.com\/bg\/#\/schema\/logo\/image\/","url":"https:\/\/qingdaohf.com\/wp-content\/uploads\/2022\/12\/cropped-HF-LOGO.png","contentUrl":"https:\/\/qingdaohf.com\/wp-content\/uploads\/2022\/12\/cropped-HF-LOGO.png","width":391,"height":249,"caption":"Qingdao H&F"},"image":{"@id":"https:\/\/qingdaohf.com\/bg\/#\/schema\/logo\/image\/"},"sameAs":["https:\/\/www.facebook.com\/qingdaohf"]}]}},"_links":{"self":[{"href":"https:\/\/qingdaohf.com\/ro\/wp-json\/wp\/v2\/product\/2218","targetHints":{"allow":["GET"]}}],"collection":[{"href":"https:\/\/qingdaohf.com\/ro\/wp-json\/wp\/v2\/product"}],"about":[{"href":"https:\/\/qingdaohf.com\/ro\/wp-json\/wp\/v2\/types\/product"}],"replies":[{"embeddable":true,"href":"https:\/\/qingdaohf.com\/ro\/wp-json\/wp\/v2\/comments?post=2218"}],"version-history":[{"count":4,"href":"https:\/\/qingdaohf.com\/ro\/wp-json\/wp\/v2\/product\/2218\/revisions"}],"predecessor-version":[{"id":8606,"href":"https:\/\/qingdaohf.com\/ro\/wp-json\/wp\/v2\/product\/2218\/revisions\/8606"}],"wp:featuredmedia":[{"embeddable":true,"href":"https:\/\/qingdaohf.com\/ro\/wp-json\/wp\/v2\/media\/3694"}],"wp:attachment":[{"href":"https:\/\/qingdaohf.com\/ro\/wp-json\/wp\/v2\/media?parent=2218"}],"wp:term":[{"taxonomy":"product_brand","embeddable":true,"href":"https:\/\/qingdaohf.com\/ro\/wp-json\/wp\/v2\/product_brand?post=2218"},{"taxonomy":"product_cat","embeddable":true,"href":"https:\/\/qingdaohf.com\/ro\/wp-json\/wp\/v2\/product_cat?post=2218"},{"taxonomy":"product_tag","embeddable":true,"href":"https:\/\/qingdaohf.com\/ro\/wp-json\/wp\/v2\/product_tag?post=2218"}],"curies":[{"name":"wp","href":"https:\/\/api.w.org\/{rel}","templated":true}]}}