{"id":2306,"date":"2023-02-21T16:46:21","date_gmt":"2023-02-21T08:46:21","guid":{"rendered":"http:\/\/qingdaohf.com\/?post_type=product&#038;p=2306"},"modified":"2025-11-13T09:06:17","modified_gmt":"2025-11-13T01:06:17","slug":"base-tie","status":"publish","type":"product","link":"https:\/\/qingdaohf.com\/ro\/produs\/cravata-de-baza-2\/","title":{"rendered":"Accesorii pentru cofraje de beton S\u00e2rm\u0103 S Base Wall Tie"},"content":{"rendered":"<p>O leg\u0103tur\u0103 de baz\u0103 este un dispozitiv utilizat pentru a fixa cofrajul de beton la funda\u021bie. Se instaleaz\u0103 la baza cofrajului \u0219i se fixeaz\u0103 la funda\u021bie cu \u0219uruburi sau cuie. Leg\u0103turile de baz\u0103 sunt disponibile \u00eentr-o varietate de forme \u0219i dimensiuni pentru a se potrivi diferitelor tipuri de cofraje \u0219i funda\u021bii.<\/p>\n<p>Scopul principal al unei leg\u0103turi de baz\u0103 este de a se asigura c\u0103 cofrajul de beton r\u0103m\u00e2ne pe pozi\u021bie \u00een timpul procesului de turnare. Acest lucru ajut\u0103 la prevenirea deplas\u0103rii sau mi\u0219c\u0103rii cofrajului, care poate duce la o structur\u0103 de beton neuniform\u0103 sau imperfect format\u0103. Leg\u0103turile de baz\u0103 ajut\u0103, de asemenea, la crearea unei structuri mai sigure \u0219i mai stabile, \u00eempiedic\u00e2nd betonul s\u0103 se umfle \u00een afar\u0103 pe m\u0103sur\u0103 ce se \u00eent\u0103re\u0219te.<\/p>\n<p><img fetchpriority=\"high\" decoding=\"async\" class=\"alignnone wp-image-3149 size-full\" src=\"http:\/\/qingdaohf.com\/wp-content\/uploads\/2023\/02\/base-tie.jpg\" alt=\"cravat\u0103 de baz\u0103\" width=\"1200\" height=\"516\" srcset=\"https:\/\/qingdaohf.com\/wp-content\/uploads\/2023\/02\/base-tie.jpg 1200w, https:\/\/qingdaohf.com\/wp-content\/uploads\/2023\/02\/base-tie-300x129.jpg 300w, https:\/\/qingdaohf.com\/wp-content\/uploads\/2023\/02\/base-tie-1024x440.jpg 1024w, https:\/\/qingdaohf.com\/wp-content\/uploads\/2023\/02\/base-tie-768x330.jpg 768w, https:\/\/qingdaohf.com\/wp-content\/uploads\/2023\/02\/base-tie-1000x430.jpg 1000w\" sizes=\"(max-width: 1200px) 100vw, 1200px\" \/><\/p>\n<p><img decoding=\"async\" class=\"alignnone size-full wp-image-3122\" src=\"http:\/\/qingdaohf.com\/wp-content\/uploads\/2023\/02\/Base-tie-1.jpg\" alt=\"Cravat\u0103 de baz\u0103\" width=\"800\" height=\"800\" srcset=\"https:\/\/qingdaohf.com\/wp-content\/uploads\/2023\/02\/Base-tie-1.jpg 800w, https:\/\/qingdaohf.com\/wp-content\/uploads\/2023\/02\/Base-tie-1-300x300.jpg 300w, https:\/\/qingdaohf.com\/wp-content\/uploads\/2023\/02\/Base-tie-1-150x150.jpg 150w, https:\/\/qingdaohf.com\/wp-content\/uploads\/2023\/02\/Base-tie-1-768x768.jpg 768w, https:\/\/qingdaohf.com\/wp-content\/uploads\/2023\/02\/Base-tie-1-500x500.jpg 500w, https:\/\/qingdaohf.com\/wp-content\/uploads\/2023\/02\/Base-tie-1-100x100.jpg 100w\" sizes=\"(max-width: 800px) 100vw, 800px\" \/> <img decoding=\"async\" class=\"alignnone size-full wp-image-3123\" src=\"http:\/\/qingdaohf.com\/wp-content\/uploads\/2023\/02\/Base-tie-6.jpg\" alt=\"Cravat\u0103 de baz\u0103\" width=\"800\" height=\"800\" srcset=\"https:\/\/qingdaohf.com\/wp-content\/uploads\/2023\/02\/Base-tie-6.jpg 800w, https:\/\/qingdaohf.com\/wp-content\/uploads\/2023\/02\/Base-tie-6-300x300.jpg 300w, https:\/\/qingdaohf.com\/wp-content\/uploads\/2023\/02\/Base-tie-6-150x150.jpg 150w, https:\/\/qingdaohf.com\/wp-content\/uploads\/2023\/02\/Base-tie-6-768x768.jpg 768w, https:\/\/qingdaohf.com\/wp-content\/uploads\/2023\/02\/Base-tie-6-500x500.jpg 500w, https:\/\/qingdaohf.com\/wp-content\/uploads\/2023\/02\/Base-tie-6-100x100.jpg 100w\" sizes=\"(max-width: 800px) 100vw, 800px\" \/><\/p>","protected":false},"excerpt":{"rendered":"<p>Accesoriile pentru cofraje de beton sunt materiale care sunt utilizate \u00een proiectele de construc\u021bii pentru a crea cofraje sau matri\u021be de beton. Un tip de accesoriu pentru cofraje de beton este leg\u0103tura de baz\u0103.<\/p>","protected":false},"featured_media":3118,"comment_status":"open","ping_status":"closed","template":"","meta":{"site-sidebar-layout":"default","site-content-layout":"default","ast-site-content-layout":"default","site-content-style":"default","site-sidebar-style":"default","ast-global-header-display":"","ast-banner-title-visibility":"","ast-main-header-display":"","ast-hfb-above-header-display":"","ast-hfb-below-header-display":"","ast-hfb-mobile-header-display":"","site-post-title":"","ast-breadcrumbs-content":"","ast-featured-img":"","footer-sml-layout":"","theme-transparent-header-meta":"default","adv-header-id-meta":"","stick-header-meta":"default","header-above-stick-meta":"","header-main-stick-meta":"","header-below-stick-meta":"","astra-migrate-meta-layouts":"set","ast-page-background-enabled":"default","ast-page-background-meta":{"desktop":{"background-color":"","background-image":"","background-repeat":"repeat","background-position":"center center","background-size":"auto","background-attachment":"scroll","background-type":"","background-media":"","overlay-type":"","overlay-color":"","overlay-opacity":"","overlay-gradient":""},"tablet":{"background-color":"","background-image":"","background-repeat":"repeat","background-position":"center center","background-size":"auto","background-attachment":"scroll","background-type":"","background-media":"","overlay-type":"","overlay-color":"","overlay-opacity":"","overlay-gradient":""},"mobile":{"background-color":"","background-image":"","background-repeat":"repeat","background-position":"center center","background-size":"auto","background-attachment":"scroll","background-type":"","background-media":"","overlay-type":"","overlay-color":"","overlay-opacity":"","overlay-gradient":""}},"ast-content-background-meta":{"desktop":{"background-color":"var(--ast-global-color-5)","background-image":"","background-repeat":"repeat","background-position":"center center","background-size":"auto","background-attachment":"scroll","background-type":"","background-media":"","overlay-type":"","overlay-color":"","overlay-opacity":"","overlay-gradient":""},"tablet":{"background-color":"var(--ast-global-color-5)","background-image":"","background-repeat":"repeat","background-position":"center center","background-size":"auto","background-attachment":"scroll","background-type":"","background-media":"","overlay-type":"","overlay-color":"","overlay-opacity":"","overlay-gradient":""},"mobile":{"background-color":"var(--ast-global-color-5)","background-image":"","background-repeat":"repeat","background-position":"center center","background-size":"auto","background-attachment":"scroll","background-type":"","background-media":"","overlay-type":"","overlay-color":"","overlay-opacity":"","overlay-gradient":""}}},"product_brand":[],"product_cat":[29],"product_tag":[],"class_list":{"0":"post-2306","1":"product","2":"type-product","3":"status-publish","4":"has-post-thumbnail","6":"product_cat-formwork-system","7":"desktop-align-left","8":"tablet-align-left","9":"mobile-align-left","10":"ast-product-gallery-layout-horizontal-slider","11":"ast-product-tabs-layout-horizontal","13":"first","14":"instock","15":"shipping-taxable","16":"purchasable","17":"product-type-simple"},"yoast_head":"<!-- This site is optimized with the Yoast SEO plugin v25.2 - https:\/\/yoast.com\/wordpress\/plugins\/seo\/ -->\n<title>Concrete Form Accessories Wire S Base Wall Tie<\/title>\n<meta name=\"description\" content=\"Concrete form accessories are materials that are used in construction projects to create concrete forms or molds.\" \/>\n<meta name=\"robots\" content=\"index, follow, max-snippet:-1, max-image-preview:large, max-video-preview:-1\" \/>\n<link rel=\"canonical\" href=\"https:\/\/qingdaohf.com\/ro\/produs\/cravata-de-baza-2\/\" \/>\n<meta property=\"og:locale\" content=\"ro_RO\" \/>\n<meta property=\"og:type\" content=\"article\" \/>\n<meta property=\"og:title\" content=\"Concrete Form Accessories Wire S Base Wall Tie\" \/>\n<meta property=\"og:description\" content=\"Concrete form accessories are materials that are used in construction projects to create concrete forms or molds.\" \/>\n<meta property=\"og:url\" content=\"https:\/\/qingdaohf.com\/ro\/produs\/cravata-de-baza-2\/\" \/>\n<meta property=\"og:site_name\" content=\"Concrete Form &amp; Rigging Hardware Supplier\" \/>\n<meta property=\"article:publisher\" content=\"https:\/\/www.facebook.com\/qingdaohf\" \/>\n<meta property=\"article:modified_time\" content=\"2025-11-13T01:06:17+00:00\" \/>\n<meta property=\"og:image\" content=\"https:\/\/qingdaohf.com\/wp-content\/uploads\/2023\/02\/Base-tie-2.jpg\" \/>\n\t<meta property=\"og:image:width\" content=\"1000\" \/>\n\t<meta property=\"og:image:height\" content=\"1000\" \/>\n\t<meta property=\"og:image:type\" content=\"image\/jpeg\" \/>\n<meta name=\"twitter:card\" content=\"summary_large_image\" \/>\n<meta name=\"twitter:label1\" content=\"Timp estimat pentru citire\" \/>\n\t<meta name=\"twitter:data1\" content=\"2 minute\" \/>\n<script type=\"application\/ld+json\" class=\"yoast-schema-graph\">{\"@context\":\"https:\/\/schema.org\",\"@graph\":[{\"@type\":\"WebPage\",\"@id\":\"https:\/\/qingdaohf.com\/product\/base-tie\/\",\"url\":\"https:\/\/qingdaohf.com\/product\/base-tie\/\",\"name\":\"Concrete Form Accessories Wire S Base Wall Tie\",\"isPartOf\":{\"@id\":\"https:\/\/qingdaohf.com\/bg\/#website\"},\"primaryImageOfPage\":{\"@id\":\"https:\/\/qingdaohf.com\/product\/base-tie\/#primaryimage\"},\"image\":{\"@id\":\"https:\/\/qingdaohf.com\/product\/base-tie\/#primaryimage\"},\"thumbnailUrl\":\"https:\/\/qingdaohf.com\/wp-content\/uploads\/2023\/02\/Base-tie-2.jpg\",\"datePublished\":\"2023-02-21T08:46:21+00:00\",\"dateModified\":\"2025-11-13T01:06:17+00:00\",\"description\":\"Concrete form accessories are materials that are used in construction projects to create concrete forms or molds.\",\"breadcrumb\":{\"@id\":\"https:\/\/qingdaohf.com\/product\/base-tie\/#breadcrumb\"},\"inLanguage\":\"ro-RO\",\"potentialAction\":[{\"@type\":\"ReadAction\",\"target\":[\"https:\/\/qingdaohf.com\/product\/base-tie\/\"]}]},{\"@type\":\"ImageObject\",\"inLanguage\":\"ro-RO\",\"@id\":\"https:\/\/qingdaohf.com\/product\/base-tie\/#primaryimage\",\"url\":\"https:\/\/qingdaohf.com\/wp-content\/uploads\/2023\/02\/Base-tie-2.jpg\",\"contentUrl\":\"https:\/\/qingdaohf.com\/wp-content\/uploads\/2023\/02\/Base-tie-2.jpg\",\"width\":1000,\"height\":1000,\"caption\":\"Base tie\"},{\"@type\":\"BreadcrumbList\",\"@id\":\"https:\/\/qingdaohf.com\/product\/base-tie\/#breadcrumb\",\"itemListElement\":[{\"@type\":\"ListItem\",\"position\":1,\"name\":\"Home\",\"item\":\"https:\/\/qingdaohf.com\/\"},{\"@type\":\"ListItem\",\"position\":2,\"name\":\"Concrete Forming Accessories and Rigging Hardware\",\"item\":\"https:\/\/qingdaohf.com\/bg\/?page_id=944\"},{\"@type\":\"ListItem\",\"position\":3,\"name\":\"Concrete Form Accessories Wire S Base Wall Tie\"}]},{\"@type\":\"WebSite\",\"@id\":\"https:\/\/qingdaohf.com\/bg\/#website\",\"url\":\"https:\/\/qingdaohf.com\/bg\/\",\"name\":\"Concrete Form & Rigging Hardware Supplier\",\"description\":\"\",\"publisher\":{\"@id\":\"https:\/\/qingdaohf.com\/bg\/#organization\"},\"potentialAction\":[{\"@type\":\"SearchAction\",\"target\":{\"@type\":\"EntryPoint\",\"urlTemplate\":\"https:\/\/qingdaohf.com\/bg\/?s={search_term_string}\"},\"query-input\":{\"@type\":\"PropertyValueSpecification\",\"valueRequired\":true,\"valueName\":\"search_term_string\"}}],\"inLanguage\":\"ro-RO\"},{\"@type\":\"Organization\",\"@id\":\"https:\/\/qingdaohf.com\/bg\/#organization\",\"name\":\"Qingdao H&F\",\"url\":\"https:\/\/qingdaohf.com\/bg\/\",\"logo\":{\"@type\":\"ImageObject\",\"inLanguage\":\"ro-RO\",\"@id\":\"https:\/\/qingdaohf.com\/bg\/#\/schema\/logo\/image\/\",\"url\":\"https:\/\/qingdaohf.com\/wp-content\/uploads\/2022\/12\/cropped-HF-LOGO.png\",\"contentUrl\":\"https:\/\/qingdaohf.com\/wp-content\/uploads\/2022\/12\/cropped-HF-LOGO.png\",\"width\":391,\"height\":249,\"caption\":\"Qingdao H&F\"},\"image\":{\"@id\":\"https:\/\/qingdaohf.com\/bg\/#\/schema\/logo\/image\/\"},\"sameAs\":[\"https:\/\/www.facebook.com\/qingdaohf\"]}]}<\/script>\n<!-- \/ Yoast SEO plugin. -->","yoast_head_json":{"title":"Concrete Form Accessories Wire S Base Wall Tie","description":"Concrete form accessories are materials that are used in construction projects to create concrete forms or molds.","robots":{"index":"index","follow":"follow","max-snippet":"max-snippet:-1","max-image-preview":"max-image-preview:large","max-video-preview":"max-video-preview:-1"},"canonical":"https:\/\/qingdaohf.com\/ro\/produs\/cravata-de-baza-2\/","og_locale":"ro_RO","og_type":"article","og_title":"Concrete Form Accessories Wire S Base Wall Tie","og_description":"Concrete form accessories are materials that are used in construction projects to create concrete forms or molds.","og_url":"https:\/\/qingdaohf.com\/ro\/produs\/cravata-de-baza-2\/","og_site_name":"Concrete Form &amp; Rigging Hardware Supplier","article_publisher":"https:\/\/www.facebook.com\/qingdaohf","article_modified_time":"2025-11-13T01:06:17+00:00","og_image":[{"width":1000,"height":1000,"url":"https:\/\/qingdaohf.com\/wp-content\/uploads\/2023\/02\/Base-tie-2.jpg","type":"image\/jpeg"}],"twitter_card":"summary_large_image","twitter_misc":{"Timp estimat pentru citire":"2 minute"},"schema":{"@context":"https:\/\/schema.org","@graph":[{"@type":"WebPage","@id":"https:\/\/qingdaohf.com\/product\/base-tie\/","url":"https:\/\/qingdaohf.com\/product\/base-tie\/","name":"Concrete Form Accessories Wire S Base Wall Tie","isPartOf":{"@id":"https:\/\/qingdaohf.com\/bg\/#website"},"primaryImageOfPage":{"@id":"https:\/\/qingdaohf.com\/product\/base-tie\/#primaryimage"},"image":{"@id":"https:\/\/qingdaohf.com\/product\/base-tie\/#primaryimage"},"thumbnailUrl":"https:\/\/qingdaohf.com\/wp-content\/uploads\/2023\/02\/Base-tie-2.jpg","datePublished":"2023-02-21T08:46:21+00:00","dateModified":"2025-11-13T01:06:17+00:00","description":"Concrete form accessories are materials that are used in construction projects to create concrete forms or molds.","breadcrumb":{"@id":"https:\/\/qingdaohf.com\/product\/base-tie\/#breadcrumb"},"inLanguage":"ro-RO","potentialAction":[{"@type":"ReadAction","target":["https:\/\/qingdaohf.com\/product\/base-tie\/"]}]},{"@type":"ImageObject","inLanguage":"ro-RO","@id":"https:\/\/qingdaohf.com\/product\/base-tie\/#primaryimage","url":"https:\/\/qingdaohf.com\/wp-content\/uploads\/2023\/02\/Base-tie-2.jpg","contentUrl":"https:\/\/qingdaohf.com\/wp-content\/uploads\/2023\/02\/Base-tie-2.jpg","width":1000,"height":1000,"caption":"Base tie"},{"@type":"BreadcrumbList","@id":"https:\/\/qingdaohf.com\/product\/base-tie\/#breadcrumb","itemListElement":[{"@type":"ListItem","position":1,"name":"Home","item":"https:\/\/qingdaohf.com\/"},{"@type":"ListItem","position":2,"name":"Concrete Forming Accessories and Rigging Hardware","item":"https:\/\/qingdaohf.com\/bg\/?page_id=944"},{"@type":"ListItem","position":3,"name":"Concrete Form Accessories Wire S Base Wall Tie"}]},{"@type":"WebSite","@id":"https:\/\/qingdaohf.com\/bg\/#website","url":"https:\/\/qingdaohf.com\/bg\/","name":"Concrete Form & Rigging Hardware Supplier","description":"","publisher":{"@id":"https:\/\/qingdaohf.com\/bg\/#organization"},"potentialAction":[{"@type":"SearchAction","target":{"@type":"EntryPoint","urlTemplate":"https:\/\/qingdaohf.com\/bg\/?s={search_term_string}"},"query-input":{"@type":"PropertyValueSpecification","valueRequired":true,"valueName":"search_term_string"}}],"inLanguage":"ro-RO"},{"@type":"Organization","@id":"https:\/\/qingdaohf.com\/bg\/#organization","name":"Qingdao H&F","url":"https:\/\/qingdaohf.com\/bg\/","logo":{"@type":"ImageObject","inLanguage":"ro-RO","@id":"https:\/\/qingdaohf.com\/bg\/#\/schema\/logo\/image\/","url":"https:\/\/qingdaohf.com\/wp-content\/uploads\/2022\/12\/cropped-HF-LOGO.png","contentUrl":"https:\/\/qingdaohf.com\/wp-content\/uploads\/2022\/12\/cropped-HF-LOGO.png","width":391,"height":249,"caption":"Qingdao H&F"},"image":{"@id":"https:\/\/qingdaohf.com\/bg\/#\/schema\/logo\/image\/"},"sameAs":["https:\/\/www.facebook.com\/qingdaohf"]}]}},"_links":{"self":[{"href":"https:\/\/qingdaohf.com\/ro\/wp-json\/wp\/v2\/product\/2306","targetHints":{"allow":["GET"]}}],"collection":[{"href":"https:\/\/qingdaohf.com\/ro\/wp-json\/wp\/v2\/product"}],"about":[{"href":"https:\/\/qingdaohf.com\/ro\/wp-json\/wp\/v2\/types\/product"}],"replies":[{"embeddable":true,"href":"https:\/\/qingdaohf.com\/ro\/wp-json\/wp\/v2\/comments?post=2306"}],"version-history":[{"count":2,"href":"https:\/\/qingdaohf.com\/ro\/wp-json\/wp\/v2\/product\/2306\/revisions"}],"predecessor-version":[{"id":7627,"href":"https:\/\/qingdaohf.com\/ro\/wp-json\/wp\/v2\/product\/2306\/revisions\/7627"}],"wp:featuredmedia":[{"embeddable":true,"href":"https:\/\/qingdaohf.com\/ro\/wp-json\/wp\/v2\/media\/3118"}],"wp:attachment":[{"href":"https:\/\/qingdaohf.com\/ro\/wp-json\/wp\/v2\/media?parent=2306"}],"wp:term":[{"taxonomy":"product_brand","embeddable":true,"href":"https:\/\/qingdaohf.com\/ro\/wp-json\/wp\/v2\/product_brand?post=2306"},{"taxonomy":"product_cat","embeddable":true,"href":"https:\/\/qingdaohf.com\/ro\/wp-json\/wp\/v2\/product_cat?post=2306"},{"taxonomy":"product_tag","embeddable":true,"href":"https:\/\/qingdaohf.com\/ro\/wp-json\/wp\/v2\/product_tag?post=2306"}],"curies":[{"name":"wp","href":"https:\/\/api.w.org\/{rel}","templated":true}]}}