{"id":2312,"date":"2023-02-21T17:34:53","date_gmt":"2023-02-21T09:34:53","guid":{"rendered":"http:\/\/qingdaohf.com\/?post_type=product&#038;p=2312"},"modified":"2025-11-13T09:06:16","modified_gmt":"2025-11-13T01:06:16","slug":"slab-bolster-dipped","status":"publish","type":"product","link":"https:\/\/qingdaohf.com\/ro\/produs\/bolster-lespede-cufundat\/","title":{"rendered":"Bol\u021b de lespede cufundat SBD"},"content":{"rendered":"<h2 data-pm-slice=\"1 1 []\">Ce este Slab Bolster Dipped (SBD)?<\/h2>\n<p>Bol\u021bul de plac\u0103 cufundat (SBD) este un accesoriu de armare esen\u021bial \u00een construc\u021bia de beton, conceput pentru a men\u021bine distan\u021ba precis\u0103 \u00eentre arm\u0103tur\u0103 \u0219i cofraj. Fabricat din o\u021bel de \u00eenalt\u0103 rezisten\u021b\u0103 \u0219i acoperit cu un finisaj prin imersie, acesta ofer\u0103 durabilitate sporit\u0103 \u0219i rezisten\u021b\u0103 la coroziune. Folosit \u00een principal \u00een proiecte cu pl\u0103ci pe nivel, prefabricate \u0219i basculante, SBD asigur\u0103 o acoperire uniform\u0103 a betonului, care este esen\u021bial\u0103 pentru rezisten\u021ba structural\u0103 \u0219i longevitate. Sistemul s\u0103u de sus\u021binere continu\u0103 previne curbarea, men\u021bin\u00e2nd arm\u0103tura \u00een pozi\u021bie sigur\u0103 \u00een timpul proceselor de turnare \u0219i \u00eent\u0103rire.<\/p>\n<h2>Beneficiile principale ale utiliz\u0103rii tehnologiei Slab Bolster Dipped (SBD)<\/h2>\n<p>SBD joac\u0103 un rol indispensabil \u00een ob\u021binerea unor performan\u021be superioare ale betonului. Unul dintre principalele sale avantaje este rezisten\u021ba la rugin\u0103 \u0219i la deteriorarea mediului, datorit\u0103 acoperirii prin imersie. Acest strat suplimentar de protec\u021bie \u00eel face deosebit de potrivit pentru mediile umede sau agresive din punct de vedere chimic, unde o\u021belul standard neacoperit se poate deteriora \u00een timp.<\/p>\n<p>Un alt beneficiu semnificativ este capacitatea sa de a men\u021bine pozi\u021bionarea constant\u0103 a arm\u0103turilor. Distan\u021barea corect\u0103 afecteaz\u0103 \u00een mod direct capacitatea portant\u0103 a betonului \u0219i rezisten\u021ba la fisurare, f\u0103c\u00e2nd din SBD o alegere fiabil\u0103 pentru proiectele care necesit\u0103 o integritate structural\u0103 ridicat\u0103. Indiferent dac\u0103 este utilizat \u00een aplica\u021bii comerciale, reziden\u021biale sau industriale, SBD contribuie la o grosime uniform\u0103 a betonului \u0219i previne deplasarea \u00een timpul turn\u0103rii betonului.<\/p>\n<h2>Aplica\u021bii ale pl\u0103cilor \u00eenmuiate (SBD)<\/h2>\n<p>Slab Bolster Dipped este versatil \u0219i utilizat pe scar\u0103 larg\u0103 \u00een diverse proiecte de construc\u021bii. Este deosebit de eficient \u00een lucr\u0103rile plate, cum ar fi autostr\u0103zile, podurile \u0219i funda\u021biile cl\u0103dirilor, unde \u00een\u0103l\u021bimea precis\u0103 a arm\u0103turilor este esen\u021bial\u0103. Fabricile de prefabricate se bazeaz\u0103, de asemenea, pe SBD pentru a men\u021bine distan\u021ba uniform\u0103 \u00eentre straturile de arm\u0103tur\u0103, asigur\u00e2nd o calitate constant\u0103 a produsului. \u00cen construc\u021biile tilt-up, SBD ajut\u0103 la sus\u021binerea panourilor \u00eenainte ca acestea s\u0103 fie ridicate la locul lor, asigur\u00e2nd stabilitate pe parcursul fazei de \u00eent\u0103rire.<\/p>\n<p>Finisajul prin imersie face ca SBD s\u0103 fie potrivit pentru medii expuse la umiditate, s\u0103ruri de degivrare sau substan\u021be chimice agresive. Aceast\u0103 caracteristic\u0103 \u00eel face o alegere preferat\u0103 pentru proiecte de infrastructur\u0103 precum tuneluri, structuri de parcare \u0219i aplica\u021bii marine \u00een care rezisten\u021ba la coroziune este o prioritate.<\/p>\n<h2>De ce s\u0103 alege\u021bi Qingdao H&amp;F pentru nevoile dvs. de dale \u00eenmuiate?<\/h2>\n<p>\u00cen calitate de societate comercial\u0103 de \u00eencredere, Qingdao H&amp;F este dedicat\u0103 furniz\u0103rii de accesorii pentru beton de \u00eenalt\u0103 calitate, cu un suport de neegalat pentru clien\u021bi. Ne remarc\u0103m \u00een industrie prin oferirea de servicii individuale pentru clien\u021bi, asigur\u00e2ndu-ne c\u0103 fiecare client prime\u0219te solu\u021bii personalizate care corespund cerin\u021belor specifice ale proiectului lor. Ciclurile noastre rapide de livrare \u00eenseamn\u0103 c\u0103 ve\u021bi primi materialele de care ave\u021bi nevoie f\u0103r\u0103 \u00eent\u00e2rzieri inutile, men\u021bin\u00e2ndu-v\u0103 proiectele la termen \u0219i \u00een limitele bugetului.<\/p>\n<p>Asigurarea calit\u0103\u021bii este o prioritate absolut\u0103 pentru noi. Furniz\u0103m rapoarte de inspec\u021bie complete, inclusiv certific\u0103ri ale materialelor \u0219i date privind testele de performan\u021b\u0103, astfel \u00eenc\u00e2t s\u0103 pute\u021bi fi \u00eencrez\u0103tori \u00een fiabilitatea produselor noastre. \u00cen plus, oferim pre\u021buri competitive f\u0103r\u0103 a compromite calitatea, ceea ce ne face o alegere rentabil\u0103 pentru antreprenorii \u0219i furnizorii care caut\u0103 accesorii fiabile pentru cofraje de beton.<\/p>\n<p>Cu un angajament puternic fa\u021b\u0103 de excelen\u021b\u0103 \u0219i satisfac\u021bia clien\u021bilor, Qingdao H&amp;F este partenerul dvs. de baz\u0103 pentru Slab Bolster Dipped \u0219i alte solu\u021bii de armare. Contacta\u021bi-ne ast\u0103zi pentru a afla mai multe despre modul \u00een care v\u0103 putem sprijini proiectele de construc\u021bie cu produse de top \u0219i servicii excep\u021bionale.<\/p>","protected":false},"excerpt":{"rendered":"<p data-pm-slice=\"1 1 []\">Slab Bolster Dipped (SBD) este un accesoriu esen\u021bial pentru armarea betonului, asigur\u00e2nd plasarea precis\u0103 a arm\u0103turilor \u0219i integritatea structural\u0103 optim\u0103. Dispun\u00e2nd de un finisaj imersat pentru o rezisten\u021b\u0103 superioar\u0103 la coroziune, SBD ofer\u0103 un suport fiabil pentru aplica\u021biile cu pl\u0103ci pe nivel, prefabricate \u0219i \u00eenclinate. La Qingdao H&amp;F, garant\u0103m o calitate superioar\u0103 cu diverse rapoarte de inspec\u021bie, cicluri de livrare rapide \u0219i un serviciu clien\u021bi dedicat, individual, pentru a v\u0103 simplifica experien\u021ba de cump\u0103rare. Pre\u021burile noastre competitive \u0219i angajamentul nostru fa\u021b\u0103 de excelen\u021b\u0103 ne fac un partener de \u00eencredere pentru toate nevoile dvs. de construc\u021bie.<\/p>","protected":false},"featured_media":8004,"comment_status":"open","ping_status":"closed","template":"","meta":{"site-sidebar-layout":"default","site-content-layout":"default","ast-site-content-layout":"default","site-content-style":"default","site-sidebar-style":"default","ast-global-header-display":"","ast-banner-title-visibility":"","ast-main-header-display":"","ast-hfb-above-header-display":"","ast-hfb-below-header-display":"","ast-hfb-mobile-header-display":"","site-post-title":"","ast-breadcrumbs-content":"","ast-featured-img":"","footer-sml-layout":"","theme-transparent-header-meta":"default","adv-header-id-meta":"","stick-header-meta":"default","header-above-stick-meta":"","header-main-stick-meta":"","header-below-stick-meta":"","astra-migrate-meta-layouts":"set","ast-page-background-enabled":"default","ast-page-background-meta":{"desktop":{"background-color":"","background-image":"","background-repeat":"repeat","background-position":"center center","background-size":"auto","background-attachment":"scroll","background-type":"","background-media":"","overlay-type":"","overlay-color":"","overlay-opacity":"","overlay-gradient":""},"tablet":{"background-color":"","background-image":"","background-repeat":"repeat","background-position":"center center","background-size":"auto","background-attachment":"scroll","background-type":"","background-media":"","overlay-type":"","overlay-color":"","overlay-opacity":"","overlay-gradient":""},"mobile":{"background-color":"","background-image":"","background-repeat":"repeat","background-position":"center center","background-size":"auto","background-attachment":"scroll","background-type":"","background-media":"","overlay-type":"","overlay-color":"","overlay-opacity":"","overlay-gradient":""}},"ast-content-background-meta":{"desktop":{"background-color":"var(--ast-global-color-5)","background-image":"","background-repeat":"repeat","background-position":"center center","background-size":"auto","background-attachment":"scroll","background-type":"","background-media":"","overlay-type":"","overlay-color":"","overlay-opacity":"","overlay-gradient":""},"tablet":{"background-color":"var(--ast-global-color-5)","background-image":"","background-repeat":"repeat","background-position":"center center","background-size":"auto","background-attachment":"scroll","background-type":"","background-media":"","overlay-type":"","overlay-color":"","overlay-opacity":"","overlay-gradient":""},"mobile":{"background-color":"var(--ast-global-color-5)","background-image":"","background-repeat":"repeat","background-position":"center center","background-size":"auto","background-attachment":"scroll","background-type":"","background-media":"","overlay-type":"","overlay-color":"","overlay-opacity":"","overlay-gradient":""}}},"product_brand":[],"product_cat":[35],"product_tag":[],"class_list":{"0":"post-2312","1":"product","2":"type-product","3":"status-publish","4":"has-post-thumbnail","6":"product_cat-concrete-rebar-support","7":"desktop-align-left","8":"tablet-align-left","9":"mobile-align-left","10":"ast-product-gallery-layout-horizontal-slider","11":"ast-product-tabs-layout-horizontal","13":"first","14":"instock","15":"shipping-taxable","16":"purchasable","17":"product-type-simple"},"yoast_head":"<!-- This site is optimized with the Yoast SEO plugin v25.2 - https:\/\/yoast.com\/wordpress\/plugins\/seo\/ -->\n<title>Slab Bolster Dipped SBD<\/title>\n<meta name=\"description\" content=\"Slab Bolster Dipped (SBD) is an essential accessory for concrete reinforcement, ensuring precise rebar placement and optimal structural integrity.\" \/>\n<meta name=\"robots\" content=\"index, follow, max-snippet:-1, max-image-preview:large, max-video-preview:-1\" \/>\n<link rel=\"canonical\" href=\"https:\/\/qingdaohf.com\/ro\/produs\/bolster-lespede-cufundat\/\" \/>\n<meta property=\"og:locale\" content=\"ro_RO\" \/>\n<meta property=\"og:type\" content=\"article\" \/>\n<meta property=\"og:title\" content=\"Slab Bolster Dipped SBD\" \/>\n<meta property=\"og:description\" content=\"Slab Bolster Dipped (SBD) is an essential accessory for concrete reinforcement, ensuring precise rebar placement and optimal structural integrity.\" \/>\n<meta property=\"og:url\" content=\"https:\/\/qingdaohf.com\/ro\/produs\/bolster-lespede-cufundat\/\" \/>\n<meta property=\"og:site_name\" content=\"Concrete Form &amp; Rigging Hardware Supplier\" \/>\n<meta property=\"article:publisher\" content=\"https:\/\/www.facebook.com\/qingdaohf\" \/>\n<meta property=\"article:modified_time\" content=\"2025-11-13T01:06:16+00:00\" \/>\n<meta property=\"og:image\" content=\"https:\/\/qingdaohf.com\/wp-content\/uploads\/2023\/02\/Slab-Bolster-Dipped-1-1.jpg\" \/>\n\t<meta property=\"og:image:width\" content=\"1000\" \/>\n\t<meta property=\"og:image:height\" content=\"1000\" \/>\n\t<meta property=\"og:image:type\" content=\"image\/jpeg\" \/>\n<meta name=\"twitter:card\" content=\"summary_large_image\" \/>\n<meta name=\"twitter:label1\" content=\"Timp estimat pentru citire\" \/>\n\t<meta name=\"twitter:data1\" content=\"3 minute\" \/>\n<script type=\"application\/ld+json\" class=\"yoast-schema-graph\">{\"@context\":\"https:\/\/schema.org\",\"@graph\":[{\"@type\":\"WebPage\",\"@id\":\"https:\/\/qingdaohf.com\/product\/slab-bolster-dipped\/\",\"url\":\"https:\/\/qingdaohf.com\/product\/slab-bolster-dipped\/\",\"name\":\"Slab Bolster Dipped SBD\",\"isPartOf\":{\"@id\":\"https:\/\/qingdaohf.com\/bg\/#website\"},\"primaryImageOfPage\":{\"@id\":\"https:\/\/qingdaohf.com\/product\/slab-bolster-dipped\/#primaryimage\"},\"image\":{\"@id\":\"https:\/\/qingdaohf.com\/product\/slab-bolster-dipped\/#primaryimage\"},\"thumbnailUrl\":\"https:\/\/qingdaohf.com\/wp-content\/uploads\/2023\/02\/Slab-Bolster-Dipped-1-1.jpg\",\"datePublished\":\"2023-02-21T09:34:53+00:00\",\"dateModified\":\"2025-11-13T01:06:16+00:00\",\"description\":\"Slab Bolster Dipped (SBD) is an essential accessory for concrete reinforcement, ensuring precise rebar placement and optimal structural integrity.\",\"breadcrumb\":{\"@id\":\"https:\/\/qingdaohf.com\/product\/slab-bolster-dipped\/#breadcrumb\"},\"inLanguage\":\"ro-RO\",\"potentialAction\":[{\"@type\":\"ReadAction\",\"target\":[\"https:\/\/qingdaohf.com\/product\/slab-bolster-dipped\/\"]}]},{\"@type\":\"ImageObject\",\"inLanguage\":\"ro-RO\",\"@id\":\"https:\/\/qingdaohf.com\/product\/slab-bolster-dipped\/#primaryimage\",\"url\":\"https:\/\/qingdaohf.com\/wp-content\/uploads\/2023\/02\/Slab-Bolster-Dipped-1-1.jpg\",\"contentUrl\":\"https:\/\/qingdaohf.com\/wp-content\/uploads\/2023\/02\/Slab-Bolster-Dipped-1-1.jpg\",\"width\":1000,\"height\":1000,\"caption\":\"Slab Bolster Dipped\"},{\"@type\":\"BreadcrumbList\",\"@id\":\"https:\/\/qingdaohf.com\/product\/slab-bolster-dipped\/#breadcrumb\",\"itemListElement\":[{\"@type\":\"ListItem\",\"position\":1,\"name\":\"Home\",\"item\":\"https:\/\/qingdaohf.com\/\"},{\"@type\":\"ListItem\",\"position\":2,\"name\":\"Concrete Forming Accessories and Rigging Hardware\",\"item\":\"https:\/\/qingdaohf.com\/bg\/?page_id=944\"},{\"@type\":\"ListItem\",\"position\":3,\"name\":\"Slab Bolster Dipped SBD\"}]},{\"@type\":\"WebSite\",\"@id\":\"https:\/\/qingdaohf.com\/bg\/#website\",\"url\":\"https:\/\/qingdaohf.com\/bg\/\",\"name\":\"Concrete Form & Rigging Hardware Supplier\",\"description\":\"\",\"publisher\":{\"@id\":\"https:\/\/qingdaohf.com\/bg\/#organization\"},\"potentialAction\":[{\"@type\":\"SearchAction\",\"target\":{\"@type\":\"EntryPoint\",\"urlTemplate\":\"https:\/\/qingdaohf.com\/bg\/?s={search_term_string}\"},\"query-input\":{\"@type\":\"PropertyValueSpecification\",\"valueRequired\":true,\"valueName\":\"search_term_string\"}}],\"inLanguage\":\"ro-RO\"},{\"@type\":\"Organization\",\"@id\":\"https:\/\/qingdaohf.com\/bg\/#organization\",\"name\":\"Qingdao H&F\",\"url\":\"https:\/\/qingdaohf.com\/bg\/\",\"logo\":{\"@type\":\"ImageObject\",\"inLanguage\":\"ro-RO\",\"@id\":\"https:\/\/qingdaohf.com\/bg\/#\/schema\/logo\/image\/\",\"url\":\"https:\/\/qingdaohf.com\/wp-content\/uploads\/2022\/12\/cropped-HF-LOGO.png\",\"contentUrl\":\"https:\/\/qingdaohf.com\/wp-content\/uploads\/2022\/12\/cropped-HF-LOGO.png\",\"width\":391,\"height\":249,\"caption\":\"Qingdao H&F\"},\"image\":{\"@id\":\"https:\/\/qingdaohf.com\/bg\/#\/schema\/logo\/image\/\"},\"sameAs\":[\"https:\/\/www.facebook.com\/qingdaohf\"]}]}<\/script>\n<!-- \/ Yoast SEO plugin. -->","yoast_head_json":{"title":"Slab Bolster Dipped SBD","description":"Slab Bolster Dipped (SBD) is an essential accessory for concrete reinforcement, ensuring precise rebar placement and optimal structural integrity.","robots":{"index":"index","follow":"follow","max-snippet":"max-snippet:-1","max-image-preview":"max-image-preview:large","max-video-preview":"max-video-preview:-1"},"canonical":"https:\/\/qingdaohf.com\/ro\/produs\/bolster-lespede-cufundat\/","og_locale":"ro_RO","og_type":"article","og_title":"Slab Bolster Dipped SBD","og_description":"Slab Bolster Dipped (SBD) is an essential accessory for concrete reinforcement, ensuring precise rebar placement and optimal structural integrity.","og_url":"https:\/\/qingdaohf.com\/ro\/produs\/bolster-lespede-cufundat\/","og_site_name":"Concrete Form &amp; Rigging Hardware Supplier","article_publisher":"https:\/\/www.facebook.com\/qingdaohf","article_modified_time":"2025-11-13T01:06:16+00:00","og_image":[{"width":1000,"height":1000,"url":"https:\/\/qingdaohf.com\/wp-content\/uploads\/2023\/02\/Slab-Bolster-Dipped-1-1.jpg","type":"image\/jpeg"}],"twitter_card":"summary_large_image","twitter_misc":{"Timp estimat pentru citire":"3 minute"},"schema":{"@context":"https:\/\/schema.org","@graph":[{"@type":"WebPage","@id":"https:\/\/qingdaohf.com\/product\/slab-bolster-dipped\/","url":"https:\/\/qingdaohf.com\/product\/slab-bolster-dipped\/","name":"Slab Bolster Dipped SBD","isPartOf":{"@id":"https:\/\/qingdaohf.com\/bg\/#website"},"primaryImageOfPage":{"@id":"https:\/\/qingdaohf.com\/product\/slab-bolster-dipped\/#primaryimage"},"image":{"@id":"https:\/\/qingdaohf.com\/product\/slab-bolster-dipped\/#primaryimage"},"thumbnailUrl":"https:\/\/qingdaohf.com\/wp-content\/uploads\/2023\/02\/Slab-Bolster-Dipped-1-1.jpg","datePublished":"2023-02-21T09:34:53+00:00","dateModified":"2025-11-13T01:06:16+00:00","description":"Slab Bolster Dipped (SBD) is an essential accessory for concrete reinforcement, ensuring precise rebar placement and optimal structural integrity.","breadcrumb":{"@id":"https:\/\/qingdaohf.com\/product\/slab-bolster-dipped\/#breadcrumb"},"inLanguage":"ro-RO","potentialAction":[{"@type":"ReadAction","target":["https:\/\/qingdaohf.com\/product\/slab-bolster-dipped\/"]}]},{"@type":"ImageObject","inLanguage":"ro-RO","@id":"https:\/\/qingdaohf.com\/product\/slab-bolster-dipped\/#primaryimage","url":"https:\/\/qingdaohf.com\/wp-content\/uploads\/2023\/02\/Slab-Bolster-Dipped-1-1.jpg","contentUrl":"https:\/\/qingdaohf.com\/wp-content\/uploads\/2023\/02\/Slab-Bolster-Dipped-1-1.jpg","width":1000,"height":1000,"caption":"Slab Bolster Dipped"},{"@type":"BreadcrumbList","@id":"https:\/\/qingdaohf.com\/product\/slab-bolster-dipped\/#breadcrumb","itemListElement":[{"@type":"ListItem","position":1,"name":"Home","item":"https:\/\/qingdaohf.com\/"},{"@type":"ListItem","position":2,"name":"Concrete Forming Accessories and Rigging Hardware","item":"https:\/\/qingdaohf.com\/bg\/?page_id=944"},{"@type":"ListItem","position":3,"name":"Slab Bolster Dipped SBD"}]},{"@type":"WebSite","@id":"https:\/\/qingdaohf.com\/bg\/#website","url":"https:\/\/qingdaohf.com\/bg\/","name":"Concrete Form & Rigging Hardware Supplier","description":"","publisher":{"@id":"https:\/\/qingdaohf.com\/bg\/#organization"},"potentialAction":[{"@type":"SearchAction","target":{"@type":"EntryPoint","urlTemplate":"https:\/\/qingdaohf.com\/bg\/?s={search_term_string}"},"query-input":{"@type":"PropertyValueSpecification","valueRequired":true,"valueName":"search_term_string"}}],"inLanguage":"ro-RO"},{"@type":"Organization","@id":"https:\/\/qingdaohf.com\/bg\/#organization","name":"Qingdao H&F","url":"https:\/\/qingdaohf.com\/bg\/","logo":{"@type":"ImageObject","inLanguage":"ro-RO","@id":"https:\/\/qingdaohf.com\/bg\/#\/schema\/logo\/image\/","url":"https:\/\/qingdaohf.com\/wp-content\/uploads\/2022\/12\/cropped-HF-LOGO.png","contentUrl":"https:\/\/qingdaohf.com\/wp-content\/uploads\/2022\/12\/cropped-HF-LOGO.png","width":391,"height":249,"caption":"Qingdao H&F"},"image":{"@id":"https:\/\/qingdaohf.com\/bg\/#\/schema\/logo\/image\/"},"sameAs":["https:\/\/www.facebook.com\/qingdaohf"]}]}},"_links":{"self":[{"href":"https:\/\/qingdaohf.com\/ro\/wp-json\/wp\/v2\/product\/2312","targetHints":{"allow":["GET"]}}],"collection":[{"href":"https:\/\/qingdaohf.com\/ro\/wp-json\/wp\/v2\/product"}],"about":[{"href":"https:\/\/qingdaohf.com\/ro\/wp-json\/wp\/v2\/types\/product"}],"replies":[{"embeddable":true,"href":"https:\/\/qingdaohf.com\/ro\/wp-json\/wp\/v2\/comments?post=2312"}],"version-history":[{"count":11,"href":"https:\/\/qingdaohf.com\/ro\/wp-json\/wp\/v2\/product\/2312\/revisions"}],"predecessor-version":[{"id":10248,"href":"https:\/\/qingdaohf.com\/ro\/wp-json\/wp\/v2\/product\/2312\/revisions\/10248"}],"wp:featuredmedia":[{"embeddable":true,"href":"https:\/\/qingdaohf.com\/ro\/wp-json\/wp\/v2\/media\/8004"}],"wp:attachment":[{"href":"https:\/\/qingdaohf.com\/ro\/wp-json\/wp\/v2\/media?parent=2312"}],"wp:term":[{"taxonomy":"product_brand","embeddable":true,"href":"https:\/\/qingdaohf.com\/ro\/wp-json\/wp\/v2\/product_brand?post=2312"},{"taxonomy":"product_cat","embeddable":true,"href":"https:\/\/qingdaohf.com\/ro\/wp-json\/wp\/v2\/product_cat?post=2312"},{"taxonomy":"product_tag","embeddable":true,"href":"https:\/\/qingdaohf.com\/ro\/wp-json\/wp\/v2\/product_tag?post=2312"}],"curies":[{"name":"wp","href":"https:\/\/api.w.org\/{rel}","templated":true}]}}