{"id":2646,"date":"2023-03-02T15:27:12","date_gmt":"2023-03-02T07:27:12","guid":{"rendered":"http:\/\/qingdaohf.com\/?post_type=product&#038;p=2646"},"modified":"2025-11-13T09:05:52","modified_gmt":"2025-11-13T01:05:52","slug":"elephant-foot-ferrule","status":"publish","type":"product","link":"https:\/\/qingdaohf.com\/ro\/produs\/roud-ferrule-picior-de-elefant-ferrule\/","title":{"rendered":"Picior de elefant Ferrule"},"content":{"rendered":"<h2 class=\"text-2xl font-bold mt-1 text-text-200\">Ce sunt feritele cu picior de elefant \u0219i de ce sunt ele importante?<\/h2>\n<p class=\"whitespace-pre-wrap break-words\">V-a\u021bi \u00eentrebat vreodat\u0103 de ce li se spune feruli\u021be cu \"picior de elefant\"? Arunca\u021bi o privire la una dintre ele \u0219i ve\u021bi vedea - aceste componente critice de echipare au o baz\u0103 evazat\u0103 distinctiv\u0103 care reflect\u0103 piciorul unui elefant. Dar forma lor unic\u0103 nu este doar pentru spectacol. Aceste virole specializate sunt eroii necunoscu\u021bi ai lumii echipamentelor de foraj, cre\u00e2nd conexiuni solide ca piatra \u00eentre cablurile metalice \u0219i sistemele de ridicare. Designul lor inteligent distribuie presiunea \u00een mod egal pe firele de cablu, \u021bin\u00e2nd la distan\u021b\u0103 ruperea \u0219i men\u021bin\u00e2nd rezisten\u021ba cablului atunci c\u00e2nd este cel mai important.<\/p>\n<p class=\"whitespace-pre-wrap break-words\">S\u0103 fim reali\u0219ti - alegerea ferulului potrivit nu este un lucru u\u0219or de luat \u00een considerare. Atunci c\u00e2nd ave\u021bi de-a face cu ridic\u0103ri grele, lucr\u0103ri marine sau orice aplica\u021bie de echipare \u00een care tensiunea este foarte mare, alegerea virolei poate face sau desface o opera\u021biune - uneori la propriu. Acesta este motivul pentru care \u00een\u021belegerea acestor componente din interior \u0219i din exterior nu este doar util\u0103 - este esen\u021bial\u0103 pentru oricine lucreaz\u0103 \u00een domeniu.<\/p>\n<p><img fetchpriority=\"high\" decoding=\"async\" class=\"alignnone size-full wp-image-3403\" src=\"http:\/\/qingdaohf.com\/wp-content\/uploads\/2023\/03\/50-3.jpg\" alt=\"fila\" width=\"1200\" height=\"412\" srcset=\"https:\/\/qingdaohf.com\/wp-content\/uploads\/2023\/03\/50-3.jpg 1200w, https:\/\/qingdaohf.com\/wp-content\/uploads\/2023\/03\/50-3-300x103.jpg 300w, https:\/\/qingdaohf.com\/wp-content\/uploads\/2023\/03\/50-3-1024x352.jpg 1024w, https:\/\/qingdaohf.com\/wp-content\/uploads\/2023\/03\/50-3-768x264.jpg 768w, https:\/\/qingdaohf.com\/wp-content\/uploads\/2023\/03\/50-3-1000x343.jpg 1000w\" sizes=\"(max-width: 1200px) 100vw, 1200px\" \/><\/p>\n<h2 class=\"text-2xl font-bold mt-1 text-text-200\">De ce s\u0103 alege\u021bi Qingdao H&amp;F pentru ferulele dvs. cu picior de elefant?<\/h2>\n<p class=\"whitespace-pre-wrap break-words\">Noi, cei de la Qingdao H&amp;F, \u00een\u021belegem - atunci c\u00e2nd v\u0103 aproviziona\u021bi cu echipamente de echipare, ave\u021bi nevoie de un partener care s\u0103 v\u0103 ofere mai mult dec\u00e2t simple piese. Baz\u00e2ndu-ne pe ani de experien\u021b\u0103 \u00een comer\u021bul interna\u021bional, ne-am construit reputa\u021bia pe fabricarea de ghidoane premium care merg la distan\u021b\u0103. Dar \u0219tim c\u0103 produsele excelente sunt doar punctul de plecare.<\/p>\n<p class=\"whitespace-pre-wrap break-words\">Ce ne diferen\u021biaz\u0103? Pentru \u00eenceput, ve\u021bi lucra direct cu o persoan\u0103 de asisten\u021b\u0103 dedicat\u0103 care \u00ee\u0219i cunoa\u0219te meseria. F\u0103r\u0103 birouri telefonice, f\u0103r\u0103 alerg\u0103turi - doar discu\u021bii directe \u0219i solu\u021bii adaptate la cerin\u021bele proiectului dvs. Ave\u021bi nevoie de specifica\u021bii personalizate? Certific\u0103ri speciale? V\u0103 acoperim noi. \u0218i pentru c\u0103 timpul \u00eenseamn\u0103 bani, am simplificat procesul nostru de livrare pentru a v\u0103 men\u021bine opera\u021biunea \u00een mi\u0219care.<\/p>\n<p class=\"whitespace-pre-wrap break-words\">Calitatea nu este doar un cuv\u00e2nt la mod\u0103 aici. Fiecare ferul\u0103 trece prin teste exhaustive - vorbim despre rezisten\u021ba materialului, rezisten\u021ba la coroziune, acurate\u021bea dimensiunilor, etc. Fiecare comand\u0103, fie c\u0103 este vorba de o singur\u0103 pies\u0103 sau de o mie, este sus\u021binut\u0103 de rapoarte de inspec\u021bie detaliate. Pentru c\u0103 atunci c\u00e2nd siguran\u021ba este \u00een joc, \"suficient de bun\" pur \u0219i simplu nu este.<\/p>\n<h2 class=\"text-2xl font-bold mt-1 text-text-200\">\u00cen\u021belegerea concep\u021biei \u0219i aplic\u0103rii ferulilor cu picior de elefant<\/h2>\n<p class=\"whitespace-pre-wrap break-words\">Geniul acestor virole const\u0103 \u00een forma lor distinctiv\u0103. Acea baz\u0103 mai larg\u0103 nu este doar pentru aspect - creeaz\u0103 o suprafa\u021b\u0103 suplimentar\u0103 de compresie, prinz\u00e2nd cablul mai eficient dec\u00e2t ar putea-o face vreodat\u0103 virolele standard. Atunci c\u00e2nd se aplic\u0103 presiune, sarcina se r\u0103sp\u00e2nde\u0219te uniform pe firele de cablu, prevenind punctele fierbin\u021bi de tensiune care pot duce la defec\u021biuni. Acest design inteligent reduce, de asemenea, frecarea acolo unde conteaz\u0103, prelungind durata de via\u021b\u0103 at\u00e2t a virolei, c\u00e2t \u0219i a cablului.<\/p>\n<p class=\"whitespace-pre-wrap break-words\">De la platformele offshore la \u0219antierele de construc\u021bii, oriunde ve\u021bi g\u0103si opera\u021biuni de ridicare serioase, ve\u021bi g\u0103si aceste ferite la lucru. Adev\u0103ratul lor punct forte? Adaptabilitatea. Indiferent dac\u0103 lucra\u021bi cu cabluri din o\u021bel inoxidabil, o\u021bel galvanizat sau aliaje speciale, man\u0219oanele pentru picioare de elefant pot face fa\u021b\u0103. Aceast\u0103 versatilitate le face ideale at\u00e2t pentru instala\u021biile permanente, c\u00e2t \u0219i pentru configura\u021biile temporare \u00een care fiabilitatea nu poate fi compromis\u0103.<\/p>\n<h2 class=\"text-2xl font-bold mt-1 text-text-200\">Cum contribuie feritele cu picior de elefant la siguran\u021b\u0103 \u0219i performan\u021b\u0103<\/h2>\n<p class=\"whitespace-pre-wrap break-words\">\u00cen lumea utilajelor grele \u0219i a echipamentelor de ridicare, nu exist\u0103 componente \"minore\". Fiecare pies\u0103 conteaz\u0103, iar aceste virole joac\u0103 un rol crucial \u00een prevenirea scenariilor de co\u0219mar - alunecarea cablului, ruperea sau ruperile catastrofale. Atunci c\u00e2nd ridica\u021bi \u00eenc\u0103rc\u0103turi care ar putea provoca daune sau r\u0103niri grave dac\u0103 ceva nu merge bine, ave\u021bi nevoie de hardware \u00een care pute\u021bi avea \u00eencredere.<\/p>\n<p class=\"whitespace-pre-wrap break-words\">Acestea nu sunt ferite obi\u0219nuite. Construite din materiale de top \u0219i fabricate cu precizie, sunt proiectate s\u0103 reziste furtunii - la propriu. De la medii corozive la temperaturi extreme \u0219i aplica\u021bii cu solicit\u0103ri ridicate, ele continu\u0103 s\u0103 func\u021bioneze atunci c\u00e2nd hardware-ul inferior ar ceda. \u00cemperechea\u021bi acest lucru cu controlul nostru riguros al calit\u0103\u021bii \u0219i ob\u021bine\u021bi lini\u0219tea pe care v\u0103 pute\u021bi baza.<\/p>\n<h2 class=\"text-2xl font-bold mt-1 text-text-200\">Avantajul Qingdao H&amp;F<\/h2>\n<p><img decoding=\"async\" class=\"alignnone wp-image-8732 size-full\" src=\"http:\/\/qingdaohf.com\/wp-content\/uploads\/2023\/03\/HF-packing-5-1.webp\" alt=\"Ambalare HF\" width=\"1920\" height=\"1080\" srcset=\"https:\/\/qingdaohf.com\/wp-content\/uploads\/2023\/03\/HF-packing-5-1.webp 1920w, https:\/\/qingdaohf.com\/wp-content\/uploads\/2023\/03\/HF-packing-5-1-300x169.webp 300w, https:\/\/qingdaohf.com\/wp-content\/uploads\/2023\/03\/HF-packing-5-1-1024x576.webp 1024w, https:\/\/qingdaohf.com\/wp-content\/uploads\/2023\/03\/HF-packing-5-1-768x432.webp 768w, https:\/\/qingdaohf.com\/wp-content\/uploads\/2023\/03\/HF-packing-5-1-1536x864.webp 1536w, https:\/\/qingdaohf.com\/wp-content\/uploads\/2023\/03\/HF-packing-5-1-18x10.webp 18w, https:\/\/qingdaohf.com\/wp-content\/uploads\/2023\/03\/HF-packing-5-1-1000x563.webp 1000w\" sizes=\"(max-width: 1920px) 100vw, 1920px\" \/><\/p>\n<p class=\"whitespace-pre-wrap break-words\">Alegerea Qingdao H&amp;F \u00eenseamn\u0103 mai mult dec\u00e2t simpla achizi\u021bie de ferite - ve\u021bi ob\u021bine un partener investit \u00een succesul dumneavoastr\u0103. Echipa noastr\u0103 tr\u0103ie\u0219te \u0219i respir\u0103 industria de montaj \u0219i suntem aici pentru a v\u0103 ajuta s\u0103 rezolva\u021bi at\u00e2t provoc\u0103rile imediate, c\u00e2t \u0219i obiectivele pe termen lung.<\/p>\n<p class=\"whitespace-pre-wrap break-words\">Ne-am c\u00e2\u0219tigat reputa\u021bia pe calea cea grea - oferind \u00een mod constant produse de calitate, livr\u0103ri rapide \u0219i asisten\u021b\u0103 pe care v\u0103 pute\u021bi baza cu adev\u0103rat. Dori\u021bi s\u0103 testa\u021bi \u00eenainte de a investi? V\u0103 vom trimite mostre gratuite ale produselor noastre de cabluri. Aceast\u0103 abordare practic\u0103 v\u0103 permite s\u0103 verifica\u021bi compatibilitatea \u0219i performan\u021ba \u00eenainte de a lua decizii majore.<\/p>\n<h2 class=\"text-2xl font-bold mt-1 text-text-200\">Concluzie<\/h2>\n<p class=\"whitespace-pre-wrap break-words\">Atunci c\u00e2nd vine vorba de opera\u021biunile de ridicare, man\u0219oanele de picior de elefant nu sunt doar o alt\u0103 pies\u0103 - ele reprezint\u0103 lini\u0219tea sufleteasc\u0103 f\u0103cut\u0103 din metal. La Qingdao H&amp;F, combin\u0103m produsele premium cu expertiza \u0219i serviciile de care ave\u021bi nevoie pentru ca lucrurile s\u0103 func\u021bioneze f\u0103r\u0103 probleme. Indiferent dac\u0103 lucra\u021bi \u00een construc\u021bii, \u00een domeniul maritim sau \u00een orice alt domeniu care necesit\u0103 componente de echipare antiglon\u021b, fitingurile noastre ofer\u0103 rezultate. Cu teste cuprinz\u0103toare, asisten\u021b\u0103 personal\u0103 \u0219i termene de livrare rapide, suntem preg\u0103ti\u021bi s\u0103 devenim partenerul dvs. de baz\u0103 pentru echipamente de echipare \u0219i ridicare. Sunte\u021bi gata s\u0103 afla\u021bi mai multe? Haide\u021bi s\u0103 discut\u0103m despre modul \u00een care ghidoanele noastre cu picior de elefant v\u0103 pot ridica urm\u0103torul proiect.<\/p>","protected":false},"excerpt":{"rendered":"<p>Elephant Foot Ferrules sunt de mare importan\u021b\u0103 \u00een industria de montaj \u0219i ridicare, unde servesc la stabilirea unei conexiuni puternice \u0219i sigure \u00eentre cablurile de s\u00e2rm\u0103 pentru o performan\u021b\u0103 mai bun\u0103 atunci c\u00e2nd sunt supuse unor aplica\u021bii grele. Calitatea, acurate\u021bea \u0219i compatibilitatea sunt preocup\u0103ri obi\u0219nuite pentru orice cump\u0103r\u0103tor; cu Elephant Foot Ferrules de la Qingdao H&amp;F, fi\u021bi siguri de o solu\u021bie de \u00eenalt\u0103 calitate care va r\u0103spunde chiar \u0219i celor mai exigente cerin\u021be. Serviciile personalizate pentru clien\u021bi, ciclurile rapide de livrare \u0219i rapoartele complete de inspec\u021bie a calit\u0103\u021bii sunt doar c\u00e2teva dintre beneficiile care v\u0103 asigur\u0103 c\u0103 ve\u021bi ob\u021bine cel mai bun produs, adaptat nevoilor dumneavoastr\u0103, de fiecare dat\u0103. Fie c\u0103 ave\u021bi nevoie de dimensiuni personalizate sau de o solu\u021bie rapid\u0103, v\u0103 putem ajuta \u00een fiecare etap\u0103 a proiectului dumneavoastr\u0103.<\/p>","protected":false},"featured_media":3398,"comment_status":"open","ping_status":"closed","template":"","meta":{"site-sidebar-layout":"default","site-content-layout":"default","ast-site-content-layout":"default","site-content-style":"default","site-sidebar-style":"default","ast-global-header-display":"","ast-banner-title-visibility":"","ast-main-header-display":"","ast-hfb-above-header-display":"","ast-hfb-below-header-display":"","ast-hfb-mobile-header-display":"","site-post-title":"","ast-breadcrumbs-content":"","ast-featured-img":"","footer-sml-layout":"","theme-transparent-header-meta":"default","adv-header-id-meta":"","stick-header-meta":"default","header-above-stick-meta":"","header-main-stick-meta":"","header-below-stick-meta":"","astra-migrate-meta-layouts":"set","ast-page-background-enabled":"default","ast-page-background-meta":{"desktop":{"background-color":"","background-image":"","background-repeat":"repeat","background-position":"center center","background-size":"auto","background-attachment":"scroll","background-type":"","background-media":"","overlay-type":"","overlay-color":"","overlay-opacity":"","overlay-gradient":""},"tablet":{"background-color":"","background-image":"","background-repeat":"repeat","background-position":"center center","background-size":"auto","background-attachment":"scroll","background-type":"","background-media":"","overlay-type":"","overlay-color":"","overlay-opacity":"","overlay-gradient":""},"mobile":{"background-color":"","background-image":"","background-repeat":"repeat","background-position":"center center","background-size":"auto","background-attachment":"scroll","background-type":"","background-media":"","overlay-type":"","overlay-color":"","overlay-opacity":"","overlay-gradient":""}},"ast-content-background-meta":{"desktop":{"background-color":"var(--ast-global-color-5)","background-image":"","background-repeat":"repeat","background-position":"center center","background-size":"auto","background-attachment":"scroll","background-type":"","background-media":"","overlay-type":"","overlay-color":"","overlay-opacity":"","overlay-gradient":""},"tablet":{"background-color":"var(--ast-global-color-5)","background-image":"","background-repeat":"repeat","background-position":"center center","background-size":"auto","background-attachment":"scroll","background-type":"","background-media":"","overlay-type":"","overlay-color":"","overlay-opacity":"","overlay-gradient":""},"mobile":{"background-color":"var(--ast-global-color-5)","background-image":"","background-repeat":"repeat","background-position":"center center","background-size":"auto","background-attachment":"scroll","background-type":"","background-media":"","overlay-type":"","overlay-color":"","overlay-opacity":"","overlay-gradient":""}}},"product_brand":[],"product_cat":[50,30],"product_tag":[],"class_list":{"0":"post-2646","1":"product","2":"type-product","3":"status-publish","4":"has-post-thumbnail","6":"product_cat-concrete-form-accessories","7":"product_cat-lifting-anchor","8":"desktop-align-left","9":"tablet-align-left","10":"mobile-align-left","11":"ast-product-gallery-layout-horizontal-slider","12":"ast-product-tabs-layout-horizontal","14":"first","15":"instock","16":"shipping-taxable","17":"purchasable","18":"product-type-simple"},"yoast_head":"<!-- This site is optimized with the Yoast SEO plugin v25.2 - https:\/\/yoast.com\/wordpress\/plugins\/seo\/ -->\n<title>Elephant Foot Ferrule<\/title>\n<meta name=\"description\" content=\"Roud Ferrule and Elephant Foot Ferrule it helps to ensure the integrity and longevity of the structures we build.\" \/>\n<meta name=\"robots\" content=\"index, follow, max-snippet:-1, max-image-preview:large, max-video-preview:-1\" \/>\n<link rel=\"canonical\" href=\"https:\/\/qingdaohf.com\/ro\/produs\/roud-ferrule-picior-de-elefant-ferrule\/\" \/>\n<meta property=\"og:locale\" content=\"ro_RO\" \/>\n<meta property=\"og:type\" content=\"article\" \/>\n<meta property=\"og:title\" content=\"Elephant Foot Ferrule\" \/>\n<meta property=\"og:description\" content=\"Roud Ferrule and Elephant Foot Ferrule it helps to ensure the integrity and longevity of the structures we build.\" \/>\n<meta property=\"og:url\" content=\"https:\/\/qingdaohf.com\/ro\/produs\/roud-ferrule-picior-de-elefant-ferrule\/\" \/>\n<meta property=\"og:site_name\" content=\"Concrete Form &amp; Rigging Hardware Supplier\" \/>\n<meta property=\"article:publisher\" content=\"https:\/\/www.facebook.com\/qingdaohf\" \/>\n<meta property=\"article:modified_time\" content=\"2025-11-13T01:05:52+00:00\" \/>\n<meta property=\"og:image\" content=\"https:\/\/qingdaohf.com\/wp-content\/uploads\/2023\/03\/roud-ferrule-elephant-foot-ferrule-4-1.jpg\" \/>\n\t<meta property=\"og:image:width\" content=\"1000\" \/>\n\t<meta property=\"og:image:height\" content=\"1000\" \/>\n\t<meta property=\"og:image:type\" content=\"image\/jpeg\" \/>\n<meta name=\"twitter:card\" content=\"summary_large_image\" \/>\n<meta name=\"twitter:label1\" content=\"Timp estimat pentru citire\" \/>\n\t<meta name=\"twitter:data1\" content=\"4 minute\" \/>\n<script type=\"application\/ld+json\" class=\"yoast-schema-graph\">{\"@context\":\"https:\/\/schema.org\",\"@graph\":[{\"@type\":\"WebPage\",\"@id\":\"https:\/\/qingdaohf.com\/product\/elephant-foot-ferrule\/\",\"url\":\"https:\/\/qingdaohf.com\/product\/elephant-foot-ferrule\/\",\"name\":\"Elephant Foot Ferrule\",\"isPartOf\":{\"@id\":\"https:\/\/qingdaohf.com\/bg\/#website\"},\"primaryImageOfPage\":{\"@id\":\"https:\/\/qingdaohf.com\/product\/elephant-foot-ferrule\/#primaryimage\"},\"image\":{\"@id\":\"https:\/\/qingdaohf.com\/product\/elephant-foot-ferrule\/#primaryimage\"},\"thumbnailUrl\":\"https:\/\/qingdaohf.com\/wp-content\/uploads\/2023\/03\/roud-ferrule-elephant-foot-ferrule-4-1.jpg\",\"datePublished\":\"2023-03-02T07:27:12+00:00\",\"dateModified\":\"2025-11-13T01:05:52+00:00\",\"description\":\"Roud Ferrule and Elephant Foot Ferrule it helps to ensure the integrity and longevity of the structures we build.\",\"breadcrumb\":{\"@id\":\"https:\/\/qingdaohf.com\/product\/elephant-foot-ferrule\/#breadcrumb\"},\"inLanguage\":\"ro-RO\",\"potentialAction\":[{\"@type\":\"ReadAction\",\"target\":[\"https:\/\/qingdaohf.com\/product\/elephant-foot-ferrule\/\"]}]},{\"@type\":\"ImageObject\",\"inLanguage\":\"ro-RO\",\"@id\":\"https:\/\/qingdaohf.com\/product\/elephant-foot-ferrule\/#primaryimage\",\"url\":\"https:\/\/qingdaohf.com\/wp-content\/uploads\/2023\/03\/roud-ferrule-elephant-foot-ferrule-4-1.jpg\",\"contentUrl\":\"https:\/\/qingdaohf.com\/wp-content\/uploads\/2023\/03\/roud-ferrule-elephant-foot-ferrule-4-1.jpg\",\"width\":1000,\"height\":1000,\"caption\":\"roud ferrule elephant foot ferrule\"},{\"@type\":\"BreadcrumbList\",\"@id\":\"https:\/\/qingdaohf.com\/product\/elephant-foot-ferrule\/#breadcrumb\",\"itemListElement\":[{\"@type\":\"ListItem\",\"position\":1,\"name\":\"Home\",\"item\":\"https:\/\/qingdaohf.com\/\"},{\"@type\":\"ListItem\",\"position\":2,\"name\":\"Concrete Forming Accessories and Rigging Hardware\",\"item\":\"https:\/\/qingdaohf.com\/bg\/?page_id=944\"},{\"@type\":\"ListItem\",\"position\":3,\"name\":\"Elephant Foot Ferrule\"}]},{\"@type\":\"WebSite\",\"@id\":\"https:\/\/qingdaohf.com\/bg\/#website\",\"url\":\"https:\/\/qingdaohf.com\/bg\/\",\"name\":\"Concrete Form & Rigging Hardware Supplier\",\"description\":\"\",\"publisher\":{\"@id\":\"https:\/\/qingdaohf.com\/bg\/#organization\"},\"potentialAction\":[{\"@type\":\"SearchAction\",\"target\":{\"@type\":\"EntryPoint\",\"urlTemplate\":\"https:\/\/qingdaohf.com\/bg\/?s={search_term_string}\"},\"query-input\":{\"@type\":\"PropertyValueSpecification\",\"valueRequired\":true,\"valueName\":\"search_term_string\"}}],\"inLanguage\":\"ro-RO\"},{\"@type\":\"Organization\",\"@id\":\"https:\/\/qingdaohf.com\/bg\/#organization\",\"name\":\"Qingdao H&F\",\"url\":\"https:\/\/qingdaohf.com\/bg\/\",\"logo\":{\"@type\":\"ImageObject\",\"inLanguage\":\"ro-RO\",\"@id\":\"https:\/\/qingdaohf.com\/bg\/#\/schema\/logo\/image\/\",\"url\":\"https:\/\/qingdaohf.com\/wp-content\/uploads\/2022\/12\/cropped-HF-LOGO.png\",\"contentUrl\":\"https:\/\/qingdaohf.com\/wp-content\/uploads\/2022\/12\/cropped-HF-LOGO.png\",\"width\":391,\"height\":249,\"caption\":\"Qingdao H&F\"},\"image\":{\"@id\":\"https:\/\/qingdaohf.com\/bg\/#\/schema\/logo\/image\/\"},\"sameAs\":[\"https:\/\/www.facebook.com\/qingdaohf\"]}]}<\/script>\n<!-- \/ Yoast SEO plugin. -->","yoast_head_json":{"title":"Elephant Foot Ferrule","description":"Roud Ferrule and Elephant Foot Ferrule it helps to ensure the integrity and longevity of the structures we build.","robots":{"index":"index","follow":"follow","max-snippet":"max-snippet:-1","max-image-preview":"max-image-preview:large","max-video-preview":"max-video-preview:-1"},"canonical":"https:\/\/qingdaohf.com\/ro\/produs\/roud-ferrule-picior-de-elefant-ferrule\/","og_locale":"ro_RO","og_type":"article","og_title":"Elephant Foot Ferrule","og_description":"Roud Ferrule and Elephant Foot Ferrule it helps to ensure the integrity and longevity of the structures we build.","og_url":"https:\/\/qingdaohf.com\/ro\/produs\/roud-ferrule-picior-de-elefant-ferrule\/","og_site_name":"Concrete Form &amp; Rigging Hardware Supplier","article_publisher":"https:\/\/www.facebook.com\/qingdaohf","article_modified_time":"2025-11-13T01:05:52+00:00","og_image":[{"width":1000,"height":1000,"url":"https:\/\/qingdaohf.com\/wp-content\/uploads\/2023\/03\/roud-ferrule-elephant-foot-ferrule-4-1.jpg","type":"image\/jpeg"}],"twitter_card":"summary_large_image","twitter_misc":{"Timp estimat pentru citire":"4 minute"},"schema":{"@context":"https:\/\/schema.org","@graph":[{"@type":"WebPage","@id":"https:\/\/qingdaohf.com\/product\/elephant-foot-ferrule\/","url":"https:\/\/qingdaohf.com\/product\/elephant-foot-ferrule\/","name":"Elephant Foot Ferrule","isPartOf":{"@id":"https:\/\/qingdaohf.com\/bg\/#website"},"primaryImageOfPage":{"@id":"https:\/\/qingdaohf.com\/product\/elephant-foot-ferrule\/#primaryimage"},"image":{"@id":"https:\/\/qingdaohf.com\/product\/elephant-foot-ferrule\/#primaryimage"},"thumbnailUrl":"https:\/\/qingdaohf.com\/wp-content\/uploads\/2023\/03\/roud-ferrule-elephant-foot-ferrule-4-1.jpg","datePublished":"2023-03-02T07:27:12+00:00","dateModified":"2025-11-13T01:05:52+00:00","description":"Roud Ferrule and Elephant Foot Ferrule it helps to ensure the integrity and longevity of the structures we build.","breadcrumb":{"@id":"https:\/\/qingdaohf.com\/product\/elephant-foot-ferrule\/#breadcrumb"},"inLanguage":"ro-RO","potentialAction":[{"@type":"ReadAction","target":["https:\/\/qingdaohf.com\/product\/elephant-foot-ferrule\/"]}]},{"@type":"ImageObject","inLanguage":"ro-RO","@id":"https:\/\/qingdaohf.com\/product\/elephant-foot-ferrule\/#primaryimage","url":"https:\/\/qingdaohf.com\/wp-content\/uploads\/2023\/03\/roud-ferrule-elephant-foot-ferrule-4-1.jpg","contentUrl":"https:\/\/qingdaohf.com\/wp-content\/uploads\/2023\/03\/roud-ferrule-elephant-foot-ferrule-4-1.jpg","width":1000,"height":1000,"caption":"roud ferrule elephant foot ferrule"},{"@type":"BreadcrumbList","@id":"https:\/\/qingdaohf.com\/product\/elephant-foot-ferrule\/#breadcrumb","itemListElement":[{"@type":"ListItem","position":1,"name":"Home","item":"https:\/\/qingdaohf.com\/"},{"@type":"ListItem","position":2,"name":"Concrete Forming Accessories and Rigging Hardware","item":"https:\/\/qingdaohf.com\/bg\/?page_id=944"},{"@type":"ListItem","position":3,"name":"Elephant Foot Ferrule"}]},{"@type":"WebSite","@id":"https:\/\/qingdaohf.com\/bg\/#website","url":"https:\/\/qingdaohf.com\/bg\/","name":"Concrete Form & Rigging Hardware Supplier","description":"","publisher":{"@id":"https:\/\/qingdaohf.com\/bg\/#organization"},"potentialAction":[{"@type":"SearchAction","target":{"@type":"EntryPoint","urlTemplate":"https:\/\/qingdaohf.com\/bg\/?s={search_term_string}"},"query-input":{"@type":"PropertyValueSpecification","valueRequired":true,"valueName":"search_term_string"}}],"inLanguage":"ro-RO"},{"@type":"Organization","@id":"https:\/\/qingdaohf.com\/bg\/#organization","name":"Qingdao H&F","url":"https:\/\/qingdaohf.com\/bg\/","logo":{"@type":"ImageObject","inLanguage":"ro-RO","@id":"https:\/\/qingdaohf.com\/bg\/#\/schema\/logo\/image\/","url":"https:\/\/qingdaohf.com\/wp-content\/uploads\/2022\/12\/cropped-HF-LOGO.png","contentUrl":"https:\/\/qingdaohf.com\/wp-content\/uploads\/2022\/12\/cropped-HF-LOGO.png","width":391,"height":249,"caption":"Qingdao H&F"},"image":{"@id":"https:\/\/qingdaohf.com\/bg\/#\/schema\/logo\/image\/"},"sameAs":["https:\/\/www.facebook.com\/qingdaohf"]}]}},"_links":{"self":[{"href":"https:\/\/qingdaohf.com\/ro\/wp-json\/wp\/v2\/product\/2646","targetHints":{"allow":["GET"]}}],"collection":[{"href":"https:\/\/qingdaohf.com\/ro\/wp-json\/wp\/v2\/product"}],"about":[{"href":"https:\/\/qingdaohf.com\/ro\/wp-json\/wp\/v2\/types\/product"}],"replies":[{"embeddable":true,"href":"https:\/\/qingdaohf.com\/ro\/wp-json\/wp\/v2\/comments?post=2646"}],"version-history":[{"count":4,"href":"https:\/\/qingdaohf.com\/ro\/wp-json\/wp\/v2\/product\/2646\/revisions"}],"predecessor-version":[{"id":8734,"href":"https:\/\/qingdaohf.com\/ro\/wp-json\/wp\/v2\/product\/2646\/revisions\/8734"}],"wp:featuredmedia":[{"embeddable":true,"href":"https:\/\/qingdaohf.com\/ro\/wp-json\/wp\/v2\/media\/3398"}],"wp:attachment":[{"href":"https:\/\/qingdaohf.com\/ro\/wp-json\/wp\/v2\/media?parent=2646"}],"wp:term":[{"taxonomy":"product_brand","embeddable":true,"href":"https:\/\/qingdaohf.com\/ro\/wp-json\/wp\/v2\/product_brand?post=2646"},{"taxonomy":"product_cat","embeddable":true,"href":"https:\/\/qingdaohf.com\/ro\/wp-json\/wp\/v2\/product_cat?post=2646"},{"taxonomy":"product_tag","embeddable":true,"href":"https:\/\/qingdaohf.com\/ro\/wp-json\/wp\/v2\/product_tag?post=2646"}],"curies":[{"name":"wp","href":"https:\/\/api.w.org\/{rel}","templated":true}]}}