{"id":2679,"date":"2023-03-03T15:27:19","date_gmt":"2023-03-03T07:27:19","guid":{"rendered":"http:\/\/qingdaohf.com\/?post_type=product&#038;p=2679"},"modified":"2025-11-13T09:05:33","modified_gmt":"2025-11-13T01:05:33","slug":"plastic-slab-protector","status":"publish","type":"product","link":"https:\/\/qingdaohf.com\/ro\/produs\/protector-de-placi-din-plastic\/","title":{"rendered":"Protector pentru pl\u0103ci din plastic"},"content":{"rendered":"<p>Protectorul este plasat deasupra pl\u0103cii de beton \u0219i ac\u021bioneaz\u0103 ca o barier\u0103 \u00eentre plac\u0103 \u0219i orice material de construc\u021bie sau echipament care poate provoca daune, cum ar fi utilaje grele, unelte c\u0103zute sau substan\u021be chimice v\u0103rsate. De asemenea, ajut\u0103 la prevenirea petelor, zg\u00e2rieturilor \u0219i a altor deterior\u0103ri ale suprafe\u021bei care pot ap\u0103rea \u00een timpul activit\u0103\u021bilor de construc\u021bie.<\/p>\n<p>Protec\u021biile din plastic pentru dale sunt disponibile \u00een diferite dimensiuni \u0219i grosimi, \u00een func\u021bie de nevoile specifice ale proiectului. Acestea sunt u\u0219or de instalat, de \u00eendep\u0103rtat \u0219i de eliminat, ceea ce le face o solu\u021bie convenabil\u0103 \u0219i rentabil\u0103 pentru protejarea pl\u0103cilor de beton.<\/p>\n<p><img fetchpriority=\"high\" decoding=\"async\" class=\"alignnone size-full wp-image-3478\" src=\"http:\/\/qingdaohf.com\/wp-content\/uploads\/2023\/03\/Plastic-Slab-Protector-4.jpg\" alt=\"\" width=\"800\" height=\"800\" srcset=\"https:\/\/qingdaohf.com\/wp-content\/uploads\/2023\/03\/Plastic-Slab-Protector-4.jpg 800w, https:\/\/qingdaohf.com\/wp-content\/uploads\/2023\/03\/Plastic-Slab-Protector-4-300x300.jpg 300w, https:\/\/qingdaohf.com\/wp-content\/uploads\/2023\/03\/Plastic-Slab-Protector-4-150x150.jpg 150w, https:\/\/qingdaohf.com\/wp-content\/uploads\/2023\/03\/Plastic-Slab-Protector-4-768x768.jpg 768w, https:\/\/qingdaohf.com\/wp-content\/uploads\/2023\/03\/Plastic-Slab-Protector-4-500x500.jpg 500w, https:\/\/qingdaohf.com\/wp-content\/uploads\/2023\/03\/Plastic-Slab-Protector-4-100x100.jpg 100w\" sizes=\"(max-width: 800px) 100vw, 800px\" \/> <img decoding=\"async\" class=\"alignnone size-full wp-image-3479\" src=\"http:\/\/qingdaohf.com\/wp-content\/uploads\/2023\/03\/Plastic-Slab-Protector-5.jpg\" alt=\"\" width=\"800\" height=\"800\" srcset=\"https:\/\/qingdaohf.com\/wp-content\/uploads\/2023\/03\/Plastic-Slab-Protector-5.jpg 800w, https:\/\/qingdaohf.com\/wp-content\/uploads\/2023\/03\/Plastic-Slab-Protector-5-300x300.jpg 300w, https:\/\/qingdaohf.com\/wp-content\/uploads\/2023\/03\/Plastic-Slab-Protector-5-150x150.jpg 150w, https:\/\/qingdaohf.com\/wp-content\/uploads\/2023\/03\/Plastic-Slab-Protector-5-768x768.jpg 768w, https:\/\/qingdaohf.com\/wp-content\/uploads\/2023\/03\/Plastic-Slab-Protector-5-500x500.jpg 500w, https:\/\/qingdaohf.com\/wp-content\/uploads\/2023\/03\/Plastic-Slab-Protector-5-100x100.jpg 100w\" sizes=\"(max-width: 800px) 100vw, 800px\" \/> <img decoding=\"async\" class=\"alignnone size-full wp-image-3480\" src=\"http:\/\/qingdaohf.com\/wp-content\/uploads\/2023\/03\/Plastic-Slab-Protector-6.jpg\" alt=\"\" width=\"800\" height=\"800\" srcset=\"https:\/\/qingdaohf.com\/wp-content\/uploads\/2023\/03\/Plastic-Slab-Protector-6.jpg 800w, https:\/\/qingdaohf.com\/wp-content\/uploads\/2023\/03\/Plastic-Slab-Protector-6-300x300.jpg 300w, https:\/\/qingdaohf.com\/wp-content\/uploads\/2023\/03\/Plastic-Slab-Protector-6-150x150.jpg 150w, https:\/\/qingdaohf.com\/wp-content\/uploads\/2023\/03\/Plastic-Slab-Protector-6-768x768.jpg 768w, https:\/\/qingdaohf.com\/wp-content\/uploads\/2023\/03\/Plastic-Slab-Protector-6-500x500.jpg 500w, https:\/\/qingdaohf.com\/wp-content\/uploads\/2023\/03\/Plastic-Slab-Protector-6-100x100.jpg 100w\" sizes=\"(max-width: 800px) 100vw, 800px\" \/> <img loading=\"lazy\" decoding=\"async\" class=\"alignnone size-full wp-image-3481\" src=\"http:\/\/qingdaohf.com\/wp-content\/uploads\/2023\/03\/62-2.jpg\" alt=\"fila\" width=\"1200\" height=\"412\" srcset=\"https:\/\/qingdaohf.com\/wp-content\/uploads\/2023\/03\/62-2.jpg 1200w, https:\/\/qingdaohf.com\/wp-content\/uploads\/2023\/03\/62-2-300x103.jpg 300w, https:\/\/qingdaohf.com\/wp-content\/uploads\/2023\/03\/62-2-1024x352.jpg 1024w, https:\/\/qingdaohf.com\/wp-content\/uploads\/2023\/03\/62-2-768x264.jpg 768w, https:\/\/qingdaohf.com\/wp-content\/uploads\/2023\/03\/62-2-1000x343.jpg 1000w\" sizes=\"(max-width: 1200px) 100vw, 1200px\" \/><\/p>","protected":false},"excerpt":{"rendered":"<p>Protectorul de pl\u0103ci din plastic este o folie de plastic sub\u021bire, plat\u0103 \u0219i durabil\u0103, conceput\u0103 pentru a proteja pl\u0103cile de beton de deterior\u0103ri \u00een timpul construc\u021biei, remodel\u0103rii sau altor activit\u0103\u021bi. De obicei, este fabricat\u0103 din polietilen\u0103 de \u00eenalt\u0103 densitate (HDPE), care este u\u0219oar\u0103 \u0219i rezistent\u0103 la impact, substan\u021be chimice \u0219i umiditate.<\/p>","protected":false},"featured_media":3475,"comment_status":"open","ping_status":"closed","template":"","meta":{"site-sidebar-layout":"default","site-content-layout":"default","ast-site-content-layout":"","site-content-style":"default","site-sidebar-style":"default","ast-global-header-display":"","ast-banner-title-visibility":"","ast-main-header-display":"","ast-hfb-above-header-display":"","ast-hfb-below-header-display":"","ast-hfb-mobile-header-display":"","site-post-title":"","ast-breadcrumbs-content":"","ast-featured-img":"","footer-sml-layout":"","theme-transparent-header-meta":"default","adv-header-id-meta":"","stick-header-meta":"default","header-above-stick-meta":"","header-main-stick-meta":"","header-below-stick-meta":"","astra-migrate-meta-layouts":"default","ast-page-background-enabled":"default","ast-page-background-meta":{"desktop":{"background-color":"","background-image":"","background-repeat":"repeat","background-position":"center center","background-size":"auto","background-attachment":"scroll","background-type":"","background-media":"","overlay-type":"","overlay-color":"","overlay-opacity":"","overlay-gradient":""},"tablet":{"background-color":"","background-image":"","background-repeat":"repeat","background-position":"center center","background-size":"auto","background-attachment":"scroll","background-type":"","background-media":"","overlay-type":"","overlay-color":"","overlay-opacity":"","overlay-gradient":""},"mobile":{"background-color":"","background-image":"","background-repeat":"repeat","background-position":"center center","background-size":"auto","background-attachment":"scroll","background-type":"","background-media":"","overlay-type":"","overlay-color":"","overlay-opacity":"","overlay-gradient":""}},"ast-content-background-meta":{"desktop":{"background-color":"var(--ast-global-color-5)","background-image":"","background-repeat":"repeat","background-position":"center center","background-size":"auto","background-attachment":"scroll","background-type":"","background-media":"","overlay-type":"","overlay-color":"","overlay-opacity":"","overlay-gradient":""},"tablet":{"background-color":"var(--ast-global-color-5)","background-image":"","background-repeat":"repeat","background-position":"center center","background-size":"auto","background-attachment":"scroll","background-type":"","background-media":"","overlay-type":"","overlay-color":"","overlay-opacity":"","overlay-gradient":""},"mobile":{"background-color":"var(--ast-global-color-5)","background-image":"","background-repeat":"repeat","background-position":"center center","background-size":"auto","background-attachment":"scroll","background-type":"","background-media":"","overlay-type":"","overlay-color":"","overlay-opacity":"","overlay-gradient":""}}},"product_brand":[],"product_cat":[75],"product_tag":[],"class_list":{"0":"post-2679","1":"product","2":"type-product","3":"status-publish","4":"has-post-thumbnail","6":"product_cat-plastic-and-rubber-product","7":"desktop-align-left","8":"tablet-align-left","9":"mobile-align-left","10":"ast-product-gallery-layout-horizontal-slider","11":"ast-product-tabs-layout-horizontal","13":"first","14":"instock","15":"shipping-taxable","16":"purchasable","17":"product-type-simple"},"yoast_head":"<!-- This site is optimized with the Yoast SEO plugin v25.2 - https:\/\/yoast.com\/wordpress\/plugins\/seo\/ -->\n<title>Plastic Slab Protector<\/title>\n<meta name=\"description\" content=\"A Plastic Slab Protector is a thin, flat, and durable plastic sheet designed to protect concrete slabs from damage during construction, remodeling, or other activities.\" \/>\n<meta name=\"robots\" content=\"index, follow, max-snippet:-1, max-image-preview:large, max-video-preview:-1\" \/>\n<link rel=\"canonical\" href=\"https:\/\/qingdaohf.com\/ro\/produs\/protector-de-placi-din-plastic\/\" \/>\n<meta property=\"og:locale\" content=\"ro_RO\" \/>\n<meta property=\"og:type\" content=\"article\" \/>\n<meta property=\"og:title\" content=\"Plastic Slab Protector\" \/>\n<meta property=\"og:description\" content=\"A Plastic Slab Protector is a thin, flat, and durable plastic sheet designed to protect concrete slabs from damage during construction, remodeling, or other activities.\" \/>\n<meta property=\"og:url\" content=\"https:\/\/qingdaohf.com\/ro\/produs\/protector-de-placi-din-plastic\/\" \/>\n<meta property=\"og:site_name\" content=\"Concrete Form &amp; Rigging Hardware Supplier\" \/>\n<meta property=\"article:publisher\" content=\"https:\/\/www.facebook.com\/qingdaohf\" \/>\n<meta property=\"article:modified_time\" content=\"2025-11-13T01:05:33+00:00\" \/>\n<meta property=\"og:image\" content=\"https:\/\/qingdaohf.com\/wp-content\/uploads\/2023\/03\/Plastic-Slab-Protector-2.jpg\" \/>\n\t<meta property=\"og:image:width\" content=\"1000\" \/>\n\t<meta property=\"og:image:height\" content=\"1000\" \/>\n\t<meta property=\"og:image:type\" content=\"image\/jpeg\" \/>\n<meta name=\"twitter:card\" content=\"summary_large_image\" \/>\n<meta name=\"twitter:label1\" content=\"Timp estimat pentru citire\" \/>\n\t<meta name=\"twitter:data1\" content=\"2 minute\" \/>\n<script type=\"application\/ld+json\" class=\"yoast-schema-graph\">{\"@context\":\"https:\/\/schema.org\",\"@graph\":[{\"@type\":\"WebPage\",\"@id\":\"https:\/\/qingdaohf.com\/product\/plastic-slab-protector\/\",\"url\":\"https:\/\/qingdaohf.com\/product\/plastic-slab-protector\/\",\"name\":\"Plastic Slab Protector\",\"isPartOf\":{\"@id\":\"https:\/\/qingdaohf.com\/bg\/#website\"},\"primaryImageOfPage\":{\"@id\":\"https:\/\/qingdaohf.com\/product\/plastic-slab-protector\/#primaryimage\"},\"image\":{\"@id\":\"https:\/\/qingdaohf.com\/product\/plastic-slab-protector\/#primaryimage\"},\"thumbnailUrl\":\"https:\/\/qingdaohf.com\/wp-content\/uploads\/2023\/03\/Plastic-Slab-Protector-2.jpg\",\"datePublished\":\"2023-03-03T07:27:19+00:00\",\"dateModified\":\"2025-11-13T01:05:33+00:00\",\"description\":\"A Plastic Slab Protector is a thin, flat, and durable plastic sheet designed to protect concrete slabs from damage during construction, remodeling, or other activities.\",\"breadcrumb\":{\"@id\":\"https:\/\/qingdaohf.com\/product\/plastic-slab-protector\/#breadcrumb\"},\"inLanguage\":\"ro-RO\",\"potentialAction\":[{\"@type\":\"ReadAction\",\"target\":[\"https:\/\/qingdaohf.com\/product\/plastic-slab-protector\/\"]}]},{\"@type\":\"ImageObject\",\"inLanguage\":\"ro-RO\",\"@id\":\"https:\/\/qingdaohf.com\/product\/plastic-slab-protector\/#primaryimage\",\"url\":\"https:\/\/qingdaohf.com\/wp-content\/uploads\/2023\/03\/Plastic-Slab-Protector-2.jpg\",\"contentUrl\":\"https:\/\/qingdaohf.com\/wp-content\/uploads\/2023\/03\/Plastic-Slab-Protector-2.jpg\",\"width\":1000,\"height\":1000,\"caption\":\"Plastic Slab Protector\"},{\"@type\":\"BreadcrumbList\",\"@id\":\"https:\/\/qingdaohf.com\/product\/plastic-slab-protector\/#breadcrumb\",\"itemListElement\":[{\"@type\":\"ListItem\",\"position\":1,\"name\":\"Home\",\"item\":\"https:\/\/qingdaohf.com\/\"},{\"@type\":\"ListItem\",\"position\":2,\"name\":\"Concrete Forming Accessories and Rigging Hardware\",\"item\":\"https:\/\/qingdaohf.com\/bg\/?page_id=944\"},{\"@type\":\"ListItem\",\"position\":3,\"name\":\"Plastic Slab Protector\"}]},{\"@type\":\"WebSite\",\"@id\":\"https:\/\/qingdaohf.com\/bg\/#website\",\"url\":\"https:\/\/qingdaohf.com\/bg\/\",\"name\":\"Concrete Form & Rigging Hardware Supplier\",\"description\":\"\",\"publisher\":{\"@id\":\"https:\/\/qingdaohf.com\/bg\/#organization\"},\"potentialAction\":[{\"@type\":\"SearchAction\",\"target\":{\"@type\":\"EntryPoint\",\"urlTemplate\":\"https:\/\/qingdaohf.com\/bg\/?s={search_term_string}\"},\"query-input\":{\"@type\":\"PropertyValueSpecification\",\"valueRequired\":true,\"valueName\":\"search_term_string\"}}],\"inLanguage\":\"ro-RO\"},{\"@type\":\"Organization\",\"@id\":\"https:\/\/qingdaohf.com\/bg\/#organization\",\"name\":\"Qingdao H&F\",\"url\":\"https:\/\/qingdaohf.com\/bg\/\",\"logo\":{\"@type\":\"ImageObject\",\"inLanguage\":\"ro-RO\",\"@id\":\"https:\/\/qingdaohf.com\/bg\/#\/schema\/logo\/image\/\",\"url\":\"https:\/\/qingdaohf.com\/wp-content\/uploads\/2022\/12\/cropped-HF-LOGO.png\",\"contentUrl\":\"https:\/\/qingdaohf.com\/wp-content\/uploads\/2022\/12\/cropped-HF-LOGO.png\",\"width\":391,\"height\":249,\"caption\":\"Qingdao H&F\"},\"image\":{\"@id\":\"https:\/\/qingdaohf.com\/bg\/#\/schema\/logo\/image\/\"},\"sameAs\":[\"https:\/\/www.facebook.com\/qingdaohf\"]}]}<\/script>\n<!-- \/ Yoast SEO plugin. -->","yoast_head_json":{"title":"Plastic Slab Protector","description":"A Plastic Slab Protector is a thin, flat, and durable plastic sheet designed to protect concrete slabs from damage during construction, remodeling, or other activities.","robots":{"index":"index","follow":"follow","max-snippet":"max-snippet:-1","max-image-preview":"max-image-preview:large","max-video-preview":"max-video-preview:-1"},"canonical":"https:\/\/qingdaohf.com\/ro\/produs\/protector-de-placi-din-plastic\/","og_locale":"ro_RO","og_type":"article","og_title":"Plastic Slab Protector","og_description":"A Plastic Slab Protector is a thin, flat, and durable plastic sheet designed to protect concrete slabs from damage during construction, remodeling, or other activities.","og_url":"https:\/\/qingdaohf.com\/ro\/produs\/protector-de-placi-din-plastic\/","og_site_name":"Concrete Form &amp; Rigging Hardware Supplier","article_publisher":"https:\/\/www.facebook.com\/qingdaohf","article_modified_time":"2025-11-13T01:05:33+00:00","og_image":[{"width":1000,"height":1000,"url":"https:\/\/qingdaohf.com\/wp-content\/uploads\/2023\/03\/Plastic-Slab-Protector-2.jpg","type":"image\/jpeg"}],"twitter_card":"summary_large_image","twitter_misc":{"Timp estimat pentru citire":"2 minute"},"schema":{"@context":"https:\/\/schema.org","@graph":[{"@type":"WebPage","@id":"https:\/\/qingdaohf.com\/product\/plastic-slab-protector\/","url":"https:\/\/qingdaohf.com\/product\/plastic-slab-protector\/","name":"Plastic Slab Protector","isPartOf":{"@id":"https:\/\/qingdaohf.com\/bg\/#website"},"primaryImageOfPage":{"@id":"https:\/\/qingdaohf.com\/product\/plastic-slab-protector\/#primaryimage"},"image":{"@id":"https:\/\/qingdaohf.com\/product\/plastic-slab-protector\/#primaryimage"},"thumbnailUrl":"https:\/\/qingdaohf.com\/wp-content\/uploads\/2023\/03\/Plastic-Slab-Protector-2.jpg","datePublished":"2023-03-03T07:27:19+00:00","dateModified":"2025-11-13T01:05:33+00:00","description":"A Plastic Slab Protector is a thin, flat, and durable plastic sheet designed to protect concrete slabs from damage during construction, remodeling, or other activities.","breadcrumb":{"@id":"https:\/\/qingdaohf.com\/product\/plastic-slab-protector\/#breadcrumb"},"inLanguage":"ro-RO","potentialAction":[{"@type":"ReadAction","target":["https:\/\/qingdaohf.com\/product\/plastic-slab-protector\/"]}]},{"@type":"ImageObject","inLanguage":"ro-RO","@id":"https:\/\/qingdaohf.com\/product\/plastic-slab-protector\/#primaryimage","url":"https:\/\/qingdaohf.com\/wp-content\/uploads\/2023\/03\/Plastic-Slab-Protector-2.jpg","contentUrl":"https:\/\/qingdaohf.com\/wp-content\/uploads\/2023\/03\/Plastic-Slab-Protector-2.jpg","width":1000,"height":1000,"caption":"Plastic Slab Protector"},{"@type":"BreadcrumbList","@id":"https:\/\/qingdaohf.com\/product\/plastic-slab-protector\/#breadcrumb","itemListElement":[{"@type":"ListItem","position":1,"name":"Home","item":"https:\/\/qingdaohf.com\/"},{"@type":"ListItem","position":2,"name":"Concrete Forming Accessories and Rigging Hardware","item":"https:\/\/qingdaohf.com\/bg\/?page_id=944"},{"@type":"ListItem","position":3,"name":"Plastic Slab Protector"}]},{"@type":"WebSite","@id":"https:\/\/qingdaohf.com\/bg\/#website","url":"https:\/\/qingdaohf.com\/bg\/","name":"Concrete Form & Rigging Hardware Supplier","description":"","publisher":{"@id":"https:\/\/qingdaohf.com\/bg\/#organization"},"potentialAction":[{"@type":"SearchAction","target":{"@type":"EntryPoint","urlTemplate":"https:\/\/qingdaohf.com\/bg\/?s={search_term_string}"},"query-input":{"@type":"PropertyValueSpecification","valueRequired":true,"valueName":"search_term_string"}}],"inLanguage":"ro-RO"},{"@type":"Organization","@id":"https:\/\/qingdaohf.com\/bg\/#organization","name":"Qingdao H&F","url":"https:\/\/qingdaohf.com\/bg\/","logo":{"@type":"ImageObject","inLanguage":"ro-RO","@id":"https:\/\/qingdaohf.com\/bg\/#\/schema\/logo\/image\/","url":"https:\/\/qingdaohf.com\/wp-content\/uploads\/2022\/12\/cropped-HF-LOGO.png","contentUrl":"https:\/\/qingdaohf.com\/wp-content\/uploads\/2022\/12\/cropped-HF-LOGO.png","width":391,"height":249,"caption":"Qingdao H&F"},"image":{"@id":"https:\/\/qingdaohf.com\/bg\/#\/schema\/logo\/image\/"},"sameAs":["https:\/\/www.facebook.com\/qingdaohf"]}]}},"_links":{"self":[{"href":"https:\/\/qingdaohf.com\/ro\/wp-json\/wp\/v2\/product\/2679","targetHints":{"allow":["GET"]}}],"collection":[{"href":"https:\/\/qingdaohf.com\/ro\/wp-json\/wp\/v2\/product"}],"about":[{"href":"https:\/\/qingdaohf.com\/ro\/wp-json\/wp\/v2\/types\/product"}],"replies":[{"embeddable":true,"href":"https:\/\/qingdaohf.com\/ro\/wp-json\/wp\/v2\/comments?post=2679"}],"version-history":[{"count":2,"href":"https:\/\/qingdaohf.com\/ro\/wp-json\/wp\/v2\/product\/2679\/revisions"}],"predecessor-version":[{"id":7012,"href":"https:\/\/qingdaohf.com\/ro\/wp-json\/wp\/v2\/product\/2679\/revisions\/7012"}],"wp:featuredmedia":[{"embeddable":true,"href":"https:\/\/qingdaohf.com\/ro\/wp-json\/wp\/v2\/media\/3475"}],"wp:attachment":[{"href":"https:\/\/qingdaohf.com\/ro\/wp-json\/wp\/v2\/media?parent=2679"}],"wp:term":[{"taxonomy":"product_brand","embeddable":true,"href":"https:\/\/qingdaohf.com\/ro\/wp-json\/wp\/v2\/product_brand?post=2679"},{"taxonomy":"product_cat","embeddable":true,"href":"https:\/\/qingdaohf.com\/ro\/wp-json\/wp\/v2\/product_cat?post=2679"},{"taxonomy":"product_tag","embeddable":true,"href":"https:\/\/qingdaohf.com\/ro\/wp-json\/wp\/v2\/product_tag?post=2679"}],"curies":[{"name":"wp","href":"https:\/\/api.w.org\/{rel}","templated":true}]}}