{"id":2683,"date":"2023-03-03T17:09:36","date_gmt":"2023-03-03T09:09:36","guid":{"rendered":"http:\/\/qingdaohf.com\/?post_type=product&#038;p=2683"},"modified":"2025-11-13T09:05:32","modified_gmt":"2025-11-13T01:05:32","slug":"u-shape-screw-anchor","status":"publish","type":"product","link":"https:\/\/qingdaohf.com\/ro\/produs\/u-forma-surub-ancora\/","title":{"rendered":"Forma U Forma \u0219urubului de ancorare"},"content":{"rendered":"<p>Ancora cu \u0219urub \u00een form\u0103 de U este utilizat\u0103 \u00een mod obi\u0219nuit pentru a ancora structuri precum garduri, pun\u021bi \u0219i magazii, precum \u0219i alte elemente de exterior, cum ar fi st\u00e2lpii de steag \u0219i cutiile po\u0219tale. Acestea sunt deosebit de utile \u00een zonele \u00een care solul este prea dur sau st\u00e2ncos pentru a utiliza metodele tradi\u021bionale de ancorare, cum ar fi funda\u021biile din beton.<\/p>\n<p>Ancora cu \u0219urub \u00een form\u0103 de U este relativ u\u0219or de instalat, necesit\u00e2nd doar un burghiu sau un driver cu impact \u0219i un burghiu care s\u0103 se potriveasc\u0103 cu dimensiunea ancorei. Ancora este apoi \u00een\u0219urubat\u0103 \u00een sol p\u00e2n\u0103 c\u00e2nd se atinge ad\u00e2ncimea dorit\u0103, iar structura care urmeaz\u0103 s\u0103 fie ancorat\u0103 poate fi ata\u0219at\u0103 la cap\u0103tul proeminent al ancorei.<\/p>\n<p><img fetchpriority=\"high\" decoding=\"async\" class=\"alignnone size-full wp-image-3449\" src=\"http:\/\/qingdaohf.com\/wp-content\/uploads\/2023\/03\/64-1.jpg\" alt=\"U forma de ancorare cu \u0219urub \" width=\"1200\" height=\"1324\" srcset=\"https:\/\/qingdaohf.com\/wp-content\/uploads\/2023\/03\/64-1.jpg 1200w, https:\/\/qingdaohf.com\/wp-content\/uploads\/2023\/03\/64-1-272x300.jpg 272w, https:\/\/qingdaohf.com\/wp-content\/uploads\/2023\/03\/64-1-928x1024.jpg 928w, https:\/\/qingdaohf.com\/wp-content\/uploads\/2023\/03\/64-1-768x847.jpg 768w, https:\/\/qingdaohf.com\/wp-content\/uploads\/2023\/03\/64-1-1000x1103.jpg 1000w\" sizes=\"(max-width: 1200px) 100vw, 1200px\" \/><\/p>","protected":false},"excerpt":{"rendered":"<p>O ancor\u0103 cu \u0219urub \u00een form\u0103 de U, cunoscut\u0103 \u0219i sub denumirea de \u0219urub de sol, este un tip de element de fixare conceput pentru a fi utilizat \u00een proiecte de construc\u021bii \u00een aer liber. De obicei, este fabricat\u0103 din o\u021bel galvanizat sau din alte materiale rezistente la coroziune \u0219i are un design elicoidal care \u00eei permite s\u0103 fie \u00een\u0219urubat\u0103 bine \u00een p\u0103m\u00e2nt.<\/p>","protected":false},"featured_media":3451,"comment_status":"open","ping_status":"closed","template":"","meta":{"site-sidebar-layout":"default","site-content-layout":"default","ast-site-content-layout":"","site-content-style":"default","site-sidebar-style":"default","ast-global-header-display":"","ast-banner-title-visibility":"","ast-main-header-display":"","ast-hfb-above-header-display":"","ast-hfb-below-header-display":"","ast-hfb-mobile-header-display":"","site-post-title":"","ast-breadcrumbs-content":"","ast-featured-img":"","footer-sml-layout":"","theme-transparent-header-meta":"default","adv-header-id-meta":"","stick-header-meta":"default","header-above-stick-meta":"","header-main-stick-meta":"","header-below-stick-meta":"","astra-migrate-meta-layouts":"default","ast-page-background-enabled":"default","ast-page-background-meta":{"desktop":{"background-color":"","background-image":"","background-repeat":"repeat","background-position":"center center","background-size":"auto","background-attachment":"scroll","background-type":"","background-media":"","overlay-type":"","overlay-color":"","overlay-opacity":"","overlay-gradient":""},"tablet":{"background-color":"","background-image":"","background-repeat":"repeat","background-position":"center center","background-size":"auto","background-attachment":"scroll","background-type":"","background-media":"","overlay-type":"","overlay-color":"","overlay-opacity":"","overlay-gradient":""},"mobile":{"background-color":"","background-image":"","background-repeat":"repeat","background-position":"center center","background-size":"auto","background-attachment":"scroll","background-type":"","background-media":"","overlay-type":"","overlay-color":"","overlay-opacity":"","overlay-gradient":""}},"ast-content-background-meta":{"desktop":{"background-color":"var(--ast-global-color-5)","background-image":"","background-repeat":"repeat","background-position":"center center","background-size":"auto","background-attachment":"scroll","background-type":"","background-media":"","overlay-type":"","overlay-color":"","overlay-opacity":"","overlay-gradient":""},"tablet":{"background-color":"var(--ast-global-color-5)","background-image":"","background-repeat":"repeat","background-position":"center center","background-size":"auto","background-attachment":"scroll","background-type":"","background-media":"","overlay-type":"","overlay-color":"","overlay-opacity":"","overlay-gradient":""},"mobile":{"background-color":"var(--ast-global-color-5)","background-image":"","background-repeat":"repeat","background-position":"center center","background-size":"auto","background-attachment":"scroll","background-type":"","background-media":"","overlay-type":"","overlay-color":"","overlay-opacity":"","overlay-gradient":""}}},"product_brand":[],"product_cat":[41],"product_tag":[],"class_list":{"0":"post-2683","1":"product","2":"type-product","3":"status-publish","4":"has-post-thumbnail","6":"product_cat-steel-fence-post","7":"desktop-align-left","8":"tablet-align-left","9":"mobile-align-left","10":"ast-product-gallery-layout-horizontal-slider","11":"ast-product-gallery-with-no-image","12":"ast-product-tabs-layout-horizontal","14":"first","15":"instock","16":"shipping-taxable","17":"purchasable","18":"product-type-simple"},"yoast_head":"<!-- This site is optimized with the Yoast SEO plugin v25.2 - https:\/\/yoast.com\/wordpress\/plugins\/seo\/ -->\n<title>U Shape Screw Anchor<\/title>\n<meta name=\"description\" content=\"A U shape screw anchor, also known as a ground screw, is a type of fastener designed to be used in outdoor construction projects.\" \/>\n<meta name=\"robots\" content=\"index, follow, max-snippet:-1, max-image-preview:large, max-video-preview:-1\" \/>\n<link rel=\"canonical\" href=\"https:\/\/qingdaohf.com\/ro\/produs\/u-forma-surub-ancora\/\" \/>\n<meta property=\"og:locale\" content=\"ro_RO\" \/>\n<meta property=\"og:type\" content=\"article\" \/>\n<meta property=\"og:title\" content=\"U Shape Screw Anchor\" \/>\n<meta property=\"og:description\" content=\"A U shape screw anchor, also known as a ground screw, is a type of fastener designed to be used in outdoor construction projects.\" \/>\n<meta property=\"og:url\" content=\"https:\/\/qingdaohf.com\/ro\/produs\/u-forma-surub-ancora\/\" \/>\n<meta property=\"og:site_name\" content=\"Concrete Form &amp; Rigging Hardware Supplier\" \/>\n<meta property=\"article:publisher\" content=\"https:\/\/www.facebook.com\/qingdaohf\" \/>\n<meta property=\"article:modified_time\" content=\"2025-11-13T01:05:32+00:00\" \/>\n<meta property=\"og:image\" content=\"https:\/\/qingdaohf.com\/wp-content\/uploads\/2023\/03\/U-shape-screw-anchor-1.jpg\" \/>\n\t<meta property=\"og:image:width\" content=\"1000\" \/>\n\t<meta property=\"og:image:height\" content=\"1000\" \/>\n\t<meta property=\"og:image:type\" content=\"image\/jpeg\" \/>\n<meta name=\"twitter:card\" content=\"summary_large_image\" \/>\n<meta name=\"twitter:label1\" content=\"Timp estimat pentru citire\" \/>\n\t<meta name=\"twitter:data1\" content=\"1 minut\" \/>\n<script type=\"application\/ld+json\" class=\"yoast-schema-graph\">{\"@context\":\"https:\/\/schema.org\",\"@graph\":[{\"@type\":\"WebPage\",\"@id\":\"https:\/\/qingdaohf.com\/product\/u-shape-screw-anchor\/\",\"url\":\"https:\/\/qingdaohf.com\/product\/u-shape-screw-anchor\/\",\"name\":\"U Shape Screw Anchor\",\"isPartOf\":{\"@id\":\"https:\/\/qingdaohf.com\/bg\/#website\"},\"primaryImageOfPage\":{\"@id\":\"https:\/\/qingdaohf.com\/product\/u-shape-screw-anchor\/#primaryimage\"},\"image\":{\"@id\":\"https:\/\/qingdaohf.com\/product\/u-shape-screw-anchor\/#primaryimage\"},\"thumbnailUrl\":\"https:\/\/qingdaohf.com\/wp-content\/uploads\/2023\/03\/U-shape-screw-anchor-1.jpg\",\"datePublished\":\"2023-03-03T09:09:36+00:00\",\"dateModified\":\"2025-11-13T01:05:32+00:00\",\"description\":\"A U shape screw anchor, also known as a ground screw, is a type of fastener designed to be used in outdoor construction projects.\",\"breadcrumb\":{\"@id\":\"https:\/\/qingdaohf.com\/product\/u-shape-screw-anchor\/#breadcrumb\"},\"inLanguage\":\"ro-RO\",\"potentialAction\":[{\"@type\":\"ReadAction\",\"target\":[\"https:\/\/qingdaohf.com\/product\/u-shape-screw-anchor\/\"]}]},{\"@type\":\"ImageObject\",\"inLanguage\":\"ro-RO\",\"@id\":\"https:\/\/qingdaohf.com\/product\/u-shape-screw-anchor\/#primaryimage\",\"url\":\"https:\/\/qingdaohf.com\/wp-content\/uploads\/2023\/03\/U-shape-screw-anchor-1.jpg\",\"contentUrl\":\"https:\/\/qingdaohf.com\/wp-content\/uploads\/2023\/03\/U-shape-screw-anchor-1.jpg\",\"width\":1000,\"height\":1000,\"caption\":\"U shape screw anchor\"},{\"@type\":\"BreadcrumbList\",\"@id\":\"https:\/\/qingdaohf.com\/product\/u-shape-screw-anchor\/#breadcrumb\",\"itemListElement\":[{\"@type\":\"ListItem\",\"position\":1,\"name\":\"Home\",\"item\":\"https:\/\/qingdaohf.com\/\"},{\"@type\":\"ListItem\",\"position\":2,\"name\":\"Concrete Forming Accessories and Rigging Hardware\",\"item\":\"https:\/\/qingdaohf.com\/bg\/?page_id=944\"},{\"@type\":\"ListItem\",\"position\":3,\"name\":\"U Shape Screw Anchor\"}]},{\"@type\":\"WebSite\",\"@id\":\"https:\/\/qingdaohf.com\/bg\/#website\",\"url\":\"https:\/\/qingdaohf.com\/bg\/\",\"name\":\"Concrete Form & Rigging Hardware Supplier\",\"description\":\"\",\"publisher\":{\"@id\":\"https:\/\/qingdaohf.com\/bg\/#organization\"},\"potentialAction\":[{\"@type\":\"SearchAction\",\"target\":{\"@type\":\"EntryPoint\",\"urlTemplate\":\"https:\/\/qingdaohf.com\/bg\/?s={search_term_string}\"},\"query-input\":{\"@type\":\"PropertyValueSpecification\",\"valueRequired\":true,\"valueName\":\"search_term_string\"}}],\"inLanguage\":\"ro-RO\"},{\"@type\":\"Organization\",\"@id\":\"https:\/\/qingdaohf.com\/bg\/#organization\",\"name\":\"Qingdao H&F\",\"url\":\"https:\/\/qingdaohf.com\/bg\/\",\"logo\":{\"@type\":\"ImageObject\",\"inLanguage\":\"ro-RO\",\"@id\":\"https:\/\/qingdaohf.com\/bg\/#\/schema\/logo\/image\/\",\"url\":\"https:\/\/qingdaohf.com\/wp-content\/uploads\/2022\/12\/cropped-HF-LOGO.png\",\"contentUrl\":\"https:\/\/qingdaohf.com\/wp-content\/uploads\/2022\/12\/cropped-HF-LOGO.png\",\"width\":391,\"height\":249,\"caption\":\"Qingdao H&F\"},\"image\":{\"@id\":\"https:\/\/qingdaohf.com\/bg\/#\/schema\/logo\/image\/\"},\"sameAs\":[\"https:\/\/www.facebook.com\/qingdaohf\"]}]}<\/script>\n<!-- \/ Yoast SEO plugin. -->","yoast_head_json":{"title":"U Shape Screw Anchor","description":"A U shape screw anchor, also known as a ground screw, is a type of fastener designed to be used in outdoor construction projects.","robots":{"index":"index","follow":"follow","max-snippet":"max-snippet:-1","max-image-preview":"max-image-preview:large","max-video-preview":"max-video-preview:-1"},"canonical":"https:\/\/qingdaohf.com\/ro\/produs\/u-forma-surub-ancora\/","og_locale":"ro_RO","og_type":"article","og_title":"U Shape Screw Anchor","og_description":"A U shape screw anchor, also known as a ground screw, is a type of fastener designed to be used in outdoor construction projects.","og_url":"https:\/\/qingdaohf.com\/ro\/produs\/u-forma-surub-ancora\/","og_site_name":"Concrete Form &amp; Rigging Hardware Supplier","article_publisher":"https:\/\/www.facebook.com\/qingdaohf","article_modified_time":"2025-11-13T01:05:32+00:00","og_image":[{"width":1000,"height":1000,"url":"https:\/\/qingdaohf.com\/wp-content\/uploads\/2023\/03\/U-shape-screw-anchor-1.jpg","type":"image\/jpeg"}],"twitter_card":"summary_large_image","twitter_misc":{"Timp estimat pentru citire":"1 minut"},"schema":{"@context":"https:\/\/schema.org","@graph":[{"@type":"WebPage","@id":"https:\/\/qingdaohf.com\/product\/u-shape-screw-anchor\/","url":"https:\/\/qingdaohf.com\/product\/u-shape-screw-anchor\/","name":"U Shape Screw Anchor","isPartOf":{"@id":"https:\/\/qingdaohf.com\/bg\/#website"},"primaryImageOfPage":{"@id":"https:\/\/qingdaohf.com\/product\/u-shape-screw-anchor\/#primaryimage"},"image":{"@id":"https:\/\/qingdaohf.com\/product\/u-shape-screw-anchor\/#primaryimage"},"thumbnailUrl":"https:\/\/qingdaohf.com\/wp-content\/uploads\/2023\/03\/U-shape-screw-anchor-1.jpg","datePublished":"2023-03-03T09:09:36+00:00","dateModified":"2025-11-13T01:05:32+00:00","description":"A U shape screw anchor, also known as a ground screw, is a type of fastener designed to be used in outdoor construction projects.","breadcrumb":{"@id":"https:\/\/qingdaohf.com\/product\/u-shape-screw-anchor\/#breadcrumb"},"inLanguage":"ro-RO","potentialAction":[{"@type":"ReadAction","target":["https:\/\/qingdaohf.com\/product\/u-shape-screw-anchor\/"]}]},{"@type":"ImageObject","inLanguage":"ro-RO","@id":"https:\/\/qingdaohf.com\/product\/u-shape-screw-anchor\/#primaryimage","url":"https:\/\/qingdaohf.com\/wp-content\/uploads\/2023\/03\/U-shape-screw-anchor-1.jpg","contentUrl":"https:\/\/qingdaohf.com\/wp-content\/uploads\/2023\/03\/U-shape-screw-anchor-1.jpg","width":1000,"height":1000,"caption":"U shape screw anchor"},{"@type":"BreadcrumbList","@id":"https:\/\/qingdaohf.com\/product\/u-shape-screw-anchor\/#breadcrumb","itemListElement":[{"@type":"ListItem","position":1,"name":"Home","item":"https:\/\/qingdaohf.com\/"},{"@type":"ListItem","position":2,"name":"Concrete Forming Accessories and Rigging Hardware","item":"https:\/\/qingdaohf.com\/bg\/?page_id=944"},{"@type":"ListItem","position":3,"name":"U Shape Screw Anchor"}]},{"@type":"WebSite","@id":"https:\/\/qingdaohf.com\/bg\/#website","url":"https:\/\/qingdaohf.com\/bg\/","name":"Concrete Form & Rigging Hardware Supplier","description":"","publisher":{"@id":"https:\/\/qingdaohf.com\/bg\/#organization"},"potentialAction":[{"@type":"SearchAction","target":{"@type":"EntryPoint","urlTemplate":"https:\/\/qingdaohf.com\/bg\/?s={search_term_string}"},"query-input":{"@type":"PropertyValueSpecification","valueRequired":true,"valueName":"search_term_string"}}],"inLanguage":"ro-RO"},{"@type":"Organization","@id":"https:\/\/qingdaohf.com\/bg\/#organization","name":"Qingdao H&F","url":"https:\/\/qingdaohf.com\/bg\/","logo":{"@type":"ImageObject","inLanguage":"ro-RO","@id":"https:\/\/qingdaohf.com\/bg\/#\/schema\/logo\/image\/","url":"https:\/\/qingdaohf.com\/wp-content\/uploads\/2022\/12\/cropped-HF-LOGO.png","contentUrl":"https:\/\/qingdaohf.com\/wp-content\/uploads\/2022\/12\/cropped-HF-LOGO.png","width":391,"height":249,"caption":"Qingdao H&F"},"image":{"@id":"https:\/\/qingdaohf.com\/bg\/#\/schema\/logo\/image\/"},"sameAs":["https:\/\/www.facebook.com\/qingdaohf"]}]}},"_links":{"self":[{"href":"https:\/\/qingdaohf.com\/ro\/wp-json\/wp\/v2\/product\/2683","targetHints":{"allow":["GET"]}}],"collection":[{"href":"https:\/\/qingdaohf.com\/ro\/wp-json\/wp\/v2\/product"}],"about":[{"href":"https:\/\/qingdaohf.com\/ro\/wp-json\/wp\/v2\/types\/product"}],"replies":[{"embeddable":true,"href":"https:\/\/qingdaohf.com\/ro\/wp-json\/wp\/v2\/comments?post=2683"}],"version-history":[{"count":2,"href":"https:\/\/qingdaohf.com\/ro\/wp-json\/wp\/v2\/product\/2683\/revisions"}],"predecessor-version":[{"id":10442,"href":"https:\/\/qingdaohf.com\/ro\/wp-json\/wp\/v2\/product\/2683\/revisions\/10442"}],"wp:featuredmedia":[{"embeddable":true,"href":"https:\/\/qingdaohf.com\/ro\/wp-json\/wp\/v2\/media\/3451"}],"wp:attachment":[{"href":"https:\/\/qingdaohf.com\/ro\/wp-json\/wp\/v2\/media?parent=2683"}],"wp:term":[{"taxonomy":"product_brand","embeddable":true,"href":"https:\/\/qingdaohf.com\/ro\/wp-json\/wp\/v2\/product_brand?post=2683"},{"taxonomy":"product_cat","embeddable":true,"href":"https:\/\/qingdaohf.com\/ro\/wp-json\/wp\/v2\/product_cat?post=2683"},{"taxonomy":"product_tag","embeddable":true,"href":"https:\/\/qingdaohf.com\/ro\/wp-json\/wp\/v2\/product_tag?post=2683"}],"curies":[{"name":"wp","href":"https:\/\/api.w.org\/{rel}","templated":true}]}}